{"id":9455,"date":"2021-04-18T00:31:11","date_gmt":"2021-04-18T00:31:11","guid":{"rendered":"https:\/\/bewehrungstechnik.ch\/ueber-uns\/"},"modified":"2025-10-28T15:19:46","modified_gmt":"2025-10-28T15:19:46","slug":"ueber-uns","status":"publish","type":"page","link":"https:\/\/bewehrungstechnik.ch\/de-de\/ueber-uns\/","title":{"rendered":"\u00dcber uns"},"content":{"rendered":"\n      <h1 id=\"block_12c62b690b88fb26628f05a25548504d\" class=\"c-title mt-0 mb-6 lg:mb-17 alignwidetext-left l-block\"  >\n  \n  \u00dcber uns<\/h1>\n\n\n<p class=\"has-heading-2-font-size\"><strong><mark style=\"background-color:rgba(0, 0, 0, 0)\" class=\"has-inline-color has-black-color\">Bewehrungstechnik \u00abMade in Switzerland\u00bb<\/mark><\/strong><\/p>\n\n\n\n      <div id=\"block_b96cc23225403393fbf51d161e07cbb6\" class=\"deac-block-image-text mb-10 md:mb-19 lg:mb-28 alignwide l-block\"  >\n  \n  <div class=\"md:grid md:grid-cols-2 md:gap-6 lg:gap-16 xl:gap-24 space-y-6 md:space-y-0\">\n\t\t\t<div class=\"flex-1 md:order-last\">\n\t\t\t<img loading=\"lazy\" decoding=\"async\" width=\"460\" height=\"283\" src=\"https:\/\/bewehrungstechnik.ch\/wp-content\/uploads\/2021\/05\/bewehrungsstahl-schraubverbindungen-bartec-taminabruecke_text_image_1024-e1759216029791.jpg\" class=\"w-full object-cover object-center \" alt=\"\" srcset=\"https:\/\/bewehrungstechnik.ch\/wp-content\/uploads\/2021\/05\/bewehrungsstahl-schraubverbindungen-bartec-taminabruecke_text_image_1024-e1759216029791.jpg 460w, https:\/\/bewehrungstechnik.ch\/wp-content\/uploads\/2021\/05\/bewehrungsstahl-schraubverbindungen-bartec-taminabruecke_text_image_1024-e1759216029791-300x185.jpg 300w, https:\/\/bewehrungstechnik.ch\/wp-content\/uploads\/2021\/05\/bewehrungsstahl-schraubverbindungen-bartec-taminabruecke_text_image_1024-e1759216029791-436x268.jpg 436w\" sizes=\"auto, (max-width: 460px) 100vw, 460px\" \/>\t\t\t\t\t\t\t<div class=\"mt-2 text-15\">\n\t\t\t\t\t<p>Taminabr\u00fccke: Unser BARTEC\u00ae-DYN-Schraubmuffensystem f\u00fcr dynamische Einwirkungen sichert die dichte und durchgehende Bewehrung.<\/p>\n<p><a href=\"https:\/\/bewehrungstechnik.ch\/de-de\/taminabrucke-valens-pfafers\/\">Zur Baureportage \u203a<\/a><\/p>\n<p>&nbsp;<\/p>\n\t\t\t\t<\/div>\n\t\t\t\t\t<\/div>\n\t\t<div class=\"flex-1 self-start\">\n\t\t\n\n<p>Die Schweiz steht f\u00fcr Qualit\u00e4t, Pr\u00e4zision, Verl\u00e4sslichkeit und einen hohen Servicestandard. Diesen Anspruch stellen wir an uns als Partner f\u00fcr Bewehrungstechnik. Als etabliertes Schweizer Unternehmen bringen wir \u00fcber 25 Jahre Erfahrung mit und setzen auf langfristige Partnerschaften.<\/p>\n\n\n\n<h2 class=\"wp-block-heading has-heading-4-font-size\"><strong>Produziert in der Schweiz<\/strong><\/h2>\n\n\n\n<p>Unsere hochwertigen Bewehrungstechnikprodukte entwickeln und produzieren wir an unserem Hauptsitz in Regensdorf (Z\u00fcrich). \u00abMade in Switzerland\u00bb garantiert h\u00f6chste Materialqualit\u00e4t, Pr\u00e4zision in der Verarbeitung, rasche Verf\u00fcgbarkeit und zuverl\u00e4ssige Lieferungen. Nicht zuletzt gew\u00e4hrleisten unsere Produkte wartungsfreie Bauten und dadurch minimale Lebenszykluskosten.<\/p>\n\n\t<\/div>\n<\/div>\n<\/div>\n\n\n      <div id=\"block_07ef62cd38e9598bff757d4587979ff8\" class=\"deac-block-image-text mb-10 md:mb-19 lg:mb-28 alignwide l-block\"  >\n  \n  <div class=\"md:grid md:grid-cols-2 md:gap-6 lg:gap-16 xl:gap-24 space-y-6 md:space-y-0\">\n\t\t\t<div class=\"flex-1 md:order-last\">\n\t\t\t<img loading=\"lazy\" decoding=\"async\" width=\"2560\" height=\"1438\" src=\"https:\/\/bewehrungstechnik.ch\/wp-content\/uploads\/2022\/01\/DJI_0011-scaled.jpg\" class=\"w-full object-cover object-left-top h-72 md:h-80 lg:h-90\" alt=\"\" srcset=\"https:\/\/bewehrungstechnik.ch\/wp-content\/uploads\/2022\/01\/DJI_0011-scaled.jpg 2560w, https:\/\/bewehrungstechnik.ch\/wp-content\/uploads\/2022\/01\/DJI_0011-300x169.jpg 300w, https:\/\/bewehrungstechnik.ch\/wp-content\/uploads\/2022\/01\/DJI_0011-1024x575.jpg 1024w, https:\/\/bewehrungstechnik.ch\/wp-content\/uploads\/2022\/01\/DJI_0011-768x431.jpg 768w, https:\/\/bewehrungstechnik.ch\/wp-content\/uploads\/2022\/01\/DJI_0011-1536x863.jpg 1536w, https:\/\/bewehrungstechnik.ch\/wp-content\/uploads\/2022\/01\/DJI_0011-2048x1151.jpg 2048w, https:\/\/bewehrungstechnik.ch\/wp-content\/uploads\/2022\/01\/DJI_0011-436x245.jpg 436w, https:\/\/bewehrungstechnik.ch\/wp-content\/uploads\/2022\/01\/DJI_0011-550x309.jpg 550w\" sizes=\"auto, (max-width: 2560px) 100vw, 2560px\" \/>\t\t\t\t\t\t\t<div class=\"mt-2 text-15\">\n\t\t\t\t\t<p>Neuwagenaufbereitungscenter Emil Frey: Querkraft\u00fcbertragende Bewehrungsanschl\u00fcsse PYRATOP\u00ae, PYRABAR\u00ae und PYRAPAN\u00ae sorgen f\u00fcr den korrekten Kr\u00e4ftefluss und mehr Effizienz auf der Baustelle. Bild: W\u00e4lchli &amp; Partner AG<\/p>\n<p><a href=\"https:\/\/bewehrungstechnik.ch\/de-de\/neuwagenaufbereitungscenter-emil-frey-safenwil\/\">Zur Baureportage \u203a<\/a><\/p>\n\t\t\t\t<\/div>\n\t\t\t\t\t<\/div>\n\t\t<div class=\"flex-1 self-start\">\n\t\t\n\n<h2 class=\"wp-block-heading has-heading-4-font-size\"><strong>Unsere Bewehrungstechnik erf\u00fcllt deutsche Normen<\/strong><\/h2>\n\n\n\n<p>Mit dem deutschen Markt sind wir vertraut: Unser Angebot erf\u00fcllt die rechtlichen Rahmenbedingungen und die technischen Normen Deutschlands. Als Unternehmen mit deutschem Mutterkonzern verstehen wir auch die Lieferprozesse und die Bed\u00fcrfnisse deutscher Kundinnen und Kunden.<\/p>\n\n\n\n<h2 class=\"wp-block-heading has-heading-4-font-size\"><strong>Technische Expertise von Ingenieuren<\/strong><\/h2>\n\n\n\n<p>Die langj\u00e4hrige Erfahrung kombinieren unsere Ingenieure mit ausgewiesener technischer Expertise. Das Resultat sind anspruchsvolle Anwendungen von Bewehrungstechnik und objektspezifische Sonderl\u00f6sungen: Je nach Bedarf individualisieren wir unsere Produkte f\u00fcr Ihr Bauprojekt. Mit unserem Ingenieurwissen stehen wir Ihnen zudem beratend zur Seite und sind qualifiziert f\u00fcr Grossprojekte, wie unsere Referenzen verdeutlichen.<\/p>\n\n\t<\/div>\n<\/div>\n<\/div>\n\n\n      <div id=\"block_593df737ea95a1df4a26d07f2f5d276f\" class=\"deac-block-image-text mb-10 md:mb-19 lg:mb-28 alignwide l-block\"  >\n  \n  <div class=\"md:grid md:grid-cols-2 md:gap-6 lg:gap-16 xl:gap-24 space-y-6 md:space-y-0\">\n\t\t\t<div class=\"flex-1 md:order-last\">\n\t\t\t<img loading=\"lazy\" decoding=\"async\" width=\"2560\" height=\"1440\" src=\"https:\/\/bewehrungstechnik.ch\/wp-content\/uploads\/NEUBAU1-scaled.jpg\" class=\"w-full object-cover object-center h-72 md:h-80 lg:h-90\" alt=\"\" srcset=\"https:\/\/bewehrungstechnik.ch\/wp-content\/uploads\/NEUBAU1-scaled.jpg 2560w, https:\/\/bewehrungstechnik.ch\/wp-content\/uploads\/NEUBAU1-300x169.jpg 300w, https:\/\/bewehrungstechnik.ch\/wp-content\/uploads\/NEUBAU1-1024x576.jpg 1024w, https:\/\/bewehrungstechnik.ch\/wp-content\/uploads\/NEUBAU1-768x432.jpg 768w, https:\/\/bewehrungstechnik.ch\/wp-content\/uploads\/NEUBAU1-1536x864.jpg 1536w, https:\/\/bewehrungstechnik.ch\/wp-content\/uploads\/NEUBAU1-2048x1152.jpg 2048w, https:\/\/bewehrungstechnik.ch\/wp-content\/uploads\/NEUBAU1-436x245.jpg 436w, https:\/\/bewehrungstechnik.ch\/wp-content\/uploads\/NEUBAU1-550x309.jpg 550w\" sizes=\"auto, (max-width: 2560px) 100vw, 2560px\" \/>\t\t\t\t\t\t\t<div class=\"mt-2 text-15\">\n\t\t\t\t\t<p>Kehrichtverwertungsanlage KEBAG Enova: Wir erstellten digitale Bauteilkataloge f\u00fcr h\u00f6herfesten Bewehrungsstahl Top700 und BARTEC\u00ae-Schraubverbindungen.<\/p>\n<p><a href=\"https:\/\/bewehrungstechnik.ch\/de-de\/bim2field-neubau-kebag-enova-in-zuchwil\/\">Zur Baureportage \u203a<\/a><\/p>\n\t\t\t\t<\/div>\n\t\t\t\t\t<\/div>\n\t\t<div class=\"flex-1 self-start\">\n\t\t\n\n<h2 class=\"wp-block-heading has-heading-4-font-size\"><strong>Ingenieurskompetenz in der Praxis<\/strong><\/h2>\n\n\n\n<p>Die hier gezeigten Projekte sind nur einige von vielen, bei denen wir unsere Ingenieurskompetenz bewiesen haben. Sie bedeutet zum einen zuverl\u00e4ssige Bauten, zum anderen aber auch Zeitersparnis und neue L\u00f6sungsans\u00e4tze f\u00fcr unsere Kundschaft.<\/p>\n\n\n\n<p><strong>Claudio Stadelmann, Polier, Brun Bau AG<\/strong><br>\u00abIch war begeistert, wie viel schneller wir vorankamen dank der BARTEC\u00ae-Verankerungsplatten.\u00bb<\/p>\n\n\n\n<p><strong>Daniel Schnyder, Bauf\u00fchrer, Implenia Schweiz AG<\/strong><br>\u00abDer Vorteil des Produkts gegen\u00fcber anderen Anschl\u00fcssen gleicher Art ist, dass man PYRATOP\u00ae-Bewehrungsanschl\u00fcsse sowohl vertikal als auch horizontal versetzen kann.\u00bb<\/p>\n\n\t<\/div>\n<\/div>\n<\/div>\n\n\n<div class=\"wp-block-columns is-layout-flex wp-container-core-columns-is-layout-9d6595d7 wp-block-columns-is-layout-flex\">\n<div class=\"wp-block-column is-layout-flow wp-block-column-is-layout-flow\">\n<figure class=\"wp-block-image size-large is-resized\"><img loading=\"lazy\" decoding=\"async\" width=\"1024\" height=\"805\" src=\"https:\/\/bewehrungstechnik.ch\/wp-content\/uploads\/tiergarten-wohnhaus-acinoxplus-kragplattenanschluesse-ansicht-1024x805.jpg\" alt=\"\" class=\"wp-image-10315\" style=\"width:553px;height:auto\" srcset=\"https:\/\/bewehrungstechnik.ch\/wp-content\/uploads\/tiergarten-wohnhaus-acinoxplus-kragplattenanschluesse-ansicht-1024x805.jpg 1024w, https:\/\/bewehrungstechnik.ch\/wp-content\/uploads\/tiergarten-wohnhaus-acinoxplus-kragplattenanschluesse-ansicht-300x236.jpg 300w, https:\/\/bewehrungstechnik.ch\/wp-content\/uploads\/tiergarten-wohnhaus-acinoxplus-kragplattenanschluesse-ansicht-768x604.jpg 768w, https:\/\/bewehrungstechnik.ch\/wp-content\/uploads\/tiergarten-wohnhaus-acinoxplus-kragplattenanschluesse-ansicht-1536x1207.jpg 1536w, https:\/\/bewehrungstechnik.ch\/wp-content\/uploads\/tiergarten-wohnhaus-acinoxplus-kragplattenanschluesse-ansicht-2048x1610.jpg 2048w, https:\/\/bewehrungstechnik.ch\/wp-content\/uploads\/tiergarten-wohnhaus-acinoxplus-kragplattenanschluesse-ansicht-436x343.jpg 436w, https:\/\/bewehrungstechnik.ch\/wp-content\/uploads\/tiergarten-wohnhaus-acinoxplus-kragplattenanschluesse-ansicht-550x432.jpg 550w\" sizes=\"auto, (max-width: 1024px) 100vw, 1024px\" \/><figcaption class=\"wp-element-caption\">Vom Laborgeb\u00e4ude zum Wohnhaus: ACINOXplus\u00ae-Kragplattenanschl\u00fcsse halten die nachtr\u00e4glich angeh\u00e4ngten Balkone.<br><br><a href=\"https:\/\/bewehrungstechnik.ch\/de-de\/tiergarten-wohnhaus-acinoxplus-kragplattenanschluesse\/\">Zur Baureportage \u203a<\/a><\/figcaption><\/figure>\n<\/div>\n\n\n\n<div class=\"wp-block-column is-layout-flow wp-block-column-is-layout-flow\">\n<figure class=\"wp-block-image size-large\"><img loading=\"lazy\" decoding=\"async\" width=\"1024\" height=\"683\" src=\"https:\/\/bewehrungstechnik.ch\/wp-content\/uploads\/DSC05521-1-1024x683.jpg\" alt=\"\" class=\"wp-image-10258\" srcset=\"https:\/\/bewehrungstechnik.ch\/wp-content\/uploads\/DSC05521-1-1024x683.jpg 1024w, https:\/\/bewehrungstechnik.ch\/wp-content\/uploads\/DSC05521-1-300x200.jpg 300w, https:\/\/bewehrungstechnik.ch\/wp-content\/uploads\/DSC05521-1-768x512.jpg 768w, https:\/\/bewehrungstechnik.ch\/wp-content\/uploads\/DSC05521-1-1536x1024.jpg 1536w, https:\/\/bewehrungstechnik.ch\/wp-content\/uploads\/DSC05521-1-2048x1365.jpg 2048w, https:\/\/bewehrungstechnik.ch\/wp-content\/uploads\/DSC05521-1-436x291.jpg 436w, https:\/\/bewehrungstechnik.ch\/wp-content\/uploads\/DSC05521-1-550x367.jpg 550w\" sizes=\"auto, (max-width: 1024px) 100vw, 1024px\" \/><figcaption class=\"wp-element-caption\">Gibelfeldbr\u00fccke: BARTEC\u00ae-Verankerungsplatten reduzieren die Verankerungsl\u00e4nge und gew\u00e4hrleisten die exakte Ausrichtung der Bewehrungseisen.<br><br><a href=\"https:\/\/bewehrungstechnik.ch\/de-de\/bartec-massgeschneiderte-verankerungsplatten\/\">Zur Baureportage \u203a<\/a><\/figcaption><\/figure>\n<\/div>\n<\/div>\n","protected":false},"excerpt":{"rendered":"<p>Bewehrungstechnik \u00abMade in Switzerland\u00bb<\/p>\n","protected":false},"author":1,"featured_media":0,"parent":0,"menu_order":0,"comment_status":"closed","ping_status":"closed","template":"","meta":{"_acf_changed":false,"footnotes":""},"class_list":["post-9455","page","type-page","status-publish",""],"acf":[],"yoast_head":"<!-- This site is optimized with the Yoast SEO plugin v27.4 - https:\/\/yoast.com\/product\/yoast-seo-wordpress\/ -->\n<title>Bewehrungstechnik - \u00dcber uns | Debrunner Bewehrungstechnik<\/title>\n<meta name=\"description\" content=\"Debrunner Bewehrungstechnik: leistungsstark und vielseitig. Unsere hochwertigen Bewehrungstechnikprodukte werden in der Schweiz entwickelt und produziert.\" \/>\n<meta name=\"robots\" content=\"index, follow, max-snippet:-1, max-image-preview:large, max-video-preview:-1\" \/>\n<link rel=\"canonical\" href=\"https:\/\/bewehrungstechnik.ch\/de-de\/ueber-uns\/\" \/>\n<meta property=\"og:locale\" content=\"de_DE\" \/>\n<meta property=\"og:type\" content=\"article\" \/>\n<meta property=\"og:title\" content=\"Bewehrungstechnik - \u00dcber uns | Debrunner Bewehrungstechnik\" \/>\n<meta property=\"og:description\" content=\"Debrunner Bewehrungstechnik: leistungsstark und vielseitig. Unsere hochwertigen Bewehrungstechnikprodukte werden in der Schweiz entwickelt und produziert.\" \/>\n<meta property=\"og:url\" content=\"https:\/\/bewehrungstechnik.ch\/de-de\/ueber-uns\/\" \/>\n<meta property=\"og:site_name\" content=\"Bewehrungstechnik\" \/>\n<meta property=\"article:modified_time\" content=\"2025-10-28T15:19:46+00:00\" \/>\n<meta property=\"og:image\" content=\"https:\/\/bewehrungstechnik.ch\/wp-content\/uploads\/tiergarten-wohnhaus-acinoxplus-kragplattenanschluesse-ansicht-1024x805.jpg\" \/>\n<meta name=\"twitter:card\" content=\"summary_large_image\" \/>\n<script type=\"application\/ld+json\" class=\"yoast-schema-graph\">{\"@context\":\"https:\\\/\\\/schema.org\",\"@graph\":[{\"@type\":\"WebPage\",\"@id\":\"https:\\\/\\\/bewehrungstechnik.ch\\\/de-de\\\/ueber-uns\\\/\",\"url\":\"https:\\\/\\\/bewehrungstechnik.ch\\\/de-de\\\/ueber-uns\\\/\",\"name\":\"Bewehrungstechnik - \u00dcber uns | Debrunner Bewehrungstechnik\",\"isPartOf\":{\"@id\":\"https:\\\/\\\/bewehrungstechnik.ch\\\/de-de\\\/#website\"},\"primaryImageOfPage\":{\"@id\":\"https:\\\/\\\/bewehrungstechnik.ch\\\/de-de\\\/ueber-uns\\\/#primaryimage\"},\"image\":{\"@id\":\"https:\\\/\\\/bewehrungstechnik.ch\\\/de-de\\\/ueber-uns\\\/#primaryimage\"},\"thumbnailUrl\":\"https:\\\/\\\/bewehrungstechnik.ch\\\/wp-content\\\/uploads\\\/tiergarten-wohnhaus-acinoxplus-kragplattenanschluesse-ansicht-1024x805.jpg\",\"datePublished\":\"2021-04-18T00:31:11+00:00\",\"dateModified\":\"2025-10-28T15:19:46+00:00\",\"description\":\"Debrunner Bewehrungstechnik: leistungsstark und vielseitig. Unsere hochwertigen Bewehrungstechnikprodukte werden in der Schweiz entwickelt und produziert.\",\"breadcrumb\":{\"@id\":\"https:\\\/\\\/bewehrungstechnik.ch\\\/de-de\\\/ueber-uns\\\/#breadcrumb\"},\"inLanguage\":\"de\",\"potentialAction\":[{\"@type\":\"ReadAction\",\"target\":[\"https:\\\/\\\/bewehrungstechnik.ch\\\/de-de\\\/ueber-uns\\\/\"]}]},{\"@type\":\"ImageObject\",\"inLanguage\":\"de\",\"@id\":\"https:\\\/\\\/bewehrungstechnik.ch\\\/de-de\\\/ueber-uns\\\/#primaryimage\",\"url\":\"https:\\\/\\\/bewehrungstechnik.ch\\\/wp-content\\\/uploads\\\/tiergarten-wohnhaus-acinoxplus-kragplattenanschluesse-ansicht-1024x805.jpg\",\"contentUrl\":\"https:\\\/\\\/bewehrungstechnik.ch\\\/wp-content\\\/uploads\\\/tiergarten-wohnhaus-acinoxplus-kragplattenanschluesse-ansicht-1024x805.jpg\"},{\"@type\":\"BreadcrumbList\",\"@id\":\"https:\\\/\\\/bewehrungstechnik.ch\\\/de-de\\\/ueber-uns\\\/#breadcrumb\",\"itemListElement\":[{\"@type\":\"ListItem\",\"position\":1,\"name\":\"Home\",\"item\":\"https:\\\/\\\/bewehrungstechnik.ch\\\/de-de\\\/\"},{\"@type\":\"ListItem\",\"position\":2,\"name\":\"\u00dcber uns\"}]},{\"@type\":\"WebSite\",\"@id\":\"https:\\\/\\\/bewehrungstechnik.ch\\\/de-de\\\/#website\",\"url\":\"https:\\\/\\\/bewehrungstechnik.ch\\\/de-de\\\/\",\"name\":\"Bewehrungstechnik\",\"description\":\"Just another WordPress site\",\"publisher\":{\"@id\":\"https:\\\/\\\/bewehrungstechnik.ch\\\/de-de\\\/#organization\"},\"potentialAction\":[{\"@type\":\"SearchAction\",\"target\":{\"@type\":\"EntryPoint\",\"urlTemplate\":\"https:\\\/\\\/bewehrungstechnik.ch\\\/de-de\\\/?s={search_term_string}\"},\"query-input\":{\"@type\":\"PropertyValueSpecification\",\"valueRequired\":true,\"valueName\":\"search_term_string\"}}],\"inLanguage\":\"de\"},{\"@type\":\"Organization\",\"@id\":\"https:\\\/\\\/bewehrungstechnik.ch\\\/de-de\\\/#organization\",\"name\":\"Bewehrungstechnik\",\"url\":\"https:\\\/\\\/bewehrungstechnik.ch\\\/de-de\\\/\",\"logo\":{\"@type\":\"ImageObject\",\"inLanguage\":\"de\",\"@id\":\"https:\\\/\\\/bewehrungstechnik.ch\\\/de-de\\\/#\\\/schema\\\/logo\\\/image\\\/\",\"url\":\"https:\\\/\\\/bewehrungstechnik.ch\\\/wp-content\\\/uploads\\\/2021\\\/03\\\/logo.svg\",\"contentUrl\":\"https:\\\/\\\/bewehrungstechnik.ch\\\/wp-content\\\/uploads\\\/2021\\\/03\\\/logo.svg\",\"width\":436,\"height\":436,\"caption\":\"Bewehrungstechnik\"},\"image\":{\"@id\":\"https:\\\/\\\/bewehrungstechnik.ch\\\/de-de\\\/#\\\/schema\\\/logo\\\/image\\\/\"}}]}<\/script>\n<!-- \/ Yoast SEO plugin. -->","yoast_head_json":{"title":"Bewehrungstechnik - \u00dcber uns | Debrunner Bewehrungstechnik","description":"Debrunner Bewehrungstechnik: leistungsstark und vielseitig. Unsere hochwertigen Bewehrungstechnikprodukte werden in der Schweiz entwickelt und produziert.","robots":{"index":"index","follow":"follow","max-snippet":"max-snippet:-1","max-image-preview":"max-image-preview:large","max-video-preview":"max-video-preview:-1"},"canonical":"https:\/\/bewehrungstechnik.ch\/de-de\/ueber-uns\/","og_locale":"de_DE","og_type":"article","og_title":"Bewehrungstechnik - \u00dcber uns | Debrunner Bewehrungstechnik","og_description":"Debrunner Bewehrungstechnik: leistungsstark und vielseitig. Unsere hochwertigen Bewehrungstechnikprodukte werden in der Schweiz entwickelt und produziert.","og_url":"https:\/\/bewehrungstechnik.ch\/de-de\/ueber-uns\/","og_site_name":"Bewehrungstechnik","article_modified_time":"2025-10-28T15:19:46+00:00","og_image":[{"url":"https:\/\/bewehrungstechnik.ch\/wp-content\/uploads\/tiergarten-wohnhaus-acinoxplus-kragplattenanschluesse-ansicht-1024x805.jpg","type":"","width":"","height":""}],"twitter_card":"summary_large_image","schema":{"@context":"https:\/\/schema.org","@graph":[{"@type":"WebPage","@id":"https:\/\/bewehrungstechnik.ch\/de-de\/ueber-uns\/","url":"https:\/\/bewehrungstechnik.ch\/de-de\/ueber-uns\/","name":"Bewehrungstechnik - \u00dcber uns | Debrunner Bewehrungstechnik","isPartOf":{"@id":"https:\/\/bewehrungstechnik.ch\/de-de\/#website"},"primaryImageOfPage":{"@id":"https:\/\/bewehrungstechnik.ch\/de-de\/ueber-uns\/#primaryimage"},"image":{"@id":"https:\/\/bewehrungstechnik.ch\/de-de\/ueber-uns\/#primaryimage"},"thumbnailUrl":"https:\/\/bewehrungstechnik.ch\/wp-content\/uploads\/tiergarten-wohnhaus-acinoxplus-kragplattenanschluesse-ansicht-1024x805.jpg","datePublished":"2021-04-18T00:31:11+00:00","dateModified":"2025-10-28T15:19:46+00:00","description":"Debrunner Bewehrungstechnik: leistungsstark und vielseitig. Unsere hochwertigen Bewehrungstechnikprodukte werden in der Schweiz entwickelt und produziert.","breadcrumb":{"@id":"https:\/\/bewehrungstechnik.ch\/de-de\/ueber-uns\/#breadcrumb"},"inLanguage":"de","potentialAction":[{"@type":"ReadAction","target":["https:\/\/bewehrungstechnik.ch\/de-de\/ueber-uns\/"]}]},{"@type":"ImageObject","inLanguage":"de","@id":"https:\/\/bewehrungstechnik.ch\/de-de\/ueber-uns\/#primaryimage","url":"https:\/\/bewehrungstechnik.ch\/wp-content\/uploads\/tiergarten-wohnhaus-acinoxplus-kragplattenanschluesse-ansicht-1024x805.jpg","contentUrl":"https:\/\/bewehrungstechnik.ch\/wp-content\/uploads\/tiergarten-wohnhaus-acinoxplus-kragplattenanschluesse-ansicht-1024x805.jpg"},{"@type":"BreadcrumbList","@id":"https:\/\/bewehrungstechnik.ch\/de-de\/ueber-uns\/#breadcrumb","itemListElement":[{"@type":"ListItem","position":1,"name":"Home","item":"https:\/\/bewehrungstechnik.ch\/de-de\/"},{"@type":"ListItem","position":2,"name":"\u00dcber uns"}]},{"@type":"WebSite","@id":"https:\/\/bewehrungstechnik.ch\/de-de\/#website","url":"https:\/\/bewehrungstechnik.ch\/de-de\/","name":"Bewehrungstechnik","description":"Just another WordPress site","publisher":{"@id":"https:\/\/bewehrungstechnik.ch\/de-de\/#organization"},"potentialAction":[{"@type":"SearchAction","target":{"@type":"EntryPoint","urlTemplate":"https:\/\/bewehrungstechnik.ch\/de-de\/?s={search_term_string}"},"query-input":{"@type":"PropertyValueSpecification","valueRequired":true,"valueName":"search_term_string"}}],"inLanguage":"de"},{"@type":"Organization","@id":"https:\/\/bewehrungstechnik.ch\/de-de\/#organization","name":"Bewehrungstechnik","url":"https:\/\/bewehrungstechnik.ch\/de-de\/","logo":{"@type":"ImageObject","inLanguage":"de","@id":"https:\/\/bewehrungstechnik.ch\/de-de\/#\/schema\/logo\/image\/","url":"https:\/\/bewehrungstechnik.ch\/wp-content\/uploads\/2021\/03\/logo.svg","contentUrl":"https:\/\/bewehrungstechnik.ch\/wp-content\/uploads\/2021\/03\/logo.svg","width":436,"height":436,"caption":"Bewehrungstechnik"},"image":{"@id":"https:\/\/bewehrungstechnik.ch\/de-de\/#\/schema\/logo\/image\/"}}]}},"_links":{"self":[{"href":"https:\/\/bewehrungstechnik.ch\/de-de\/wp-json\/wp\/v2\/pages\/9455","targetHints":{"allow":["GET"]}}],"collection":[{"href":"https:\/\/bewehrungstechnik.ch\/de-de\/wp-json\/wp\/v2\/pages"}],"about":[{"href":"https:\/\/bewehrungstechnik.ch\/de-de\/wp-json\/wp\/v2\/types\/page"}],"author":[{"embeddable":true,"href":"https:\/\/bewehrungstechnik.ch\/de-de\/wp-json\/wp\/v2\/users\/1"}],"replies":[{"embeddable":true,"href":"https:\/\/bewehrungstechnik.ch\/de-de\/wp-json\/wp\/v2\/comments?post=9455"}],"version-history":[{"count":15,"href":"https:\/\/bewehrungstechnik.ch\/de-de\/wp-json\/wp\/v2\/pages\/9455\/revisions"}],"predecessor-version":[{"id":11212,"href":"https:\/\/bewehrungstechnik.ch\/de-de\/wp-json\/wp\/v2\/pages\/9455\/revisions\/11212"}],"wp:attachment":[{"href":"https:\/\/bewehrungstechnik.ch\/de-de\/wp-json\/wp\/v2\/media?parent=9455"}],"curies":[{"name":"wp","href":"https:\/\/api.w.org\/{rel}","templated":true}]}}