{"id":9481,"date":"2025-03-10T10:28:33","date_gmt":"2025-03-10T10:28:33","guid":{"rendered":"https:\/\/bewehrungstechnik.ch\/?page_id=9481"},"modified":"2025-03-10T10:28:34","modified_gmt":"2025-03-10T10:28:34","slug":"acinoxplus-spezial-anwendungen","status":"publish","type":"page","link":"https:\/\/bewehrungstechnik.ch\/de-de\/acinoxplus-spezial-anwendungen\/","title":{"rendered":"ACINOXplus\u00ae Spezial-Anwendungen"},"content":{"rendered":"\n      <p id=\"block_67f77363a79417256d674388d5db915a\" class=\"c-title mt-0 mb-6 lg:mb-17 alignwidetext-left l-block\"  >\n  \n  ACINOXplus\u00ae Spezial-Anwendungen<\/p>\n\n\n      <div id=\"block_82b6389b2bf2e29434f560bdfd2a3685\" class=\"deac-highlight-box mb-10 md:mb-19 lg:mb-28 alignwide l-block\"  >\n  \n  <div class=\"md:flow-root\">\n\t<div class=\"highlight-box-slider md:bg-faded-coils md:bg-cover md:mb-6 lg:mb-7 md:grid md:grid-cols-2 md:gap-6 lg:gap-16 xl:gap-24 md:min-h-136\">\n\t\t<div class=\"relative md:order-2 md:h-full  md:pr-6 lg:pr-9  md:py-10 lg:py-14 \">\n\t\t\t\t\t\t\t\t\t\t<div class=\"left-0 right-0 -mx-4 md:absolute  md:top-10 lg:top-14 md:h-full  border-b-6 md:border-0 border-primary h-72  sm:-mx-6 md:mx-0 overflow-hidden max-h-full\">\n\t\t\t\t\t<img loading=\"lazy\" decoding=\"async\" width=\"1024\" height=\"793\" src=\"https:\/\/bewehrungstechnik.ch\/wp-content\/uploads\/Spezial_Doku_Titelbild2024_05-scaled-e1733126500435-1024x793.jpg\" class=\"block w-full h-full object-cover md:absolute\" alt=\"\" srcset=\"https:\/\/bewehrungstechnik.ch\/wp-content\/uploads\/Spezial_Doku_Titelbild2024_05-scaled-e1733126500435-1024x793.jpg 1024w, https:\/\/bewehrungstechnik.ch\/wp-content\/uploads\/Spezial_Doku_Titelbild2024_05-scaled-e1733126500435-300x232.jpg 300w, https:\/\/bewehrungstechnik.ch\/wp-content\/uploads\/Spezial_Doku_Titelbild2024_05-scaled-e1733126500435-768x595.jpg 768w, https:\/\/bewehrungstechnik.ch\/wp-content\/uploads\/Spezial_Doku_Titelbild2024_05-scaled-e1733126500435-1536x1189.jpg 1536w, https:\/\/bewehrungstechnik.ch\/wp-content\/uploads\/Spezial_Doku_Titelbild2024_05-scaled-e1733126500435-2048x1586.jpg 2048w, https:\/\/bewehrungstechnik.ch\/wp-content\/uploads\/Spezial_Doku_Titelbild2024_05-scaled-e1733126500435-436x338.jpg 436w, https:\/\/bewehrungstechnik.ch\/wp-content\/uploads\/Spezial_Doku_Titelbild2024_05-scaled-e1733126500435-550x426.jpg 550w\" sizes=\"auto, (max-width: 1024px) 100vw, 1024px\" \/>\t\t\t\t\t\t\t\t\t\t\t<a class=\"absolute inset-0 flex items-center justify-center transition-all duration-300 js-lightbox group hover:no-underline opacity-60 hover:opacity-100\" href=\"https:\/\/www.youtube.com\/watch?v=yEhYJstnEio\">\n\t\t\t\t\t\t\t<span class=\"flex items-center justify-center transition-colors w-21 lg:w-26 h-21 lg:h-26 bg-primary group-hover:bg-red-cardinal\">\n\t\t\t\t\t\t\t\t<i class=\"text-white c-icon c-icon--play text-35 lg:text-44\"><\/i>\n\t\t\t\t\t\t\t<\/span>\n\t\t\t\t\t\t<\/a>\n\t\t\t\t\t\t\t\t\t<\/div>\n\t\t\t\t\t\t\t\t<\/div>\n\t\t<div class=\"relative py-6 bg-white md:order-1 md:bg-transparent sm:py-7 md:py-10 lg:py-14 md:px-6 lg:px-9\">\n\t\t\t<div class=\"absolute bottom-0 md:hidden -inset-x-4 sm:-inset-x-6 top-15 bg-gradient-to-b from-white to-gray-light\"><\/div>\n\t\t\t\t\t\t\t\t\t\t<div class=\"relative text-18 lg:text-32 leading-tight font-bold lg:font-semibold text-black mb-3.5 lg:mb-6\">\n\t\t\t\t\tErweitertes Sortiment f\u00fcr spezielle Anwendungsf\u00e4lle\t\t\t\t<\/div>\n\t\t\t\t\t\t\t\t\t\t<div class=\"relative text-primary lg:text-18 font-bold leading-snug mb-4.5 lg:mb-6\">\n\t\t\t\t\tF\u00fcr jede Sanierungs- und Umbauanforderung eine passende Anschlussl\u00f6sung.\t\t\t\t<\/div>\n\t\t\t\t\t\t\t\t\t\t<div class=\"relative text-black\">\n\t\t\t\t\t<ul class=\"font-bold\">\n<li class=\"leading-snug text-15 before:bottom-0\">Neu entwickelte Kragplattenanschl\u00fcsse f\u00fcr den nachtr\u00e4glichen Anbau von Balkonen an bestehende Decken<\/li>\n<li class=\"leading-snug text-15 before:bottom-0\"><span style=\"letter-spacing: 0.01875rem;\">Flexible Stahlbauanschl\u00fcsse in verschiedenen H\u00f6hen zur Aufnahme unterschiedlicher Stahlbau-Konstruktionen, wie z.B. Balkone oder Fassaden<\/span><\/li>\n<li class=\"leading-snug text-15 before:bottom-0\"><span style=\"letter-spacing: 0.01875rem;\">Das statische System wurde durch umfangreiche Versuche best\u00e4tigt<\/span><\/li>\n<li class=\"leading-snug text-15 before:bottom-0\">Iso-zertifizierte Schweizer Produktion und Engineering f\u00fcr Qualit\u00e4t und Pr\u00e4zision<\/li>\n<li class=\"leading-snug text-15 before:bottom-0\">Hohe Korrosionsbest\u00e4ndigkeit f\u00fcr langlebige und zuverl\u00e4ssige L\u00f6sungen<\/li>\n<\/ul>\n\t\t\t\t<\/div>\n\t\t\t\t\t\t\t\t\t\t\t<\/div>\n\t<\/div>\n<\/div><\/div>\n\n\n<div class=\"wp-block-columns is-layout-flex wp-container-core-columns-is-layout-9d6595d7 wp-block-columns-is-layout-flex\">\n<div class=\"wp-block-column is-layout-flow wp-block-column-is-layout-flow\">\n<p><strong>Kragplattenanschl\u00fcsse an bestehende Decken<\/strong> <strong>(KSB+)<\/strong><\/p>\n\n\n\n<p>Die neuen KSB+ Typen erm\u00f6glichen neue M\u00f6glichkeiten f\u00fcr die Sanierung und den nachtr\u00e4glichen Anbau von Stahlbetonbalkonen an bestehende Decken. Diese Anschl\u00fcsse tragen dazu bei, bestehende Strukturen effizienter und nachhaltiger zu nutzen, was Ressourcen spart und den \u00f6kologischen Fussabdruck der Bauprojekte reduziert. Dank thermischer Trennung wird nicht nur Energie gespart, sondern auch der Wohnkomfort erh\u00f6ht.<\/p>\n\n\n\n<h3 class=\"wp-block-heading\"><strong><mark style=\"background-color:rgba(0, 0, 0, 0)\" class=\"has-inline-color has-primary-color\"><a href=\"https:\/\/bewehrungstechnik.ch\/tiergarten-wohnhaus-acinoxplus-kragplattenanschluesse\/\">&gt; Zur Baureportage<\/a><\/mark><\/strong><\/h3>\n<\/div>\n\n\n\n<div class=\"wp-block-column is-layout-flow wp-block-column-is-layout-flow\">\n<p><strong>Stahlbauanschl\u00fcsse (KSS+)<\/strong><\/p>\n\n\n\n<p>Die neuen Stahlbauanschl\u00fcsse KSS+ erweitern das Sortiment von ACINOXplus\u00ae um Verbindungen f\u00fcr Stahlkonstruktionen. Diese Anschl\u00fcsse sind f\u00fcr verschiedene Tr\u00e4gerh\u00f6hen geeignet und zeichnen sich durch ihre Flexibilit\u00e4t aus, da sie f\u00fcr unterschiedliche Tr\u00e4gerprofile und individuelle Anforderungen einsetzbar sind. Dank justierbarer Anschl\u00fcsse l\u00e4sst sich eine passgenaue Montage direkt auf der Baustelle realisieren.<\/p>\n<\/div>\n<\/div>\n\n\n\n<div class=\"wp-block-columns is-layout-flex wp-container-core-columns-is-layout-9d6595d7 wp-block-columns-is-layout-flex\">\n<div class=\"wp-block-column is-layout-flow wp-block-column-is-layout-flow\">\n<p><strong>Querkraftanschl\u00fcsse <strong>an bestehende Decken<\/strong><\/strong> <strong>(QSB+)<\/strong><\/p>\n\n\n\n<p>Die QSB+ Typen erg\u00e4nzen das Sortiment f\u00fcr die Sanierung und den nachtr\u00e4glichen Anbau von gest\u00fctzten Stahlbetonbalkonen an bestehende Decken. Sie sorgen f\u00fcr eine sichere \u00dcbertragung von Querkraft- und Normalkr\u00e4ften.<\/p>\n<\/div>\n\n\n\n<div class=\"wp-block-column is-layout-flow wp-block-column-is-layout-flow\">\n<p><strong>Horizontalaussteifungen (HSB+)<\/strong><\/p>\n\n\n\n<p>Die neuen HSB+ Anschl\u00fcsse sind f\u00fcr den nachtr\u00e4glichen Anbau von Horizontalaussteifungen vorgesehen und \u00fcbernehmen die H-Kr\u00e4fte entlang der D\u00e4mmfuge.<\/p>\n<\/div>\n<\/div>\n\n\n\n      <div id=\"block_09685cadc6f59b6698f600d94f48547d\" class=\"deac-downloads mb-10 md:mb-19 lg:mb-28 alignwide l-block\"  >\n  \n  \n\t<\/div>\n\n\n<div class=\"wp-block-columns is-layout-flex wp-container-core-columns-is-layout-9d6595d7 wp-block-columns-is-layout-flex\">\n<div class=\"wp-block-column is-layout-flow wp-block-column-is-layout-flow\"><\/div>\n\n\n\n<div class=\"wp-block-column is-layout-flow wp-block-column-is-layout-flow\">\n<h3 class=\"wp-block-heading\"><strong><mark style=\"background-color:rgba(0, 0, 0, 0)\" class=\"has-inline-color has-primary-color\"><a href=\"https:\/\/bewehrungstechnik.ch\/bestellung-acinoxplus-spezial-anwendungen\/\">&gt; Dokumentation bestellen<\/a><\/mark><\/strong><\/h3>\n<\/div>\n<\/div>\n\n\n\n      <div id=\"block_751b0813c0af4aef6feca551f2acf480\" class=\"deac-downloads mb-10 md:mb-19 lg:mb-28 alignwide l-block\"  >\n  \n  \n\t\t\t\t\t<h2 class=\"c-title mt-0 mb-6.5 md:mb-9 lg:mb-11\">Downloads<\/h2>\n\t\t<div class=\"mb-9 lg:mb-21\">\n\t\t\t\t\t<\/div>\n\t<\/div>\n\n\n<p><\/p>\n","protected":false},"excerpt":{"rendered":"<p>Kragplattenanschl\u00fcsse an bestehende Decken (KSB+) Die neuen KSB+ Typen erm\u00f6glichen neue M\u00f6glichkeiten f\u00fcr die Sanierung und den nachtr\u00e4glichen Anbau von Stahlbetonbalkonen an bestehende Decken. Diese Anschl\u00fcsse tragen dazu bei, bestehende Strukturen effizienter und nachhaltiger zu nutzen, was Ressourcen spart und den \u00f6kologischen Fussabdruck der Bauprojekte reduziert. Dank thermischer Trennung wird nicht nur Energie gespart, sondern [&hellip;]<\/p>\n","protected":false},"author":9,"featured_media":0,"parent":0,"menu_order":0,"comment_status":"closed","ping_status":"closed","template":"","meta":{"_acf_changed":false,"footnotes":""},"class_list":["post-9481","page","type-page","status-publish",""],"acf":[],"yoast_head":"<!-- This site is optimized with the Yoast SEO plugin v27.3 - https:\/\/yoast.com\/product\/yoast-seo-wordpress\/ -->\n<title>ACINOXplus\u00ae Spezial-Anwendungen - Bewehrungstechnik<\/title>\n<meta name=\"robots\" content=\"index, follow, max-snippet:-1, max-image-preview:large, max-video-preview:-1\" \/>\n<link rel=\"canonical\" href=\"https:\/\/bewehrungstechnik.ch\/de-de\/acinoxplus-spezial-anwendungen\/\" \/>\n<meta property=\"og:locale\" content=\"de_DE\" \/>\n<meta property=\"og:type\" content=\"article\" \/>\n<meta property=\"og:title\" content=\"ACINOXplus\u00ae Spezial-Anwendungen - Bewehrungstechnik\" \/>\n<meta property=\"og:description\" content=\"Kragplattenanschl\u00fcsse an bestehende Decken (KSB+) Die neuen KSB+ Typen erm\u00f6glichen neue M\u00f6glichkeiten f\u00fcr die Sanierung und den nachtr\u00e4glichen Anbau von Stahlbetonbalkonen an bestehende Decken. Diese Anschl\u00fcsse tragen dazu bei, bestehende Strukturen effizienter und nachhaltiger zu nutzen, was Ressourcen spart und den \u00f6kologischen Fussabdruck der Bauprojekte reduziert. Dank thermischer Trennung wird nicht nur Energie gespart, sondern [&hellip;]\" \/>\n<meta property=\"og:url\" content=\"https:\/\/bewehrungstechnik.ch\/de-de\/acinoxplus-spezial-anwendungen\/\" \/>\n<meta property=\"og:site_name\" content=\"Bewehrungstechnik\" \/>\n<meta property=\"article:modified_time\" content=\"2025-03-10T10:28:34+00:00\" \/>\n<meta name=\"twitter:card\" content=\"summary_large_image\" \/>\n<script type=\"application\/ld+json\" class=\"yoast-schema-graph\">{\"@context\":\"https:\\\/\\\/schema.org\",\"@graph\":[{\"@type\":\"WebPage\",\"@id\":\"https:\\\/\\\/bewehrungstechnik.ch\\\/de-de\\\/acinoxplus-spezial-anwendungen\\\/\",\"url\":\"https:\\\/\\\/bewehrungstechnik.ch\\\/de-de\\\/acinoxplus-spezial-anwendungen\\\/\",\"name\":\"ACINOXplus\u00ae Spezial-Anwendungen - Bewehrungstechnik\",\"isPartOf\":{\"@id\":\"https:\\\/\\\/bewehrungstechnik.ch\\\/de-de\\\/#website\"},\"datePublished\":\"2025-03-10T10:28:33+00:00\",\"dateModified\":\"2025-03-10T10:28:34+00:00\",\"breadcrumb\":{\"@id\":\"https:\\\/\\\/bewehrungstechnik.ch\\\/de-de\\\/acinoxplus-spezial-anwendungen\\\/#breadcrumb\"},\"inLanguage\":\"de\",\"potentialAction\":[{\"@type\":\"ReadAction\",\"target\":[\"https:\\\/\\\/bewehrungstechnik.ch\\\/de-de\\\/acinoxplus-spezial-anwendungen\\\/\"]}]},{\"@type\":\"BreadcrumbList\",\"@id\":\"https:\\\/\\\/bewehrungstechnik.ch\\\/de-de\\\/acinoxplus-spezial-anwendungen\\\/#breadcrumb\",\"itemListElement\":[{\"@type\":\"ListItem\",\"position\":1,\"name\":\"Home\",\"item\":\"https:\\\/\\\/bewehrungstechnik.ch\\\/de-de\\\/\"},{\"@type\":\"ListItem\",\"position\":2,\"name\":\"ACINOXplus\u00ae Spezial-Anwendungen\"}]},{\"@type\":\"WebSite\",\"@id\":\"https:\\\/\\\/bewehrungstechnik.ch\\\/de-de\\\/#website\",\"url\":\"https:\\\/\\\/bewehrungstechnik.ch\\\/de-de\\\/\",\"name\":\"Bewehrungstechnik\",\"description\":\"Just another WordPress site\",\"publisher\":{\"@id\":\"https:\\\/\\\/bewehrungstechnik.ch\\\/de-de\\\/#organization\"},\"potentialAction\":[{\"@type\":\"SearchAction\",\"target\":{\"@type\":\"EntryPoint\",\"urlTemplate\":\"https:\\\/\\\/bewehrungstechnik.ch\\\/de-de\\\/?s={search_term_string}\"},\"query-input\":{\"@type\":\"PropertyValueSpecification\",\"valueRequired\":true,\"valueName\":\"search_term_string\"}}],\"inLanguage\":\"de\"},{\"@type\":\"Organization\",\"@id\":\"https:\\\/\\\/bewehrungstechnik.ch\\\/de-de\\\/#organization\",\"name\":\"Bewehrungstechnik\",\"url\":\"https:\\\/\\\/bewehrungstechnik.ch\\\/de-de\\\/\",\"logo\":{\"@type\":\"ImageObject\",\"inLanguage\":\"de\",\"@id\":\"https:\\\/\\\/bewehrungstechnik.ch\\\/de-de\\\/#\\\/schema\\\/logo\\\/image\\\/\",\"url\":\"https:\\\/\\\/bewehrungstechnik.ch\\\/wp-content\\\/uploads\\\/2021\\\/03\\\/logo.svg\",\"contentUrl\":\"https:\\\/\\\/bewehrungstechnik.ch\\\/wp-content\\\/uploads\\\/2021\\\/03\\\/logo.svg\",\"width\":436,\"height\":436,\"caption\":\"Bewehrungstechnik\"},\"image\":{\"@id\":\"https:\\\/\\\/bewehrungstechnik.ch\\\/de-de\\\/#\\\/schema\\\/logo\\\/image\\\/\"}}]}<\/script>\n<!-- \/ Yoast SEO plugin. -->","yoast_head_json":{"title":"ACINOXplus\u00ae Spezial-Anwendungen - Bewehrungstechnik","robots":{"index":"index","follow":"follow","max-snippet":"max-snippet:-1","max-image-preview":"max-image-preview:large","max-video-preview":"max-video-preview:-1"},"canonical":"https:\/\/bewehrungstechnik.ch\/de-de\/acinoxplus-spezial-anwendungen\/","og_locale":"de_DE","og_type":"article","og_title":"ACINOXplus\u00ae Spezial-Anwendungen - Bewehrungstechnik","og_description":"Kragplattenanschl\u00fcsse an bestehende Decken (KSB+) Die neuen KSB+ Typen erm\u00f6glichen neue M\u00f6glichkeiten f\u00fcr die Sanierung und den nachtr\u00e4glichen Anbau von Stahlbetonbalkonen an bestehende Decken. Diese Anschl\u00fcsse tragen dazu bei, bestehende Strukturen effizienter und nachhaltiger zu nutzen, was Ressourcen spart und den \u00f6kologischen Fussabdruck der Bauprojekte reduziert. Dank thermischer Trennung wird nicht nur Energie gespart, sondern [&hellip;]","og_url":"https:\/\/bewehrungstechnik.ch\/de-de\/acinoxplus-spezial-anwendungen\/","og_site_name":"Bewehrungstechnik","article_modified_time":"2025-03-10T10:28:34+00:00","twitter_card":"summary_large_image","schema":{"@context":"https:\/\/schema.org","@graph":[{"@type":"WebPage","@id":"https:\/\/bewehrungstechnik.ch\/de-de\/acinoxplus-spezial-anwendungen\/","url":"https:\/\/bewehrungstechnik.ch\/de-de\/acinoxplus-spezial-anwendungen\/","name":"ACINOXplus\u00ae Spezial-Anwendungen - Bewehrungstechnik","isPartOf":{"@id":"https:\/\/bewehrungstechnik.ch\/de-de\/#website"},"datePublished":"2025-03-10T10:28:33+00:00","dateModified":"2025-03-10T10:28:34+00:00","breadcrumb":{"@id":"https:\/\/bewehrungstechnik.ch\/de-de\/acinoxplus-spezial-anwendungen\/#breadcrumb"},"inLanguage":"de","potentialAction":[{"@type":"ReadAction","target":["https:\/\/bewehrungstechnik.ch\/de-de\/acinoxplus-spezial-anwendungen\/"]}]},{"@type":"BreadcrumbList","@id":"https:\/\/bewehrungstechnik.ch\/de-de\/acinoxplus-spezial-anwendungen\/#breadcrumb","itemListElement":[{"@type":"ListItem","position":1,"name":"Home","item":"https:\/\/bewehrungstechnik.ch\/de-de\/"},{"@type":"ListItem","position":2,"name":"ACINOXplus\u00ae Spezial-Anwendungen"}]},{"@type":"WebSite","@id":"https:\/\/bewehrungstechnik.ch\/de-de\/#website","url":"https:\/\/bewehrungstechnik.ch\/de-de\/","name":"Bewehrungstechnik","description":"Just another WordPress site","publisher":{"@id":"https:\/\/bewehrungstechnik.ch\/de-de\/#organization"},"potentialAction":[{"@type":"SearchAction","target":{"@type":"EntryPoint","urlTemplate":"https:\/\/bewehrungstechnik.ch\/de-de\/?s={search_term_string}"},"query-input":{"@type":"PropertyValueSpecification","valueRequired":true,"valueName":"search_term_string"}}],"inLanguage":"de"},{"@type":"Organization","@id":"https:\/\/bewehrungstechnik.ch\/de-de\/#organization","name":"Bewehrungstechnik","url":"https:\/\/bewehrungstechnik.ch\/de-de\/","logo":{"@type":"ImageObject","inLanguage":"de","@id":"https:\/\/bewehrungstechnik.ch\/de-de\/#\/schema\/logo\/image\/","url":"https:\/\/bewehrungstechnik.ch\/wp-content\/uploads\/2021\/03\/logo.svg","contentUrl":"https:\/\/bewehrungstechnik.ch\/wp-content\/uploads\/2021\/03\/logo.svg","width":436,"height":436,"caption":"Bewehrungstechnik"},"image":{"@id":"https:\/\/bewehrungstechnik.ch\/de-de\/#\/schema\/logo\/image\/"}}]}},"_links":{"self":[{"href":"https:\/\/bewehrungstechnik.ch\/de-de\/wp-json\/wp\/v2\/pages\/9481","targetHints":{"allow":["GET"]}}],"collection":[{"href":"https:\/\/bewehrungstechnik.ch\/de-de\/wp-json\/wp\/v2\/pages"}],"about":[{"href":"https:\/\/bewehrungstechnik.ch\/de-de\/wp-json\/wp\/v2\/types\/page"}],"author":[{"embeddable":true,"href":"https:\/\/bewehrungstechnik.ch\/de-de\/wp-json\/wp\/v2\/users\/9"}],"replies":[{"embeddable":true,"href":"https:\/\/bewehrungstechnik.ch\/de-de\/wp-json\/wp\/v2\/comments?post=9481"}],"version-history":[{"count":1,"href":"https:\/\/bewehrungstechnik.ch\/de-de\/wp-json\/wp\/v2\/pages\/9481\/revisions"}],"predecessor-version":[{"id":9484,"href":"https:\/\/bewehrungstechnik.ch\/de-de\/wp-json\/wp\/v2\/pages\/9481\/revisions\/9484"}],"wp:attachment":[{"href":"https:\/\/bewehrungstechnik.ch\/de-de\/wp-json\/wp\/v2\/media?parent=9481"}],"curies":[{"name":"wp","href":"https:\/\/api.w.org\/{rel}","templated":true}]}}