{"id":9491,"date":"2025-03-10T10:29:28","date_gmt":"2025-03-10T10:29:28","guid":{"rendered":"https:\/\/bewehrungstechnik.ch\/?page_id=9491"},"modified":"2025-03-10T10:29:28","modified_gmt":"2025-03-10T10:29:28","slug":"anmeldung-biegereifuehrung","status":"publish","type":"page","link":"https:\/\/bewehrungstechnik.ch\/de-de\/anmeldung-biegereifuehrung\/","title":{"rendered":"Anmeldung &#8211; Biegereif\u00fchrung"},"content":{"rendered":"\n<figure class=\"wp-block-image size-large is-style-fixed-height-medium\"><img loading=\"lazy\" decoding=\"async\" width=\"1024\" height=\"683\" src=\"https:\/\/bewehrungstechnik.ch\/wp-content\/uploads\/rsf_dkg_engineersday_2023_34-1024x683.jpg\" alt=\"\" class=\"wp-image-7118\" srcset=\"https:\/\/bewehrungstechnik.ch\/wp-content\/uploads\/rsf_dkg_engineersday_2023_34-1024x683.jpg 1024w, https:\/\/bewehrungstechnik.ch\/wp-content\/uploads\/rsf_dkg_engineersday_2023_34-300x200.jpg 300w, https:\/\/bewehrungstechnik.ch\/wp-content\/uploads\/rsf_dkg_engineersday_2023_34-768x512.jpg 768w, https:\/\/bewehrungstechnik.ch\/wp-content\/uploads\/rsf_dkg_engineersday_2023_34-1536x1025.jpg 1536w, https:\/\/bewehrungstechnik.ch\/wp-content\/uploads\/rsf_dkg_engineersday_2023_34-436x291.jpg 436w, https:\/\/bewehrungstechnik.ch\/wp-content\/uploads\/rsf_dkg_engineersday_2023_34-550x367.jpg 550w\" sizes=\"auto, (max-width: 1024px) 100vw, 1024px\" \/><\/figure>\n\n\n\n      <p id=\"block_9473122ad631d04c73a6dae56b82c13a\" class=\"c-title mt-0 mb-6 lg:mb-17 alignwidetext-left l-block\"  >\n  \n  Anmeldung &#8211; Biegereif\u00fchrung<\/p>\n\n\n<p>Melde Sie sich mit Ihrer Gruppe f\u00fcr eine Biegereif\u00fchrung bis maximal 30 Personen an. Die Schutzausr\u00fcstung wie Brille, Weste und Stahlkappen-\u00dcberzieher werden von uns zur Verf\u00fcgung gestellt. Bitte beachten Sie, dass Sie aufgrund m\u00f6glicher Stolpergefahr flaches Schuhwerk tragen sollten. Die Dauer der F\u00fchrung variiert je nach Gruppengr\u00f6\u00dfe und betr\u00e4gt in der Regel zwischen 2,5 und 3,5 Stunden. Ihr technischer Berater wird Sie nach der Anmeldung pers\u00f6nlich kontaktieren und Ihnen den Termin best\u00e4tigen.<\/p>\n\n\n\n<p><\/p>\n\n\n<!-- HTML Forms v1.6.4 - https:\/\/wordpress.org\/plugins\/html-forms\/ -->\n<form method=\"post\"  class=\"hf-form hf-form-7130 \" data-id=\"7130\" data-title=\"Anmeldung - Biegereif\u00fchrung\" data-slug=\"anmeldung-biegereifuehrung\" data-message-success=\"Vielen Dank! Wir werden uns in K\u00fcrze melden.\" data-message-invalid-email=\"Entschuldige, aber die E-Mail Adresse scheint ung\u00fcltig zu sein.\" data-message-required-field-missing=\"Bitte f\u00fclle die erforderlichen Felder aus.\" data-message-error=\"Hoppla. Ein Fehler ist aufgetreten.\" data-message-recaptcha-failed=\"reCAPTCHA verification failed. Please try again.\" data-message-recaptcha-low-score=\"Your submission appears to be spam. Please try again.\"><input type=\"hidden\" name=\"_hf_form_id\" value=\"7130\" \/><div style=\"display: none;\"><input type=\"text\" name=\"_hf_h7130\" value=\"\" \/><\/div><div class=\"hf-fields-wrap\"><div class=\"js-collapse md:grid md:grid-cols-10 md:gap-x-10 mb-8 md:mb-0\" data-collapse-parameters='{\"toggleClass\":\"text-black text-primary\",\"toggleIconClass\":\"c-icon--minus-square c-icon--plus-square\",\"targetClass\":\"hidden block\"}'>\r\n\t<div class=\"js-collapse__toggle md:col-span-3 md:pointer-events-none flex items-center md:block text-18 font-bold leading-snug transition-colors md:transition-none cursor-pointer md:cursor-auto cursor-pointer text-black md:text-black\">\r\n\t\t<div class=\"md:hidden mr-5 text-0 self-start\">\r\n\t\t\t<i class=\"js-collapse__toggle-icon c-icon c-icon--plus-square text-28\"><\/i>\r\n\t\t<\/div>\r\n\t\tPers\u00f6nliche Daten\r\n\t<\/div>\r\n\t<div class=\"js-collapse__target col-span-7 hidden md:block\">\r\n\t\t<div class=\"border-l md:border-0 border-primary pl-4 md:pl-0 mt-4 md:mt-0 sm:grid grid-cols-12 sm:gap-x-4 md:gap-x-8 sm:gap-y-4 md:gap-y-10 space-y-4 sm:space-y-0\">\r\n\t\t\t<div class=\"col-span-6 lg:col-span-4 xl:col-span-2\">\r\n\t\t\t\t<label class=\"c-form-label\" for=\"contact-form-salutation\">Anrede<\/label>\r\n\t\t\t\t<select class=\"c-form-select\" name=\"salutation\" id=\"contact-form-salutation\">\r\n\t\t\t\t\t<option value=\"Frau\">Frau<\/option>\r\n\t\t\t\t\t<option value=\"Herr\">Herr<\/option>\r\n\t\t\t\t<\/select>\r\n\t\t\t<\/div>\r\n\t\t\t<div class=\"col-span-6 lg:col-span-4 xl:col-span-5\">\r\n\t\t\t\t<label class=\"c-form-label\" for=\"contact-form-first-name\">Vorname *<\/label>\r\n\t\t\t\t<input class=\"c-form-input\" type=\"text\" name=\"first_name\" placeholder=\"Vornamen eingeben\" id=\"contact-form-first-name\" required \/>\r\n\t\t\t<\/div>\r\n\t\t\t<div class=\"col-span-6 lg:col-span-4 xl:col-span-5\">\r\n\t\t\t\t<label class=\"c-form-label\" for=\"contact-form-last-name\">Nachname *<\/label>\r\n\t\t\t\t<input class=\"c-form-input\" type=\"text\" name=\"last_name\" placeholder=\"Nachnamen eingeben\" id=\"contact-form-last-name\" required \/>\r\n\t\t\t<\/div>\r\n\t\t\t<div class=\"col-span-6 lg:col-span-4\">\r\n\t\t\t\t<label class=\"c-form-label\" for=\"contact-form-company_name\">Firma *<\/label>\r\n\t\t\t\t<input class=\"c-form-input\" type=\"text\" name=\"company_name\" placeholder=\"Firma eingeben\" id=\"contact-form-company_name\" required \/>\r\n\t\t\t<\/div>\r\n\t\t\t<div class=\"col-span-6 lg:col-span-4\">\r\n\t\t\t\t<label class=\"c-form-label\" for=\"contact-form-function\">Funktion *<\/label>\r\n\t\t\t\t<input class=\"c-form-input\" type=\"text\" name=\"function\" placeholder=\"Funktion eingeben\" id=\"contact-form-function\" required \/>\r\n\t\t\t<\/div>\r\n\t\t\t<div class=\"col-span-6 lg:col-span-4\">\r\n\t\t\t\t<label class=\"c-form-label\" for=\"contact-form-position\">Position<\/label>\r\n\t\t\t\t<input class=\"c-form-input\" type=\"text\" name=\"position\" placeholder=\"Position eingeben\" id=\"contact-form-position\" \/>\r\n\t\t\t<\/div>\r\n\t\t<\/div>\r\n\t<\/div>\r\n<\/div>\r\n<div class=\"hidden md:block h-px bg-gray mt-18 mb-14\"><\/div>\r\n<div class=\"js-collapse md:grid md:grid-cols-10 md:gap-x-10 mb-8 md:mb-0\" data-collapse-parameters='{\"toggleClass\":\"text-black text-primary\",\"toggleIconClass\":\"c-icon--minus-square c-icon--plus-square\",\"targetClass\":\"hidden block\"}'>\r\n\t<div class=\"js-collapse__toggle md:col-span-3 md:pointer-events-none flex items-center md:block text-18 font-bold leading-snug transition-colors md:transition-none cursor-pointer md:cursor-auto cursor-pointer text-black md:text-black\">\r\n\t\t<div class=\"md:hidden mr-5 text-0 self-start\">\r\n\t\t\t<i class=\"js-collapse__toggle-icon c-icon c-icon--plus-square text-28\"><\/i>\r\n\t\t<\/div>\r\n\t\tKontaktdaten\r\n\t<\/div>\r\n\t<div class=\"js-collapse__target col-span-7 hidden md:block\">\r\n\t\t<div class=\"border-l md:border-0 border-primary pl-4 md:pl-0 mt-4 md:mt-0 sm:grid grid-cols-12 sm:gap-x-4 md:gap-x-8 sm:gap-y-4 md:gap-y-10 space-y-4 sm:space-y-0\">\r\n\t\t\t<div class=\"col-span-6\">\r\n\t\t\t\t<label class=\"c-form-label\" for=\"contact-form-phone-number\">Telefonnummer*<\/label>\r\n\t\t\t\t<input class=\"c-form-input\" type=\"text\" name=\"phone_number\" placeholder=\"Telefonnummer eingeben\" required id=\"contact-form-phone-number\" \/>\r\n\t\t\t<\/div>\r\n\t\t\t<div class=\"col-span-6\">\r\n\t\t\t\t<label class=\"c-form-label\" for=\"contact-form-email-address\">E-Mail *<\/label>\r\n\t\t\t\t<input class=\"c-form-input\" type=\"email\" name=\"email_address\" placeholder=\"E-Mail eingeben\" id=\"contact-form-email-address\" required \/>\r\n\t\t\t<\/div>\r\n\t\t<\/div>\r\n\t<\/div>\r\n<\/div>\r\n<div class=\"hidden md:block h-px bg-gray mt-18 mb-14\"><\/div>\r\n<div class=\"js-collapse md:grid md:grid-cols-10 md:gap-x-10 mb-8 md:mb-0\" data-collapse-parameters='{\"toggleClass\":\"text-black text-primary\",\"toggleIconClass\":\"c-icon--minus-square c-icon--plus-square\",\"targetClass\":\"hidden block\"}'>\r\n\t<div class=\"js-collapse__toggle md:col-span-3 md:pointer-events-none flex items-center md:block text-18 font-bold leading-snug transition-colors md:transition-none cursor-pointer md:cursor-auto cursor-pointer text-black md:text-black\">\r\n\t\t<div class=\"md:hidden mr-5 text-0 self-start\">\r\n\t\t\t<i class=\"js-collapse__toggle-icon c-icon c-icon--plus-square text-28\"><\/i>\r\n\t\t<\/div>\r\n\t\tBiegereif\u00fchrung\r\n\t<\/div>\r\n\t<div class=\"js-collapse__target col-span-7 hidden md:block\">\r\n\t\t<div class=\"border-l md:border-0 border-primary pl-4 md:pl-0 mt-4 md:mt-0 sm:grid grid-cols-12 sm:gap-x-4 md:gap-x-8 sm:gap-y-4 md:gap-y-10 space-y-4 sm:space-y-0\">\r\n\t\t\t<div class=\"col-span-6 lg:col-span-4 xl:col-span-2\">\r\n\t\t\t\t<label class=\"c-form-label\" for=\"contact-form-salutation\">Anzahl Besucher*<\/label>\r\n\t\t\t\t<select class=\"c-form-select\" name=\"Anzahl Besucher\" id=\"contact-form-salutation\">\r\n\t\t\t\t\t<option value=\"1-5\">1-5<\/option>\r\n                  \t<option value=\"6-10\">6-10<\/option>\r\n                  \t<option value=\"11-15\">11-15<\/option>\r\n                  \t<option value=\"16-20\">16-20<\/option>\r\n\t\t\t\t\t<option value=\"21-25\">21-25<\/option>\r\n                  \t<option value=\"26-30\">26-30<\/option>\r\n\t\t\t\t<\/select>\r\n\t\t\t<\/div>\r\n\t\t\t<div class=\"col-span-6 lg:col-span-4 xl:col-span-5\">\r\n\t\t\t\t<label class=\"c-form-label\" for=\"contact-form-salutation\">Zeitfenster*<\/label>\r\n\t\t\t\t<select class=\"c-form-select\" name=\"Zeitfenster\" id=\"contact-form-salutation\">\r\n\t\t\t\t\t<option value=\"08:15 bis 12:00 Uhr\">08:30 bis 12:00 Uhr<\/option>\r\n\t\t\t\t\t<option value=\"13:30 bis 17:00 Uhr\">13:30 bis 17:00 Uhr<\/option>\r\n\t\t\t\t<\/select>\r\n\t\t\t<\/div>\r\n          <div class=\"js-collapse__target col-span-5 hidden md:block\">\r\n\t\t\t<div class=\"col-span-6 lg:col-span-4 xl:col-span-5\">\r\n          <label class=\"c-form-label\" for=\"contact-form-datum\">Wunschtermin*<\/label>\r\n          <div class=\"border-2 md:border-0 border-primary pl-4 md:pl-0 mt-4 md:mt-0\">\r\n          <input type=\"date\" id=\"contact-form-datum\" name=\"datum\" min=\"2023-03-20\" max=\"2024-12-31\" required class=\"py-3 px-7 rounded-md border-none border\">\r\n          <\/div>\r\n          <\/div>\r\n\t\t<\/div>\r\n\t\t<\/div>\r\n\t<\/div>\r\n<\/div>\r\n<div class=\"hidden md:block h-px bg-gray mt-18 mb-14\"><\/div>\r\n<div class=\"js-collapse md:grid md:grid-cols-10 md:gap-x-10\" data-collapse-parameters='{\"toggleClass\":\"text-black text-primary\",\"toggleIconClass\":\"c-icon--minus-square c-icon--plus-square\",\"targetClass\":\"hidden block\"}'>\r\n\t<div class=\"js-collapse__toggle md:col-span-3 md:pointer-events-none flex items-center md:block text-18 font-bold leading-snug transition-colors md:transition-none cursor-pointer md:cursor-auto cursor-pointer text-black md:text-black\">\r\n\t\t<div class=\"md:hidden mr-5 text-0 self-start\">\r\n\t\t\t<i class=\"js-collapse__toggle-icon c-icon c-icon--plus-square text-28\"><\/i>\r\n\t\t<\/div>\r\n\t\tBemerkung\r\n\t<\/div>\r\n\t<div class=\"js-collapse__target col-span-7 hidden md:block\">\r\n\t\t<div class=\"border-l md:border-0 border-primary pl-4 md:pl-0 mt-4 md:mt-0 leading-tight\">\r\n\t\t\t<label class=\"c-form-label\" for=\"contact-form-message\">Ihre Nachricht<\/label>\r\n\t\t\t<textarea class=\"c-form-input mb-4 md:mb-8\" name=\"message\" placeholder=\"Ihre Nachricht eingeben\" id=\"contact-form-message\" rows=\"7\"><\/textarea>\r\n\t\t\t<button class=\"c-btn c-btn--primary c-btn--icon w-full justify-center\" type=\"submit\">\r\n\t\t\t\tJetzt anmelden\r\n\t\t\t\t<i class=\"c-icon c-icon--arrow-right-solid text-10 ml-4\"><\/i>\r\n\t\t\t<\/button>\r\n\t\t<\/div>\r\n\t<\/div>\r\n<\/div>\r\n\t\t\r\n<noscript>Damit dieses Formular funktioniert bitte JavaScript aktivieren.<\/noscript><\/div><\/form><!-- \/ HTML Forms -->","protected":false},"excerpt":{"rendered":"<p>Melde Sie sich mit Ihrer Gruppe f\u00fcr eine Biegereif\u00fchrung bis maximal 30 Personen an. Die Schutzausr\u00fcstung wie Brille, Weste und Stahlkappen-\u00dcberzieher werden von uns zur Verf\u00fcgung gestellt. Bitte beachten Sie, dass Sie aufgrund m\u00f6glicher Stolpergefahr flaches Schuhwerk tragen sollten. Die Dauer der F\u00fchrung variiert je nach Gruppengr\u00f6\u00dfe und betr\u00e4gt in der Regel zwischen 2,5 und [&hellip;]<\/p>\n","protected":false},"author":9,"featured_media":0,"parent":0,"menu_order":0,"comment_status":"closed","ping_status":"closed","template":"","meta":{"_acf_changed":false,"footnotes":""},"class_list":["post-9491","page","type-page","status-publish",""],"acf":[],"yoast_head":"<!-- This site is optimized with the Yoast SEO plugin v27.3 - https:\/\/yoast.com\/product\/yoast-seo-wordpress\/ -->\n<title>Anmeldung - Biegereif\u00fchrung - Bewehrungstechnik<\/title>\n<meta name=\"robots\" content=\"index, follow, max-snippet:-1, max-image-preview:large, max-video-preview:-1\" \/>\n<link rel=\"canonical\" href=\"https:\/\/bewehrungstechnik.ch\/de-de\/anmeldung-biegereifuehrung\/\" \/>\n<meta property=\"og:locale\" content=\"de_DE\" \/>\n<meta property=\"og:type\" content=\"article\" \/>\n<meta property=\"og:title\" content=\"Anmeldung - Biegereif\u00fchrung - Bewehrungstechnik\" \/>\n<meta property=\"og:description\" content=\"Melde Sie sich mit Ihrer Gruppe f\u00fcr eine Biegereif\u00fchrung bis maximal 30 Personen an. Die Schutzausr\u00fcstung wie Brille, Weste und Stahlkappen-\u00dcberzieher werden von uns zur Verf\u00fcgung gestellt. Bitte beachten Sie, dass Sie aufgrund m\u00f6glicher Stolpergefahr flaches Schuhwerk tragen sollten. Die Dauer der F\u00fchrung variiert je nach Gruppengr\u00f6\u00dfe und betr\u00e4gt in der Regel zwischen 2,5 und [&hellip;]\" \/>\n<meta property=\"og:url\" content=\"https:\/\/bewehrungstechnik.ch\/de-de\/anmeldung-biegereifuehrung\/\" \/>\n<meta property=\"og:site_name\" content=\"Bewehrungstechnik\" \/>\n<meta property=\"og:image\" content=\"https:\/\/bewehrungstechnik.ch\/wp-content\/uploads\/rsf_dkg_engineersday_2023_34-1024x683.jpg\" \/>\n\t<meta property=\"og:image:width\" content=\"1024\" \/>\n\t<meta property=\"og:image:height\" content=\"683\" \/>\n\t<meta property=\"og:image:type\" content=\"image\/jpeg\" \/>\n<meta name=\"twitter:card\" content=\"summary_large_image\" \/>\n<script type=\"application\/ld+json\" class=\"yoast-schema-graph\">{\"@context\":\"https:\\\/\\\/schema.org\",\"@graph\":[{\"@type\":\"WebPage\",\"@id\":\"https:\\\/\\\/bewehrungstechnik.ch\\\/de-de\\\/anmeldung-biegereifuehrung\\\/\",\"url\":\"https:\\\/\\\/bewehrungstechnik.ch\\\/de-de\\\/anmeldung-biegereifuehrung\\\/\",\"name\":\"Anmeldung - Biegereif\u00fchrung - Bewehrungstechnik\",\"isPartOf\":{\"@id\":\"https:\\\/\\\/bewehrungstechnik.ch\\\/de-de\\\/#website\"},\"primaryImageOfPage\":{\"@id\":\"https:\\\/\\\/bewehrungstechnik.ch\\\/de-de\\\/anmeldung-biegereifuehrung\\\/#primaryimage\"},\"image\":{\"@id\":\"https:\\\/\\\/bewehrungstechnik.ch\\\/de-de\\\/anmeldung-biegereifuehrung\\\/#primaryimage\"},\"thumbnailUrl\":\"https:\\\/\\\/bewehrungstechnik.ch\\\/wp-content\\\/uploads\\\/rsf_dkg_engineersday_2023_34-1024x683.jpg\",\"datePublished\":\"2025-03-10T10:29:28+00:00\",\"breadcrumb\":{\"@id\":\"https:\\\/\\\/bewehrungstechnik.ch\\\/de-de\\\/anmeldung-biegereifuehrung\\\/#breadcrumb\"},\"inLanguage\":\"de\",\"potentialAction\":[{\"@type\":\"ReadAction\",\"target\":[\"https:\\\/\\\/bewehrungstechnik.ch\\\/de-de\\\/anmeldung-biegereifuehrung\\\/\"]}]},{\"@type\":\"ImageObject\",\"inLanguage\":\"de\",\"@id\":\"https:\\\/\\\/bewehrungstechnik.ch\\\/de-de\\\/anmeldung-biegereifuehrung\\\/#primaryimage\",\"url\":\"https:\\\/\\\/bewehrungstechnik.ch\\\/wp-content\\\/uploads\\\/rsf_dkg_engineersday_2023_34-1024x683.jpg\",\"contentUrl\":\"https:\\\/\\\/bewehrungstechnik.ch\\\/wp-content\\\/uploads\\\/rsf_dkg_engineersday_2023_34-1024x683.jpg\"},{\"@type\":\"BreadcrumbList\",\"@id\":\"https:\\\/\\\/bewehrungstechnik.ch\\\/de-de\\\/anmeldung-biegereifuehrung\\\/#breadcrumb\",\"itemListElement\":[{\"@type\":\"ListItem\",\"position\":1,\"name\":\"Home\",\"item\":\"https:\\\/\\\/bewehrungstechnik.ch\\\/de-de\\\/\"},{\"@type\":\"ListItem\",\"position\":2,\"name\":\"Anmeldung &#8211; Biegereif\u00fchrung\"}]},{\"@type\":\"WebSite\",\"@id\":\"https:\\\/\\\/bewehrungstechnik.ch\\\/de-de\\\/#website\",\"url\":\"https:\\\/\\\/bewehrungstechnik.ch\\\/de-de\\\/\",\"name\":\"Bewehrungstechnik\",\"description\":\"Just another WordPress site\",\"publisher\":{\"@id\":\"https:\\\/\\\/bewehrungstechnik.ch\\\/de-de\\\/#organization\"},\"potentialAction\":[{\"@type\":\"SearchAction\",\"target\":{\"@type\":\"EntryPoint\",\"urlTemplate\":\"https:\\\/\\\/bewehrungstechnik.ch\\\/de-de\\\/?s={search_term_string}\"},\"query-input\":{\"@type\":\"PropertyValueSpecification\",\"valueRequired\":true,\"valueName\":\"search_term_string\"}}],\"inLanguage\":\"de\"},{\"@type\":\"Organization\",\"@id\":\"https:\\\/\\\/bewehrungstechnik.ch\\\/de-de\\\/#organization\",\"name\":\"Bewehrungstechnik\",\"url\":\"https:\\\/\\\/bewehrungstechnik.ch\\\/de-de\\\/\",\"logo\":{\"@type\":\"ImageObject\",\"inLanguage\":\"de\",\"@id\":\"https:\\\/\\\/bewehrungstechnik.ch\\\/de-de\\\/#\\\/schema\\\/logo\\\/image\\\/\",\"url\":\"https:\\\/\\\/bewehrungstechnik.ch\\\/wp-content\\\/uploads\\\/2021\\\/03\\\/logo.svg\",\"contentUrl\":\"https:\\\/\\\/bewehrungstechnik.ch\\\/wp-content\\\/uploads\\\/2021\\\/03\\\/logo.svg\",\"width\":436,\"height\":436,\"caption\":\"Bewehrungstechnik\"},\"image\":{\"@id\":\"https:\\\/\\\/bewehrungstechnik.ch\\\/de-de\\\/#\\\/schema\\\/logo\\\/image\\\/\"}}]}<\/script>\n<!-- \/ Yoast SEO plugin. -->","yoast_head_json":{"title":"Anmeldung - Biegereif\u00fchrung - Bewehrungstechnik","robots":{"index":"index","follow":"follow","max-snippet":"max-snippet:-1","max-image-preview":"max-image-preview:large","max-video-preview":"max-video-preview:-1"},"canonical":"https:\/\/bewehrungstechnik.ch\/de-de\/anmeldung-biegereifuehrung\/","og_locale":"de_DE","og_type":"article","og_title":"Anmeldung - Biegereif\u00fchrung - Bewehrungstechnik","og_description":"Melde Sie sich mit Ihrer Gruppe f\u00fcr eine Biegereif\u00fchrung bis maximal 30 Personen an. Die Schutzausr\u00fcstung wie Brille, Weste und Stahlkappen-\u00dcberzieher werden von uns zur Verf\u00fcgung gestellt. Bitte beachten Sie, dass Sie aufgrund m\u00f6glicher Stolpergefahr flaches Schuhwerk tragen sollten. Die Dauer der F\u00fchrung variiert je nach Gruppengr\u00f6\u00dfe und betr\u00e4gt in der Regel zwischen 2,5 und [&hellip;]","og_url":"https:\/\/bewehrungstechnik.ch\/de-de\/anmeldung-biegereifuehrung\/","og_site_name":"Bewehrungstechnik","og_image":[{"width":1024,"height":683,"url":"https:\/\/bewehrungstechnik.ch\/wp-content\/uploads\/rsf_dkg_engineersday_2023_34-1024x683.jpg","type":"image\/jpeg"}],"twitter_card":"summary_large_image","schema":{"@context":"https:\/\/schema.org","@graph":[{"@type":"WebPage","@id":"https:\/\/bewehrungstechnik.ch\/de-de\/anmeldung-biegereifuehrung\/","url":"https:\/\/bewehrungstechnik.ch\/de-de\/anmeldung-biegereifuehrung\/","name":"Anmeldung - Biegereif\u00fchrung - Bewehrungstechnik","isPartOf":{"@id":"https:\/\/bewehrungstechnik.ch\/de-de\/#website"},"primaryImageOfPage":{"@id":"https:\/\/bewehrungstechnik.ch\/de-de\/anmeldung-biegereifuehrung\/#primaryimage"},"image":{"@id":"https:\/\/bewehrungstechnik.ch\/de-de\/anmeldung-biegereifuehrung\/#primaryimage"},"thumbnailUrl":"https:\/\/bewehrungstechnik.ch\/wp-content\/uploads\/rsf_dkg_engineersday_2023_34-1024x683.jpg","datePublished":"2025-03-10T10:29:28+00:00","breadcrumb":{"@id":"https:\/\/bewehrungstechnik.ch\/de-de\/anmeldung-biegereifuehrung\/#breadcrumb"},"inLanguage":"de","potentialAction":[{"@type":"ReadAction","target":["https:\/\/bewehrungstechnik.ch\/de-de\/anmeldung-biegereifuehrung\/"]}]},{"@type":"ImageObject","inLanguage":"de","@id":"https:\/\/bewehrungstechnik.ch\/de-de\/anmeldung-biegereifuehrung\/#primaryimage","url":"https:\/\/bewehrungstechnik.ch\/wp-content\/uploads\/rsf_dkg_engineersday_2023_34-1024x683.jpg","contentUrl":"https:\/\/bewehrungstechnik.ch\/wp-content\/uploads\/rsf_dkg_engineersday_2023_34-1024x683.jpg"},{"@type":"BreadcrumbList","@id":"https:\/\/bewehrungstechnik.ch\/de-de\/anmeldung-biegereifuehrung\/#breadcrumb","itemListElement":[{"@type":"ListItem","position":1,"name":"Home","item":"https:\/\/bewehrungstechnik.ch\/de-de\/"},{"@type":"ListItem","position":2,"name":"Anmeldung &#8211; Biegereif\u00fchrung"}]},{"@type":"WebSite","@id":"https:\/\/bewehrungstechnik.ch\/de-de\/#website","url":"https:\/\/bewehrungstechnik.ch\/de-de\/","name":"Bewehrungstechnik","description":"Just another WordPress site","publisher":{"@id":"https:\/\/bewehrungstechnik.ch\/de-de\/#organization"},"potentialAction":[{"@type":"SearchAction","target":{"@type":"EntryPoint","urlTemplate":"https:\/\/bewehrungstechnik.ch\/de-de\/?s={search_term_string}"},"query-input":{"@type":"PropertyValueSpecification","valueRequired":true,"valueName":"search_term_string"}}],"inLanguage":"de"},{"@type":"Organization","@id":"https:\/\/bewehrungstechnik.ch\/de-de\/#organization","name":"Bewehrungstechnik","url":"https:\/\/bewehrungstechnik.ch\/de-de\/","logo":{"@type":"ImageObject","inLanguage":"de","@id":"https:\/\/bewehrungstechnik.ch\/de-de\/#\/schema\/logo\/image\/","url":"https:\/\/bewehrungstechnik.ch\/wp-content\/uploads\/2021\/03\/logo.svg","contentUrl":"https:\/\/bewehrungstechnik.ch\/wp-content\/uploads\/2021\/03\/logo.svg","width":436,"height":436,"caption":"Bewehrungstechnik"},"image":{"@id":"https:\/\/bewehrungstechnik.ch\/de-de\/#\/schema\/logo\/image\/"}}]}},"_links":{"self":[{"href":"https:\/\/bewehrungstechnik.ch\/de-de\/wp-json\/wp\/v2\/pages\/9491","targetHints":{"allow":["GET"]}}],"collection":[{"href":"https:\/\/bewehrungstechnik.ch\/de-de\/wp-json\/wp\/v2\/pages"}],"about":[{"href":"https:\/\/bewehrungstechnik.ch\/de-de\/wp-json\/wp\/v2\/types\/page"}],"author":[{"embeddable":true,"href":"https:\/\/bewehrungstechnik.ch\/de-de\/wp-json\/wp\/v2\/users\/9"}],"replies":[{"embeddable":true,"href":"https:\/\/bewehrungstechnik.ch\/de-de\/wp-json\/wp\/v2\/comments?post=9491"}],"version-history":[{"count":1,"href":"https:\/\/bewehrungstechnik.ch\/de-de\/wp-json\/wp\/v2\/pages\/9491\/revisions"}],"predecessor-version":[{"id":9493,"href":"https:\/\/bewehrungstechnik.ch\/de-de\/wp-json\/wp\/v2\/pages\/9491\/revisions\/9493"}],"wp:attachment":[{"href":"https:\/\/bewehrungstechnik.ch\/de-de\/wp-json\/wp\/v2\/media?parent=9491"}],"curies":[{"name":"wp","href":"https:\/\/api.w.org\/{rel}","templated":true}]}}