{"id":9496,"date":"2025-03-10T10:30:15","date_gmt":"2025-03-10T10:30:15","guid":{"rendered":"https:\/\/bewehrungstechnik.ch\/?page_id=9496"},"modified":"2026-03-31T12:09:32","modified_gmt":"2026-03-31T12:09:32","slug":"anmeldung-allplan-debrunner-bewehrungstechnik-partnerevent","status":"publish","type":"page","link":"https:\/\/bewehrungstechnik.ch\/de-de\/anmeldung-allplan-debrunner-bewehrungstechnik-partnerevent\/","title":{"rendered":"Anmeldung ALLPLAN &#8211; Debrunner Bewehrungstechnik Partnerevent"},"content":{"rendered":"\n      <p id=\"block_6ed98aae8c93eaa818a0eeaa913d84e1\" class=\"c-title mt-0 mb-6 lg:mb-17 alignwidetext-left l-block\"  >\n  \n  Anmeldung ALLPLAN &#8211; Debrunner Bewehrungstechnik Partnerevent<\/p>\n<p>Gemeinsam mit der <strong>ALLPLAN Schweiz AG<\/strong> laden wir Sie herzlich zu unserem Partner-Event am <strong>2. April 2025 in Regensdorf (ZH)<\/strong> ein. Erleben Sie innovative L\u00f6sungen f\u00fcr die Sanierung im Betonbau und erfahren Sie mehr \u00fcber die neuesten Entwicklungen in <strong>ALLPLAN 2025<\/strong> sowie nachhaltige Bewehrungstechnik.<\/p>\n\n<p>Bitte melden Sie sich bis sp\u00e4testens <strong>1. April 2025<\/strong> an. Da die Pl\u00e4tze begrenzt sind, bitten wir um maximal <strong>2 Teilnehmende pro B\u00fcro<\/strong>.<\/p>\n\n<hr class=\"wp-block-separator has-alpha-channel-opacity\"\/>\n<!-- HTML Forms v1.6.4 - https:\/\/wordpress.org\/plugins\/html-forms\/ -->\n<form method=\"post\"  class=\"hf-form hf-form-9433 \" data-id=\"9433\" data-title=\"ALLPLAN - Partnerevent\" data-slug=\"allplan-partnerevent\" data-message-success=\"Vielen Dank! Wir werden uns in K\u00fcrze melden.\" data-message-invalid-email=\"Entschuldige, aber die E-Mail Adresse scheint ung\u00fcltig zu sein.\" data-message-required-field-missing=\"Bitte f\u00fclle die erforderlichen Felder aus.\" data-message-error=\"Hoppla. Ein Fehler ist aufgetreten.\" data-message-recaptcha-failed=\"reCAPTCHA verification failed. Please try again.\" data-message-recaptcha-low-score=\"Your submission appears to be spam. Please try again.\"><input type=\"hidden\" name=\"_hf_form_id\" value=\"9433\" \/><div style=\"display: none;\"><input type=\"text\" name=\"_hf_h9433\" value=\"\" \/><\/div><div class=\"hf-fields-wrap\"><div class=\"js-collapse md:grid md:grid-cols-10 md:gap-x-10 mb-8 md:mb-0\" data-collapse-parameters='{\"toggleClass\":\"text-black text-primary\",\"toggleIconClass\":\"c-icon--minus-square c-icon--plus-square\",\"targetClass\":\"hidden block\"}'>\r\n\t<div class=\"js-collapse__toggle md:col-span-3 md:pointer-events-none flex items-center md:block text-18 font-bold leading-snug transition-colors md:transition-none cursor-pointer md:cursor-auto cursor-pointer text-black md:text-black\">\r\n\t\t<div class=\"md:hidden mr-5 text-0 self-start\">\r\n\t\t\t<i class=\"js-collapse__toggle-icon c-icon c-icon--plus-square text-28\"><\/i>\r\n\t\t<\/div>\r\n\t\tPers\u00f6nliche Daten\r\n\t<\/div>\r\n\t<div class=\"js-collapse__target col-span-7 hidden md:block\">\r\n\t\t<div class=\"border-l md:border-0 border-primary pl-4 md:pl-0 mt-4 md:mt-0 sm:grid grid-cols-12 sm:gap-x-4 md:gap-x-8 sm:gap-y-4 md:gap-y-10 space-y-4 sm:space-y-0\">\r\n\t\t\t<div class=\"col-span-6 lg:col-span-4 xl:col-span-2\">\r\n\t\t\t\t<label class=\"c-form-label\" for=\"contact-form-salutation\">Anrede<\/label>\r\n\t\t\t\t<select class=\"c-form-select\" name=\"salutation\" id=\"contact-form-salutation\">\r\n\t\t\t\t\t<option value=\"Frau\">Frau<\/option>\r\n\t\t\t\t\t<option value=\"Herr\">Herr<\/option>\r\n\t\t\t\t<\/select>\r\n\t\t\t<\/div>\r\n\t\t\t<div class=\"col-span-6 lg:col-span-4 xl:col-span-5\">\r\n\t\t\t\t<label class=\"c-form-label\" for=\"contact-form-first-name\">Vorname *<\/label>\r\n\t\t\t\t<input class=\"c-form-input\" type=\"text\" name=\"first_name\" placeholder=\"Vornamen eingeben\" id=\"contact-form-first-name\" required \/>\r\n\t\t\t<\/div>\r\n\t\t\t<div class=\"col-span-6 lg:col-span-4 xl:col-span-5\">\r\n\t\t\t\t<label class=\"c-form-label\" for=\"contact-form-last-name\">Nachname *<\/label>\r\n\t\t\t\t<input class=\"c-form-input\" type=\"text\" name=\"last_name\" placeholder=\"Nachnamen eingeben\" id=\"contact-form-last-name\" required \/>\r\n\t\t\t<\/div>\r\n\t\t\t<div class=\"col-span-6 lg:col-span-4\">\r\n\t\t\t\t<label class=\"c-form-label\" for=\"contact-form-company_name\">Firma *<\/label>\r\n\t\t\t\t<input class=\"c-form-input\" type=\"text\" name=\"company_name\" placeholder=\"Firma eingeben\" id=\"contact-form-company_name\" required \/>\r\n\t\t\t<\/div>\r\n\t\t\t<div class=\"col-span-6 lg:col-span-4\">\r\n\t\t\t\t<label class=\"c-form-label\" for=\"contact-form-function\">Funktion *<\/label>\r\n\t\t\t\t<input class=\"c-form-input\" type=\"text\" name=\"function\" placeholder=\"Funktion eingeben\" id=\"contact-form-function\" required \/>\r\n\t\t\t<\/div>\r\n\t\t\t<div class=\"col-span-6 lg:col-span-4\">\r\n\t\t\t\t<label class=\"c-form-label\" for=\"contact-form-position\">Position<\/label>\r\n\t\t\t\t<input class=\"c-form-input\" type=\"text\" name=\"position\" placeholder=\"Position eingeben\" id=\"contact-form-position\" \/>\r\n\t\t\t<\/div>\r\n\t\t<\/div>\r\n\t<\/div>\r\n<\/div>\r\n<div class=\"hidden md:block h-px bg-gray mt-18 mb-14\"><\/div>\r\n<div class=\"js-collapse md:grid md:grid-cols-10 md:gap-x-10 mb-8 md:mb-0\" data-collapse-parameters='{\"toggleClass\":\"text-black text-primary\",\"toggleIconClass\":\"c-icon--minus-square c-icon--plus-square\",\"targetClass\":\"hidden block\"}'>\r\n\t<div class=\"js-collapse__toggle md:col-span-3 md:pointer-events-none flex items-center md:block text-18 font-bold leading-snug transition-colors md:transition-none cursor-pointer md:cursor-auto cursor-pointer text-black md:text-black\">\r\n\t\t<div class=\"md:hidden mr-5 text-0 self-start\">\r\n\t\t\t<i class=\"js-collapse__toggle-icon c-icon c-icon--plus-square text-28\"><\/i>\r\n\t\t<\/div>\r\n\t\tKontaktdaten\r\n\t<\/div>\r\n\t<div class=\"js-collapse__target col-span-7 hidden md:block\">\r\n\t\t<div class=\"border-l md:border-0 border-primary pl-4 md:pl-0 mt-4 md:mt-0 sm:grid grid-cols-12 sm:gap-x-4 md:gap-x-8 sm:gap-y-4 md:gap-y-10 space-y-4 sm:space-y-0\">\r\n\t\t\t<div class=\"col-span-6\">\r\n\t\t\t\t<label class=\"c-form-label\" for=\"contact-form-phone-number\">Telefonnummer*<\/label>\r\n\t\t\t\t<input class=\"c-form-input\" type=\"text\" name=\"phone_number\" placeholder=\"Telefonnummer eingeben\" required id=\"contact-form-phone-number\" \/>\r\n\t\t\t<\/div>\r\n\t\t\t<div class=\"col-span-6\">\r\n\t\t\t\t<label class=\"c-form-label\" for=\"contact-form-email-address\">E-Mail *<\/label>\r\n\t\t\t\t<input class=\"c-form-input\" type=\"email\" name=\"email_address\" placeholder=\"E-Mail eingeben\" id=\"contact-form-email-address\" required \/>\r\n\t\t\t<\/div>\r\n\t\t<\/div>\r\n\t<\/div>\r\n<\/div>\r\n<div class=\"hidden md:block h-px bg-gray mt-18 mb-14\"><\/div>\r\n\r\n<div class=\"js-collapse md:grid md:grid-cols-10 md:gap-x-10 mb-8 md:mb-0\" data-collapse-parameters='{\"toggleClass\":\"text-black text-primary\",\"toggleIconClass\":\"c-icon--minus-square c-icon--plus-square\",\"targetClass\":\"hidden block\"}'>\r\n\t<div class=\"js-collapse__toggle md:col-span-3 md:pointer-events-none flex items-center md:block text-18 font-bold leading-snug transition-colors md:transition-none cursor-pointer md:cursor-auto cursor-pointer text-black md:text-black\">\r\n\t\t<div class=\"md:hidden mr-5 text-0 self-start\">\r\n\t\t\t<i class=\"js-collapse__toggle-icon c-icon c-icon--plus-square text-28\"><\/i>\r\n\t\t<\/div>\r\n\t\tTeilnehmer (max. 2 Personen pro B\u00fcro)\r\n\t<\/div>\r\n\t<div class=\"js-collapse__target col-span-7 hidden md:block\">\r\n\t\t<div class=\"border-l md:border-0 border-primary pl-4 md:pl-0 mt-4 md:mt-0 sm:grid grid-cols-12 sm:gap-x-4 md:gap-x-8 sm:gap-y-4 md:gap-y-10 space-y-4 sm:space-y-0\">\r\n\t\t\t<div class=\"col-span-6 lg:col-span-4 xl:col-span-2\">\r\n\t\t\t\t<label class=\"c-form-label\" for=\"contact-form-salutation\">Anzahl Besucher*<\/label>\r\n\t\t\t\t<select class=\"c-form-select\" name=\"Anzahl Besucher\" id=\"contact-form-salutation\">\r\n\t\t\t\t\t<option value=\"1\">1<\/option>\r\n\t\t\t\t\t<option value=\"2\">2<\/option>\r\n\t\t\t\t\t\r\n\t\t\t\t<\/select>\r\n\t\t\t<\/div>\r\n\t\t<\/div>\r\n\t<\/div>\r\n<\/div>\r\n<div class=\"hidden md:block h-px bg-gray mt-18 mb-14\"><\/div>\r\n\r\n<div class=\"js-collapse md:grid md:grid-cols-10 md:gap-x-10\" data-collapse-parameters='{\"toggleClass\":\"text-black text-primary\",\"toggleIconClass\":\"c-icon--minus-square c-icon--plus-square\",\"targetClass\":\"hidden block\"}'>\r\n\t<div class=\"js-collapse__toggle md:col-span-3 md:pointer-events-none flex items-center md:block text-18 font-bold leading-snug transition-colors md:transition-none cursor-pointer md:cursor-auto cursor-pointer text-black md:text-black\">\r\n\t\t<div class=\"md:hidden mr-5 text-0 self-start\">\r\n\t\t\t<i class=\"js-collapse__toggle-icon c-icon c-icon--plus-square text-28\"><\/i>\r\n\t\t<\/div>\r\n\t\tBemerkung\r\n\t<\/div>\r\n\t<div class=\"js-collapse__target col-span-7 hidden md:block\">\r\n\t\t<div class=\"border-l md:border-0 border-primary pl-4 md:pl-0 mt-4 md:mt-0 leading-tight\">\r\n\t\t\t<label class=\"c-form-label\" for=\"contact-form-message\">Ihre Nachricht<\/label>\r\n\t\t\t<textarea class=\"c-form-input mb-4 md:mb-8\" name=\"message\" placeholder=\"Ihre Nachricht eingeben\" id=\"contact-form-message\" rows=\"7\"><\/textarea>\r\n\t\t\t<button class=\"c-btn c-btn--primary c-btn--icon w-full justify-center\" type=\"submit\">\r\n\t\t\t\tJetzt anmelden\r\n\t\t\t\t<i class=\"c-icon c-icon--arrow-right-solid text-10 ml-4\"><\/i>\r\n\t\t\t<\/button>\r\n\t\t<\/div>\r\n\t<\/div>\r\n<\/div>\r\n\t\t\r\n<noscript>Damit dieses Formular funktioniert bitte JavaScript aktivieren.<\/noscript><\/div><\/form><!-- \/ HTML Forms -->\n<p><\/p>\n","protected":false},"excerpt":{"rendered":"<p>Gemeinsam mit der ALLPLAN Schweiz AG laden wir Sie herzlich zu unserem Partner-Event am 2. April 2025 in Regensdorf (ZH) ein. Erleben Sie innovative L\u00f6sungen f\u00fcr die Sanierung im Betonbau und erfahren Sie mehr \u00fcber die neuesten Entwicklungen in ALLPLAN 2025 sowie nachhaltige Bewehrungstechnik. Bitte melden Sie sich bis sp\u00e4testens 1. April 2025 an. Da [&hellip;]<\/p>\n","protected":false},"author":12,"featured_media":0,"parent":0,"menu_order":0,"comment_status":"closed","ping_status":"closed","template":"","meta":{"_acf_changed":false,"footnotes":""},"class_list":["post-9496","page","type-page","status-publish",""],"acf":[],"yoast_head":"<!-- This site is optimized with the Yoast SEO plugin v27.3 - https:\/\/yoast.com\/product\/yoast-seo-wordpress\/ -->\n<title>Anmeldung ALLPLAN - Debrunner Bewehrungstechnik Partnerevent - Bewehrungstechnik<\/title>\n<meta name=\"robots\" content=\"index, follow, max-snippet:-1, max-image-preview:large, max-video-preview:-1\" \/>\n<link rel=\"canonical\" href=\"https:\/\/bewehrungstechnik.ch\/de-de\/anmeldung-allplan-debrunner-bewehrungstechnik-partnerevent\/\" \/>\n<meta property=\"og:locale\" content=\"de_DE\" \/>\n<meta property=\"og:type\" content=\"article\" \/>\n<meta property=\"og:title\" content=\"Anmeldung ALLPLAN - Debrunner Bewehrungstechnik Partnerevent - Bewehrungstechnik\" \/>\n<meta property=\"og:description\" content=\"Gemeinsam mit der ALLPLAN Schweiz AG laden wir Sie herzlich zu unserem Partner-Event am 2. April 2025 in Regensdorf (ZH) ein. Erleben Sie innovative L\u00f6sungen f\u00fcr die Sanierung im Betonbau und erfahren Sie mehr \u00fcber die neuesten Entwicklungen in ALLPLAN 2025 sowie nachhaltige Bewehrungstechnik. Bitte melden Sie sich bis sp\u00e4testens 1. April 2025 an. Da [&hellip;]\" \/>\n<meta property=\"og:url\" content=\"https:\/\/bewehrungstechnik.ch\/de-de\/anmeldung-allplan-debrunner-bewehrungstechnik-partnerevent\/\" \/>\n<meta property=\"og:site_name\" content=\"Bewehrungstechnik\" \/>\n<meta property=\"article:modified_time\" content=\"2026-03-31T12:09:32+00:00\" \/>\n<meta name=\"twitter:card\" content=\"summary_large_image\" \/>\n<script type=\"application\/ld+json\" class=\"yoast-schema-graph\">{\"@context\":\"https:\\\/\\\/schema.org\",\"@graph\":[{\"@type\":\"WebPage\",\"@id\":\"https:\\\/\\\/bewehrungstechnik.ch\\\/de-de\\\/anmeldung-allplan-debrunner-bewehrungstechnik-partnerevent\\\/\",\"url\":\"https:\\\/\\\/bewehrungstechnik.ch\\\/de-de\\\/anmeldung-allplan-debrunner-bewehrungstechnik-partnerevent\\\/\",\"name\":\"Anmeldung ALLPLAN - Debrunner Bewehrungstechnik Partnerevent - Bewehrungstechnik\",\"isPartOf\":{\"@id\":\"https:\\\/\\\/bewehrungstechnik.ch\\\/de-de\\\/#website\"},\"datePublished\":\"2025-03-10T10:30:15+00:00\",\"dateModified\":\"2026-03-31T12:09:32+00:00\",\"breadcrumb\":{\"@id\":\"https:\\\/\\\/bewehrungstechnik.ch\\\/de-de\\\/anmeldung-allplan-debrunner-bewehrungstechnik-partnerevent\\\/#breadcrumb\"},\"inLanguage\":\"de\",\"potentialAction\":[{\"@type\":\"ReadAction\",\"target\":[\"https:\\\/\\\/bewehrungstechnik.ch\\\/de-de\\\/anmeldung-allplan-debrunner-bewehrungstechnik-partnerevent\\\/\"]}]},{\"@type\":\"BreadcrumbList\",\"@id\":\"https:\\\/\\\/bewehrungstechnik.ch\\\/de-de\\\/anmeldung-allplan-debrunner-bewehrungstechnik-partnerevent\\\/#breadcrumb\",\"itemListElement\":[{\"@type\":\"ListItem\",\"position\":1,\"name\":\"Home\",\"item\":\"https:\\\/\\\/bewehrungstechnik.ch\\\/de-de\\\/\"},{\"@type\":\"ListItem\",\"position\":2,\"name\":\"Anmeldung ALLPLAN &#8211; Debrunner Bewehrungstechnik Partnerevent\"}]},{\"@type\":\"WebSite\",\"@id\":\"https:\\\/\\\/bewehrungstechnik.ch\\\/de-de\\\/#website\",\"url\":\"https:\\\/\\\/bewehrungstechnik.ch\\\/de-de\\\/\",\"name\":\"Bewehrungstechnik\",\"description\":\"Just another WordPress site\",\"publisher\":{\"@id\":\"https:\\\/\\\/bewehrungstechnik.ch\\\/de-de\\\/#organization\"},\"potentialAction\":[{\"@type\":\"SearchAction\",\"target\":{\"@type\":\"EntryPoint\",\"urlTemplate\":\"https:\\\/\\\/bewehrungstechnik.ch\\\/de-de\\\/?s={search_term_string}\"},\"query-input\":{\"@type\":\"PropertyValueSpecification\",\"valueRequired\":true,\"valueName\":\"search_term_string\"}}],\"inLanguage\":\"de\"},{\"@type\":\"Organization\",\"@id\":\"https:\\\/\\\/bewehrungstechnik.ch\\\/de-de\\\/#organization\",\"name\":\"Bewehrungstechnik\",\"url\":\"https:\\\/\\\/bewehrungstechnik.ch\\\/de-de\\\/\",\"logo\":{\"@type\":\"ImageObject\",\"inLanguage\":\"de\",\"@id\":\"https:\\\/\\\/bewehrungstechnik.ch\\\/de-de\\\/#\\\/schema\\\/logo\\\/image\\\/\",\"url\":\"https:\\\/\\\/bewehrungstechnik.ch\\\/wp-content\\\/uploads\\\/2021\\\/03\\\/logo.svg\",\"contentUrl\":\"https:\\\/\\\/bewehrungstechnik.ch\\\/wp-content\\\/uploads\\\/2021\\\/03\\\/logo.svg\",\"width\":436,\"height\":436,\"caption\":\"Bewehrungstechnik\"},\"image\":{\"@id\":\"https:\\\/\\\/bewehrungstechnik.ch\\\/de-de\\\/#\\\/schema\\\/logo\\\/image\\\/\"}}]}<\/script>\n<!-- \/ Yoast SEO plugin. -->","yoast_head_json":{"title":"Anmeldung ALLPLAN - Debrunner Bewehrungstechnik Partnerevent - Bewehrungstechnik","robots":{"index":"index","follow":"follow","max-snippet":"max-snippet:-1","max-image-preview":"max-image-preview:large","max-video-preview":"max-video-preview:-1"},"canonical":"https:\/\/bewehrungstechnik.ch\/de-de\/anmeldung-allplan-debrunner-bewehrungstechnik-partnerevent\/","og_locale":"de_DE","og_type":"article","og_title":"Anmeldung ALLPLAN - Debrunner Bewehrungstechnik Partnerevent - Bewehrungstechnik","og_description":"Gemeinsam mit der ALLPLAN Schweiz AG laden wir Sie herzlich zu unserem Partner-Event am 2. April 2025 in Regensdorf (ZH) ein. Erleben Sie innovative L\u00f6sungen f\u00fcr die Sanierung im Betonbau und erfahren Sie mehr \u00fcber die neuesten Entwicklungen in ALLPLAN 2025 sowie nachhaltige Bewehrungstechnik. Bitte melden Sie sich bis sp\u00e4testens 1. April 2025 an. Da [&hellip;]","og_url":"https:\/\/bewehrungstechnik.ch\/de-de\/anmeldung-allplan-debrunner-bewehrungstechnik-partnerevent\/","og_site_name":"Bewehrungstechnik","article_modified_time":"2026-03-31T12:09:32+00:00","twitter_card":"summary_large_image","schema":{"@context":"https:\/\/schema.org","@graph":[{"@type":"WebPage","@id":"https:\/\/bewehrungstechnik.ch\/de-de\/anmeldung-allplan-debrunner-bewehrungstechnik-partnerevent\/","url":"https:\/\/bewehrungstechnik.ch\/de-de\/anmeldung-allplan-debrunner-bewehrungstechnik-partnerevent\/","name":"Anmeldung ALLPLAN - Debrunner Bewehrungstechnik Partnerevent - Bewehrungstechnik","isPartOf":{"@id":"https:\/\/bewehrungstechnik.ch\/de-de\/#website"},"datePublished":"2025-03-10T10:30:15+00:00","dateModified":"2026-03-31T12:09:32+00:00","breadcrumb":{"@id":"https:\/\/bewehrungstechnik.ch\/de-de\/anmeldung-allplan-debrunner-bewehrungstechnik-partnerevent\/#breadcrumb"},"inLanguage":"de","potentialAction":[{"@type":"ReadAction","target":["https:\/\/bewehrungstechnik.ch\/de-de\/anmeldung-allplan-debrunner-bewehrungstechnik-partnerevent\/"]}]},{"@type":"BreadcrumbList","@id":"https:\/\/bewehrungstechnik.ch\/de-de\/anmeldung-allplan-debrunner-bewehrungstechnik-partnerevent\/#breadcrumb","itemListElement":[{"@type":"ListItem","position":1,"name":"Home","item":"https:\/\/bewehrungstechnik.ch\/de-de\/"},{"@type":"ListItem","position":2,"name":"Anmeldung ALLPLAN &#8211; Debrunner Bewehrungstechnik Partnerevent"}]},{"@type":"WebSite","@id":"https:\/\/bewehrungstechnik.ch\/de-de\/#website","url":"https:\/\/bewehrungstechnik.ch\/de-de\/","name":"Bewehrungstechnik","description":"Just another WordPress site","publisher":{"@id":"https:\/\/bewehrungstechnik.ch\/de-de\/#organization"},"potentialAction":[{"@type":"SearchAction","target":{"@type":"EntryPoint","urlTemplate":"https:\/\/bewehrungstechnik.ch\/de-de\/?s={search_term_string}"},"query-input":{"@type":"PropertyValueSpecification","valueRequired":true,"valueName":"search_term_string"}}],"inLanguage":"de"},{"@type":"Organization","@id":"https:\/\/bewehrungstechnik.ch\/de-de\/#organization","name":"Bewehrungstechnik","url":"https:\/\/bewehrungstechnik.ch\/de-de\/","logo":{"@type":"ImageObject","inLanguage":"de","@id":"https:\/\/bewehrungstechnik.ch\/de-de\/#\/schema\/logo\/image\/","url":"https:\/\/bewehrungstechnik.ch\/wp-content\/uploads\/2021\/03\/logo.svg","contentUrl":"https:\/\/bewehrungstechnik.ch\/wp-content\/uploads\/2021\/03\/logo.svg","width":436,"height":436,"caption":"Bewehrungstechnik"},"image":{"@id":"https:\/\/bewehrungstechnik.ch\/de-de\/#\/schema\/logo\/image\/"}}]}},"_links":{"self":[{"href":"https:\/\/bewehrungstechnik.ch\/de-de\/wp-json\/wp\/v2\/pages\/9496","targetHints":{"allow":["GET"]}}],"collection":[{"href":"https:\/\/bewehrungstechnik.ch\/de-de\/wp-json\/wp\/v2\/pages"}],"about":[{"href":"https:\/\/bewehrungstechnik.ch\/de-de\/wp-json\/wp\/v2\/types\/page"}],"author":[{"embeddable":true,"href":"https:\/\/bewehrungstechnik.ch\/de-de\/wp-json\/wp\/v2\/users\/12"}],"replies":[{"embeddable":true,"href":"https:\/\/bewehrungstechnik.ch\/de-de\/wp-json\/wp\/v2\/comments?post=9496"}],"version-history":[{"count":2,"href":"https:\/\/bewehrungstechnik.ch\/de-de\/wp-json\/wp\/v2\/pages\/9496\/revisions"}],"predecessor-version":[{"id":12771,"href":"https:\/\/bewehrungstechnik.ch\/de-de\/wp-json\/wp\/v2\/pages\/9496\/revisions\/12771"}],"wp:attachment":[{"href":"https:\/\/bewehrungstechnik.ch\/de-de\/wp-json\/wp\/v2\/media?parent=9496"}],"curies":[{"name":"wp","href":"https:\/\/api.w.org\/{rel}","templated":true}]}}