{"id":9514,"date":"2025-03-10T10:32:22","date_gmt":"2025-03-10T10:32:22","guid":{"rendered":"https:\/\/bewehrungstechnik.ch\/?page_id=9514"},"modified":"2025-03-10T10:32:26","modified_gmt":"2025-03-10T10:32:26","slug":"bestellung-acinoxplus-spezial-anwendungen","status":"publish","type":"page","link":"https:\/\/bewehrungstechnik.ch\/de-de\/bestellung-acinoxplus-spezial-anwendungen\/","title":{"rendered":"Bestellung &#8211; ACINOXplus\u00ae Spezial-Anwendungen"},"content":{"rendered":"\n      <p id=\"block_eaaff89d92c942d278398e50ae696293\" class=\"c-title mt-0 mb-6 lg:mb-17 alignwidetext-left l-block\"  >\n  \n  Bestellung &#8211; ACINOXplus\u00ae Spezial-Anwendungen<\/p>\n\n<!-- HTML Forms v1.6.4 - https:\/\/wordpress.org\/plugins\/html-forms\/ -->\n<form method=\"post\"  class=\"hf-form hf-form-8884 \" data-id=\"8884\" data-title=\"Bestellung ACINOXplus Spez. - DE\" data-slug=\"bestellung-acinoxplus-spez-de\" data-message-success=\"Vielen Dank! Wir werden uns in K\u00fcrze melden.\" data-message-invalid-email=\"Entschuldige, aber die E-Mail Adresse scheint ung\u00fcltig zu sein.\" data-message-required-field-missing=\"Bitte f\u00fclle die erforderlichen Felder aus.\" data-message-error=\"Hoppla. Ein Fehler ist aufgetreten.\" data-message-recaptcha-failed=\"reCAPTCHA verification failed. Please try again.\" data-message-recaptcha-low-score=\"Your submission appears to be spam. Please try again.\"><input type=\"hidden\" name=\"_hf_form_id\" value=\"8884\" \/><div style=\"display: none;\"><input type=\"text\" name=\"_hf_h8884\" value=\"\" \/><\/div><div class=\"hf-fields-wrap\"><div class=\"js-collapse md:grid md:grid-cols-10 md:gap-x-10 mb-8 md:mb-0\" data-collapse-parameters='{\"toggleClass\":\"text-black text-primary\",\"toggleIconClass\":\"c-icon--minus-square c-icon--plus-square\",\"targetClass\":\"hidden block\"}'>\r\n    <div class=\"js-collapse__toggle md:col-span-3 md:pointer-events-none flex items-center md:block text-18 font-bold leading-snug transition-colors md:transition-none cursor-pointer md:cursor-auto cursor-pointer text-black md:text-black\">\r\n        <div class=\"md:hidden mr-5 text-0 self-start\">\r\n            <i class=\"js-collapse__toggle-icon c-icon c-icon--plus-square text-28\"><\/i>\r\n        <\/div>\r\n        Bestellung aufgeben\r\n    <\/div>\r\n    <div class=\"js-collapse__target col-span-7 hidden md:block\">\r\n        <div class=\"border-l md:border-0 border-primary pl-4 md:pl-0 mt-4 md:mt-0 sm:grid grid-cols-12 sm:gap-x-4 md:gap-x-8 sm:gap-y-4 md:gap-y-10 space-y-4 sm:space-y-0\">\r\n            <div class=\"col-span-6 lg:col-span-4 xl:col-span-2\">\r\n                <label class=\"c-form-label\" for=\"contact-form-salutation\">Anrede<\/label>\r\n                <select class=\"c-form-select\" name=\"salutation\" id=\"contact-form-salutation\">\r\n                    <option value=\"Frau\">Frau<\/option>\r\n                    <option value=\"Herr\">Herr<\/option>\r\n                <\/select>\r\n            <\/div>\r\n            <div class=\"col-span-6 lg:col-span-4 xl:col-span-5\">\r\n                <label class=\"c-form-label\" for=\"contact-form-first-name\">Vorname *<\/label>\r\n                <input class=\"c-form-input\" type=\"text\" name=\"first_name\" placeholder=\"Vornamen eingeben\" id=\"contact-form-first-name\" required \/>\r\n            <\/div>\r\n            <div class=\"col-span-6 lg:col-span-4 xl:col-span-5\">\r\n                <label class=\"c-form-label\" for=\"contact-form-last-name\">Nachname *<\/label>\r\n                <input class=\"c-form-input\" type=\"text\" name=\"last_name\" placeholder=\"Nachnamen eingeben\" id=\"contact-form-last-name\" required \/>\r\n            <\/div>\r\n            <div class=\"col-span-6 lg:col-span-4\">\r\n                <label class=\"c-form-label\" for=\"contact-form-company_name\">Firma *<\/label>\r\n                <input class=\"c-form-input\" type=\"text\" name=\"company_name\" placeholder=\"Firma eingeben\" id=\"contact-form-company_name\" required \/>\r\n            <\/div>\r\n            <!-- Neue Felder f\u00fcr Stra\u00dfe, Ort und Postleitzahl -->\r\n            <div class=\"col-span-6 lg:col-span-4 xl:col-span-3\">\r\n                <label class=\"c-form-label\" for=\"contact-form-street\">Strasse  Nr.*<\/label>\r\n                <input class=\"c-form-input\" type=\"text\" name=\"street\" placeholder=\"Stra\u00dfe und Hausnummer eingeben\" id=\"contact-form-street\" required \/>\r\n            <\/div>\r\n            <div class=\"col-span-6 lg:col-span-4 xl:col-span-3\">\r\n                <label class=\"c-form-label\" for=\"contact-form-city\">Ort*<\/label>\r\n                <input class=\"c-form-input\" type=\"text\" name=\"city\" placeholder=\"Ort eingeben\" id=\"contact-form-city\" required \/>\r\n            <\/div>\r\n            <div class=\"col-span-6 lg:col-span-4 xl:col-span-3\">\r\n                <label class=\"c-form-label\" for=\"contact-form-zip\">Postleitzahl*<\/label>\r\n                <input class=\"c-form-input\" type=\"text\" name=\"zip\" placeholder=\"Postleitzahl eingeben\" id=\"contact-form-zip\" required \/>\r\n            <\/div>\r\n            <div class=\"col-span-6 lg:col-span-4\">\r\n                <label class=\"c-form-label\" for=\"contact-form-function\">Funktion<\/label>\r\n                <input class=\"c-form-input\" type=\"text\" name=\"function\" placeholder=\"Funktion eingeben\" id=\"contact-form-function\" \/>\r\n            <\/div>\r\n            <div class=\"col-span-6 lg:col-span-4\">\r\n                <label class=\"c-form-label\" for=\"contact-form-position\">Position<\/label>\r\n                <input class=\"c-form-input\" type=\"text\" name=\"position\" placeholder=\"Position eingeben\" id=\"contact-form-position\" \/>\r\n            <\/div>\r\n            <!-- Neues Feld f\u00fcr Anzahl Sammelbr\u00f6sch\u00fcren -->\r\n            <div class=\"col-span-6 lg:col-span-4 xl:col-span-2\">\r\n                <label class=\"c-form-label\" for=\"contact-form-brochure-quantity\">Anzahl Sammelbr\u00f6sch\u00fcren<\/label>\r\n                <select class=\"c-form-select\" name=\"brochure_quantity\" id=\"contact-form-brochure-quantity\">\r\n                    <option value=\"1\">1<\/option>\r\n                    <option value=\"2\">2<\/option>\r\n                    <option value=\"3\">3<\/option>\r\n                    <option value=\"4\">4<\/option>\r\n                    <option value=\"5\">5<\/option>\r\n                    <option value=\"6\">6<\/option>\r\n                    <option value=\"7\">7<\/option>\r\n                    <option value=\"8\">8<\/option>\r\n                    <option value=\"9\">9<\/option>\r\n                    <option value=\"10\">10<\/option>\r\n                    <option value=\"11\">11<\/option>\r\n                    <option value=\"12\">12<\/option>\r\n                    <option value=\"13\">13<\/option>\r\n                    <option value=\"14\">14<\/option>\r\n                    <option value=\"15\">15<\/option>\r\n                    <option value=\"16\">16<\/option>\r\n                    <option value=\"17\">17<\/option>\r\n                    <option value=\"18\">18<\/option>\r\n                    <option value=\"19\">19<\/option>\r\n                    <option value=\"20\">20<\/option>\r\n                <\/select>\r\n            <\/div>\r\n        <\/div>\r\n        <!-- Button hinzuf\u00fcgen -->\r\n        <div class=\"mt-8\">\r\n            <button class=\"c-btn c-btn--primary c-btn--icon w-full justify-center\" type=\"submit\">\r\n                Jetzt bestellen\r\n                <i class=\"c-icon c-icon--arrow-right-solid text-10 ml-4\"><\/i>\r\n            <\/button>\r\n        <\/div>\r\n    <\/div>\r\n<\/div>\r\n<noscript>Damit dieses Formular funktioniert bitte JavaScript aktivieren.<\/noscript><\/div><\/form><!-- \/ HTML Forms -->","protected":false},"excerpt":{"rendered":"","protected":false},"author":9,"featured_media":0,"parent":0,"menu_order":0,"comment_status":"closed","ping_status":"closed","template":"","meta":{"_acf_changed":false,"footnotes":""},"class_list":["post-9514","page","type-page","status-publish",""],"acf":[],"yoast_head":"<!-- This site is optimized with the Yoast SEO plugin v27.3 - https:\/\/yoast.com\/product\/yoast-seo-wordpress\/ -->\n<title>Bestellung - ACINOXplus\u00ae Spezial-Anwendungen - Bewehrungstechnik<\/title>\n<meta name=\"robots\" content=\"index, follow, max-snippet:-1, max-image-preview:large, max-video-preview:-1\" \/>\n<link rel=\"canonical\" href=\"https:\/\/bewehrungstechnik.ch\/de-de\/bestellung-acinoxplus-spezial-anwendungen\/\" \/>\n<meta property=\"og:locale\" content=\"de_DE\" \/>\n<meta property=\"og:type\" content=\"article\" \/>\n<meta property=\"og:title\" content=\"Bestellung - ACINOXplus\u00ae Spezial-Anwendungen - Bewehrungstechnik\" \/>\n<meta property=\"og:url\" content=\"https:\/\/bewehrungstechnik.ch\/de-de\/bestellung-acinoxplus-spezial-anwendungen\/\" \/>\n<meta property=\"og:site_name\" content=\"Bewehrungstechnik\" \/>\n<meta property=\"article:modified_time\" content=\"2025-03-10T10:32:26+00:00\" \/>\n<meta name=\"twitter:card\" content=\"summary_large_image\" \/>\n<script type=\"application\/ld+json\" class=\"yoast-schema-graph\">{\"@context\":\"https:\\\/\\\/schema.org\",\"@graph\":[{\"@type\":\"WebPage\",\"@id\":\"https:\\\/\\\/bewehrungstechnik.ch\\\/de-de\\\/bestellung-acinoxplus-spezial-anwendungen\\\/\",\"url\":\"https:\\\/\\\/bewehrungstechnik.ch\\\/de-de\\\/bestellung-acinoxplus-spezial-anwendungen\\\/\",\"name\":\"Bestellung - ACINOXplus\u00ae Spezial-Anwendungen - Bewehrungstechnik\",\"isPartOf\":{\"@id\":\"https:\\\/\\\/bewehrungstechnik.ch\\\/de-de\\\/#website\"},\"datePublished\":\"2025-03-10T10:32:22+00:00\",\"dateModified\":\"2025-03-10T10:32:26+00:00\",\"breadcrumb\":{\"@id\":\"https:\\\/\\\/bewehrungstechnik.ch\\\/de-de\\\/bestellung-acinoxplus-spezial-anwendungen\\\/#breadcrumb\"},\"inLanguage\":\"de\",\"potentialAction\":[{\"@type\":\"ReadAction\",\"target\":[\"https:\\\/\\\/bewehrungstechnik.ch\\\/de-de\\\/bestellung-acinoxplus-spezial-anwendungen\\\/\"]}]},{\"@type\":\"BreadcrumbList\",\"@id\":\"https:\\\/\\\/bewehrungstechnik.ch\\\/de-de\\\/bestellung-acinoxplus-spezial-anwendungen\\\/#breadcrumb\",\"itemListElement\":[{\"@type\":\"ListItem\",\"position\":1,\"name\":\"Home\",\"item\":\"https:\\\/\\\/bewehrungstechnik.ch\\\/de-de\\\/\"},{\"@type\":\"ListItem\",\"position\":2,\"name\":\"Bestellung &#8211; ACINOXplus\u00ae Spezial-Anwendungen\"}]},{\"@type\":\"WebSite\",\"@id\":\"https:\\\/\\\/bewehrungstechnik.ch\\\/de-de\\\/#website\",\"url\":\"https:\\\/\\\/bewehrungstechnik.ch\\\/de-de\\\/\",\"name\":\"Bewehrungstechnik\",\"description\":\"Just another WordPress site\",\"publisher\":{\"@id\":\"https:\\\/\\\/bewehrungstechnik.ch\\\/de-de\\\/#organization\"},\"potentialAction\":[{\"@type\":\"SearchAction\",\"target\":{\"@type\":\"EntryPoint\",\"urlTemplate\":\"https:\\\/\\\/bewehrungstechnik.ch\\\/de-de\\\/?s={search_term_string}\"},\"query-input\":{\"@type\":\"PropertyValueSpecification\",\"valueRequired\":true,\"valueName\":\"search_term_string\"}}],\"inLanguage\":\"de\"},{\"@type\":\"Organization\",\"@id\":\"https:\\\/\\\/bewehrungstechnik.ch\\\/de-de\\\/#organization\",\"name\":\"Bewehrungstechnik\",\"url\":\"https:\\\/\\\/bewehrungstechnik.ch\\\/de-de\\\/\",\"logo\":{\"@type\":\"ImageObject\",\"inLanguage\":\"de\",\"@id\":\"https:\\\/\\\/bewehrungstechnik.ch\\\/de-de\\\/#\\\/schema\\\/logo\\\/image\\\/\",\"url\":\"https:\\\/\\\/bewehrungstechnik.ch\\\/wp-content\\\/uploads\\\/2021\\\/03\\\/logo.svg\",\"contentUrl\":\"https:\\\/\\\/bewehrungstechnik.ch\\\/wp-content\\\/uploads\\\/2021\\\/03\\\/logo.svg\",\"width\":436,\"height\":436,\"caption\":\"Bewehrungstechnik\"},\"image\":{\"@id\":\"https:\\\/\\\/bewehrungstechnik.ch\\\/de-de\\\/#\\\/schema\\\/logo\\\/image\\\/\"}}]}<\/script>\n<!-- \/ Yoast SEO plugin. -->","yoast_head_json":{"title":"Bestellung - ACINOXplus\u00ae Spezial-Anwendungen - Bewehrungstechnik","robots":{"index":"index","follow":"follow","max-snippet":"max-snippet:-1","max-image-preview":"max-image-preview:large","max-video-preview":"max-video-preview:-1"},"canonical":"https:\/\/bewehrungstechnik.ch\/de-de\/bestellung-acinoxplus-spezial-anwendungen\/","og_locale":"de_DE","og_type":"article","og_title":"Bestellung - ACINOXplus\u00ae Spezial-Anwendungen - Bewehrungstechnik","og_url":"https:\/\/bewehrungstechnik.ch\/de-de\/bestellung-acinoxplus-spezial-anwendungen\/","og_site_name":"Bewehrungstechnik","article_modified_time":"2025-03-10T10:32:26+00:00","twitter_card":"summary_large_image","schema":{"@context":"https:\/\/schema.org","@graph":[{"@type":"WebPage","@id":"https:\/\/bewehrungstechnik.ch\/de-de\/bestellung-acinoxplus-spezial-anwendungen\/","url":"https:\/\/bewehrungstechnik.ch\/de-de\/bestellung-acinoxplus-spezial-anwendungen\/","name":"Bestellung - ACINOXplus\u00ae Spezial-Anwendungen - Bewehrungstechnik","isPartOf":{"@id":"https:\/\/bewehrungstechnik.ch\/de-de\/#website"},"datePublished":"2025-03-10T10:32:22+00:00","dateModified":"2025-03-10T10:32:26+00:00","breadcrumb":{"@id":"https:\/\/bewehrungstechnik.ch\/de-de\/bestellung-acinoxplus-spezial-anwendungen\/#breadcrumb"},"inLanguage":"de","potentialAction":[{"@type":"ReadAction","target":["https:\/\/bewehrungstechnik.ch\/de-de\/bestellung-acinoxplus-spezial-anwendungen\/"]}]},{"@type":"BreadcrumbList","@id":"https:\/\/bewehrungstechnik.ch\/de-de\/bestellung-acinoxplus-spezial-anwendungen\/#breadcrumb","itemListElement":[{"@type":"ListItem","position":1,"name":"Home","item":"https:\/\/bewehrungstechnik.ch\/de-de\/"},{"@type":"ListItem","position":2,"name":"Bestellung &#8211; ACINOXplus\u00ae Spezial-Anwendungen"}]},{"@type":"WebSite","@id":"https:\/\/bewehrungstechnik.ch\/de-de\/#website","url":"https:\/\/bewehrungstechnik.ch\/de-de\/","name":"Bewehrungstechnik","description":"Just another WordPress site","publisher":{"@id":"https:\/\/bewehrungstechnik.ch\/de-de\/#organization"},"potentialAction":[{"@type":"SearchAction","target":{"@type":"EntryPoint","urlTemplate":"https:\/\/bewehrungstechnik.ch\/de-de\/?s={search_term_string}"},"query-input":{"@type":"PropertyValueSpecification","valueRequired":true,"valueName":"search_term_string"}}],"inLanguage":"de"},{"@type":"Organization","@id":"https:\/\/bewehrungstechnik.ch\/de-de\/#organization","name":"Bewehrungstechnik","url":"https:\/\/bewehrungstechnik.ch\/de-de\/","logo":{"@type":"ImageObject","inLanguage":"de","@id":"https:\/\/bewehrungstechnik.ch\/de-de\/#\/schema\/logo\/image\/","url":"https:\/\/bewehrungstechnik.ch\/wp-content\/uploads\/2021\/03\/logo.svg","contentUrl":"https:\/\/bewehrungstechnik.ch\/wp-content\/uploads\/2021\/03\/logo.svg","width":436,"height":436,"caption":"Bewehrungstechnik"},"image":{"@id":"https:\/\/bewehrungstechnik.ch\/de-de\/#\/schema\/logo\/image\/"}}]}},"_links":{"self":[{"href":"https:\/\/bewehrungstechnik.ch\/de-de\/wp-json\/wp\/v2\/pages\/9514","targetHints":{"allow":["GET"]}}],"collection":[{"href":"https:\/\/bewehrungstechnik.ch\/de-de\/wp-json\/wp\/v2\/pages"}],"about":[{"href":"https:\/\/bewehrungstechnik.ch\/de-de\/wp-json\/wp\/v2\/types\/page"}],"author":[{"embeddable":true,"href":"https:\/\/bewehrungstechnik.ch\/de-de\/wp-json\/wp\/v2\/users\/9"}],"replies":[{"embeddable":true,"href":"https:\/\/bewehrungstechnik.ch\/de-de\/wp-json\/wp\/v2\/comments?post=9514"}],"version-history":[{"count":1,"href":"https:\/\/bewehrungstechnik.ch\/de-de\/wp-json\/wp\/v2\/pages\/9514\/revisions"}],"predecessor-version":[{"id":9519,"href":"https:\/\/bewehrungstechnik.ch\/de-de\/wp-json\/wp\/v2\/pages\/9514\/revisions\/9519"}],"wp:attachment":[{"href":"https:\/\/bewehrungstechnik.ch\/de-de\/wp-json\/wp\/v2\/media?parent=9514"}],"curies":[{"name":"wp","href":"https:\/\/api.w.org\/{rel}","templated":true}]}}