{"id":9517,"date":"2025-03-10T10:32:26","date_gmt":"2025-03-10T10:32:26","guid":{"rendered":"https:\/\/bewehrungstechnik.ch\/?page_id=9517"},"modified":"2025-03-10T10:32:28","modified_gmt":"2025-03-10T10:32:28","slug":"co2-kategorisierung-betonstahl","status":"publish","type":"page","link":"https:\/\/bewehrungstechnik.ch\/de-de\/co2-kategorisierung-betonstahl\/","title":{"rendered":"CO2-Kategorisierung Betonstahl"},"content":{"rendered":"\n      <p id=\"block_1cdac22d1a4bc26e90d8c83d6ac59532\" class=\"c-title mt-0 mb-6 lg:mb-17 alignwidetext-left l-block\"  >\n  \n  CO2-Kategorisierung Betonstahl<\/p>\n\n\n<div class=\"wp-block-columns is-layout-flex wp-container-core-columns-is-layout-9d6595d7 wp-block-columns-is-layout-flex\">\n<div class=\"wp-block-column is-layout-flow wp-block-column-is-layout-flow\">\n<h3 class=\"wp-block-heading\"><strong><mark style=\"background-color:rgba(0, 0, 0, 0)\" class=\"has-inline-color has-primary-color\">Vergleich auf Verbraucherseite bisher nicht m\u00f6glich<\/mark><\/strong><\/h3>\n\n\n\n<p>Begriffe wie \u00abGr\u00fcner Stahl\u00bb oder \u00abGreen Steel\u00bb sind in unserer Branche schon seit einiger Zeit verbreitet. Bislang hat jedoch keine allgemeing\u00fcltige Definition existiert. Ein \u00e4hnlich undurchsichtiges Bild zeigt sich bei Zertifizierungen und Kennzeichnungen. Hersteller versehen ihren Stahl inzwischen mit einem gr\u00fcnen Siegel oder reden gar von CO<sub>2<\/sub>-neutralem Stahl. Dass keine allgemeing\u00fcltige Definition und keine einheitliche Zertifizierung existieren, erschwert den Vergleich auf Verbraucherseite.<\/p>\n\n\n\n<h3 class=\"wp-block-heading\"><mark style=\"background-color:rgba(0, 0, 0, 0)\" class=\"has-inline-color has-primary-color\">Wir schaffen eine einheitliche Terminologie<\/mark><\/h3>\n\n\n\n<p>Dieses Problem hat unser Mutterkonzern behoben, indem er eine weltweit g\u00fcltige Kategorisierung entwickelt hat. Sie beruht auf der Kundennachfrage, der Sicht von Stahlproduzenten, Technologien in der Stahlproduktion und dem GHG Protocol* als dem am weitesten verbreiteten Standard zur Bilanzierung von Treibhausgasemissionen.<\/p>\n\n\n\n<p>* Das GHG Protocol (Greenhouse Gas Protocol) ist eine private transnationale Standardreihe zur Bilanzierung von Treibhausgasemissionen.<\/p>\n<\/div>\n\n\n\n<div class=\"wp-block-column is-layout-flow wp-block-column-is-layout-flow\">\n<figure class=\"wp-block-image size-full\"><img loading=\"lazy\" decoding=\"async\" width=\"784\" height=\"523\" src=\"https:\/\/bewehrungstechnik.ch\/wp-content\/uploads\/Nexigen_Coil_CO2-edited-3.png\" alt=\"\" class=\"wp-image-8142\" srcset=\"https:\/\/bewehrungstechnik.ch\/wp-content\/uploads\/Nexigen_Coil_CO2-edited-3.png 784w, https:\/\/bewehrungstechnik.ch\/wp-content\/uploads\/Nexigen_Coil_CO2-edited-3-300x200.png 300w, https:\/\/bewehrungstechnik.ch\/wp-content\/uploads\/Nexigen_Coil_CO2-edited-3-768x512.png 768w, https:\/\/bewehrungstechnik.ch\/wp-content\/uploads\/Nexigen_Coil_CO2-edited-3-436x291.png 436w, https:\/\/bewehrungstechnik.ch\/wp-content\/uploads\/Nexigen_Coil_CO2-edited-3-550x367.png 550w\" sizes=\"auto, (max-width: 784px) 100vw, 784px\" \/><\/figure>\n<\/div>\n<\/div>\n\n\n\n<div class=\"wp-block-columns is-layout-flex wp-container-core-columns-is-layout-9d6595d7 wp-block-columns-is-layout-flex\">\n<div class=\"wp-block-column is-layout-flow wp-block-column-is-layout-flow\">\n<h3 class=\"wp-block-heading\"><mark style=\"background-color:rgba(0, 0, 0, 0)\" class=\"has-inline-color has-primary-color\">Transparenz mit dem Product Carbon Footprint &#8211; PCF<\/mark><\/h3>\n\n\n\n<p>Die Produktemissionen, von der Rohstoffgewinnung bis hin zur Auslieferung auf die Baustelle, werden durch den Product Carbon Footprint (PCF) erfasst. Unternehmen, die ihre Wertsch\u00f6pfungskette dekarbonisieren m\u00f6chten, stehen dabei oft vor zwei gro\u00dfen Herausforderungen: Sie m\u00fcssen die Emissionsdaten ihrer eingekauften Produkte genau ermitteln und anschlie\u00dfend Optimierungspotenziale aufdecken. Mit dem Nexigen\u00ae B500B kann der Product Carbon Footprint (PCF) f\u00fcr den Betonstahl ihres Projekts zuverl\u00e4ssig ermittelt und transparent dargestellt werden.<\/p>\n<\/div>\n\n\n\n<div class=\"wp-block-column is-layout-flow wp-block-column-is-layout-flow\">\n<h3 class=\"wp-block-heading\"><mark style=\"background-color:rgba(0, 0, 0, 0)\" class=\"has-inline-color has-primary-color\">Wir erm\u00f6glichen den Vergleich von Fussabdr\u00fccken<\/mark><\/h3>\n\n\n\n<p>Neben der vollst\u00e4ndigen Eliminierung von CO<sub>2<\/sub>-Emissionen bedeutet schon deren substanzielle Reduktion einen Mehrwert f\u00fcr die gr\u00fcne Transformation \u2013 davon sind wir \u00fcberzeugt. Die von uns definierte Kategorisierung umfasst deshalb mehrere Stufen zur CO<sub>2<\/sub>-Reduktion. Diese Kategorien erm\u00f6glichen den Vergleich unterschiedlicher Produkte resp. erlauben, die durch Nexigen<sup>\u00ae<\/sup>&nbsp;B500B bedingte CO<sub>2<\/sub>-Reduktion konkret aufzuzeigen. Das wiederum erlaubt Ihnen, die CO<sub>2<\/sub>-Bilanz Ihrer Bauwerke zu verbessern.<\/p>\n<\/div>\n<\/div>\n\n\n\n<figure class=\"wp-block-image size-full\"><img loading=\"lazy\" decoding=\"async\" width=\"1920\" height=\"600\" src=\"https:\/\/bewehrungstechnik.ch\/wp-content\/uploads\/230721_NEX_Categories_CarbonSteel_de.jpg\" alt=\"\" class=\"wp-image-8083\" srcset=\"https:\/\/bewehrungstechnik.ch\/wp-content\/uploads\/230721_NEX_Categories_CarbonSteel_de.jpg 1920w, https:\/\/bewehrungstechnik.ch\/wp-content\/uploads\/230721_NEX_Categories_CarbonSteel_de-300x94.jpg 300w, https:\/\/bewehrungstechnik.ch\/wp-content\/uploads\/230721_NEX_Categories_CarbonSteel_de-1024x320.jpg 1024w, https:\/\/bewehrungstechnik.ch\/wp-content\/uploads\/230721_NEX_Categories_CarbonSteel_de-768x240.jpg 768w, https:\/\/bewehrungstechnik.ch\/wp-content\/uploads\/230721_NEX_Categories_CarbonSteel_de-1536x480.jpg 1536w, https:\/\/bewehrungstechnik.ch\/wp-content\/uploads\/230721_NEX_Categories_CarbonSteel_de-436x136.jpg 436w, https:\/\/bewehrungstechnik.ch\/wp-content\/uploads\/230721_NEX_Categories_CarbonSteel_de-550x172.jpg 550w\" sizes=\"auto, (max-width: 1920px) 100vw, 1920px\" \/><\/figure>\n\n\n\n<div class=\"wp-block-columns is-layout-flex wp-container-core-columns-is-layout-9d6595d7 wp-block-columns-is-layout-flex\">\n<div class=\"wp-block-column is-layout-flow wp-block-column-is-layout-flow\">\n<h3 class=\"wp-block-heading\"><mark style=\"background-color:rgba(0, 0, 0, 0)\" class=\"has-inline-color has-primary-color\">Wir betreiben kein Greenwashing<\/mark><\/h3>\n\n\n\n<p>Unsere Kategorien ber\u00fccksichtigen den tats\u00e4chlichen physischen Fussabdruck \u2013 vom Rohstoff bis zur Stahlherstellung. Auf diese Weise distanzieren wir uns von Produkt-Greenwashing. Stattdessen stellen wir aussagekr\u00e4ftige Emissionsdaten unserer Produkte zur Verf\u00fcgung.<\/p>\n<\/div>\n\n\n\n<div class=\"wp-block-column is-layout-flow wp-block-column-is-layout-flow\"><div class=\"wp-block-image\">\n<figure class=\"alignright size-full is-resized\"><img loading=\"lazy\" decoding=\"async\" width=\"1083\" height=\"721\" src=\"https:\/\/bewehrungstechnik.ch\/wp-content\/uploads\/NEXIGEN-B500B-Coil.png\" alt=\"\" class=\"wp-image-8087\" style=\"width:616px;height:auto\" srcset=\"https:\/\/bewehrungstechnik.ch\/wp-content\/uploads\/NEXIGEN-B500B-Coil.png 1083w, https:\/\/bewehrungstechnik.ch\/wp-content\/uploads\/NEXIGEN-B500B-Coil-300x200.png 300w, https:\/\/bewehrungstechnik.ch\/wp-content\/uploads\/NEXIGEN-B500B-Coil-1024x682.png 1024w, https:\/\/bewehrungstechnik.ch\/wp-content\/uploads\/NEXIGEN-B500B-Coil-768x511.png 768w, https:\/\/bewehrungstechnik.ch\/wp-content\/uploads\/NEXIGEN-B500B-Coil-436x290.png 436w, https:\/\/bewehrungstechnik.ch\/wp-content\/uploads\/NEXIGEN-B500B-Coil-550x366.png 550w\" sizes=\"auto, (max-width: 1083px) 100vw, 1083px\" \/><\/figure>\n<\/div><\/div>\n<\/div>\n\n\n\n<hr class=\"wp-block-separator has-alpha-channel-opacity\"\/>\n\n\n\n<div class=\"wp-block-columns is-layout-flex wp-container-core-columns-is-layout-9d6595d7 wp-block-columns-is-layout-flex\">\n<div class=\"wp-block-column is-layout-flow wp-block-column-is-layout-flow\">\n<h2 class=\"wp-block-heading has-text-align-center\"><strong><mark style=\"background-color:rgba(0, 0, 0, 0)\" class=\"has-inline-color has-primary-color\">Unser Umwelt-Engagement&nbsp;&nbsp;<\/mark><\/strong><\/h2>\n\n\n\n<p>Unsere Priorit\u00e4t liegt auf der Vermeidung von Verschwendung in allen Bereichen. Wir achten auf einen effizienten Verbrauch von Materialien, Energie und nat\u00fcrlichen Ressourcen. Durch eine kontinuierliche \u00dcberwachung unserer Ressourcennutzung und CO<sub>2<\/sub>-Emissionen streben wir st\u00e4ndige Optimierungen an, wann immer dies machbar ist. Unser Ziel ist es, den wachsenden Anforderungen an Ressourceneffizien. <br>Erfahre mehr unter:<\/p>\n\n\n\n<p><\/p>\n\n\n<div class=\"wp-block-image\">\n<figure class=\"aligncenter size-full is-resized\"><a href=\"https:\/\/www.dkg.ch\/dkg\/ueber-uns\/nachhaltigkeit\/umwelt\/\"><img loading=\"lazy\" decoding=\"async\" width=\"940\" height=\"720\" src=\"https:\/\/bewehrungstechnik.ch\/wp-content\/uploads\/Nexigen_Verlinkung_Umwelt.png\" alt=\"\" class=\"wp-image-8095\" style=\"width:572px;height:auto\" srcset=\"https:\/\/bewehrungstechnik.ch\/wp-content\/uploads\/Nexigen_Verlinkung_Umwelt.png 940w, https:\/\/bewehrungstechnik.ch\/wp-content\/uploads\/Nexigen_Verlinkung_Umwelt-300x230.png 300w, https:\/\/bewehrungstechnik.ch\/wp-content\/uploads\/Nexigen_Verlinkung_Umwelt-768x588.png 768w, https:\/\/bewehrungstechnik.ch\/wp-content\/uploads\/Nexigen_Verlinkung_Umwelt-436x334.png 436w, https:\/\/bewehrungstechnik.ch\/wp-content\/uploads\/Nexigen_Verlinkung_Umwelt-550x421.png 550w\" sizes=\"auto, (max-width: 940px) 100vw, 940px\" \/><\/a><\/figure>\n<\/div><\/div>\n\n\n\n<div class=\"wp-block-column is-layout-flow wp-block-column-is-layout-flow\">\n<h2 class=\"wp-block-heading has-text-align-center\"><mark style=\"background-color:rgba(0, 0, 0, 0)\" class=\"has-inline-color has-primary-color\"><strong>Nexigen<\/strong>\u00ae B500B<\/mark><\/h2>\n\n\n\n<p>Nexigen\u00ae f\u00f6rdert nachhaltige Bewehrungen und Bewehrungsl\u00f6sungen, reduziert CO<sub>2<\/sub>-Emissionen und unterst\u00fctzt die Schaffung umweltfreundlicher Lieferketten. Ziel ist es, den gr\u00fcnen Wandel zu beschleunigen. Nexigen\u00ae bietet transparente CO2-reduzierte Bewehrungen an, die die CO<sub>2<\/sub>-Bilanz von Bauwerken verbessern. Die Herstellung erfolgt mit 100% Wasserkraft wie auch 100% Schrott, wodurch der geringste CO<sub>2<\/sub>-Fu\u00dfabdruck im Betonstahlbereich ausgewiesen werden kann. Mehr dazu auf der folgenden Seite:<\/p>\n\n\n\n<p><\/p>\n\n\n<div class=\"wp-block-image\">\n<figure class=\"aligncenter size-full is-resized\"><a href=\"https:\/\/bewehrungstechnik.ch\/product\/nexigen\/\"><img loading=\"lazy\" decoding=\"async\" width=\"940\" height=\"720\" src=\"https:\/\/bewehrungstechnik.ch\/wp-content\/uploads\/Nexigen_Coil.png\" alt=\"\" class=\"wp-image-8144\" style=\"width:591px;height:auto\" srcset=\"https:\/\/bewehrungstechnik.ch\/wp-content\/uploads\/Nexigen_Coil.png 940w, https:\/\/bewehrungstechnik.ch\/wp-content\/uploads\/Nexigen_Coil-300x230.png 300w, https:\/\/bewehrungstechnik.ch\/wp-content\/uploads\/Nexigen_Coil-768x588.png 768w, https:\/\/bewehrungstechnik.ch\/wp-content\/uploads\/Nexigen_Coil-436x334.png 436w, https:\/\/bewehrungstechnik.ch\/wp-content\/uploads\/Nexigen_Coil-550x421.png 550w\" sizes=\"auto, (max-width: 940px) 100vw, 940px\" \/><\/a><\/figure>\n<\/div><\/div>\n<\/div>\n","protected":false},"excerpt":{"rendered":"<p>Vergleich auf Verbraucherseite bisher nicht m\u00f6glich Begriffe wie \u00abGr\u00fcner Stahl\u00bb oder \u00abGreen Steel\u00bb sind in unserer Branche schon seit einiger Zeit verbreitet. Bislang hat jedoch keine allgemeing\u00fcltige Definition existiert. Ein \u00e4hnlich undurchsichtiges Bild zeigt sich bei Zertifizierungen und Kennzeichnungen. Hersteller versehen ihren Stahl inzwischen mit einem gr\u00fcnen Siegel oder reden gar von CO2-neutralem Stahl. Dass [&hellip;]<\/p>\n","protected":false},"author":9,"featured_media":0,"parent":0,"menu_order":0,"comment_status":"closed","ping_status":"closed","template":"","meta":{"_acf_changed":false,"footnotes":""},"class_list":["post-9517","page","type-page","status-publish",""],"acf":[],"yoast_head":"<!-- This site is optimized with the Yoast SEO plugin v27.3 - https:\/\/yoast.com\/product\/yoast-seo-wordpress\/ -->\n<title>CO2-Kategorisierung Betonstahl - Bewehrungstechnik<\/title>\n<meta name=\"robots\" content=\"index, follow, max-snippet:-1, max-image-preview:large, max-video-preview:-1\" \/>\n<link rel=\"canonical\" href=\"https:\/\/bewehrungstechnik.ch\/de-de\/co2-kategorisierung-betonstahl\/\" \/>\n<meta property=\"og:locale\" content=\"de_DE\" \/>\n<meta property=\"og:type\" content=\"article\" \/>\n<meta property=\"og:title\" content=\"CO2-Kategorisierung Betonstahl - Bewehrungstechnik\" \/>\n<meta property=\"og:description\" content=\"Vergleich auf Verbraucherseite bisher nicht m\u00f6glich Begriffe wie \u00abGr\u00fcner Stahl\u00bb oder \u00abGreen Steel\u00bb sind in unserer Branche schon seit einiger Zeit verbreitet. Bislang hat jedoch keine allgemeing\u00fcltige Definition existiert. Ein \u00e4hnlich undurchsichtiges Bild zeigt sich bei Zertifizierungen und Kennzeichnungen. Hersteller versehen ihren Stahl inzwischen mit einem gr\u00fcnen Siegel oder reden gar von CO2-neutralem Stahl. Dass [&hellip;]\" \/>\n<meta property=\"og:url\" content=\"https:\/\/bewehrungstechnik.ch\/de-de\/co2-kategorisierung-betonstahl\/\" \/>\n<meta property=\"og:site_name\" content=\"Bewehrungstechnik\" \/>\n<meta property=\"article:modified_time\" content=\"2025-03-10T10:32:28+00:00\" \/>\n<meta property=\"og:image\" content=\"https:\/\/bewehrungstechnik.ch\/wp-content\/uploads\/Nexigen_Coil_CO2-edited-3.png\" \/>\n\t<meta property=\"og:image:width\" content=\"784\" \/>\n\t<meta property=\"og:image:height\" content=\"523\" \/>\n\t<meta property=\"og:image:type\" content=\"image\/png\" \/>\n<meta name=\"twitter:card\" content=\"summary_large_image\" \/>\n<script type=\"application\/ld+json\" class=\"yoast-schema-graph\">{\"@context\":\"https:\\\/\\\/schema.org\",\"@graph\":[{\"@type\":\"WebPage\",\"@id\":\"https:\\\/\\\/bewehrungstechnik.ch\\\/de-de\\\/co2-kategorisierung-betonstahl\\\/\",\"url\":\"https:\\\/\\\/bewehrungstechnik.ch\\\/de-de\\\/co2-kategorisierung-betonstahl\\\/\",\"name\":\"CO2-Kategorisierung Betonstahl - Bewehrungstechnik\",\"isPartOf\":{\"@id\":\"https:\\\/\\\/bewehrungstechnik.ch\\\/de-de\\\/#website\"},\"primaryImageOfPage\":{\"@id\":\"https:\\\/\\\/bewehrungstechnik.ch\\\/de-de\\\/co2-kategorisierung-betonstahl\\\/#primaryimage\"},\"image\":{\"@id\":\"https:\\\/\\\/bewehrungstechnik.ch\\\/de-de\\\/co2-kategorisierung-betonstahl\\\/#primaryimage\"},\"thumbnailUrl\":\"https:\\\/\\\/bewehrungstechnik.ch\\\/wp-content\\\/uploads\\\/Nexigen_Coil_CO2-edited-3.png\",\"datePublished\":\"2025-03-10T10:32:26+00:00\",\"dateModified\":\"2025-03-10T10:32:28+00:00\",\"breadcrumb\":{\"@id\":\"https:\\\/\\\/bewehrungstechnik.ch\\\/de-de\\\/co2-kategorisierung-betonstahl\\\/#breadcrumb\"},\"inLanguage\":\"de\",\"potentialAction\":[{\"@type\":\"ReadAction\",\"target\":[\"https:\\\/\\\/bewehrungstechnik.ch\\\/de-de\\\/co2-kategorisierung-betonstahl\\\/\"]}]},{\"@type\":\"ImageObject\",\"inLanguage\":\"de\",\"@id\":\"https:\\\/\\\/bewehrungstechnik.ch\\\/de-de\\\/co2-kategorisierung-betonstahl\\\/#primaryimage\",\"url\":\"https:\\\/\\\/bewehrungstechnik.ch\\\/wp-content\\\/uploads\\\/Nexigen_Coil_CO2-edited-3.png\",\"contentUrl\":\"https:\\\/\\\/bewehrungstechnik.ch\\\/wp-content\\\/uploads\\\/Nexigen_Coil_CO2-edited-3.png\"},{\"@type\":\"BreadcrumbList\",\"@id\":\"https:\\\/\\\/bewehrungstechnik.ch\\\/de-de\\\/co2-kategorisierung-betonstahl\\\/#breadcrumb\",\"itemListElement\":[{\"@type\":\"ListItem\",\"position\":1,\"name\":\"Home\",\"item\":\"https:\\\/\\\/bewehrungstechnik.ch\\\/de-de\\\/\"},{\"@type\":\"ListItem\",\"position\":2,\"name\":\"CO2-Kategorisierung Betonstahl\"}]},{\"@type\":\"WebSite\",\"@id\":\"https:\\\/\\\/bewehrungstechnik.ch\\\/de-de\\\/#website\",\"url\":\"https:\\\/\\\/bewehrungstechnik.ch\\\/de-de\\\/\",\"name\":\"Bewehrungstechnik\",\"description\":\"Just another WordPress site\",\"publisher\":{\"@id\":\"https:\\\/\\\/bewehrungstechnik.ch\\\/de-de\\\/#organization\"},\"potentialAction\":[{\"@type\":\"SearchAction\",\"target\":{\"@type\":\"EntryPoint\",\"urlTemplate\":\"https:\\\/\\\/bewehrungstechnik.ch\\\/de-de\\\/?s={search_term_string}\"},\"query-input\":{\"@type\":\"PropertyValueSpecification\",\"valueRequired\":true,\"valueName\":\"search_term_string\"}}],\"inLanguage\":\"de\"},{\"@type\":\"Organization\",\"@id\":\"https:\\\/\\\/bewehrungstechnik.ch\\\/de-de\\\/#organization\",\"name\":\"Bewehrungstechnik\",\"url\":\"https:\\\/\\\/bewehrungstechnik.ch\\\/de-de\\\/\",\"logo\":{\"@type\":\"ImageObject\",\"inLanguage\":\"de\",\"@id\":\"https:\\\/\\\/bewehrungstechnik.ch\\\/de-de\\\/#\\\/schema\\\/logo\\\/image\\\/\",\"url\":\"https:\\\/\\\/bewehrungstechnik.ch\\\/wp-content\\\/uploads\\\/2021\\\/03\\\/logo.svg\",\"contentUrl\":\"https:\\\/\\\/bewehrungstechnik.ch\\\/wp-content\\\/uploads\\\/2021\\\/03\\\/logo.svg\",\"width\":436,\"height\":436,\"caption\":\"Bewehrungstechnik\"},\"image\":{\"@id\":\"https:\\\/\\\/bewehrungstechnik.ch\\\/de-de\\\/#\\\/schema\\\/logo\\\/image\\\/\"}}]}<\/script>\n<!-- \/ Yoast SEO plugin. -->","yoast_head_json":{"title":"CO2-Kategorisierung Betonstahl - Bewehrungstechnik","robots":{"index":"index","follow":"follow","max-snippet":"max-snippet:-1","max-image-preview":"max-image-preview:large","max-video-preview":"max-video-preview:-1"},"canonical":"https:\/\/bewehrungstechnik.ch\/de-de\/co2-kategorisierung-betonstahl\/","og_locale":"de_DE","og_type":"article","og_title":"CO2-Kategorisierung Betonstahl - Bewehrungstechnik","og_description":"Vergleich auf Verbraucherseite bisher nicht m\u00f6glich Begriffe wie \u00abGr\u00fcner Stahl\u00bb oder \u00abGreen Steel\u00bb sind in unserer Branche schon seit einiger Zeit verbreitet. Bislang hat jedoch keine allgemeing\u00fcltige Definition existiert. Ein \u00e4hnlich undurchsichtiges Bild zeigt sich bei Zertifizierungen und Kennzeichnungen. Hersteller versehen ihren Stahl inzwischen mit einem gr\u00fcnen Siegel oder reden gar von CO2-neutralem Stahl. Dass [&hellip;]","og_url":"https:\/\/bewehrungstechnik.ch\/de-de\/co2-kategorisierung-betonstahl\/","og_site_name":"Bewehrungstechnik","article_modified_time":"2025-03-10T10:32:28+00:00","og_image":[{"width":784,"height":523,"url":"https:\/\/bewehrungstechnik.ch\/wp-content\/uploads\/Nexigen_Coil_CO2-edited-3.png","type":"image\/png"}],"twitter_card":"summary_large_image","schema":{"@context":"https:\/\/schema.org","@graph":[{"@type":"WebPage","@id":"https:\/\/bewehrungstechnik.ch\/de-de\/co2-kategorisierung-betonstahl\/","url":"https:\/\/bewehrungstechnik.ch\/de-de\/co2-kategorisierung-betonstahl\/","name":"CO2-Kategorisierung Betonstahl - Bewehrungstechnik","isPartOf":{"@id":"https:\/\/bewehrungstechnik.ch\/de-de\/#website"},"primaryImageOfPage":{"@id":"https:\/\/bewehrungstechnik.ch\/de-de\/co2-kategorisierung-betonstahl\/#primaryimage"},"image":{"@id":"https:\/\/bewehrungstechnik.ch\/de-de\/co2-kategorisierung-betonstahl\/#primaryimage"},"thumbnailUrl":"https:\/\/bewehrungstechnik.ch\/wp-content\/uploads\/Nexigen_Coil_CO2-edited-3.png","datePublished":"2025-03-10T10:32:26+00:00","dateModified":"2025-03-10T10:32:28+00:00","breadcrumb":{"@id":"https:\/\/bewehrungstechnik.ch\/de-de\/co2-kategorisierung-betonstahl\/#breadcrumb"},"inLanguage":"de","potentialAction":[{"@type":"ReadAction","target":["https:\/\/bewehrungstechnik.ch\/de-de\/co2-kategorisierung-betonstahl\/"]}]},{"@type":"ImageObject","inLanguage":"de","@id":"https:\/\/bewehrungstechnik.ch\/de-de\/co2-kategorisierung-betonstahl\/#primaryimage","url":"https:\/\/bewehrungstechnik.ch\/wp-content\/uploads\/Nexigen_Coil_CO2-edited-3.png","contentUrl":"https:\/\/bewehrungstechnik.ch\/wp-content\/uploads\/Nexigen_Coil_CO2-edited-3.png"},{"@type":"BreadcrumbList","@id":"https:\/\/bewehrungstechnik.ch\/de-de\/co2-kategorisierung-betonstahl\/#breadcrumb","itemListElement":[{"@type":"ListItem","position":1,"name":"Home","item":"https:\/\/bewehrungstechnik.ch\/de-de\/"},{"@type":"ListItem","position":2,"name":"CO2-Kategorisierung Betonstahl"}]},{"@type":"WebSite","@id":"https:\/\/bewehrungstechnik.ch\/de-de\/#website","url":"https:\/\/bewehrungstechnik.ch\/de-de\/","name":"Bewehrungstechnik","description":"Just another WordPress site","publisher":{"@id":"https:\/\/bewehrungstechnik.ch\/de-de\/#organization"},"potentialAction":[{"@type":"SearchAction","target":{"@type":"EntryPoint","urlTemplate":"https:\/\/bewehrungstechnik.ch\/de-de\/?s={search_term_string}"},"query-input":{"@type":"PropertyValueSpecification","valueRequired":true,"valueName":"search_term_string"}}],"inLanguage":"de"},{"@type":"Organization","@id":"https:\/\/bewehrungstechnik.ch\/de-de\/#organization","name":"Bewehrungstechnik","url":"https:\/\/bewehrungstechnik.ch\/de-de\/","logo":{"@type":"ImageObject","inLanguage":"de","@id":"https:\/\/bewehrungstechnik.ch\/de-de\/#\/schema\/logo\/image\/","url":"https:\/\/bewehrungstechnik.ch\/wp-content\/uploads\/2021\/03\/logo.svg","contentUrl":"https:\/\/bewehrungstechnik.ch\/wp-content\/uploads\/2021\/03\/logo.svg","width":436,"height":436,"caption":"Bewehrungstechnik"},"image":{"@id":"https:\/\/bewehrungstechnik.ch\/de-de\/#\/schema\/logo\/image\/"}}]}},"_links":{"self":[{"href":"https:\/\/bewehrungstechnik.ch\/de-de\/wp-json\/wp\/v2\/pages\/9517","targetHints":{"allow":["GET"]}}],"collection":[{"href":"https:\/\/bewehrungstechnik.ch\/de-de\/wp-json\/wp\/v2\/pages"}],"about":[{"href":"https:\/\/bewehrungstechnik.ch\/de-de\/wp-json\/wp\/v2\/types\/page"}],"author":[{"embeddable":true,"href":"https:\/\/bewehrungstechnik.ch\/de-de\/wp-json\/wp\/v2\/users\/9"}],"replies":[{"embeddable":true,"href":"https:\/\/bewehrungstechnik.ch\/de-de\/wp-json\/wp\/v2\/comments?post=9517"}],"version-history":[{"count":1,"href":"https:\/\/bewehrungstechnik.ch\/de-de\/wp-json\/wp\/v2\/pages\/9517\/revisions"}],"predecessor-version":[{"id":9522,"href":"https:\/\/bewehrungstechnik.ch\/de-de\/wp-json\/wp\/v2\/pages\/9517\/revisions\/9522"}],"wp:attachment":[{"href":"https:\/\/bewehrungstechnik.ch\/de-de\/wp-json\/wp\/v2\/media?parent=9517"}],"curies":[{"name":"wp","href":"https:\/\/api.w.org\/{rel}","templated":true}]}}