{"id":9518,"date":"2025-03-10T10:32:27","date_gmt":"2025-03-10T10:32:27","guid":{"rendered":"https:\/\/bewehrungstechnik.ch\/?page_id=9518"},"modified":"2026-03-31T12:10:26","modified_gmt":"2026-03-31T12:10:26","slug":"einbauanleitungen","status":"publish","type":"page","link":"https:\/\/bewehrungstechnik.ch\/de-de\/einbauanleitungen\/","title":{"rendered":"Einbauanleitungen"},"content":{"rendered":"\n      <p id=\"block_fd3263a8e5bdd337e1846b14ffdfa7e3\" class=\"c-title mt-0 mb-6 lg:mb-17 alignwidetext-left l-block\"  >\n  \n  ACINOXplus\u00ae &#8211; Kragplattenanschl\u00fcsse <\/p>\n<div class=\"wp-block-columns is-layout-flex wp-container-core-columns-is-layout-9d6595d7 wp-block-columns-is-layout-flex\">\n<div class=\"wp-block-column is-layout-flow wp-block-column-is-layout-flow\">\n<p><strong><mark style=\"background-color:rgba(0, 0, 0, 0)\" class=\"has-inline-color has-black-color\">Kragplattenelemente Typenreihe<\/mark><\/strong><mark style=\"background-color:rgba(0, 0, 0, 0)\" class=\"has-inline-color has-black-color\"><strong> K+ und KV+<\/strong><\/mark><\/p>\n\n\n\n<figure class=\"wp-block-embed is-type-video is-provider-youtube wp-block-embed-youtube wp-embed-aspect-16-9 wp-has-aspect-ratio\"><div class=\"wp-block-embed__wrapper\">\r\n<iframe loading=\"lazy\" title=\"ACINOXplus \u2013 K+ und KV+ Einbau\" width=\"500\" height=\"281\" src=\"https:\/\/www.youtube-nocookie.com\/embed\/nOyABnBNA6g?feature=oembed\" frameborder=\"0\" allow=\"accelerometer; autoplay; clipboard-write; encrypted-media; gyroscope; picture-in-picture; web-share\" referrerpolicy=\"strict-origin-when-cross-origin\" allowfullscreen><\/iframe>\r\n<\/div><\/figure><br>\n<\/div>\n\n\n\n<div class=\"wp-block-column is-layout-flow wp-block-column-is-layout-flow\">\n<p><strong><mark style=\"background-color:rgba(0, 0, 0, 0)\" class=\"has-inline-color has-black-color\">B\u00fcgelelemente schraubbar Typenreihe UX+<\/mark><\/strong><\/p>\n\n\n\n<figure class=\"wp-block-embed is-type-video is-provider-youtube wp-block-embed-youtube wp-embed-aspect-16-9 wp-has-aspect-ratio\"><div class=\"wp-block-embed__wrapper\">\r\n<iframe loading=\"lazy\" title=\"ACINOXplus UX+ Einbau\" width=\"500\" height=\"281\" src=\"https:\/\/www.youtube-nocookie.com\/embed\/qOxjrxIFPtA?feature=oembed\" frameborder=\"0\" allow=\"accelerometer; autoplay; clipboard-write; encrypted-media; gyroscope; picture-in-picture; web-share\" referrerpolicy=\"strict-origin-when-cross-origin\" allowfullscreen><\/iframe>\r\n<\/div><\/figure><br>\n<\/div>\n<\/div>\n\n<div class=\"wp-block-columns is-layout-flex wp-container-core-columns-is-layout-9d6595d7 wp-block-columns-is-layout-flex\">\n<div class=\"wp-block-column is-layout-flow wp-block-column-is-layout-flow\">\n<p><strong><mark style=\"background-color:rgba(0, 0, 0, 0)\" class=\"has-inline-color has-black-color\">Kragplattenelemente Typenreihe<\/mark><\/strong><mark style=\"background-color:rgba(0, 0, 0, 0)\" class=\"has-inline-color has-black-color\"><strong> <\/strong><\/mark><strong><mark style=\"background-color:rgba(0, 0, 0, 0)\" class=\"has-inline-color has-black-color\">Q+ und QV+<\/mark><\/strong><\/p>\n\n\n\n<figure class=\"wp-block-embed is-type-video is-provider-youtube wp-block-embed-youtube wp-embed-aspect-16-9 wp-has-aspect-ratio\"><div class=\"wp-block-embed__wrapper\">\r\n<iframe loading=\"lazy\" title=\"ACINOXplus \u2013 Q+ und QV+ Einbau\" width=\"500\" height=\"281\" src=\"https:\/\/www.youtube-nocookie.com\/embed\/UXmLeu4Z5Ws?feature=oembed\" frameborder=\"0\" allow=\"accelerometer; autoplay; clipboard-write; encrypted-media; gyroscope; picture-in-picture; web-share\" referrerpolicy=\"strict-origin-when-cross-origin\" allowfullscreen><\/iframe>\r\n<\/div><\/figure><br>\n<\/div>\n\n\n\n<div class=\"wp-block-column is-layout-flow wp-block-column-is-layout-flow\">\n<p><strong><mark style=\"background-color:rgba(0, 0, 0, 0)\" class=\"has-inline-color has-black-color\">Kragplattenelemente Typenreihe KSB+<\/mark><\/strong><\/p>\n\n\n\n<figure class=\"wp-block-embed is-type-video is-provider-youtube wp-block-embed-youtube wp-embed-aspect-16-9 wp-has-aspect-ratio\"><div class=\"wp-block-embed__wrapper\">\r\n<iframe loading=\"lazy\" title=\"ACINOXplus\u00ae Kragplattenanschluss Typ KSB - Einbau\" width=\"500\" height=\"281\" src=\"https:\/\/www.youtube-nocookie.com\/embed\/yEhYJstnEio?feature=oembed\" frameborder=\"0\" allow=\"accelerometer; autoplay; clipboard-write; encrypted-media; gyroscope; picture-in-picture; web-share\" referrerpolicy=\"strict-origin-when-cross-origin\" allowfullscreen><\/iframe>\r\n<\/div><\/figure><br>\n<\/div>\n<\/div>\n\n      <p id=\"block_7e1d8ff3046ad9996ca99403ae7bdfc0\" class=\"c-title mt-0 mb-6 lg:mb-17 alignwidetext-left l-block\"  >\n  \n   BARTEC\u00ae &#8211; Schraubverbindungen <br \/>\r\n<\/p>\n<div class=\"wp-block-columns is-layout-flex wp-container-core-columns-is-layout-9d6595d7 wp-block-columns-is-layout-flex\">\n<div class=\"wp-block-column is-layout-flow wp-block-column-is-layout-flow\">\n<p><strong><mark style=\"background-color:rgba(0, 0, 0, 0)\" class=\"has-inline-color has-black-color\">BLS &#8211; Bei frei drehbarem Anschlussstab in 2. Etappe<\/mark><\/strong><\/p>\n\n\n\n<figure class=\"wp-block-embed is-type-video is-provider-youtube wp-block-embed-youtube wp-embed-aspect-16-9 wp-has-aspect-ratio\"><div class=\"wp-block-embed__wrapper\">\r\n<iframe loading=\"lazy\" title=\"BARTEC \u2013  BLS Einbau\" width=\"500\" height=\"281\" src=\"https:\/\/www.youtube-nocookie.com\/embed\/IzqNHuFDe7A?feature=oembed\" frameborder=\"0\" allow=\"accelerometer; autoplay; clipboard-write; encrypted-media; gyroscope; picture-in-picture; web-share\" referrerpolicy=\"strict-origin-when-cross-origin\" allowfullscreen><\/iframe>\r\n<\/div><\/figure><br>\n<\/div>\n\n\n\n<div class=\"wp-block-column is-layout-flow wp-block-column-is-layout-flow\">\n<p><strong><mark style=\"background-color:rgba(0, 0, 0, 0)\" class=\"has-inline-color has-black-color\">LCE &#8211; Bei nicht frei drehbarem Anschlussstab in 2. Etappe <\/mark><\/strong><\/p>\n\n\n\n<figure class=\"wp-block-embed is-type-video is-provider-youtube wp-block-embed-youtube wp-embed-aspect-16-9 wp-has-aspect-ratio\"><div class=\"wp-block-embed__wrapper\">\r\n<iframe loading=\"lazy\" title=\"BARTEC \u2013 LCE Einbau\" width=\"500\" height=\"281\" src=\"https:\/\/www.youtube-nocookie.com\/embed\/7GOScxReeDQ?feature=oembed\" frameborder=\"0\" allow=\"accelerometer; autoplay; clipboard-write; encrypted-media; gyroscope; picture-in-picture; web-share\" referrerpolicy=\"strict-origin-when-cross-origin\" allowfullscreen><\/iframe>\r\n<\/div><\/figure><br>\n<\/div>\n<\/div>\n\n      <p id=\"block_7ba4ca8a52017735fec81913e24518c1\" class=\"c-title mt-0 mb-6 lg:mb-17 alignwidetext-left l-block\"  >\n  \n  ALLIGATOR &#8211; Kupplungen<\/p>\n<p><mark class=\"has-inline-color has-black-color\" style=\"background-color: rgba(0, 0, 0, 0);\"><strong>Kraftschl\u00fcssige Verbindung von Bewehrungsst\u00e4ben<\/strong><\/mark><\/p>\n\n<div class=\"wp-block-columns is-layout-flex wp-container-core-columns-is-layout-9d6595d7 wp-block-columns-is-layout-flex\">\n<div class=\"wp-block-column is-layout-flow wp-block-column-is-layout-flow\">\n<figure class=\"wp-block-embed is-type-video is-provider-youtube wp-block-embed-youtube wp-embed-aspect-16-9 wp-has-aspect-ratio\">\r\n<div class=\"wp-block-embed__wrapper\">https:\/\/www.youtube.com\/watch?v=HxpvFlWlRFM<\/div><\/figure>\n<\/div>\n\n\n\n<div class=\"wp-block-column is-layout-flow wp-block-column-is-layout-flow\"><\/div>\n<\/div>\n\n      <p id=\"block_c069aba4f3b8ab47588e5b0f364287bd\" class=\"c-title mt-0 mb-6 lg:mb-17 alignwidetext-left l-block\"  >\n  \n  ACITOP\u00ae Bewehrungsanschl\u00fcsse<\/p>\n<div class=\"wp-block-columns is-layout-flex wp-container-core-columns-is-layout-9d6595d7 wp-block-columns-is-layout-flex\">\n<div class=\"wp-block-column is-layout-flow wp-block-column-is-layout-flow\">\n<p><strong><mark class=\"has-inline-color has-black-color\" style=\"background-color: rgba(0, 0, 0, 0);\"><a href=\"https:\/\/bewehrungstechnik.ch\/product\/bewehrungsanschluesse-acitop\/\">R\u00fcckbiegeanschluss<\/a> f\u00fcr Arbeitsfugen ohne Bewehrungsdurchdringung<\/mark><\/strong><\/p>\n\n\n\n<figure class=\"wp-block-embed is-type-video is-provider-youtube wp-block-embed-youtube wp-embed-aspect-16-9 wp-has-aspect-ratio\"><div class=\"wp-block-embed__wrapper\">\r\n<iframe loading=\"lazy\" title=\"ACITOP \u00ae Bewehrungsanschl\u00fcsse - Einbau\" width=\"500\" height=\"281\" src=\"https:\/\/www.youtube-nocookie.com\/embed\/5mxTLUX0H0c?feature=oembed\" frameborder=\"0\" allow=\"accelerometer; autoplay; clipboard-write; encrypted-media; gyroscope; picture-in-picture; web-share\" referrerpolicy=\"strict-origin-when-cross-origin\" allowfullscreen><\/iframe>\r\n<\/div><\/figure><br>\n<\/div>\n\n\n\n<div class=\"wp-block-column is-layout-flow wp-block-column-is-layout-flow\"><\/div>\n<\/div>\n\n      <p id=\"block_f958f3790a4b046d93f6fa4836b3266c\" class=\"c-title mt-0 mb-6 lg:mb-17 alignwidetext-left l-block\"  >\n  \n  PYRATOP\u00ae Bewehrungsanschl\u00fcsse mit Querkraft\u00fcbertragung<\/p>\n<div class=\"wp-block-columns is-layout-flex wp-container-core-columns-is-layout-9d6595d7 wp-block-columns-is-layout-flex\">\n<div class=\"wp-block-column is-layout-flow wp-block-column-is-layout-flow\">\n<p><strong><mark style=\"background-color:rgba(0, 0, 0, 0)\" class=\"has-inline-color has-black-color\">H\u00f6chste Querkraft\u00fcbertragung dank verzahnter Arbeitsfugen<\/mark><\/strong><\/p>\n\n\n\n<figure class=\"wp-block-embed is-type-video is-provider-youtube wp-block-embed-youtube wp-embed-aspect-16-9 wp-has-aspect-ratio\"><div class=\"wp-block-embed__wrapper\">\r\n<iframe loading=\"lazy\" title=\"PYRATOP \u00ae Bewehrungsanschl\u00fcsse mit Querkraft\u00fcbertragung - Einbau\" width=\"500\" height=\"281\" src=\"https:\/\/www.youtube-nocookie.com\/embed\/RMORjGRbCqQ?feature=oembed\" frameborder=\"0\" allow=\"accelerometer; autoplay; clipboard-write; encrypted-media; gyroscope; picture-in-picture; web-share\" referrerpolicy=\"strict-origin-when-cross-origin\" allowfullscreen><\/iframe>\r\n<\/div><\/figure><br>\n<\/div>\n\n\n\n<div class=\"wp-block-column is-layout-flow wp-block-column-is-layout-flow\"><\/div>\n<\/div>\n\n      <p id=\"block_5363bb08532ed0dc9a61753164de13d7\" class=\"c-title mt-0 mb-6 lg:mb-17 alignwidetext-left l-block\"  >\n  \n  PYRAPAN\u00ae &#8211; Abschalk\u00f6rbe <\/p>\n<div class=\"wp-block-columns is-layout-flex wp-container-core-columns-is-layout-9d6595d7 wp-block-columns-is-layout-flex\">\n<div class=\"wp-block-column is-layout-flow wp-block-column-is-layout-flow\">\n<p><strong><mark style=\"background-color:rgba(0, 0, 0, 0)\" class=\"has-inline-color has-black-color\">Abschalk\u00f6rbe mit hoher Querkraft\u00fcbertragung <\/mark><\/strong><\/p>\n\n\n\n<figure class=\"wp-block-embed is-type-video is-provider-youtube wp-block-embed-youtube wp-embed-aspect-16-9 wp-has-aspect-ratio\"><div class=\"wp-block-embed__wrapper\">\r\n<iframe loading=\"lazy\" title=\"PYRAPAN \u2013 Einbau\" width=\"500\" height=\"281\" src=\"https:\/\/www.youtube-nocookie.com\/embed\/vymIs1VyQGE?feature=oembed\" frameborder=\"0\" allow=\"accelerometer; autoplay; clipboard-write; encrypted-media; gyroscope; picture-in-picture; web-share\" referrerpolicy=\"strict-origin-when-cross-origin\" allowfullscreen><\/iframe>\r\n<\/div><\/figure><br>\n<\/div>\n\n\n\n<div class=\"wp-block-column is-layout-flow wp-block-column-is-layout-flow\"><\/div>\n<\/div>\n","protected":false},"excerpt":{"rendered":"<p>Kragplattenelemente Typenreihe K+ und KV+ B\u00fcgelelemente schraubbar Typenreihe UX+ Kragplattenelemente Typenreihe Q+ und QV+ Kragplattenelemente Typenreihe KSB+ BLS &#8211; Bei frei drehbarem Anschlussstab in 2. Etappe LCE &#8211; Bei nicht frei drehbarem Anschlussstab in 2. Etappe Kraftschl\u00fcssige Verbindung von Bewehrungsst\u00e4ben R\u00fcckbiegeanschluss f\u00fcr Arbeitsfugen ohne Bewehrungsdurchdringung H\u00f6chste Querkraft\u00fcbertragung dank verzahnter Arbeitsfugen Abschalk\u00f6rbe mit hoher Querkraft\u00fcbertragung<\/p>\n","protected":false},"author":12,"featured_media":0,"parent":0,"menu_order":0,"comment_status":"closed","ping_status":"closed","template":"","meta":{"_acf_changed":false,"footnotes":""},"class_list":["post-9518","page","type-page","status-publish",""],"acf":[],"yoast_head":"<!-- This site is optimized with the Yoast SEO plugin v27.3 - https:\/\/yoast.com\/product\/yoast-seo-wordpress\/ -->\n<title>Einbauanleitungen - Bewehrungstechnik<\/title>\n<meta name=\"robots\" content=\"index, follow, max-snippet:-1, max-image-preview:large, max-video-preview:-1\" \/>\n<link rel=\"canonical\" href=\"https:\/\/bewehrungstechnik.ch\/de-de\/einbauanleitungen\/\" \/>\n<meta property=\"og:locale\" content=\"de_DE\" \/>\n<meta property=\"og:type\" content=\"article\" \/>\n<meta property=\"og:title\" content=\"Einbauanleitungen - Bewehrungstechnik\" \/>\n<meta property=\"og:description\" content=\"Kragplattenelemente Typenreihe K+ und KV+ B\u00fcgelelemente schraubbar Typenreihe UX+ Kragplattenelemente Typenreihe Q+ und QV+ Kragplattenelemente Typenreihe KSB+ BLS &#8211; Bei frei drehbarem Anschlussstab in 2. Etappe LCE &#8211; Bei nicht frei drehbarem Anschlussstab in 2. Etappe Kraftschl\u00fcssige Verbindung von Bewehrungsst\u00e4ben R\u00fcckbiegeanschluss f\u00fcr Arbeitsfugen ohne Bewehrungsdurchdringung H\u00f6chste Querkraft\u00fcbertragung dank verzahnter Arbeitsfugen Abschalk\u00f6rbe mit hoher Querkraft\u00fcbertragung\" \/>\n<meta property=\"og:url\" content=\"https:\/\/bewehrungstechnik.ch\/de-de\/einbauanleitungen\/\" \/>\n<meta property=\"og:site_name\" content=\"Bewehrungstechnik\" \/>\n<meta property=\"article:modified_time\" content=\"2026-03-31T12:10:26+00:00\" \/>\n<meta name=\"twitter:card\" content=\"summary_large_image\" \/>\n<script type=\"application\/ld+json\" class=\"yoast-schema-graph\">{\"@context\":\"https:\\\/\\\/schema.org\",\"@graph\":[{\"@type\":\"WebPage\",\"@id\":\"https:\\\/\\\/bewehrungstechnik.ch\\\/de-de\\\/einbauanleitungen\\\/\",\"url\":\"https:\\\/\\\/bewehrungstechnik.ch\\\/de-de\\\/einbauanleitungen\\\/\",\"name\":\"Einbauanleitungen - Bewehrungstechnik\",\"isPartOf\":{\"@id\":\"https:\\\/\\\/bewehrungstechnik.ch\\\/de-de\\\/#website\"},\"datePublished\":\"2025-03-10T10:32:27+00:00\",\"dateModified\":\"2026-03-31T12:10:26+00:00\",\"breadcrumb\":{\"@id\":\"https:\\\/\\\/bewehrungstechnik.ch\\\/de-de\\\/einbauanleitungen\\\/#breadcrumb\"},\"inLanguage\":\"de\",\"potentialAction\":[{\"@type\":\"ReadAction\",\"target\":[\"https:\\\/\\\/bewehrungstechnik.ch\\\/de-de\\\/einbauanleitungen\\\/\"]}]},{\"@type\":\"BreadcrumbList\",\"@id\":\"https:\\\/\\\/bewehrungstechnik.ch\\\/de-de\\\/einbauanleitungen\\\/#breadcrumb\",\"itemListElement\":[{\"@type\":\"ListItem\",\"position\":1,\"name\":\"Home\",\"item\":\"https:\\\/\\\/bewehrungstechnik.ch\\\/de-de\\\/\"},{\"@type\":\"ListItem\",\"position\":2,\"name\":\"Einbauanleitungen\"}]},{\"@type\":\"WebSite\",\"@id\":\"https:\\\/\\\/bewehrungstechnik.ch\\\/de-de\\\/#website\",\"url\":\"https:\\\/\\\/bewehrungstechnik.ch\\\/de-de\\\/\",\"name\":\"Bewehrungstechnik\",\"description\":\"Just another WordPress site\",\"publisher\":{\"@id\":\"https:\\\/\\\/bewehrungstechnik.ch\\\/de-de\\\/#organization\"},\"potentialAction\":[{\"@type\":\"SearchAction\",\"target\":{\"@type\":\"EntryPoint\",\"urlTemplate\":\"https:\\\/\\\/bewehrungstechnik.ch\\\/de-de\\\/?s={search_term_string}\"},\"query-input\":{\"@type\":\"PropertyValueSpecification\",\"valueRequired\":true,\"valueName\":\"search_term_string\"}}],\"inLanguage\":\"de\"},{\"@type\":\"Organization\",\"@id\":\"https:\\\/\\\/bewehrungstechnik.ch\\\/de-de\\\/#organization\",\"name\":\"Bewehrungstechnik\",\"url\":\"https:\\\/\\\/bewehrungstechnik.ch\\\/de-de\\\/\",\"logo\":{\"@type\":\"ImageObject\",\"inLanguage\":\"de\",\"@id\":\"https:\\\/\\\/bewehrungstechnik.ch\\\/de-de\\\/#\\\/schema\\\/logo\\\/image\\\/\",\"url\":\"https:\\\/\\\/bewehrungstechnik.ch\\\/wp-content\\\/uploads\\\/2021\\\/03\\\/logo.svg\",\"contentUrl\":\"https:\\\/\\\/bewehrungstechnik.ch\\\/wp-content\\\/uploads\\\/2021\\\/03\\\/logo.svg\",\"width\":436,\"height\":436,\"caption\":\"Bewehrungstechnik\"},\"image\":{\"@id\":\"https:\\\/\\\/bewehrungstechnik.ch\\\/de-de\\\/#\\\/schema\\\/logo\\\/image\\\/\"}}]}<\/script>\n<!-- \/ Yoast SEO plugin. -->","yoast_head_json":{"title":"Einbauanleitungen - Bewehrungstechnik","robots":{"index":"index","follow":"follow","max-snippet":"max-snippet:-1","max-image-preview":"max-image-preview:large","max-video-preview":"max-video-preview:-1"},"canonical":"https:\/\/bewehrungstechnik.ch\/de-de\/einbauanleitungen\/","og_locale":"de_DE","og_type":"article","og_title":"Einbauanleitungen - Bewehrungstechnik","og_description":"Kragplattenelemente Typenreihe K+ und KV+ B\u00fcgelelemente schraubbar Typenreihe UX+ Kragplattenelemente Typenreihe Q+ und QV+ Kragplattenelemente Typenreihe KSB+ BLS &#8211; Bei frei drehbarem Anschlussstab in 2. Etappe LCE &#8211; Bei nicht frei drehbarem Anschlussstab in 2. Etappe Kraftschl\u00fcssige Verbindung von Bewehrungsst\u00e4ben R\u00fcckbiegeanschluss f\u00fcr Arbeitsfugen ohne Bewehrungsdurchdringung H\u00f6chste Querkraft\u00fcbertragung dank verzahnter Arbeitsfugen Abschalk\u00f6rbe mit hoher Querkraft\u00fcbertragung","og_url":"https:\/\/bewehrungstechnik.ch\/de-de\/einbauanleitungen\/","og_site_name":"Bewehrungstechnik","article_modified_time":"2026-03-31T12:10:26+00:00","twitter_card":"summary_large_image","schema":{"@context":"https:\/\/schema.org","@graph":[{"@type":"WebPage","@id":"https:\/\/bewehrungstechnik.ch\/de-de\/einbauanleitungen\/","url":"https:\/\/bewehrungstechnik.ch\/de-de\/einbauanleitungen\/","name":"Einbauanleitungen - Bewehrungstechnik","isPartOf":{"@id":"https:\/\/bewehrungstechnik.ch\/de-de\/#website"},"datePublished":"2025-03-10T10:32:27+00:00","dateModified":"2026-03-31T12:10:26+00:00","breadcrumb":{"@id":"https:\/\/bewehrungstechnik.ch\/de-de\/einbauanleitungen\/#breadcrumb"},"inLanguage":"de","potentialAction":[{"@type":"ReadAction","target":["https:\/\/bewehrungstechnik.ch\/de-de\/einbauanleitungen\/"]}]},{"@type":"BreadcrumbList","@id":"https:\/\/bewehrungstechnik.ch\/de-de\/einbauanleitungen\/#breadcrumb","itemListElement":[{"@type":"ListItem","position":1,"name":"Home","item":"https:\/\/bewehrungstechnik.ch\/de-de\/"},{"@type":"ListItem","position":2,"name":"Einbauanleitungen"}]},{"@type":"WebSite","@id":"https:\/\/bewehrungstechnik.ch\/de-de\/#website","url":"https:\/\/bewehrungstechnik.ch\/de-de\/","name":"Bewehrungstechnik","description":"Just another WordPress site","publisher":{"@id":"https:\/\/bewehrungstechnik.ch\/de-de\/#organization"},"potentialAction":[{"@type":"SearchAction","target":{"@type":"EntryPoint","urlTemplate":"https:\/\/bewehrungstechnik.ch\/de-de\/?s={search_term_string}"},"query-input":{"@type":"PropertyValueSpecification","valueRequired":true,"valueName":"search_term_string"}}],"inLanguage":"de"},{"@type":"Organization","@id":"https:\/\/bewehrungstechnik.ch\/de-de\/#organization","name":"Bewehrungstechnik","url":"https:\/\/bewehrungstechnik.ch\/de-de\/","logo":{"@type":"ImageObject","inLanguage":"de","@id":"https:\/\/bewehrungstechnik.ch\/de-de\/#\/schema\/logo\/image\/","url":"https:\/\/bewehrungstechnik.ch\/wp-content\/uploads\/2021\/03\/logo.svg","contentUrl":"https:\/\/bewehrungstechnik.ch\/wp-content\/uploads\/2021\/03\/logo.svg","width":436,"height":436,"caption":"Bewehrungstechnik"},"image":{"@id":"https:\/\/bewehrungstechnik.ch\/de-de\/#\/schema\/logo\/image\/"}}]}},"_links":{"self":[{"href":"https:\/\/bewehrungstechnik.ch\/de-de\/wp-json\/wp\/v2\/pages\/9518","targetHints":{"allow":["GET"]}}],"collection":[{"href":"https:\/\/bewehrungstechnik.ch\/de-de\/wp-json\/wp\/v2\/pages"}],"about":[{"href":"https:\/\/bewehrungstechnik.ch\/de-de\/wp-json\/wp\/v2\/types\/page"}],"author":[{"embeddable":true,"href":"https:\/\/bewehrungstechnik.ch\/de-de\/wp-json\/wp\/v2\/users\/12"}],"replies":[{"embeddable":true,"href":"https:\/\/bewehrungstechnik.ch\/de-de\/wp-json\/wp\/v2\/comments?post=9518"}],"version-history":[{"count":3,"href":"https:\/\/bewehrungstechnik.ch\/de-de\/wp-json\/wp\/v2\/pages\/9518\/revisions"}],"predecessor-version":[{"id":12772,"href":"https:\/\/bewehrungstechnik.ch\/de-de\/wp-json\/wp\/v2\/pages\/9518\/revisions\/12772"}],"wp:attachment":[{"href":"https:\/\/bewehrungstechnik.ch\/de-de\/wp-json\/wp\/v2\/media?parent=9518"}],"curies":[{"name":"wp","href":"https:\/\/api.w.org\/{rel}","templated":true}]}}