{"id":9537,"date":"2025-03-10T10:33:25","date_gmt":"2025-03-10T10:33:25","guid":{"rendered":"https:\/\/bewehrungstechnik.ch\/?page_id=9537"},"modified":"2025-03-10T10:33:26","modified_gmt":"2025-03-10T10:33:26","slug":"digitale-planungs-tools","status":"publish","type":"page","link":"https:\/\/bewehrungstechnik.ch\/de-de\/engineering\/digitale-planungs-tools\/","title":{"rendered":"Digitale Planungs-Tools"},"content":{"rendered":"\n      <div id=\"block_b89f6ed6b0b3b71100cf5e996ac65bc3\" class=\"deac-highlight-box mb-10 md:mb-19 lg:mb-28 alignwide l-block\"  >\n  \n  <div class=\"md:flow-root\">\n\t<div class=\"highlight-box-slider md:bg-faded-coils md:bg-cover md:mb-6 lg:mb-7 md:grid md:grid-cols-2 md:gap-6 lg:gap-16 xl:gap-24 md:min-h-136\">\n\t\t<div class=\"relative md:order-2 md:h-full  md:pr-6 lg:pr-9  md:py-10 lg:py-14 \">\n\t\t\t\t\t\t\t\t\t\t<div class=\"left-0 right-0 -mx-4 md:absolute  md:top-10 lg:top-14 md:h-full  border-b-6 md:border-0 border-primary h-72  sm:-mx-6 md:mx-0 overflow-hidden max-h-full\">\n\t\t\t\t\t<img loading=\"lazy\" decoding=\"async\" width=\"1024\" height=\"683\" src=\"https:\/\/bewehrungstechnik.ch\/wp-content\/uploads\/2021\/06\/bim-felix-platter-spital_0-1024x683.jpg\" class=\"block w-full h-full object-cover md:absolute\" alt=\"\" srcset=\"https:\/\/bewehrungstechnik.ch\/wp-content\/uploads\/2021\/06\/bim-felix-platter-spital_0-1024x683.jpg 1024w, https:\/\/bewehrungstechnik.ch\/wp-content\/uploads\/2021\/06\/bim-felix-platter-spital_0-300x200.jpg 300w, https:\/\/bewehrungstechnik.ch\/wp-content\/uploads\/2021\/06\/bim-felix-platter-spital_0-768x512.jpg 768w, https:\/\/bewehrungstechnik.ch\/wp-content\/uploads\/2021\/06\/bim-felix-platter-spital_0-1536x1024.jpg 1536w, https:\/\/bewehrungstechnik.ch\/wp-content\/uploads\/2021\/06\/bim-felix-platter-spital_0-2048x1365.jpg 2048w, https:\/\/bewehrungstechnik.ch\/wp-content\/uploads\/2021\/06\/bim-felix-platter-spital_0-436x291.jpg 436w, https:\/\/bewehrungstechnik.ch\/wp-content\/uploads\/2021\/06\/bim-felix-platter-spital_0-550x367.jpg 550w\" sizes=\"auto, (max-width: 1024px) 100vw, 1024px\" \/>\t\t\t\t\t\t\t\t\t<\/div>\n\t\t\t\t\t\t\t\t<\/div>\n\t\t<div class=\"relative py-6 bg-white md:order-1 md:bg-transparent sm:py-7 md:py-10 lg:py-14 md:px-6 lg:px-9\">\n\t\t\t<div class=\"absolute bottom-0 md:hidden -inset-x-4 sm:-inset-x-6 top-15 bg-gradient-to-b from-white to-gray-light\"><\/div>\n\t\t\t\t\t\t\t\t\t\t<div class=\"relative text-18 lg:text-32 leading-tight font-bold lg:font-semibold text-black mb-3.5 lg:mb-6\">\n\t\t\t\t\tEffiziente digitale Workflows\t\t\t\t<\/div>\n\t\t\t\t\t\t\t\t\t\t<div class=\"relative text-primary lg:text-18 font-bold leading-snug mb-4.5 lg:mb-6\">\n\t\t\t\t\tMit unseren umfangreichen 3D-Bauteilkatalogen und dem Online-Listentool ACILIST\u00ae machen wir Ihnen die Planung mit unseren Produkten einfach.\t\t\t\t<\/div>\n\t\t\t\t\t\t\t\t\t\t<div class=\"relative text-black\">\n\t\t\t\t\t<ul class=\"font-bold\">\n<li class=\"leading-snug text-15 before:bottom-0\">ALLPLAN-3D Kataloge<\/li>\n<li class=\"leading-snug text-15 before:bottom-0\">Tekla Warehouse Kataloge<\/li>\n<li class=\"leading-snug text-15 before:bottom-0\">BIM Bibliotheken f\u00fcr Revit und weitere CAD-Systeme<\/li>\n<li class=\"leading-snug text-15 before:bottom-0\">REVIT-3D Familien<\/li>\n<li class=\"leading-snug text-15 before:bottom-0\">ACILIST\u00ae Online-Listen-Tool<\/li>\n<\/ul>\n\t\t\t\t<\/div>\n\t\t\t\t\t\t\t\t\t\t\t<\/div>\n\t<\/div>\n<\/div><\/div>\n\n\n      <div id=\"block_9fa1213a3d760727f1f7a6169b094b28\" class=\"deac-topic-blocks mb-10 md:mb-19 lg:mb-28 alignwide l-block\"  >\n  \n  \t<div class=\"md:grid md:grid-cols-2 md:gap-6 lg:gap-16 xl:gap-24\">\n\t\t\t\t\t<div class=\"md:flex md:flex-col mb-6 last:mb-0 md:mb-0\">\n\t\t\t\t\t\t\t\t\t\t\t\t\t\t\t\t\t<h3 class=\"font-bold mt-0 mb-3 xl:mb-8 h4 uppercase\">ALLPLAN-3D Bewehrungstechnik-Katalog<\/h3>\n\t\t\t\t\t\t\t\t\t\t\t\t\t<div class=\"mb-6.5 md:mb-8\">\n\t\t\t\t\t\t<p>Profitieren Sie von maximalem Komfort bei der Planung mit unserer Bewehrungstechnik, durch die Integration in die neueste Swiss Edition.<\/p>\n\t\t\t\t\t<\/div>\n\t\t\t\t\t\t\t\t<a href=\"https:\/\/bewehrungstechnik.ch\/engineering\/digitale-planungs-tools\/allplan\/\" class=\"c-btn c-btn--outline-primary c-btn--icon w-full justify-center mt-auto\"  target=\"\" role=\"button\">Mehr erfahren<i class=\"c-icon c-icon--chevron-right text-10 ml-4\"><\/i><\/a>\t\t\t<\/div>\n\t\t\t\t\t<div class=\"md:flex md:flex-col mb-6 last:mb-0 md:mb-0\">\n\t\t\t\t\t\t\t\t\t\t\t\t\t\t\t\t\t<h3 class=\"font-bold mt-0 mb-3 xl:mb-8 h4 uppercase\">TEKLA Warehouse Kataloge<\/h3>\n\t\t\t\t\t\t\t\t\t\t\t\t\t<div class=\"mb-6.5 md:mb-8\">\n\t\t\t\t\t\t<p>Wir freuen uns Ihnen unsere neuesten Warehouse Kataloge f\u00fcr Tekla Structures vorstellen zu d\u00fcrfen. S\u00e4mtliche speziellen Bewehrungsst\u00e4hle und das komplette Bewehrungstechnik-Sortiment sind im Warehouse verf\u00fcgbar.<\/p>\n\t\t\t\t\t<\/div>\n\t\t\t\t\t\t\t\t<a href=\"https:\/\/bewehrungstechnik.ch\/engineering\/digitale-planungs-tools\/tekla-bauteilkataloge\/\" class=\"c-btn c-btn--outline-primary c-btn--icon w-full justify-center mt-auto\"  target=\"\" role=\"button\">Mehr erfahren<i class=\"c-icon c-icon--chevron-right text-10 ml-4\"><\/i><\/a>\t\t\t<\/div>\n\t\t\t\t\t<div class=\"md:flex md:flex-col mb-6 last:mb-0 md:mb-0\">\n\t\t\t\t\t\t\t\t\t\t\t\t\t\t\t\t\t<h3 class=\"font-bold mt-0 mb-3 xl:mb-8 h4 uppercase\">BIM Bibliotheken f\u00fcr alle CAD &#8211; Systeme<\/h3>\n\t\t\t\t\t\t\t\t\t\t\t\t\t<div class=\"mb-6.5 md:mb-8\">\n\t\t\t\t\t\t<p>Gemeinsam mit der CADENAS GmbH stellen wir unsere Bewehrungstechnik auf der offenen BIM-Plattform als kostenlosen Download f\u00fcr alle CAD-Systeme zur Verf\u00fcgung.<\/p>\n\t\t\t\t\t<\/div>\n\t\t\t\t\t\t\t\t<a href=\"https:\/\/bewehrungstechnik.ch\/engineering\/digitale-planungs-tools\/cadenas-partcommunity\/\" class=\"c-btn c-btn--outline-primary c-btn--icon w-full justify-center mt-auto\"  target=\"\" role=\"button\">Mehr erfahren<i class=\"c-icon c-icon--chevron-right text-10 ml-4\"><\/i><\/a>\t\t\t<\/div>\n\t\t\t\t\t<div class=\"md:flex md:flex-col mb-6 last:mb-0 md:mb-0\">\n\t\t\t\t\t\t\t\t\t\t\t\t\t\t\t\t\t<h3 class=\"font-bold mt-0 mb-3 xl:mb-8 h4 uppercase\">REVIT-3D Familien<\/h3>\n\t\t\t\t\t\t\t\t\t\t\t\t\t<div class=\"mb-6.5 md:mb-8\">\n\t\t\t\t\t\t<p>Erleben Sie einfachen und komfortablen Planungskomfort mit Autodesk Revit. Die BIM-Software erm\u00f6glicht pr\u00e4zise 3D-Modelle und bietet alle notwendigen Informationen f\u00fcr die Konstruktion und Verwaltung von unserer Bewehrungstechnik.<\/p>\n\t\t\t\t\t<\/div>\n\t\t\t\t\t\t\t\t<a href=\"https:\/\/bewehrungstechnik.ch\/revit-bauteilkataloge\/\" class=\"c-btn c-btn--outline-primary c-btn--icon w-full justify-center mt-auto\"  target=\"\" role=\"button\">Mehr erfahren<i class=\"c-icon c-icon--chevron-right text-10 ml-4\"><\/i><\/a>\t\t\t<\/div>\n\t\t\t<\/div>\n<\/div>\n\n\n      <div id=\"block_1788b2657674f8dce9f8b980dabe3afd\" class=\"deac-topic-blocks mb-10 md:mb-19 lg:mb-28 alignwide l-block\"  >\n  \n  \t<div class=\"md:grid md:grid-cols-2 md:gap-6 lg:gap-16 xl:gap-24\">\n\t\t\t\t\t<div class=\"md:flex md:flex-col mb-6 last:mb-0 md:mb-0\">\n\t\t\t\t\t\t\t\t\t\t\t\t\t\t\t\t\t<h3 class=\"font-bold mt-0 mb-3 xl:mb-8 h4 uppercase\">ACILIST\u00ae Online-Listen-Tool<\/h3>\n\t\t\t\t\t\t\t\t\t\t\t\t\t<div class=\"mb-6.5 md:mb-8\">\n\t\t\t\t\t\t<p>Mit ACILIST\u00ae k\u00f6nnen Planer direkt auf das Debrunner Bewehrungstechnik-Sortiment zugreifen und einfach sowie schnell die gew\u00fcnschten Bewehrungstechnik-Listen erstellen..<\/p>\n\t\t\t\t\t<\/div>\n\t\t\t\t\t\t\t\t<a href=\"https:\/\/bewehrungstechnik.ch\/engineering\/digitale-planungs-tools\/acilist\/\" class=\"c-btn c-btn--outline-primary c-btn--icon w-full justify-center mt-auto\"  target=\"\" role=\"button\">Mehr erfahren<i class=\"c-icon c-icon--chevron-right text-10 ml-4\"><\/i><\/a>\t\t\t<\/div>\n\t\t\t<\/div>\n<\/div>\n\n\n      <div id=\"block_47db77791b724058320707b2be790057\" class=\"deac-block-global-banner my-10 md:my-19 lg:my-28 alignwide l-block\"  >\n  \n  \n\t<\/div>","protected":false},"excerpt":{"rendered":"","protected":false},"author":9,"featured_media":0,"parent":9453,"menu_order":0,"comment_status":"closed","ping_status":"closed","template":"","meta":{"_acf_changed":false,"footnotes":""},"class_list":["post-9537","page","type-page","status-publish",""],"acf":[],"yoast_head":"<!-- This site is optimized with the Yoast SEO plugin v27.4 - https:\/\/yoast.com\/product\/yoast-seo-wordpress\/ -->\n<title>Digitale Planungs-Tools - Bewehrungstechnik<\/title>\n<meta name=\"robots\" content=\"index, follow, max-snippet:-1, max-image-preview:large, max-video-preview:-1\" \/>\n<link rel=\"canonical\" href=\"https:\/\/bewehrungstechnik.ch\/de-de\/engineering\/digitale-planungs-tools\/\" \/>\n<meta property=\"og:locale\" content=\"de_DE\" \/>\n<meta property=\"og:type\" content=\"article\" \/>\n<meta property=\"og:title\" content=\"Digitale Planungs-Tools - Bewehrungstechnik\" \/>\n<meta property=\"og:url\" content=\"https:\/\/bewehrungstechnik.ch\/de-de\/engineering\/digitale-planungs-tools\/\" \/>\n<meta property=\"og:site_name\" content=\"Bewehrungstechnik\" \/>\n<meta property=\"article:modified_time\" content=\"2025-03-10T10:33:26+00:00\" \/>\n<meta name=\"twitter:card\" content=\"summary_large_image\" \/>\n<script type=\"application\/ld+json\" class=\"yoast-schema-graph\">{\"@context\":\"https:\\\/\\\/schema.org\",\"@graph\":[{\"@type\":\"WebPage\",\"@id\":\"https:\\\/\\\/bewehrungstechnik.ch\\\/de-de\\\/engineering\\\/digitale-planungs-tools\\\/\",\"url\":\"https:\\\/\\\/bewehrungstechnik.ch\\\/de-de\\\/engineering\\\/digitale-planungs-tools\\\/\",\"name\":\"Digitale Planungs-Tools - Bewehrungstechnik\",\"isPartOf\":{\"@id\":\"https:\\\/\\\/bewehrungstechnik.ch\\\/de-de\\\/#website\"},\"datePublished\":\"2025-03-10T10:33:25+00:00\",\"dateModified\":\"2025-03-10T10:33:26+00:00\",\"breadcrumb\":{\"@id\":\"https:\\\/\\\/bewehrungstechnik.ch\\\/de-de\\\/engineering\\\/digitale-planungs-tools\\\/#breadcrumb\"},\"inLanguage\":\"de\",\"potentialAction\":[{\"@type\":\"ReadAction\",\"target\":[\"https:\\\/\\\/bewehrungstechnik.ch\\\/de-de\\\/engineering\\\/digitale-planungs-tools\\\/\"]}]},{\"@type\":\"BreadcrumbList\",\"@id\":\"https:\\\/\\\/bewehrungstechnik.ch\\\/de-de\\\/engineering\\\/digitale-planungs-tools\\\/#breadcrumb\",\"itemListElement\":[{\"@type\":\"ListItem\",\"position\":1,\"name\":\"Home\",\"item\":\"https:\\\/\\\/bewehrungstechnik.ch\\\/de-de\\\/\"},{\"@type\":\"ListItem\",\"position\":2,\"name\":\"Engineering\",\"item\":\"https:\\\/\\\/bewehrungstechnik.ch\\\/de-de\\\/engineering\\\/\"},{\"@type\":\"ListItem\",\"position\":3,\"name\":\"Digitale Planungs-Tools\"}]},{\"@type\":\"WebSite\",\"@id\":\"https:\\\/\\\/bewehrungstechnik.ch\\\/de-de\\\/#website\",\"url\":\"https:\\\/\\\/bewehrungstechnik.ch\\\/de-de\\\/\",\"name\":\"Bewehrungstechnik\",\"description\":\"Just another WordPress site\",\"publisher\":{\"@id\":\"https:\\\/\\\/bewehrungstechnik.ch\\\/de-de\\\/#organization\"},\"potentialAction\":[{\"@type\":\"SearchAction\",\"target\":{\"@type\":\"EntryPoint\",\"urlTemplate\":\"https:\\\/\\\/bewehrungstechnik.ch\\\/de-de\\\/?s={search_term_string}\"},\"query-input\":{\"@type\":\"PropertyValueSpecification\",\"valueRequired\":true,\"valueName\":\"search_term_string\"}}],\"inLanguage\":\"de\"},{\"@type\":\"Organization\",\"@id\":\"https:\\\/\\\/bewehrungstechnik.ch\\\/de-de\\\/#organization\",\"name\":\"Bewehrungstechnik\",\"url\":\"https:\\\/\\\/bewehrungstechnik.ch\\\/de-de\\\/\",\"logo\":{\"@type\":\"ImageObject\",\"inLanguage\":\"de\",\"@id\":\"https:\\\/\\\/bewehrungstechnik.ch\\\/de-de\\\/#\\\/schema\\\/logo\\\/image\\\/\",\"url\":\"https:\\\/\\\/bewehrungstechnik.ch\\\/wp-content\\\/uploads\\\/2021\\\/03\\\/logo.svg\",\"contentUrl\":\"https:\\\/\\\/bewehrungstechnik.ch\\\/wp-content\\\/uploads\\\/2021\\\/03\\\/logo.svg\",\"width\":436,\"height\":436,\"caption\":\"Bewehrungstechnik\"},\"image\":{\"@id\":\"https:\\\/\\\/bewehrungstechnik.ch\\\/de-de\\\/#\\\/schema\\\/logo\\\/image\\\/\"}}]}<\/script>\n<!-- \/ Yoast SEO plugin. -->","yoast_head_json":{"title":"Digitale Planungs-Tools - Bewehrungstechnik","robots":{"index":"index","follow":"follow","max-snippet":"max-snippet:-1","max-image-preview":"max-image-preview:large","max-video-preview":"max-video-preview:-1"},"canonical":"https:\/\/bewehrungstechnik.ch\/de-de\/engineering\/digitale-planungs-tools\/","og_locale":"de_DE","og_type":"article","og_title":"Digitale Planungs-Tools - Bewehrungstechnik","og_url":"https:\/\/bewehrungstechnik.ch\/de-de\/engineering\/digitale-planungs-tools\/","og_site_name":"Bewehrungstechnik","article_modified_time":"2025-03-10T10:33:26+00:00","twitter_card":"summary_large_image","schema":{"@context":"https:\/\/schema.org","@graph":[{"@type":"WebPage","@id":"https:\/\/bewehrungstechnik.ch\/de-de\/engineering\/digitale-planungs-tools\/","url":"https:\/\/bewehrungstechnik.ch\/de-de\/engineering\/digitale-planungs-tools\/","name":"Digitale Planungs-Tools - Bewehrungstechnik","isPartOf":{"@id":"https:\/\/bewehrungstechnik.ch\/de-de\/#website"},"datePublished":"2025-03-10T10:33:25+00:00","dateModified":"2025-03-10T10:33:26+00:00","breadcrumb":{"@id":"https:\/\/bewehrungstechnik.ch\/de-de\/engineering\/digitale-planungs-tools\/#breadcrumb"},"inLanguage":"de","potentialAction":[{"@type":"ReadAction","target":["https:\/\/bewehrungstechnik.ch\/de-de\/engineering\/digitale-planungs-tools\/"]}]},{"@type":"BreadcrumbList","@id":"https:\/\/bewehrungstechnik.ch\/de-de\/engineering\/digitale-planungs-tools\/#breadcrumb","itemListElement":[{"@type":"ListItem","position":1,"name":"Home","item":"https:\/\/bewehrungstechnik.ch\/de-de\/"},{"@type":"ListItem","position":2,"name":"Engineering","item":"https:\/\/bewehrungstechnik.ch\/de-de\/engineering\/"},{"@type":"ListItem","position":3,"name":"Digitale Planungs-Tools"}]},{"@type":"WebSite","@id":"https:\/\/bewehrungstechnik.ch\/de-de\/#website","url":"https:\/\/bewehrungstechnik.ch\/de-de\/","name":"Bewehrungstechnik","description":"Just another WordPress site","publisher":{"@id":"https:\/\/bewehrungstechnik.ch\/de-de\/#organization"},"potentialAction":[{"@type":"SearchAction","target":{"@type":"EntryPoint","urlTemplate":"https:\/\/bewehrungstechnik.ch\/de-de\/?s={search_term_string}"},"query-input":{"@type":"PropertyValueSpecification","valueRequired":true,"valueName":"search_term_string"}}],"inLanguage":"de"},{"@type":"Organization","@id":"https:\/\/bewehrungstechnik.ch\/de-de\/#organization","name":"Bewehrungstechnik","url":"https:\/\/bewehrungstechnik.ch\/de-de\/","logo":{"@type":"ImageObject","inLanguage":"de","@id":"https:\/\/bewehrungstechnik.ch\/de-de\/#\/schema\/logo\/image\/","url":"https:\/\/bewehrungstechnik.ch\/wp-content\/uploads\/2021\/03\/logo.svg","contentUrl":"https:\/\/bewehrungstechnik.ch\/wp-content\/uploads\/2021\/03\/logo.svg","width":436,"height":436,"caption":"Bewehrungstechnik"},"image":{"@id":"https:\/\/bewehrungstechnik.ch\/de-de\/#\/schema\/logo\/image\/"}}]}},"_links":{"self":[{"href":"https:\/\/bewehrungstechnik.ch\/de-de\/wp-json\/wp\/v2\/pages\/9537","targetHints":{"allow":["GET"]}}],"collection":[{"href":"https:\/\/bewehrungstechnik.ch\/de-de\/wp-json\/wp\/v2\/pages"}],"about":[{"href":"https:\/\/bewehrungstechnik.ch\/de-de\/wp-json\/wp\/v2\/types\/page"}],"author":[{"embeddable":true,"href":"https:\/\/bewehrungstechnik.ch\/de-de\/wp-json\/wp\/v2\/users\/9"}],"replies":[{"embeddable":true,"href":"https:\/\/bewehrungstechnik.ch\/de-de\/wp-json\/wp\/v2\/comments?post=9537"}],"version-history":[{"count":1,"href":"https:\/\/bewehrungstechnik.ch\/de-de\/wp-json\/wp\/v2\/pages\/9537\/revisions"}],"predecessor-version":[{"id":9540,"href":"https:\/\/bewehrungstechnik.ch\/de-de\/wp-json\/wp\/v2\/pages\/9537\/revisions\/9540"}],"up":[{"embeddable":true,"href":"https:\/\/bewehrungstechnik.ch\/de-de\/wp-json\/wp\/v2\/pages\/9453"}],"wp:attachment":[{"href":"https:\/\/bewehrungstechnik.ch\/de-de\/wp-json\/wp\/v2\/media?parent=9537"}],"curies":[{"name":"wp","href":"https:\/\/api.w.org\/{rel}","templated":true}]}}