{"id":9539,"date":"2025-03-10T10:33:30","date_gmt":"2025-03-10T10:33:30","guid":{"rendered":"https:\/\/bewehrungstechnik.ch\/?page_id=9539"},"modified":"2025-03-10T10:33:31","modified_gmt":"2025-03-10T10:33:31","slug":"cadenas-partcommunity","status":"publish","type":"page","link":"https:\/\/bewehrungstechnik.ch\/de-de\/engineering\/digitale-planungs-tools\/cadenas-partcommunity\/","title":{"rendered":"CADENAS \/ Partcommunity"},"content":{"rendered":"\n      <h1 id=\"block_aa2ba2d6e5daef35c17d9236bc374e79\" class=\"c-title mt-0 mb-6 lg:mb-17 alignwidetext-left l-block\"  >\n  \n  CADENAS \/ Partcommunity<\/h1><style>@media (min-width: 768px) { #block_aa2ba2d6e5daef35c17d9236bc374e79 { margin-bottom: 36px;  }} @media (min-width: 1024px) { #block_aa2ba2d6e5daef35c17d9236bc374e79 { margin-bottom: 48px;  }} <\/style>\n\n\n      <div id=\"block_632b296d989e783b1b03c0d398be7390\" class=\"deac-highlight-box mb-10 md:mb-19 lg:mb-28 alignwide l-block\"  >\n  \n  <div class=\"md:flow-root\">\n\t<div class=\"highlight-box-slider md:bg-faded-coils md:bg-cover md:mb-6 lg:mb-7 md:grid md:grid-cols-2 md:gap-6 lg:gap-16 xl:gap-24 md:min-h-136\">\n\t\t<div class=\"relative md:order-2 md:h-full  md:pr-6 lg:pr-9  md:py-10 lg:py-14 \">\n\t\t\t\t\t\t\t\t\t\t<div class=\"left-0 right-0 -mx-4 md:absolute  md:top-10 lg:top-14 md:h-full  border-b-6 md:border-0 border-primary h-72  sm:-mx-6 md:mx-0 overflow-hidden max-h-full\">\n\t\t\t\t\t<img loading=\"lazy\" decoding=\"async\" width=\"526\" height=\"392\" src=\"https:\/\/bewehrungstechnik.ch\/wp-content\/uploads\/2021\/06\/bim-e1622556075171.jpg\" class=\"block w-full h-full object-cover md:absolute\" alt=\"\" srcset=\"https:\/\/bewehrungstechnik.ch\/wp-content\/uploads\/2021\/06\/bim-e1622556075171.jpg 526w, https:\/\/bewehrungstechnik.ch\/wp-content\/uploads\/2021\/06\/bim-e1622556075171-300x224.jpg 300w, https:\/\/bewehrungstechnik.ch\/wp-content\/uploads\/2021\/06\/bim-e1622556075171-436x325.jpg 436w\" sizes=\"auto, (max-width: 526px) 100vw, 526px\" \/>\t\t\t\t\t\t\t\t\t\t\t<a class=\"absolute inset-0 flex items-center justify-center transition-all duration-300 js-lightbox group hover:no-underline opacity-60 hover:opacity-100\" href=\"https:\/\/www.youtube.com\/watch?v=Xk8TCI7iFig\">\n\t\t\t\t\t\t\t<span class=\"flex items-center justify-center transition-colors w-21 lg:w-26 h-21 lg:h-26 bg-primary group-hover:bg-red-cardinal\">\n\t\t\t\t\t\t\t\t<i class=\"text-white c-icon c-icon--play text-35 lg:text-44\"><\/i>\n\t\t\t\t\t\t\t<\/span>\n\t\t\t\t\t\t<\/a>\n\t\t\t\t\t\t\t\t\t<\/div>\n\t\t\t\t\t\t\t\t<\/div>\n\t\t<div class=\"relative py-6 bg-white md:order-1 md:bg-transparent sm:py-7 md:py-10 lg:py-14 md:px-6 lg:px-9\">\n\t\t\t<div class=\"absolute bottom-0 md:hidden -inset-x-4 sm:-inset-x-6 top-15 bg-gradient-to-b from-white to-gray-light\"><\/div>\n\t\t\t\t\t\t\t\t\t\t<div class=\"relative text-18 lg:text-32 leading-tight font-bold lg:font-semibold text-black mb-3.5 lg:mb-6\">\n\t\t\t\t\tBIM Bibliotheken f\u00fcr alle CAD -Systeme\t\t\t\t<\/div>\n\t\t\t\t\t\t\t\t\t\t\t\t\t<div class=\"relative text-black\">\n\t\t\t\t\t<p class=\"lg:mb-8\">Gemeinsam mit der CADENAS GmbH stellen wir unsere Bewehrungstechnik \u00fcber die offene BIM-Plattform<a href=\"https:\/\/debrunner-bwt.partcommunity.com\/3d-cad-models\/debrunner-acifer-bewehrungstechnik?info=debrunner_bwt&amp;cwid=6683\"> www.partcommunity.com<\/a> zur Verf\u00fcgung.<\/p>\n<p class=\"lg:mb-8\">Verf\u00fcgbare Produkte:<\/p>\n<ul class=\"font-bold\">\n<li class=\"leading-snug text-15 before:bottom-0\">ACINOXplus\u00ae &#8211; Kragplattenanschl\u00fcsse<\/li>\n<li class=\"leading-snug text-15 before:bottom-0\">BARTEC\u00ae &#8211; Schraubverbindungen<\/li>\n<li class=\"leading-snug text-15 before:bottom-0\">PYRATOP\u00ae &#8211; Bewehrungsanschl\u00fcsse<\/li>\n<li class=\"leading-snug text-15 before:bottom-0\">PYRABAR\u00ae &#8211; Schraubbare\u00a0 Bewehrungsanschl\u00fcsse<\/li>\n<li class=\"leading-snug text-15 before:bottom-0\">PYRAPAN\u00ae &#8211; Abschalk\u00f6rbe<\/li>\n<\/ul>\n\t\t\t\t<\/div>\n\t\t\t\t\t\t\t\t\t\t\t<\/div>\n\t<\/div>\n<\/div><\/div>\n\n\n<h2 class=\"wp-block-heading\">F\u00fcr alle CAD &#8211; Systeme<\/h2>\n\n\n\n<p>Mit unserer offenen BIM-Plattform, bieten wir Ihnen 3D-Bauteile f\u00fcr alle marktf\u00fchrenden CAD-Systeme an. Es stehen verschiedenste Download-Formate, auch als 2D oder 3D zur Verf\u00fcgung.<\/p>\n\n\n\n<h2 class=\"wp-block-heading\">Kostenlose Downloads<\/h2>\n\n\n\n<p>Nach einmaliger Anmeldung auf <a href=\"https:\/\/debrunner-bwt.partcommunity.com\/3d-cad-models\/debrunner-acifer-bewehrungstechnik?info=debrunner_bwt&amp;cwid=6683\">www.partcommunity.com<\/a> k\u00f6nnen Sie unsere Bewehrungstechnik kostenlos downloaden oder via Plugin importieren.<\/p>\n\n\n\n<h2 class=\"wp-block-heading\">Frei konfigurierbare Bauteile<\/h2>\n\n\n\n<p>Alle variable Parameter, wie Geometrie und Material, lassen sich einfach auf Ihre Bed\u00fcrfnisse konfigurieren. Dies im Rahmen des verf\u00fcgbaren Sortiments.<\/p>\n\n\n\n<h2 class=\"wp-block-heading\">Plugin und Bestelllisten-Tool f\u00fcr Revit<\/h2>\n\n\n\n<p>Das komfortable REVIT-Bestelllisten-Tool erm\u00f6glicht, einfach und schnell, ACINOXplus Bestelllisten zu erstellen.<br>Mit folgendem Link gelangen Sie zu dem Gratis Plug-In und das Bestelllisten-Tool: <a href=\"https:\/\/www.bimcatalogs.net\/de\/cadapp\" target=\"_blank\" rel=\"noreferrer noopener\">https:\/\/www.bimcatalogs.net\/de\/cadapp<\/a><\/p>\n\n\n\n      <div id=\"block_0fe5ad147ec906c28ab1ae1031638b2f\" class=\"deac-block-global-banner my-10 md:my-19 lg:my-28 alignwide l-block\"  >\n  \n  \n\t<\/div>","protected":false},"excerpt":{"rendered":"<p>F\u00fcr alle CAD &#8211; Systeme Mit unserer offenen BIM-Plattform, bieten wir Ihnen 3D-Bauteile f\u00fcr alle marktf\u00fchrenden CAD-Systeme an. Es stehen verschiedenste Download-Formate, auch als 2D oder 3D zur Verf\u00fcgung. Kostenlose Downloads Nach einmaliger Anmeldung auf www.partcommunity.com k\u00f6nnen Sie unsere Bewehrungstechnik kostenlos downloaden oder via Plugin importieren. Frei konfigurierbare Bauteile Alle variable Parameter, wie Geometrie und [&hellip;]<\/p>\n","protected":false},"author":9,"featured_media":0,"parent":9537,"menu_order":0,"comment_status":"closed","ping_status":"closed","template":"","meta":{"_acf_changed":false,"footnotes":""},"class_list":["post-9539","page","type-page","status-publish",""],"acf":[],"yoast_head":"<!-- This site is optimized with the Yoast SEO plugin v27.4 - https:\/\/yoast.com\/product\/yoast-seo-wordpress\/ -->\n<title>CADENAS \/ Partcommunity - Bewehrungstechnik<\/title>\n<meta name=\"robots\" content=\"index, follow, max-snippet:-1, max-image-preview:large, max-video-preview:-1\" \/>\n<link rel=\"canonical\" href=\"https:\/\/bewehrungstechnik.ch\/de-de\/engineering\/digitale-planungs-tools\/cadenas-partcommunity\/\" \/>\n<meta property=\"og:locale\" content=\"de_DE\" \/>\n<meta property=\"og:type\" content=\"article\" \/>\n<meta property=\"og:title\" content=\"CADENAS \/ Partcommunity - Bewehrungstechnik\" \/>\n<meta property=\"og:description\" content=\"F\u00fcr alle CAD &#8211; Systeme Mit unserer offenen BIM-Plattform, bieten wir Ihnen 3D-Bauteile f\u00fcr alle marktf\u00fchrenden CAD-Systeme an. Es stehen verschiedenste Download-Formate, auch als 2D oder 3D zur Verf\u00fcgung. Kostenlose Downloads Nach einmaliger Anmeldung auf www.partcommunity.com k\u00f6nnen Sie unsere Bewehrungstechnik kostenlos downloaden oder via Plugin importieren. Frei konfigurierbare Bauteile Alle variable Parameter, wie Geometrie und [&hellip;]\" \/>\n<meta property=\"og:url\" content=\"https:\/\/bewehrungstechnik.ch\/de-de\/engineering\/digitale-planungs-tools\/cadenas-partcommunity\/\" \/>\n<meta property=\"og:site_name\" content=\"Bewehrungstechnik\" \/>\n<meta property=\"article:modified_time\" content=\"2025-03-10T10:33:31+00:00\" \/>\n<meta name=\"twitter:card\" content=\"summary_large_image\" \/>\n<script type=\"application\/ld+json\" class=\"yoast-schema-graph\">{\"@context\":\"https:\\\/\\\/schema.org\",\"@graph\":[{\"@type\":\"WebPage\",\"@id\":\"https:\\\/\\\/bewehrungstechnik.ch\\\/de-de\\\/engineering\\\/digitale-planungs-tools\\\/cadenas-partcommunity\\\/\",\"url\":\"https:\\\/\\\/bewehrungstechnik.ch\\\/de-de\\\/engineering\\\/digitale-planungs-tools\\\/cadenas-partcommunity\\\/\",\"name\":\"CADENAS \\\/ Partcommunity - Bewehrungstechnik\",\"isPartOf\":{\"@id\":\"https:\\\/\\\/bewehrungstechnik.ch\\\/de-de\\\/#website\"},\"datePublished\":\"2025-03-10T10:33:30+00:00\",\"dateModified\":\"2025-03-10T10:33:31+00:00\",\"breadcrumb\":{\"@id\":\"https:\\\/\\\/bewehrungstechnik.ch\\\/de-de\\\/engineering\\\/digitale-planungs-tools\\\/cadenas-partcommunity\\\/#breadcrumb\"},\"inLanguage\":\"de\",\"potentialAction\":[{\"@type\":\"ReadAction\",\"target\":[\"https:\\\/\\\/bewehrungstechnik.ch\\\/de-de\\\/engineering\\\/digitale-planungs-tools\\\/cadenas-partcommunity\\\/\"]}]},{\"@type\":\"BreadcrumbList\",\"@id\":\"https:\\\/\\\/bewehrungstechnik.ch\\\/de-de\\\/engineering\\\/digitale-planungs-tools\\\/cadenas-partcommunity\\\/#breadcrumb\",\"itemListElement\":[{\"@type\":\"ListItem\",\"position\":1,\"name\":\"Home\",\"item\":\"https:\\\/\\\/bewehrungstechnik.ch\\\/de-de\\\/\"},{\"@type\":\"ListItem\",\"position\":2,\"name\":\"Engineering\",\"item\":\"https:\\\/\\\/bewehrungstechnik.ch\\\/de-de\\\/engineering\\\/\"},{\"@type\":\"ListItem\",\"position\":3,\"name\":\"Digitale Planungs-Tools\",\"item\":\"https:\\\/\\\/bewehrungstechnik.ch\\\/de-de\\\/engineering\\\/digitale-planungs-tools\\\/\"},{\"@type\":\"ListItem\",\"position\":4,\"name\":\"CADENAS \\\/ Partcommunity\"}]},{\"@type\":\"WebSite\",\"@id\":\"https:\\\/\\\/bewehrungstechnik.ch\\\/de-de\\\/#website\",\"url\":\"https:\\\/\\\/bewehrungstechnik.ch\\\/de-de\\\/\",\"name\":\"Bewehrungstechnik\",\"description\":\"Just another WordPress site\",\"publisher\":{\"@id\":\"https:\\\/\\\/bewehrungstechnik.ch\\\/de-de\\\/#organization\"},\"potentialAction\":[{\"@type\":\"SearchAction\",\"target\":{\"@type\":\"EntryPoint\",\"urlTemplate\":\"https:\\\/\\\/bewehrungstechnik.ch\\\/de-de\\\/?s={search_term_string}\"},\"query-input\":{\"@type\":\"PropertyValueSpecification\",\"valueRequired\":true,\"valueName\":\"search_term_string\"}}],\"inLanguage\":\"de\"},{\"@type\":\"Organization\",\"@id\":\"https:\\\/\\\/bewehrungstechnik.ch\\\/de-de\\\/#organization\",\"name\":\"Bewehrungstechnik\",\"url\":\"https:\\\/\\\/bewehrungstechnik.ch\\\/de-de\\\/\",\"logo\":{\"@type\":\"ImageObject\",\"inLanguage\":\"de\",\"@id\":\"https:\\\/\\\/bewehrungstechnik.ch\\\/de-de\\\/#\\\/schema\\\/logo\\\/image\\\/\",\"url\":\"https:\\\/\\\/bewehrungstechnik.ch\\\/wp-content\\\/uploads\\\/2021\\\/03\\\/logo.svg\",\"contentUrl\":\"https:\\\/\\\/bewehrungstechnik.ch\\\/wp-content\\\/uploads\\\/2021\\\/03\\\/logo.svg\",\"width\":436,\"height\":436,\"caption\":\"Bewehrungstechnik\"},\"image\":{\"@id\":\"https:\\\/\\\/bewehrungstechnik.ch\\\/de-de\\\/#\\\/schema\\\/logo\\\/image\\\/\"}}]}<\/script>\n<!-- \/ Yoast SEO plugin. -->","yoast_head_json":{"title":"CADENAS \/ Partcommunity - Bewehrungstechnik","robots":{"index":"index","follow":"follow","max-snippet":"max-snippet:-1","max-image-preview":"max-image-preview:large","max-video-preview":"max-video-preview:-1"},"canonical":"https:\/\/bewehrungstechnik.ch\/de-de\/engineering\/digitale-planungs-tools\/cadenas-partcommunity\/","og_locale":"de_DE","og_type":"article","og_title":"CADENAS \/ Partcommunity - Bewehrungstechnik","og_description":"F\u00fcr alle CAD &#8211; Systeme Mit unserer offenen BIM-Plattform, bieten wir Ihnen 3D-Bauteile f\u00fcr alle marktf\u00fchrenden CAD-Systeme an. Es stehen verschiedenste Download-Formate, auch als 2D oder 3D zur Verf\u00fcgung. Kostenlose Downloads Nach einmaliger Anmeldung auf www.partcommunity.com k\u00f6nnen Sie unsere Bewehrungstechnik kostenlos downloaden oder via Plugin importieren. Frei konfigurierbare Bauteile Alle variable Parameter, wie Geometrie und [&hellip;]","og_url":"https:\/\/bewehrungstechnik.ch\/de-de\/engineering\/digitale-planungs-tools\/cadenas-partcommunity\/","og_site_name":"Bewehrungstechnik","article_modified_time":"2025-03-10T10:33:31+00:00","twitter_card":"summary_large_image","schema":{"@context":"https:\/\/schema.org","@graph":[{"@type":"WebPage","@id":"https:\/\/bewehrungstechnik.ch\/de-de\/engineering\/digitale-planungs-tools\/cadenas-partcommunity\/","url":"https:\/\/bewehrungstechnik.ch\/de-de\/engineering\/digitale-planungs-tools\/cadenas-partcommunity\/","name":"CADENAS \/ Partcommunity - Bewehrungstechnik","isPartOf":{"@id":"https:\/\/bewehrungstechnik.ch\/de-de\/#website"},"datePublished":"2025-03-10T10:33:30+00:00","dateModified":"2025-03-10T10:33:31+00:00","breadcrumb":{"@id":"https:\/\/bewehrungstechnik.ch\/de-de\/engineering\/digitale-planungs-tools\/cadenas-partcommunity\/#breadcrumb"},"inLanguage":"de","potentialAction":[{"@type":"ReadAction","target":["https:\/\/bewehrungstechnik.ch\/de-de\/engineering\/digitale-planungs-tools\/cadenas-partcommunity\/"]}]},{"@type":"BreadcrumbList","@id":"https:\/\/bewehrungstechnik.ch\/de-de\/engineering\/digitale-planungs-tools\/cadenas-partcommunity\/#breadcrumb","itemListElement":[{"@type":"ListItem","position":1,"name":"Home","item":"https:\/\/bewehrungstechnik.ch\/de-de\/"},{"@type":"ListItem","position":2,"name":"Engineering","item":"https:\/\/bewehrungstechnik.ch\/de-de\/engineering\/"},{"@type":"ListItem","position":3,"name":"Digitale Planungs-Tools","item":"https:\/\/bewehrungstechnik.ch\/de-de\/engineering\/digitale-planungs-tools\/"},{"@type":"ListItem","position":4,"name":"CADENAS \/ Partcommunity"}]},{"@type":"WebSite","@id":"https:\/\/bewehrungstechnik.ch\/de-de\/#website","url":"https:\/\/bewehrungstechnik.ch\/de-de\/","name":"Bewehrungstechnik","description":"Just another WordPress site","publisher":{"@id":"https:\/\/bewehrungstechnik.ch\/de-de\/#organization"},"potentialAction":[{"@type":"SearchAction","target":{"@type":"EntryPoint","urlTemplate":"https:\/\/bewehrungstechnik.ch\/de-de\/?s={search_term_string}"},"query-input":{"@type":"PropertyValueSpecification","valueRequired":true,"valueName":"search_term_string"}}],"inLanguage":"de"},{"@type":"Organization","@id":"https:\/\/bewehrungstechnik.ch\/de-de\/#organization","name":"Bewehrungstechnik","url":"https:\/\/bewehrungstechnik.ch\/de-de\/","logo":{"@type":"ImageObject","inLanguage":"de","@id":"https:\/\/bewehrungstechnik.ch\/de-de\/#\/schema\/logo\/image\/","url":"https:\/\/bewehrungstechnik.ch\/wp-content\/uploads\/2021\/03\/logo.svg","contentUrl":"https:\/\/bewehrungstechnik.ch\/wp-content\/uploads\/2021\/03\/logo.svg","width":436,"height":436,"caption":"Bewehrungstechnik"},"image":{"@id":"https:\/\/bewehrungstechnik.ch\/de-de\/#\/schema\/logo\/image\/"}}]}},"_links":{"self":[{"href":"https:\/\/bewehrungstechnik.ch\/de-de\/wp-json\/wp\/v2\/pages\/9539","targetHints":{"allow":["GET"]}}],"collection":[{"href":"https:\/\/bewehrungstechnik.ch\/de-de\/wp-json\/wp\/v2\/pages"}],"about":[{"href":"https:\/\/bewehrungstechnik.ch\/de-de\/wp-json\/wp\/v2\/types\/page"}],"author":[{"embeddable":true,"href":"https:\/\/bewehrungstechnik.ch\/de-de\/wp-json\/wp\/v2\/users\/9"}],"replies":[{"embeddable":true,"href":"https:\/\/bewehrungstechnik.ch\/de-de\/wp-json\/wp\/v2\/comments?post=9539"}],"version-history":[{"count":1,"href":"https:\/\/bewehrungstechnik.ch\/de-de\/wp-json\/wp\/v2\/pages\/9539\/revisions"}],"predecessor-version":[{"id":9544,"href":"https:\/\/bewehrungstechnik.ch\/de-de\/wp-json\/wp\/v2\/pages\/9539\/revisions\/9544"}],"up":[{"embeddable":true,"href":"https:\/\/bewehrungstechnik.ch\/de-de\/wp-json\/wp\/v2\/pages\/9537"}],"wp:attachment":[{"href":"https:\/\/bewehrungstechnik.ch\/de-de\/wp-json\/wp\/v2\/media?parent=9539"}],"curies":[{"name":"wp","href":"https:\/\/api.w.org\/{rel}","templated":true}]}}