{"id":9546,"date":"2025-03-10T10:34:28","date_gmt":"2025-03-10T10:34:28","guid":{"rendered":"https:\/\/bewehrungstechnik.ch\/?page_id=9546"},"modified":"2025-03-10T10:34:32","modified_gmt":"2025-03-10T10:34:32","slug":"online-listen-tool-acilist","status":"publish","type":"page","link":"https:\/\/bewehrungstechnik.ch\/de-de\/engineering\/digitale-planungs-tools\/online-listen-tool-acilist\/","title":{"rendered":"Online-Listen-Tool ACILIST\u00ae"},"content":{"rendered":"\n      <h1 id=\"block_20fa72e48edec9eaa77c0c58e241d8ac\" class=\"c-title mt-0 mb-6 lg:mb-17 alignwidetext-left l-block\"  >\n  \n  Online-Listen-Tool ACILIST\u00ae<\/h1><style>@media (min-width: 768px) { #block_20fa72e48edec9eaa77c0c58e241d8ac { margin-bottom: 36px;  }} @media (min-width: 1024px) { #block_20fa72e48edec9eaa77c0c58e241d8ac { margin-bottom: 48px;  }} <\/style>\n\n\n      <div id=\"block_1a1d52a272a7805e0f721678e0de9a12\" class=\"deac-highlight-box mb-10 md:mb-19 lg:mb-28 alignwide l-block\"  >\n  \n  <div class=\"md:flow-root\">\n\t<div class=\"highlight-box-slider md:bg-faded-coils md:bg-cover md:mb-6 lg:mb-7 md:grid md:grid-cols-2 md:gap-6 lg:gap-16 xl:gap-24 md:min-h-136\">\n\t\t<div class=\"relative md:order-2 md:h-full  md:pr-6 lg:pr-9  md:py-10 lg:py-14 \">\n\t\t\t\t\t\t\t\t\t\t<div class=\"left-0 right-0 -mx-4 md:absolute  md:top-10 lg:top-14 md:h-full  border-b-6 md:border-0 border-primary h-72  sm:-mx-6 md:mx-0 overflow-hidden max-h-full\">\n\t\t\t\t\t<img loading=\"lazy\" decoding=\"async\" width=\"1024\" height=\"512\" src=\"https:\/\/bewehrungstechnik.ch\/wp-content\/uploads\/2021\/04\/bewehrung-bewehrungstechnik-acilist-grey-1024x512.jpg\" class=\"block w-full h-full object-cover md:absolute\" alt=\"\" srcset=\"https:\/\/bewehrungstechnik.ch\/wp-content\/uploads\/2021\/04\/bewehrung-bewehrungstechnik-acilist-grey-1024x512.jpg 1024w, https:\/\/bewehrungstechnik.ch\/wp-content\/uploads\/2021\/04\/bewehrung-bewehrungstechnik-acilist-grey-300x150.jpg 300w, https:\/\/bewehrungstechnik.ch\/wp-content\/uploads\/2021\/04\/bewehrung-bewehrungstechnik-acilist-grey-768x384.jpg 768w, https:\/\/bewehrungstechnik.ch\/wp-content\/uploads\/2021\/04\/bewehrung-bewehrungstechnik-acilist-grey-436x218.jpg 436w, https:\/\/bewehrungstechnik.ch\/wp-content\/uploads\/2021\/04\/bewehrung-bewehrungstechnik-acilist-grey-550x275.jpg 550w, https:\/\/bewehrungstechnik.ch\/wp-content\/uploads\/2021\/04\/bewehrung-bewehrungstechnik-acilist-grey.jpg 1440w\" sizes=\"auto, (max-width: 1024px) 100vw, 1024px\" \/>\t\t\t\t\t\t\t\t\t<\/div>\n\t\t\t\t\t\t\t\t<\/div>\n\t\t<div class=\"relative py-6 bg-white md:order-1 md:bg-transparent sm:py-7 md:py-10 lg:py-14 md:px-6 lg:px-9\">\n\t\t\t<div class=\"absolute bottom-0 md:hidden -inset-x-4 sm:-inset-x-6 top-15 bg-gradient-to-b from-white to-gray-light\"><\/div>\n\t\t\t\t\t\t\t\t\t\t<div class=\"relative text-18 lg:text-32 leading-tight font-bold lg:font-semibold text-black mb-3.5 lg:mb-6\">\n\t\t\t\t\tBewehrungstechnik-Listen einfach und schnell erstellen\t\t\t\t<\/div>\n\t\t\t\t\t\t\t\t\t\t<div class=\"relative text-primary lg:text-18 font-bold leading-snug mb-4.5 lg:mb-6\">\n\t\t\t\t\tMit ACILIST\u00ae k\u00f6nnen Planer direkt auf das Debrunner Acifer Bewehrungstechnik-Sortiment zugreifen und einfach und effizient die gew\u00fcnschten Bewehrungstechnik-Listen erstellen \t\t\t\t<\/div>\n\t\t\t\t\t\t\t\t\t\t<div class=\"relative text-black\">\n\t\t\t\t\t<ul class=\"font-bold\">\n<li class=\"leading-snug text-15 before:bottom-0\">Kostenloses Onlineportal<\/li>\n<li class=\"leading-snug text-15 before:bottom-0\">Integrierte Objekt- und Bauteilverwaltung<\/li>\n<li class=\"leading-snug text-15 before:bottom-0\">Automatische Geometrie- und Listenkontrolle<\/li>\n<li class=\"leading-snug text-15 before:bottom-0\">Mit Bauteilkonfigurator<\/li>\n<li class=\"leading-snug text-15 before:bottom-0\">Support-Service<\/li>\n<\/ul>\n\t\t\t\t<\/div>\n\t\t\t\t\t\t\t\t\t\t\t<\/div>\n\t<\/div>\n<\/div><\/div>\n\n\n      <div id=\"block_08ef24e71bcea6e467b3f9346d2d33bb\" class=\"deac-block-images-text mb-10 md:mb-19 lg:mb-28 alignwide l-block\"  >\n  \n  <div class=\"md:grid md:grid-cols-2 md:gap-6 lg:gap-16 xl:gap-24\">\n\t<div class=\"mb-6 md:mb-0  order-2\">\n\t\t\n\n<h2 class=\"wp-block-heading has-heading-4-font-size\">ACILIST\u00ae-Online-Listen-Tool<\/h2>\n\n\n\n<p>ACILIST\u00ae l\u00e4uft online und direkt unsere Website und erm\u00f6glicht dem Planer seine Listen direkt dort auszuf\u00fcllen.<br>Mit der integrierten Geometrie- und Listenkontrolle werden die Bestelldaten jeweils mit dem aktuellen Sortiment abgeglichen. Veraltete und fehlerhafte Bestelllisten werden damit ausgeschlossen und erh\u00f6ht so die Qualit\u00e4t und Ihre Effizienz.<br>ACILIST\u00ae &#8211; F\u00fcr alle, welche Ihre Bestelllisten nicht direkt aus dem CAD erstellen, aber auf die Vorteile einer digitalen L\u00f6sung nicht verzichten wollen.<\/p>\n\n\n\n<h2 class=\"wp-block-heading has-heading-4-font-size\">Integrierte Objekt- und Bauteilverwaltung<\/h2>\n\n\n\n<p>Dank integrierter Objekt- und Bauteilverwaltung behalten Sie und Ihre Kollegen jederzeit den \u00dcberblick. Ist ein Objekt in der Objektverwaltung er\u00f6ffnet, werden die Listenkopf-Informationen f\u00fcr jedes Bauteil und jede Bestellliste \u00fcbernommen. \u00c4nderungen oder duplizieren von Listen ist mit wenigen Klicks erledigt.<\/p>\n\n\n\n<h2 class=\"wp-block-heading has-heading-4-font-size\">Bauteilkonfigurator<\/h2>\n\n\n\n<p>F\u00fcr Versatzsituationen bei Kragplattenanschl\u00fcssen wie auch f\u00fcr das Generieren von Schraubverbindungen am Betonstahl, unterst\u00fctzt Sie der ACILIST\u00ae-Konfigurator bei der L\u00f6sungsfindung. Der Konfigurator ist systemunabh\u00e4ngig und erlaubt es, technische Bauteile online zu konfigurieren, zu kontrollieren und direkt in Bestelllisten umzuwandeln.<\/p>\n\n\n\n<h2 class=\"wp-block-heading has-heading-4-font-size\">Support-Service<\/h2>\n\n\n\n<p>Ben\u00f6tigen Sie Support in der L\u00f6sungsfindung eines Bewehrungstechnikprodukts? Mit ACILIST\u00ae k\u00f6nnen Sie Ihre Bestelllisten einfach mit Ihrem technischen Berater teilen \u2013 auch umgekehrt: Ihr technischer Berater kann Ihnen bei Bedarf die passende Liste f\u00fcr das erarbeitete L\u00f6sungskonzept einfach per ACILIST\u00ae in Ihre Objektverwaltung zukommen lassen.<\/p>\n\n\t<\/div>\n\t\t\t<div>\n\t\t\t<div class=\" md:sticky md:top-6\">\n\t\t\t\t\t\t\t\t\t<div class=\"mb-5 md:mb-8 lg:mb-13 last:mb-0\">\n\t\t\t\t\t\t<img loading=\"lazy\" decoding=\"async\" width=\"732\" height=\"560\" src=\"https:\/\/bewehrungstechnik.ch\/wp-content\/uploads\/2021\/04\/acilist-bartec-schraubverbindungen.jpg\" class=\"\" alt=\"\" srcset=\"https:\/\/bewehrungstechnik.ch\/wp-content\/uploads\/2021\/04\/acilist-bartec-schraubverbindungen.jpg 732w, https:\/\/bewehrungstechnik.ch\/wp-content\/uploads\/2021\/04\/acilist-bartec-schraubverbindungen-300x230.jpg 300w, https:\/\/bewehrungstechnik.ch\/wp-content\/uploads\/2021\/04\/acilist-bartec-schraubverbindungen-436x334.jpg 436w, https:\/\/bewehrungstechnik.ch\/wp-content\/uploads\/2021\/04\/acilist-bartec-schraubverbindungen-550x421.jpg 550w\" sizes=\"auto, (max-width: 732px) 100vw, 732px\" \/>\t\t\t\t\t\t\t\t\t\t\t\t\t<div class=\"text-15 mt-4.5\">\n\t\t\t\t\t\t\t\t<p><strong class=\"text-black\">BARTEC\u00ae-Konfigurator.<\/strong><em> Alle g\u00e4ngigen Figuren k\u00f6nnen definiert werden.<\/em><\/p>\n\t\t\t\t\t\t\t<\/div>\n\t\t\t\t\t\t\t\t\t\t\t<\/div>\n\t\t\t\t\t\t\t\t\t<div class=\"mb-5 md:mb-8 lg:mb-13 last:mb-0\">\n\t\t\t\t\t\t<img loading=\"lazy\" decoding=\"async\" width=\"732\" height=\"589\" src=\"https:\/\/bewehrungstechnik.ch\/wp-content\/uploads\/2021\/04\/objektu\u0308bersicht.jpg\" class=\"\" alt=\"\" srcset=\"https:\/\/bewehrungstechnik.ch\/wp-content\/uploads\/2021\/04\/objektu\u0308bersicht.jpg 732w, https:\/\/bewehrungstechnik.ch\/wp-content\/uploads\/2021\/04\/objektu\u0308bersicht-300x241.jpg 300w, https:\/\/bewehrungstechnik.ch\/wp-content\/uploads\/2021\/04\/objektu\u0308bersicht-436x351.jpg 436w, https:\/\/bewehrungstechnik.ch\/wp-content\/uploads\/2021\/04\/objektu\u0308bersicht-550x443.jpg 550w\" sizes=\"auto, (max-width: 732px) 100vw, 732px\" \/>\t\t\t\t\t\t\t\t\t\t\t\t\t<div class=\"text-15 mt-4.5\">\n\t\t\t\t\t\t\t\t<p><em><strong class=\"text-black\">\u00dcbersichtiliche Verwaltung. <\/strong>Die Objektparameter m\u00fcssen nur einmal erfasst werden.<\/em><\/p>\n\t\t\t\t\t\t\t<\/div>\n\t\t\t\t\t\t\t\t\t\t\t<\/div>\n\t\t\t\t\t\t\t<\/div>\n\t\t<\/div>\n\t<\/div>\n<\/div>\n\n\n      <div id=\"block_24940efeeae46d8884ebecbb26b6fb30\" class=\"deac-block-images-text mb-10 md:mb-19 lg:mb-28 alignwide l-block\"  >\n  \n  <div class=\"md:grid md:grid-cols-2 md:gap-6 lg:gap-16 xl:gap-24\">\n\t<div class=\"mb-6 md:mb-0 \">\n\t\t\n\n<p class=\"mb-2 has-black-color has-text-color has-heading-4-font-size\"><strong>Liste per pdf-Export<\/strong><\/p>\n\n\n\n<p>Die fertige Bestellliste bleibt in Ihrer Objektdatenbank bestehen und kann auch von Ihren Arbeitskollegen mit einem ACILIST-Zugang eingesehen und bearbeitet werden. F\u00fcr den Versand k\u00f6nnen Sie ihre Bestelllisten in einem PDF-Format erzeugen, dem Bauunternehmer zukommen lassen und bei Bedarf, auch in Ihren lokalen Objektdaten ablegen.<\/p>\n\n\n\n<p class=\"mb-2 has-black-color has-text-color has-heading-4-font-size\"><strong>Kostenlosen ACILIST\u00ae-Zugang<\/strong><\/p>\n\n\n\n<p>Profitieren Sie von ACILIST\u00ae und beantragen Sie Ihren pers\u00f6nlichen Zugang. Ihr technischer Berater steht Ihnen bei Fragen oder Anliegen sehr gerne zur Verf\u00fcgung<\/p>\n\n\t<\/div>\n\t\t\t<div>\n\t\t\t<div class=\" md:sticky md:top-6\">\n\t\t\t\t\t\t\t\t\t<div class=\"mb-5 md:mb-8 lg:mb-13 last:mb-0\">\n\t\t\t\t\t\t<img loading=\"lazy\" decoding=\"async\" width=\"682\" height=\"589\" src=\"https:\/\/bewehrungstechnik.ch\/wp-content\/uploads\/2021\/04\/artikelauswahl.jpg\" class=\"\" alt=\"\" srcset=\"https:\/\/bewehrungstechnik.ch\/wp-content\/uploads\/2021\/04\/artikelauswahl.jpg 682w, https:\/\/bewehrungstechnik.ch\/wp-content\/uploads\/2021\/04\/artikelauswahl-300x259.jpg 300w, https:\/\/bewehrungstechnik.ch\/wp-content\/uploads\/2021\/04\/artikelauswahl-436x377.jpg 436w, https:\/\/bewehrungstechnik.ch\/wp-content\/uploads\/2021\/04\/artikelauswahl-550x475.jpg 550w\" sizes=\"auto, (max-width: 682px) 100vw, 682px\" \/>\t\t\t\t\t\t\t\t\t\t\t\t\t<div class=\"text-15 mt-4.5\">\n\t\t\t\t\t\t\t\t<p><em><strong class=\"text-black\">Die Artikel k\u00f6nnen eindeutig ausgew\u00e4hlt werden.<\/strong><\/em><\/p>\n\t\t\t\t\t\t\t<\/div>\n\t\t\t\t\t\t\t\t\t\t\t<\/div>\n\t\t\t\t\t\t\t<\/div>\n\t\t<\/div>\n\t<\/div>\n<\/div>\n\n\n      <div id=\"block_4e57eeb7743b0f49ac6b1a7301cedb40\" class=\"deac-block-global-banner my-10 md:my-19 lg:my-28 alignwide l-block\"  >\n  \n  \n\t<\/div>","protected":false},"excerpt":{"rendered":"","protected":false},"author":9,"featured_media":0,"parent":9537,"menu_order":0,"comment_status":"closed","ping_status":"closed","template":"","meta":{"_acf_changed":false,"footnotes":""},"class_list":["post-9546","page","type-page","status-publish",""],"acf":[],"yoast_head":"<!-- This site is optimized with the Yoast SEO plugin v27.3 - https:\/\/yoast.com\/product\/yoast-seo-wordpress\/ -->\n<title>Online-Listen-Tool ACILIST\u00ae - Bewehrungstechnik<\/title>\n<meta name=\"robots\" content=\"index, follow, max-snippet:-1, max-image-preview:large, max-video-preview:-1\" \/>\n<link rel=\"canonical\" href=\"https:\/\/bewehrungstechnik.ch\/de-de\/engineering\/digitale-planungs-tools\/online-listen-tool-acilist\/\" \/>\n<meta property=\"og:locale\" content=\"de_DE\" \/>\n<meta property=\"og:type\" content=\"article\" \/>\n<meta property=\"og:title\" content=\"Online-Listen-Tool ACILIST\u00ae - Bewehrungstechnik\" \/>\n<meta property=\"og:url\" content=\"https:\/\/bewehrungstechnik.ch\/de-de\/engineering\/digitale-planungs-tools\/online-listen-tool-acilist\/\" \/>\n<meta property=\"og:site_name\" content=\"Bewehrungstechnik\" \/>\n<meta property=\"article:modified_time\" content=\"2025-03-10T10:34:32+00:00\" \/>\n<meta name=\"twitter:card\" content=\"summary_large_image\" \/>\n<script type=\"application\/ld+json\" class=\"yoast-schema-graph\">{\"@context\":\"https:\\\/\\\/schema.org\",\"@graph\":[{\"@type\":\"WebPage\",\"@id\":\"https:\\\/\\\/bewehrungstechnik.ch\\\/de-de\\\/engineering\\\/digitale-planungs-tools\\\/online-listen-tool-acilist\\\/\",\"url\":\"https:\\\/\\\/bewehrungstechnik.ch\\\/de-de\\\/engineering\\\/digitale-planungs-tools\\\/online-listen-tool-acilist\\\/\",\"name\":\"Online-Listen-Tool ACILIST\u00ae - Bewehrungstechnik\",\"isPartOf\":{\"@id\":\"https:\\\/\\\/bewehrungstechnik.ch\\\/de-de\\\/#website\"},\"datePublished\":\"2025-03-10T10:34:28+00:00\",\"dateModified\":\"2025-03-10T10:34:32+00:00\",\"breadcrumb\":{\"@id\":\"https:\\\/\\\/bewehrungstechnik.ch\\\/de-de\\\/engineering\\\/digitale-planungs-tools\\\/online-listen-tool-acilist\\\/#breadcrumb\"},\"inLanguage\":\"de\",\"potentialAction\":[{\"@type\":\"ReadAction\",\"target\":[\"https:\\\/\\\/bewehrungstechnik.ch\\\/de-de\\\/engineering\\\/digitale-planungs-tools\\\/online-listen-tool-acilist\\\/\"]}]},{\"@type\":\"BreadcrumbList\",\"@id\":\"https:\\\/\\\/bewehrungstechnik.ch\\\/de-de\\\/engineering\\\/digitale-planungs-tools\\\/online-listen-tool-acilist\\\/#breadcrumb\",\"itemListElement\":[{\"@type\":\"ListItem\",\"position\":1,\"name\":\"Home\",\"item\":\"https:\\\/\\\/bewehrungstechnik.ch\\\/de-de\\\/\"},{\"@type\":\"ListItem\",\"position\":2,\"name\":\"Engineering\",\"item\":\"https:\\\/\\\/bewehrungstechnik.ch\\\/de-de\\\/engineering\\\/\"},{\"@type\":\"ListItem\",\"position\":3,\"name\":\"Digitale Planungs-Tools\",\"item\":\"https:\\\/\\\/bewehrungstechnik.ch\\\/de-de\\\/engineering\\\/digitale-planungs-tools\\\/\"},{\"@type\":\"ListItem\",\"position\":4,\"name\":\"Online-Listen-Tool ACILIST\u00ae\"}]},{\"@type\":\"WebSite\",\"@id\":\"https:\\\/\\\/bewehrungstechnik.ch\\\/de-de\\\/#website\",\"url\":\"https:\\\/\\\/bewehrungstechnik.ch\\\/de-de\\\/\",\"name\":\"Bewehrungstechnik\",\"description\":\"Just another WordPress site\",\"publisher\":{\"@id\":\"https:\\\/\\\/bewehrungstechnik.ch\\\/de-de\\\/#organization\"},\"potentialAction\":[{\"@type\":\"SearchAction\",\"target\":{\"@type\":\"EntryPoint\",\"urlTemplate\":\"https:\\\/\\\/bewehrungstechnik.ch\\\/de-de\\\/?s={search_term_string}\"},\"query-input\":{\"@type\":\"PropertyValueSpecification\",\"valueRequired\":true,\"valueName\":\"search_term_string\"}}],\"inLanguage\":\"de\"},{\"@type\":\"Organization\",\"@id\":\"https:\\\/\\\/bewehrungstechnik.ch\\\/de-de\\\/#organization\",\"name\":\"Bewehrungstechnik\",\"url\":\"https:\\\/\\\/bewehrungstechnik.ch\\\/de-de\\\/\",\"logo\":{\"@type\":\"ImageObject\",\"inLanguage\":\"de\",\"@id\":\"https:\\\/\\\/bewehrungstechnik.ch\\\/de-de\\\/#\\\/schema\\\/logo\\\/image\\\/\",\"url\":\"https:\\\/\\\/bewehrungstechnik.ch\\\/wp-content\\\/uploads\\\/2021\\\/03\\\/logo.svg\",\"contentUrl\":\"https:\\\/\\\/bewehrungstechnik.ch\\\/wp-content\\\/uploads\\\/2021\\\/03\\\/logo.svg\",\"width\":436,\"height\":436,\"caption\":\"Bewehrungstechnik\"},\"image\":{\"@id\":\"https:\\\/\\\/bewehrungstechnik.ch\\\/de-de\\\/#\\\/schema\\\/logo\\\/image\\\/\"}}]}<\/script>\n<!-- \/ Yoast SEO plugin. -->","yoast_head_json":{"title":"Online-Listen-Tool ACILIST\u00ae - Bewehrungstechnik","robots":{"index":"index","follow":"follow","max-snippet":"max-snippet:-1","max-image-preview":"max-image-preview:large","max-video-preview":"max-video-preview:-1"},"canonical":"https:\/\/bewehrungstechnik.ch\/de-de\/engineering\/digitale-planungs-tools\/online-listen-tool-acilist\/","og_locale":"de_DE","og_type":"article","og_title":"Online-Listen-Tool ACILIST\u00ae - Bewehrungstechnik","og_url":"https:\/\/bewehrungstechnik.ch\/de-de\/engineering\/digitale-planungs-tools\/online-listen-tool-acilist\/","og_site_name":"Bewehrungstechnik","article_modified_time":"2025-03-10T10:34:32+00:00","twitter_card":"summary_large_image","schema":{"@context":"https:\/\/schema.org","@graph":[{"@type":"WebPage","@id":"https:\/\/bewehrungstechnik.ch\/de-de\/engineering\/digitale-planungs-tools\/online-listen-tool-acilist\/","url":"https:\/\/bewehrungstechnik.ch\/de-de\/engineering\/digitale-planungs-tools\/online-listen-tool-acilist\/","name":"Online-Listen-Tool ACILIST\u00ae - Bewehrungstechnik","isPartOf":{"@id":"https:\/\/bewehrungstechnik.ch\/de-de\/#website"},"datePublished":"2025-03-10T10:34:28+00:00","dateModified":"2025-03-10T10:34:32+00:00","breadcrumb":{"@id":"https:\/\/bewehrungstechnik.ch\/de-de\/engineering\/digitale-planungs-tools\/online-listen-tool-acilist\/#breadcrumb"},"inLanguage":"de","potentialAction":[{"@type":"ReadAction","target":["https:\/\/bewehrungstechnik.ch\/de-de\/engineering\/digitale-planungs-tools\/online-listen-tool-acilist\/"]}]},{"@type":"BreadcrumbList","@id":"https:\/\/bewehrungstechnik.ch\/de-de\/engineering\/digitale-planungs-tools\/online-listen-tool-acilist\/#breadcrumb","itemListElement":[{"@type":"ListItem","position":1,"name":"Home","item":"https:\/\/bewehrungstechnik.ch\/de-de\/"},{"@type":"ListItem","position":2,"name":"Engineering","item":"https:\/\/bewehrungstechnik.ch\/de-de\/engineering\/"},{"@type":"ListItem","position":3,"name":"Digitale Planungs-Tools","item":"https:\/\/bewehrungstechnik.ch\/de-de\/engineering\/digitale-planungs-tools\/"},{"@type":"ListItem","position":4,"name":"Online-Listen-Tool ACILIST\u00ae"}]},{"@type":"WebSite","@id":"https:\/\/bewehrungstechnik.ch\/de-de\/#website","url":"https:\/\/bewehrungstechnik.ch\/de-de\/","name":"Bewehrungstechnik","description":"Just another WordPress site","publisher":{"@id":"https:\/\/bewehrungstechnik.ch\/de-de\/#organization"},"potentialAction":[{"@type":"SearchAction","target":{"@type":"EntryPoint","urlTemplate":"https:\/\/bewehrungstechnik.ch\/de-de\/?s={search_term_string}"},"query-input":{"@type":"PropertyValueSpecification","valueRequired":true,"valueName":"search_term_string"}}],"inLanguage":"de"},{"@type":"Organization","@id":"https:\/\/bewehrungstechnik.ch\/de-de\/#organization","name":"Bewehrungstechnik","url":"https:\/\/bewehrungstechnik.ch\/de-de\/","logo":{"@type":"ImageObject","inLanguage":"de","@id":"https:\/\/bewehrungstechnik.ch\/de-de\/#\/schema\/logo\/image\/","url":"https:\/\/bewehrungstechnik.ch\/wp-content\/uploads\/2021\/03\/logo.svg","contentUrl":"https:\/\/bewehrungstechnik.ch\/wp-content\/uploads\/2021\/03\/logo.svg","width":436,"height":436,"caption":"Bewehrungstechnik"},"image":{"@id":"https:\/\/bewehrungstechnik.ch\/de-de\/#\/schema\/logo\/image\/"}}]}},"_links":{"self":[{"href":"https:\/\/bewehrungstechnik.ch\/de-de\/wp-json\/wp\/v2\/pages\/9546","targetHints":{"allow":["GET"]}}],"collection":[{"href":"https:\/\/bewehrungstechnik.ch\/de-de\/wp-json\/wp\/v2\/pages"}],"about":[{"href":"https:\/\/bewehrungstechnik.ch\/de-de\/wp-json\/wp\/v2\/types\/page"}],"author":[{"embeddable":true,"href":"https:\/\/bewehrungstechnik.ch\/de-de\/wp-json\/wp\/v2\/users\/9"}],"replies":[{"embeddable":true,"href":"https:\/\/bewehrungstechnik.ch\/de-de\/wp-json\/wp\/v2\/comments?post=9546"}],"version-history":[{"count":1,"href":"https:\/\/bewehrungstechnik.ch\/de-de\/wp-json\/wp\/v2\/pages\/9546\/revisions"}],"predecessor-version":[{"id":9553,"href":"https:\/\/bewehrungstechnik.ch\/de-de\/wp-json\/wp\/v2\/pages\/9546\/revisions\/9553"}],"up":[{"embeddable":true,"href":"https:\/\/bewehrungstechnik.ch\/de-de\/wp-json\/wp\/v2\/pages\/9537"}],"wp:attachment":[{"href":"https:\/\/bewehrungstechnik.ch\/de-de\/wp-json\/wp\/v2\/media?parent=9546"}],"curies":[{"name":"wp","href":"https:\/\/api.w.org\/{rel}","templated":true}]}}