{"id":9547,"date":"2025-03-10T10:34:28","date_gmt":"2025-03-10T10:34:28","guid":{"rendered":"https:\/\/bewehrungstechnik.ch\/?page_id=9547"},"modified":"2025-03-10T10:34:32","modified_gmt":"2025-03-10T10:34:32","slug":"tekla-bauteilkataloge","status":"publish","type":"page","link":"https:\/\/bewehrungstechnik.ch\/de-de\/engineering\/digitale-planungs-tools\/tekla-bauteilkataloge\/","title":{"rendered":"Tekla &#8211; Bauteilkataloge"},"content":{"rendered":"\n      <h1 id=\"block_8a95c963cdc15e39f83b8550a9111bcf\" class=\"c-title mt-0 mb-6 lg:mb-17 alignwidetext-left l-block\"  >\n  \n  Tekla &#8211; Bauteilkataloge<\/h1><style>@media (min-width: 768px) { #block_8a95c963cdc15e39f83b8550a9111bcf { margin-bottom: 36px;  }} @media (min-width: 1024px) { #block_8a95c963cdc15e39f83b8550a9111bcf { margin-bottom: 48px;  }} <\/style>\n\n\n      <div id=\"block_2ef57eb35af5f763ea5a19e80138ad02\" class=\"deac-highlight-box mb-10 md:mb-19 lg:mb-28 alignwide l-block\"  >\n  \n  <div class=\"md:flow-root\">\n\t<div class=\"highlight-box-slider md:bg-faded-coils md:bg-cover md:mb-6 lg:mb-7 md:grid md:grid-cols-2 md:gap-6 lg:gap-16 xl:gap-24 md:min-h-136\">\n\t\t<div class=\"relative md:order-2 md:h-full  md:pr-6 lg:pr-9  md:py-10 lg:py-14 \">\n\t\t\t\t\t\t\t\t\t\t<div class=\"left-0 right-0 -mx-4 md:absolute  md:top-10 lg:top-14 md:h-full  border-b-6 md:border-0 border-primary h-72  sm:-mx-6 md:mx-0 overflow-hidden max-h-full\">\n\t\t\t\t\t<img loading=\"lazy\" decoding=\"async\" width=\"1024\" height=\"512\" src=\"https:\/\/bewehrungstechnik.ch\/wp-content\/uploads\/2021\/06\/2018-precast-fab-delivery-header-1024x512.jpg\" class=\"block w-full h-full object-cover md:absolute\" alt=\"\" srcset=\"https:\/\/bewehrungstechnik.ch\/wp-content\/uploads\/2021\/06\/2018-precast-fab-delivery-header-1024x512.jpg 1024w, https:\/\/bewehrungstechnik.ch\/wp-content\/uploads\/2021\/06\/2018-precast-fab-delivery-header-300x150.jpg 300w, https:\/\/bewehrungstechnik.ch\/wp-content\/uploads\/2021\/06\/2018-precast-fab-delivery-header-768x384.jpg 768w, https:\/\/bewehrungstechnik.ch\/wp-content\/uploads\/2021\/06\/2018-precast-fab-delivery-header-436x218.jpg 436w, https:\/\/bewehrungstechnik.ch\/wp-content\/uploads\/2021\/06\/2018-precast-fab-delivery-header-550x275.jpg 550w, https:\/\/bewehrungstechnik.ch\/wp-content\/uploads\/2021\/06\/2018-precast-fab-delivery-header.jpg 1190w\" sizes=\"auto, (max-width: 1024px) 100vw, 1024px\" \/>\t\t\t\t\t\t\t\t\t\t\t<a class=\"absolute inset-0 flex items-center justify-center transition-all duration-300 js-lightbox group hover:no-underline opacity-60 hover:opacity-100\" href=\"https:\/\/www.youtube.com\/watch?v=phpViGFEOXI\">\n\t\t\t\t\t\t\t<span class=\"flex items-center justify-center transition-colors w-21 lg:w-26 h-21 lg:h-26 bg-primary group-hover:bg-red-cardinal\">\n\t\t\t\t\t\t\t\t<i class=\"text-white c-icon c-icon--play text-35 lg:text-44\"><\/i>\n\t\t\t\t\t\t\t<\/span>\n\t\t\t\t\t\t<\/a>\n\t\t\t\t\t\t\t\t\t<\/div>\n\t\t\t\t\t\t\t\t<\/div>\n\t\t<div class=\"relative py-6 bg-white md:order-1 md:bg-transparent sm:py-7 md:py-10 lg:py-14 md:px-6 lg:px-9\">\n\t\t\t<div class=\"absolute bottom-0 md:hidden -inset-x-4 sm:-inset-x-6 top-15 bg-gradient-to-b from-white to-gray-light\"><\/div>\n\t\t\t\t\t\t\t\t\t\t<div class=\"relative text-18 lg:text-32 leading-tight font-bold lg:font-semibold text-black mb-3.5 lg:mb-6\">\n\t\t\t\t\tParametrische Einbauteile in Tekla Structures\t\t\t\t<\/div>\n\t\t\t\t\t\t\t\t\t\t<div class=\"relative text-primary lg:text-18 font-bold leading-snug mb-4.5 lg:mb-6\">\n\t\t\t\t\tUm Ihnen einen besseren Workflow beim Planen mit unseren Einbauteilen zu bieten, entwickeln wir fortlaufend unsere Bewehrungstechnik f\u00fcr Tekla Structures.\t\t\t\t<\/div>\n\t\t\t\t\t\t\t\t\t\t<div class=\"relative text-black\">\n\t\t\t\t\t<p class=\"lg:mb-8\">Verf\u00fcgbare Produkte:<\/p>\n<ul class=\"font-bold\">\n<li class=\"leading-snug text-15 before:bottom-0\">ACINOXplus\u00ae &#8211; Kragplattenanschl\u00fcsse<\/li>\n<li class=\"leading-snug text-15 before:bottom-0\">ACIGRIP\u00ae, Top12, Top700, PREZINC\u00ae &#8211; Spezielle Betonst\u00e4hle<\/li>\n<li class=\"leading-snug text-15 before:bottom-0\">BARTEC\u00ae &#8211; Schraubverbindungen<\/li>\n<li class=\"leading-snug text-15 before:bottom-0\">ACITOP\u00ae &#8211; Bewehrungsanschl\u00fcsse<\/li>\n<li class=\"leading-snug text-15 before:bottom-0\">PYRATOP\u00ae &#8211; Bewehrungsanschl\u00fcsse<\/li>\n<li class=\"leading-snug text-15 before:bottom-0\">PYRABAR\u00ae &#8211; Schraubbare Bewehrungsanschl\u00fcsse<\/li>\n<\/ul>\n\t\t\t\t<\/div>\n\t\t\t\t\t\t\t\t\t\t\t<\/div>\n\t<\/div>\n<\/div><\/div>\n\n\n<h2 class=\"wp-block-heading\">Fr\u00fcherkennung von Kollisionskonflikten<\/h2>\n\n\n\n<p>Durch die detaillierten 3D-Bauteile k\u00f6nnen Kollissionen und Konflikte in der Bewehrungsf\u00fchrung rechtzeitig erkannt und vermieden werden.<\/p>\n\n\n\n<h2 class=\"wp-block-heading\">Parametrische Bauteile mit BIM-Attributen<\/h2>\n\n\n\n<p>Einfaches \u00c4ndern aller Geometrie- und Material-Parameter.<br>Doch nicht nur die 3D-Darstellung, sondern alle BIM-Relevanten Attribute sind unseren Bauteilen angeh\u00e4ngt.<\/p>\n\n\n\n<h2 class=\"wp-block-heading\">Schnelle Listenerstellung<\/h2>\n\n\n\n<p>Bewehrungstechnik-Listen sind mit wenigen Maus-Klicks erstellt \u2013 \u00e4hnlich wie Eisen-Listen. Die erforderlichen St\u00fcckzahlen werden direkt aus dem Plan ermittelt.<\/p>\n\n\n\n<h2 class=\"wp-block-heading\">Immer aktuell \u2013 dank Warehouse Bibliotheken<\/h2>\n\n\n\n<p>\u00dcber die <a href=\"https:\/\/warehouse.tekla.com\/#\/search?searchTerm=debrunner&amp;showContentView=true&amp;sortBy=-relevance\">Timble \u2013Plattform Warehouse<\/a> k\u00f6nnen Sie unser stets aktuellen Bauteil-Kataloge kostenlos herunterladen.<\/p>\n\n\n\n      <div id=\"block_d908e6cc4dfd9916b0482d4d036cf1a8\" class=\"deac-block-global-banner my-10 md:my-19 lg:my-28 alignwide l-block\"  >\n  \n  \n\t<\/div>","protected":false},"excerpt":{"rendered":"<p>Fr\u00fcherkennung von Kollisionskonflikten Durch die detaillierten 3D-Bauteile k\u00f6nnen Kollissionen und Konflikte in der Bewehrungsf\u00fchrung rechtzeitig erkannt und vermieden werden. Parametrische Bauteile mit BIM-Attributen Einfaches \u00c4ndern aller Geometrie- und Material-Parameter.Doch nicht nur die 3D-Darstellung, sondern alle BIM-Relevanten Attribute sind unseren Bauteilen angeh\u00e4ngt. Schnelle Listenerstellung Bewehrungstechnik-Listen sind mit wenigen Maus-Klicks erstellt \u2013 \u00e4hnlich wie Eisen-Listen. Die erforderlichen [&hellip;]<\/p>\n","protected":false},"author":9,"featured_media":0,"parent":9537,"menu_order":0,"comment_status":"closed","ping_status":"closed","template":"","meta":{"_acf_changed":false,"footnotes":""},"class_list":["post-9547","page","type-page","status-publish",""],"acf":[],"yoast_head":"<!-- This site is optimized with the Yoast SEO plugin v27.4 - https:\/\/yoast.com\/product\/yoast-seo-wordpress\/ -->\n<title>Tekla - Bauteilkataloge - Bewehrungstechnik<\/title>\n<meta name=\"robots\" content=\"index, follow, max-snippet:-1, max-image-preview:large, max-video-preview:-1\" \/>\n<link rel=\"canonical\" href=\"https:\/\/bewehrungstechnik.ch\/de-de\/engineering\/digitale-planungs-tools\/tekla-bauteilkataloge\/\" \/>\n<meta property=\"og:locale\" content=\"de_DE\" \/>\n<meta property=\"og:type\" content=\"article\" \/>\n<meta property=\"og:title\" content=\"Tekla - Bauteilkataloge - Bewehrungstechnik\" \/>\n<meta property=\"og:description\" content=\"Fr\u00fcherkennung von Kollisionskonflikten Durch die detaillierten 3D-Bauteile k\u00f6nnen Kollissionen und Konflikte in der Bewehrungsf\u00fchrung rechtzeitig erkannt und vermieden werden. Parametrische Bauteile mit BIM-Attributen Einfaches \u00c4ndern aller Geometrie- und Material-Parameter.Doch nicht nur die 3D-Darstellung, sondern alle BIM-Relevanten Attribute sind unseren Bauteilen angeh\u00e4ngt. Schnelle Listenerstellung Bewehrungstechnik-Listen sind mit wenigen Maus-Klicks erstellt \u2013 \u00e4hnlich wie Eisen-Listen. Die erforderlichen [&hellip;]\" \/>\n<meta property=\"og:url\" content=\"https:\/\/bewehrungstechnik.ch\/de-de\/engineering\/digitale-planungs-tools\/tekla-bauteilkataloge\/\" \/>\n<meta property=\"og:site_name\" content=\"Bewehrungstechnik\" \/>\n<meta property=\"article:modified_time\" content=\"2025-03-10T10:34:32+00:00\" \/>\n<meta name=\"twitter:card\" content=\"summary_large_image\" \/>\n<script type=\"application\/ld+json\" class=\"yoast-schema-graph\">{\"@context\":\"https:\\\/\\\/schema.org\",\"@graph\":[{\"@type\":\"WebPage\",\"@id\":\"https:\\\/\\\/bewehrungstechnik.ch\\\/de-de\\\/engineering\\\/digitale-planungs-tools\\\/tekla-bauteilkataloge\\\/\",\"url\":\"https:\\\/\\\/bewehrungstechnik.ch\\\/de-de\\\/engineering\\\/digitale-planungs-tools\\\/tekla-bauteilkataloge\\\/\",\"name\":\"Tekla - Bauteilkataloge - Bewehrungstechnik\",\"isPartOf\":{\"@id\":\"https:\\\/\\\/bewehrungstechnik.ch\\\/de-de\\\/#website\"},\"datePublished\":\"2025-03-10T10:34:28+00:00\",\"dateModified\":\"2025-03-10T10:34:32+00:00\",\"breadcrumb\":{\"@id\":\"https:\\\/\\\/bewehrungstechnik.ch\\\/de-de\\\/engineering\\\/digitale-planungs-tools\\\/tekla-bauteilkataloge\\\/#breadcrumb\"},\"inLanguage\":\"de\",\"potentialAction\":[{\"@type\":\"ReadAction\",\"target\":[\"https:\\\/\\\/bewehrungstechnik.ch\\\/de-de\\\/engineering\\\/digitale-planungs-tools\\\/tekla-bauteilkataloge\\\/\"]}]},{\"@type\":\"BreadcrumbList\",\"@id\":\"https:\\\/\\\/bewehrungstechnik.ch\\\/de-de\\\/engineering\\\/digitale-planungs-tools\\\/tekla-bauteilkataloge\\\/#breadcrumb\",\"itemListElement\":[{\"@type\":\"ListItem\",\"position\":1,\"name\":\"Home\",\"item\":\"https:\\\/\\\/bewehrungstechnik.ch\\\/de-de\\\/\"},{\"@type\":\"ListItem\",\"position\":2,\"name\":\"Engineering\",\"item\":\"https:\\\/\\\/bewehrungstechnik.ch\\\/de-de\\\/engineering\\\/\"},{\"@type\":\"ListItem\",\"position\":3,\"name\":\"Digitale Planungs-Tools\",\"item\":\"https:\\\/\\\/bewehrungstechnik.ch\\\/de-de\\\/engineering\\\/digitale-planungs-tools\\\/\"},{\"@type\":\"ListItem\",\"position\":4,\"name\":\"Tekla &#8211; Bauteilkataloge\"}]},{\"@type\":\"WebSite\",\"@id\":\"https:\\\/\\\/bewehrungstechnik.ch\\\/de-de\\\/#website\",\"url\":\"https:\\\/\\\/bewehrungstechnik.ch\\\/de-de\\\/\",\"name\":\"Bewehrungstechnik\",\"description\":\"Just another WordPress site\",\"publisher\":{\"@id\":\"https:\\\/\\\/bewehrungstechnik.ch\\\/de-de\\\/#organization\"},\"potentialAction\":[{\"@type\":\"SearchAction\",\"target\":{\"@type\":\"EntryPoint\",\"urlTemplate\":\"https:\\\/\\\/bewehrungstechnik.ch\\\/de-de\\\/?s={search_term_string}\"},\"query-input\":{\"@type\":\"PropertyValueSpecification\",\"valueRequired\":true,\"valueName\":\"search_term_string\"}}],\"inLanguage\":\"de\"},{\"@type\":\"Organization\",\"@id\":\"https:\\\/\\\/bewehrungstechnik.ch\\\/de-de\\\/#organization\",\"name\":\"Bewehrungstechnik\",\"url\":\"https:\\\/\\\/bewehrungstechnik.ch\\\/de-de\\\/\",\"logo\":{\"@type\":\"ImageObject\",\"inLanguage\":\"de\",\"@id\":\"https:\\\/\\\/bewehrungstechnik.ch\\\/de-de\\\/#\\\/schema\\\/logo\\\/image\\\/\",\"url\":\"https:\\\/\\\/bewehrungstechnik.ch\\\/wp-content\\\/uploads\\\/2021\\\/03\\\/logo.svg\",\"contentUrl\":\"https:\\\/\\\/bewehrungstechnik.ch\\\/wp-content\\\/uploads\\\/2021\\\/03\\\/logo.svg\",\"width\":436,\"height\":436,\"caption\":\"Bewehrungstechnik\"},\"image\":{\"@id\":\"https:\\\/\\\/bewehrungstechnik.ch\\\/de-de\\\/#\\\/schema\\\/logo\\\/image\\\/\"}}]}<\/script>\n<!-- \/ Yoast SEO plugin. -->","yoast_head_json":{"title":"Tekla - Bauteilkataloge - Bewehrungstechnik","robots":{"index":"index","follow":"follow","max-snippet":"max-snippet:-1","max-image-preview":"max-image-preview:large","max-video-preview":"max-video-preview:-1"},"canonical":"https:\/\/bewehrungstechnik.ch\/de-de\/engineering\/digitale-planungs-tools\/tekla-bauteilkataloge\/","og_locale":"de_DE","og_type":"article","og_title":"Tekla - Bauteilkataloge - Bewehrungstechnik","og_description":"Fr\u00fcherkennung von Kollisionskonflikten Durch die detaillierten 3D-Bauteile k\u00f6nnen Kollissionen und Konflikte in der Bewehrungsf\u00fchrung rechtzeitig erkannt und vermieden werden. Parametrische Bauteile mit BIM-Attributen Einfaches \u00c4ndern aller Geometrie- und Material-Parameter.Doch nicht nur die 3D-Darstellung, sondern alle BIM-Relevanten Attribute sind unseren Bauteilen angeh\u00e4ngt. Schnelle Listenerstellung Bewehrungstechnik-Listen sind mit wenigen Maus-Klicks erstellt \u2013 \u00e4hnlich wie Eisen-Listen. Die erforderlichen [&hellip;]","og_url":"https:\/\/bewehrungstechnik.ch\/de-de\/engineering\/digitale-planungs-tools\/tekla-bauteilkataloge\/","og_site_name":"Bewehrungstechnik","article_modified_time":"2025-03-10T10:34:32+00:00","twitter_card":"summary_large_image","schema":{"@context":"https:\/\/schema.org","@graph":[{"@type":"WebPage","@id":"https:\/\/bewehrungstechnik.ch\/de-de\/engineering\/digitale-planungs-tools\/tekla-bauteilkataloge\/","url":"https:\/\/bewehrungstechnik.ch\/de-de\/engineering\/digitale-planungs-tools\/tekla-bauteilkataloge\/","name":"Tekla - Bauteilkataloge - Bewehrungstechnik","isPartOf":{"@id":"https:\/\/bewehrungstechnik.ch\/de-de\/#website"},"datePublished":"2025-03-10T10:34:28+00:00","dateModified":"2025-03-10T10:34:32+00:00","breadcrumb":{"@id":"https:\/\/bewehrungstechnik.ch\/de-de\/engineering\/digitale-planungs-tools\/tekla-bauteilkataloge\/#breadcrumb"},"inLanguage":"de","potentialAction":[{"@type":"ReadAction","target":["https:\/\/bewehrungstechnik.ch\/de-de\/engineering\/digitale-planungs-tools\/tekla-bauteilkataloge\/"]}]},{"@type":"BreadcrumbList","@id":"https:\/\/bewehrungstechnik.ch\/de-de\/engineering\/digitale-planungs-tools\/tekla-bauteilkataloge\/#breadcrumb","itemListElement":[{"@type":"ListItem","position":1,"name":"Home","item":"https:\/\/bewehrungstechnik.ch\/de-de\/"},{"@type":"ListItem","position":2,"name":"Engineering","item":"https:\/\/bewehrungstechnik.ch\/de-de\/engineering\/"},{"@type":"ListItem","position":3,"name":"Digitale Planungs-Tools","item":"https:\/\/bewehrungstechnik.ch\/de-de\/engineering\/digitale-planungs-tools\/"},{"@type":"ListItem","position":4,"name":"Tekla &#8211; Bauteilkataloge"}]},{"@type":"WebSite","@id":"https:\/\/bewehrungstechnik.ch\/de-de\/#website","url":"https:\/\/bewehrungstechnik.ch\/de-de\/","name":"Bewehrungstechnik","description":"Just another WordPress site","publisher":{"@id":"https:\/\/bewehrungstechnik.ch\/de-de\/#organization"},"potentialAction":[{"@type":"SearchAction","target":{"@type":"EntryPoint","urlTemplate":"https:\/\/bewehrungstechnik.ch\/de-de\/?s={search_term_string}"},"query-input":{"@type":"PropertyValueSpecification","valueRequired":true,"valueName":"search_term_string"}}],"inLanguage":"de"},{"@type":"Organization","@id":"https:\/\/bewehrungstechnik.ch\/de-de\/#organization","name":"Bewehrungstechnik","url":"https:\/\/bewehrungstechnik.ch\/de-de\/","logo":{"@type":"ImageObject","inLanguage":"de","@id":"https:\/\/bewehrungstechnik.ch\/de-de\/#\/schema\/logo\/image\/","url":"https:\/\/bewehrungstechnik.ch\/wp-content\/uploads\/2021\/03\/logo.svg","contentUrl":"https:\/\/bewehrungstechnik.ch\/wp-content\/uploads\/2021\/03\/logo.svg","width":436,"height":436,"caption":"Bewehrungstechnik"},"image":{"@id":"https:\/\/bewehrungstechnik.ch\/de-de\/#\/schema\/logo\/image\/"}}]}},"_links":{"self":[{"href":"https:\/\/bewehrungstechnik.ch\/de-de\/wp-json\/wp\/v2\/pages\/9547","targetHints":{"allow":["GET"]}}],"collection":[{"href":"https:\/\/bewehrungstechnik.ch\/de-de\/wp-json\/wp\/v2\/pages"}],"about":[{"href":"https:\/\/bewehrungstechnik.ch\/de-de\/wp-json\/wp\/v2\/types\/page"}],"author":[{"embeddable":true,"href":"https:\/\/bewehrungstechnik.ch\/de-de\/wp-json\/wp\/v2\/users\/9"}],"replies":[{"embeddable":true,"href":"https:\/\/bewehrungstechnik.ch\/de-de\/wp-json\/wp\/v2\/comments?post=9547"}],"version-history":[{"count":1,"href":"https:\/\/bewehrungstechnik.ch\/de-de\/wp-json\/wp\/v2\/pages\/9547\/revisions"}],"predecessor-version":[{"id":9554,"href":"https:\/\/bewehrungstechnik.ch\/de-de\/wp-json\/wp\/v2\/pages\/9547\/revisions\/9554"}],"up":[{"embeddable":true,"href":"https:\/\/bewehrungstechnik.ch\/de-de\/wp-json\/wp\/v2\/pages\/9537"}],"wp:attachment":[{"href":"https:\/\/bewehrungstechnik.ch\/de-de\/wp-json\/wp\/v2\/media?parent=9547"}],"curies":[{"name":"wp","href":"https:\/\/api.w.org\/{rel}","templated":true}]}}