{"id":9548,"date":"2025-03-10T10:34:30","date_gmt":"2025-03-10T10:34:30","guid":{"rendered":"https:\/\/bewehrungstechnik.ch\/?page_id=9548"},"modified":"2025-10-28T15:19:10","modified_gmt":"2025-10-28T15:19:10","slug":"technische-beratung","status":"publish","type":"page","link":"https:\/\/bewehrungstechnik.ch\/de-de\/engineering\/technische-beratung\/","title":{"rendered":"Technische Beratung"},"content":{"rendered":"\n      <div id=\"block_fa611fc84fbfed35b587f3c17a972ca2\" class=\"deac-highlight-box mb-10 md:mb-19 lg:mb-28 alignwide l-block\"  >\n  \n  <div class=\"md:flow-root\">\n\t<div class=\"highlight-box-slider md:bg-faded-coils md:bg-cover md:mb-6 lg:mb-7 md:grid md:grid-cols-2 md:gap-6 lg:gap-16 xl:gap-24 md:min-h-136\">\n\t\t<div class=\"relative md:order-2 md:h-full  md:pr-6 lg:pr-9  md:py-10 lg:py-14 \">\n\t\t\t\t\t\t\t\t\t\t<div class=\"left-0 right-0 -mx-4 md:absolute  md:top-10 lg:top-14 md:h-full  border-b-6 md:border-0 border-primary h-72  sm:-mx-6 md:mx-0 overflow-hidden max-h-full\">\n\t\t\t\t\t<img loading=\"lazy\" decoding=\"async\" width=\"1024\" height=\"682\" src=\"https:\/\/bewehrungstechnik.ch\/wp-content\/uploads\/rsf_dkg_bewehrungstechnik_team8_01-1024x682.jpg\" class=\"block w-full h-full object-cover md:absolute\" alt=\"\" srcset=\"https:\/\/bewehrungstechnik.ch\/wp-content\/uploads\/rsf_dkg_bewehrungstechnik_team8_01-1024x682.jpg 1024w, https:\/\/bewehrungstechnik.ch\/wp-content\/uploads\/rsf_dkg_bewehrungstechnik_team8_01-300x200.jpg 300w, https:\/\/bewehrungstechnik.ch\/wp-content\/uploads\/rsf_dkg_bewehrungstechnik_team8_01-768x511.jpg 768w, https:\/\/bewehrungstechnik.ch\/wp-content\/uploads\/rsf_dkg_bewehrungstechnik_team8_01-1536x1022.jpg 1536w, https:\/\/bewehrungstechnik.ch\/wp-content\/uploads\/rsf_dkg_bewehrungstechnik_team8_01-2048x1363.jpg 2048w, https:\/\/bewehrungstechnik.ch\/wp-content\/uploads\/rsf_dkg_bewehrungstechnik_team8_01-436x290.jpg 436w, https:\/\/bewehrungstechnik.ch\/wp-content\/uploads\/rsf_dkg_bewehrungstechnik_team8_01-550x366.jpg 550w\" sizes=\"auto, (max-width: 1024px) 100vw, 1024px\" \/>\t\t\t\t\t\t\t\t\t<\/div>\n\t\t\t\t\t\t\t\t<\/div>\n\t\t<div class=\"relative py-6 bg-white md:order-1 md:bg-transparent sm:py-7 md:py-10 lg:py-14 md:px-6 lg:px-9\">\n\t\t\t<div class=\"absolute bottom-0 md:hidden -inset-x-4 sm:-inset-x-6 top-15 bg-gradient-to-b from-white to-gray-light\"><\/div>\n\t\t\t\t\t\t\t\t\t\t<div class=\"relative text-18 lg:text-32 leading-tight font-bold lg:font-semibold text-black mb-3.5 lg:mb-6\">\n\t\t\t\t\tMelden Sie sich jetzt bei unseren erfahrenen Bauingenieuren\t\t\t\t<\/div>\n\t\t\t\t\t\t\t\t\t\t<div class=\"relative text-primary lg:text-18 font-bold leading-snug mb-4.5 lg:mb-6\">\n\t\t\t\t\tUnsere Ingenieure kennen die Bed\u00fcrfnisse des Baus und bieten Ihnen f\u00fcr den Hochbau, den Tunnelbau oder den Spezialtiefbau technisch und wirtschaftlich massgeschneiderte L\u00f6sungen an.\t\t\t\t<\/div>\n\t\t\t\t\t\t\t\t\t\t<div class=\"relative text-black\">\n\t\t\t\t\t<p class=\"lg:mb-8\">Unsere Spezialisten pr\u00e4sentieren Ihnen auch gerne unsere innovativen Online-Tools, damit Sie in der Planung Ihrer Bauprojekte noch effizienter sind.<br \/>\nKontaktieren Sie ihren Ansprechpartner in Ihrer Region und Nutzen Sie unsere kostenlose technische Beratung.<\/p>\n<ul class=\"font-bold\">\n<li class=\"leading-snug text-15 before:bottom-0\">Professionelle Beratung<\/li>\n<li class=\"leading-snug text-15 before:bottom-0\">Kostenloser Support<\/li>\n<li class=\"leading-snug text-15 before:bottom-0\">Technisch ausgereift<\/li>\n<li class=\"leading-snug text-15 before:bottom-0\">Wirtschaftlich optimiert<\/li>\n<\/ul>\n\t\t\t\t<\/div>\n\t\t\t\t\t\t\t\t\t\t\t<\/div>\n\t<\/div>\n<\/div><\/div>\n\n\n<h2 class=\"wp-block-heading\"><strong>Allgemeine technische Beratung<\/strong><\/h2>\n\n\n\n<p>Wir pr\u00e4sentieren Ihnen unsere Bewehrungs- und Bewehrungstechnikprodukte mit Hinweisen auf den Sortimentsumfang, die Qualit\u00e4t und Sicherheit sowie die Anwendungen und Vorteile.<br>Gerne bei einem pers\u00f6nlichen Besuch bei Ihnen vor Ort oder auch \u00fcber das Telefon oder eine Videokonferenz m\u00f6glich.<\/p>\n\n\n\n<h2 class=\"wp-block-heading\"><strong>Objektbezogene Beratung<\/strong><\/h2>\n\n\n\n<p>Objektbezogene L\u00f6sungsfindungen und Optimierungen sind unsere Leidenschaft. Wir erarbeiten f\u00fcr Sie technisch und wirtschaftlich massgeschneiderte L\u00f6sungen.<\/p>\n\n\n\n<h2 class=\"wp-block-heading\"><strong>Bemessungsservice<\/strong><\/h2>\n\n\n\n<p>Gerne bieten wir Ihnen unseren Bemessungsservice im Rahmen unserer Bewehrungstechnikprodukte an, so z.B. f\u00fcr unsere ACINOXplus\u00ae- Kragplattenanschl\u00fcsse oder PYRAX\u00ae-Produkte.<br>Mittels modernsten Statik FEM-Programmen erhalte Sie von uns professionelle L\u00f6sungsvorschl\u00e4ge.<\/p>\n\n\n\n<h2 class=\"wp-block-heading\"><strong>Speziall\u00f6sungen<\/strong><\/h2>\n\n\n\n<p>Unsere Spezialisten erarbeiten f\u00fcr Sie auch gerne individuelle Sonderl\u00f6sungen f\u00fcr komplexe Anforderungen gem\u00e4ss Ihren Vorgaben. Vieles ist m\u00f6glich, fordern Sie uns heraus!<\/p>\n\n\n\n      <h2 id=\"kontakt\" class=\"c-title mt-0 mb-6 lg:mb-17 alignwidetext-left l-block\"  >\n  \n  Unser Beratungsteam<\/h2>\n\n\n<p>Ob Ausk\u00fcnfte zu unseren Produkten, Beratung bei bautechnischen Herausforderungen oder die individuelle Weiterentwicklung bestehender Produkte f\u00fcr Ihr Bauprojekt \u2013 wir betreuen Sie serviceorientiert und verl\u00e4sslich.<\/p>\n\n\n\n      <div id=\"block_7d79c108db99730ac3480cc9d85d5350\" class=\"deac-block-featured-team-members mb-10 md:mb-19 lg:mb-28 l-block\"  >\n  \n  \t\t\t<div class=\"xs:grid grid-cols-2 sm:grid-cols-3 lg:grid-cols-4 gap-x-4 sm:gap-x-6 gap-y-8 lg:gap-16 xl:gap-24 space-y-8 xs:space-y-0\">\n\t\t\t\t\t\t\t\t\t\t\t<div>\n\t\t\t\t\t\t\t\t\t\t\t<div class=\"aspect-w-16 aspect-h-16 xs:aspect-none mb-4 lg:mb-7\">\n\t\t\t\t\t\t\t<img loading=\"lazy\" decoding=\"async\" width=\"274\" height=\"300\" src=\"https:\/\/bewehrungstechnik.ch\/wp-content\/uploads\/Thomas_bearbeitet-1-274x300.png\" class=\"block w-full h-full xs:w-40 xs:h-40 object-cover wp-post-image\" alt=\"\" srcset=\"https:\/\/bewehrungstechnik.ch\/wp-content\/uploads\/Thomas_bearbeitet-1-274x300.png 274w, https:\/\/bewehrungstechnik.ch\/wp-content\/uploads\/Thomas_bearbeitet-1-936x1024.png 936w, https:\/\/bewehrungstechnik.ch\/wp-content\/uploads\/Thomas_bearbeitet-1-768x840.png 768w, https:\/\/bewehrungstechnik.ch\/wp-content\/uploads\/Thomas_bearbeitet-1.png 1647w\" sizes=\"auto, (max-width: 274px) 100vw, 274px\" \/>\t\t\t\t\t\t<\/div>\n\t\t\t\t\t\t\t\t\t\t<h3 class=\"text-14 lg:text-16 text-black my-0 font-bold mb-1.5\">\n\t\t\t\t\t\tThomas Lehmann\t\t\t\t\t<\/h3>\n\t\t\t\t\t\t\t\t\t\t\t<div class=\"text-14 lg:text-16 text-primary font-bold leading-snug break-words hyphens-auto\">\n\t\t\t\t\t\t\tVertriebsleiter Deutschland<br>Staatlich gepr\u00fcfter Bautechniker\t\t\t\t\t\t<\/div>\n\t\t\t\t\t\t\t\t\t\t\t\t\t\t\t\t<div class=\"mt-3 lg:mt-6 text-black text-14 lg:text-16\">\n\t\t\t\t\t\t\t\t\t\t\t\t\t\t\t\t\t\t\t\t\t\t<div>\n\t\t\t\t\t\t\t\t\t\t\t\t\t\t\t\t\t\t<a href=\"tel:+491759456917\">\n\t\t\t\t\t\t\t\t\t\tM\t\t\t\t\t\t\t\t\t\t +49 175 945 69 17\t\t\t\t\t\t\t\t\t<\/a>\n\t\t\t\t\t\t\t\t<\/div>\n\t\t\t\t\t\t\t\t\t\t\t\t\t\t\t\t\t\t\t\t\t\t<a href=\"mailto:thomas.lehmann@kloeckner.com\">\n\t\t\t\t\t\t\t\t\tE-Mail senden\t\t\t\t\t\t\t\t<\/a>\n\t\t\t\t\t\t\t\t\t\t\t\t\t<\/div>\n\t\t\t\t\t\t\t\t\t<\/div>\n\t\t\t\t\t\t\t\t\t\t\t<div>\n\t\t\t\t\t\t\t\t\t\t\t<div class=\"aspect-w-16 aspect-h-16 xs:aspect-none mb-4 lg:mb-7\">\n\t\t\t\t\t\t\t<img loading=\"lazy\" decoding=\"async\" width=\"274\" height=\"300\" src=\"https:\/\/bewehrungstechnik.ch\/wp-content\/uploads\/Martin_bearbeitet-274x300.png\" class=\"block w-full h-full xs:w-40 xs:h-40 object-cover wp-post-image\" alt=\"\" srcset=\"https:\/\/bewehrungstechnik.ch\/wp-content\/uploads\/Martin_bearbeitet-274x300.png 274w, https:\/\/bewehrungstechnik.ch\/wp-content\/uploads\/Martin_bearbeitet-936x1024.png 936w, https:\/\/bewehrungstechnik.ch\/wp-content\/uploads\/Martin_bearbeitet-768x840.png 768w, https:\/\/bewehrungstechnik.ch\/wp-content\/uploads\/Martin_bearbeitet.png 1647w\" sizes=\"auto, (max-width: 274px) 100vw, 274px\" \/>\t\t\t\t\t\t<\/div>\n\t\t\t\t\t\t\t\t\t\t<h3 class=\"text-14 lg:text-16 text-black my-0 font-bold mb-1.5\">\n\t\t\t\t\t\tMartin Behrens\t\t\t\t\t<\/h3>\n\t\t\t\t\t\t\t\t\t\t\t<div class=\"text-14 lg:text-16 text-primary font-bold leading-snug break-words hyphens-auto\">\n\t\t\t\t\t\t\tGebietsleiter Region BY \/ BW<br>Staatlich gepr\u00fcfter Bautechniker\t\t\t\t\t\t<\/div>\n\t\t\t\t\t\t\t\t\t\t\t\t\t\t\t\t<div class=\"mt-3 lg:mt-6 text-black text-14 lg:text-16\">\n\t\t\t\t\t\t\t\t\t\t\t\t\t\t\t\t\t\t\t\t\t\t<div>\n\t\t\t\t\t\t\t\t\t\t\t\t\t\t\t\t\t\t<a href=\"tel:+4915126692612\">\n\t\t\t\t\t\t\t\t\t\tM\t\t\t\t\t\t\t\t\t\t +49 151 266 926 12\t\t\t\t\t\t\t\t\t<\/a>\n\t\t\t\t\t\t\t\t<\/div>\n\t\t\t\t\t\t\t\t\t\t\t\t\t\t\t\t\t\t\t\t\t\t<a href=\"mailto:martin.behrens@kloeckner.com\">\n\t\t\t\t\t\t\t\t\tE-Mail senden\t\t\t\t\t\t\t\t<\/a>\n\t\t\t\t\t\t\t\t\t\t\t\t\t<\/div>\n\t\t\t\t\t\t\t\t\t<\/div>\n\t\t\t\t\t\t\t\t\t\t\t<div>\n\t\t\t\t\t\t\t\t\t\t\t<div class=\"aspect-w-16 aspect-h-16 xs:aspect-none mb-4 lg:mb-7\">\n\t\t\t\t\t\t\t<img loading=\"lazy\" decoding=\"async\" width=\"1\" height=\"1\" src=\"https:\/\/bewehrungstechnik.ch\/wp-content\/uploads\/Stefan_bearbeitet.png\" class=\"block w-full h-full xs:w-40 xs:h-40 object-cover wp-post-image\" alt=\"\" \/>\t\t\t\t\t\t<\/div>\n\t\t\t\t\t\t\t\t\t\t<h3 class=\"text-14 lg:text-16 text-black my-0 font-bold mb-1.5\">\n\t\t\t\t\t\tStefan Lammert\t\t\t\t\t<\/h3>\n\t\t\t\t\t\t\t\t\t\t\t<div class=\"text-14 lg:text-16 text-primary font-bold leading-snug break-words hyphens-auto\">\n\t\t\t\t\t\t\tVertriebsingenieur BY \/ BW<br>Dipl. Bauingenieur TU\t\t\t\t\t\t<\/div>\n\t\t\t\t\t\t\t\t\t\t\t\t\t\t\t\t<div class=\"mt-3 lg:mt-6 text-black text-14 lg:text-16\">\n\t\t\t\t\t\t\t\t\t\t\t\t\t\t\t\t\t\t\t\t\t\t<div>\n\t\t\t\t\t\t\t\t\t\t\t\t\t\t\t\t\t\t<a href=\"tel:+4915202633753\">\n\t\t\t\t\t\t\t\t\t\tM\t\t\t\t\t\t\t\t\t\t +49 152 026 337 53\t\t\t\t\t\t\t\t\t<\/a>\n\t\t\t\t\t\t\t\t<\/div>\n\t\t\t\t\t\t\t\t\t\t\t\t\t\t\t\t\t\t\t\t\t\t<a href=\"mailto:stefan.lammert@kloeckner.com\">\n\t\t\t\t\t\t\t\t\tE-Mail senden\t\t\t\t\t\t\t\t<\/a>\n\t\t\t\t\t\t\t\t\t\t\t\t\t<\/div>\n\t\t\t\t\t\t\t\t\t<\/div>\n\t\t\t\t\t<\/div>\n\t<\/div>\n\n\n      <div id=\"block_7888e9b4c54701585d33f612332b7df7\" class=\"deac-block-global-banner my-10 md:my-19 lg:my-28 alignwide l-block\"  >\n  \n  \n\t<\/div>","protected":false},"excerpt":{"rendered":"<p>Allgemeine technische Beratung Wir pr\u00e4sentieren Ihnen unsere Bewehrungs- und Bewehrungstechnikprodukte mit Hinweisen auf den Sortimentsumfang, die Qualit\u00e4t und Sicherheit sowie die Anwendungen und Vorteile.Gerne bei einem pers\u00f6nlichen Besuch bei Ihnen vor Ort oder auch \u00fcber das Telefon oder eine Videokonferenz m\u00f6glich. Objektbezogene Beratung Objektbezogene L\u00f6sungsfindungen und Optimierungen sind unsere Leidenschaft. Wir erarbeiten f\u00fcr Sie technisch [&hellip;]<\/p>\n","protected":false},"author":9,"featured_media":0,"parent":9453,"menu_order":0,"comment_status":"closed","ping_status":"closed","template":"","meta":{"_acf_changed":false,"footnotes":""},"class_list":["post-9548","page","type-page","status-publish",""],"acf":[],"yoast_head":"<!-- This site is optimized with the Yoast SEO plugin v27.3 - https:\/\/yoast.com\/product\/yoast-seo-wordpress\/ -->\n<title>Technische Beratung - Bewehrungstechnik<\/title>\n<meta name=\"robots\" content=\"index, follow, max-snippet:-1, max-image-preview:large, max-video-preview:-1\" \/>\n<link rel=\"canonical\" href=\"https:\/\/bewehrungstechnik.ch\/de-de\/engineering\/technische-beratung\/\" \/>\n<meta property=\"og:locale\" content=\"de_DE\" \/>\n<meta property=\"og:type\" content=\"article\" \/>\n<meta property=\"og:title\" content=\"Technische Beratung - Bewehrungstechnik\" \/>\n<meta property=\"og:description\" content=\"Allgemeine technische Beratung Wir pr\u00e4sentieren Ihnen unsere Bewehrungs- und Bewehrungstechnikprodukte mit Hinweisen auf den Sortimentsumfang, die Qualit\u00e4t und Sicherheit sowie die Anwendungen und Vorteile.Gerne bei einem pers\u00f6nlichen Besuch bei Ihnen vor Ort oder auch \u00fcber das Telefon oder eine Videokonferenz m\u00f6glich. Objektbezogene Beratung Objektbezogene L\u00f6sungsfindungen und Optimierungen sind unsere Leidenschaft. Wir erarbeiten f\u00fcr Sie technisch [&hellip;]\" \/>\n<meta property=\"og:url\" content=\"https:\/\/bewehrungstechnik.ch\/de-de\/engineering\/technische-beratung\/\" \/>\n<meta property=\"og:site_name\" content=\"Bewehrungstechnik\" \/>\n<meta property=\"article:modified_time\" content=\"2025-10-28T15:19:10+00:00\" \/>\n<meta name=\"twitter:card\" content=\"summary_large_image\" \/>\n<script type=\"application\/ld+json\" class=\"yoast-schema-graph\">{\"@context\":\"https:\\\/\\\/schema.org\",\"@graph\":[{\"@type\":\"WebPage\",\"@id\":\"https:\\\/\\\/bewehrungstechnik.ch\\\/de-de\\\/engineering\\\/technische-beratung\\\/\",\"url\":\"https:\\\/\\\/bewehrungstechnik.ch\\\/de-de\\\/engineering\\\/technische-beratung\\\/\",\"name\":\"Technische Beratung - Bewehrungstechnik\",\"isPartOf\":{\"@id\":\"https:\\\/\\\/bewehrungstechnik.ch\\\/de-de\\\/#website\"},\"datePublished\":\"2025-03-10T10:34:30+00:00\",\"dateModified\":\"2025-10-28T15:19:10+00:00\",\"breadcrumb\":{\"@id\":\"https:\\\/\\\/bewehrungstechnik.ch\\\/de-de\\\/engineering\\\/technische-beratung\\\/#breadcrumb\"},\"inLanguage\":\"de\",\"potentialAction\":[{\"@type\":\"ReadAction\",\"target\":[\"https:\\\/\\\/bewehrungstechnik.ch\\\/de-de\\\/engineering\\\/technische-beratung\\\/\"]}]},{\"@type\":\"BreadcrumbList\",\"@id\":\"https:\\\/\\\/bewehrungstechnik.ch\\\/de-de\\\/engineering\\\/technische-beratung\\\/#breadcrumb\",\"itemListElement\":[{\"@type\":\"ListItem\",\"position\":1,\"name\":\"Home\",\"item\":\"https:\\\/\\\/bewehrungstechnik.ch\\\/de-de\\\/\"},{\"@type\":\"ListItem\",\"position\":2,\"name\":\"Engineering\",\"item\":\"https:\\\/\\\/bewehrungstechnik.ch\\\/de-de\\\/engineering\\\/\"},{\"@type\":\"ListItem\",\"position\":3,\"name\":\"Technische Beratung\"}]},{\"@type\":\"WebSite\",\"@id\":\"https:\\\/\\\/bewehrungstechnik.ch\\\/de-de\\\/#website\",\"url\":\"https:\\\/\\\/bewehrungstechnik.ch\\\/de-de\\\/\",\"name\":\"Bewehrungstechnik\",\"description\":\"Just another WordPress site\",\"publisher\":{\"@id\":\"https:\\\/\\\/bewehrungstechnik.ch\\\/de-de\\\/#organization\"},\"potentialAction\":[{\"@type\":\"SearchAction\",\"target\":{\"@type\":\"EntryPoint\",\"urlTemplate\":\"https:\\\/\\\/bewehrungstechnik.ch\\\/de-de\\\/?s={search_term_string}\"},\"query-input\":{\"@type\":\"PropertyValueSpecification\",\"valueRequired\":true,\"valueName\":\"search_term_string\"}}],\"inLanguage\":\"de\"},{\"@type\":\"Organization\",\"@id\":\"https:\\\/\\\/bewehrungstechnik.ch\\\/de-de\\\/#organization\",\"name\":\"Bewehrungstechnik\",\"url\":\"https:\\\/\\\/bewehrungstechnik.ch\\\/de-de\\\/\",\"logo\":{\"@type\":\"ImageObject\",\"inLanguage\":\"de\",\"@id\":\"https:\\\/\\\/bewehrungstechnik.ch\\\/de-de\\\/#\\\/schema\\\/logo\\\/image\\\/\",\"url\":\"https:\\\/\\\/bewehrungstechnik.ch\\\/wp-content\\\/uploads\\\/2021\\\/03\\\/logo.svg\",\"contentUrl\":\"https:\\\/\\\/bewehrungstechnik.ch\\\/wp-content\\\/uploads\\\/2021\\\/03\\\/logo.svg\",\"width\":436,\"height\":436,\"caption\":\"Bewehrungstechnik\"},\"image\":{\"@id\":\"https:\\\/\\\/bewehrungstechnik.ch\\\/de-de\\\/#\\\/schema\\\/logo\\\/image\\\/\"}}]}<\/script>\n<!-- \/ Yoast SEO plugin. -->","yoast_head_json":{"title":"Technische Beratung - Bewehrungstechnik","robots":{"index":"index","follow":"follow","max-snippet":"max-snippet:-1","max-image-preview":"max-image-preview:large","max-video-preview":"max-video-preview:-1"},"canonical":"https:\/\/bewehrungstechnik.ch\/de-de\/engineering\/technische-beratung\/","og_locale":"de_DE","og_type":"article","og_title":"Technische Beratung - Bewehrungstechnik","og_description":"Allgemeine technische Beratung Wir pr\u00e4sentieren Ihnen unsere Bewehrungs- und Bewehrungstechnikprodukte mit Hinweisen auf den Sortimentsumfang, die Qualit\u00e4t und Sicherheit sowie die Anwendungen und Vorteile.Gerne bei einem pers\u00f6nlichen Besuch bei Ihnen vor Ort oder auch \u00fcber das Telefon oder eine Videokonferenz m\u00f6glich. Objektbezogene Beratung Objektbezogene L\u00f6sungsfindungen und Optimierungen sind unsere Leidenschaft. Wir erarbeiten f\u00fcr Sie technisch [&hellip;]","og_url":"https:\/\/bewehrungstechnik.ch\/de-de\/engineering\/technische-beratung\/","og_site_name":"Bewehrungstechnik","article_modified_time":"2025-10-28T15:19:10+00:00","twitter_card":"summary_large_image","schema":{"@context":"https:\/\/schema.org","@graph":[{"@type":"WebPage","@id":"https:\/\/bewehrungstechnik.ch\/de-de\/engineering\/technische-beratung\/","url":"https:\/\/bewehrungstechnik.ch\/de-de\/engineering\/technische-beratung\/","name":"Technische Beratung - Bewehrungstechnik","isPartOf":{"@id":"https:\/\/bewehrungstechnik.ch\/de-de\/#website"},"datePublished":"2025-03-10T10:34:30+00:00","dateModified":"2025-10-28T15:19:10+00:00","breadcrumb":{"@id":"https:\/\/bewehrungstechnik.ch\/de-de\/engineering\/technische-beratung\/#breadcrumb"},"inLanguage":"de","potentialAction":[{"@type":"ReadAction","target":["https:\/\/bewehrungstechnik.ch\/de-de\/engineering\/technische-beratung\/"]}]},{"@type":"BreadcrumbList","@id":"https:\/\/bewehrungstechnik.ch\/de-de\/engineering\/technische-beratung\/#breadcrumb","itemListElement":[{"@type":"ListItem","position":1,"name":"Home","item":"https:\/\/bewehrungstechnik.ch\/de-de\/"},{"@type":"ListItem","position":2,"name":"Engineering","item":"https:\/\/bewehrungstechnik.ch\/de-de\/engineering\/"},{"@type":"ListItem","position":3,"name":"Technische Beratung"}]},{"@type":"WebSite","@id":"https:\/\/bewehrungstechnik.ch\/de-de\/#website","url":"https:\/\/bewehrungstechnik.ch\/de-de\/","name":"Bewehrungstechnik","description":"Just another WordPress site","publisher":{"@id":"https:\/\/bewehrungstechnik.ch\/de-de\/#organization"},"potentialAction":[{"@type":"SearchAction","target":{"@type":"EntryPoint","urlTemplate":"https:\/\/bewehrungstechnik.ch\/de-de\/?s={search_term_string}"},"query-input":{"@type":"PropertyValueSpecification","valueRequired":true,"valueName":"search_term_string"}}],"inLanguage":"de"},{"@type":"Organization","@id":"https:\/\/bewehrungstechnik.ch\/de-de\/#organization","name":"Bewehrungstechnik","url":"https:\/\/bewehrungstechnik.ch\/de-de\/","logo":{"@type":"ImageObject","inLanguage":"de","@id":"https:\/\/bewehrungstechnik.ch\/de-de\/#\/schema\/logo\/image\/","url":"https:\/\/bewehrungstechnik.ch\/wp-content\/uploads\/2021\/03\/logo.svg","contentUrl":"https:\/\/bewehrungstechnik.ch\/wp-content\/uploads\/2021\/03\/logo.svg","width":436,"height":436,"caption":"Bewehrungstechnik"},"image":{"@id":"https:\/\/bewehrungstechnik.ch\/de-de\/#\/schema\/logo\/image\/"}}]}},"_links":{"self":[{"href":"https:\/\/bewehrungstechnik.ch\/de-de\/wp-json\/wp\/v2\/pages\/9548","targetHints":{"allow":["GET"]}}],"collection":[{"href":"https:\/\/bewehrungstechnik.ch\/de-de\/wp-json\/wp\/v2\/pages"}],"about":[{"href":"https:\/\/bewehrungstechnik.ch\/de-de\/wp-json\/wp\/v2\/types\/page"}],"author":[{"embeddable":true,"href":"https:\/\/bewehrungstechnik.ch\/de-de\/wp-json\/wp\/v2\/users\/9"}],"replies":[{"embeddable":true,"href":"https:\/\/bewehrungstechnik.ch\/de-de\/wp-json\/wp\/v2\/comments?post=9548"}],"version-history":[{"count":6,"href":"https:\/\/bewehrungstechnik.ch\/de-de\/wp-json\/wp\/v2\/pages\/9548\/revisions"}],"predecessor-version":[{"id":11211,"href":"https:\/\/bewehrungstechnik.ch\/de-de\/wp-json\/wp\/v2\/pages\/9548\/revisions\/11211"}],"up":[{"embeddable":true,"href":"https:\/\/bewehrungstechnik.ch\/de-de\/wp-json\/wp\/v2\/pages\/9453"}],"wp:attachment":[{"href":"https:\/\/bewehrungstechnik.ch\/de-de\/wp-json\/wp\/v2\/media?parent=9548"}],"curies":[{"name":"wp","href":"https:\/\/api.w.org\/{rel}","templated":true}]}}