{"id":9550,"date":"2025-03-10T10:34:33","date_gmt":"2025-03-10T10:34:33","guid":{"rendered":"https:\/\/bewehrungstechnik.ch\/?page_id=9550"},"modified":"2025-03-10T10:34:36","modified_gmt":"2025-03-10T10:34:36","slug":"engineers-day-2023","status":"publish","type":"page","link":"https:\/\/bewehrungstechnik.ch\/de-de\/engineers-day-2023\/","title":{"rendered":"Engineers\u2019 Day 2023"},"content":{"rendered":"\n<div class=\"wp-block-columns is-layout-flex wp-container-core-columns-is-layout-9d6595d7 wp-block-columns-is-layout-flex\">\n<div class=\"wp-block-column is-layout-flow wp-block-column-is-layout-flow\">\n<div class=\"wp-block-columns is-layout-flex wp-container-core-columns-is-layout-9d6595d7 wp-block-columns-is-layout-flex\">\n<div class=\"wp-block-column is-layout-flow wp-block-column-is-layout-flow\">\n<h2 class=\"wp-block-heading\"><strong><mark style=\"background-color:rgba(0, 0, 0, 0)\" class=\"has-inline-color has-primary-color\">Ingenieurinnen und Ingenieure stellen ihren Beruf vor<\/mark><\/strong><\/h2>\n\n\n\n<p><strong>Im Rahmen vom \u00abEngineers\u2019 Day\u00bb laden wir zu einem Rundgang durch die Regensdorfer Biegerei ein. Cyrill Kretz, Produktmanager bei der Swiss Steel Group, spricht \u00fcber die Lebenszyklusbetrachtung von Stahlbetonbauwerken.<\/strong><\/p>\n\n\n\n<p>Der 4. M\u00e4rz jedes Jahres ist der \u00abEngineers\u2019 Day\u00bb, ein fl\u00e4chendeckender Event in der Schweiz \u2013 der Tag der Ingenieure. Er will den Ingenieurnachwuchs, das Image der Ingenieurberufe und die Diskussion \u00fcber die nachhaltige Entwicklung der Gesellschaft und der Welt f\u00f6rdern. In der \u00d6ffentlichkeit soll sichtbar werden, was Ingenieurinnen und Ingenieure leisten: Am \u00abEngineers\u2019 Day\u00bb bringen sie der Gesellschaft ihren Beruf in verschiedenen Aktionen n\u00e4her. Eine dieser Aktionen ist unser \u201eEngineers\u2018 Day\u201c Event, welcher am 7. M\u00e4rz 2023 in Regensdorf stattfinden wird.<\/p>\n\n\n\n<p><\/p>\n<\/div>\n\n\n\n<div class=\"wp-block-column is-layout-flow wp-block-column-is-layout-flow\">\n<div class=\"wp-block-columns is-layout-flex wp-container-core-columns-is-layout-9d6595d7 wp-block-columns-is-layout-flex\">\n<div class=\"wp-block-column is-layout-flow wp-block-column-is-layout-flow\">\n<figure class=\"wp-block-image size-large\"><img loading=\"lazy\" decoding=\"async\" width=\"1024\" height=\"315\" src=\"https:\/\/bewehrungstechnik.ch\/wp-content\/uploads\/TagderIng_Bild4-1024x315.png\" alt=\"\" class=\"wp-image-7024\" srcset=\"https:\/\/bewehrungstechnik.ch\/wp-content\/uploads\/TagderIng_Bild4-1024x315.png 1024w, https:\/\/bewehrungstechnik.ch\/wp-content\/uploads\/TagderIng_Bild4-300x92.png 300w, https:\/\/bewehrungstechnik.ch\/wp-content\/uploads\/TagderIng_Bild4-768x236.png 768w, https:\/\/bewehrungstechnik.ch\/wp-content\/uploads\/TagderIng_Bild4-436x134.png 436w, https:\/\/bewehrungstechnik.ch\/wp-content\/uploads\/TagderIng_Bild4-550x169.png 550w, https:\/\/bewehrungstechnik.ch\/wp-content\/uploads\/TagderIng_Bild4.png 1237w\" sizes=\"auto, (max-width: 1024px) 100vw, 1024px\" \/><\/figure>\n\n\n\n<figure class=\"wp-block-image size-large\"><img loading=\"lazy\" decoding=\"async\" width=\"1024\" height=\"206\" src=\"https:\/\/bewehrungstechnik.ch\/wp-content\/uploads\/tag-der-ingenieure_dbt-1-1024x206.png\" alt=\"\" class=\"wp-image-7001\" srcset=\"https:\/\/bewehrungstechnik.ch\/wp-content\/uploads\/tag-der-ingenieure_dbt-1-1024x206.png 1024w, https:\/\/bewehrungstechnik.ch\/wp-content\/uploads\/tag-der-ingenieure_dbt-1-300x60.png 300w, https:\/\/bewehrungstechnik.ch\/wp-content\/uploads\/tag-der-ingenieure_dbt-1-768x155.png 768w, https:\/\/bewehrungstechnik.ch\/wp-content\/uploads\/tag-der-ingenieure_dbt-1-1536x309.png 1536w, https:\/\/bewehrungstechnik.ch\/wp-content\/uploads\/tag-der-ingenieure_dbt-1-436x88.png 436w, https:\/\/bewehrungstechnik.ch\/wp-content\/uploads\/tag-der-ingenieure_dbt-1-550x111.png 550w, https:\/\/bewehrungstechnik.ch\/wp-content\/uploads\/tag-der-ingenieure_dbt-1.png 1600w\" sizes=\"auto, (max-width: 1024px) 100vw, 1024px\" \/><\/figure>\n<\/div>\n<\/div>\n<\/div>\n<\/div>\n\n\n\n      <p id=\"block_c4e1eed0e11a724247ddc2a291f9804e\" class=\"c-title mt-0 mb-6 lg:mb-17 alignwidetext-left l-block\"  >\n  \n  \u00abEngineers\u2019 Day\u00bb Event bei Debrunner Acifer Bewehrungen am 7. M\u00e4rz <\/p>\n\n\n<h3 class=\"wp-block-heading\"><mark style=\"background-color:rgba(0, 0, 0, 0)\" class=\"has-inline-color has-primary-color\"><strong><em><strong>Inputreferat <\/strong><\/em><\/strong>\u00abLebenszyklusbetrachtung von Stahlbetonbauwerken\u00bb<\/mark><\/h3>\n\n\n\n<p>Als Gastreferent wird Cyrill Kretz auftreten. Er ist Produktmanager Bauprodukte bei der Swiss Steel Group, die zur global agierenden Steel Tec Group geh\u00f6rt. Mit rund 1000 Mitarbeitenden versorgt die Gruppe den Markt mit rostfreiem Stahl. <em>Cyrill Kretz spricht \u00fcber die Lebenszyklusbetrachtung eines Bauwerks. Er zeigt auf, wie sich die Lebensdauern berechnen und die Lebenszykluskosten mit dem Einsatz von rostfreien Stahls senken lassen.<\/em><\/p>\n\n\n\n<h3 class=\"wp-block-heading\"><strong><mark style=\"background-color:rgba(0, 0, 0, 0)\" class=\"has-inline-color has-primary-color\">Rundgang durch die Biegerei<\/mark><\/strong><\/h3>\n\n\n\n<p>Interessierte sind zu einem spannenden Nachmittag in der gr\u00f6ssten Biegerei der Debrunner Acifer Bewehrungen AG in Regensdorf eingeladen. Wir zeigen Ihnen, wie wir Bewehrungsstahl und Bewehrungstechnikprodukte fertigen. Sie sind live dabei, wenn wir unsere BARTEC-Schraubbewehrungen oder unsere ACINOXplus-Kragplattenanschl\u00fcsse produzieren. In unserem Showroom erfahren Sie zudem alles Wissenswerte zum Einsatz der unterschiedlichen Bewehrungsst\u00e4hle und Bewehrungstechnikprodukte.<\/p>\n\n\n\n<h3 class=\"wp-block-heading\"><strong><mark style=\"background-color:rgba(0, 0, 0, 0)\" class=\"has-inline-color has-primary-color\">Programm: 7. M\u00e4rz, 13.30 &#8211; 17.00 Uhr<\/mark><\/strong><\/h3>\n\n\n\n<ul class=\"wp-block-list\">\n<li>Eintreffen &amp; Begr\u00fcssung<\/li>\n\n\n\n<li><em>Inputreferat mit Cyrill Kretz, Produktmanager Bauprodukte, Swiss Steel Group zum Thema \u00abLebenszyklusbetrachtung von Stahlbetonbauwerken\u00bb<\/em><\/li>\n\n\n\n<li>Rundgang durch die Biegerei<\/li>\n\n\n\n<li>Ap\u00e9ro<\/li>\n<\/ul>\n\n\n\n<h3 class=\"wp-block-heading\"><strong><mark style=\"background-color:rgba(0, 0, 0, 0)\" class=\"has-inline-color has-primary-color\">Anmeldung<\/mark><\/strong><\/h3>\n\n\n\n<p>Bitte melden Sie sich mit folgendem Formular f\u00fcr den \u00abEngineers\u2019 Day\u00bb Event bei Debrunner Acifer Bewehrungen an. Die Teilnehmerzahl ist beschr\u00e4nkt. Wir freuen uns auf Ihren Besuch in Regensdorf.<\/p>\n\n\n<!-- HTML Forms v1.6.4 - https:\/\/wordpress.org\/plugins\/html-forms\/ -->\n<form method=\"post\"  class=\"hf-form hf-form-6977 \" data-id=\"6977\" data-title=\"Tag der Ingenieure\" data-slug=\"tag-der-ingenieure\" data-message-success=\"Vielen Dank f\u00fcr Ihre Anmeldung! Die offizielle Best\u00e4tigung erhalten Sie von Ihrem technischen Berater.\" data-message-invalid-email=\"Entschuldigen Sie, aber die E-Mail Adresse scheint ung\u00fcltig zu sein.\" data-message-required-field-missing=\"Bitte f\u00fcllen Sie die erforderlichen Felder aus.\" data-message-error=\"Hoppla. Ein Fehler ist aufgetreten.\" data-message-recaptcha-failed=\"reCAPTCHA verification failed. Please try again.\" data-message-recaptcha-low-score=\"Your submission appears to be spam. Please try again.\"><input type=\"hidden\" name=\"_hf_form_id\" value=\"6977\" \/><div style=\"display: none;\"><input type=\"text\" name=\"_hf_h6977\" value=\"\" \/><\/div><div class=\"hf-fields-wrap\"><div class=\"js-collapse md:grid md:grid-cols-10 md:gap-x-10 mb-8 md:mb-0\" data-collapse-parameters='{\"toggleClass\":\"text-black text-primary\",\"toggleIconClass\":\"c-icon--minus-square c-icon--plus-square\",\"targetClass\":\"hidden block\"}'>\r\n\t<div class=\"js-collapse__toggle md:col-span-3 md:pointer-events-none flex items-center md:block text-18 font-bold leading-snug transition-colors md:transition-none cursor-pointer md:cursor-auto cursor-pointer text-black md:text-black\">\r\n\t\t<div class=\"md:hidden mr-5 text-0 self-start\">\r\n\t\t\t<i class=\"js-collapse__toggle-icon c-icon c-icon--plus-square text-28\"><\/i>\r\n\t\t<\/div>\r\n\t\tPers\u00f6nliche Daten\r\n\t<\/div>\r\n\t<div class=\"js-collapse__target col-span-7 hidden md:block\">\r\n\t\t<div class=\"border-l md:border-0 border-primary pl-4 md:pl-0 mt-4 md:mt-0 sm:grid grid-cols-12 sm:gap-x-4 md:gap-x-8 sm:gap-y-4 md:gap-y-10 space-y-4 sm:space-y-0\">\r\n\t\t\t<div class=\"col-span-6 lg:col-span-4 xl:col-span-2\">\r\n\t\t\t\t<label class=\"c-form-label\" for=\"contact-form-salutation\">Anrede<\/label>\r\n\t\t\t\t<select class=\"c-form-select\" name=\"salutation\" id=\"contact-form-salutation\">\r\n\t\t\t\t\t<option value=\"Frau\">Frau<\/option>\r\n\t\t\t\t\t<option value=\"Herr\">Herr<\/option>\r\n\t\t\t\t<\/select>\r\n\t\t\t<\/div>\r\n\t\t\t<div class=\"col-span-6 lg:col-span-4 xl:col-span-5\">\r\n\t\t\t\t<label class=\"c-form-label\" for=\"contact-form-first-name\">Vorname *<\/label>\r\n\t\t\t\t<input class=\"c-form-input\" type=\"text\" name=\"first_name\" placeholder=\"Vornamen eingeben\" id=\"contact-form-first-name\" required \/>\r\n\t\t\t<\/div>\r\n\t\t\t<div class=\"col-span-6 lg:col-span-4 xl:col-span-5\">\r\n\t\t\t\t<label class=\"c-form-label\" for=\"contact-form-last-name\">Nachname *<\/label>\r\n\t\t\t\t<input class=\"c-form-input\" type=\"text\" name=\"last_name\" placeholder=\"Nachnamen eingeben\" id=\"contact-form-last-name\" required \/>\r\n\t\t\t<\/div>\r\n\t\t\t<div class=\"col-span-6 lg:col-span-4\">\r\n\t\t\t\t<label class=\"c-form-label\" for=\"contact-form-company_name\">Firma *<\/label>\r\n\t\t\t\t<input class=\"c-form-input\" type=\"text\" name=\"company_name\" placeholder=\"Firma eingeben\" id=\"contact-form-company_name\" required \/>\r\n\t\t\t<\/div>\r\n\t\t\t<div class=\"col-span-6 lg:col-span-4\">\r\n\t\t\t\t<label class=\"c-form-label\" for=\"contact-form-function\">Funktion *<\/label>\r\n\t\t\t\t<input class=\"c-form-input\" type=\"text\" name=\"function\" placeholder=\"Funktion eingeben\" id=\"contact-form-function\" required \/>\r\n\t\t\t<\/div>\r\n\t\t\t<div class=\"col-span-6 lg:col-span-4\">\r\n\t\t\t\t<label class=\"c-form-label\" for=\"contact-form-position\">Position<\/label>\r\n\t\t\t\t<input class=\"c-form-input\" type=\"text\" name=\"position\" placeholder=\"Position eingeben\" id=\"contact-form-position\" \/>\r\n\t\t\t<\/div>\r\n\t\t<\/div>\r\n\t<\/div>\r\n<\/div>\r\n<div class=\"hidden md:block h-px bg-gray mt-18 mb-14\"><\/div>\r\n<div class=\"js-collapse md:grid md:grid-cols-10 md:gap-x-10 mb-8 md:mb-0\" data-collapse-parameters='{\"toggleClass\":\"text-black text-primary\",\"toggleIconClass\":\"c-icon--minus-square c-icon--plus-square\",\"targetClass\":\"hidden block\"}'>\r\n\t<div class=\"js-collapse__toggle md:col-span-3 md:pointer-events-none flex items-center md:block text-18 font-bold leading-snug transition-colors md:transition-none cursor-pointer md:cursor-auto cursor-pointer text-black md:text-black\">\r\n\t\t<div class=\"md:hidden mr-5 text-0 self-start\">\r\n\t\t\t<i class=\"js-collapse__toggle-icon c-icon c-icon--plus-square text-28\"><\/i>\r\n\t\t<\/div>\r\n\t\tKontaktdaten\r\n\t<\/div>\r\n\t<div class=\"js-collapse__target col-span-7 hidden md:block\">\r\n\t\t<div class=\"border-l md:border-0 border-primary pl-4 md:pl-0 mt-4 md:mt-0 sm:grid grid-cols-12 sm:gap-x-4 md:gap-x-8 sm:gap-y-4 md:gap-y-10 space-y-4 sm:space-y-0\">\r\n\t\t\t<div class=\"col-span-6\">\r\n\t\t\t\t<label class=\"c-form-label\" for=\"contact-form-phone-number\">Telefonnummer*<\/label>\r\n\t\t\t\t<input class=\"c-form-input\" type=\"text\" name=\"phone_number\" placeholder=\"Telefonnummer eingeben\" required id=\"contact-form-phone-number\" \/>\r\n\t\t\t<\/div>\r\n\t\t\t<div class=\"col-span-6\">\r\n\t\t\t\t<label class=\"c-form-label\" for=\"contact-form-email-address\">E-Mail *<\/label>\r\n\t\t\t\t<input class=\"c-form-input\" type=\"email\" name=\"email_address\" placeholder=\"E-Mail eingeben\" id=\"contact-form-email-address\" required \/>\r\n\t\t\t<\/div>\r\n\t\t<\/div>\r\n\t<\/div>\r\n<\/div>\r\n<div class=\"hidden md:block h-px bg-gray mt-18 mb-14\"><\/div>\r\n<div class=\"js-collapse md:grid md:grid-cols-10 md:gap-x-10 mb-8 md:mb-0\" data-collapse-parameters='{\"toggleClass\":\"text-black text-primary\",\"toggleIconClass\":\"c-icon--minus-square c-icon--plus-square\",\"targetClass\":\"hidden block\"}'>\r\n\t<div class=\"js-collapse__toggle md:col-span-3 md:pointer-events-none flex items-center md:block text-18 font-bold leading-snug transition-colors md:transition-none cursor-pointer md:cursor-auto cursor-pointer text-black md:text-black\">\r\n\t\t<div class=\"md:hidden mr-5 text-0 self-start\">\r\n\t\t\t<i class=\"js-collapse__toggle-icon c-icon c-icon--plus-square text-28\"><\/i>\r\n\t\t<\/div>\r\n\t\tAdresse\r\n\t<\/div>\r\n\t<div class=\"js-collapse__target col-span-7 hidden md:block\">\r\n\t\t<div class=\"border-l md:border-0 border-primary pl-4 md:pl-0 mt-4 md:mt-0 sm:grid grid-cols-12 sm:gap-x-4 md:gap-x-8 sm:gap-y-4 md:gap-y-10 space-y-4 sm:space-y-0\">\r\n\t\t\t<div class=\"col-span-6 lg:col-span-8\">\r\n\t\t\t\t<label class=\"c-form-label\" for=\"contact-form-street-no\">Strasse \/ Nr.<\/label>\r\n\t\t\t\t<input class=\"c-form-input\" type=\"text\" name=\"street_no\" placeholder=\"Strasse \/ Nr. eingeben\" id=\"contact-form-street-no\" \/>\r\n\t\t\t<\/div>\r\n\t\t\t<div class=\"col-span-6 lg:col-span-4\">\r\n\t\t\t\t<label class=\"c-form-label\" for=\"contact-form-country\">Land<\/label>\r\n\t\t\t\t<select class=\"c-form-select\" name=\"country\" id=\"contact-form-country\">\r\n\t\t\t\t\t<option value=\"\">Land ausw\u00e4hlen<\/option>\r\n\t\t\t\t\t<option value=\"Schweiz\">Schweiz<\/option>\r\n\t\t\t\t\t<option value=\"Liechtenstein\">Liechtenstein<\/option>\r\n\t\t\t\t\t<option value=\"Italien\">Italien<\/option>\r\n\t\t\t\t\t<option value=\"Deutschland\">Deutschland<\/option>\r\n\t\t\t\t\t<option value=\"Frankreich\">Frankreich<\/option>\r\n\t\t\t\t<\/select>\r\n\t\t\t<\/div>\r\n\t\t\t<div class=\"col-span-6 lg:col-span-8\">\r\n\t\t\t\t<label class=\"c-form-label\" for=\"contact-form-postal-code\">PLZ<\/label>\r\n\t\t\t\t<input class=\"c-form-input\" type=\"text\" name=\"postal_code\" placeholder=\"Postleitzahl eingeben\" id=\"contact-form-postal-code\" \/>\r\n\t\t\t<\/div>\r\n\t\t\t<div class=\"col-span-6 lg:col-span-4\">\r\n\t\t\t\t<label class=\"c-form-label\" for=\"contact-form-place\">Ort<\/label>\r\n\t\t\t\t<input class=\"c-form-input\" type=\"text\" name=\"place\" placeholder=\"Ort eingeben\" id=\"contact-form-place\" \/>\r\n\t\t\t<\/div>\r\n\t\t<\/div>\r\n\t<\/div>\r\n<\/div>\r\n<div class=\"hidden md:block h-px bg-gray mt-18 mb-14\"><\/div>\r\n<div class=\"js-collapse md:grid md:grid-cols-10 md:gap-x-10 mb-8 md:mb-0\" data-collapse-parameters='{\"toggleClass\":\"text-black text-primary\",\"toggleIconClass\":\"c-icon--minus-square c-icon--plus-square\",\"targetClass\":\"hidden block\"}'>\r\n\t<div class=\"js-collapse__toggle md:col-span-3 md:pointer-events-none flex items-center md:block text-18 font-bold leading-snug transition-colors md:transition-none cursor-pointer md:cursor-auto cursor-pointer text-black md:text-black\">\r\n\t\t<div class=\"md:hidden mr-5 text-0 self-start\">\r\n\t\t\t<i class=\"js-collapse__toggle-icon c-icon c-icon--plus-square text-28\"><\/i>\r\n\t\t<\/div>\r\n\t\t<\/div>\r\n\t<\/div>\r\n\t\r\n\t\t\t<button class=\"c-btn c-btn--primary c-btn--icon w-full justify-center\" type=\"submit\">\r\n\t\t\t\tJetzt anmelden\r\n\t\t\t\t<i class=\"c-icon c-icon--arrow-right-solid text-10 ml-4\"><\/i>\r\n\t\t\t<\/button>\r\n\t\t\r\n<noscript>Damit dieses Formular funktioniert bitte JavaScript aktivieren.<\/noscript><\/div><\/form><!-- \/ HTML Forms -->\n\n\n<p><\/p>\n\n\n\n<p><a id=\"_msocom_1\"><\/a><\/p>\n<\/div>\n<\/div>\n","protected":false},"excerpt":{"rendered":"<p>Ingenieurinnen und Ingenieure stellen ihren Beruf vor Im Rahmen vom \u00abEngineers\u2019 Day\u00bb laden wir zu einem Rundgang durch die Regensdorfer Biegerei ein. Cyrill Kretz, Produktmanager bei der Swiss Steel Group, spricht \u00fcber die Lebenszyklusbetrachtung von Stahlbetonbauwerken. Der 4. M\u00e4rz jedes Jahres ist der \u00abEngineers\u2019 Day\u00bb, ein fl\u00e4chendeckender Event in der Schweiz \u2013 der Tag der [&hellip;]<\/p>\n","protected":false},"author":9,"featured_media":0,"parent":0,"menu_order":0,"comment_status":"closed","ping_status":"closed","template":"","meta":{"_acf_changed":false,"footnotes":""},"class_list":["post-9550","page","type-page","status-publish",""],"acf":[],"yoast_head":"<!-- This site is optimized with the Yoast SEO plugin v27.3 - https:\/\/yoast.com\/product\/yoast-seo-wordpress\/ -->\n<title>Engineers\u2019 Day 2023 - Bewehrungstechnik<\/title>\n<meta name=\"robots\" content=\"index, follow, max-snippet:-1, max-image-preview:large, max-video-preview:-1\" \/>\n<link rel=\"canonical\" href=\"https:\/\/bewehrungstechnik.ch\/de-de\/engineers-day-2023\/\" \/>\n<meta property=\"og:locale\" content=\"de_DE\" \/>\n<meta property=\"og:type\" content=\"article\" \/>\n<meta property=\"og:title\" content=\"Engineers\u2019 Day 2023 - Bewehrungstechnik\" \/>\n<meta property=\"og:description\" content=\"Ingenieurinnen und Ingenieure stellen ihren Beruf vor Im Rahmen vom \u00abEngineers\u2019 Day\u00bb laden wir zu einem Rundgang durch die Regensdorfer Biegerei ein. Cyrill Kretz, Produktmanager bei der Swiss Steel Group, spricht \u00fcber die Lebenszyklusbetrachtung von Stahlbetonbauwerken. Der 4. M\u00e4rz jedes Jahres ist der \u00abEngineers\u2019 Day\u00bb, ein fl\u00e4chendeckender Event in der Schweiz \u2013 der Tag der [&hellip;]\" \/>\n<meta property=\"og:url\" content=\"https:\/\/bewehrungstechnik.ch\/de-de\/engineers-day-2023\/\" \/>\n<meta property=\"og:site_name\" content=\"Bewehrungstechnik\" \/>\n<meta property=\"article:modified_time\" content=\"2025-03-10T10:34:36+00:00\" \/>\n<meta property=\"og:image\" content=\"https:\/\/bewehrungstechnik.ch\/wp-content\/uploads\/TagderIng_Bild4.png\" \/>\n\t<meta property=\"og:image:width\" content=\"1237\" \/>\n\t<meta property=\"og:image:height\" content=\"380\" \/>\n\t<meta property=\"og:image:type\" content=\"image\/png\" \/>\n<meta name=\"twitter:card\" content=\"summary_large_image\" \/>\n<script type=\"application\/ld+json\" class=\"yoast-schema-graph\">{\"@context\":\"https:\\\/\\\/schema.org\",\"@graph\":[{\"@type\":\"WebPage\",\"@id\":\"https:\\\/\\\/bewehrungstechnik.ch\\\/de-de\\\/engineers-day-2023\\\/\",\"url\":\"https:\\\/\\\/bewehrungstechnik.ch\\\/de-de\\\/engineers-day-2023\\\/\",\"name\":\"Engineers\u2019 Day 2023 - Bewehrungstechnik\",\"isPartOf\":{\"@id\":\"https:\\\/\\\/bewehrungstechnik.ch\\\/de-de\\\/#website\"},\"primaryImageOfPage\":{\"@id\":\"https:\\\/\\\/bewehrungstechnik.ch\\\/de-de\\\/engineers-day-2023\\\/#primaryimage\"},\"image\":{\"@id\":\"https:\\\/\\\/bewehrungstechnik.ch\\\/de-de\\\/engineers-day-2023\\\/#primaryimage\"},\"thumbnailUrl\":\"https:\\\/\\\/bewehrungstechnik.ch\\\/wp-content\\\/uploads\\\/TagderIng_Bild4-1024x315.png\",\"datePublished\":\"2025-03-10T10:34:33+00:00\",\"dateModified\":\"2025-03-10T10:34:36+00:00\",\"breadcrumb\":{\"@id\":\"https:\\\/\\\/bewehrungstechnik.ch\\\/de-de\\\/engineers-day-2023\\\/#breadcrumb\"},\"inLanguage\":\"de\",\"potentialAction\":[{\"@type\":\"ReadAction\",\"target\":[\"https:\\\/\\\/bewehrungstechnik.ch\\\/de-de\\\/engineers-day-2023\\\/\"]}]},{\"@type\":\"ImageObject\",\"inLanguage\":\"de\",\"@id\":\"https:\\\/\\\/bewehrungstechnik.ch\\\/de-de\\\/engineers-day-2023\\\/#primaryimage\",\"url\":\"https:\\\/\\\/bewehrungstechnik.ch\\\/wp-content\\\/uploads\\\/TagderIng_Bild4-1024x315.png\",\"contentUrl\":\"https:\\\/\\\/bewehrungstechnik.ch\\\/wp-content\\\/uploads\\\/TagderIng_Bild4-1024x315.png\"},{\"@type\":\"BreadcrumbList\",\"@id\":\"https:\\\/\\\/bewehrungstechnik.ch\\\/de-de\\\/engineers-day-2023\\\/#breadcrumb\",\"itemListElement\":[{\"@type\":\"ListItem\",\"position\":1,\"name\":\"Home\",\"item\":\"https:\\\/\\\/bewehrungstechnik.ch\\\/de-de\\\/\"},{\"@type\":\"ListItem\",\"position\":2,\"name\":\"Engineers\u2019 Day 2023\"}]},{\"@type\":\"WebSite\",\"@id\":\"https:\\\/\\\/bewehrungstechnik.ch\\\/de-de\\\/#website\",\"url\":\"https:\\\/\\\/bewehrungstechnik.ch\\\/de-de\\\/\",\"name\":\"Bewehrungstechnik\",\"description\":\"Just another WordPress site\",\"publisher\":{\"@id\":\"https:\\\/\\\/bewehrungstechnik.ch\\\/de-de\\\/#organization\"},\"potentialAction\":[{\"@type\":\"SearchAction\",\"target\":{\"@type\":\"EntryPoint\",\"urlTemplate\":\"https:\\\/\\\/bewehrungstechnik.ch\\\/de-de\\\/?s={search_term_string}\"},\"query-input\":{\"@type\":\"PropertyValueSpecification\",\"valueRequired\":true,\"valueName\":\"search_term_string\"}}],\"inLanguage\":\"de\"},{\"@type\":\"Organization\",\"@id\":\"https:\\\/\\\/bewehrungstechnik.ch\\\/de-de\\\/#organization\",\"name\":\"Bewehrungstechnik\",\"url\":\"https:\\\/\\\/bewehrungstechnik.ch\\\/de-de\\\/\",\"logo\":{\"@type\":\"ImageObject\",\"inLanguage\":\"de\",\"@id\":\"https:\\\/\\\/bewehrungstechnik.ch\\\/de-de\\\/#\\\/schema\\\/logo\\\/image\\\/\",\"url\":\"https:\\\/\\\/bewehrungstechnik.ch\\\/wp-content\\\/uploads\\\/2021\\\/03\\\/logo.svg\",\"contentUrl\":\"https:\\\/\\\/bewehrungstechnik.ch\\\/wp-content\\\/uploads\\\/2021\\\/03\\\/logo.svg\",\"width\":436,\"height\":436,\"caption\":\"Bewehrungstechnik\"},\"image\":{\"@id\":\"https:\\\/\\\/bewehrungstechnik.ch\\\/de-de\\\/#\\\/schema\\\/logo\\\/image\\\/\"}}]}<\/script>\n<!-- \/ Yoast SEO plugin. -->","yoast_head_json":{"title":"Engineers\u2019 Day 2023 - Bewehrungstechnik","robots":{"index":"index","follow":"follow","max-snippet":"max-snippet:-1","max-image-preview":"max-image-preview:large","max-video-preview":"max-video-preview:-1"},"canonical":"https:\/\/bewehrungstechnik.ch\/de-de\/engineers-day-2023\/","og_locale":"de_DE","og_type":"article","og_title":"Engineers\u2019 Day 2023 - Bewehrungstechnik","og_description":"Ingenieurinnen und Ingenieure stellen ihren Beruf vor Im Rahmen vom \u00abEngineers\u2019 Day\u00bb laden wir zu einem Rundgang durch die Regensdorfer Biegerei ein. Cyrill Kretz, Produktmanager bei der Swiss Steel Group, spricht \u00fcber die Lebenszyklusbetrachtung von Stahlbetonbauwerken. Der 4. M\u00e4rz jedes Jahres ist der \u00abEngineers\u2019 Day\u00bb, ein fl\u00e4chendeckender Event in der Schweiz \u2013 der Tag der [&hellip;]","og_url":"https:\/\/bewehrungstechnik.ch\/de-de\/engineers-day-2023\/","og_site_name":"Bewehrungstechnik","article_modified_time":"2025-03-10T10:34:36+00:00","og_image":[{"width":1237,"height":380,"url":"https:\/\/bewehrungstechnik.ch\/wp-content\/uploads\/TagderIng_Bild4.png","type":"image\/png"}],"twitter_card":"summary_large_image","schema":{"@context":"https:\/\/schema.org","@graph":[{"@type":"WebPage","@id":"https:\/\/bewehrungstechnik.ch\/de-de\/engineers-day-2023\/","url":"https:\/\/bewehrungstechnik.ch\/de-de\/engineers-day-2023\/","name":"Engineers\u2019 Day 2023 - Bewehrungstechnik","isPartOf":{"@id":"https:\/\/bewehrungstechnik.ch\/de-de\/#website"},"primaryImageOfPage":{"@id":"https:\/\/bewehrungstechnik.ch\/de-de\/engineers-day-2023\/#primaryimage"},"image":{"@id":"https:\/\/bewehrungstechnik.ch\/de-de\/engineers-day-2023\/#primaryimage"},"thumbnailUrl":"https:\/\/bewehrungstechnik.ch\/wp-content\/uploads\/TagderIng_Bild4-1024x315.png","datePublished":"2025-03-10T10:34:33+00:00","dateModified":"2025-03-10T10:34:36+00:00","breadcrumb":{"@id":"https:\/\/bewehrungstechnik.ch\/de-de\/engineers-day-2023\/#breadcrumb"},"inLanguage":"de","potentialAction":[{"@type":"ReadAction","target":["https:\/\/bewehrungstechnik.ch\/de-de\/engineers-day-2023\/"]}]},{"@type":"ImageObject","inLanguage":"de","@id":"https:\/\/bewehrungstechnik.ch\/de-de\/engineers-day-2023\/#primaryimage","url":"https:\/\/bewehrungstechnik.ch\/wp-content\/uploads\/TagderIng_Bild4-1024x315.png","contentUrl":"https:\/\/bewehrungstechnik.ch\/wp-content\/uploads\/TagderIng_Bild4-1024x315.png"},{"@type":"BreadcrumbList","@id":"https:\/\/bewehrungstechnik.ch\/de-de\/engineers-day-2023\/#breadcrumb","itemListElement":[{"@type":"ListItem","position":1,"name":"Home","item":"https:\/\/bewehrungstechnik.ch\/de-de\/"},{"@type":"ListItem","position":2,"name":"Engineers\u2019 Day 2023"}]},{"@type":"WebSite","@id":"https:\/\/bewehrungstechnik.ch\/de-de\/#website","url":"https:\/\/bewehrungstechnik.ch\/de-de\/","name":"Bewehrungstechnik","description":"Just another WordPress site","publisher":{"@id":"https:\/\/bewehrungstechnik.ch\/de-de\/#organization"},"potentialAction":[{"@type":"SearchAction","target":{"@type":"EntryPoint","urlTemplate":"https:\/\/bewehrungstechnik.ch\/de-de\/?s={search_term_string}"},"query-input":{"@type":"PropertyValueSpecification","valueRequired":true,"valueName":"search_term_string"}}],"inLanguage":"de"},{"@type":"Organization","@id":"https:\/\/bewehrungstechnik.ch\/de-de\/#organization","name":"Bewehrungstechnik","url":"https:\/\/bewehrungstechnik.ch\/de-de\/","logo":{"@type":"ImageObject","inLanguage":"de","@id":"https:\/\/bewehrungstechnik.ch\/de-de\/#\/schema\/logo\/image\/","url":"https:\/\/bewehrungstechnik.ch\/wp-content\/uploads\/2021\/03\/logo.svg","contentUrl":"https:\/\/bewehrungstechnik.ch\/wp-content\/uploads\/2021\/03\/logo.svg","width":436,"height":436,"caption":"Bewehrungstechnik"},"image":{"@id":"https:\/\/bewehrungstechnik.ch\/de-de\/#\/schema\/logo\/image\/"}}]}},"_links":{"self":[{"href":"https:\/\/bewehrungstechnik.ch\/de-de\/wp-json\/wp\/v2\/pages\/9550","targetHints":{"allow":["GET"]}}],"collection":[{"href":"https:\/\/bewehrungstechnik.ch\/de-de\/wp-json\/wp\/v2\/pages"}],"about":[{"href":"https:\/\/bewehrungstechnik.ch\/de-de\/wp-json\/wp\/v2\/types\/page"}],"author":[{"embeddable":true,"href":"https:\/\/bewehrungstechnik.ch\/de-de\/wp-json\/wp\/v2\/users\/9"}],"replies":[{"embeddable":true,"href":"https:\/\/bewehrungstechnik.ch\/de-de\/wp-json\/wp\/v2\/comments?post=9550"}],"version-history":[{"count":1,"href":"https:\/\/bewehrungstechnik.ch\/de-de\/wp-json\/wp\/v2\/pages\/9550\/revisions"}],"predecessor-version":[{"id":9565,"href":"https:\/\/bewehrungstechnik.ch\/de-de\/wp-json\/wp\/v2\/pages\/9550\/revisions\/9565"}],"wp:attachment":[{"href":"https:\/\/bewehrungstechnik.ch\/de-de\/wp-json\/wp\/v2\/media?parent=9550"}],"curies":[{"name":"wp","href":"https:\/\/api.w.org\/{rel}","templated":true}]}}