{"id":9592,"date":"2025-03-10T10:36:21","date_gmt":"2025-03-10T10:36:21","guid":{"rendered":"https:\/\/bewehrungstechnik.ch\/?page_id=9592"},"modified":"2025-03-10T10:36:27","modified_gmt":"2025-03-10T10:36:27","slug":"engineers-day-2025","status":"publish","type":"page","link":"https:\/\/bewehrungstechnik.ch\/de-de\/engineers-day-2025\/","title":{"rendered":"Engineers\u2019 Day 2025"},"content":{"rendered":"\n      <p id=\"block_d6adc5cbca0c91bec453c11a958cdf1e\" class=\"c-title mt-0 mb-6 lg:mb-17 alignwidetext-left l-block\"  >\n  \n  Engineers\u2019 Day 2025<\/p>\n\n\n<div class=\"wp-block-columns is-layout-flex wp-container-core-columns-is-layout-9d6595d7 wp-block-columns-is-layout-flex\">\n<div class=\"wp-block-column is-layout-flow wp-block-column-is-layout-flow\">\n<h2 class=\"wp-block-heading\"><mark style=\"background-color:rgba(0, 0, 0, 0)\" class=\"has-inline-color has-primary-color\"><strong>Engineer\u2019s Day: Wertsch\u00e4tzung von Ingenieuren f\u00fcr Ingenieure<\/strong><\/mark><\/h2>\n\n\n\n<p>Am 4. M\u00e4rz feiern wir den Engineer\u2019s Day und damit die Arbeit von Bauingenieuren, die mit ihrem Fachwissen t\u00e4glich herausragende Leistungen erbringen.&nbsp;<\/p>\n\n\n\n<p>Als Unternehmen, das ganzj\u00e4hrig im engen Austausch mit Ingenieurb\u00fcros steht, gemeinsam Ideen und L\u00f6sungen entwickelt, m\u00f6chten wir diesen besonderen Tag nutzen, um unsere Anerkennung auszudr\u00fccken.<\/p>\n\n\n\n<p>Unser Engineering-Team ist das ganze Jahr \u00fcber als technische Beratung und L\u00f6sungsentwickler in Bauingenieurb\u00fcros unterwegs \u2013 am Engineer\u2019s Day stehen aber nicht Projekte und Technik im Mittelpunkt, sondern die Menschen hinter den L\u00f6sungen.<\/p>\n\n\n\n<p>Wir freuen uns, gemeinsam auf die Ingenieurskunst anzustossen!<\/p>\n<\/div>\n\n\n\n<div class=\"wp-block-column is-layout-flow wp-block-column-is-layout-flow\">\n<div class=\"wp-block-columns is-layout-flex wp-container-core-columns-is-layout-9d6595d7 wp-block-columns-is-layout-flex\">\n<div class=\"wp-block-column is-layout-flow wp-block-column-is-layout-flow\">\n<figure class=\"wp-block-image size-large\"><img loading=\"lazy\" decoding=\"async\" width=\"1024\" height=\"315\" src=\"https:\/\/bewehrungstechnik.ch\/wp-content\/uploads\/TagderIng_Bild4-1024x315.png\" alt=\"\" class=\"wp-image-7024\" srcset=\"https:\/\/bewehrungstechnik.ch\/wp-content\/uploads\/TagderIng_Bild4-1024x315.png 1024w, https:\/\/bewehrungstechnik.ch\/wp-content\/uploads\/TagderIng_Bild4-300x92.png 300w, https:\/\/bewehrungstechnik.ch\/wp-content\/uploads\/TagderIng_Bild4-768x236.png 768w, https:\/\/bewehrungstechnik.ch\/wp-content\/uploads\/TagderIng_Bild4-436x134.png 436w, https:\/\/bewehrungstechnik.ch\/wp-content\/uploads\/TagderIng_Bild4-550x169.png 550w, https:\/\/bewehrungstechnik.ch\/wp-content\/uploads\/TagderIng_Bild4.png 1237w\" sizes=\"auto, (max-width: 1024px) 100vw, 1024px\" \/><\/figure>\n\n\n\n<figure class=\"wp-block-image size-large\"><img loading=\"lazy\" decoding=\"async\" width=\"1024\" height=\"206\" src=\"https:\/\/bewehrungstechnik.ch\/wp-content\/uploads\/tag-der-ingenieure_dbt-1-1024x206.png\" alt=\"\" class=\"wp-image-7001\" srcset=\"https:\/\/bewehrungstechnik.ch\/wp-content\/uploads\/tag-der-ingenieure_dbt-1-1024x206.png 1024w, https:\/\/bewehrungstechnik.ch\/wp-content\/uploads\/tag-der-ingenieure_dbt-1-300x60.png 300w, https:\/\/bewehrungstechnik.ch\/wp-content\/uploads\/tag-der-ingenieure_dbt-1-768x155.png 768w, https:\/\/bewehrungstechnik.ch\/wp-content\/uploads\/tag-der-ingenieure_dbt-1-1536x309.png 1536w, https:\/\/bewehrungstechnik.ch\/wp-content\/uploads\/tag-der-ingenieure_dbt-1-436x88.png 436w, https:\/\/bewehrungstechnik.ch\/wp-content\/uploads\/tag-der-ingenieure_dbt-1-550x111.png 550w, https:\/\/bewehrungstechnik.ch\/wp-content\/uploads\/tag-der-ingenieure_dbt-1.png 1600w\" sizes=\"auto, (max-width: 1024px) 100vw, 1024px\" \/><\/figure>\n<\/div>\n<\/div>\n<\/div>\n<\/div>\n\n\n\n<figure class=\"wp-block-table\"><table class=\"has-fixed-layout\"><tbody><tr><td><strong><mark style=\"background-color:rgba(0, 0, 0, 0)\" class=\"has-inline-color has-primary-color\">Info<br><\/mark><\/strong><br>\ud83d\udcc5 <strong>Datum:<\/strong>&nbsp;4. M\u00e4rz 2025<br>\ud83d\udccd  <strong>Ort:<\/strong>&nbsp;Schweizweit in teilnehmenden Bauingenieurb\u00fcros<br>\u265f\ufe0f <strong>Wer<\/strong>: das Losgl\u00fcck entscheidet &#8211; gerne nehmen wir aber die Bewerbung deines Teams entgegen \ud83d\ude09<\/td><td><strong><mark style=\"background-color:rgba(0, 0, 0, 0)\" class=\"has-inline-color has-primary-color\">Was erwartet Dich?<br><\/mark><\/strong><br>\u2714\ufe0f Ein geselliges Get-together mit<strong>&nbsp;Z&#8217;N\u00fcni, Mittagsessen oder z&#8217;Vieri f\u00fcr Dich und Dein Team in Deinem B\u00fcro<\/strong><br>\u2714\ufe0f Austausch auf Augenh\u00f6he \u2013 von Ingenieur zu Ingenieur<br>\u2714\ufe0f Gelegenheit zum Fachsimpeln, zum Netzwerk st\u00e4rken und um den Berufsstand zu feiern<\/td><\/tr><\/tbody><\/table><\/figure>\n\n\n\n<h3 class=\"wp-block-heading\"><strong><mark style=\"background-color:rgba(0, 0, 0, 0)\" class=\"has-inline-color has-primary-color\">Anmeldung<\/mark><\/strong><\/h3>\n\n\n\n<p>Melden Dich mit folgendem Formular f\u00fcr den \u00abEngineers\u2019 Day\u00bb  an. <\/p>\n\n\n<!-- HTML Forms v1.6.4 - https:\/\/wordpress.org\/plugins\/html-forms\/ -->\n<form method=\"post\"  class=\"hf-form hf-form-9071 \" data-id=\"9071\" data-title=\"Engineers\u2019 Day 2026\" data-slug=\"engineers-day-2025\" data-message-success=\"Vielen Dank! Wir werden uns in K\u00fcrze melden.\" data-message-invalid-email=\"Entschuldige, aber die E-Mail Adresse scheint ung\u00fcltig zu sein.\" data-message-required-field-missing=\"Bitte f\u00fclle die erforderlichen Felder aus.\" data-message-error=\"Hoppla. Ein Fehler ist aufgetreten.\" data-message-recaptcha-failed=\"reCAPTCHA verification failed. Please try again.\" data-message-recaptcha-low-score=\"Your submission appears to be spam. Please try again.\"><input type=\"hidden\" name=\"_hf_form_id\" value=\"9071\" \/><div style=\"display: none;\"><input type=\"text\" name=\"_hf_h9071\" value=\"\" \/><\/div><div class=\"hf-fields-wrap\"><div class=\"js-collapse md:grid md:grid-cols-10 md:gap-x-10 mb-8 md:mb-0\" data-collapse-parameters='{\"toggleClass\":\"text-black text-primary\",\"toggleIconClass\":\"c-icon--minus-square c-icon--plus-square\",\"targetClass\":\"hidden block\"}'>\r\n\t<div class=\"js-collapse__toggle md:col-span-3 md:pointer-events-none flex items-center md:block text-18 font-bold leading-snug transition-colors md:transition-none cursor-pointer md:cursor-auto cursor-pointer text-black md:text-black\">\r\n\t\t<div class=\"md:hidden mr-5 text-0 self-start\">\r\n\t\t\t<i class=\"js-collapse__toggle-icon c-icon c-icon--plus-square text-28\"><\/i>\r\n\t\t<\/div>\r\n\t\tPers\u00f6nliche Daten\r\n\t<\/div>\r\n\t<div class=\"js-collapse__target col-span-7 hidden md:block\">\r\n\t\t<div class=\"border-l md:border-0 border-primary pl-4 md:pl-0 mt-4 md:mt-0 sm:grid grid-cols-12 sm:gap-x-4 md:gap-x-8 sm:gap-y-4 md:gap-y-10 space-y-4 sm:space-y-0\">\r\n\t\t\t<div class=\"col-span-6 lg:col-span-4 xl:col-span-2\">\r\n\t\t\t\t<label class=\"c-form-label\" for=\"contact-form-salutation\">Anrede<\/label>\r\n\t\t\t\t<select class=\"c-form-select\" name=\"salutation\" id=\"contact-form-salutation\">\r\n\t\t\t\t\t<option value=\"Frau\">Frau<\/option>\r\n\t\t\t\t\t<option value=\"Herr\">Herr<\/option>\r\n\t\t\t\t<\/select>\r\n\t\t\t<\/div>\r\n\t\t\t<div class=\"col-span-6 lg:col-span-4 xl:col-span-5\">\r\n\t\t\t\t<label class=\"c-form-label\" for=\"contact-form-first-name\">Vorname *<\/label>\r\n\t\t\t\t<input class=\"c-form-input\" type=\"text\" name=\"first_name\" placeholder=\"Vornamen eingeben\" id=\"contact-form-first-name\" required \/>\r\n\t\t\t<\/div>\r\n\t\t\t<div class=\"col-span-6 lg:col-span-4 xl:col-span-5\">\r\n\t\t\t\t<label class=\"c-form-label\" for=\"contact-form-last-name\">Nachname *<\/label>\r\n\t\t\t\t<input class=\"c-form-input\" type=\"text\" name=\"last_name\" placeholder=\"Nachnamen eingeben\" id=\"contact-form-last-name\" required \/>\r\n\t\t\t<\/div>\r\n\t\t\t<div class=\"col-span-6 lg:col-span-4\">\r\n\t\t\t\t<label class=\"c-form-label\" for=\"contact-form-company_name\">Firma *<\/label>\r\n\t\t\t\t<input class=\"c-form-input\" type=\"text\" name=\"company_name\" placeholder=\"Firma eingeben\" id=\"contact-form-company_name\" required \/>\r\n\t\t\t<\/div>\r\n\t\t\t<div class=\"col-span-6 lg:col-span-4\">\r\n\t\t\t\t<label class=\"c-form-label\" for=\"contact-form-function\">Funktion *<\/label>\r\n\t\t\t\t<input class=\"c-form-input\" type=\"text\" name=\"function\" placeholder=\"Funktion eingeben\" id=\"contact-form-function\" required \/>\r\n\t\t\t<\/div>\r\n\t\t\t<div class=\"col-span-6 lg:col-span-4\">\r\n\t\t\t\t<label class=\"c-form-label\" for=\"contact-form-position\">Position<\/label>\r\n\t\t\t\t<input class=\"c-form-input\" type=\"text\" name=\"position\" placeholder=\"Position eingeben\" id=\"contact-form-position\" \/>\r\n\t\t\t<\/div>\r\n\t\t<\/div>\r\n\t<\/div>\r\n<\/div>\r\n\r\n<div class=\"hidden md:block h-px bg-gray mt-18 mb-14\"><\/div>\r\n\r\n<div class=\"js-collapse md:grid md:grid-cols-10 md:gap-x-10 mb-8 md:mb-0\" data-collapse-parameters='{\"toggleClass\":\"text-black text-primary\",\"toggleIconClass\":\"c-icon--minus-square c-icon--plus-square\",\"targetClass\":\"hidden block\"}'>\r\n\t<div class=\"js-collapse__toggle md:col-span-3 md:pointer-events-none flex items-center md:block text-18 font-bold leading-snug transition-colors md:transition-none cursor-pointer md:cursor-auto cursor-pointer text-black md:text-black\">\r\n\t\t<div class=\"md:hidden mr-5 text-0 self-start\">\r\n\t\t\t<i class=\"js-collapse__toggle-icon c-icon c-icon--plus-square text-28\"><\/i>\r\n\t\t<\/div>\r\n\t\tKontaktdaten\r\n\t<\/div>\r\n\t<div class=\"js-collapse__target col-span-7 hidden md:block\">\r\n\t\t<div class=\"border-l md:border-0 border-primary pl-4 md:pl-0 mt-4 md:mt-0 sm:grid grid-cols-12 sm:gap-x-4 md:gap-x-8 sm:gap-y-4 md:gap-y-10 space-y-4 sm:space-y-0\">\r\n\t\t\t<div class=\"col-span-6\">\r\n\t\t\t\t<label class=\"c-form-label\" for=\"contact-form-phone-number\">Telefonnummer*<\/label>\r\n\t\t\t\t<input class=\"c-form-input\" type=\"text\" name=\"phone_number\" placeholder=\"Telefonnummer eingeben\" required id=\"contact-form-phone-number\" \/>\r\n\t\t\t<\/div>\r\n\t\t\t<div class=\"col-span-6\">\r\n\t\t\t\t<label class=\"c-form-label\" for=\"contact-form-email-address\">E-Mail *<\/label>\r\n\t\t\t\t<input class=\"c-form-input\" type=\"email\" name=\"email_address\" placeholder=\"E-Mail eingeben\" id=\"contact-form-email-address\" required \/>\r\n\t\t\t<\/div>\r\n\t\t<\/div>\r\n\t<\/div>\r\n<\/div>\r\n\r\n<div class=\"hidden md:block h-px bg-gray mt-18 mb-14\"><\/div>\r\n\r\n<div class=\"js-collapse md:grid md:grid-cols-10 md:gap-x-10 mb-8 md:mb-0\" data-collapse-parameters='{\"toggleClass\":\"text-black text-primary\",\"toggleIconClass\":\"c-icon--minus-square c-icon--plus-square\",\"targetClass\":\"hidden block\"}'>\r\n\t<div class=\"js-collapse__toggle md:col-span-3 md:pointer-events-none flex items-center md:block text-18 font-bold leading-snug transition-colors md:transition-none cursor-pointer md:cursor-auto cursor-pointer text-black md:text-black\">\r\n\t\t<div class=\"md:hidden mr-5 text-0 self-start\">\r\n\t\t\t<i class=\"js-collapse__toggle-icon c-icon c-icon--plus-square text-28\"><\/i>\r\n\t\t<\/div>\r\n\t\tAdresse\r\n\t<\/div>\r\n\t<div class=\"js-collapse__target col-span-7 hidden md:block\">\r\n\t\t<div class=\"border-l md:border-0 border-primary pl-4 md:pl-0 mt-4 md:mt-0 sm:grid grid-cols-12 sm:gap-x-4 md:gap-x-8 sm:gap-y-4 md:gap-y-10 space-y-4 sm:space-y-0\">\r\n\t\t\t<div class=\"col-span-6 lg:col-span-8\">\r\n\t\t\t\t<label class=\"c-form-label\" for=\"contact-form-street-no\">Strasse \/ Nr.<\/label>\r\n\t\t\t\t<input class=\"c-form-input\" type=\"text\" name=\"street_no\" placeholder=\"Strasse \/ Nr. eingeben\" id=\"contact-form-street-no\" \/>\r\n\t\t\t<\/div>\r\n\t\t\t<div class=\"col-span-6 lg:col-span-4\">\r\n\t\t\t\t<label class=\"c-form-label\" for=\"contact-form-country\">Land<\/label>\r\n\t\t\t\t<select class=\"c-form-select\" name=\"country\" id=\"contact-form-country\">\r\n\t\t\t\t\t<option value=\"\">Land ausw\u00e4hlen<\/option>\r\n\t\t\t\t\t<option value=\"Schweiz\">Schweiz<\/option>\r\n\t\t\t\t\t<option value=\"Liechtenstein\">Liechtenstein<\/option>\r\n\t\t\t\t\t<option value=\"Italien\">Italien<\/option>\r\n\t\t\t\t\t<option value=\"Deutschland\">Deutschland<\/option>\r\n\t\t\t\t\t<option value=\"Frankreich\">Frankreich<\/option>\r\n\t\t\t\t<\/select>\r\n\t\t\t<\/div>\r\n\t\t\t<div class=\"col-span-6 lg:col-span-8\">\r\n\t\t\t\t<label class=\"c-form-label\" for=\"contact-form-postal-code\">PLZ<\/label>\r\n\t\t\t\t<input class=\"c-form-input\" type=\"text\" name=\"postal_code\" placeholder=\"Postleitzahl eingeben\" id=\"contact-form-postal-code\" \/>\r\n\t\t\t<\/div>\r\n\t\t\t<div class=\"col-span-6 lg:col-span-4\">\r\n\t\t\t\t<label class=\"c-form-label\" for=\"contact-form-place\">Ort<\/label>\r\n\t\t\t\t<input class=\"c-form-input\" type=\"text\" name=\"place\" placeholder=\"Ort eingeben\" id=\"contact-form-place\" \/>\r\n\t\t\t<\/div>\r\n\t\t<\/div>\r\n\t<\/div>\r\n<\/div>\r\n\r\n<div class=\"hidden md:block h-px bg-gray mt-18 mb-14\"><\/div>\r\n\r\n<!-- Pflicht Ja\/Nein f\u00fcr SIA 262:2025 -->\r\n<div class=\"sm:grid grid-cols-12 sm:gap-x-4 md:gap-x-8 sm:gap-y-4 md:gap-y-10 space-y-4 sm:space-y-0\">\r\n\t<div class=\"col-span-12\">\r\n\t\t<label class=\"c-form-label\">Schulung zur neuen SIA 262:2025 gew\u00fcnscht? *<\/label>\r\n\t\t<div class=\"flex gap-6 mt-2\">\r\n\t\t\t<label class=\"flex items-center gap-2 cursor-pointer\">\r\n\t\t\t\t<input type=\"radio\" name=\"sia_training\" value=\" Ja\" required onclick=\"document.getElementById('sia_participants').style.display='block'\">\r\n\t\t\t\tJa\r\n\t\t\t<\/label>\r\n\t\t\t<label class=\"flex items-center gap-2 cursor-pointer\">\r\n\t\t\t\t<input type=\"radio\" name=\"sia_training\" value=\" Nein\" required onclick=\"document.getElementById('sia_participants').style.display='none'\">\r\n\t\t\t\tNein\r\n\t\t\t<\/label>\r\n\t\t<\/div>\r\n\t<\/div>\r\n<\/div>\r\n\r\n<!-- Feld Anzahl Teilnehmer, standardm\u00e4\u00dfig versteckt -->\r\n<div class=\"sm:grid grid-cols-12 sm:gap-x-4 md:gap-x-8 sm:gap-y-4 md:gap-y-10 space-y-4 sm:space-y-0\" id=\"sia_participants\" style=\"display:none; margin-top:10px;\">\r\n\t<div class=\"col-span-12 lg:col-span-6\">\r\n\t\t<label class=\"c-form-label\" for=\"sia_participants_input\">Anzahl Teilnehmer<\/label>\r\n\t\t<input class=\"c-form-input\" type=\"number\" name=\"sia_participants_input\" placeholder=\"Anzahl Teilnehmer eingeben\" min=\"1\" id=\"sia_participants_input\">\r\n\t<\/div>\r\n<\/div>\r\n\r\n<div class=\"hidden md:block h-px bg-gray mt-18 mb-14\"><\/div>\r\n\r\n<button class=\"c-btn c-btn--primary c-btn--icon w-full justify-center\" type=\"submit\">\r\n\tJetzt anmelden\r\n\t<i class=\"c-icon c-icon--arrow-right-solid text-10 ml-4\"><\/i>\r\n<\/button>\r\n<noscript>Damit dieses Formular funktioniert bitte JavaScript aktivieren.<\/noscript><\/div><\/form><!-- \/ HTML Forms -->","protected":false},"excerpt":{"rendered":"<p>Engineer\u2019s Day: Wertsch\u00e4tzung von Ingenieuren f\u00fcr Ingenieure Am 4. M\u00e4rz feiern wir den Engineer\u2019s Day und damit die Arbeit von Bauingenieuren, die mit ihrem Fachwissen t\u00e4glich herausragende Leistungen erbringen.&nbsp; Als Unternehmen, das ganzj\u00e4hrig im engen Austausch mit Ingenieurb\u00fcros steht, gemeinsam Ideen und L\u00f6sungen entwickelt, m\u00f6chten wir diesen besonderen Tag nutzen, um unsere Anerkennung auszudr\u00fccken. Unser [&hellip;]<\/p>\n","protected":false},"author":9,"featured_media":0,"parent":0,"menu_order":0,"comment_status":"closed","ping_status":"closed","template":"","meta":{"_acf_changed":false,"footnotes":""},"class_list":["post-9592","page","type-page","status-publish",""],"acf":[],"yoast_head":"<!-- This site is optimized with the Yoast SEO plugin v27.5 - https:\/\/yoast.com\/product\/yoast-seo-wordpress\/ -->\n<title>Engineers\u2019 Day 2025 - Bewehrungstechnik<\/title>\n<meta name=\"robots\" content=\"index, follow, max-snippet:-1, max-image-preview:large, max-video-preview:-1\" \/>\n<link rel=\"canonical\" href=\"https:\/\/bewehrungstechnik.ch\/de-de\/engineers-day-2025\/\" \/>\n<meta property=\"og:locale\" content=\"de_DE\" \/>\n<meta property=\"og:type\" content=\"article\" \/>\n<meta property=\"og:title\" content=\"Engineers\u2019 Day 2025 - Bewehrungstechnik\" \/>\n<meta property=\"og:description\" content=\"Engineer\u2019s Day: Wertsch\u00e4tzung von Ingenieuren f\u00fcr Ingenieure Am 4. M\u00e4rz feiern wir den Engineer\u2019s Day und damit die Arbeit von Bauingenieuren, die mit ihrem Fachwissen t\u00e4glich herausragende Leistungen erbringen.&nbsp; Als Unternehmen, das ganzj\u00e4hrig im engen Austausch mit Ingenieurb\u00fcros steht, gemeinsam Ideen und L\u00f6sungen entwickelt, m\u00f6chten wir diesen besonderen Tag nutzen, um unsere Anerkennung auszudr\u00fccken. Unser [&hellip;]\" \/>\n<meta property=\"og:url\" content=\"https:\/\/bewehrungstechnik.ch\/de-de\/engineers-day-2025\/\" \/>\n<meta property=\"og:site_name\" content=\"Bewehrungstechnik\" \/>\n<meta property=\"article:modified_time\" content=\"2025-03-10T10:36:27+00:00\" \/>\n<meta property=\"og:image\" content=\"https:\/\/bewehrungstechnik.ch\/wp-content\/uploads\/TagderIng_Bild4.png\" \/>\n\t<meta property=\"og:image:width\" content=\"1237\" \/>\n\t<meta property=\"og:image:height\" content=\"380\" \/>\n\t<meta property=\"og:image:type\" content=\"image\/png\" \/>\n<meta name=\"twitter:card\" content=\"summary_large_image\" \/>\n<script type=\"application\/ld+json\" class=\"yoast-schema-graph\">{\"@context\":\"https:\\\/\\\/schema.org\",\"@graph\":[{\"@type\":\"WebPage\",\"@id\":\"https:\\\/\\\/bewehrungstechnik.ch\\\/de-de\\\/engineers-day-2025\\\/\",\"url\":\"https:\\\/\\\/bewehrungstechnik.ch\\\/de-de\\\/engineers-day-2025\\\/\",\"name\":\"Engineers\u2019 Day 2025 - Bewehrungstechnik\",\"isPartOf\":{\"@id\":\"https:\\\/\\\/bewehrungstechnik.ch\\\/de-de\\\/#website\"},\"primaryImageOfPage\":{\"@id\":\"https:\\\/\\\/bewehrungstechnik.ch\\\/de-de\\\/engineers-day-2025\\\/#primaryimage\"},\"image\":{\"@id\":\"https:\\\/\\\/bewehrungstechnik.ch\\\/de-de\\\/engineers-day-2025\\\/#primaryimage\"},\"thumbnailUrl\":\"https:\\\/\\\/bewehrungstechnik.ch\\\/wp-content\\\/uploads\\\/TagderIng_Bild4-1024x315.png\",\"datePublished\":\"2025-03-10T10:36:21+00:00\",\"dateModified\":\"2025-03-10T10:36:27+00:00\",\"breadcrumb\":{\"@id\":\"https:\\\/\\\/bewehrungstechnik.ch\\\/de-de\\\/engineers-day-2025\\\/#breadcrumb\"},\"inLanguage\":\"de\",\"potentialAction\":[{\"@type\":\"ReadAction\",\"target\":[\"https:\\\/\\\/bewehrungstechnik.ch\\\/de-de\\\/engineers-day-2025\\\/\"]}]},{\"@type\":\"ImageObject\",\"inLanguage\":\"de\",\"@id\":\"https:\\\/\\\/bewehrungstechnik.ch\\\/de-de\\\/engineers-day-2025\\\/#primaryimage\",\"url\":\"https:\\\/\\\/bewehrungstechnik.ch\\\/wp-content\\\/uploads\\\/TagderIng_Bild4-1024x315.png\",\"contentUrl\":\"https:\\\/\\\/bewehrungstechnik.ch\\\/wp-content\\\/uploads\\\/TagderIng_Bild4-1024x315.png\"},{\"@type\":\"BreadcrumbList\",\"@id\":\"https:\\\/\\\/bewehrungstechnik.ch\\\/de-de\\\/engineers-day-2025\\\/#breadcrumb\",\"itemListElement\":[{\"@type\":\"ListItem\",\"position\":1,\"name\":\"Home\",\"item\":\"https:\\\/\\\/bewehrungstechnik.ch\\\/de-de\\\/\"},{\"@type\":\"ListItem\",\"position\":2,\"name\":\"Engineers\u2019 Day 2025\"}]},{\"@type\":\"WebSite\",\"@id\":\"https:\\\/\\\/bewehrungstechnik.ch\\\/de-de\\\/#website\",\"url\":\"https:\\\/\\\/bewehrungstechnik.ch\\\/de-de\\\/\",\"name\":\"Bewehrungstechnik\",\"description\":\"Just another WordPress site\",\"publisher\":{\"@id\":\"https:\\\/\\\/bewehrungstechnik.ch\\\/de-de\\\/#organization\"},\"potentialAction\":[{\"@type\":\"SearchAction\",\"target\":{\"@type\":\"EntryPoint\",\"urlTemplate\":\"https:\\\/\\\/bewehrungstechnik.ch\\\/de-de\\\/?s={search_term_string}\"},\"query-input\":{\"@type\":\"PropertyValueSpecification\",\"valueRequired\":true,\"valueName\":\"search_term_string\"}}],\"inLanguage\":\"de\"},{\"@type\":\"Organization\",\"@id\":\"https:\\\/\\\/bewehrungstechnik.ch\\\/de-de\\\/#organization\",\"name\":\"Bewehrungstechnik\",\"url\":\"https:\\\/\\\/bewehrungstechnik.ch\\\/de-de\\\/\",\"logo\":{\"@type\":\"ImageObject\",\"inLanguage\":\"de\",\"@id\":\"https:\\\/\\\/bewehrungstechnik.ch\\\/de-de\\\/#\\\/schema\\\/logo\\\/image\\\/\",\"url\":\"https:\\\/\\\/bewehrungstechnik.ch\\\/wp-content\\\/uploads\\\/2021\\\/03\\\/logo.svg\",\"contentUrl\":\"https:\\\/\\\/bewehrungstechnik.ch\\\/wp-content\\\/uploads\\\/2021\\\/03\\\/logo.svg\",\"width\":436,\"height\":436,\"caption\":\"Bewehrungstechnik\"},\"image\":{\"@id\":\"https:\\\/\\\/bewehrungstechnik.ch\\\/de-de\\\/#\\\/schema\\\/logo\\\/image\\\/\"}}]}<\/script>\n<!-- \/ Yoast SEO plugin. -->","yoast_head_json":{"title":"Engineers\u2019 Day 2025 - Bewehrungstechnik","robots":{"index":"index","follow":"follow","max-snippet":"max-snippet:-1","max-image-preview":"max-image-preview:large","max-video-preview":"max-video-preview:-1"},"canonical":"https:\/\/bewehrungstechnik.ch\/de-de\/engineers-day-2025\/","og_locale":"de_DE","og_type":"article","og_title":"Engineers\u2019 Day 2025 - Bewehrungstechnik","og_description":"Engineer\u2019s Day: Wertsch\u00e4tzung von Ingenieuren f\u00fcr Ingenieure Am 4. M\u00e4rz feiern wir den Engineer\u2019s Day und damit die Arbeit von Bauingenieuren, die mit ihrem Fachwissen t\u00e4glich herausragende Leistungen erbringen.&nbsp; Als Unternehmen, das ganzj\u00e4hrig im engen Austausch mit Ingenieurb\u00fcros steht, gemeinsam Ideen und L\u00f6sungen entwickelt, m\u00f6chten wir diesen besonderen Tag nutzen, um unsere Anerkennung auszudr\u00fccken. Unser [&hellip;]","og_url":"https:\/\/bewehrungstechnik.ch\/de-de\/engineers-day-2025\/","og_site_name":"Bewehrungstechnik","article_modified_time":"2025-03-10T10:36:27+00:00","og_image":[{"width":1237,"height":380,"url":"https:\/\/bewehrungstechnik.ch\/wp-content\/uploads\/TagderIng_Bild4.png","type":"image\/png"}],"twitter_card":"summary_large_image","schema":{"@context":"https:\/\/schema.org","@graph":[{"@type":"WebPage","@id":"https:\/\/bewehrungstechnik.ch\/de-de\/engineers-day-2025\/","url":"https:\/\/bewehrungstechnik.ch\/de-de\/engineers-day-2025\/","name":"Engineers\u2019 Day 2025 - Bewehrungstechnik","isPartOf":{"@id":"https:\/\/bewehrungstechnik.ch\/de-de\/#website"},"primaryImageOfPage":{"@id":"https:\/\/bewehrungstechnik.ch\/de-de\/engineers-day-2025\/#primaryimage"},"image":{"@id":"https:\/\/bewehrungstechnik.ch\/de-de\/engineers-day-2025\/#primaryimage"},"thumbnailUrl":"https:\/\/bewehrungstechnik.ch\/wp-content\/uploads\/TagderIng_Bild4-1024x315.png","datePublished":"2025-03-10T10:36:21+00:00","dateModified":"2025-03-10T10:36:27+00:00","breadcrumb":{"@id":"https:\/\/bewehrungstechnik.ch\/de-de\/engineers-day-2025\/#breadcrumb"},"inLanguage":"de","potentialAction":[{"@type":"ReadAction","target":["https:\/\/bewehrungstechnik.ch\/de-de\/engineers-day-2025\/"]}]},{"@type":"ImageObject","inLanguage":"de","@id":"https:\/\/bewehrungstechnik.ch\/de-de\/engineers-day-2025\/#primaryimage","url":"https:\/\/bewehrungstechnik.ch\/wp-content\/uploads\/TagderIng_Bild4-1024x315.png","contentUrl":"https:\/\/bewehrungstechnik.ch\/wp-content\/uploads\/TagderIng_Bild4-1024x315.png"},{"@type":"BreadcrumbList","@id":"https:\/\/bewehrungstechnik.ch\/de-de\/engineers-day-2025\/#breadcrumb","itemListElement":[{"@type":"ListItem","position":1,"name":"Home","item":"https:\/\/bewehrungstechnik.ch\/de-de\/"},{"@type":"ListItem","position":2,"name":"Engineers\u2019 Day 2025"}]},{"@type":"WebSite","@id":"https:\/\/bewehrungstechnik.ch\/de-de\/#website","url":"https:\/\/bewehrungstechnik.ch\/de-de\/","name":"Bewehrungstechnik","description":"Just another WordPress site","publisher":{"@id":"https:\/\/bewehrungstechnik.ch\/de-de\/#organization"},"potentialAction":[{"@type":"SearchAction","target":{"@type":"EntryPoint","urlTemplate":"https:\/\/bewehrungstechnik.ch\/de-de\/?s={search_term_string}"},"query-input":{"@type":"PropertyValueSpecification","valueRequired":true,"valueName":"search_term_string"}}],"inLanguage":"de"},{"@type":"Organization","@id":"https:\/\/bewehrungstechnik.ch\/de-de\/#organization","name":"Bewehrungstechnik","url":"https:\/\/bewehrungstechnik.ch\/de-de\/","logo":{"@type":"ImageObject","inLanguage":"de","@id":"https:\/\/bewehrungstechnik.ch\/de-de\/#\/schema\/logo\/image\/","url":"https:\/\/bewehrungstechnik.ch\/wp-content\/uploads\/2021\/03\/logo.svg","contentUrl":"https:\/\/bewehrungstechnik.ch\/wp-content\/uploads\/2021\/03\/logo.svg","width":436,"height":436,"caption":"Bewehrungstechnik"},"image":{"@id":"https:\/\/bewehrungstechnik.ch\/de-de\/#\/schema\/logo\/image\/"}}]}},"_links":{"self":[{"href":"https:\/\/bewehrungstechnik.ch\/de-de\/wp-json\/wp\/v2\/pages\/9592","targetHints":{"allow":["GET"]}}],"collection":[{"href":"https:\/\/bewehrungstechnik.ch\/de-de\/wp-json\/wp\/v2\/pages"}],"about":[{"href":"https:\/\/bewehrungstechnik.ch\/de-de\/wp-json\/wp\/v2\/types\/page"}],"author":[{"embeddable":true,"href":"https:\/\/bewehrungstechnik.ch\/de-de\/wp-json\/wp\/v2\/users\/9"}],"replies":[{"embeddable":true,"href":"https:\/\/bewehrungstechnik.ch\/de-de\/wp-json\/wp\/v2\/comments?post=9592"}],"version-history":[{"count":1,"href":"https:\/\/bewehrungstechnik.ch\/de-de\/wp-json\/wp\/v2\/pages\/9592\/revisions"}],"predecessor-version":[{"id":9599,"href":"https:\/\/bewehrungstechnik.ch\/de-de\/wp-json\/wp\/v2\/pages\/9592\/revisions\/9599"}],"wp:attachment":[{"href":"https:\/\/bewehrungstechnik.ch\/de-de\/wp-json\/wp\/v2\/media?parent=9592"}],"curies":[{"name":"wp","href":"https:\/\/api.w.org\/{rel}","templated":true}]}}