{"id":9596,"date":"2025-03-10T10:36:27","date_gmt":"2025-03-10T10:36:27","guid":{"rendered":"https:\/\/bewehrungstechnik.ch\/?page_id=9596"},"modified":"2025-03-10T10:36:32","modified_gmt":"2025-03-10T10:36:32","slug":"korrosionsschutzloesungen","status":"publish","type":"page","link":"https:\/\/bewehrungstechnik.ch\/de-de\/korrosionsschutzloesungen\/","title":{"rendered":"Korrosionsschutzl\u00f6sungen"},"content":{"rendered":"\n      <p id=\"block_02a426b99b64d0f502b3cae185416e24\" class=\"c-title mt-0 mb-6 lg:mb-17 alignwidetext-left l-block\"  >\n  \n  Weihnachtliche W\u00e4rme und Langlebigkeit<\/p>\n\n\n<p>In der Weihnachtsgeschichte verschenken die Heiligen Drei K\u00f6nige Caspar, Melchior und Balthasar Weihrauch, Myrrhe und Gold. Unser &#8222;Gold&#8220; sind unsere nichtrostenden Betonst\u00e4hle &#8211; wertig und langlebig! Genau so wie diese Thermoflasche aus nichtrostendem Chromstahl. Doch Chromstahl ist nicht gleich Chromstahl, und nichtrostend ist nicht gleich nichtrostend! Erfahren Sie, welche Betonst\u00e4hle am besten f\u00fcr welche Anwendungszwecke geeignet sind.<\/p>\n\n\n\n<div class=\"wp-block-columns is-layout-flex wp-container-core-columns-is-layout-9d6595d7 wp-block-columns-is-layout-flex\">\n<div class=\"wp-block-column is-layout-flow wp-block-column-is-layout-flow\">\n<h1 class=\"wp-block-heading has-text-align-center\"><strong><mark style=\"background-color:rgba(0, 0, 0, 0)\" class=\"has-inline-color has-primary-color\">Top12<\/mark><\/strong><\/h1>\n\n\n\n<p><mark style=\"background-color:rgba(0, 0, 0, 0)\" class=\"has-inline-color has-primary-color\">Die wirtschaftlichste nichtrostende L\u00f6sung<\/mark><\/p>\n\n\n\n<p><strong><mark style=\"background-color:rgba(0, 0, 0, 0)\" class=\"has-inline-color has-primary-color\">&#8211;<\/mark><\/strong> Hochlegiert 1.4003 (KWK 1)<br><strong><mark style=\"background-color:rgba(0, 0, 0, 0)\" class=\"has-inline-color has-primary-color\">&#8211;<\/mark><\/strong> Best\u00e4ndig gegen Chlorid<br><strong><mark style=\"background-color:rgba(0, 0, 0, 0)\" class=\"has-inline-color has-primary-color\">&#8211;<\/mark><\/strong> Geeignet in karbonatisiertem Beton<br><strong><mark style=\"background-color:rgba(0, 0, 0, 0)\" class=\"has-inline-color has-primary-color\">&#8211;<\/mark><\/strong> Erfordert kein besonderes Handlin<br><strong><mark style=\"background-color:rgba(0, 0, 0, 0)\" class=\"has-inline-color has-primary-color\">&#8211;<\/mark><\/strong> SIA-Registereintrag<\/p>\n\n\n\n<figure class=\"wp-block-image size-full\"><a href=\"https:\/\/bewehrungstechnik.ch\/product\/nichtrostender-bewehrungsstahl-top12\/\"><img loading=\"lazy\" decoding=\"async\" width=\"940\" height=\"720\" src=\"https:\/\/bewehrungstechnik.ch\/wp-content\/uploads\/Top12-verlinkungs-Bild.png\" alt=\"\" class=\"wp-image-8262\" srcset=\"https:\/\/bewehrungstechnik.ch\/wp-content\/uploads\/Top12-verlinkungs-Bild.png 940w, https:\/\/bewehrungstechnik.ch\/wp-content\/uploads\/Top12-verlinkungs-Bild-300x230.png 300w, https:\/\/bewehrungstechnik.ch\/wp-content\/uploads\/Top12-verlinkungs-Bild-768x588.png 768w, https:\/\/bewehrungstechnik.ch\/wp-content\/uploads\/Top12-verlinkungs-Bild-436x334.png 436w, https:\/\/bewehrungstechnik.ch\/wp-content\/uploads\/Top12-verlinkungs-Bild-550x421.png 550w\" sizes=\"auto, (max-width: 940px) 100vw, 940px\" \/><\/a><\/figure>\n<\/div>\n\n\n\n<div class=\"wp-block-column is-layout-flow wp-block-column-is-layout-flow\">\n<h1 class=\"wp-block-heading has-text-align-center\"><strong><mark style=\"background-color:rgba(0, 0, 0, 0)\" class=\"has-inline-color has-primary-color\"><mark style=\"background-color:rgba(0, 0, 0, 0)\" class=\"has-inline-color has-primary-color\">ACIGRIP<sup>\u00ae<\/sup> 362<\/mark><\/mark> <mark style=\"background-color:rgba(0, 0, 0, 0)\" class=\"has-inline-color has-primary-color\">\/ 462<\/mark><\/strong><\/h1>\n\n\n\n<p><mark style=\"background-color:rgba(0, 0, 0, 0)\" class=\"has-inline-color has-primary-color\">Der Dauerhafter Korrosionsschutz<\/mark><\/p>\n\n\n\n<p><strong><mark style=\"background-color:rgba(0, 0, 0, 0)\" class=\"has-inline-color has-primary-color\">&#8211;<\/mark><\/strong> Hochlegiert 1.4362 (KWK 3) <br>   &amp; 1.4462 (KWK 4)<br><strong><mark style=\"background-color:rgba(0, 0, 0, 0)\" class=\"has-inline-color has-primary-color\">&#8211;<\/mark><\/strong> dauerhafter Schutz vor Korrosion<br><strong><mark style=\"background-color:rgba(0, 0, 0, 0)\" class=\"has-inline-color has-primary-color\">&#8211;<\/mark><\/strong> Ausserhalb des Betons einsetzbar<br><strong><mark style=\"background-color:rgba(0, 0, 0, 0)\" class=\"has-inline-color has-primary-color\">&#8211;<\/mark><\/strong> Erfordert kein besonderes Handlin<br><strong><mark style=\"background-color:rgba(0, 0, 0, 0)\" class=\"has-inline-color has-primary-color\">&#8211;<\/mark><\/strong> geeignet f\u00fcr Kragplattenanschl\u00fcsse und Zuganker<\/p>\n\n\n\n<figure class=\"wp-block-image size-full\"><a href=\"https:\/\/bewehrungstechnik.ch\/product\/nichtrostende-bewehrungsstaehle-acigrip-362-acigrip-462\/\"><img loading=\"lazy\" decoding=\"async\" width=\"940\" height=\"720\" src=\"https:\/\/bewehrungstechnik.ch\/wp-content\/uploads\/ACIGRIP-verlinkungs-Bild.png\" alt=\"\" class=\"wp-image-8266\" srcset=\"https:\/\/bewehrungstechnik.ch\/wp-content\/uploads\/ACIGRIP-verlinkungs-Bild.png 940w, https:\/\/bewehrungstechnik.ch\/wp-content\/uploads\/ACIGRIP-verlinkungs-Bild-300x230.png 300w, https:\/\/bewehrungstechnik.ch\/wp-content\/uploads\/ACIGRIP-verlinkungs-Bild-768x588.png 768w, https:\/\/bewehrungstechnik.ch\/wp-content\/uploads\/ACIGRIP-verlinkungs-Bild-436x334.png 436w, https:\/\/bewehrungstechnik.ch\/wp-content\/uploads\/ACIGRIP-verlinkungs-Bild-550x421.png 550w\" sizes=\"auto, (max-width: 940px) 100vw, 940px\" \/><\/a><\/figure>\n<\/div>\n<\/div>\n\n\n\n<p>Bestimmt w\u00e4ren die Heiligen Drei K\u00f6nige auf Ihrer Reise auch froh \u00fcber einen heissen Schluck aus unserer Thermoflasche gewesen! Senden Sie uns ein Foto und erz\u00e4hlen uns in einer E-Mail von Ihrer (Weihnachts-)Geschichte, wie und wo die Flasche zum Einsatz gekommen ist! F\u00fcr die sch\u00f6nsten Geschichten verschenken wir 1 Gramm tats\u00e4chliches Gold! \ud83c\udf81<\/p>\n\n\n\n<p>Senden Sie Ihre (Weihnachts-)Geschichte mit Foto an die folgenden E-Mail:<br><a href=\"mailto:info@bewehrungstechnik.ch\">info@bewehrungstechnik.ch<\/a><\/p>\n\n\n\n<hr class=\"wp-block-separator has-alpha-channel-opacity\"\/>\n\n\n\n<p>Wir danken Ihnen f\u00fcr die Zusammenarbeit und w\u00fcnschen Ihnen frohe Weihnachten sowie besinnliche Feiertage, die von W\u00e4rme, Freude und gem\u00fctlichen Momenten begleitet sind!<\/p>\n\n\n\n<p>Ihre:<\/p>\n\n\n\n<figure class=\"wp-block-image size-large\"><img loading=\"lazy\" decoding=\"async\" width=\"1024\" height=\"146\" src=\"https:\/\/bewehrungstechnik.ch\/wp-content\/uploads\/DE_DebrunnerAciferBewehrungen_RGB-1024x146.png\" alt=\"\" class=\"wp-image-8282\" srcset=\"https:\/\/bewehrungstechnik.ch\/wp-content\/uploads\/DE_DebrunnerAciferBewehrungen_RGB-1024x146.png 1024w, https:\/\/bewehrungstechnik.ch\/wp-content\/uploads\/DE_DebrunnerAciferBewehrungen_RGB-300x43.png 300w, https:\/\/bewehrungstechnik.ch\/wp-content\/uploads\/DE_DebrunnerAciferBewehrungen_RGB-768x110.png 768w, https:\/\/bewehrungstechnik.ch\/wp-content\/uploads\/DE_DebrunnerAciferBewehrungen_RGB-1536x220.png 1536w, https:\/\/bewehrungstechnik.ch\/wp-content\/uploads\/DE_DebrunnerAciferBewehrungen_RGB-2048x293.png 2048w, https:\/\/bewehrungstechnik.ch\/wp-content\/uploads\/DE_DebrunnerAciferBewehrungen_RGB-436x62.png 436w, https:\/\/bewehrungstechnik.ch\/wp-content\/uploads\/DE_DebrunnerAciferBewehrungen_RGB-550x79.png 550w\" sizes=\"auto, (max-width: 1024px) 100vw, 1024px\" \/><\/figure>\n\n\n\n<p><\/p>\n","protected":false},"excerpt":{"rendered":"<p>In der Weihnachtsgeschichte verschenken die Heiligen Drei K\u00f6nige Caspar, Melchior und Balthasar Weihrauch, Myrrhe und Gold. Unser &#8222;Gold&#8220; sind unsere nichtrostenden Betonst\u00e4hle &#8211; wertig und langlebig! Genau so wie diese Thermoflasche aus nichtrostendem Chromstahl. Doch Chromstahl ist nicht gleich Chromstahl, und nichtrostend ist nicht gleich nichtrostend! Erfahren Sie, welche Betonst\u00e4hle am besten f\u00fcr welche Anwendungszwecke [&hellip;]<\/p>\n","protected":false},"author":9,"featured_media":0,"parent":0,"menu_order":0,"comment_status":"closed","ping_status":"closed","template":"","meta":{"_acf_changed":false,"footnotes":""},"class_list":["post-9596","page","type-page","status-publish",""],"acf":[],"yoast_head":"<!-- This site is optimized with the Yoast SEO plugin v27.3 - https:\/\/yoast.com\/product\/yoast-seo-wordpress\/ -->\n<title>Korrosionsschutzl\u00f6sungen - Bewehrungstechnik<\/title>\n<meta name=\"robots\" content=\"index, follow, max-snippet:-1, max-image-preview:large, max-video-preview:-1\" \/>\n<link rel=\"canonical\" href=\"https:\/\/bewehrungstechnik.ch\/de-de\/korrosionsschutzloesungen\/\" \/>\n<meta property=\"og:locale\" content=\"de_DE\" \/>\n<meta property=\"og:type\" content=\"article\" \/>\n<meta property=\"og:title\" content=\"Korrosionsschutzl\u00f6sungen - Bewehrungstechnik\" \/>\n<meta property=\"og:description\" content=\"In der Weihnachtsgeschichte verschenken die Heiligen Drei K\u00f6nige Caspar, Melchior und Balthasar Weihrauch, Myrrhe und Gold. Unser &#8222;Gold&#8220; sind unsere nichtrostenden Betonst\u00e4hle &#8211; wertig und langlebig! Genau so wie diese Thermoflasche aus nichtrostendem Chromstahl. Doch Chromstahl ist nicht gleich Chromstahl, und nichtrostend ist nicht gleich nichtrostend! Erfahren Sie, welche Betonst\u00e4hle am besten f\u00fcr welche Anwendungszwecke [&hellip;]\" \/>\n<meta property=\"og:url\" content=\"https:\/\/bewehrungstechnik.ch\/de-de\/korrosionsschutzloesungen\/\" \/>\n<meta property=\"og:site_name\" content=\"Bewehrungstechnik\" \/>\n<meta property=\"article:modified_time\" content=\"2025-03-10T10:36:32+00:00\" \/>\n<meta property=\"og:image\" content=\"https:\/\/bewehrungstechnik.ch\/wp-content\/uploads\/Top12-verlinkungs-Bild.png\" \/>\n\t<meta property=\"og:image:width\" content=\"940\" \/>\n\t<meta property=\"og:image:height\" content=\"720\" \/>\n\t<meta property=\"og:image:type\" content=\"image\/png\" \/>\n<meta name=\"twitter:card\" content=\"summary_large_image\" \/>\n<script type=\"application\/ld+json\" class=\"yoast-schema-graph\">{\"@context\":\"https:\\\/\\\/schema.org\",\"@graph\":[{\"@type\":\"WebPage\",\"@id\":\"https:\\\/\\\/bewehrungstechnik.ch\\\/de-de\\\/korrosionsschutzloesungen\\\/\",\"url\":\"https:\\\/\\\/bewehrungstechnik.ch\\\/de-de\\\/korrosionsschutzloesungen\\\/\",\"name\":\"Korrosionsschutzl\u00f6sungen - Bewehrungstechnik\",\"isPartOf\":{\"@id\":\"https:\\\/\\\/bewehrungstechnik.ch\\\/de-de\\\/#website\"},\"primaryImageOfPage\":{\"@id\":\"https:\\\/\\\/bewehrungstechnik.ch\\\/de-de\\\/korrosionsschutzloesungen\\\/#primaryimage\"},\"image\":{\"@id\":\"https:\\\/\\\/bewehrungstechnik.ch\\\/de-de\\\/korrosionsschutzloesungen\\\/#primaryimage\"},\"thumbnailUrl\":\"https:\\\/\\\/bewehrungstechnik.ch\\\/wp-content\\\/uploads\\\/Top12-verlinkungs-Bild.png\",\"datePublished\":\"2025-03-10T10:36:27+00:00\",\"dateModified\":\"2025-03-10T10:36:32+00:00\",\"breadcrumb\":{\"@id\":\"https:\\\/\\\/bewehrungstechnik.ch\\\/de-de\\\/korrosionsschutzloesungen\\\/#breadcrumb\"},\"inLanguage\":\"de\",\"potentialAction\":[{\"@type\":\"ReadAction\",\"target\":[\"https:\\\/\\\/bewehrungstechnik.ch\\\/de-de\\\/korrosionsschutzloesungen\\\/\"]}]},{\"@type\":\"ImageObject\",\"inLanguage\":\"de\",\"@id\":\"https:\\\/\\\/bewehrungstechnik.ch\\\/de-de\\\/korrosionsschutzloesungen\\\/#primaryimage\",\"url\":\"https:\\\/\\\/bewehrungstechnik.ch\\\/wp-content\\\/uploads\\\/Top12-verlinkungs-Bild.png\",\"contentUrl\":\"https:\\\/\\\/bewehrungstechnik.ch\\\/wp-content\\\/uploads\\\/Top12-verlinkungs-Bild.png\"},{\"@type\":\"BreadcrumbList\",\"@id\":\"https:\\\/\\\/bewehrungstechnik.ch\\\/de-de\\\/korrosionsschutzloesungen\\\/#breadcrumb\",\"itemListElement\":[{\"@type\":\"ListItem\",\"position\":1,\"name\":\"Home\",\"item\":\"https:\\\/\\\/bewehrungstechnik.ch\\\/de-de\\\/\"},{\"@type\":\"ListItem\",\"position\":2,\"name\":\"Korrosionsschutzl\u00f6sungen\"}]},{\"@type\":\"WebSite\",\"@id\":\"https:\\\/\\\/bewehrungstechnik.ch\\\/de-de\\\/#website\",\"url\":\"https:\\\/\\\/bewehrungstechnik.ch\\\/de-de\\\/\",\"name\":\"Bewehrungstechnik\",\"description\":\"Just another WordPress site\",\"publisher\":{\"@id\":\"https:\\\/\\\/bewehrungstechnik.ch\\\/de-de\\\/#organization\"},\"potentialAction\":[{\"@type\":\"SearchAction\",\"target\":{\"@type\":\"EntryPoint\",\"urlTemplate\":\"https:\\\/\\\/bewehrungstechnik.ch\\\/de-de\\\/?s={search_term_string}\"},\"query-input\":{\"@type\":\"PropertyValueSpecification\",\"valueRequired\":true,\"valueName\":\"search_term_string\"}}],\"inLanguage\":\"de\"},{\"@type\":\"Organization\",\"@id\":\"https:\\\/\\\/bewehrungstechnik.ch\\\/de-de\\\/#organization\",\"name\":\"Bewehrungstechnik\",\"url\":\"https:\\\/\\\/bewehrungstechnik.ch\\\/de-de\\\/\",\"logo\":{\"@type\":\"ImageObject\",\"inLanguage\":\"de\",\"@id\":\"https:\\\/\\\/bewehrungstechnik.ch\\\/de-de\\\/#\\\/schema\\\/logo\\\/image\\\/\",\"url\":\"https:\\\/\\\/bewehrungstechnik.ch\\\/wp-content\\\/uploads\\\/2021\\\/03\\\/logo.svg\",\"contentUrl\":\"https:\\\/\\\/bewehrungstechnik.ch\\\/wp-content\\\/uploads\\\/2021\\\/03\\\/logo.svg\",\"width\":436,\"height\":436,\"caption\":\"Bewehrungstechnik\"},\"image\":{\"@id\":\"https:\\\/\\\/bewehrungstechnik.ch\\\/de-de\\\/#\\\/schema\\\/logo\\\/image\\\/\"}}]}<\/script>\n<!-- \/ Yoast SEO plugin. -->","yoast_head_json":{"title":"Korrosionsschutzl\u00f6sungen - Bewehrungstechnik","robots":{"index":"index","follow":"follow","max-snippet":"max-snippet:-1","max-image-preview":"max-image-preview:large","max-video-preview":"max-video-preview:-1"},"canonical":"https:\/\/bewehrungstechnik.ch\/de-de\/korrosionsschutzloesungen\/","og_locale":"de_DE","og_type":"article","og_title":"Korrosionsschutzl\u00f6sungen - Bewehrungstechnik","og_description":"In der Weihnachtsgeschichte verschenken die Heiligen Drei K\u00f6nige Caspar, Melchior und Balthasar Weihrauch, Myrrhe und Gold. Unser &#8222;Gold&#8220; sind unsere nichtrostenden Betonst\u00e4hle &#8211; wertig und langlebig! Genau so wie diese Thermoflasche aus nichtrostendem Chromstahl. Doch Chromstahl ist nicht gleich Chromstahl, und nichtrostend ist nicht gleich nichtrostend! Erfahren Sie, welche Betonst\u00e4hle am besten f\u00fcr welche Anwendungszwecke [&hellip;]","og_url":"https:\/\/bewehrungstechnik.ch\/de-de\/korrosionsschutzloesungen\/","og_site_name":"Bewehrungstechnik","article_modified_time":"2025-03-10T10:36:32+00:00","og_image":[{"width":940,"height":720,"url":"https:\/\/bewehrungstechnik.ch\/wp-content\/uploads\/Top12-verlinkungs-Bild.png","type":"image\/png"}],"twitter_card":"summary_large_image","schema":{"@context":"https:\/\/schema.org","@graph":[{"@type":"WebPage","@id":"https:\/\/bewehrungstechnik.ch\/de-de\/korrosionsschutzloesungen\/","url":"https:\/\/bewehrungstechnik.ch\/de-de\/korrosionsschutzloesungen\/","name":"Korrosionsschutzl\u00f6sungen - Bewehrungstechnik","isPartOf":{"@id":"https:\/\/bewehrungstechnik.ch\/de-de\/#website"},"primaryImageOfPage":{"@id":"https:\/\/bewehrungstechnik.ch\/de-de\/korrosionsschutzloesungen\/#primaryimage"},"image":{"@id":"https:\/\/bewehrungstechnik.ch\/de-de\/korrosionsschutzloesungen\/#primaryimage"},"thumbnailUrl":"https:\/\/bewehrungstechnik.ch\/wp-content\/uploads\/Top12-verlinkungs-Bild.png","datePublished":"2025-03-10T10:36:27+00:00","dateModified":"2025-03-10T10:36:32+00:00","breadcrumb":{"@id":"https:\/\/bewehrungstechnik.ch\/de-de\/korrosionsschutzloesungen\/#breadcrumb"},"inLanguage":"de","potentialAction":[{"@type":"ReadAction","target":["https:\/\/bewehrungstechnik.ch\/de-de\/korrosionsschutzloesungen\/"]}]},{"@type":"ImageObject","inLanguage":"de","@id":"https:\/\/bewehrungstechnik.ch\/de-de\/korrosionsschutzloesungen\/#primaryimage","url":"https:\/\/bewehrungstechnik.ch\/wp-content\/uploads\/Top12-verlinkungs-Bild.png","contentUrl":"https:\/\/bewehrungstechnik.ch\/wp-content\/uploads\/Top12-verlinkungs-Bild.png"},{"@type":"BreadcrumbList","@id":"https:\/\/bewehrungstechnik.ch\/de-de\/korrosionsschutzloesungen\/#breadcrumb","itemListElement":[{"@type":"ListItem","position":1,"name":"Home","item":"https:\/\/bewehrungstechnik.ch\/de-de\/"},{"@type":"ListItem","position":2,"name":"Korrosionsschutzl\u00f6sungen"}]},{"@type":"WebSite","@id":"https:\/\/bewehrungstechnik.ch\/de-de\/#website","url":"https:\/\/bewehrungstechnik.ch\/de-de\/","name":"Bewehrungstechnik","description":"Just another WordPress site","publisher":{"@id":"https:\/\/bewehrungstechnik.ch\/de-de\/#organization"},"potentialAction":[{"@type":"SearchAction","target":{"@type":"EntryPoint","urlTemplate":"https:\/\/bewehrungstechnik.ch\/de-de\/?s={search_term_string}"},"query-input":{"@type":"PropertyValueSpecification","valueRequired":true,"valueName":"search_term_string"}}],"inLanguage":"de"},{"@type":"Organization","@id":"https:\/\/bewehrungstechnik.ch\/de-de\/#organization","name":"Bewehrungstechnik","url":"https:\/\/bewehrungstechnik.ch\/de-de\/","logo":{"@type":"ImageObject","inLanguage":"de","@id":"https:\/\/bewehrungstechnik.ch\/de-de\/#\/schema\/logo\/image\/","url":"https:\/\/bewehrungstechnik.ch\/wp-content\/uploads\/2021\/03\/logo.svg","contentUrl":"https:\/\/bewehrungstechnik.ch\/wp-content\/uploads\/2021\/03\/logo.svg","width":436,"height":436,"caption":"Bewehrungstechnik"},"image":{"@id":"https:\/\/bewehrungstechnik.ch\/de-de\/#\/schema\/logo\/image\/"}}]}},"_links":{"self":[{"href":"https:\/\/bewehrungstechnik.ch\/de-de\/wp-json\/wp\/v2\/pages\/9596","targetHints":{"allow":["GET"]}}],"collection":[{"href":"https:\/\/bewehrungstechnik.ch\/de-de\/wp-json\/wp\/v2\/pages"}],"about":[{"href":"https:\/\/bewehrungstechnik.ch\/de-de\/wp-json\/wp\/v2\/types\/page"}],"author":[{"embeddable":true,"href":"https:\/\/bewehrungstechnik.ch\/de-de\/wp-json\/wp\/v2\/users\/9"}],"replies":[{"embeddable":true,"href":"https:\/\/bewehrungstechnik.ch\/de-de\/wp-json\/wp\/v2\/comments?post=9596"}],"version-history":[{"count":1,"href":"https:\/\/bewehrungstechnik.ch\/de-de\/wp-json\/wp\/v2\/pages\/9596\/revisions"}],"predecessor-version":[{"id":9603,"href":"https:\/\/bewehrungstechnik.ch\/de-de\/wp-json\/wp\/v2\/pages\/9596\/revisions\/9603"}],"wp:attachment":[{"href":"https:\/\/bewehrungstechnik.ch\/de-de\/wp-json\/wp\/v2\/media?parent=9596"}],"curies":[{"name":"wp","href":"https:\/\/api.w.org\/{rel}","templated":true}]}}