{"id":9597,"date":"2025-03-10T10:36:29","date_gmt":"2025-03-10T10:36:29","guid":{"rendered":"https:\/\/bewehrungstechnik.ch\/?page_id=9597"},"modified":"2025-03-10T10:36:35","modified_gmt":"2025-03-10T10:36:35","slug":"magex-aus-baubiologischer-sicht","status":"publish","type":"page","link":"https:\/\/bewehrungstechnik.ch\/de-de\/magex-aus-baubiologischer-sicht\/","title":{"rendered":"MAGEX\u00ae aus baubiologischer Sicht\u00a0"},"content":{"rendered":"\n      <p id=\"block_6082abe7001c3505c51322f7ea9093e6\" class=\"c-title mt-0 mb-6 lg:mb-17 alignwidetext-left l-block\"  >\n  \n  MAGEX\u00ae aus baubiologischer Sicht\u00a0<\/p>\n\n\n<div class=\"wp-block-columns is-layout-flex wp-container-core-columns-is-layout-9d6595d7 wp-block-columns-is-layout-flex\">\n<div class=\"wp-block-column is-layout-flow wp-block-column-is-layout-flow\">\n<p><strong>Stabiles Erdmagnetfeld kann M\u00fcdigkeit und Unwohlsein vorbeugen<\/strong><br>Viele Menschen haben gesundheitliche Probleme, kennen die Ursache daf\u00fcr aber nicht. Sie leben oder arbeiten m\u00f6glicherweise in einem \u00abkrankmachenden\u00bb Geb\u00e4ude. Man nennt dies das \u00abSick-Building-Syndrom\u00bb.<\/p>\n\n\n\n<p><strong>Konventioneller Bewehrungsstahl als Grund f\u00fcr das \u00abSick-Building-Syndrom\u00bb?<\/strong><br>Ein Grund f\u00fcr die gesundheitlichen Probleme kann \u2013 muss aber nicht \u2013 konventioneller Bewehrungsstahl sein: Er ist magnetisch geladen und beeinflusst dadurch das nat\u00fcrliche Erdmagnetfeld. Sensible Personen reagieren vielleicht mit M\u00fcdigkeit und Unwohlsein auf das ver\u00e4nderte Erdmagnetfeld. Diese Ver\u00e4nderung l\u00e4sst sich messtechnisch mit 3D-Magnetometern belegen.<\/p>\n\n\n\n<p><strong>M\u00f6gliche Folgen eines ver\u00e4nderten Erdmagnetfelds f\u00fcr den Menschen<\/strong><br>Der menschliche K\u00f6rper funktioniert mithilfe eines hochkomplexen Informationssystems. Eine Belastung des Systems durch fehlerhafte Impulse \u00fcber l\u00e4ngere Zeit kann sich f\u00fcr den Menschen einerseits in Dauerstress mit sch\u00e4digender Wirkung f\u00fcr Organe, Muskulatur und Nervensystem auswirken. Andererseits k\u00f6nnen auch Schlaf, Regeneration, Verdauung und Stoffwechsel negativ beeinflusst werden. Nat\u00fcrlich reagieren nicht alle Menschen auf ein ver\u00e4ndertes Erdmagnetfeld.<\/p>\n\n\n\n<p><strong>Entmagnetisierter Bewehrungsstahl MAGEX<sup>\u00ae<\/sup>&nbsp;ver\u00e4ndert das Erdmagnetfeld nicht<\/strong><br>MAGEX<sup>\u00ae<\/sup>&nbsp;Bewehrungsstahl wird in einem speziellen Verfahren im Werk entmagnetisiert. Er ver\u00e4ndert das nat\u00fcrliche Erdmagnetfeld nicht \u2013 auch nicht in verbautem Zustand. Indem das Erdmagnetfeld stabil bleibt, kann es M\u00fcdigkeit und Unwohlsein vorbeugen. In der Folge steigen die Wohn- und die Arbeitsgesundheit in dem entsprechenden Geb\u00e4ude.<\/p>\n<\/div>\n\n\n\n<div class=\"wp-block-column is-layout-flow wp-block-column-is-layout-flow\">\n<figure class=\"wp-block-image size-large\"><img loading=\"lazy\" decoding=\"async\" width=\"1024\" height=\"683\" src=\"https:\/\/bewehrungstechnik.ch\/wp-content\/uploads\/entmagnetisierter-bewehrungsstahl-magex-4-1024x683.png\" alt=\"Entmagnetisierter Bewehrungsstahl MAGEX\u00ae Stiftung Viscosuisse\" class=\"wp-image-7772\" srcset=\"https:\/\/bewehrungstechnik.ch\/wp-content\/uploads\/entmagnetisierter-bewehrungsstahl-magex-4-1024x683.png 1024w, https:\/\/bewehrungstechnik.ch\/wp-content\/uploads\/entmagnetisierter-bewehrungsstahl-magex-4-300x200.png 300w, https:\/\/bewehrungstechnik.ch\/wp-content\/uploads\/entmagnetisierter-bewehrungsstahl-magex-4-768x512.png 768w, https:\/\/bewehrungstechnik.ch\/wp-content\/uploads\/entmagnetisierter-bewehrungsstahl-magex-4-1536x1024.png 1536w, https:\/\/bewehrungstechnik.ch\/wp-content\/uploads\/entmagnetisierter-bewehrungsstahl-magex-4-2048x1365.png 2048w, https:\/\/bewehrungstechnik.ch\/wp-content\/uploads\/entmagnetisierter-bewehrungsstahl-magex-4-436x291.png 436w, https:\/\/bewehrungstechnik.ch\/wp-content\/uploads\/entmagnetisierter-bewehrungsstahl-magex-4-550x367.png 550w\" sizes=\"auto, (max-width: 1024px) 100vw, 1024px\" \/><figcaption class=\"wp-element-caption\">Magnetische Abstrahlung der Stahlbetonfl\u00e4chen bei entmagnetisierter (links) resp. nicht entmagnetisierter Bewehrung (rechts).<\/figcaption><\/figure>\n<\/div>\n<\/div>\n\n\n\n      <div id=\"block_536652ec699ba4730cba84b49e43df65\" class=\"default-block-spacing text-center  l-block\"  >\n  \n  \n<!-- Rendering \"one\" mode -->\n                  <a href=\"https:\/\/bewehrungstechnik.ch\/blog\/gesund-wohnen-in-einem-stabilen-erdmagnetfeld\/\" class=\"c-btn c-btn-- mx-2\">\n        Zur\u00fcck zum Beitrag      <\/a>\n      \n<\/div>","protected":false},"excerpt":{"rendered":"<p>Stabiles Erdmagnetfeld kann M\u00fcdigkeit und Unwohlsein vorbeugenViele Menschen haben gesundheitliche Probleme, kennen die Ursache daf\u00fcr aber nicht. Sie leben oder arbeiten m\u00f6glicherweise in einem \u00abkrankmachenden\u00bb Geb\u00e4ude. Man nennt dies das \u00abSick-Building-Syndrom\u00bb. Konventioneller Bewehrungsstahl als Grund f\u00fcr das \u00abSick-Building-Syndrom\u00bb?Ein Grund f\u00fcr die gesundheitlichen Probleme kann \u2013 muss aber nicht \u2013 konventioneller Bewehrungsstahl sein: Er ist magnetisch [&hellip;]<\/p>\n","protected":false},"author":9,"featured_media":0,"parent":0,"menu_order":0,"comment_status":"closed","ping_status":"closed","template":"","meta":{"_acf_changed":false,"footnotes":""},"class_list":["post-9597","page","type-page","status-publish",""],"acf":[],"yoast_head":"<!-- This site is optimized with the Yoast SEO plugin v27.3 - https:\/\/yoast.com\/product\/yoast-seo-wordpress\/ -->\n<title>MAGEX\u00ae aus baubiologischer Sicht\u00a0 - Bewehrungstechnik<\/title>\n<meta name=\"robots\" content=\"index, follow, max-snippet:-1, max-image-preview:large, max-video-preview:-1\" \/>\n<link rel=\"canonical\" href=\"https:\/\/bewehrungstechnik.ch\/de-de\/magex-aus-baubiologischer-sicht\/\" \/>\n<meta property=\"og:locale\" content=\"de_DE\" \/>\n<meta property=\"og:type\" content=\"article\" \/>\n<meta property=\"og:title\" content=\"MAGEX\u00ae aus baubiologischer Sicht\u00a0 - Bewehrungstechnik\" \/>\n<meta property=\"og:description\" content=\"Stabiles Erdmagnetfeld kann M\u00fcdigkeit und Unwohlsein vorbeugenViele Menschen haben gesundheitliche Probleme, kennen die Ursache daf\u00fcr aber nicht. Sie leben oder arbeiten m\u00f6glicherweise in einem \u00abkrankmachenden\u00bb Geb\u00e4ude. Man nennt dies das \u00abSick-Building-Syndrom\u00bb. Konventioneller Bewehrungsstahl als Grund f\u00fcr das \u00abSick-Building-Syndrom\u00bb?Ein Grund f\u00fcr die gesundheitlichen Probleme kann \u2013 muss aber nicht \u2013 konventioneller Bewehrungsstahl sein: Er ist magnetisch [&hellip;]\" \/>\n<meta property=\"og:url\" content=\"https:\/\/bewehrungstechnik.ch\/de-de\/magex-aus-baubiologischer-sicht\/\" \/>\n<meta property=\"og:site_name\" content=\"Bewehrungstechnik\" \/>\n<meta property=\"article:modified_time\" content=\"2025-03-10T10:36:35+00:00\" \/>\n<meta property=\"og:image\" content=\"https:\/\/bewehrungstechnik.ch\/wp-content\/uploads\/entmagnetisierter-bewehrungsstahl-magex-4-1024x683.png\" \/>\n\t<meta property=\"og:image:width\" content=\"1024\" \/>\n\t<meta property=\"og:image:height\" content=\"683\" \/>\n\t<meta property=\"og:image:type\" content=\"image\/png\" \/>\n<meta name=\"twitter:card\" content=\"summary_large_image\" \/>\n<script type=\"application\/ld+json\" class=\"yoast-schema-graph\">{\"@context\":\"https:\\\/\\\/schema.org\",\"@graph\":[{\"@type\":\"WebPage\",\"@id\":\"https:\\\/\\\/bewehrungstechnik.ch\\\/de-de\\\/magex-aus-baubiologischer-sicht\\\/\",\"url\":\"https:\\\/\\\/bewehrungstechnik.ch\\\/de-de\\\/magex-aus-baubiologischer-sicht\\\/\",\"name\":\"MAGEX\u00ae aus baubiologischer Sicht\u00a0 - Bewehrungstechnik\",\"isPartOf\":{\"@id\":\"https:\\\/\\\/bewehrungstechnik.ch\\\/de-de\\\/#website\"},\"primaryImageOfPage\":{\"@id\":\"https:\\\/\\\/bewehrungstechnik.ch\\\/de-de\\\/magex-aus-baubiologischer-sicht\\\/#primaryimage\"},\"image\":{\"@id\":\"https:\\\/\\\/bewehrungstechnik.ch\\\/de-de\\\/magex-aus-baubiologischer-sicht\\\/#primaryimage\"},\"thumbnailUrl\":\"https:\\\/\\\/bewehrungstechnik.ch\\\/wp-content\\\/uploads\\\/entmagnetisierter-bewehrungsstahl-magex-4-1024x683.png\",\"datePublished\":\"2025-03-10T10:36:29+00:00\",\"dateModified\":\"2025-03-10T10:36:35+00:00\",\"breadcrumb\":{\"@id\":\"https:\\\/\\\/bewehrungstechnik.ch\\\/de-de\\\/magex-aus-baubiologischer-sicht\\\/#breadcrumb\"},\"inLanguage\":\"de\",\"potentialAction\":[{\"@type\":\"ReadAction\",\"target\":[\"https:\\\/\\\/bewehrungstechnik.ch\\\/de-de\\\/magex-aus-baubiologischer-sicht\\\/\"]}]},{\"@type\":\"ImageObject\",\"inLanguage\":\"de\",\"@id\":\"https:\\\/\\\/bewehrungstechnik.ch\\\/de-de\\\/magex-aus-baubiologischer-sicht\\\/#primaryimage\",\"url\":\"https:\\\/\\\/bewehrungstechnik.ch\\\/wp-content\\\/uploads\\\/entmagnetisierter-bewehrungsstahl-magex-4-1024x683.png\",\"contentUrl\":\"https:\\\/\\\/bewehrungstechnik.ch\\\/wp-content\\\/uploads\\\/entmagnetisierter-bewehrungsstahl-magex-4-1024x683.png\"},{\"@type\":\"BreadcrumbList\",\"@id\":\"https:\\\/\\\/bewehrungstechnik.ch\\\/de-de\\\/magex-aus-baubiologischer-sicht\\\/#breadcrumb\",\"itemListElement\":[{\"@type\":\"ListItem\",\"position\":1,\"name\":\"Home\",\"item\":\"https:\\\/\\\/bewehrungstechnik.ch\\\/de-de\\\/\"},{\"@type\":\"ListItem\",\"position\":2,\"name\":\"MAGEX\u00ae aus baubiologischer Sicht\u00a0\"}]},{\"@type\":\"WebSite\",\"@id\":\"https:\\\/\\\/bewehrungstechnik.ch\\\/de-de\\\/#website\",\"url\":\"https:\\\/\\\/bewehrungstechnik.ch\\\/de-de\\\/\",\"name\":\"Bewehrungstechnik\",\"description\":\"Just another WordPress site\",\"publisher\":{\"@id\":\"https:\\\/\\\/bewehrungstechnik.ch\\\/de-de\\\/#organization\"},\"potentialAction\":[{\"@type\":\"SearchAction\",\"target\":{\"@type\":\"EntryPoint\",\"urlTemplate\":\"https:\\\/\\\/bewehrungstechnik.ch\\\/de-de\\\/?s={search_term_string}\"},\"query-input\":{\"@type\":\"PropertyValueSpecification\",\"valueRequired\":true,\"valueName\":\"search_term_string\"}}],\"inLanguage\":\"de\"},{\"@type\":\"Organization\",\"@id\":\"https:\\\/\\\/bewehrungstechnik.ch\\\/de-de\\\/#organization\",\"name\":\"Bewehrungstechnik\",\"url\":\"https:\\\/\\\/bewehrungstechnik.ch\\\/de-de\\\/\",\"logo\":{\"@type\":\"ImageObject\",\"inLanguage\":\"de\",\"@id\":\"https:\\\/\\\/bewehrungstechnik.ch\\\/de-de\\\/#\\\/schema\\\/logo\\\/image\\\/\",\"url\":\"https:\\\/\\\/bewehrungstechnik.ch\\\/wp-content\\\/uploads\\\/2021\\\/03\\\/logo.svg\",\"contentUrl\":\"https:\\\/\\\/bewehrungstechnik.ch\\\/wp-content\\\/uploads\\\/2021\\\/03\\\/logo.svg\",\"width\":436,\"height\":436,\"caption\":\"Bewehrungstechnik\"},\"image\":{\"@id\":\"https:\\\/\\\/bewehrungstechnik.ch\\\/de-de\\\/#\\\/schema\\\/logo\\\/image\\\/\"}}]}<\/script>\n<!-- \/ Yoast SEO plugin. -->","yoast_head_json":{"title":"MAGEX\u00ae aus baubiologischer Sicht\u00a0 - Bewehrungstechnik","robots":{"index":"index","follow":"follow","max-snippet":"max-snippet:-1","max-image-preview":"max-image-preview:large","max-video-preview":"max-video-preview:-1"},"canonical":"https:\/\/bewehrungstechnik.ch\/de-de\/magex-aus-baubiologischer-sicht\/","og_locale":"de_DE","og_type":"article","og_title":"MAGEX\u00ae aus baubiologischer Sicht\u00a0 - Bewehrungstechnik","og_description":"Stabiles Erdmagnetfeld kann M\u00fcdigkeit und Unwohlsein vorbeugenViele Menschen haben gesundheitliche Probleme, kennen die Ursache daf\u00fcr aber nicht. Sie leben oder arbeiten m\u00f6glicherweise in einem \u00abkrankmachenden\u00bb Geb\u00e4ude. Man nennt dies das \u00abSick-Building-Syndrom\u00bb. Konventioneller Bewehrungsstahl als Grund f\u00fcr das \u00abSick-Building-Syndrom\u00bb?Ein Grund f\u00fcr die gesundheitlichen Probleme kann \u2013 muss aber nicht \u2013 konventioneller Bewehrungsstahl sein: Er ist magnetisch [&hellip;]","og_url":"https:\/\/bewehrungstechnik.ch\/de-de\/magex-aus-baubiologischer-sicht\/","og_site_name":"Bewehrungstechnik","article_modified_time":"2025-03-10T10:36:35+00:00","og_image":[{"width":1024,"height":683,"url":"https:\/\/bewehrungstechnik.ch\/wp-content\/uploads\/entmagnetisierter-bewehrungsstahl-magex-4-1024x683.png","type":"image\/png"}],"twitter_card":"summary_large_image","schema":{"@context":"https:\/\/schema.org","@graph":[{"@type":"WebPage","@id":"https:\/\/bewehrungstechnik.ch\/de-de\/magex-aus-baubiologischer-sicht\/","url":"https:\/\/bewehrungstechnik.ch\/de-de\/magex-aus-baubiologischer-sicht\/","name":"MAGEX\u00ae aus baubiologischer Sicht\u00a0 - Bewehrungstechnik","isPartOf":{"@id":"https:\/\/bewehrungstechnik.ch\/de-de\/#website"},"primaryImageOfPage":{"@id":"https:\/\/bewehrungstechnik.ch\/de-de\/magex-aus-baubiologischer-sicht\/#primaryimage"},"image":{"@id":"https:\/\/bewehrungstechnik.ch\/de-de\/magex-aus-baubiologischer-sicht\/#primaryimage"},"thumbnailUrl":"https:\/\/bewehrungstechnik.ch\/wp-content\/uploads\/entmagnetisierter-bewehrungsstahl-magex-4-1024x683.png","datePublished":"2025-03-10T10:36:29+00:00","dateModified":"2025-03-10T10:36:35+00:00","breadcrumb":{"@id":"https:\/\/bewehrungstechnik.ch\/de-de\/magex-aus-baubiologischer-sicht\/#breadcrumb"},"inLanguage":"de","potentialAction":[{"@type":"ReadAction","target":["https:\/\/bewehrungstechnik.ch\/de-de\/magex-aus-baubiologischer-sicht\/"]}]},{"@type":"ImageObject","inLanguage":"de","@id":"https:\/\/bewehrungstechnik.ch\/de-de\/magex-aus-baubiologischer-sicht\/#primaryimage","url":"https:\/\/bewehrungstechnik.ch\/wp-content\/uploads\/entmagnetisierter-bewehrungsstahl-magex-4-1024x683.png","contentUrl":"https:\/\/bewehrungstechnik.ch\/wp-content\/uploads\/entmagnetisierter-bewehrungsstahl-magex-4-1024x683.png"},{"@type":"BreadcrumbList","@id":"https:\/\/bewehrungstechnik.ch\/de-de\/magex-aus-baubiologischer-sicht\/#breadcrumb","itemListElement":[{"@type":"ListItem","position":1,"name":"Home","item":"https:\/\/bewehrungstechnik.ch\/de-de\/"},{"@type":"ListItem","position":2,"name":"MAGEX\u00ae aus baubiologischer Sicht\u00a0"}]},{"@type":"WebSite","@id":"https:\/\/bewehrungstechnik.ch\/de-de\/#website","url":"https:\/\/bewehrungstechnik.ch\/de-de\/","name":"Bewehrungstechnik","description":"Just another WordPress site","publisher":{"@id":"https:\/\/bewehrungstechnik.ch\/de-de\/#organization"},"potentialAction":[{"@type":"SearchAction","target":{"@type":"EntryPoint","urlTemplate":"https:\/\/bewehrungstechnik.ch\/de-de\/?s={search_term_string}"},"query-input":{"@type":"PropertyValueSpecification","valueRequired":true,"valueName":"search_term_string"}}],"inLanguage":"de"},{"@type":"Organization","@id":"https:\/\/bewehrungstechnik.ch\/de-de\/#organization","name":"Bewehrungstechnik","url":"https:\/\/bewehrungstechnik.ch\/de-de\/","logo":{"@type":"ImageObject","inLanguage":"de","@id":"https:\/\/bewehrungstechnik.ch\/de-de\/#\/schema\/logo\/image\/","url":"https:\/\/bewehrungstechnik.ch\/wp-content\/uploads\/2021\/03\/logo.svg","contentUrl":"https:\/\/bewehrungstechnik.ch\/wp-content\/uploads\/2021\/03\/logo.svg","width":436,"height":436,"caption":"Bewehrungstechnik"},"image":{"@id":"https:\/\/bewehrungstechnik.ch\/de-de\/#\/schema\/logo\/image\/"}}]}},"_links":{"self":[{"href":"https:\/\/bewehrungstechnik.ch\/de-de\/wp-json\/wp\/v2\/pages\/9597","targetHints":{"allow":["GET"]}}],"collection":[{"href":"https:\/\/bewehrungstechnik.ch\/de-de\/wp-json\/wp\/v2\/pages"}],"about":[{"href":"https:\/\/bewehrungstechnik.ch\/de-de\/wp-json\/wp\/v2\/types\/page"}],"author":[{"embeddable":true,"href":"https:\/\/bewehrungstechnik.ch\/de-de\/wp-json\/wp\/v2\/users\/9"}],"replies":[{"embeddable":true,"href":"https:\/\/bewehrungstechnik.ch\/de-de\/wp-json\/wp\/v2\/comments?post=9597"}],"version-history":[{"count":1,"href":"https:\/\/bewehrungstechnik.ch\/de-de\/wp-json\/wp\/v2\/pages\/9597\/revisions"}],"predecessor-version":[{"id":9604,"href":"https:\/\/bewehrungstechnik.ch\/de-de\/wp-json\/wp\/v2\/pages\/9597\/revisions\/9604"}],"wp:attachment":[{"href":"https:\/\/bewehrungstechnik.ch\/de-de\/wp-json\/wp\/v2\/media?parent=9597"}],"curies":[{"name":"wp","href":"https:\/\/api.w.org\/{rel}","templated":true}]}}