{"id":9598,"date":"2025-03-10T10:36:31","date_gmt":"2025-03-10T10:36:31","guid":{"rendered":"https:\/\/bewehrungstechnik.ch\/?page_id=9598"},"modified":"2025-03-10T10:36:37","modified_gmt":"2025-03-10T10:36:37","slug":"magex-aus-sicht-der-bauherrschaft","status":"publish","type":"page","link":"https:\/\/bewehrungstechnik.ch\/de-de\/magex-aus-sicht-der-bauherrschaft\/","title":{"rendered":"MAGEX\u00ae aus Sicht der Bauherrschaft"},"content":{"rendered":"\n      <p id=\"block_083a59848fc906bb7512eb9d96c89b8a\" class=\"c-title mt-0 mb-6 lg:mb-17 alignwidetext-left l-block\"  >\n  \n  MAGEX\u00ae aus Sicht der Bauherrschaft<br \/>\r\n<\/p>\n\n\n<div class=\"wp-block-columns is-layout-flex wp-container-core-columns-is-layout-9d6595d7 wp-block-columns-is-layout-flex\">\n<div class=\"wp-block-column is-layout-flow wp-block-column-is-layout-flow\">\n<h2 class=\"wp-block-heading\"><strong>Interview mit Erika Roos<\/strong><\/h2>\n\n\n\n<p><strong><em><mark style=\"background-color:rgba(0, 0, 0, 0)\" class=\"has-inline-color has-primary-color\">Gesch\u00e4ftsf\u00fchrerin Stiftung Viscosuisse<\/mark><\/em><\/strong><\/p>\n\n\n\n<p><strong>Weshalb hat die Stiftung Viscosuisse beim Mehrfamilienhaus in Emmen entmagnetisierten Bewehrungsstahl MAGEX<sup>\u00ae<\/sup>&nbsp;verbaut?<\/strong><\/p>\n\n\n\n<p>Ich bin davon \u00fcberzeugt, dass sich ein gest\u00f6rtes Erdmagnetfeld negativ auf die Gesundheit von uns Menschen auswirkt. Konventioneller Bewehrungsstahl kann magnetisiert sein und deshalb das nat\u00fcrliche Erdmagnetfeld nachweislich verzerren. Einmal verbaut, vermag er deshalb die Gesundheit von uns Menschen \u00fcber Generationen hinweg negativ zu beeinflussen.<\/p>\n\n\n\n<p><strong>In der Bauphase des Mehrfamilienhauses haben Sie zum Einsatz des entmagnetisierten Bewehrungsstahls gesagt: \u00abWenn sich die Leute in ihrer Wohnung wohlf\u00fchlen und es ihnen gut geht, dann haben wir weniger Mieterwechsel und kaum Leerst\u00e4nde.\u00bb Hat sich Ihre Aussage bewahrheitet?<\/strong><\/p>\n\n\n\n<p>Meine Aussage vom Juli 2018 war eine reine Annahme basierend auf meiner \u00dcberzeugung. Im September 2019 sind die ersten Mieterinnen und Mieter in das Mehrfamilienhaus eingezogen und wir verzeichnen tats\u00e4chlich fast keine Mieterwechsel. Die wenigen K\u00fcndigungen sind wegen der Lebensumst\u00e4nde der Mieterinnen und Mieter erfolgt, nicht wegen der Wohnung.<\/p>\n\n\n\n<p><strong>Und auf die Leerst\u00e4nde bezogen?<\/strong><\/p>\n\n\n\n<p>Bis jetzt haben wir keine Leerst\u00e4nde gehabt. Die seltenen Mieterwechsel und die ausgebliebenen Leerst\u00e4nde lassen sich \u2013 so realistisch bin ich \u2013 nat\u00fcrlich nicht alleine auf den entmagnetisierten Bewehrungsstahl zur\u00fcckzuf\u00fchren. Farben, Materialien, Formen, Miete und die Verwaltung entscheiden genauso \u00fcber den Wohlf\u00fchlfaktor in einer Wohnung.<\/p>\n\n\n\n<p><strong>Haben sich die 65\u2019000 Franken Mehrkosten f\u00fcr den entmagnetisierten Bewehrungsstahl gelohnt?<\/strong><\/p>\n\n\n\n<p>Ja, davon sind sowohl der Stiftungsrat als auch ich \u00fcberzeugt. Die Mieter an der Thanstrasse&nbsp;3 f\u00fchlen sich sehr wohl. Auch die Verwalterin sagt, sie habe ein speziell angenehmes Gef\u00fchl in diesem Haus verglichen mit anderen Objekten, die sie betreue. Hinzu kommt, dass wir in Emmen Wohnungen f\u00fcr Familien gebaut haben. Kinder sind besonders sensibel, sie gilt es bestm\u00f6glich zu sch\u00fctzen. Wenn man die finanzielle M\u00f6glichkeit hat, sollte man die h\u00f6heren Kosten nicht scheuen. F\u00fcr mich ist es der richtige Entscheid gewesen, den entmagnetisierten Bewehrungsstahl zu verwenden, und ich bin froh, dass der Stiftungsrat die Mehrkosten bewilligt hat.<\/p>\n\n\n\n<p><strong>Hat die Stiftung Viscosuisse inzwischen weitere Objekte mit MAGEX<sup>\u00ae<\/sup>&nbsp;gebaut?<\/strong><\/p>\n\n\n\n<p>Wir haben kein weiteres Bauobjekt geplant, weder mit konventionellem noch mit entmagnetisiertem Bewehrungsstahl. Wir sind eine Stiftung und Immobilien sind nicht unser Kerngesch\u00e4ft. Wir haben schon vor l\u00e4ngerer Zeit festgestellt, dass es in Emmen zu wenig bezahlbare Wohnungen gibt. Dann haben wir das Land an der Thanstrasse unerwartet kaufen k\u00f6nnen \u2013 so ist es zum Spezialfall \u00abNeubau in Emmen\u00bb gekommen. Sonst befassen wir uns nur mit unseren \u00e4lteren Bauten, die wir sanieren. W\u00e4re ein Neubau wieder einmal ein Thema, ist aber klar, dass wir erneut entmagnetisierten Bewehrungsstahl verwenden w\u00fcrden.<\/p>\n\n\n\n<p><strong>Wie zufrieden waren Sie mit der Lieferung und dem Einbau des entmagnetisierten Bewehrungsstahls?<\/strong><\/p>\n\n\n\n<p>Lieferung und Messungen des Bewehrungsstahls erfolgten wie angek\u00fcndigt und auch der Einbau klappte einwandfrei. Wichtig war ja, dass der entmagnetisierte Bewehrungsstahl auf der Baustelle strikt vom konventionellen Bewehrungsstahl \u2013 jener wurde f\u00fcr die Einstellhalle sowie f\u00fcr das Treppenhaus und den Aufzug verwendet \u2013 getrennt wird, damit er sich nicht wieder aufl\u00e4dt.<\/p>\n\n\n\n<p><strong>Was empfehlen Sie Bauherrschaften oder Architekten?<\/strong><\/p>\n\n\n\n<p>Bei einem Neubau k\u00f6nnte die Verwendung entmagnetisierten Bewehrungsstahls als Option gepr\u00fcft werden. Die Mehrkosten betragen lediglich zwischen 0.5 und 1.5% der Bausumme. Viele Bauherrschaften und Architekten wissen jedoch nicht einmal, dass entmagnetisierter Bewehrungsstahl existiert. Sie k\u00f6nnten, indem sie ihn einsetzen w\u00fcrden, etwas zugunsten der Gesundheit der Bewohnerinnen und Bewohner tun. Wohngesundheit ist den Menschen je l\u00e4nger, je wichtiger. Warum also nicht zwei Interessen vereinen: einerseits Gesundheit f\u00fcr die Mieterinnen und Mieter und andererseits Mieterwechseln sowie Leerst\u00e4nden vorbeugen?<\/p>\n<\/div>\n\n\n\n<div class=\"wp-block-column is-layout-flow wp-block-column-is-layout-flow\">\n<figure class=\"wp-block-image size-large\"><img loading=\"lazy\" decoding=\"async\" width=\"768\" height=\"1024\" src=\"https:\/\/bewehrungstechnik.ch\/wp-content\/uploads\/entmagnetisierter-bewehrungsstahl-magex-6-768x1024.jpg\" alt=\"Entmagnetisierter Bewehrungsstahl MAGEX\u00ae Stiftung Viscosuisse\" class=\"wp-image-7779\" srcset=\"https:\/\/bewehrungstechnik.ch\/wp-content\/uploads\/entmagnetisierter-bewehrungsstahl-magex-6-768x1024.jpg 768w, https:\/\/bewehrungstechnik.ch\/wp-content\/uploads\/entmagnetisierter-bewehrungsstahl-magex-6-225x300.jpg 225w, https:\/\/bewehrungstechnik.ch\/wp-content\/uploads\/entmagnetisierter-bewehrungsstahl-magex-6-1152x1536.jpg 1152w, https:\/\/bewehrungstechnik.ch\/wp-content\/uploads\/entmagnetisierter-bewehrungsstahl-magex-6-1536x2048.jpg 1536w, https:\/\/bewehrungstechnik.ch\/wp-content\/uploads\/entmagnetisierter-bewehrungsstahl-magex-6-436x581.jpg 436w, https:\/\/bewehrungstechnik.ch\/wp-content\/uploads\/entmagnetisierter-bewehrungsstahl-magex-6-550x733.jpg 550w, https:\/\/bewehrungstechnik.ch\/wp-content\/uploads\/entmagnetisierter-bewehrungsstahl-magex-6-scaled.jpg 1920w\" sizes=\"auto, (max-width: 768px) 100vw, 768px\" \/><figcaption class=\"wp-element-caption\">Erika Roos, Gesch\u00e4ftsf\u00fchrerin der Stiftung Viscosuisse, ist \u00fcberzeugt von MAGEX.<br><\/figcaption><\/figure>\n<\/div>\n<\/div>\n\n\n\n      <div id=\"block_4ef46cc4fde18af96ab8cdc48c7d3bd2\" class=\"default-block-spacing text-center  l-block\"  >\n  \n  \n<!-- Rendering \"one\" mode -->\n                  <a href=\"https:\/\/bewehrungstechnik.ch\/blog\/gesund-wohnen-in-einem-stabilen-erdmagnetfeld\/\" class=\"c-btn c-btn-- mx-2\">\n        Zur\u00fcck zum Beitrag      <\/a>\n      \n<\/div>","protected":false},"excerpt":{"rendered":"<p>Interview mit Erika Roos Gesch\u00e4ftsf\u00fchrerin Stiftung Viscosuisse Weshalb hat die Stiftung Viscosuisse beim Mehrfamilienhaus in Emmen entmagnetisierten Bewehrungsstahl MAGEX\u00ae&nbsp;verbaut? Ich bin davon \u00fcberzeugt, dass sich ein gest\u00f6rtes Erdmagnetfeld negativ auf die Gesundheit von uns Menschen auswirkt. Konventioneller Bewehrungsstahl kann magnetisiert sein und deshalb das nat\u00fcrliche Erdmagnetfeld nachweislich verzerren. Einmal verbaut, vermag er deshalb die Gesundheit [&hellip;]<\/p>\n","protected":false},"author":9,"featured_media":0,"parent":0,"menu_order":0,"comment_status":"closed","ping_status":"closed","template":"","meta":{"_acf_changed":false,"footnotes":""},"class_list":["post-9598","page","type-page","status-publish",""],"acf":[],"yoast_head":"<!-- This site is optimized with the Yoast SEO plugin v27.3 - https:\/\/yoast.com\/product\/yoast-seo-wordpress\/ -->\n<title>MAGEX\u00ae aus Sicht der Bauherrschaft - Bewehrungstechnik<\/title>\n<meta name=\"robots\" content=\"index, follow, max-snippet:-1, max-image-preview:large, max-video-preview:-1\" \/>\n<link rel=\"canonical\" href=\"https:\/\/bewehrungstechnik.ch\/de-de\/magex-aus-sicht-der-bauherrschaft\/\" \/>\n<meta property=\"og:locale\" content=\"de_DE\" \/>\n<meta property=\"og:type\" content=\"article\" \/>\n<meta property=\"og:title\" content=\"MAGEX\u00ae aus Sicht der Bauherrschaft - Bewehrungstechnik\" \/>\n<meta property=\"og:description\" content=\"Interview mit Erika Roos Gesch\u00e4ftsf\u00fchrerin Stiftung Viscosuisse Weshalb hat die Stiftung Viscosuisse beim Mehrfamilienhaus in Emmen entmagnetisierten Bewehrungsstahl MAGEX\u00ae&nbsp;verbaut? Ich bin davon \u00fcberzeugt, dass sich ein gest\u00f6rtes Erdmagnetfeld negativ auf die Gesundheit von uns Menschen auswirkt. Konventioneller Bewehrungsstahl kann magnetisiert sein und deshalb das nat\u00fcrliche Erdmagnetfeld nachweislich verzerren. Einmal verbaut, vermag er deshalb die Gesundheit [&hellip;]\" \/>\n<meta property=\"og:url\" content=\"https:\/\/bewehrungstechnik.ch\/de-de\/magex-aus-sicht-der-bauherrschaft\/\" \/>\n<meta property=\"og:site_name\" content=\"Bewehrungstechnik\" \/>\n<meta property=\"article:modified_time\" content=\"2025-03-10T10:36:37+00:00\" \/>\n<meta property=\"og:image\" content=\"https:\/\/bewehrungstechnik.ch\/wp-content\/uploads\/entmagnetisierter-bewehrungsstahl-magex-6-scaled.jpg\" \/>\n\t<meta property=\"og:image:width\" content=\"1920\" \/>\n\t<meta property=\"og:image:height\" content=\"2560\" \/>\n\t<meta property=\"og:image:type\" content=\"image\/jpeg\" \/>\n<meta name=\"twitter:card\" content=\"summary_large_image\" \/>\n<script type=\"application\/ld+json\" class=\"yoast-schema-graph\">{\"@context\":\"https:\\\/\\\/schema.org\",\"@graph\":[{\"@type\":\"WebPage\",\"@id\":\"https:\\\/\\\/bewehrungstechnik.ch\\\/de-de\\\/magex-aus-sicht-der-bauherrschaft\\\/\",\"url\":\"https:\\\/\\\/bewehrungstechnik.ch\\\/de-de\\\/magex-aus-sicht-der-bauherrschaft\\\/\",\"name\":\"MAGEX\u00ae aus Sicht der Bauherrschaft - Bewehrungstechnik\",\"isPartOf\":{\"@id\":\"https:\\\/\\\/bewehrungstechnik.ch\\\/de-de\\\/#website\"},\"primaryImageOfPage\":{\"@id\":\"https:\\\/\\\/bewehrungstechnik.ch\\\/de-de\\\/magex-aus-sicht-der-bauherrschaft\\\/#primaryimage\"},\"image\":{\"@id\":\"https:\\\/\\\/bewehrungstechnik.ch\\\/de-de\\\/magex-aus-sicht-der-bauherrschaft\\\/#primaryimage\"},\"thumbnailUrl\":\"https:\\\/\\\/bewehrungstechnik.ch\\\/wp-content\\\/uploads\\\/entmagnetisierter-bewehrungsstahl-magex-6-768x1024.jpg\",\"datePublished\":\"2025-03-10T10:36:31+00:00\",\"dateModified\":\"2025-03-10T10:36:37+00:00\",\"breadcrumb\":{\"@id\":\"https:\\\/\\\/bewehrungstechnik.ch\\\/de-de\\\/magex-aus-sicht-der-bauherrschaft\\\/#breadcrumb\"},\"inLanguage\":\"de\",\"potentialAction\":[{\"@type\":\"ReadAction\",\"target\":[\"https:\\\/\\\/bewehrungstechnik.ch\\\/de-de\\\/magex-aus-sicht-der-bauherrschaft\\\/\"]}]},{\"@type\":\"ImageObject\",\"inLanguage\":\"de\",\"@id\":\"https:\\\/\\\/bewehrungstechnik.ch\\\/de-de\\\/magex-aus-sicht-der-bauherrschaft\\\/#primaryimage\",\"url\":\"https:\\\/\\\/bewehrungstechnik.ch\\\/wp-content\\\/uploads\\\/entmagnetisierter-bewehrungsstahl-magex-6-768x1024.jpg\",\"contentUrl\":\"https:\\\/\\\/bewehrungstechnik.ch\\\/wp-content\\\/uploads\\\/entmagnetisierter-bewehrungsstahl-magex-6-768x1024.jpg\"},{\"@type\":\"BreadcrumbList\",\"@id\":\"https:\\\/\\\/bewehrungstechnik.ch\\\/de-de\\\/magex-aus-sicht-der-bauherrschaft\\\/#breadcrumb\",\"itemListElement\":[{\"@type\":\"ListItem\",\"position\":1,\"name\":\"Home\",\"item\":\"https:\\\/\\\/bewehrungstechnik.ch\\\/de-de\\\/\"},{\"@type\":\"ListItem\",\"position\":2,\"name\":\"MAGEX\u00ae aus Sicht der Bauherrschaft\"}]},{\"@type\":\"WebSite\",\"@id\":\"https:\\\/\\\/bewehrungstechnik.ch\\\/de-de\\\/#website\",\"url\":\"https:\\\/\\\/bewehrungstechnik.ch\\\/de-de\\\/\",\"name\":\"Bewehrungstechnik\",\"description\":\"Just another WordPress site\",\"publisher\":{\"@id\":\"https:\\\/\\\/bewehrungstechnik.ch\\\/de-de\\\/#organization\"},\"potentialAction\":[{\"@type\":\"SearchAction\",\"target\":{\"@type\":\"EntryPoint\",\"urlTemplate\":\"https:\\\/\\\/bewehrungstechnik.ch\\\/de-de\\\/?s={search_term_string}\"},\"query-input\":{\"@type\":\"PropertyValueSpecification\",\"valueRequired\":true,\"valueName\":\"search_term_string\"}}],\"inLanguage\":\"de\"},{\"@type\":\"Organization\",\"@id\":\"https:\\\/\\\/bewehrungstechnik.ch\\\/de-de\\\/#organization\",\"name\":\"Bewehrungstechnik\",\"url\":\"https:\\\/\\\/bewehrungstechnik.ch\\\/de-de\\\/\",\"logo\":{\"@type\":\"ImageObject\",\"inLanguage\":\"de\",\"@id\":\"https:\\\/\\\/bewehrungstechnik.ch\\\/de-de\\\/#\\\/schema\\\/logo\\\/image\\\/\",\"url\":\"https:\\\/\\\/bewehrungstechnik.ch\\\/wp-content\\\/uploads\\\/2021\\\/03\\\/logo.svg\",\"contentUrl\":\"https:\\\/\\\/bewehrungstechnik.ch\\\/wp-content\\\/uploads\\\/2021\\\/03\\\/logo.svg\",\"width\":436,\"height\":436,\"caption\":\"Bewehrungstechnik\"},\"image\":{\"@id\":\"https:\\\/\\\/bewehrungstechnik.ch\\\/de-de\\\/#\\\/schema\\\/logo\\\/image\\\/\"}}]}<\/script>\n<!-- \/ Yoast SEO plugin. -->","yoast_head_json":{"title":"MAGEX\u00ae aus Sicht der Bauherrschaft - Bewehrungstechnik","robots":{"index":"index","follow":"follow","max-snippet":"max-snippet:-1","max-image-preview":"max-image-preview:large","max-video-preview":"max-video-preview:-1"},"canonical":"https:\/\/bewehrungstechnik.ch\/de-de\/magex-aus-sicht-der-bauherrschaft\/","og_locale":"de_DE","og_type":"article","og_title":"MAGEX\u00ae aus Sicht der Bauherrschaft - Bewehrungstechnik","og_description":"Interview mit Erika Roos Gesch\u00e4ftsf\u00fchrerin Stiftung Viscosuisse Weshalb hat die Stiftung Viscosuisse beim Mehrfamilienhaus in Emmen entmagnetisierten Bewehrungsstahl MAGEX\u00ae&nbsp;verbaut? Ich bin davon \u00fcberzeugt, dass sich ein gest\u00f6rtes Erdmagnetfeld negativ auf die Gesundheit von uns Menschen auswirkt. Konventioneller Bewehrungsstahl kann magnetisiert sein und deshalb das nat\u00fcrliche Erdmagnetfeld nachweislich verzerren. Einmal verbaut, vermag er deshalb die Gesundheit [&hellip;]","og_url":"https:\/\/bewehrungstechnik.ch\/de-de\/magex-aus-sicht-der-bauherrschaft\/","og_site_name":"Bewehrungstechnik","article_modified_time":"2025-03-10T10:36:37+00:00","og_image":[{"width":1920,"height":2560,"url":"https:\/\/bewehrungstechnik.ch\/wp-content\/uploads\/entmagnetisierter-bewehrungsstahl-magex-6-scaled.jpg","type":"image\/jpeg"}],"twitter_card":"summary_large_image","schema":{"@context":"https:\/\/schema.org","@graph":[{"@type":"WebPage","@id":"https:\/\/bewehrungstechnik.ch\/de-de\/magex-aus-sicht-der-bauherrschaft\/","url":"https:\/\/bewehrungstechnik.ch\/de-de\/magex-aus-sicht-der-bauherrschaft\/","name":"MAGEX\u00ae aus Sicht der Bauherrschaft - Bewehrungstechnik","isPartOf":{"@id":"https:\/\/bewehrungstechnik.ch\/de-de\/#website"},"primaryImageOfPage":{"@id":"https:\/\/bewehrungstechnik.ch\/de-de\/magex-aus-sicht-der-bauherrschaft\/#primaryimage"},"image":{"@id":"https:\/\/bewehrungstechnik.ch\/de-de\/magex-aus-sicht-der-bauherrschaft\/#primaryimage"},"thumbnailUrl":"https:\/\/bewehrungstechnik.ch\/wp-content\/uploads\/entmagnetisierter-bewehrungsstahl-magex-6-768x1024.jpg","datePublished":"2025-03-10T10:36:31+00:00","dateModified":"2025-03-10T10:36:37+00:00","breadcrumb":{"@id":"https:\/\/bewehrungstechnik.ch\/de-de\/magex-aus-sicht-der-bauherrschaft\/#breadcrumb"},"inLanguage":"de","potentialAction":[{"@type":"ReadAction","target":["https:\/\/bewehrungstechnik.ch\/de-de\/magex-aus-sicht-der-bauherrschaft\/"]}]},{"@type":"ImageObject","inLanguage":"de","@id":"https:\/\/bewehrungstechnik.ch\/de-de\/magex-aus-sicht-der-bauherrschaft\/#primaryimage","url":"https:\/\/bewehrungstechnik.ch\/wp-content\/uploads\/entmagnetisierter-bewehrungsstahl-magex-6-768x1024.jpg","contentUrl":"https:\/\/bewehrungstechnik.ch\/wp-content\/uploads\/entmagnetisierter-bewehrungsstahl-magex-6-768x1024.jpg"},{"@type":"BreadcrumbList","@id":"https:\/\/bewehrungstechnik.ch\/de-de\/magex-aus-sicht-der-bauherrschaft\/#breadcrumb","itemListElement":[{"@type":"ListItem","position":1,"name":"Home","item":"https:\/\/bewehrungstechnik.ch\/de-de\/"},{"@type":"ListItem","position":2,"name":"MAGEX\u00ae aus Sicht der Bauherrschaft"}]},{"@type":"WebSite","@id":"https:\/\/bewehrungstechnik.ch\/de-de\/#website","url":"https:\/\/bewehrungstechnik.ch\/de-de\/","name":"Bewehrungstechnik","description":"Just another WordPress site","publisher":{"@id":"https:\/\/bewehrungstechnik.ch\/de-de\/#organization"},"potentialAction":[{"@type":"SearchAction","target":{"@type":"EntryPoint","urlTemplate":"https:\/\/bewehrungstechnik.ch\/de-de\/?s={search_term_string}"},"query-input":{"@type":"PropertyValueSpecification","valueRequired":true,"valueName":"search_term_string"}}],"inLanguage":"de"},{"@type":"Organization","@id":"https:\/\/bewehrungstechnik.ch\/de-de\/#organization","name":"Bewehrungstechnik","url":"https:\/\/bewehrungstechnik.ch\/de-de\/","logo":{"@type":"ImageObject","inLanguage":"de","@id":"https:\/\/bewehrungstechnik.ch\/de-de\/#\/schema\/logo\/image\/","url":"https:\/\/bewehrungstechnik.ch\/wp-content\/uploads\/2021\/03\/logo.svg","contentUrl":"https:\/\/bewehrungstechnik.ch\/wp-content\/uploads\/2021\/03\/logo.svg","width":436,"height":436,"caption":"Bewehrungstechnik"},"image":{"@id":"https:\/\/bewehrungstechnik.ch\/de-de\/#\/schema\/logo\/image\/"}}]}},"_links":{"self":[{"href":"https:\/\/bewehrungstechnik.ch\/de-de\/wp-json\/wp\/v2\/pages\/9598","targetHints":{"allow":["GET"]}}],"collection":[{"href":"https:\/\/bewehrungstechnik.ch\/de-de\/wp-json\/wp\/v2\/pages"}],"about":[{"href":"https:\/\/bewehrungstechnik.ch\/de-de\/wp-json\/wp\/v2\/types\/page"}],"author":[{"embeddable":true,"href":"https:\/\/bewehrungstechnik.ch\/de-de\/wp-json\/wp\/v2\/users\/9"}],"replies":[{"embeddable":true,"href":"https:\/\/bewehrungstechnik.ch\/de-de\/wp-json\/wp\/v2\/comments?post=9598"}],"version-history":[{"count":1,"href":"https:\/\/bewehrungstechnik.ch\/de-de\/wp-json\/wp\/v2\/pages\/9598\/revisions"}],"predecessor-version":[{"id":9605,"href":"https:\/\/bewehrungstechnik.ch\/de-de\/wp-json\/wp\/v2\/pages\/9598\/revisions\/9605"}],"wp:attachment":[{"href":"https:\/\/bewehrungstechnik.ch\/de-de\/wp-json\/wp\/v2\/media?parent=9598"}],"curies":[{"name":"wp","href":"https:\/\/api.w.org\/{rel}","templated":true}]}}