{"id":9611,"date":"2025-03-10T10:37:42","date_gmt":"2025-03-10T10:37:42","guid":{"rendered":"https:\/\/bewehrungstechnik.ch\/?page_id=9611"},"modified":"2025-03-10T10:37:44","modified_gmt":"2025-03-10T10:37:44","slug":"magex-aus-sicht-des-bauherrenberaters","status":"publish","type":"page","link":"https:\/\/bewehrungstechnik.ch\/de-de\/magex-aus-sicht-des-bauherrenberaters\/","title":{"rendered":"MAGEX\u00ae aus Sicht des Bauherrenberaters"},"content":{"rendered":"\n      <p id=\"block_f9bd42f10e3fe35dde182ebc1381ec64\" class=\"c-title mt-0 mb-6 lg:mb-17 alignwidetext-left l-block\"  >\n  \n  MAGEX\u00ae aus Sicht des Bauherrenberaters<\/p>\n\n\n<div class=\"wp-block-columns is-layout-flex wp-container-core-columns-is-layout-9d6595d7 wp-block-columns-is-layout-flex\">\n<div class=\"wp-block-column is-layout-flow wp-block-column-is-layout-flow\">\n<h3 class=\"wp-block-heading\"><strong>Interview mit Philipp Zurfluh<\/strong><\/h3>\n\n\n\n<p><strong>Bauherrenberater f\u00fcr Grossprojekte<\/strong><\/p>\n\n\n\n<p>Philipp Zurfluh ist Eidg. Dipl. Baumeister SBV, Dipl. Betriebswirtschafter NDS und war von 1999 bis 2020 Baueinheitsleiter Zentralschweiz bei der Implenia AG. Das Schweizer Immobilien- und Baudienstleistungsunternehmen ist in der Entwicklung sowie im Hoch- und Tiefbau in der Schweiz und in Deutschland t\u00e4tig. Von 2020 bis 2023 leitete er die Kalbermatter AG in Wassen UR. Die Firma f\u00fcr Hoch- und Tiefbau sowie Strassenbauarbeiten ist in der Zentralschweiz aktiv. Seit Oktober 2023 ist Philipp Zurfluh selbstst\u00e4ndig und f\u00fchrt Bauherrenberatungen (BHU\/BHB) f\u00fcr Grossprojekte aus.<\/p>\n\n\n\n<p><strong>Sie standen Erika Roos&nbsp; beim Objekt MFH Tannstrasse 3 in Emmen als Baufachmann beratend zur Verf\u00fcgung. Woher r\u00fchrt Ihr Interesse an gesundem Bauen und Wohnen?<\/strong><\/p>\n\n\n\n<p>Bau\u00f6kologie ist allgemein ein wichtiges Thema geworden. Sowohl Eigent\u00fcmerinnen und Eigent\u00fcmer als auch Mieterinnen und Mieter legen zunehmend Wert auf ein gesundes Raumklima. Ich bef\u00fcrworte den Einsatz von entmagnetisiertem Bewehrungsstahl MAGEX<sup>\u00ae<\/sup> und bei Sanierungen eine nachtr\u00e4gliche Entmagnetisierung in den Schlafbereichen. Bei einem Zehn-Parteien-Mehrfamilienhaus in Fl\u00fcelen und einem Hotel in Andermatt haben wir diese Methode erfolgreich angewandt.<\/p>\n\n\n\n<p><strong>Haben Sie pers\u00f6nliche Erfahrungen mit gest\u00f6rten Erdmagnetfeldern gemacht?<\/strong><\/p>\n\n\n\n<p>Die Menschen reagieren sehr unterschiedlich auf gest\u00f6rte Erdmagnetfelder oder auch elektrische Strahlung. W\u00e4hrend die einen keine negativen Auswirkungen wahrnehmen, zeigen sich bei anderen gesundheitliche Beeintr\u00e4chtigungen und Krankheiten. Die Bandbreite reicht von Nervosit\u00e4t, Konzentrationsschw\u00e4che, Ersch\u00f6pfung bis zu Gelenkschmerzen und dar\u00fcber hinaus. Pers\u00f6nlich habe ich bemerkt, dass ich morgens nicht wirklich ausgeruht bin. Bei unserer Tochter beobachtete ich, dass sie sich im Babybett eine ganz besondere Stelle aussuchte und den anderen Teil des Bettes strikt mied. Es schien, als ob sie vor etwas ausweichen w\u00fcrde. Sie war damals oft quengelig und weinerlich. Daraufhin habe ich nachts alle elektrischen Ger\u00e4te und das WLAN ausgeschaltet. Aber erst die Entmagnetisierung hat Erleichterung gebracht.<\/p>\n\n\n\n<p><strong>Was hat sich nach der Entmagnetisierung ver\u00e4ndert?<\/strong><\/p>\n\n\n\n<p>Ich schlafe gut und f\u00fchle mich fit. Unsere Tochter war nach den Massnahmen ausgeglichener, ausgeruhter und zufriedener. Wir haben eine deutliche Ver\u00e4nderung erlebt. In Bezug auf meine Gesundheit sind ein stabiles Erdmagnetfeld und die Eind\u00e4mmung oder die Vermeidung elektrischer Strahlung weder Glaubenssache noch Hokuspokus, sondern Fakt.<\/p>\n\n\n\n<p><strong>Was raten Sie Betroffenen?<\/strong><\/p>\n\n\n\n<p>Es gibt viele m\u00f6gliche Gr\u00fcnde, warum man sich nicht wohlf\u00fchlt. Vielleicht ist ein gest\u00f6rtes Erdmagnetfeld die Ursache. St\u00f6rende Magnetfelder und elektrische Strahlung sind nachweisbar und auch genau messbar. Es gibt spezialisierte Unternehmen, die beigezogen werden k\u00f6nnen f\u00fcr Messungen und nachtr\u00e4gliche Entmagnetisierungen.<\/p>\n\n\n\n<p><strong>Was sollten Architekten und Bauherrschaften unbedingt \u00fcber gesundheitsf\u00f6rdernde und schadstoffarme Innenr\u00e4ume erfahren?<\/strong><\/p>\n\n\n\n<p>Ich erwarte von Baufachleuten, dass sie sich mit Bau\u00f6kologie auseinandersetzen. Das verlangt der Zeitgeist und ist nicht nur ein Trend. Aus meiner Erfahrung legt die Bauherrschaft entweder grossen Wert auf die Bau\u00f6kologie oder aber weniger. Es liegt in ihrer pers\u00f6nlichen \u00dcberzeugung sowie auch in jener der beratenden Fachperson, wie tief beide auf das Thema eingehen wollen. Die Diskussion ist dieselbe wie beispielsweise \u00fcber Feng-Shui, der daoistischen Harmonielehre aus China, die weltweit verbreitet ist. Nicht zuletzt entscheiden die finanziellen M\u00f6glichkeiten, ob bei einem Neubau entmagnetisierter Bewehrungsstahl MAGEX<sup>\u00ae<\/sup> eingesetzt wird.<\/p>\n<\/div>\n\n\n\n<div class=\"wp-block-column is-layout-flow wp-block-column-is-layout-flow\">\n<figure class=\"wp-block-image size-large\"><img loading=\"lazy\" decoding=\"async\" width=\"768\" height=\"1024\" src=\"https:\/\/bewehrungstechnik.ch\/wp-content\/uploads\/MAGEX-Herr-Zurfluh-768x1024.jpg\" alt=\"\" class=\"wp-image-7975\" srcset=\"https:\/\/bewehrungstechnik.ch\/wp-content\/uploads\/MAGEX-Herr-Zurfluh-768x1024.jpg 768w, https:\/\/bewehrungstechnik.ch\/wp-content\/uploads\/MAGEX-Herr-Zurfluh-225x300.jpg 225w, https:\/\/bewehrungstechnik.ch\/wp-content\/uploads\/MAGEX-Herr-Zurfluh-1152x1536.jpg 1152w, https:\/\/bewehrungstechnik.ch\/wp-content\/uploads\/MAGEX-Herr-Zurfluh-1536x2048.jpg 1536w, https:\/\/bewehrungstechnik.ch\/wp-content\/uploads\/MAGEX-Herr-Zurfluh-436x581.jpg 436w, https:\/\/bewehrungstechnik.ch\/wp-content\/uploads\/MAGEX-Herr-Zurfluh-550x733.jpg 550w, https:\/\/bewehrungstechnik.ch\/wp-content\/uploads\/MAGEX-Herr-Zurfluh-scaled.jpg 1920w\" sizes=\"auto, (max-width: 768px) 100vw, 768px\" \/><figcaption class=\"wp-element-caption\">Philipp Zurfluh, Bauherrenberater f\u00fcr Grossprojekte<\/figcaption><\/figure>\n<\/div>\n<\/div>\n\n\n\n      <div id=\"block_5316885b5818ab91fa0b72be7a5217c6\" class=\"default-block-spacing text-center  l-block\"  >\n  \n  \n<!-- Rendering \"one\" mode -->\n                  <a href=\"https:\/\/bewehrungstechnik.ch\/blog\/gesund-wohnen-in-einem-stabilen-erdmagnetfeld\/\" class=\"c-btn c-btn-- mx-2\">\n        Zur\u00fcck zum Beitrag      <\/a>\n      \n<\/div>","protected":false},"excerpt":{"rendered":"<p>Interview mit Philipp Zurfluh Bauherrenberater f\u00fcr Grossprojekte Philipp Zurfluh ist Eidg. Dipl. Baumeister SBV, Dipl. Betriebswirtschafter NDS und war von 1999 bis 2020 Baueinheitsleiter Zentralschweiz bei der Implenia AG. Das Schweizer Immobilien- und Baudienstleistungsunternehmen ist in der Entwicklung sowie im Hoch- und Tiefbau in der Schweiz und in Deutschland t\u00e4tig. Von 2020 bis 2023 leitete [&hellip;]<\/p>\n","protected":false},"author":9,"featured_media":0,"parent":0,"menu_order":0,"comment_status":"closed","ping_status":"closed","template":"","meta":{"_acf_changed":false,"footnotes":""},"class_list":["post-9611","page","type-page","status-publish",""],"acf":[],"yoast_head":"<!-- This site is optimized with the Yoast SEO plugin v27.3 - https:\/\/yoast.com\/product\/yoast-seo-wordpress\/ -->\n<title>MAGEX\u00ae aus Sicht des Bauherrenberaters - Bewehrungstechnik<\/title>\n<meta name=\"robots\" content=\"index, follow, max-snippet:-1, max-image-preview:large, max-video-preview:-1\" \/>\n<link rel=\"canonical\" href=\"https:\/\/bewehrungstechnik.ch\/de-de\/magex-aus-sicht-des-bauherrenberaters\/\" \/>\n<meta property=\"og:locale\" content=\"de_DE\" \/>\n<meta property=\"og:type\" content=\"article\" \/>\n<meta property=\"og:title\" content=\"MAGEX\u00ae aus Sicht des Bauherrenberaters - Bewehrungstechnik\" \/>\n<meta property=\"og:description\" content=\"Interview mit Philipp Zurfluh Bauherrenberater f\u00fcr Grossprojekte Philipp Zurfluh ist Eidg. Dipl. Baumeister SBV, Dipl. Betriebswirtschafter NDS und war von 1999 bis 2020 Baueinheitsleiter Zentralschweiz bei der Implenia AG. Das Schweizer Immobilien- und Baudienstleistungsunternehmen ist in der Entwicklung sowie im Hoch- und Tiefbau in der Schweiz und in Deutschland t\u00e4tig. Von 2020 bis 2023 leitete [&hellip;]\" \/>\n<meta property=\"og:url\" content=\"https:\/\/bewehrungstechnik.ch\/de-de\/magex-aus-sicht-des-bauherrenberaters\/\" \/>\n<meta property=\"og:site_name\" content=\"Bewehrungstechnik\" \/>\n<meta property=\"article:modified_time\" content=\"2025-03-10T10:37:44+00:00\" \/>\n<meta property=\"og:image\" content=\"https:\/\/bewehrungstechnik.ch\/wp-content\/uploads\/MAGEX-Herr-Zurfluh-scaled.jpg\" \/>\n\t<meta property=\"og:image:width\" content=\"1920\" \/>\n\t<meta property=\"og:image:height\" content=\"2560\" \/>\n\t<meta property=\"og:image:type\" content=\"image\/jpeg\" \/>\n<meta name=\"twitter:card\" content=\"summary_large_image\" \/>\n<script type=\"application\/ld+json\" class=\"yoast-schema-graph\">{\"@context\":\"https:\\\/\\\/schema.org\",\"@graph\":[{\"@type\":\"WebPage\",\"@id\":\"https:\\\/\\\/bewehrungstechnik.ch\\\/de-de\\\/magex-aus-sicht-des-bauherrenberaters\\\/\",\"url\":\"https:\\\/\\\/bewehrungstechnik.ch\\\/de-de\\\/magex-aus-sicht-des-bauherrenberaters\\\/\",\"name\":\"MAGEX\u00ae aus Sicht des Bauherrenberaters - Bewehrungstechnik\",\"isPartOf\":{\"@id\":\"https:\\\/\\\/bewehrungstechnik.ch\\\/de-de\\\/#website\"},\"primaryImageOfPage\":{\"@id\":\"https:\\\/\\\/bewehrungstechnik.ch\\\/de-de\\\/magex-aus-sicht-des-bauherrenberaters\\\/#primaryimage\"},\"image\":{\"@id\":\"https:\\\/\\\/bewehrungstechnik.ch\\\/de-de\\\/magex-aus-sicht-des-bauherrenberaters\\\/#primaryimage\"},\"thumbnailUrl\":\"https:\\\/\\\/bewehrungstechnik.ch\\\/wp-content\\\/uploads\\\/MAGEX-Herr-Zurfluh-768x1024.jpg\",\"datePublished\":\"2025-03-10T10:37:42+00:00\",\"dateModified\":\"2025-03-10T10:37:44+00:00\",\"breadcrumb\":{\"@id\":\"https:\\\/\\\/bewehrungstechnik.ch\\\/de-de\\\/magex-aus-sicht-des-bauherrenberaters\\\/#breadcrumb\"},\"inLanguage\":\"de\",\"potentialAction\":[{\"@type\":\"ReadAction\",\"target\":[\"https:\\\/\\\/bewehrungstechnik.ch\\\/de-de\\\/magex-aus-sicht-des-bauherrenberaters\\\/\"]}]},{\"@type\":\"ImageObject\",\"inLanguage\":\"de\",\"@id\":\"https:\\\/\\\/bewehrungstechnik.ch\\\/de-de\\\/magex-aus-sicht-des-bauherrenberaters\\\/#primaryimage\",\"url\":\"https:\\\/\\\/bewehrungstechnik.ch\\\/wp-content\\\/uploads\\\/MAGEX-Herr-Zurfluh-768x1024.jpg\",\"contentUrl\":\"https:\\\/\\\/bewehrungstechnik.ch\\\/wp-content\\\/uploads\\\/MAGEX-Herr-Zurfluh-768x1024.jpg\"},{\"@type\":\"BreadcrumbList\",\"@id\":\"https:\\\/\\\/bewehrungstechnik.ch\\\/de-de\\\/magex-aus-sicht-des-bauherrenberaters\\\/#breadcrumb\",\"itemListElement\":[{\"@type\":\"ListItem\",\"position\":1,\"name\":\"Home\",\"item\":\"https:\\\/\\\/bewehrungstechnik.ch\\\/de-de\\\/\"},{\"@type\":\"ListItem\",\"position\":2,\"name\":\"MAGEX\u00ae aus Sicht des Bauherrenberaters\"}]},{\"@type\":\"WebSite\",\"@id\":\"https:\\\/\\\/bewehrungstechnik.ch\\\/de-de\\\/#website\",\"url\":\"https:\\\/\\\/bewehrungstechnik.ch\\\/de-de\\\/\",\"name\":\"Bewehrungstechnik\",\"description\":\"Just another WordPress site\",\"publisher\":{\"@id\":\"https:\\\/\\\/bewehrungstechnik.ch\\\/de-de\\\/#organization\"},\"potentialAction\":[{\"@type\":\"SearchAction\",\"target\":{\"@type\":\"EntryPoint\",\"urlTemplate\":\"https:\\\/\\\/bewehrungstechnik.ch\\\/de-de\\\/?s={search_term_string}\"},\"query-input\":{\"@type\":\"PropertyValueSpecification\",\"valueRequired\":true,\"valueName\":\"search_term_string\"}}],\"inLanguage\":\"de\"},{\"@type\":\"Organization\",\"@id\":\"https:\\\/\\\/bewehrungstechnik.ch\\\/de-de\\\/#organization\",\"name\":\"Bewehrungstechnik\",\"url\":\"https:\\\/\\\/bewehrungstechnik.ch\\\/de-de\\\/\",\"logo\":{\"@type\":\"ImageObject\",\"inLanguage\":\"de\",\"@id\":\"https:\\\/\\\/bewehrungstechnik.ch\\\/de-de\\\/#\\\/schema\\\/logo\\\/image\\\/\",\"url\":\"https:\\\/\\\/bewehrungstechnik.ch\\\/wp-content\\\/uploads\\\/2021\\\/03\\\/logo.svg\",\"contentUrl\":\"https:\\\/\\\/bewehrungstechnik.ch\\\/wp-content\\\/uploads\\\/2021\\\/03\\\/logo.svg\",\"width\":436,\"height\":436,\"caption\":\"Bewehrungstechnik\"},\"image\":{\"@id\":\"https:\\\/\\\/bewehrungstechnik.ch\\\/de-de\\\/#\\\/schema\\\/logo\\\/image\\\/\"}}]}<\/script>\n<!-- \/ Yoast SEO plugin. -->","yoast_head_json":{"title":"MAGEX\u00ae aus Sicht des Bauherrenberaters - Bewehrungstechnik","robots":{"index":"index","follow":"follow","max-snippet":"max-snippet:-1","max-image-preview":"max-image-preview:large","max-video-preview":"max-video-preview:-1"},"canonical":"https:\/\/bewehrungstechnik.ch\/de-de\/magex-aus-sicht-des-bauherrenberaters\/","og_locale":"de_DE","og_type":"article","og_title":"MAGEX\u00ae aus Sicht des Bauherrenberaters - Bewehrungstechnik","og_description":"Interview mit Philipp Zurfluh Bauherrenberater f\u00fcr Grossprojekte Philipp Zurfluh ist Eidg. Dipl. Baumeister SBV, Dipl. Betriebswirtschafter NDS und war von 1999 bis 2020 Baueinheitsleiter Zentralschweiz bei der Implenia AG. Das Schweizer Immobilien- und Baudienstleistungsunternehmen ist in der Entwicklung sowie im Hoch- und Tiefbau in der Schweiz und in Deutschland t\u00e4tig. Von 2020 bis 2023 leitete [&hellip;]","og_url":"https:\/\/bewehrungstechnik.ch\/de-de\/magex-aus-sicht-des-bauherrenberaters\/","og_site_name":"Bewehrungstechnik","article_modified_time":"2025-03-10T10:37:44+00:00","og_image":[{"width":1920,"height":2560,"url":"https:\/\/bewehrungstechnik.ch\/wp-content\/uploads\/MAGEX-Herr-Zurfluh-scaled.jpg","type":"image\/jpeg"}],"twitter_card":"summary_large_image","schema":{"@context":"https:\/\/schema.org","@graph":[{"@type":"WebPage","@id":"https:\/\/bewehrungstechnik.ch\/de-de\/magex-aus-sicht-des-bauherrenberaters\/","url":"https:\/\/bewehrungstechnik.ch\/de-de\/magex-aus-sicht-des-bauherrenberaters\/","name":"MAGEX\u00ae aus Sicht des Bauherrenberaters - Bewehrungstechnik","isPartOf":{"@id":"https:\/\/bewehrungstechnik.ch\/de-de\/#website"},"primaryImageOfPage":{"@id":"https:\/\/bewehrungstechnik.ch\/de-de\/magex-aus-sicht-des-bauherrenberaters\/#primaryimage"},"image":{"@id":"https:\/\/bewehrungstechnik.ch\/de-de\/magex-aus-sicht-des-bauherrenberaters\/#primaryimage"},"thumbnailUrl":"https:\/\/bewehrungstechnik.ch\/wp-content\/uploads\/MAGEX-Herr-Zurfluh-768x1024.jpg","datePublished":"2025-03-10T10:37:42+00:00","dateModified":"2025-03-10T10:37:44+00:00","breadcrumb":{"@id":"https:\/\/bewehrungstechnik.ch\/de-de\/magex-aus-sicht-des-bauherrenberaters\/#breadcrumb"},"inLanguage":"de","potentialAction":[{"@type":"ReadAction","target":["https:\/\/bewehrungstechnik.ch\/de-de\/magex-aus-sicht-des-bauherrenberaters\/"]}]},{"@type":"ImageObject","inLanguage":"de","@id":"https:\/\/bewehrungstechnik.ch\/de-de\/magex-aus-sicht-des-bauherrenberaters\/#primaryimage","url":"https:\/\/bewehrungstechnik.ch\/wp-content\/uploads\/MAGEX-Herr-Zurfluh-768x1024.jpg","contentUrl":"https:\/\/bewehrungstechnik.ch\/wp-content\/uploads\/MAGEX-Herr-Zurfluh-768x1024.jpg"},{"@type":"BreadcrumbList","@id":"https:\/\/bewehrungstechnik.ch\/de-de\/magex-aus-sicht-des-bauherrenberaters\/#breadcrumb","itemListElement":[{"@type":"ListItem","position":1,"name":"Home","item":"https:\/\/bewehrungstechnik.ch\/de-de\/"},{"@type":"ListItem","position":2,"name":"MAGEX\u00ae aus Sicht des Bauherrenberaters"}]},{"@type":"WebSite","@id":"https:\/\/bewehrungstechnik.ch\/de-de\/#website","url":"https:\/\/bewehrungstechnik.ch\/de-de\/","name":"Bewehrungstechnik","description":"Just another WordPress site","publisher":{"@id":"https:\/\/bewehrungstechnik.ch\/de-de\/#organization"},"potentialAction":[{"@type":"SearchAction","target":{"@type":"EntryPoint","urlTemplate":"https:\/\/bewehrungstechnik.ch\/de-de\/?s={search_term_string}"},"query-input":{"@type":"PropertyValueSpecification","valueRequired":true,"valueName":"search_term_string"}}],"inLanguage":"de"},{"@type":"Organization","@id":"https:\/\/bewehrungstechnik.ch\/de-de\/#organization","name":"Bewehrungstechnik","url":"https:\/\/bewehrungstechnik.ch\/de-de\/","logo":{"@type":"ImageObject","inLanguage":"de","@id":"https:\/\/bewehrungstechnik.ch\/de-de\/#\/schema\/logo\/image\/","url":"https:\/\/bewehrungstechnik.ch\/wp-content\/uploads\/2021\/03\/logo.svg","contentUrl":"https:\/\/bewehrungstechnik.ch\/wp-content\/uploads\/2021\/03\/logo.svg","width":436,"height":436,"caption":"Bewehrungstechnik"},"image":{"@id":"https:\/\/bewehrungstechnik.ch\/de-de\/#\/schema\/logo\/image\/"}}]}},"_links":{"self":[{"href":"https:\/\/bewehrungstechnik.ch\/de-de\/wp-json\/wp\/v2\/pages\/9611","targetHints":{"allow":["GET"]}}],"collection":[{"href":"https:\/\/bewehrungstechnik.ch\/de-de\/wp-json\/wp\/v2\/pages"}],"about":[{"href":"https:\/\/bewehrungstechnik.ch\/de-de\/wp-json\/wp\/v2\/types\/page"}],"author":[{"embeddable":true,"href":"https:\/\/bewehrungstechnik.ch\/de-de\/wp-json\/wp\/v2\/users\/9"}],"replies":[{"embeddable":true,"href":"https:\/\/bewehrungstechnik.ch\/de-de\/wp-json\/wp\/v2\/comments?post=9611"}],"version-history":[{"count":1,"href":"https:\/\/bewehrungstechnik.ch\/de-de\/wp-json\/wp\/v2\/pages\/9611\/revisions"}],"predecessor-version":[{"id":9619,"href":"https:\/\/bewehrungstechnik.ch\/de-de\/wp-json\/wp\/v2\/pages\/9611\/revisions\/9619"}],"wp:attachment":[{"href":"https:\/\/bewehrungstechnik.ch\/de-de\/wp-json\/wp\/v2\/media?parent=9611"}],"curies":[{"name":"wp","href":"https:\/\/api.w.org\/{rel}","templated":true}]}}