{"id":9615,"date":"2025-03-10T10:37:48","date_gmt":"2025-03-10T10:37:48","guid":{"rendered":"https:\/\/bewehrungstechnik.ch\/?page_id=9615"},"modified":"2025-03-10T10:37:52","modified_gmt":"2025-03-10T10:37:52","slug":"revit-bauteilkataloge","status":"publish","type":"page","link":"https:\/\/bewehrungstechnik.ch\/de-de\/revit-bauteilkataloge\/","title":{"rendered":"Revit &#8211; Bauteilkataloge"},"content":{"rendered":"\n      <p id=\"block_0d9735dc31864df752e0cea3f16fd03d\" class=\"c-title mt-0 mb-6 lg:mb-17 alignwidetext-left l-block\"  >\n  \n  Revit &#8211; Bauteilkataloge<\/p>\n\n\n      <div id=\"block_8dc20e4e7a807762527d9c3292083967\" class=\"deac-highlight-box mb-10 md:mb-19 lg:mb-28 alignwide l-block\"  >\n  \n  <div class=\"md:flow-root\">\n\t<div class=\"highlight-box-slider md:bg-faded-coils md:bg-cover md:mb-6 lg:mb-7 md:grid md:grid-cols-2 md:gap-6 lg:gap-16 xl:gap-24 md:min-h-136\">\n\t\t<div class=\"relative md:order-2 md:h-full  md:pr-6 lg:pr-9  md:py-10 lg:py-14 \">\n\t\t\t\t\t\t\t\t\t\t<div class=\"left-0 right-0 -mx-4 md:absolute  md:top-10 lg:top-14 md:h-full  border-b-6 md:border-0 border-primary h-72  sm:-mx-6 md:mx-0 overflow-hidden max-h-full\">\n\t\t\t\t\t<img loading=\"lazy\" decoding=\"async\" width=\"1024\" height=\"570\" src=\"https:\/\/bewehrungstechnik.ch\/wp-content\/uploads\/30-03-2023_15-38-34-1024x570.png\" class=\"block w-full h-full object-cover md:absolute\" alt=\"\" srcset=\"https:\/\/bewehrungstechnik.ch\/wp-content\/uploads\/30-03-2023_15-38-34-1024x570.png 1024w, https:\/\/bewehrungstechnik.ch\/wp-content\/uploads\/30-03-2023_15-38-34-300x167.png 300w, https:\/\/bewehrungstechnik.ch\/wp-content\/uploads\/30-03-2023_15-38-34-768x428.png 768w, https:\/\/bewehrungstechnik.ch\/wp-content\/uploads\/30-03-2023_15-38-34-1536x856.png 1536w, https:\/\/bewehrungstechnik.ch\/wp-content\/uploads\/30-03-2023_15-38-34-436x243.png 436w, https:\/\/bewehrungstechnik.ch\/wp-content\/uploads\/30-03-2023_15-38-34-550x306.png 550w, https:\/\/bewehrungstechnik.ch\/wp-content\/uploads\/30-03-2023_15-38-34.png 1734w\" sizes=\"auto, (max-width: 1024px) 100vw, 1024px\" \/>\t\t\t\t\t\t\t\t\t\t\t<a class=\"absolute inset-0 flex items-center justify-center transition-all duration-300 js-lightbox group hover:no-underline opacity-60 hover:opacity-100\" href=\"https:\/\/www.youtube.com\/watch?v=O7h83IKQpew\">\n\t\t\t\t\t\t\t<span class=\"flex items-center justify-center transition-colors w-21 lg:w-26 h-21 lg:h-26 bg-primary group-hover:bg-red-cardinal\">\n\t\t\t\t\t\t\t\t<i class=\"text-white c-icon c-icon--play text-35 lg:text-44\"><\/i>\n\t\t\t\t\t\t\t<\/span>\n\t\t\t\t\t\t<\/a>\n\t\t\t\t\t\t\t\t\t<\/div>\n\t\t\t\t\t\t\t\t<\/div>\n\t\t<div class=\"relative py-6 bg-white md:order-1 md:bg-transparent sm:py-7 md:py-10 lg:py-14 md:px-6 lg:px-9\">\n\t\t\t<div class=\"absolute bottom-0 md:hidden -inset-x-4 sm:-inset-x-6 top-15 bg-gradient-to-b from-white to-gray-light\"><\/div>\n\t\t\t\t\t\t\t\t\t\t<div class=\"relative text-18 lg:text-32 leading-tight font-bold lg:font-semibold text-black mb-3.5 lg:mb-6\">\n\t\t\t\t\tBewehrungstechnik-Familien f\u00fcr Revit \t\t\t\t<\/div>\n\t\t\t\t\t\t\t\t\t\t<div class=\"relative text-primary lg:text-18 font-bold leading-snug mb-4.5 lg:mb-6\">\n\t\t\t\t\tUm Ihnen einen besseren Workflow beim Planen mit unseren Einbauteilen zu bieten, entwickeln wir fortlaufend unsere Bewehrungstechnik f\u00fcr Revit.\t\t\t\t<\/div>\n\t\t\t\t\t\t\t\t\t\t<div class=\"relative text-black\">\n\t\t\t\t\t<p class=\"lg:mb-8\">Verf\u00fcgbare Produkte:<\/p>\n<ul class=\"font-bold\">\n<li class=\"leading-snug text-15 before:bottom-0\">ACINOXplus\u00ae &#8211; Kragplattenanschl\u00fcsse<\/li>\n<\/ul>\n<p class=\"lg:mb-8\">Die Produktfamilien finden Sie unten als zip-Ordner zum downloaden.<\/p>\n\t\t\t\t<\/div>\n\t\t\t\t\t\t\t\t\t\t\t<\/div>\n\t<\/div>\n<\/div><\/div>\n\n\n<h2 class=\"wp-block-heading\">Fr\u00fcherkennung von Kollisionskonflikten<\/h2>\n\n\n\n<p>Durch die detaillierten 3D-Bauteile k\u00f6nnen Kollisionen und Konflikte in der Bewehrungsf\u00fchrung rechtzeitig erkannt und vermieden werden.<\/p>\n\n\n\n<h2 class=\"wp-block-heading\">Einfaches \u00c4ndern aller Geometrie- und Material-Parameter<\/h2>\n\n\n\n<p>\u00c4nderungen zum Beispiel der Elementl\u00e4nge, D\u00e4mmh\u00f6he und D\u00e4mmst\u00e4rke sind schnell und einfach variierbar.<\/p>\n\n\n\n<h2 class=\"wp-block-heading\">Schnelle Listenerstellung<\/h2>\n\n\n\n<p>Bewehrungstechnik-Listen sind mit wenigen Maus-Klicks erstellt \u2013 \u00e4hnlich wie Eisen-Listen. Die erforderlichen St\u00fcckzahlen werden direkt aus dem Plan ermittelt.<\/p>\n\n\n\n<h2 class=\"wp-block-heading\">Downloads f\u00fcr verschiedene Revit Versionen <\/h2>\n\n\n\n<p>Im Downloadbereich finden Sie unsere Produktfamilien f\u00fcr die verschiedenen Versionen.<\/p>\n\n\n\n      <div id=\"block_2cdf882290f127b754e285aaa22d40ef\" class=\"deac-downloads mb-10 md:mb-19 lg:mb-28 alignwide l-block\"  >\n  \n  \n\t\t\t\t\t<h2 class=\"c-title mt-0 mb-6.5 md:mb-9 lg:mb-11\">Downloads<\/h2>\n\t\t<div class=\"mb-9 lg:mb-21\">\n\t\t\t\t\t<\/div>\n\t<\/div>","protected":false},"excerpt":{"rendered":"<p>Fr\u00fcherkennung von Kollisionskonflikten Durch die detaillierten 3D-Bauteile k\u00f6nnen Kollisionen und Konflikte in der Bewehrungsf\u00fchrung rechtzeitig erkannt und vermieden werden. Einfaches \u00c4ndern aller Geometrie- und Material-Parameter \u00c4nderungen zum Beispiel der Elementl\u00e4nge, D\u00e4mmh\u00f6he und D\u00e4mmst\u00e4rke sind schnell und einfach variierbar. Schnelle Listenerstellung Bewehrungstechnik-Listen sind mit wenigen Maus-Klicks erstellt \u2013 \u00e4hnlich wie Eisen-Listen. Die erforderlichen St\u00fcckzahlen werden direkt [&hellip;]<\/p>\n","protected":false},"author":9,"featured_media":0,"parent":0,"menu_order":0,"comment_status":"closed","ping_status":"closed","template":"","meta":{"_acf_changed":false,"footnotes":""},"class_list":["post-9615","page","type-page","status-publish",""],"acf":[],"yoast_head":"<!-- This site is optimized with the Yoast SEO plugin v27.3 - https:\/\/yoast.com\/product\/yoast-seo-wordpress\/ -->\n<title>Revit - Bauteilkataloge - Bewehrungstechnik<\/title>\n<meta name=\"robots\" content=\"index, follow, max-snippet:-1, max-image-preview:large, max-video-preview:-1\" \/>\n<link rel=\"canonical\" href=\"https:\/\/bewehrungstechnik.ch\/de-de\/revit-bauteilkataloge\/\" \/>\n<meta property=\"og:locale\" content=\"de_DE\" \/>\n<meta property=\"og:type\" content=\"article\" \/>\n<meta property=\"og:title\" content=\"Revit - Bauteilkataloge - Bewehrungstechnik\" \/>\n<meta property=\"og:description\" content=\"Fr\u00fcherkennung von Kollisionskonflikten Durch die detaillierten 3D-Bauteile k\u00f6nnen Kollisionen und Konflikte in der Bewehrungsf\u00fchrung rechtzeitig erkannt und vermieden werden. Einfaches \u00c4ndern aller Geometrie- und Material-Parameter \u00c4nderungen zum Beispiel der Elementl\u00e4nge, D\u00e4mmh\u00f6he und D\u00e4mmst\u00e4rke sind schnell und einfach variierbar. Schnelle Listenerstellung Bewehrungstechnik-Listen sind mit wenigen Maus-Klicks erstellt \u2013 \u00e4hnlich wie Eisen-Listen. Die erforderlichen St\u00fcckzahlen werden direkt [&hellip;]\" \/>\n<meta property=\"og:url\" content=\"https:\/\/bewehrungstechnik.ch\/de-de\/revit-bauteilkataloge\/\" \/>\n<meta property=\"og:site_name\" content=\"Bewehrungstechnik\" \/>\n<meta property=\"article:modified_time\" content=\"2025-03-10T10:37:52+00:00\" \/>\n<meta name=\"twitter:card\" content=\"summary_large_image\" \/>\n<script type=\"application\/ld+json\" class=\"yoast-schema-graph\">{\"@context\":\"https:\\\/\\\/schema.org\",\"@graph\":[{\"@type\":\"WebPage\",\"@id\":\"https:\\\/\\\/bewehrungstechnik.ch\\\/de-de\\\/revit-bauteilkataloge\\\/\",\"url\":\"https:\\\/\\\/bewehrungstechnik.ch\\\/de-de\\\/revit-bauteilkataloge\\\/\",\"name\":\"Revit - Bauteilkataloge - Bewehrungstechnik\",\"isPartOf\":{\"@id\":\"https:\\\/\\\/bewehrungstechnik.ch\\\/de-de\\\/#website\"},\"datePublished\":\"2025-03-10T10:37:48+00:00\",\"dateModified\":\"2025-03-10T10:37:52+00:00\",\"breadcrumb\":{\"@id\":\"https:\\\/\\\/bewehrungstechnik.ch\\\/de-de\\\/revit-bauteilkataloge\\\/#breadcrumb\"},\"inLanguage\":\"de\",\"potentialAction\":[{\"@type\":\"ReadAction\",\"target\":[\"https:\\\/\\\/bewehrungstechnik.ch\\\/de-de\\\/revit-bauteilkataloge\\\/\"]}]},{\"@type\":\"BreadcrumbList\",\"@id\":\"https:\\\/\\\/bewehrungstechnik.ch\\\/de-de\\\/revit-bauteilkataloge\\\/#breadcrumb\",\"itemListElement\":[{\"@type\":\"ListItem\",\"position\":1,\"name\":\"Home\",\"item\":\"https:\\\/\\\/bewehrungstechnik.ch\\\/de-de\\\/\"},{\"@type\":\"ListItem\",\"position\":2,\"name\":\"Revit &#8211; Bauteilkataloge\"}]},{\"@type\":\"WebSite\",\"@id\":\"https:\\\/\\\/bewehrungstechnik.ch\\\/de-de\\\/#website\",\"url\":\"https:\\\/\\\/bewehrungstechnik.ch\\\/de-de\\\/\",\"name\":\"Bewehrungstechnik\",\"description\":\"Just another WordPress site\",\"publisher\":{\"@id\":\"https:\\\/\\\/bewehrungstechnik.ch\\\/de-de\\\/#organization\"},\"potentialAction\":[{\"@type\":\"SearchAction\",\"target\":{\"@type\":\"EntryPoint\",\"urlTemplate\":\"https:\\\/\\\/bewehrungstechnik.ch\\\/de-de\\\/?s={search_term_string}\"},\"query-input\":{\"@type\":\"PropertyValueSpecification\",\"valueRequired\":true,\"valueName\":\"search_term_string\"}}],\"inLanguage\":\"de\"},{\"@type\":\"Organization\",\"@id\":\"https:\\\/\\\/bewehrungstechnik.ch\\\/de-de\\\/#organization\",\"name\":\"Bewehrungstechnik\",\"url\":\"https:\\\/\\\/bewehrungstechnik.ch\\\/de-de\\\/\",\"logo\":{\"@type\":\"ImageObject\",\"inLanguage\":\"de\",\"@id\":\"https:\\\/\\\/bewehrungstechnik.ch\\\/de-de\\\/#\\\/schema\\\/logo\\\/image\\\/\",\"url\":\"https:\\\/\\\/bewehrungstechnik.ch\\\/wp-content\\\/uploads\\\/2021\\\/03\\\/logo.svg\",\"contentUrl\":\"https:\\\/\\\/bewehrungstechnik.ch\\\/wp-content\\\/uploads\\\/2021\\\/03\\\/logo.svg\",\"width\":436,\"height\":436,\"caption\":\"Bewehrungstechnik\"},\"image\":{\"@id\":\"https:\\\/\\\/bewehrungstechnik.ch\\\/de-de\\\/#\\\/schema\\\/logo\\\/image\\\/\"}}]}<\/script>\n<!-- \/ Yoast SEO plugin. -->","yoast_head_json":{"title":"Revit - Bauteilkataloge - Bewehrungstechnik","robots":{"index":"index","follow":"follow","max-snippet":"max-snippet:-1","max-image-preview":"max-image-preview:large","max-video-preview":"max-video-preview:-1"},"canonical":"https:\/\/bewehrungstechnik.ch\/de-de\/revit-bauteilkataloge\/","og_locale":"de_DE","og_type":"article","og_title":"Revit - Bauteilkataloge - Bewehrungstechnik","og_description":"Fr\u00fcherkennung von Kollisionskonflikten Durch die detaillierten 3D-Bauteile k\u00f6nnen Kollisionen und Konflikte in der Bewehrungsf\u00fchrung rechtzeitig erkannt und vermieden werden. Einfaches \u00c4ndern aller Geometrie- und Material-Parameter \u00c4nderungen zum Beispiel der Elementl\u00e4nge, D\u00e4mmh\u00f6he und D\u00e4mmst\u00e4rke sind schnell und einfach variierbar. Schnelle Listenerstellung Bewehrungstechnik-Listen sind mit wenigen Maus-Klicks erstellt \u2013 \u00e4hnlich wie Eisen-Listen. Die erforderlichen St\u00fcckzahlen werden direkt [&hellip;]","og_url":"https:\/\/bewehrungstechnik.ch\/de-de\/revit-bauteilkataloge\/","og_site_name":"Bewehrungstechnik","article_modified_time":"2025-03-10T10:37:52+00:00","twitter_card":"summary_large_image","schema":{"@context":"https:\/\/schema.org","@graph":[{"@type":"WebPage","@id":"https:\/\/bewehrungstechnik.ch\/de-de\/revit-bauteilkataloge\/","url":"https:\/\/bewehrungstechnik.ch\/de-de\/revit-bauteilkataloge\/","name":"Revit - Bauteilkataloge - Bewehrungstechnik","isPartOf":{"@id":"https:\/\/bewehrungstechnik.ch\/de-de\/#website"},"datePublished":"2025-03-10T10:37:48+00:00","dateModified":"2025-03-10T10:37:52+00:00","breadcrumb":{"@id":"https:\/\/bewehrungstechnik.ch\/de-de\/revit-bauteilkataloge\/#breadcrumb"},"inLanguage":"de","potentialAction":[{"@type":"ReadAction","target":["https:\/\/bewehrungstechnik.ch\/de-de\/revit-bauteilkataloge\/"]}]},{"@type":"BreadcrumbList","@id":"https:\/\/bewehrungstechnik.ch\/de-de\/revit-bauteilkataloge\/#breadcrumb","itemListElement":[{"@type":"ListItem","position":1,"name":"Home","item":"https:\/\/bewehrungstechnik.ch\/de-de\/"},{"@type":"ListItem","position":2,"name":"Revit &#8211; Bauteilkataloge"}]},{"@type":"WebSite","@id":"https:\/\/bewehrungstechnik.ch\/de-de\/#website","url":"https:\/\/bewehrungstechnik.ch\/de-de\/","name":"Bewehrungstechnik","description":"Just another WordPress site","publisher":{"@id":"https:\/\/bewehrungstechnik.ch\/de-de\/#organization"},"potentialAction":[{"@type":"SearchAction","target":{"@type":"EntryPoint","urlTemplate":"https:\/\/bewehrungstechnik.ch\/de-de\/?s={search_term_string}"},"query-input":{"@type":"PropertyValueSpecification","valueRequired":true,"valueName":"search_term_string"}}],"inLanguage":"de"},{"@type":"Organization","@id":"https:\/\/bewehrungstechnik.ch\/de-de\/#organization","name":"Bewehrungstechnik","url":"https:\/\/bewehrungstechnik.ch\/de-de\/","logo":{"@type":"ImageObject","inLanguage":"de","@id":"https:\/\/bewehrungstechnik.ch\/de-de\/#\/schema\/logo\/image\/","url":"https:\/\/bewehrungstechnik.ch\/wp-content\/uploads\/2021\/03\/logo.svg","contentUrl":"https:\/\/bewehrungstechnik.ch\/wp-content\/uploads\/2021\/03\/logo.svg","width":436,"height":436,"caption":"Bewehrungstechnik"},"image":{"@id":"https:\/\/bewehrungstechnik.ch\/de-de\/#\/schema\/logo\/image\/"}}]}},"_links":{"self":[{"href":"https:\/\/bewehrungstechnik.ch\/de-de\/wp-json\/wp\/v2\/pages\/9615","targetHints":{"allow":["GET"]}}],"collection":[{"href":"https:\/\/bewehrungstechnik.ch\/de-de\/wp-json\/wp\/v2\/pages"}],"about":[{"href":"https:\/\/bewehrungstechnik.ch\/de-de\/wp-json\/wp\/v2\/types\/page"}],"author":[{"embeddable":true,"href":"https:\/\/bewehrungstechnik.ch\/de-de\/wp-json\/wp\/v2\/users\/9"}],"replies":[{"embeddable":true,"href":"https:\/\/bewehrungstechnik.ch\/de-de\/wp-json\/wp\/v2\/comments?post=9615"}],"version-history":[{"count":1,"href":"https:\/\/bewehrungstechnik.ch\/de-de\/wp-json\/wp\/v2\/pages\/9615\/revisions"}],"predecessor-version":[{"id":9626,"href":"https:\/\/bewehrungstechnik.ch\/de-de\/wp-json\/wp\/v2\/pages\/9615\/revisions\/9626"}],"wp:attachment":[{"href":"https:\/\/bewehrungstechnik.ch\/de-de\/wp-json\/wp\/v2\/media?parent=9615"}],"curies":[{"name":"wp","href":"https:\/\/api.w.org\/{rel}","templated":true}]}}