{"id":9632,"date":"2025-03-10T10:38:46","date_gmt":"2025-03-10T10:38:46","guid":{"rendered":"https:\/\/bewehrungstechnik.ch\/?page_id=9632"},"modified":"2025-03-10T10:38:47","modified_gmt":"2025-03-10T10:38:47","slug":"ocima-lebensdauerbemessung-vonstahlbetonbauwerken","status":"publish","type":"page","link":"https:\/\/bewehrungstechnik.ch\/de-de\/tools\/ocima-lebensdauerbemessung-vonstahlbetonbauwerken\/","title":{"rendered":"OCIMA &#8211; Lebensdauerbemessung vonStahlbetonbauwerken"},"content":{"rendered":"\n      <h1 id=\"block_46c95ff814c7a7d80789729d2b527bbf\" class=\"c-title mt-0 mb-6 lg:mb-17 alignwidetext-left l-block\"  >\n  \n  OCIMA &#8211; Lebensdauerbemessung von<br \/>\r\nStahlbetonbauwerken<\/h1>\n\n\n<p>Online Corrosion Initiation Modeling App<\/p>\n\n\n\n<p>Sch\u00fctzen Sie Ihre Bauwerke vor Sch\u00e4den durch chloridinduzierte Korrosion und erh\u00f6hen Sie deren Lebensdauer. Unsere kostenlose Webapplikation OCIMA (Online Corrosion Initiation Modeling App) erm\u00f6glicht die unkomplizierte \u00dcberpr\u00fcfung der Ziellebensdauer auf Bauteilebene und Echtzeit-Optimierung in der Planungsphase.<\/p>\n\n\n\n<h2 class=\"wp-block-heading\">Warum OCIMA?<\/h2>\n\n\n\n<p>Der Bestand an Br\u00fcckenbauwerken, Tunneln und St\u00fctzmauern im Strassennetz besteht zu einem grossen Teil aus Stahl- und Spannbetonkonstruktionen. Sie sind ebenso wie Parkh\u00e4user und Tiefgaragen dem chloridhaltigen Spritz- und Tauwasser ausgesetzt. Bei der Planung dieser Bauwerke standen bisher die initialen Baukosten im Vordergrund. Die Kosten f\u00fcr die sp\u00e4tere Erhaltung und Instandsetzung (Lebenszyklusansatz) wurden bisher nur selten als Entscheidungskriterium bei der Ausschreibung und Vergabe ber\u00fccksichtigt. Um allf\u00e4llige Instandsetzungszyklen und daraus folgend die Lebenszykluskosten abzusch\u00e4tzen, wurde OCIMA ins Leben gerufen. Dieses Tool erm\u00f6glicht die unkomplizierte \u00dcberpr\u00fcfung der Ziellebensdauer auf Bauteilebene.<\/p>\n\n\n<div class=\"wp-block-image\">\n<figure class=\"aligncenter size-full is-resized\"><img loading=\"lazy\" decoding=\"async\" width=\"1024\" height=\"379\" src=\"https:\/\/bewehrungstechnik.ch\/wp-content\/uploads\/ocima-1024x379-1.png\" alt=\"\" class=\"wp-image-8990\" style=\"width:1024px;height:auto\" srcset=\"https:\/\/bewehrungstechnik.ch\/wp-content\/uploads\/ocima-1024x379-1.png 1024w, https:\/\/bewehrungstechnik.ch\/wp-content\/uploads\/ocima-1024x379-1-300x111.png 300w, https:\/\/bewehrungstechnik.ch\/wp-content\/uploads\/ocima-1024x379-1-768x284.png 768w, https:\/\/bewehrungstechnik.ch\/wp-content\/uploads\/ocima-1024x379-1-436x161.png 436w, https:\/\/bewehrungstechnik.ch\/wp-content\/uploads\/ocima-1024x379-1-550x204.png 550w\" sizes=\"auto, (max-width: 1024px) 100vw, 1024px\" \/><figcaption class=\"wp-element-caption\"><br><strong>[Bild-1: Verl\u00e4ngerung der Lebensdauer mit einem Lebenszyklusoptimierten Ansatz]<\/strong><\/figcaption><\/figure>\n<\/div>\n\n\n<p><br>Mit OCIMA k\u00f6nnen Planer und Bauherren:<\/p>\n\n\n\n<ol class=\"wp-block-list\">\n<li><strong>Ziellebensdauer \u00fcberpr\u00fcfen:<\/strong> Das Tool erm\u00f6glicht eine pr\u00e4zise Absch\u00e4tzung der Lebensdauer einzelner Bauteile.<\/li>\n\n\n\n<li><strong>Instandsetzungszyklen prognostizieren<\/strong>: Durch die Analyse der erwarteten Instandhaltungsintervalle k\u00f6nnen zuk\u00fcnftige Ma\u00dfnahmen besser geplant werden.<\/li>\n\n\n\n<li><strong>Lebenszykluskosten optimieren<\/strong>: Die Ber\u00fccksichtigung der gesamten Lebenszykluskosten f\u00fchrt zu wirtschaftlicheren und nachhaltigeren Bauprojekten.<\/li>\n\n\n\n<li><strong>Entscheidungsprozesse verbessern:<\/strong> OCIMA liefert wertvolle Daten und Analysen, die als Entscheidungskriterien bei der Vergabe von Bauauftr\u00e4gen dienen k\u00f6nnen<\/li>\n<\/ol>\n\n\n\n<h2 class=\"wp-block-heading\">Wie funktioniert OCIMA?<\/h2>\n\n\n\n<p>Die Dauerhaftigkeit von Stahlbeton unter Chlorideinwirkung wird in vielen F\u00e4llen durch die chloridinduzierte Bewehrungskorrosion bestimmt. Die chloridinduzierte Bewehrungskorrosion ist in der Regel eine lokale Korrosionsform, die h\u00e4ufig durch hohe Korrosionsgeschwindigkeiten gekennzeichnet ist. Aus diesem Grund wird die Lebensdauer h\u00e4ufig konservativ mit der Initiierung der Bewehrungskorrosion gleichgesetzt. Der Transport von Chloriden durch den \u00dcberdeckungsbeton wird anhand eines modifizierten Diffusionsgesetzes beschrieben und damit die Chloridkonzentration an der Stahloberfl\u00e4che im Beton \u00fcber die Zeit vorhergesagt. Sobald diese Chloridkonzentration einen kritischen Grenzwert, den sogenannten kritischen Chloridgehalt, \u00fcbersteigt, wird angenommen, dass die Bewehrungskorrosion initiiert.<\/p>\n\n\n\n<p>OCIMA berechnet diesen Initiierungszeitpunkt probabilistisch durch Monte-Carlo-Simulationen mit einem an der ETH Z\u00fcrich entwickelten Algorithmus.<\/p>\n\n\n<div class=\"wp-block-image\">\n<figure class=\"aligncenter size-full\"><img loading=\"lazy\" decoding=\"async\" width=\"1024\" height=\"508\" src=\"https:\/\/bewehrungstechnik.ch\/wp-content\/uploads\/Screenshot-2024-11-08-12.40-1024x508-1.png\" alt=\"\" class=\"wp-image-8992\" srcset=\"https:\/\/bewehrungstechnik.ch\/wp-content\/uploads\/Screenshot-2024-11-08-12.40-1024x508-1.png 1024w, https:\/\/bewehrungstechnik.ch\/wp-content\/uploads\/Screenshot-2024-11-08-12.40-1024x508-1-300x149.png 300w, https:\/\/bewehrungstechnik.ch\/wp-content\/uploads\/Screenshot-2024-11-08-12.40-1024x508-1-768x381.png 768w, https:\/\/bewehrungstechnik.ch\/wp-content\/uploads\/Screenshot-2024-11-08-12.40-1024x508-1-436x216.png 436w, https:\/\/bewehrungstechnik.ch\/wp-content\/uploads\/Screenshot-2024-11-08-12.40-1024x508-1-550x273.png 550w\" sizes=\"auto, (max-width: 1024px) 100vw, 1024px\" \/><figcaption class=\"wp-element-caption\"><br>[Bild 2: Beispielresultat aus der Webapplikation OCIMA]<\/figcaption><\/figure>\n<\/div>\n\n\n<h2 class=\"wp-block-heading\">Wie benutzt man OCIMA?<\/h2>\n\n\n\n<p>Das Berechnungstool ist online verf\u00fcgbar und erfordert keine Vorkenntnisse: Innerhalb von OCIMA wird der Anwender zun\u00e4chst anhand des Projektstandortes, einer Bauwerksauswahl (Br\u00fccke, Tunnel, Parkhaus) und einer zugeh\u00f6rigen Bauteilauswahl (z.B. Br\u00fccke \u2192 Mittelpfeiler) Schritt f\u00fcr Schritt durch das Programm gef\u00fchrt. Die entsprechende Auswahl wird im Hintergrund direkt in die relevanten Modellparameter \u00fcbersetzt. Alle Modelleingabeparameter basieren auf anerkannten Literaturangaben und sind \u00fcber die Infok\u00e4stchen nachvollziehbar. Ein Handbuch mit weiteren Berechnungshinweisen kann direkt im Programm heruntergeladen werden.<\/p>\n\n\n\n<p>Das Berechnungsergebnis stellt eine Absch\u00e4tzung der Dauerhaftigkeit in Form einer erreichbaren Nutzungsdauer in Jahren dar. Das Ergebnis kann durch Anpassung der Parameter optimiert werden, z. B. durch Anpassung der Betondeckung. Die Ergebnisanzeige beinhaltet einerseits die mit konventionellem Betonstahl (B500B) erreichbare Lebensdauer und andererseits die mit Top12 als nichtrostende Bewehrung erreichbare verl\u00e4ngerte Lebensdauer. Das Resultat l\u00e4sst sich zur Dokumentation der Variantenstudie ausdrucken. F\u00fcr Studienzwecke kann der Zugang zu einer Expertenversion mit weiteren Inputparametern angefragt werden.<\/p>\n","protected":false},"excerpt":{"rendered":"<p>Online Corrosion Initiation Modeling App Sch\u00fctzen Sie Ihre Bauwerke vor Sch\u00e4den durch chloridinduzierte Korrosion und erh\u00f6hen Sie deren Lebensdauer. Unsere kostenlose Webapplikation OCIMA (Online Corrosion Initiation Modeling App) erm\u00f6glicht die unkomplizierte \u00dcberpr\u00fcfung der Ziellebensdauer auf Bauteilebene und Echtzeit-Optimierung in der Planungsphase. Warum OCIMA? Der Bestand an Br\u00fcckenbauwerken, Tunneln und St\u00fctzmauern im Strassennetz besteht zu einem [&hellip;]<\/p>\n","protected":false},"author":9,"featured_media":0,"parent":9618,"menu_order":0,"comment_status":"closed","ping_status":"closed","template":"","meta":{"_acf_changed":false,"footnotes":""},"class_list":["post-9632","page","type-page","status-publish",""],"acf":[],"yoast_head":"<!-- This site is optimized with the Yoast SEO plugin v27.4 - https:\/\/yoast.com\/product\/yoast-seo-wordpress\/ -->\n<title>OCIMA - Lebensdauerbemessung vonStahlbetonbauwerken - Bewehrungstechnik<\/title>\n<meta name=\"robots\" content=\"index, follow, max-snippet:-1, max-image-preview:large, max-video-preview:-1\" \/>\n<link rel=\"canonical\" href=\"https:\/\/bewehrungstechnik.ch\/de-de\/tools\/ocima-lebensdauerbemessung-vonstahlbetonbauwerken\/\" \/>\n<meta property=\"og:locale\" content=\"de_DE\" \/>\n<meta property=\"og:type\" content=\"article\" \/>\n<meta property=\"og:title\" content=\"OCIMA - Lebensdauerbemessung vonStahlbetonbauwerken - Bewehrungstechnik\" \/>\n<meta property=\"og:description\" content=\"Online Corrosion Initiation Modeling App Sch\u00fctzen Sie Ihre Bauwerke vor Sch\u00e4den durch chloridinduzierte Korrosion und erh\u00f6hen Sie deren Lebensdauer. Unsere kostenlose Webapplikation OCIMA (Online Corrosion Initiation Modeling App) erm\u00f6glicht die unkomplizierte \u00dcberpr\u00fcfung der Ziellebensdauer auf Bauteilebene und Echtzeit-Optimierung in der Planungsphase. Warum OCIMA? Der Bestand an Br\u00fcckenbauwerken, Tunneln und St\u00fctzmauern im Strassennetz besteht zu einem [&hellip;]\" \/>\n<meta property=\"og:url\" content=\"https:\/\/bewehrungstechnik.ch\/de-de\/tools\/ocima-lebensdauerbemessung-vonstahlbetonbauwerken\/\" \/>\n<meta property=\"og:site_name\" content=\"Bewehrungstechnik\" \/>\n<meta property=\"article:modified_time\" content=\"2025-03-10T10:38:47+00:00\" \/>\n<meta property=\"og:image\" content=\"https:\/\/bewehrungstechnik.ch\/wp-content\/uploads\/ocima-1024x379-1.png\" \/>\n\t<meta property=\"og:image:width\" content=\"1024\" \/>\n\t<meta property=\"og:image:height\" content=\"379\" \/>\n\t<meta property=\"og:image:type\" content=\"image\/png\" \/>\n<meta name=\"twitter:card\" content=\"summary_large_image\" \/>\n<script type=\"application\/ld+json\" class=\"yoast-schema-graph\">{\"@context\":\"https:\\\/\\\/schema.org\",\"@graph\":[{\"@type\":\"WebPage\",\"@id\":\"https:\\\/\\\/bewehrungstechnik.ch\\\/de-de\\\/tools\\\/ocima-lebensdauerbemessung-vonstahlbetonbauwerken\\\/\",\"url\":\"https:\\\/\\\/bewehrungstechnik.ch\\\/de-de\\\/tools\\\/ocima-lebensdauerbemessung-vonstahlbetonbauwerken\\\/\",\"name\":\"OCIMA - Lebensdauerbemessung vonStahlbetonbauwerken - Bewehrungstechnik\",\"isPartOf\":{\"@id\":\"https:\\\/\\\/bewehrungstechnik.ch\\\/de-de\\\/#website\"},\"primaryImageOfPage\":{\"@id\":\"https:\\\/\\\/bewehrungstechnik.ch\\\/de-de\\\/tools\\\/ocima-lebensdauerbemessung-vonstahlbetonbauwerken\\\/#primaryimage\"},\"image\":{\"@id\":\"https:\\\/\\\/bewehrungstechnik.ch\\\/de-de\\\/tools\\\/ocima-lebensdauerbemessung-vonstahlbetonbauwerken\\\/#primaryimage\"},\"thumbnailUrl\":\"https:\\\/\\\/bewehrungstechnik.ch\\\/wp-content\\\/uploads\\\/ocima-1024x379-1.png\",\"datePublished\":\"2025-03-10T10:38:46+00:00\",\"dateModified\":\"2025-03-10T10:38:47+00:00\",\"breadcrumb\":{\"@id\":\"https:\\\/\\\/bewehrungstechnik.ch\\\/de-de\\\/tools\\\/ocima-lebensdauerbemessung-vonstahlbetonbauwerken\\\/#breadcrumb\"},\"inLanguage\":\"de\",\"potentialAction\":[{\"@type\":\"ReadAction\",\"target\":[\"https:\\\/\\\/bewehrungstechnik.ch\\\/de-de\\\/tools\\\/ocima-lebensdauerbemessung-vonstahlbetonbauwerken\\\/\"]}]},{\"@type\":\"ImageObject\",\"inLanguage\":\"de\",\"@id\":\"https:\\\/\\\/bewehrungstechnik.ch\\\/de-de\\\/tools\\\/ocima-lebensdauerbemessung-vonstahlbetonbauwerken\\\/#primaryimage\",\"url\":\"https:\\\/\\\/bewehrungstechnik.ch\\\/wp-content\\\/uploads\\\/ocima-1024x379-1.png\",\"contentUrl\":\"https:\\\/\\\/bewehrungstechnik.ch\\\/wp-content\\\/uploads\\\/ocima-1024x379-1.png\"},{\"@type\":\"BreadcrumbList\",\"@id\":\"https:\\\/\\\/bewehrungstechnik.ch\\\/de-de\\\/tools\\\/ocima-lebensdauerbemessung-vonstahlbetonbauwerken\\\/#breadcrumb\",\"itemListElement\":[{\"@type\":\"ListItem\",\"position\":1,\"name\":\"Home\",\"item\":\"https:\\\/\\\/bewehrungstechnik.ch\\\/de-de\\\/\"},{\"@type\":\"ListItem\",\"position\":2,\"name\":\"Tools\",\"item\":\"https:\\\/\\\/bewehrungstechnik.ch\\\/de-de\\\/tools\\\/\"},{\"@type\":\"ListItem\",\"position\":3,\"name\":\"OCIMA &#8211; Lebensdauerbemessung vonStahlbetonbauwerken\"}]},{\"@type\":\"WebSite\",\"@id\":\"https:\\\/\\\/bewehrungstechnik.ch\\\/de-de\\\/#website\",\"url\":\"https:\\\/\\\/bewehrungstechnik.ch\\\/de-de\\\/\",\"name\":\"Bewehrungstechnik\",\"description\":\"Just another WordPress site\",\"publisher\":{\"@id\":\"https:\\\/\\\/bewehrungstechnik.ch\\\/de-de\\\/#organization\"},\"potentialAction\":[{\"@type\":\"SearchAction\",\"target\":{\"@type\":\"EntryPoint\",\"urlTemplate\":\"https:\\\/\\\/bewehrungstechnik.ch\\\/de-de\\\/?s={search_term_string}\"},\"query-input\":{\"@type\":\"PropertyValueSpecification\",\"valueRequired\":true,\"valueName\":\"search_term_string\"}}],\"inLanguage\":\"de\"},{\"@type\":\"Organization\",\"@id\":\"https:\\\/\\\/bewehrungstechnik.ch\\\/de-de\\\/#organization\",\"name\":\"Bewehrungstechnik\",\"url\":\"https:\\\/\\\/bewehrungstechnik.ch\\\/de-de\\\/\",\"logo\":{\"@type\":\"ImageObject\",\"inLanguage\":\"de\",\"@id\":\"https:\\\/\\\/bewehrungstechnik.ch\\\/de-de\\\/#\\\/schema\\\/logo\\\/image\\\/\",\"url\":\"https:\\\/\\\/bewehrungstechnik.ch\\\/wp-content\\\/uploads\\\/2021\\\/03\\\/logo.svg\",\"contentUrl\":\"https:\\\/\\\/bewehrungstechnik.ch\\\/wp-content\\\/uploads\\\/2021\\\/03\\\/logo.svg\",\"width\":436,\"height\":436,\"caption\":\"Bewehrungstechnik\"},\"image\":{\"@id\":\"https:\\\/\\\/bewehrungstechnik.ch\\\/de-de\\\/#\\\/schema\\\/logo\\\/image\\\/\"}}]}<\/script>\n<!-- \/ Yoast SEO plugin. -->","yoast_head_json":{"title":"OCIMA - Lebensdauerbemessung vonStahlbetonbauwerken - Bewehrungstechnik","robots":{"index":"index","follow":"follow","max-snippet":"max-snippet:-1","max-image-preview":"max-image-preview:large","max-video-preview":"max-video-preview:-1"},"canonical":"https:\/\/bewehrungstechnik.ch\/de-de\/tools\/ocima-lebensdauerbemessung-vonstahlbetonbauwerken\/","og_locale":"de_DE","og_type":"article","og_title":"OCIMA - Lebensdauerbemessung vonStahlbetonbauwerken - Bewehrungstechnik","og_description":"Online Corrosion Initiation Modeling App Sch\u00fctzen Sie Ihre Bauwerke vor Sch\u00e4den durch chloridinduzierte Korrosion und erh\u00f6hen Sie deren Lebensdauer. Unsere kostenlose Webapplikation OCIMA (Online Corrosion Initiation Modeling App) erm\u00f6glicht die unkomplizierte \u00dcberpr\u00fcfung der Ziellebensdauer auf Bauteilebene und Echtzeit-Optimierung in der Planungsphase. Warum OCIMA? Der Bestand an Br\u00fcckenbauwerken, Tunneln und St\u00fctzmauern im Strassennetz besteht zu einem [&hellip;]","og_url":"https:\/\/bewehrungstechnik.ch\/de-de\/tools\/ocima-lebensdauerbemessung-vonstahlbetonbauwerken\/","og_site_name":"Bewehrungstechnik","article_modified_time":"2025-03-10T10:38:47+00:00","og_image":[{"width":1024,"height":379,"url":"https:\/\/bewehrungstechnik.ch\/wp-content\/uploads\/ocima-1024x379-1.png","type":"image\/png"}],"twitter_card":"summary_large_image","schema":{"@context":"https:\/\/schema.org","@graph":[{"@type":"WebPage","@id":"https:\/\/bewehrungstechnik.ch\/de-de\/tools\/ocima-lebensdauerbemessung-vonstahlbetonbauwerken\/","url":"https:\/\/bewehrungstechnik.ch\/de-de\/tools\/ocima-lebensdauerbemessung-vonstahlbetonbauwerken\/","name":"OCIMA - Lebensdauerbemessung vonStahlbetonbauwerken - Bewehrungstechnik","isPartOf":{"@id":"https:\/\/bewehrungstechnik.ch\/de-de\/#website"},"primaryImageOfPage":{"@id":"https:\/\/bewehrungstechnik.ch\/de-de\/tools\/ocima-lebensdauerbemessung-vonstahlbetonbauwerken\/#primaryimage"},"image":{"@id":"https:\/\/bewehrungstechnik.ch\/de-de\/tools\/ocima-lebensdauerbemessung-vonstahlbetonbauwerken\/#primaryimage"},"thumbnailUrl":"https:\/\/bewehrungstechnik.ch\/wp-content\/uploads\/ocima-1024x379-1.png","datePublished":"2025-03-10T10:38:46+00:00","dateModified":"2025-03-10T10:38:47+00:00","breadcrumb":{"@id":"https:\/\/bewehrungstechnik.ch\/de-de\/tools\/ocima-lebensdauerbemessung-vonstahlbetonbauwerken\/#breadcrumb"},"inLanguage":"de","potentialAction":[{"@type":"ReadAction","target":["https:\/\/bewehrungstechnik.ch\/de-de\/tools\/ocima-lebensdauerbemessung-vonstahlbetonbauwerken\/"]}]},{"@type":"ImageObject","inLanguage":"de","@id":"https:\/\/bewehrungstechnik.ch\/de-de\/tools\/ocima-lebensdauerbemessung-vonstahlbetonbauwerken\/#primaryimage","url":"https:\/\/bewehrungstechnik.ch\/wp-content\/uploads\/ocima-1024x379-1.png","contentUrl":"https:\/\/bewehrungstechnik.ch\/wp-content\/uploads\/ocima-1024x379-1.png"},{"@type":"BreadcrumbList","@id":"https:\/\/bewehrungstechnik.ch\/de-de\/tools\/ocima-lebensdauerbemessung-vonstahlbetonbauwerken\/#breadcrumb","itemListElement":[{"@type":"ListItem","position":1,"name":"Home","item":"https:\/\/bewehrungstechnik.ch\/de-de\/"},{"@type":"ListItem","position":2,"name":"Tools","item":"https:\/\/bewehrungstechnik.ch\/de-de\/tools\/"},{"@type":"ListItem","position":3,"name":"OCIMA &#8211; Lebensdauerbemessung vonStahlbetonbauwerken"}]},{"@type":"WebSite","@id":"https:\/\/bewehrungstechnik.ch\/de-de\/#website","url":"https:\/\/bewehrungstechnik.ch\/de-de\/","name":"Bewehrungstechnik","description":"Just another WordPress site","publisher":{"@id":"https:\/\/bewehrungstechnik.ch\/de-de\/#organization"},"potentialAction":[{"@type":"SearchAction","target":{"@type":"EntryPoint","urlTemplate":"https:\/\/bewehrungstechnik.ch\/de-de\/?s={search_term_string}"},"query-input":{"@type":"PropertyValueSpecification","valueRequired":true,"valueName":"search_term_string"}}],"inLanguage":"de"},{"@type":"Organization","@id":"https:\/\/bewehrungstechnik.ch\/de-de\/#organization","name":"Bewehrungstechnik","url":"https:\/\/bewehrungstechnik.ch\/de-de\/","logo":{"@type":"ImageObject","inLanguage":"de","@id":"https:\/\/bewehrungstechnik.ch\/de-de\/#\/schema\/logo\/image\/","url":"https:\/\/bewehrungstechnik.ch\/wp-content\/uploads\/2021\/03\/logo.svg","contentUrl":"https:\/\/bewehrungstechnik.ch\/wp-content\/uploads\/2021\/03\/logo.svg","width":436,"height":436,"caption":"Bewehrungstechnik"},"image":{"@id":"https:\/\/bewehrungstechnik.ch\/de-de\/#\/schema\/logo\/image\/"}}]}},"_links":{"self":[{"href":"https:\/\/bewehrungstechnik.ch\/de-de\/wp-json\/wp\/v2\/pages\/9632","targetHints":{"allow":["GET"]}}],"collection":[{"href":"https:\/\/bewehrungstechnik.ch\/de-de\/wp-json\/wp\/v2\/pages"}],"about":[{"href":"https:\/\/bewehrungstechnik.ch\/de-de\/wp-json\/wp\/v2\/types\/page"}],"author":[{"embeddable":true,"href":"https:\/\/bewehrungstechnik.ch\/de-de\/wp-json\/wp\/v2\/users\/9"}],"replies":[{"embeddable":true,"href":"https:\/\/bewehrungstechnik.ch\/de-de\/wp-json\/wp\/v2\/comments?post=9632"}],"version-history":[{"count":1,"href":"https:\/\/bewehrungstechnik.ch\/de-de\/wp-json\/wp\/v2\/pages\/9632\/revisions"}],"predecessor-version":[{"id":9639,"href":"https:\/\/bewehrungstechnik.ch\/de-de\/wp-json\/wp\/v2\/pages\/9632\/revisions\/9639"}],"up":[{"embeddable":true,"href":"https:\/\/bewehrungstechnik.ch\/de-de\/wp-json\/wp\/v2\/pages\/9618"}],"wp:attachment":[{"href":"https:\/\/bewehrungstechnik.ch\/de-de\/wp-json\/wp\/v2\/media?parent=9632"}],"curies":[{"name":"wp","href":"https:\/\/api.w.org\/{rel}","templated":true}]}}