{"id":9635,"date":"2025-03-10T10:38:56","date_gmt":"2025-03-10T10:38:56","guid":{"rendered":"https:\/\/bewehrungstechnik.ch\/?page_id=9635"},"modified":"2025-03-10T10:38:57","modified_gmt":"2025-03-10T10:38:57","slug":"umstellung-auf-elektronischen-rechnungsversand-per-e-mail","status":"publish","type":"page","link":"https:\/\/bewehrungstechnik.ch\/de-de\/umstellung-auf-elektronischen-rechnungsversand-per-e-mail\/","title":{"rendered":"Umstellung auf elektronischen Rechnungsversand per E-Mail"},"content":{"rendered":"\n      <p id=\"block_f0571adaa363caf42da024f8ca8e03da\" class=\"c-title mt-0 mb-6 lg:mb-17 alignwidetext-left l-block\"  >\n  \n  Umstellung auf elektronischen Rechnungsversand per E-Mail<\/p>\n\n\n<div class=\"wp-block-columns is-layout-flex wp-container-core-columns-is-layout-9d6595d7 wp-block-columns-is-layout-flex\">\n<div class=\"wp-block-column is-layout-flow wp-block-column-is-layout-flow\">\n<h3 class=\"wp-block-heading\"><strong><mark style=\"background-color:rgba(0, 0, 0, 0)\" class=\"has-inline-color has-primary-color\">Zeit sparen und Ressourcen schonen<\/mark><\/strong><\/h3>\n\n\n\n<p>Optimieren Sie Ihren Verwaltungsaufwand und gewinnen Sie Zeit, indem Sie zuk\u00fcnftig Ihre Rechnungen als PDF-Dokumente per E-Mail erhalten. Das aufwendige Scannen von Rechnungen f\u00fcr digitale Workflows oder elektronische Archivierung geh\u00f6rt somit der Vergangenheit an. Dar\u00fcber hinaus tragen Sie zur Reduzierung des Papierverbrauchs bei und leisten somit einen Beitrag zum schonenden Umgang mit Ressourcen.<\/p>\n\n\n\n<p><strong>Ihre Vorteile im \u00dcberblick:<\/strong><\/p>\n\n\n\n<ul class=\"wp-block-list\">\n<li>Kein Einscannen von Papierrechnungen<\/li>\n\n\n\n<li>geringerer Administrationsaufwand<\/li>\n\n\n\n<li>Zeit sparen<\/li>\n\n\n\n<li>Ressourcen schonen<\/li>\n<\/ul>\n<\/div>\n\n\n\n<div class=\"wp-block-column is-layout-flow wp-block-column-is-layout-flow\"><div class=\"wp-block-image\">\n<figure class=\"aligncenter size-full\"><img loading=\"lazy\" decoding=\"async\" width=\"652\" height=\"408\" src=\"https:\/\/bewehrungstechnik.ch\/wp-content\/uploads\/Rechnungen-PDF-edited.png\" alt=\"\" class=\"wp-image-7952\" srcset=\"https:\/\/bewehrungstechnik.ch\/wp-content\/uploads\/Rechnungen-PDF-edited.png 652w, https:\/\/bewehrungstechnik.ch\/wp-content\/uploads\/Rechnungen-PDF-edited-300x188.png 300w, https:\/\/bewehrungstechnik.ch\/wp-content\/uploads\/Rechnungen-PDF-edited-436x273.png 436w, https:\/\/bewehrungstechnik.ch\/wp-content\/uploads\/Rechnungen-PDF-edited-550x344.png 550w\" sizes=\"auto, (max-width: 652px) 100vw, 652px\" \/><\/figure>\n<\/div><\/div>\n<\/div>\n\n\n\n<h3 class=\"wp-block-heading\"><mark style=\"background-color:rgba(0, 0, 0, 0)\" class=\"has-inline-color has-primary-color\">Formular ausf\u00fcllen und umstellen:<\/mark><\/h3>\n\n\n<!-- HTML Forms v1.6.4 - https:\/\/wordpress.org\/plugins\/html-forms\/ -->\n<form method=\"post\"  class=\"hf-form hf-form-7956 \" data-id=\"7956\" data-title=\"Umstellung auf PDF-Rechnung\" data-slug=\"umstellung-auf-pdf-rechnung\" data-message-success=\"Vielen Dank! Wir werden uns in K\u00fcrze melden.\" data-message-invalid-email=\"Entschuldige, aber die E-Mail Adresse scheint ung\u00fcltig zu sein.\" data-message-required-field-missing=\"Bitte f\u00fclle die erforderlichen Felder aus.\" data-message-error=\"Hoppla. Ein Fehler ist aufgetreten.\" data-message-recaptcha-failed=\"reCAPTCHA verification failed. Please try again.\" data-message-recaptcha-low-score=\"Your submission appears to be spam. Please try again.\"><input type=\"hidden\" name=\"_hf_form_id\" value=\"7956\" \/><div style=\"display: none;\"><input type=\"text\" name=\"_hf_h7956\" value=\"\" \/><\/div><div class=\"hf-fields-wrap\"><div class=\"js-collapse md:grid md:grid-cols-10 md:gap-x-10 mb-8 md:mb-0\" data-collapse-parameters='{\"toggleClass\":\"text-black text-primary\",\"toggleIconClass\":\"c-icon--minus-square c-icon--plus-square\",\"targetClass\":\"hidden block\"}'>\r\n    <div class=\"js-collapse__toggle md:col-span-3 md:pointer-events-none flex items-center md:block text-18 font-bold leading-snug transition-colors md:transition-none cursor-pointer md:cursor-auto cursor-pointer text-black md:text-black\">\r\n        <div class=\"md:hidden mr-5 text-0 self-start\">\r\n            <i class=\"js-collapse__toggle-icon c-icon c-icon--plus-square text-28\"><\/i>\r\n        <\/div>\r\n        Daten Firma \r\n    <\/div>\r\n    <div class=\"js-collapse__target col-span-7 hidden md:block\">\r\n        <div class=\"border-l md:border-0 border-primary pl-4 md:pl-0 mt-4 md:mt-0 sm:grid grid-cols-12 sm:gap-x-4 md:gap-x-8 sm:gap-y-4 md:gap-y-10 space-y-4 sm:space-y-0\">\r\n            <div class=\"col-span-6 lg:col-span-4 xl:col-span-2\">\r\n                <label class=\"c-form-label\" for=\"contact-form-company\">Kundennr.<\/label>\r\n                <input class=\"c-form-input\" type=\"text\" name=\"company\" placeholder=\"Kundennr.\" id=\"contact-form-company\" \/>\r\n            <\/div>\r\n            <div class=\"col-span-6 lg:col-span-4 xl:col-span-5\">\r\n   \t\t\t <label class=\"c-form-label\" for=\"contact-form-customer-number\">Firma *<\/label>\r\n   \t\t\t <input class=\"c-form-input\" type=\"text\" name=\"customer_number\" placeholder=\"Firma eingeben\" id=\"contact-form-customer-number\" required \/>\r\n\t\t\t<\/div>\r\n            <div class=\"col-span-6 lg:col-span-4 xl:col-span-5\">\r\n                <label class=\"c-form-label\" for=\"contact-form-billing-email\">E-Mail f\u00fcr Rechnungseingang *<\/label>\r\n                <input class=\"c-form-input\" type=\"email\" name=\"billing_email\" placeholder=\"E-Mail f\u00fcr Rechnungseingang eingeben\" id=\"contact-form-billing-email\" required \/>\r\n            <\/div>\r\n        <\/div>\r\n    <\/div>\r\n<\/div>\r\n<div class=\"hidden md:block h-px bg-gray mt-18 mb-14\"><\/div>\r\n<div class=\"js-collapse md:grid md:grid-cols-10 md:gap-x-10 mb-8 md:mb-0\" data-collapse-parameters='{\"toggleClass\":\"text-black text-primary\",\"toggleIconClass\":\"c-icon--minus-square c-icon--plus-square\",\"targetClass\":\"hidden block\"}'>\r\n    <div class=\"js-collapse__toggle md:col-span-3 md:pointer-events-none flex items-center md:block text-18 font-bold leading-snug transition-colors md:transition-none cursor-pointer md:cursor-auto cursor-pointer text-black md:text-black\">\r\n        <div class=\"md:hidden mr-5 text-0 self-start\">\r\n            <i class=\"js-collapse__toggle-icon c-icon c-icon--plus-square text-28\"><\/i>\r\n        <\/div>\r\n        Ansprechperson\r\n    <\/div>\r\n    <div class=\"js-collapse__target col-span-7 hidden md:block\">\r\n        <div class=\"border-l md:border-0 border-primary pl-4 md:pl-0 mt-4 md:mt-0 sm:grid grid-cols-12 sm:gap-x-4 md:gap-x-8 sm:gap-y-4 md:gap-y-10 space-y-4 sm:space-y-0\">\r\n            <div class=\"col-span-6 lg:col-span-4 xl:col-span-2\">\r\n                <label class=\"c-form-label\" for=\"contact-form-first-name\">Vorname *<\/label>\r\n                <input class=\"c-form-input\" type=\"text\" name=\"first_name\" placeholder=\"Vorname\" id=\"contact-form-first-name\" required \/>\r\n            <\/div>\r\n            <div class=\"col-span-6 lg:col-span-4 xl:col-span-5\">\r\n                <label class=\"c-form-label\" for=\"contact-form-last-name\">Name *<\/label>\r\n                <input class=\"c-form-input\" type=\"text\" name=\"last_name\" placeholder=\"Name eingeben\" id=\"contact-form-last-name\" required \/>\r\n            <\/div>\r\n            <div class=\"col-span-6 lg:col-span-4 xl:col-span-5\">\r\n                <label class=\"c-form-label\" for=\"contact-form-email\">E-Mail *<\/label>\r\n                <input class=\"c-form-input\" type=\"email\" name=\"email\" placeholder=\"E-Mail eingeben\" id=\"contact-form-email\" required \/>\r\n            <\/div>\r\n            <div class=\"col-span-6 lg:col-span-4\">\r\n                <label class=\"c-form-label\" for=\"contact-form-phone-number\">Telefonnummer<\/label>\r\n                <input class=\"c-form-input\" type=\"tel\" name=\"phone_number\" placeholder=\"Telefonnummer eingeben\" id=\"contact-form-phone-number\" \/>\r\n            <\/div>\r\n        <\/div>\r\n    <\/div>\r\n<\/div>\r\n<div class=\"hidden md:block h-px bg-gray mt-18 mb-14\"><\/div>\r\n<div class=\"js-collapse md:grid md:grid-cols-10 md:gap-x-10\" data-collapse-parameters='{\"toggleClass\":\"text-black text-primary\",\"toggleIconClass\":\"c-icon--minus-square c-icon--plus-square\",\"targetClass\":\"hidden block\"}'>\r\n    <div class=\"js-collapse__toggle md:col-span-3 md:pointer-events-none flex items-center md:block text-18 font-bold leading-snug transition-colors md:transition-none cursor-pointer md:cursor-auto cursor-pointer text-black md:text-black\">\r\n        <div class=\"md:hidden mr-5 text-0 self-start\">\r\n            <i class=\"js-collapse__toggle-icon c-icon c-icon--plus-square text-28\"><\/i>\r\n        <\/div>\r\n        Bemerkung\r\n    <\/div>\r\n    <div class=\"js-collapse__target col-span-7 hidden md:block\">\r\n        <div class=\"border-l md:border-0 border-primary pl-4 md:pl-0 mt-4 md:mt-0 leading-tight\">\r\n            <label class=\"c-form-label\" for=\"contact-form-message\">Ihre Nachricht<\/label>\r\n            <textarea class=\"c-form-input mb-4 md:mb-8\" name=\"message\" placeholder=\"Ihre Nachricht eingeben\" id=\"contact-form-message\" rows=\"7\"><\/textarea>\r\n            <button class=\"c-btn c-btn--primary c-btn--icon w-full justify-center\" type=\"submit\">\r\n                Jetzt umstellen\r\n                <i class=\"c-icon c-icon--arrow-right-solid text-10 ml-4\"><\/i>\r\n            <\/button>\r\n        <\/div>\r\n    <\/div>\r\n<\/div>\r\n<noscript>Damit dieses Formular funktioniert bitte JavaScript aktivieren.<\/noscript><\/div><\/form><!-- \/ HTML Forms -->","protected":false},"excerpt":{"rendered":"<p>Zeit sparen und Ressourcen schonen Optimieren Sie Ihren Verwaltungsaufwand und gewinnen Sie Zeit, indem Sie zuk\u00fcnftig Ihre Rechnungen als PDF-Dokumente per E-Mail erhalten. Das aufwendige Scannen von Rechnungen f\u00fcr digitale Workflows oder elektronische Archivierung geh\u00f6rt somit der Vergangenheit an. Dar\u00fcber hinaus tragen Sie zur Reduzierung des Papierverbrauchs bei und leisten somit einen Beitrag zum schonenden [&hellip;]<\/p>\n","protected":false},"author":9,"featured_media":9644,"parent":0,"menu_order":0,"comment_status":"closed","ping_status":"closed","template":"","meta":{"_acf_changed":false,"footnotes":""},"class_list":["post-9635","page","type-page","status-publish","has-post-thumbnail",""],"acf":[],"yoast_head":"<!-- This site is optimized with the Yoast SEO plugin v27.3 - https:\/\/yoast.com\/product\/yoast-seo-wordpress\/ -->\n<title>Umstellung auf elektronischen Rechnungsversand per E-Mail - Bewehrungstechnik<\/title>\n<meta name=\"robots\" content=\"index, follow, max-snippet:-1, max-image-preview:large, max-video-preview:-1\" \/>\n<link rel=\"canonical\" href=\"https:\/\/bewehrungstechnik.ch\/de-de\/umstellung-auf-elektronischen-rechnungsversand-per-e-mail\/\" \/>\n<meta property=\"og:locale\" content=\"de_DE\" \/>\n<meta property=\"og:type\" content=\"article\" \/>\n<meta property=\"og:title\" content=\"Umstellung auf elektronischen Rechnungsversand per E-Mail - Bewehrungstechnik\" \/>\n<meta property=\"og:description\" content=\"Zeit sparen und Ressourcen schonen Optimieren Sie Ihren Verwaltungsaufwand und gewinnen Sie Zeit, indem Sie zuk\u00fcnftig Ihre Rechnungen als PDF-Dokumente per E-Mail erhalten. Das aufwendige Scannen von Rechnungen f\u00fcr digitale Workflows oder elektronische Archivierung geh\u00f6rt somit der Vergangenheit an. Dar\u00fcber hinaus tragen Sie zur Reduzierung des Papierverbrauchs bei und leisten somit einen Beitrag zum schonenden [&hellip;]\" \/>\n<meta property=\"og:url\" content=\"https:\/\/bewehrungstechnik.ch\/de-de\/umstellung-auf-elektronischen-rechnungsversand-per-e-mail\/\" \/>\n<meta property=\"og:site_name\" content=\"Bewehrungstechnik\" \/>\n<meta property=\"article:modified_time\" content=\"2025-03-10T10:38:57+00:00\" \/>\n<meta property=\"og:image\" content=\"https:\/\/bewehrungstechnik.ch\/wp-content\/uploads\/Rechnungen-PDF.png\" \/>\n\t<meta property=\"og:image:width\" content=\"652\" \/>\n\t<meta property=\"og:image:height\" content=\"521\" \/>\n\t<meta property=\"og:image:type\" content=\"image\/png\" \/>\n<meta name=\"twitter:card\" content=\"summary_large_image\" \/>\n<script type=\"application\/ld+json\" class=\"yoast-schema-graph\">{\"@context\":\"https:\\\/\\\/schema.org\",\"@graph\":[{\"@type\":\"WebPage\",\"@id\":\"https:\\\/\\\/bewehrungstechnik.ch\\\/de-de\\\/umstellung-auf-elektronischen-rechnungsversand-per-e-mail\\\/\",\"url\":\"https:\\\/\\\/bewehrungstechnik.ch\\\/de-de\\\/umstellung-auf-elektronischen-rechnungsversand-per-e-mail\\\/\",\"name\":\"Umstellung auf elektronischen Rechnungsversand per E-Mail - Bewehrungstechnik\",\"isPartOf\":{\"@id\":\"https:\\\/\\\/bewehrungstechnik.ch\\\/de-de\\\/#website\"},\"primaryImageOfPage\":{\"@id\":\"https:\\\/\\\/bewehrungstechnik.ch\\\/de-de\\\/umstellung-auf-elektronischen-rechnungsversand-per-e-mail\\\/#primaryimage\"},\"image\":{\"@id\":\"https:\\\/\\\/bewehrungstechnik.ch\\\/de-de\\\/umstellung-auf-elektronischen-rechnungsversand-per-e-mail\\\/#primaryimage\"},\"thumbnailUrl\":\"https:\\\/\\\/bewehrungstechnik.ch\\\/wp-content\\\/uploads\\\/Rechnungen-PDF.png\",\"datePublished\":\"2025-03-10T10:38:56+00:00\",\"dateModified\":\"2025-03-10T10:38:57+00:00\",\"breadcrumb\":{\"@id\":\"https:\\\/\\\/bewehrungstechnik.ch\\\/de-de\\\/umstellung-auf-elektronischen-rechnungsversand-per-e-mail\\\/#breadcrumb\"},\"inLanguage\":\"de\",\"potentialAction\":[{\"@type\":\"ReadAction\",\"target\":[\"https:\\\/\\\/bewehrungstechnik.ch\\\/de-de\\\/umstellung-auf-elektronischen-rechnungsversand-per-e-mail\\\/\"]}]},{\"@type\":\"ImageObject\",\"inLanguage\":\"de\",\"@id\":\"https:\\\/\\\/bewehrungstechnik.ch\\\/de-de\\\/umstellung-auf-elektronischen-rechnungsversand-per-e-mail\\\/#primaryimage\",\"url\":\"https:\\\/\\\/bewehrungstechnik.ch\\\/wp-content\\\/uploads\\\/Rechnungen-PDF.png\",\"contentUrl\":\"https:\\\/\\\/bewehrungstechnik.ch\\\/wp-content\\\/uploads\\\/Rechnungen-PDF.png\",\"width\":652,\"height\":521},{\"@type\":\"BreadcrumbList\",\"@id\":\"https:\\\/\\\/bewehrungstechnik.ch\\\/de-de\\\/umstellung-auf-elektronischen-rechnungsversand-per-e-mail\\\/#breadcrumb\",\"itemListElement\":[{\"@type\":\"ListItem\",\"position\":1,\"name\":\"Home\",\"item\":\"https:\\\/\\\/bewehrungstechnik.ch\\\/de-de\\\/\"},{\"@type\":\"ListItem\",\"position\":2,\"name\":\"Umstellung auf elektronischen Rechnungsversand per E-Mail\"}]},{\"@type\":\"WebSite\",\"@id\":\"https:\\\/\\\/bewehrungstechnik.ch\\\/de-de\\\/#website\",\"url\":\"https:\\\/\\\/bewehrungstechnik.ch\\\/de-de\\\/\",\"name\":\"Bewehrungstechnik\",\"description\":\"Just another WordPress site\",\"publisher\":{\"@id\":\"https:\\\/\\\/bewehrungstechnik.ch\\\/de-de\\\/#organization\"},\"potentialAction\":[{\"@type\":\"SearchAction\",\"target\":{\"@type\":\"EntryPoint\",\"urlTemplate\":\"https:\\\/\\\/bewehrungstechnik.ch\\\/de-de\\\/?s={search_term_string}\"},\"query-input\":{\"@type\":\"PropertyValueSpecification\",\"valueRequired\":true,\"valueName\":\"search_term_string\"}}],\"inLanguage\":\"de\"},{\"@type\":\"Organization\",\"@id\":\"https:\\\/\\\/bewehrungstechnik.ch\\\/de-de\\\/#organization\",\"name\":\"Bewehrungstechnik\",\"url\":\"https:\\\/\\\/bewehrungstechnik.ch\\\/de-de\\\/\",\"logo\":{\"@type\":\"ImageObject\",\"inLanguage\":\"de\",\"@id\":\"https:\\\/\\\/bewehrungstechnik.ch\\\/de-de\\\/#\\\/schema\\\/logo\\\/image\\\/\",\"url\":\"https:\\\/\\\/bewehrungstechnik.ch\\\/wp-content\\\/uploads\\\/2021\\\/03\\\/logo.svg\",\"contentUrl\":\"https:\\\/\\\/bewehrungstechnik.ch\\\/wp-content\\\/uploads\\\/2021\\\/03\\\/logo.svg\",\"width\":436,\"height\":436,\"caption\":\"Bewehrungstechnik\"},\"image\":{\"@id\":\"https:\\\/\\\/bewehrungstechnik.ch\\\/de-de\\\/#\\\/schema\\\/logo\\\/image\\\/\"}}]}<\/script>\n<!-- \/ Yoast SEO plugin. -->","yoast_head_json":{"title":"Umstellung auf elektronischen Rechnungsversand per E-Mail - Bewehrungstechnik","robots":{"index":"index","follow":"follow","max-snippet":"max-snippet:-1","max-image-preview":"max-image-preview:large","max-video-preview":"max-video-preview:-1"},"canonical":"https:\/\/bewehrungstechnik.ch\/de-de\/umstellung-auf-elektronischen-rechnungsversand-per-e-mail\/","og_locale":"de_DE","og_type":"article","og_title":"Umstellung auf elektronischen Rechnungsversand per E-Mail - Bewehrungstechnik","og_description":"Zeit sparen und Ressourcen schonen Optimieren Sie Ihren Verwaltungsaufwand und gewinnen Sie Zeit, indem Sie zuk\u00fcnftig Ihre Rechnungen als PDF-Dokumente per E-Mail erhalten. Das aufwendige Scannen von Rechnungen f\u00fcr digitale Workflows oder elektronische Archivierung geh\u00f6rt somit der Vergangenheit an. Dar\u00fcber hinaus tragen Sie zur Reduzierung des Papierverbrauchs bei und leisten somit einen Beitrag zum schonenden [&hellip;]","og_url":"https:\/\/bewehrungstechnik.ch\/de-de\/umstellung-auf-elektronischen-rechnungsversand-per-e-mail\/","og_site_name":"Bewehrungstechnik","article_modified_time":"2025-03-10T10:38:57+00:00","og_image":[{"width":652,"height":521,"url":"https:\/\/bewehrungstechnik.ch\/wp-content\/uploads\/Rechnungen-PDF.png","type":"image\/png"}],"twitter_card":"summary_large_image","schema":{"@context":"https:\/\/schema.org","@graph":[{"@type":"WebPage","@id":"https:\/\/bewehrungstechnik.ch\/de-de\/umstellung-auf-elektronischen-rechnungsversand-per-e-mail\/","url":"https:\/\/bewehrungstechnik.ch\/de-de\/umstellung-auf-elektronischen-rechnungsversand-per-e-mail\/","name":"Umstellung auf elektronischen Rechnungsversand per E-Mail - Bewehrungstechnik","isPartOf":{"@id":"https:\/\/bewehrungstechnik.ch\/de-de\/#website"},"primaryImageOfPage":{"@id":"https:\/\/bewehrungstechnik.ch\/de-de\/umstellung-auf-elektronischen-rechnungsversand-per-e-mail\/#primaryimage"},"image":{"@id":"https:\/\/bewehrungstechnik.ch\/de-de\/umstellung-auf-elektronischen-rechnungsversand-per-e-mail\/#primaryimage"},"thumbnailUrl":"https:\/\/bewehrungstechnik.ch\/wp-content\/uploads\/Rechnungen-PDF.png","datePublished":"2025-03-10T10:38:56+00:00","dateModified":"2025-03-10T10:38:57+00:00","breadcrumb":{"@id":"https:\/\/bewehrungstechnik.ch\/de-de\/umstellung-auf-elektronischen-rechnungsversand-per-e-mail\/#breadcrumb"},"inLanguage":"de","potentialAction":[{"@type":"ReadAction","target":["https:\/\/bewehrungstechnik.ch\/de-de\/umstellung-auf-elektronischen-rechnungsversand-per-e-mail\/"]}]},{"@type":"ImageObject","inLanguage":"de","@id":"https:\/\/bewehrungstechnik.ch\/de-de\/umstellung-auf-elektronischen-rechnungsversand-per-e-mail\/#primaryimage","url":"https:\/\/bewehrungstechnik.ch\/wp-content\/uploads\/Rechnungen-PDF.png","contentUrl":"https:\/\/bewehrungstechnik.ch\/wp-content\/uploads\/Rechnungen-PDF.png","width":652,"height":521},{"@type":"BreadcrumbList","@id":"https:\/\/bewehrungstechnik.ch\/de-de\/umstellung-auf-elektronischen-rechnungsversand-per-e-mail\/#breadcrumb","itemListElement":[{"@type":"ListItem","position":1,"name":"Home","item":"https:\/\/bewehrungstechnik.ch\/de-de\/"},{"@type":"ListItem","position":2,"name":"Umstellung auf elektronischen Rechnungsversand per E-Mail"}]},{"@type":"WebSite","@id":"https:\/\/bewehrungstechnik.ch\/de-de\/#website","url":"https:\/\/bewehrungstechnik.ch\/de-de\/","name":"Bewehrungstechnik","description":"Just another WordPress site","publisher":{"@id":"https:\/\/bewehrungstechnik.ch\/de-de\/#organization"},"potentialAction":[{"@type":"SearchAction","target":{"@type":"EntryPoint","urlTemplate":"https:\/\/bewehrungstechnik.ch\/de-de\/?s={search_term_string}"},"query-input":{"@type":"PropertyValueSpecification","valueRequired":true,"valueName":"search_term_string"}}],"inLanguage":"de"},{"@type":"Organization","@id":"https:\/\/bewehrungstechnik.ch\/de-de\/#organization","name":"Bewehrungstechnik","url":"https:\/\/bewehrungstechnik.ch\/de-de\/","logo":{"@type":"ImageObject","inLanguage":"de","@id":"https:\/\/bewehrungstechnik.ch\/de-de\/#\/schema\/logo\/image\/","url":"https:\/\/bewehrungstechnik.ch\/wp-content\/uploads\/2021\/03\/logo.svg","contentUrl":"https:\/\/bewehrungstechnik.ch\/wp-content\/uploads\/2021\/03\/logo.svg","width":436,"height":436,"caption":"Bewehrungstechnik"},"image":{"@id":"https:\/\/bewehrungstechnik.ch\/de-de\/#\/schema\/logo\/image\/"}}]}},"_links":{"self":[{"href":"https:\/\/bewehrungstechnik.ch\/de-de\/wp-json\/wp\/v2\/pages\/9635","targetHints":{"allow":["GET"]}}],"collection":[{"href":"https:\/\/bewehrungstechnik.ch\/de-de\/wp-json\/wp\/v2\/pages"}],"about":[{"href":"https:\/\/bewehrungstechnik.ch\/de-de\/wp-json\/wp\/v2\/types\/page"}],"author":[{"embeddable":true,"href":"https:\/\/bewehrungstechnik.ch\/de-de\/wp-json\/wp\/v2\/users\/9"}],"replies":[{"embeddable":true,"href":"https:\/\/bewehrungstechnik.ch\/de-de\/wp-json\/wp\/v2\/comments?post=9635"}],"version-history":[{"count":1,"href":"https:\/\/bewehrungstechnik.ch\/de-de\/wp-json\/wp\/v2\/pages\/9635\/revisions"}],"predecessor-version":[{"id":9643,"href":"https:\/\/bewehrungstechnik.ch\/de-de\/wp-json\/wp\/v2\/pages\/9635\/revisions\/9643"}],"wp:featuredmedia":[{"embeddable":true,"href":"https:\/\/bewehrungstechnik.ch\/de-de\/wp-json\/wp\/v2\/media\/9644"}],"wp:attachment":[{"href":"https:\/\/bewehrungstechnik.ch\/de-de\/wp-json\/wp\/v2\/media?parent=9635"}],"curies":[{"name":"wp","href":"https:\/\/api.w.org\/{rel}","templated":true}]}}