{"id":10693,"date":"2021-05-05T13:56:02","date_gmt":"2021-05-05T13:56:02","guid":{"rendered":"https:\/\/bewehrungstechnik.ch\/product\/schraubverbindung-bartec\/"},"modified":"2026-03-31T11:46:46","modified_gmt":"2026-03-31T11:46:46","slug":"schraubverbindung-bartec","status":"publish","type":"product","link":"https:\/\/bewehrungstechnik.ch\/de-de\/product\/schraubverbindung-bartec\/","title":{"rendered":"Schraubverbindungen BARTEC\u00ae"},"featured_media":10694,"menu_order":20,"template":"","product_category":[83],"class_list":["post-10693","product","type-product","status-publish","has-post-thumbnail","","product_category-bewehrungstechnik-de-de"],"acf":[],"yoast_head":"<!-- This site is optimized with the Yoast SEO plugin v27.2 - https:\/\/yoast.com\/product\/yoast-seo-wordpress\/ -->\n<title>BARTEC\u00ae Schraubverbindungen | Debrunner Acifer Bewehrungen<\/title>\n<meta name=\"description\" content=\"BARTEC\u00ae Schraubverbindungen aus Bewehrungsstahl \u00fcberzeugen durch hohe Sicherheit in der Ausf\u00fchrung und Kontrolle. Unsere Schraubbewehrungen jetzt entdecken!\" \/>\n<meta name=\"robots\" content=\"index, follow, max-snippet:-1, max-image-preview:large, max-video-preview:-1\" \/>\n<link rel=\"canonical\" href=\"https:\/\/bewehrungstechnik.ch\/de-de\/product\/schraubverbindung-bartec\/\" \/>\n<meta property=\"og:locale\" content=\"de_DE\" \/>\n<meta property=\"og:type\" content=\"article\" \/>\n<meta property=\"og:title\" content=\"BARTEC\u00ae Schraubverbindungen | Debrunner Acifer Bewehrungen\" \/>\n<meta property=\"og:description\" content=\"BARTEC\u00ae Schraubverbindungen aus Bewehrungsstahl \u00fcberzeugen durch hohe Sicherheit in der Ausf\u00fchrung und Kontrolle. Unsere Schraubbewehrungen jetzt entdecken!\" \/>\n<meta property=\"og:url\" content=\"https:\/\/bewehrungstechnik.ch\/de-de\/product\/schraubverbindung-bartec\/\" \/>\n<meta property=\"og:site_name\" content=\"Bewehrungstechnik\" \/>\n<meta property=\"article:modified_time\" content=\"2026-03-31T11:46:46+00:00\" \/>\n<meta property=\"og:image\" content=\"https:\/\/bewehrungstechnik.ch\/wp-content\/uploads\/2021\/05\/BARTEC.jpg\" \/>\n\t<meta property=\"og:image:width\" content=\"1920\" \/>\n\t<meta property=\"og:image:height\" content=\"1280\" \/>\n\t<meta property=\"og:image:type\" content=\"image\/jpeg\" \/>\n<meta name=\"twitter:card\" content=\"summary_large_image\" \/>\n<script type=\"application\/ld+json\" class=\"yoast-schema-graph\">{\"@context\":\"https:\/\/schema.org\",\"@graph\":[{\"@type\":\"WebPage\",\"@id\":\"https:\/\/bewehrungstechnik.ch\/de-de\/product\/schraubverbindung-bartec\/\",\"url\":\"https:\/\/bewehrungstechnik.ch\/de-de\/product\/schraubverbindung-bartec\/\",\"name\":\"BARTEC\u00ae Schraubverbindungen | Debrunner Acifer Bewehrungen\",\"isPartOf\":{\"@id\":\"https:\/\/bewehrungstechnik.ch\/de-de\/#website\"},\"primaryImageOfPage\":{\"@id\":\"https:\/\/bewehrungstechnik.ch\/de-de\/product\/schraubverbindung-bartec\/#primaryimage\"},\"image\":{\"@id\":\"https:\/\/bewehrungstechnik.ch\/de-de\/product\/schraubverbindung-bartec\/#primaryimage\"},\"thumbnailUrl\":\"https:\/\/bewehrungstechnik.ch\/wp-content\/uploads\/2021\/05\/BARTEC.jpg\",\"datePublished\":\"2021-05-05T13:56:02+00:00\",\"dateModified\":\"2026-03-31T11:46:46+00:00\",\"description\":\"BARTEC\u00ae Schraubverbindungen aus Bewehrungsstahl \u00fcberzeugen durch hohe Sicherheit in der Ausf\u00fchrung und Kontrolle. Unsere Schraubbewehrungen jetzt entdecken!\",\"breadcrumb\":{\"@id\":\"https:\/\/bewehrungstechnik.ch\/de-de\/product\/schraubverbindung-bartec\/#breadcrumb\"},\"inLanguage\":\"de\",\"potentialAction\":[{\"@type\":\"ReadAction\",\"target\":[\"https:\/\/bewehrungstechnik.ch\/de-de\/product\/schraubverbindung-bartec\/\"]}]},{\"@type\":\"ImageObject\",\"inLanguage\":\"de\",\"@id\":\"https:\/\/bewehrungstechnik.ch\/de-de\/product\/schraubverbindung-bartec\/#primaryimage\",\"url\":\"https:\/\/bewehrungstechnik.ch\/wp-content\/uploads\/2021\/05\/BARTEC.jpg\",\"contentUrl\":\"https:\/\/bewehrungstechnik.ch\/wp-content\/uploads\/2021\/05\/BARTEC.jpg\",\"width\":1920,\"height\":1280,\"caption\":\"bartec\"},{\"@type\":\"BreadcrumbList\",\"@id\":\"https:\/\/bewehrungstechnik.ch\/de-de\/product\/schraubverbindung-bartec\/#breadcrumb\",\"itemListElement\":[{\"@type\":\"ListItem\",\"position\":1,\"name\":\"Home\",\"item\":\"https:\/\/bewehrungstechnik.ch\/de-de\/\"},{\"@type\":\"ListItem\",\"position\":2,\"name\":\"Products\",\"item\":\"https:\/\/bewehrungstechnik.ch\/de-de\/products\/\"},{\"@type\":\"ListItem\",\"position\":3,\"name\":\"Schraubverbindungen BARTEC\u00ae\"}]},{\"@type\":\"WebSite\",\"@id\":\"https:\/\/bewehrungstechnik.ch\/de-de\/#website\",\"url\":\"https:\/\/bewehrungstechnik.ch\/de-de\/\",\"name\":\"Bewehrungstechnik\",\"description\":\"Just another WordPress site\",\"publisher\":{\"@id\":\"https:\/\/bewehrungstechnik.ch\/de-de\/#organization\"},\"potentialAction\":[{\"@type\":\"SearchAction\",\"target\":{\"@type\":\"EntryPoint\",\"urlTemplate\":\"https:\/\/bewehrungstechnik.ch\/de-de\/?s={search_term_string}\"},\"query-input\":{\"@type\":\"PropertyValueSpecification\",\"valueRequired\":true,\"valueName\":\"search_term_string\"}}],\"inLanguage\":\"de\"},{\"@type\":\"Organization\",\"@id\":\"https:\/\/bewehrungstechnik.ch\/de-de\/#organization\",\"name\":\"Bewehrungstechnik\",\"url\":\"https:\/\/bewehrungstechnik.ch\/de-de\/\",\"logo\":{\"@type\":\"ImageObject\",\"inLanguage\":\"de\",\"@id\":\"https:\/\/bewehrungstechnik.ch\/de-de\/#\/schema\/logo\/image\/\",\"url\":\"https:\/\/bewehrungstechnik.ch\/wp-content\/uploads\/2021\/03\/logo.svg\",\"contentUrl\":\"https:\/\/bewehrungstechnik.ch\/wp-content\/uploads\/2021\/03\/logo.svg\",\"width\":436,\"height\":436,\"caption\":\"Bewehrungstechnik\"},\"image\":{\"@id\":\"https:\/\/bewehrungstechnik.ch\/de-de\/#\/schema\/logo\/image\/\"}}]}<\/script>\n<!-- \/ Yoast SEO plugin. -->","yoast_head_json":{"title":"BARTEC\u00ae Schraubverbindungen | Debrunner Acifer Bewehrungen","description":"BARTEC\u00ae Schraubverbindungen aus Bewehrungsstahl \u00fcberzeugen durch hohe Sicherheit in der Ausf\u00fchrung und Kontrolle. Unsere Schraubbewehrungen jetzt entdecken!","robots":{"index":"index","follow":"follow","max-snippet":"max-snippet:-1","max-image-preview":"max-image-preview:large","max-video-preview":"max-video-preview:-1"},"canonical":"https:\/\/bewehrungstechnik.ch\/de-de\/product\/schraubverbindung-bartec\/","og_locale":"de_DE","og_type":"article","og_title":"BARTEC\u00ae Schraubverbindungen | Debrunner Acifer Bewehrungen","og_description":"BARTEC\u00ae Schraubverbindungen aus Bewehrungsstahl \u00fcberzeugen durch hohe Sicherheit in der Ausf\u00fchrung und Kontrolle. Unsere Schraubbewehrungen jetzt entdecken!","og_url":"https:\/\/bewehrungstechnik.ch\/de-de\/product\/schraubverbindung-bartec\/","og_site_name":"Bewehrungstechnik","article_modified_time":"2026-03-31T11:46:46+00:00","og_image":[{"width":1920,"height":1280,"url":"https:\/\/bewehrungstechnik.ch\/wp-content\/uploads\/2021\/05\/BARTEC.jpg","type":"image\/jpeg"}],"twitter_card":"summary_large_image","schema":{"@context":"https:\/\/schema.org","@graph":[{"@type":"WebPage","@id":"https:\/\/bewehrungstechnik.ch\/de-de\/product\/schraubverbindung-bartec\/","url":"https:\/\/bewehrungstechnik.ch\/de-de\/product\/schraubverbindung-bartec\/","name":"BARTEC\u00ae Schraubverbindungen | Debrunner Acifer Bewehrungen","isPartOf":{"@id":"https:\/\/bewehrungstechnik.ch\/de-de\/#website"},"primaryImageOfPage":{"@id":"https:\/\/bewehrungstechnik.ch\/de-de\/product\/schraubverbindung-bartec\/#primaryimage"},"image":{"@id":"https:\/\/bewehrungstechnik.ch\/de-de\/product\/schraubverbindung-bartec\/#primaryimage"},"thumbnailUrl":"https:\/\/bewehrungstechnik.ch\/wp-content\/uploads\/2021\/05\/BARTEC.jpg","datePublished":"2021-05-05T13:56:02+00:00","dateModified":"2026-03-31T11:46:46+00:00","description":"BARTEC\u00ae Schraubverbindungen aus Bewehrungsstahl \u00fcberzeugen durch hohe Sicherheit in der Ausf\u00fchrung und Kontrolle. Unsere Schraubbewehrungen jetzt entdecken!","breadcrumb":{"@id":"https:\/\/bewehrungstechnik.ch\/de-de\/product\/schraubverbindung-bartec\/#breadcrumb"},"inLanguage":"de","potentialAction":[{"@type":"ReadAction","target":["https:\/\/bewehrungstechnik.ch\/de-de\/product\/schraubverbindung-bartec\/"]}]},{"@type":"ImageObject","inLanguage":"de","@id":"https:\/\/bewehrungstechnik.ch\/de-de\/product\/schraubverbindung-bartec\/#primaryimage","url":"https:\/\/bewehrungstechnik.ch\/wp-content\/uploads\/2021\/05\/BARTEC.jpg","contentUrl":"https:\/\/bewehrungstechnik.ch\/wp-content\/uploads\/2021\/05\/BARTEC.jpg","width":1920,"height":1280,"caption":"bartec"},{"@type":"BreadcrumbList","@id":"https:\/\/bewehrungstechnik.ch\/de-de\/product\/schraubverbindung-bartec\/#breadcrumb","itemListElement":[{"@type":"ListItem","position":1,"name":"Home","item":"https:\/\/bewehrungstechnik.ch\/de-de\/"},{"@type":"ListItem","position":2,"name":"Products","item":"https:\/\/bewehrungstechnik.ch\/de-de\/products\/"},{"@type":"ListItem","position":3,"name":"Schraubverbindungen BARTEC\u00ae"}]},{"@type":"WebSite","@id":"https:\/\/bewehrungstechnik.ch\/de-de\/#website","url":"https:\/\/bewehrungstechnik.ch\/de-de\/","name":"Bewehrungstechnik","description":"Just another WordPress site","publisher":{"@id":"https:\/\/bewehrungstechnik.ch\/de-de\/#organization"},"potentialAction":[{"@type":"SearchAction","target":{"@type":"EntryPoint","urlTemplate":"https:\/\/bewehrungstechnik.ch\/de-de\/?s={search_term_string}"},"query-input":{"@type":"PropertyValueSpecification","valueRequired":true,"valueName":"search_term_string"}}],"inLanguage":"de"},{"@type":"Organization","@id":"https:\/\/bewehrungstechnik.ch\/de-de\/#organization","name":"Bewehrungstechnik","url":"https:\/\/bewehrungstechnik.ch\/de-de\/","logo":{"@type":"ImageObject","inLanguage":"de","@id":"https:\/\/bewehrungstechnik.ch\/de-de\/#\/schema\/logo\/image\/","url":"https:\/\/bewehrungstechnik.ch\/wp-content\/uploads\/2021\/03\/logo.svg","contentUrl":"https:\/\/bewehrungstechnik.ch\/wp-content\/uploads\/2021\/03\/logo.svg","width":436,"height":436,"caption":"Bewehrungstechnik"},"image":{"@id":"https:\/\/bewehrungstechnik.ch\/de-de\/#\/schema\/logo\/image\/"}}]}},"deac_custom_fields":{"product":{"brand":"BARTEC\u00ae","name":"Schraubverbindungen"},"highlight_box":{"title":"Die innovative schweizerische Herstellung eines weltweit bew\u00e4hrten Produktes","subtitle":"Die zuverl\u00e4ssige Verbindung von Bewehrungsst\u00e4hlen geh\u00f6rt zu den anspruchsvollsten Herausforderungen im Betonstahlbau","text":"<ul>\n<li>Erdbebensicher<\/li>\n<li>Erm\u00fcdungsresistent<\/li>\n<li>BARTEC DYN: Einzige SBB anerkannte Schraubverbindung<br \/>\nMIT NEU DEUTLICH H\u00d6HEREN WERTEN<\/li>\n<li>BARTEC TOP: Einzige B700B Schraubverbindung<\/li>\n<li>Sehr geringen Muffenabmessungen<\/li>\n<\/ul>\n","media_type":"video","image":{"medium":"<img width=\"300\" height=\"200\" src=\"https:\/\/bewehrungstechnik.ch\/wp-content\/uploads\/2021\/05\/BARTEC-300x200.jpg\" class=\"%s\" alt=\"Schraubverbindungen BARTEC\" decoding=\"async\" loading=\"lazy\" srcset=\"https:\/\/bewehrungstechnik.ch\/wp-content\/uploads\/2021\/05\/BARTEC-300x200.jpg 300w, https:\/\/bewehrungstechnik.ch\/wp-content\/uploads\/2021\/05\/BARTEC-1024x683.jpg 1024w, https:\/\/bewehrungstechnik.ch\/wp-content\/uploads\/2021\/05\/BARTEC-768x512.jpg 768w, https:\/\/bewehrungstechnik.ch\/wp-content\/uploads\/2021\/05\/BARTEC-1536x1024.jpg 1536w, https:\/\/bewehrungstechnik.ch\/wp-content\/uploads\/2021\/05\/BARTEC-436x291.jpg 436w, https:\/\/bewehrungstechnik.ch\/wp-content\/uploads\/2021\/05\/BARTEC-550x367.jpg 550w, https:\/\/bewehrungstechnik.ch\/wp-content\/uploads\/2021\/05\/BARTEC.jpg 1920w\" sizes=\"auto, (max-width: 300px) 100vw, 300px\" \/>","medium_large":"<img width=\"768\" height=\"512\" src=\"https:\/\/bewehrungstechnik.ch\/wp-content\/uploads\/2021\/05\/BARTEC-768x512.jpg\" class=\"%s\" alt=\"Schraubverbindungen BARTEC\" decoding=\"async\" loading=\"lazy\" srcset=\"https:\/\/bewehrungstechnik.ch\/wp-content\/uploads\/2021\/05\/BARTEC-768x512.jpg 768w, https:\/\/bewehrungstechnik.ch\/wp-content\/uploads\/2021\/05\/BARTEC-300x200.jpg 300w, https:\/\/bewehrungstechnik.ch\/wp-content\/uploads\/2021\/05\/BARTEC-1024x683.jpg 1024w, https:\/\/bewehrungstechnik.ch\/wp-content\/uploads\/2021\/05\/BARTEC-1536x1024.jpg 1536w, https:\/\/bewehrungstechnik.ch\/wp-content\/uploads\/2021\/05\/BARTEC-436x291.jpg 436w, https:\/\/bewehrungstechnik.ch\/wp-content\/uploads\/2021\/05\/BARTEC-550x367.jpg 550w, https:\/\/bewehrungstechnik.ch\/wp-content\/uploads\/2021\/05\/BARTEC.jpg 1920w\" sizes=\"auto, (max-width: 768px) 100vw, 768px\" \/>","large":"<img width=\"1024\" height=\"683\" src=\"https:\/\/bewehrungstechnik.ch\/wp-content\/uploads\/2021\/05\/BARTEC-1024x683.jpg\" class=\"%s\" alt=\"Schraubverbindungen BARTEC\" decoding=\"async\" loading=\"lazy\" srcset=\"https:\/\/bewehrungstechnik.ch\/wp-content\/uploads\/2021\/05\/BARTEC-1024x683.jpg 1024w, https:\/\/bewehrungstechnik.ch\/wp-content\/uploads\/2021\/05\/BARTEC-300x200.jpg 300w, https:\/\/bewehrungstechnik.ch\/wp-content\/uploads\/2021\/05\/BARTEC-768x512.jpg 768w, https:\/\/bewehrungstechnik.ch\/wp-content\/uploads\/2021\/05\/BARTEC-1536x1024.jpg 1536w, https:\/\/bewehrungstechnik.ch\/wp-content\/uploads\/2021\/05\/BARTEC-436x291.jpg 436w, https:\/\/bewehrungstechnik.ch\/wp-content\/uploads\/2021\/05\/BARTEC-550x367.jpg 550w, https:\/\/bewehrungstechnik.ch\/wp-content\/uploads\/2021\/05\/BARTEC.jpg 1920w\" sizes=\"auto, (max-width: 1024px) 100vw, 1024px\" \/>","full":"<img width=\"1920\" height=\"1280\" src=\"https:\/\/bewehrungstechnik.ch\/wp-content\/uploads\/2021\/05\/BARTEC.jpg\" class=\"%s\" alt=\"Schraubverbindungen BARTEC\" decoding=\"async\" loading=\"lazy\" srcset=\"https:\/\/bewehrungstechnik.ch\/wp-content\/uploads\/2021\/05\/BARTEC.jpg 1920w, https:\/\/bewehrungstechnik.ch\/wp-content\/uploads\/2021\/05\/BARTEC-300x200.jpg 300w, https:\/\/bewehrungstechnik.ch\/wp-content\/uploads\/2021\/05\/BARTEC-1024x683.jpg 1024w, https:\/\/bewehrungstechnik.ch\/wp-content\/uploads\/2021\/05\/BARTEC-768x512.jpg 768w, https:\/\/bewehrungstechnik.ch\/wp-content\/uploads\/2021\/05\/BARTEC-1536x1024.jpg 1536w, https:\/\/bewehrungstechnik.ch\/wp-content\/uploads\/2021\/05\/BARTEC-436x291.jpg 436w, https:\/\/bewehrungstechnik.ch\/wp-content\/uploads\/2021\/05\/BARTEC-550x367.jpg 550w\" sizes=\"auto, (max-width: 1920px) 100vw, 1920px\" \/>"},"video_list":[{"video_poster":4032,"youtube_link":"https:\/\/www.youtube.com\/watch?v=nJejs1HMkis","_video_poster_meta":["https:\/\/bewehrungstechnik.ch\/wp-content\/uploads\/2021\/07\/BARTEC_Q-2515x-korr-Farbe-10-0-55.jpg",2000,1333,false]},{"video_poster":10915,"youtube_link":"https:\/\/www.youtube.com\/watch?v=E0g9t7hQS1k","_video_poster_meta":["https:\/\/bewehrungstechnik.ch\/wp-content\/uploads\/BLS.png",1280,720,false]},{"video_poster":10916,"youtube_link":"https:\/\/www.youtube.com\/watch?v=B4IyGzsd26c","_video_poster_meta":["https:\/\/bewehrungstechnik.ch\/wp-content\/uploads\/LCE.png",1280,720,false]}]},"downloads":[10077,10099,1620,10117,2960,10147,10081,10079,5675,5861,4673,6112,11112,12472,12586,12610],"page_color_variation":"default","description":[{"title":"BARTEC\u00ae: DIE Schraubverbindung","text":"<p>Mit der Schraubverbindung BARTEC\u00ae bieten wir Ihnen ein hochwertiges System, das den gr\u00f6ssten Belastungen standh\u00e4lt und Kr\u00e4fte optimal \u00fcbertr\u00e4gt. Die geschraubte Betonstahlverbindung BARTEC\u00ae hat sich weltweit hervorragend bew\u00e4hrt und \u00fcberzeugt durch eine hohe Sicherheit in der Ausf\u00fchrung und Kontrolle.<\/p>\n"},{"title":"Erdbebensicheres Bauen","text":"<p>Die ausgezeichneten Duktilit\u00e4tseigenschaften der Schraubverbindung BARTEC\u00ae erlauben Ihnen ein erdbebensicheres Bauen. Namhafte Pr\u00fcfinstitute haben BARTEC\u00ae unter zyklischer Beanspruchung auf das Verformungsverhalten gepr\u00fcft. Die Betonstahl-Schraubverbindung BARTEC\u00ae erf\u00fcllt die hohen Anforderungen der europ\u00e4ischen Pr\u00fcfnorm von Verbindungsmitteln bei Erdbebenbeanspruchung.<\/p>\n"},{"title":"Erm\u00fcdungssichere Verbindung","text":"<p>F\u00fcr die Verbindung von Bauteilen mit dynamisch schwingender Beanspruchung empfehlen wir Ihnen BARTEC\u00ae Dynamisch DYN. Die von nationalen und internationalen Pr\u00fcfinstituten gepr\u00fcfte Schraubverbindung garantiert Ihnen eine dauerhafte und erm\u00fcdungssichere Verbindung. BARTEC\u00aeDYN wurde bereits bei vielen Infrastrukturbauten (z.B. Durchmesserlinie Z\u00fcrich HB, Taminabr\u00fccke bei Valens-Pf\u00e4fers) erfolgreich eingesetzt. <strong>BARTEC\u00ae DYN ist die einzige Schraubverbindung, welche die aktuellen Anforderungen der Schweizerischen Bundesbahnen erf\u00fcllt.<\/strong><\/p>\n"},{"title":"Erh\u00f6hte Festigkeit","text":"<p>Die Schraubverbindung BARTEC\u00ae l\u00e4sst sich zudem mit dem h\u00f6herfesten Stahl Top700 (B700B) kombinieren. Die BARTEC\u00aeTOP-Verbindung erm\u00f6glicht Ihnen neue M\u00f6glichkeiten in der architektonischen Gestaltung \u2013 speziell einsetzbar bei Anwendungen mit hohem Bewehrungsgehalt wie beispielsweise St\u00fctzen, weitgespannte Decken oder Erdbebenbewehrungen. <strong>BARTEC\u00ae TOP ist die einzige Schraubverbindung f\u00fcr den h\u00f6herfesten Stahl Top700<\/strong>.<\/p>\n"},{"title":"Einfache Montage","text":"<p>Eine St\u00e4rke der Schraubverbindung BARTEC\u00ae ist das montagefreundliche Handling. Die Schraubverbindungen lassen sich ohne Einsatz eines Drehmomentschl\u00fcssels von Hand anbringen \u2013 mit voller Wirkungskraft.<br \/>\nDas zylindrische Gewinde garantiert die korrekte Verbindung der richtigen Durchmesser von Schraubmuffe und Betonstahl. Die einfache Montage, kurze Verlegezeiten und vielf\u00e4ltige L\u00f6sungen erm\u00f6glichen Bauherren, Planern und Unternehmern einen grossen wirtschaftlichen Vorsprung.<\/p>\n"},{"title":"Sonderl\u00f6sungen","text":"<p>Auch individuelle Sonderl\u00f6sungen analysieren unsere Technischen Berater gerne mit Ihnen. Z\u00f6gern Sie nicht und kontaktieren Sie unsere Spezialisten \u2013 wir stehen Ihnen gerne f\u00fcr eine individuelle und kostenlose Beratung zur Verf\u00fcgung.<\/p>\n"}]},"deac_featured_media":{"medium":"<img width=\"300\" height=\"200\" src=\"https:\/\/bewehrungstechnik.ch\/wp-content\/uploads\/2021\/05\/BARTEC-300x200.jpg\" class=\"%s\" alt=\"Schraubverbindungen BARTEC\" decoding=\"async\" loading=\"lazy\" srcset=\"https:\/\/bewehrungstechnik.ch\/wp-content\/uploads\/2021\/05\/BARTEC-300x200.jpg 300w, https:\/\/bewehrungstechnik.ch\/wp-content\/uploads\/2021\/05\/BARTEC-1024x683.jpg 1024w, https:\/\/bewehrungstechnik.ch\/wp-content\/uploads\/2021\/05\/BARTEC-768x512.jpg 768w, https:\/\/bewehrungstechnik.ch\/wp-content\/uploads\/2021\/05\/BARTEC-1536x1024.jpg 1536w, https:\/\/bewehrungstechnik.ch\/wp-content\/uploads\/2021\/05\/BARTEC-436x291.jpg 436w, https:\/\/bewehrungstechnik.ch\/wp-content\/uploads\/2021\/05\/BARTEC-550x367.jpg 550w, https:\/\/bewehrungstechnik.ch\/wp-content\/uploads\/2021\/05\/BARTEC.jpg 1920w\" sizes=\"auto, (max-width: 300px) 100vw, 300px\" \/>","medium_large":"<img width=\"768\" height=\"512\" src=\"https:\/\/bewehrungstechnik.ch\/wp-content\/uploads\/2021\/05\/BARTEC-768x512.jpg\" class=\"%s\" alt=\"Schraubverbindungen BARTEC\" decoding=\"async\" loading=\"lazy\" srcset=\"https:\/\/bewehrungstechnik.ch\/wp-content\/uploads\/2021\/05\/BARTEC-768x512.jpg 768w, https:\/\/bewehrungstechnik.ch\/wp-content\/uploads\/2021\/05\/BARTEC-300x200.jpg 300w, https:\/\/bewehrungstechnik.ch\/wp-content\/uploads\/2021\/05\/BARTEC-1024x683.jpg 1024w, https:\/\/bewehrungstechnik.ch\/wp-content\/uploads\/2021\/05\/BARTEC-1536x1024.jpg 1536w, https:\/\/bewehrungstechnik.ch\/wp-content\/uploads\/2021\/05\/BARTEC-436x291.jpg 436w, https:\/\/bewehrungstechnik.ch\/wp-content\/uploads\/2021\/05\/BARTEC-550x367.jpg 550w, https:\/\/bewehrungstechnik.ch\/wp-content\/uploads\/2021\/05\/BARTEC.jpg 1920w\" sizes=\"auto, (max-width: 768px) 100vw, 768px\" \/>","large":"<img width=\"1024\" height=\"683\" src=\"https:\/\/bewehrungstechnik.ch\/wp-content\/uploads\/2021\/05\/BARTEC-1024x683.jpg\" class=\"%s\" alt=\"Schraubverbindungen BARTEC\" decoding=\"async\" loading=\"lazy\" srcset=\"https:\/\/bewehrungstechnik.ch\/wp-content\/uploads\/2021\/05\/BARTEC-1024x683.jpg 1024w, https:\/\/bewehrungstechnik.ch\/wp-content\/uploads\/2021\/05\/BARTEC-300x200.jpg 300w, https:\/\/bewehrungstechnik.ch\/wp-content\/uploads\/2021\/05\/BARTEC-768x512.jpg 768w, https:\/\/bewehrungstechnik.ch\/wp-content\/uploads\/2021\/05\/BARTEC-1536x1024.jpg 1536w, https:\/\/bewehrungstechnik.ch\/wp-content\/uploads\/2021\/05\/BARTEC-436x291.jpg 436w, https:\/\/bewehrungstechnik.ch\/wp-content\/uploads\/2021\/05\/BARTEC-550x367.jpg 550w, https:\/\/bewehrungstechnik.ch\/wp-content\/uploads\/2021\/05\/BARTEC.jpg 1920w\" sizes=\"auto, (max-width: 1024px) 100vw, 1024px\" \/>","full":"<img width=\"1920\" height=\"1280\" src=\"https:\/\/bewehrungstechnik.ch\/wp-content\/uploads\/2021\/05\/BARTEC.jpg\" class=\"%s\" alt=\"Schraubverbindungen BARTEC\" decoding=\"async\" loading=\"lazy\" srcset=\"https:\/\/bewehrungstechnik.ch\/wp-content\/uploads\/2021\/05\/BARTEC.jpg 1920w, https:\/\/bewehrungstechnik.ch\/wp-content\/uploads\/2021\/05\/BARTEC-300x200.jpg 300w, https:\/\/bewehrungstechnik.ch\/wp-content\/uploads\/2021\/05\/BARTEC-1024x683.jpg 1024w, https:\/\/bewehrungstechnik.ch\/wp-content\/uploads\/2021\/05\/BARTEC-768x512.jpg 768w, https:\/\/bewehrungstechnik.ch\/wp-content\/uploads\/2021\/05\/BARTEC-1536x1024.jpg 1536w, https:\/\/bewehrungstechnik.ch\/wp-content\/uploads\/2021\/05\/BARTEC-436x291.jpg 436w, https:\/\/bewehrungstechnik.ch\/wp-content\/uploads\/2021\/05\/BARTEC-550x367.jpg 550w\" sizes=\"auto, (max-width: 1920px) 100vw, 1920px\" \/>"},"_links":{"self":[{"href":"https:\/\/bewehrungstechnik.ch\/de-de\/wp-json\/wp\/v2\/product\/10693","targetHints":{"allow":["GET"]}}],"collection":[{"href":"https:\/\/bewehrungstechnik.ch\/de-de\/wp-json\/wp\/v2\/product"}],"about":[{"href":"https:\/\/bewehrungstechnik.ch\/de-de\/wp-json\/wp\/v2\/types\/product"}],"wp:featuredmedia":[{"embeddable":true,"href":"https:\/\/bewehrungstechnik.ch\/de-de\/wp-json\/wp\/v2\/media\/10694"}],"wp:attachment":[{"href":"https:\/\/bewehrungstechnik.ch\/de-de\/wp-json\/wp\/v2\/media?parent=10693"}],"wp:term":[{"taxonomy":"product_category","embeddable":true,"href":"https:\/\/bewehrungstechnik.ch\/de-de\/wp-json\/wp\/v2\/product_category?post=10693"}],"curies":[{"name":"wp","href":"https:\/\/api.w.org\/{rel}","templated":true}]}}