{"id":10700,"date":"2021-05-05T14:47:33","date_gmt":"2021-05-05T14:47:33","guid":{"rendered":"https:\/\/bewehrungstechnik.ch\/product\/hoeherfester-bewehrungsstahl-top700\/"},"modified":"2026-03-31T09:50:39","modified_gmt":"2026-03-31T09:50:39","slug":"hoeherfester-bewehrungsstahl-top700","status":"publish","type":"product","link":"https:\/\/bewehrungstechnik.ch\/de-de\/product\/hoeherfester-bewehrungsstahl-top700\/","title":{"rendered":"H\u00f6herfester Bewehrungsstahl Top700"},"featured_media":10701,"menu_order":100,"template":"","product_category":[105],"class_list":["post-10700","product","type-product","status-publish","has-post-thumbnail","","product_category-bewehrungsstaehle-de-de"],"acf":[],"yoast_head":"<!-- This site is optimized with the Yoast SEO plugin v27.2 - https:\/\/yoast.com\/product\/yoast-seo-wordpress\/ -->\n<title>Top700 Bewehrungsstahl | Debrunner Acifer Bewehrungen<\/title>\n<meta name=\"description\" content=\"H\u00f6herfester Bewehrungsstahl Top700 der Duktilit\u00e4tsklasse B. Geeignet f\u00fcr besondere Anforderungen. Mehr Flexibilit\u00e4t durch h\u00f6here Festigkeit.\" \/>\n<meta name=\"robots\" content=\"index, follow, max-snippet:-1, max-image-preview:large, max-video-preview:-1\" \/>\n<link rel=\"canonical\" href=\"https:\/\/bewehrungstechnik.ch\/de-de\/product\/hoeherfester-bewehrungsstahl-top700\/\" \/>\n<meta property=\"og:locale\" content=\"de_DE\" \/>\n<meta property=\"og:type\" content=\"article\" \/>\n<meta property=\"og:title\" content=\"Top700 Bewehrungsstahl | Debrunner Acifer Bewehrungen\" \/>\n<meta property=\"og:description\" content=\"H\u00f6herfester Bewehrungsstahl Top700 der Duktilit\u00e4tsklasse B. Geeignet f\u00fcr besondere Anforderungen. Mehr Flexibilit\u00e4t durch h\u00f6here Festigkeit.\" \/>\n<meta property=\"og:url\" content=\"https:\/\/bewehrungstechnik.ch\/de-de\/product\/hoeherfester-bewehrungsstahl-top700\/\" \/>\n<meta property=\"og:site_name\" content=\"Bewehrungstechnik\" \/>\n<meta property=\"article:modified_time\" content=\"2026-03-31T09:50:39+00:00\" \/>\n<meta property=\"og:image\" content=\"https:\/\/bewehrungstechnik.ch\/wp-content\/uploads\/2021\/05\/Top700-Foto-Stab.jpg\" \/>\n\t<meta property=\"og:image:width\" content=\"988\" \/>\n\t<meta property=\"og:image:height\" content=\"805\" \/>\n\t<meta property=\"og:image:type\" content=\"image\/jpeg\" \/>\n<meta name=\"twitter:card\" content=\"summary_large_image\" \/>\n<script type=\"application\/ld+json\" class=\"yoast-schema-graph\">{\"@context\":\"https:\/\/schema.org\",\"@graph\":[{\"@type\":\"WebPage\",\"@id\":\"https:\/\/bewehrungstechnik.ch\/de-de\/product\/hoeherfester-bewehrungsstahl-top700\/\",\"url\":\"https:\/\/bewehrungstechnik.ch\/de-de\/product\/hoeherfester-bewehrungsstahl-top700\/\",\"name\":\"Top700 Bewehrungsstahl | Debrunner Acifer Bewehrungen\",\"isPartOf\":{\"@id\":\"https:\/\/bewehrungstechnik.ch\/de-de\/#website\"},\"primaryImageOfPage\":{\"@id\":\"https:\/\/bewehrungstechnik.ch\/de-de\/product\/hoeherfester-bewehrungsstahl-top700\/#primaryimage\"},\"image\":{\"@id\":\"https:\/\/bewehrungstechnik.ch\/de-de\/product\/hoeherfester-bewehrungsstahl-top700\/#primaryimage\"},\"thumbnailUrl\":\"https:\/\/bewehrungstechnik.ch\/wp-content\/uploads\/2021\/05\/Top700-Foto-Stab.jpg\",\"datePublished\":\"2021-05-05T14:47:33+00:00\",\"dateModified\":\"2026-03-31T09:50:39+00:00\",\"description\":\"H\u00f6herfester Bewehrungsstahl Top700 der Duktilit\u00e4tsklasse B. Geeignet f\u00fcr besondere Anforderungen. Mehr Flexibilit\u00e4t durch h\u00f6here Festigkeit.\",\"breadcrumb\":{\"@id\":\"https:\/\/bewehrungstechnik.ch\/de-de\/product\/hoeherfester-bewehrungsstahl-top700\/#breadcrumb\"},\"inLanguage\":\"de\",\"potentialAction\":[{\"@type\":\"ReadAction\",\"target\":[\"https:\/\/bewehrungstechnik.ch\/de-de\/product\/hoeherfester-bewehrungsstahl-top700\/\"]}]},{\"@type\":\"ImageObject\",\"inLanguage\":\"de\",\"@id\":\"https:\/\/bewehrungstechnik.ch\/de-de\/product\/hoeherfester-bewehrungsstahl-top700\/#primaryimage\",\"url\":\"https:\/\/bewehrungstechnik.ch\/wp-content\/uploads\/2021\/05\/Top700-Foto-Stab.jpg\",\"contentUrl\":\"https:\/\/bewehrungstechnik.ch\/wp-content\/uploads\/2021\/05\/Top700-Foto-Stab.jpg\",\"width\":988,\"height\":805},{\"@type\":\"BreadcrumbList\",\"@id\":\"https:\/\/bewehrungstechnik.ch\/de-de\/product\/hoeherfester-bewehrungsstahl-top700\/#breadcrumb\",\"itemListElement\":[{\"@type\":\"ListItem\",\"position\":1,\"name\":\"Home\",\"item\":\"https:\/\/bewehrungstechnik.ch\/de-de\/\"},{\"@type\":\"ListItem\",\"position\":2,\"name\":\"Products\",\"item\":\"https:\/\/bewehrungstechnik.ch\/de-de\/products\/\"},{\"@type\":\"ListItem\",\"position\":3,\"name\":\"H\u00f6herfester Bewehrungsstahl Top700\"}]},{\"@type\":\"WebSite\",\"@id\":\"https:\/\/bewehrungstechnik.ch\/de-de\/#website\",\"url\":\"https:\/\/bewehrungstechnik.ch\/de-de\/\",\"name\":\"Bewehrungstechnik\",\"description\":\"Just another WordPress site\",\"publisher\":{\"@id\":\"https:\/\/bewehrungstechnik.ch\/de-de\/#organization\"},\"potentialAction\":[{\"@type\":\"SearchAction\",\"target\":{\"@type\":\"EntryPoint\",\"urlTemplate\":\"https:\/\/bewehrungstechnik.ch\/de-de\/?s={search_term_string}\"},\"query-input\":{\"@type\":\"PropertyValueSpecification\",\"valueRequired\":true,\"valueName\":\"search_term_string\"}}],\"inLanguage\":\"de\"},{\"@type\":\"Organization\",\"@id\":\"https:\/\/bewehrungstechnik.ch\/de-de\/#organization\",\"name\":\"Bewehrungstechnik\",\"url\":\"https:\/\/bewehrungstechnik.ch\/de-de\/\",\"logo\":{\"@type\":\"ImageObject\",\"inLanguage\":\"de\",\"@id\":\"https:\/\/bewehrungstechnik.ch\/de-de\/#\/schema\/logo\/image\/\",\"url\":\"https:\/\/bewehrungstechnik.ch\/wp-content\/uploads\/2021\/03\/logo.svg\",\"contentUrl\":\"https:\/\/bewehrungstechnik.ch\/wp-content\/uploads\/2021\/03\/logo.svg\",\"width\":436,\"height\":436,\"caption\":\"Bewehrungstechnik\"},\"image\":{\"@id\":\"https:\/\/bewehrungstechnik.ch\/de-de\/#\/schema\/logo\/image\/\"}}]}<\/script>\n<!-- \/ Yoast SEO plugin. -->","yoast_head_json":{"title":"Top700 Bewehrungsstahl | Debrunner Acifer Bewehrungen","description":"H\u00f6herfester Bewehrungsstahl Top700 der Duktilit\u00e4tsklasse B. Geeignet f\u00fcr besondere Anforderungen. Mehr Flexibilit\u00e4t durch h\u00f6here Festigkeit.","robots":{"index":"index","follow":"follow","max-snippet":"max-snippet:-1","max-image-preview":"max-image-preview:large","max-video-preview":"max-video-preview:-1"},"canonical":"https:\/\/bewehrungstechnik.ch\/de-de\/product\/hoeherfester-bewehrungsstahl-top700\/","og_locale":"de_DE","og_type":"article","og_title":"Top700 Bewehrungsstahl | Debrunner Acifer Bewehrungen","og_description":"H\u00f6herfester Bewehrungsstahl Top700 der Duktilit\u00e4tsklasse B. Geeignet f\u00fcr besondere Anforderungen. Mehr Flexibilit\u00e4t durch h\u00f6here Festigkeit.","og_url":"https:\/\/bewehrungstechnik.ch\/de-de\/product\/hoeherfester-bewehrungsstahl-top700\/","og_site_name":"Bewehrungstechnik","article_modified_time":"2026-03-31T09:50:39+00:00","og_image":[{"width":988,"height":805,"url":"https:\/\/bewehrungstechnik.ch\/wp-content\/uploads\/2021\/05\/Top700-Foto-Stab.jpg","type":"image\/jpeg"}],"twitter_card":"summary_large_image","schema":{"@context":"https:\/\/schema.org","@graph":[{"@type":"WebPage","@id":"https:\/\/bewehrungstechnik.ch\/de-de\/product\/hoeherfester-bewehrungsstahl-top700\/","url":"https:\/\/bewehrungstechnik.ch\/de-de\/product\/hoeherfester-bewehrungsstahl-top700\/","name":"Top700 Bewehrungsstahl | Debrunner Acifer Bewehrungen","isPartOf":{"@id":"https:\/\/bewehrungstechnik.ch\/de-de\/#website"},"primaryImageOfPage":{"@id":"https:\/\/bewehrungstechnik.ch\/de-de\/product\/hoeherfester-bewehrungsstahl-top700\/#primaryimage"},"image":{"@id":"https:\/\/bewehrungstechnik.ch\/de-de\/product\/hoeherfester-bewehrungsstahl-top700\/#primaryimage"},"thumbnailUrl":"https:\/\/bewehrungstechnik.ch\/wp-content\/uploads\/2021\/05\/Top700-Foto-Stab.jpg","datePublished":"2021-05-05T14:47:33+00:00","dateModified":"2026-03-31T09:50:39+00:00","description":"H\u00f6herfester Bewehrungsstahl Top700 der Duktilit\u00e4tsklasse B. Geeignet f\u00fcr besondere Anforderungen. Mehr Flexibilit\u00e4t durch h\u00f6here Festigkeit.","breadcrumb":{"@id":"https:\/\/bewehrungstechnik.ch\/de-de\/product\/hoeherfester-bewehrungsstahl-top700\/#breadcrumb"},"inLanguage":"de","potentialAction":[{"@type":"ReadAction","target":["https:\/\/bewehrungstechnik.ch\/de-de\/product\/hoeherfester-bewehrungsstahl-top700\/"]}]},{"@type":"ImageObject","inLanguage":"de","@id":"https:\/\/bewehrungstechnik.ch\/de-de\/product\/hoeherfester-bewehrungsstahl-top700\/#primaryimage","url":"https:\/\/bewehrungstechnik.ch\/wp-content\/uploads\/2021\/05\/Top700-Foto-Stab.jpg","contentUrl":"https:\/\/bewehrungstechnik.ch\/wp-content\/uploads\/2021\/05\/Top700-Foto-Stab.jpg","width":988,"height":805},{"@type":"BreadcrumbList","@id":"https:\/\/bewehrungstechnik.ch\/de-de\/product\/hoeherfester-bewehrungsstahl-top700\/#breadcrumb","itemListElement":[{"@type":"ListItem","position":1,"name":"Home","item":"https:\/\/bewehrungstechnik.ch\/de-de\/"},{"@type":"ListItem","position":2,"name":"Products","item":"https:\/\/bewehrungstechnik.ch\/de-de\/products\/"},{"@type":"ListItem","position":3,"name":"H\u00f6herfester Bewehrungsstahl Top700"}]},{"@type":"WebSite","@id":"https:\/\/bewehrungstechnik.ch\/de-de\/#website","url":"https:\/\/bewehrungstechnik.ch\/de-de\/","name":"Bewehrungstechnik","description":"Just another WordPress site","publisher":{"@id":"https:\/\/bewehrungstechnik.ch\/de-de\/#organization"},"potentialAction":[{"@type":"SearchAction","target":{"@type":"EntryPoint","urlTemplate":"https:\/\/bewehrungstechnik.ch\/de-de\/?s={search_term_string}"},"query-input":{"@type":"PropertyValueSpecification","valueRequired":true,"valueName":"search_term_string"}}],"inLanguage":"de"},{"@type":"Organization","@id":"https:\/\/bewehrungstechnik.ch\/de-de\/#organization","name":"Bewehrungstechnik","url":"https:\/\/bewehrungstechnik.ch\/de-de\/","logo":{"@type":"ImageObject","inLanguage":"de","@id":"https:\/\/bewehrungstechnik.ch\/de-de\/#\/schema\/logo\/image\/","url":"https:\/\/bewehrungstechnik.ch\/wp-content\/uploads\/2021\/03\/logo.svg","contentUrl":"https:\/\/bewehrungstechnik.ch\/wp-content\/uploads\/2021\/03\/logo.svg","width":436,"height":436,"caption":"Bewehrungstechnik"},"image":{"@id":"https:\/\/bewehrungstechnik.ch\/de-de\/#\/schema\/logo\/image\/"}}]}},"deac_custom_fields":{"product":{"brand":"Top700","name":"H\u00f6herfester Bewehrungsstahl"},"highlight_box":{"title":"F\u00fcr besondere Anforderungen","subtitle":"Mehr Flexibilit\u00e4t durch h\u00f6here Festigkeit im Stahl","text":"<ul>\n<li>H\u00f6herfester Bewehrungsstahl der Duktilit\u00e4tsklasse B<\/li>\n<li>Fliessgrenze fsk = 700 N\/mm2<\/li>\n<li>F\u00fcr hochbewehrte Bauteile<\/li>\n<li>Erm\u00f6glicht schlankeres Bauen und dadurch mehr nutzbaren Raum<\/li>\n<li>Reduziert den Arbeits- und Zeitaufwand auf der Baustelle bzw. in der Vorfabrikation<\/li>\n<\/ul>\n","media_type":"image","image":{"medium":"<img width=\"300\" height=\"244\" src=\"https:\/\/bewehrungstechnik.ch\/wp-content\/uploads\/2021\/05\/Top700-Foto-Stab-300x244.jpg\" class=\"%s\" alt=\"\" decoding=\"async\" loading=\"lazy\" srcset=\"https:\/\/bewehrungstechnik.ch\/wp-content\/uploads\/2021\/05\/Top700-Foto-Stab-300x244.jpg 300w, https:\/\/bewehrungstechnik.ch\/wp-content\/uploads\/2021\/05\/Top700-Foto-Stab-768x626.jpg 768w, https:\/\/bewehrungstechnik.ch\/wp-content\/uploads\/2021\/05\/Top700-Foto-Stab-436x355.jpg 436w, https:\/\/bewehrungstechnik.ch\/wp-content\/uploads\/2021\/05\/Top700-Foto-Stab-550x448.jpg 550w, https:\/\/bewehrungstechnik.ch\/wp-content\/uploads\/2021\/05\/Top700-Foto-Stab.jpg 988w\" sizes=\"auto, (max-width: 300px) 100vw, 300px\" \/>","medium_large":"<img width=\"768\" height=\"626\" src=\"https:\/\/bewehrungstechnik.ch\/wp-content\/uploads\/2021\/05\/Top700-Foto-Stab-768x626.jpg\" class=\"%s\" alt=\"\" decoding=\"async\" loading=\"lazy\" srcset=\"https:\/\/bewehrungstechnik.ch\/wp-content\/uploads\/2021\/05\/Top700-Foto-Stab-768x626.jpg 768w, https:\/\/bewehrungstechnik.ch\/wp-content\/uploads\/2021\/05\/Top700-Foto-Stab-300x244.jpg 300w, https:\/\/bewehrungstechnik.ch\/wp-content\/uploads\/2021\/05\/Top700-Foto-Stab-436x355.jpg 436w, https:\/\/bewehrungstechnik.ch\/wp-content\/uploads\/2021\/05\/Top700-Foto-Stab-550x448.jpg 550w, https:\/\/bewehrungstechnik.ch\/wp-content\/uploads\/2021\/05\/Top700-Foto-Stab.jpg 988w\" sizes=\"auto, (max-width: 768px) 100vw, 768px\" \/>","large":"<img width=\"988\" height=\"805\" src=\"https:\/\/bewehrungstechnik.ch\/wp-content\/uploads\/2021\/05\/Top700-Foto-Stab.jpg\" class=\"%s\" alt=\"\" decoding=\"async\" loading=\"lazy\" srcset=\"https:\/\/bewehrungstechnik.ch\/wp-content\/uploads\/2021\/05\/Top700-Foto-Stab.jpg 988w, https:\/\/bewehrungstechnik.ch\/wp-content\/uploads\/2021\/05\/Top700-Foto-Stab-300x244.jpg 300w, https:\/\/bewehrungstechnik.ch\/wp-content\/uploads\/2021\/05\/Top700-Foto-Stab-768x626.jpg 768w, https:\/\/bewehrungstechnik.ch\/wp-content\/uploads\/2021\/05\/Top700-Foto-Stab-436x355.jpg 436w, https:\/\/bewehrungstechnik.ch\/wp-content\/uploads\/2021\/05\/Top700-Foto-Stab-550x448.jpg 550w\" sizes=\"auto, (max-width: 988px) 100vw, 988px\" \/>","full":"<img width=\"988\" height=\"805\" src=\"https:\/\/bewehrungstechnik.ch\/wp-content\/uploads\/2021\/05\/Top700-Foto-Stab.jpg\" class=\"%s\" alt=\"\" decoding=\"async\" loading=\"lazy\" srcset=\"https:\/\/bewehrungstechnik.ch\/wp-content\/uploads\/2021\/05\/Top700-Foto-Stab.jpg 988w, https:\/\/bewehrungstechnik.ch\/wp-content\/uploads\/2021\/05\/Top700-Foto-Stab-300x244.jpg 300w, https:\/\/bewehrungstechnik.ch\/wp-content\/uploads\/2021\/05\/Top700-Foto-Stab-768x626.jpg 768w, https:\/\/bewehrungstechnik.ch\/wp-content\/uploads\/2021\/05\/Top700-Foto-Stab-436x355.jpg 436w, https:\/\/bewehrungstechnik.ch\/wp-content\/uploads\/2021\/05\/Top700-Foto-Stab-550x448.jpg 550w\" sizes=\"auto, (max-width: 988px) 100vw, 988px\" \/>"},"video_list":false},"downloads":[2055,1499,1503,1720,2067,1860,3146,3154,3060,4093,6109,1744,10932,10930],"description":[{"title":"Schlaff bewehrte Bauteile mit hohem Bewehrungsgehalt","text":"<p>Top700 ist ein h\u00f6herfester Betonstahl mit einer Fliessgrenze fsk von mindestens 700 N\/mm2. Gegen\u00fcber konventionellem Betonstahl B500B kann bei der Bemessung mit Top700 bei gleichen Duktilit\u00e4tseigenschaften eine um 40% h\u00f6here Fliessgrenze in Rechnung gestellt werden. Der erforderliche Stahlquerschnitt und somit die Stahlmenge lassen sich reduzieren, Bauteile sind schlanker projektierbar und auf der Baustelle wird das Einbringen und Verdichten des Betons vereinfacht.<\/p>\n"},{"title":"Anwendungen","text":"<p>Die Verwendung von Top700 empfiehlt sich bei folgenden Anwendungen:<\/p>\n<ul>\n<li>Schlaff bewehrte und hochbeanspruchte Bauteile mit hohem Bewehrungsgehalt (St\u00fctzen, Unterz\u00fcge, Zugb\u00e4nder, Pf\u00e4hle)<\/li>\n<li>Bauteile, bei welchen der Bewehrungsgehalt reduziert werden soll\/muss<br \/>\n\u00c4sthetische, schlanke Bauteile, die hochbeansprucht werden sollen<\/li>\n<li>Als zus\u00e4tzliche schlaffe Bewehrung bei teilweiser Vorspannung zur Vermeidung von Platzproblemen. Durch den Einsatz von weniger aber h\u00f6herfesterem Stahl werden die Platzverh\u00e4ltnisse beim Vibrieren des Betons verbessert<\/li>\n<\/ul>\n"},{"title":"BARTEC\u00ae TOP","text":"<p>Die Schraubverbindungen BARTEC\u00ae k\u00f6nnen auch mit dem h\u00f6herfestem Stahl Top700 geliefert werden. Alle Verbindungen wurden mit Erfolg an der EMPA gepr\u00fcft und sind zertifiziert.<\/p>\n"}]},"deac_featured_media":{"medium":"<img width=\"300\" height=\"244\" src=\"https:\/\/bewehrungstechnik.ch\/wp-content\/uploads\/2021\/05\/Top700-Foto-Stab-300x244.jpg\" class=\"%s\" alt=\"\" decoding=\"async\" loading=\"lazy\" srcset=\"https:\/\/bewehrungstechnik.ch\/wp-content\/uploads\/2021\/05\/Top700-Foto-Stab-300x244.jpg 300w, https:\/\/bewehrungstechnik.ch\/wp-content\/uploads\/2021\/05\/Top700-Foto-Stab-768x626.jpg 768w, https:\/\/bewehrungstechnik.ch\/wp-content\/uploads\/2021\/05\/Top700-Foto-Stab-436x355.jpg 436w, https:\/\/bewehrungstechnik.ch\/wp-content\/uploads\/2021\/05\/Top700-Foto-Stab-550x448.jpg 550w, https:\/\/bewehrungstechnik.ch\/wp-content\/uploads\/2021\/05\/Top700-Foto-Stab.jpg 988w\" sizes=\"auto, (max-width: 300px) 100vw, 300px\" \/>","medium_large":"<img width=\"768\" height=\"626\" src=\"https:\/\/bewehrungstechnik.ch\/wp-content\/uploads\/2021\/05\/Top700-Foto-Stab-768x626.jpg\" class=\"%s\" alt=\"\" decoding=\"async\" loading=\"lazy\" srcset=\"https:\/\/bewehrungstechnik.ch\/wp-content\/uploads\/2021\/05\/Top700-Foto-Stab-768x626.jpg 768w, https:\/\/bewehrungstechnik.ch\/wp-content\/uploads\/2021\/05\/Top700-Foto-Stab-300x244.jpg 300w, https:\/\/bewehrungstechnik.ch\/wp-content\/uploads\/2021\/05\/Top700-Foto-Stab-436x355.jpg 436w, https:\/\/bewehrungstechnik.ch\/wp-content\/uploads\/2021\/05\/Top700-Foto-Stab-550x448.jpg 550w, https:\/\/bewehrungstechnik.ch\/wp-content\/uploads\/2021\/05\/Top700-Foto-Stab.jpg 988w\" sizes=\"auto, (max-width: 768px) 100vw, 768px\" \/>","large":"<img width=\"988\" height=\"805\" src=\"https:\/\/bewehrungstechnik.ch\/wp-content\/uploads\/2021\/05\/Top700-Foto-Stab.jpg\" class=\"%s\" alt=\"\" decoding=\"async\" loading=\"lazy\" srcset=\"https:\/\/bewehrungstechnik.ch\/wp-content\/uploads\/2021\/05\/Top700-Foto-Stab.jpg 988w, https:\/\/bewehrungstechnik.ch\/wp-content\/uploads\/2021\/05\/Top700-Foto-Stab-300x244.jpg 300w, https:\/\/bewehrungstechnik.ch\/wp-content\/uploads\/2021\/05\/Top700-Foto-Stab-768x626.jpg 768w, https:\/\/bewehrungstechnik.ch\/wp-content\/uploads\/2021\/05\/Top700-Foto-Stab-436x355.jpg 436w, https:\/\/bewehrungstechnik.ch\/wp-content\/uploads\/2021\/05\/Top700-Foto-Stab-550x448.jpg 550w\" sizes=\"auto, (max-width: 988px) 100vw, 988px\" \/>","full":"<img width=\"988\" height=\"805\" src=\"https:\/\/bewehrungstechnik.ch\/wp-content\/uploads\/2021\/05\/Top700-Foto-Stab.jpg\" class=\"%s\" alt=\"\" decoding=\"async\" loading=\"lazy\" srcset=\"https:\/\/bewehrungstechnik.ch\/wp-content\/uploads\/2021\/05\/Top700-Foto-Stab.jpg 988w, https:\/\/bewehrungstechnik.ch\/wp-content\/uploads\/2021\/05\/Top700-Foto-Stab-300x244.jpg 300w, https:\/\/bewehrungstechnik.ch\/wp-content\/uploads\/2021\/05\/Top700-Foto-Stab-768x626.jpg 768w, https:\/\/bewehrungstechnik.ch\/wp-content\/uploads\/2021\/05\/Top700-Foto-Stab-436x355.jpg 436w, https:\/\/bewehrungstechnik.ch\/wp-content\/uploads\/2021\/05\/Top700-Foto-Stab-550x448.jpg 550w\" sizes=\"auto, (max-width: 988px) 100vw, 988px\" \/>"},"_links":{"self":[{"href":"https:\/\/bewehrungstechnik.ch\/de-de\/wp-json\/wp\/v2\/product\/10700","targetHints":{"allow":["GET"]}}],"collection":[{"href":"https:\/\/bewehrungstechnik.ch\/de-de\/wp-json\/wp\/v2\/product"}],"about":[{"href":"https:\/\/bewehrungstechnik.ch\/de-de\/wp-json\/wp\/v2\/types\/product"}],"wp:featuredmedia":[{"embeddable":true,"href":"https:\/\/bewehrungstechnik.ch\/de-de\/wp-json\/wp\/v2\/media\/10701"}],"wp:attachment":[{"href":"https:\/\/bewehrungstechnik.ch\/de-de\/wp-json\/wp\/v2\/media?parent=10700"}],"wp:term":[{"taxonomy":"product_category","embeddable":true,"href":"https:\/\/bewehrungstechnik.ch\/de-de\/wp-json\/wp\/v2\/product_category?post=10700"}],"curies":[{"name":"wp","href":"https:\/\/api.w.org\/{rel}","templated":true}]}}