{"id":10702,"date":"2021-05-05T14:05:40","date_gmt":"2021-05-05T14:05:40","guid":{"rendered":"https:\/\/bewehrungstechnik.ch\/product\/schraubbare-bewehrungsanschluesse-pyrabar\/"},"modified":"2026-03-31T11:45:39","modified_gmt":"2026-03-31T11:45:39","slug":"schraubbare-bewehrungsanschluesse-pyrabar","status":"publish","type":"product","link":"https:\/\/bewehrungstechnik.ch\/de-de\/product\/schraubbare-bewehrungsanschluesse-pyrabar\/","title":{"rendered":"Schraubbare Bewehrungsanschl\u00fcsse PYRABAR\u00ae"},"featured_media":10704,"menu_order":50,"template":"","product_category":[83],"class_list":["post-10702","product","type-product","status-publish","has-post-thumbnail","","product_category-bewehrungstechnik-de-de"],"acf":[],"yoast_head":"<!-- This site is optimized with the Yoast SEO plugin v27.2 - https:\/\/yoast.com\/product\/yoast-seo-wordpress\/ -->\n<title>PYRABAR\u00ae Bewehrungsanschl\u00fcsse | Debrunner Acifer Bewehrungen<\/title>\n<meta name=\"description\" content=\"Schraubbare Bewehrungsanschl\u00fcsse PYRABAR\u00ae f\u00fcr maximale Zugkraft und Querkraft\u00fcbertragung. Jetzt Bewehrungsanschl\u00fcsse entdecken!\" \/>\n<meta name=\"robots\" content=\"index, follow, max-snippet:-1, max-image-preview:large, max-video-preview:-1\" \/>\n<link rel=\"canonical\" href=\"https:\/\/bewehrungstechnik.ch\/de-de\/product\/schraubbare-bewehrungsanschluesse-pyrabar\/\" \/>\n<meta property=\"og:locale\" content=\"de_DE\" \/>\n<meta property=\"og:type\" content=\"article\" \/>\n<meta property=\"og:title\" content=\"PYRABAR\u00ae Bewehrungsanschl\u00fcsse | Debrunner Acifer Bewehrungen\" \/>\n<meta property=\"og:description\" content=\"Schraubbare Bewehrungsanschl\u00fcsse PYRABAR\u00ae f\u00fcr maximale Zugkraft und Querkraft\u00fcbertragung. Jetzt Bewehrungsanschl\u00fcsse entdecken!\" \/>\n<meta property=\"og:url\" content=\"https:\/\/bewehrungstechnik.ch\/de-de\/product\/schraubbare-bewehrungsanschluesse-pyrabar\/\" \/>\n<meta property=\"og:site_name\" content=\"Bewehrungstechnik\" \/>\n<meta property=\"article:modified_time\" content=\"2026-03-31T11:45:39+00:00\" \/>\n<meta property=\"og:image\" content=\"https:\/\/bewehrungstechnik.ch\/wp-content\/uploads\/2021\/05\/PYRABAR.jpg\" \/>\n\t<meta property=\"og:image:width\" content=\"2500\" \/>\n\t<meta property=\"og:image:height\" content=\"1887\" \/>\n\t<meta property=\"og:image:type\" content=\"image\/jpeg\" \/>\n<meta name=\"twitter:card\" content=\"summary_large_image\" \/>\n<script type=\"application\/ld+json\" class=\"yoast-schema-graph\">{\"@context\":\"https:\/\/schema.org\",\"@graph\":[{\"@type\":\"WebPage\",\"@id\":\"https:\/\/bewehrungstechnik.ch\/de-de\/product\/schraubbare-bewehrungsanschluesse-pyrabar\/\",\"url\":\"https:\/\/bewehrungstechnik.ch\/de-de\/product\/schraubbare-bewehrungsanschluesse-pyrabar\/\",\"name\":\"PYRABAR\u00ae Bewehrungsanschl\u00fcsse | Debrunner Acifer Bewehrungen\",\"isPartOf\":{\"@id\":\"https:\/\/bewehrungstechnik.ch\/de-de\/#website\"},\"primaryImageOfPage\":{\"@id\":\"https:\/\/bewehrungstechnik.ch\/de-de\/product\/schraubbare-bewehrungsanschluesse-pyrabar\/#primaryimage\"},\"image\":{\"@id\":\"https:\/\/bewehrungstechnik.ch\/de-de\/product\/schraubbare-bewehrungsanschluesse-pyrabar\/#primaryimage\"},\"thumbnailUrl\":\"https:\/\/bewehrungstechnik.ch\/wp-content\/uploads\/2021\/05\/PYRABAR.jpg\",\"datePublished\":\"2021-05-05T14:05:40+00:00\",\"dateModified\":\"2026-03-31T11:45:39+00:00\",\"description\":\"Schraubbare Bewehrungsanschl\u00fcsse PYRABAR\u00ae f\u00fcr maximale Zugkraft und Querkraft\u00fcbertragung. Jetzt Bewehrungsanschl\u00fcsse entdecken!\",\"breadcrumb\":{\"@id\":\"https:\/\/bewehrungstechnik.ch\/de-de\/product\/schraubbare-bewehrungsanschluesse-pyrabar\/#breadcrumb\"},\"inLanguage\":\"de\",\"potentialAction\":[{\"@type\":\"ReadAction\",\"target\":[\"https:\/\/bewehrungstechnik.ch\/de-de\/product\/schraubbare-bewehrungsanschluesse-pyrabar\/\"]}]},{\"@type\":\"ImageObject\",\"inLanguage\":\"de\",\"@id\":\"https:\/\/bewehrungstechnik.ch\/de-de\/product\/schraubbare-bewehrungsanschluesse-pyrabar\/#primaryimage\",\"url\":\"https:\/\/bewehrungstechnik.ch\/wp-content\/uploads\/2021\/05\/PYRABAR.jpg\",\"contentUrl\":\"https:\/\/bewehrungstechnik.ch\/wp-content\/uploads\/2021\/05\/PYRABAR.jpg\",\"width\":2500,\"height\":1887,\"caption\":\"Schraubbarer Bewehrungsanschluss PYRABAR\"},{\"@type\":\"BreadcrumbList\",\"@id\":\"https:\/\/bewehrungstechnik.ch\/de-de\/product\/schraubbare-bewehrungsanschluesse-pyrabar\/#breadcrumb\",\"itemListElement\":[{\"@type\":\"ListItem\",\"position\":1,\"name\":\"Home\",\"item\":\"https:\/\/bewehrungstechnik.ch\/de-de\/\"},{\"@type\":\"ListItem\",\"position\":2,\"name\":\"Products\",\"item\":\"https:\/\/bewehrungstechnik.ch\/de-de\/products\/\"},{\"@type\":\"ListItem\",\"position\":3,\"name\":\"Schraubbare Bewehrungsanschl\u00fcsse PYRABAR\u00ae\"}]},{\"@type\":\"WebSite\",\"@id\":\"https:\/\/bewehrungstechnik.ch\/de-de\/#website\",\"url\":\"https:\/\/bewehrungstechnik.ch\/de-de\/\",\"name\":\"Bewehrungstechnik\",\"description\":\"Just another WordPress site\",\"publisher\":{\"@id\":\"https:\/\/bewehrungstechnik.ch\/de-de\/#organization\"},\"potentialAction\":[{\"@type\":\"SearchAction\",\"target\":{\"@type\":\"EntryPoint\",\"urlTemplate\":\"https:\/\/bewehrungstechnik.ch\/de-de\/?s={search_term_string}\"},\"query-input\":{\"@type\":\"PropertyValueSpecification\",\"valueRequired\":true,\"valueName\":\"search_term_string\"}}],\"inLanguage\":\"de\"},{\"@type\":\"Organization\",\"@id\":\"https:\/\/bewehrungstechnik.ch\/de-de\/#organization\",\"name\":\"Bewehrungstechnik\",\"url\":\"https:\/\/bewehrungstechnik.ch\/de-de\/\",\"logo\":{\"@type\":\"ImageObject\",\"inLanguage\":\"de\",\"@id\":\"https:\/\/bewehrungstechnik.ch\/de-de\/#\/schema\/logo\/image\/\",\"url\":\"https:\/\/bewehrungstechnik.ch\/wp-content\/uploads\/2021\/03\/logo.svg\",\"contentUrl\":\"https:\/\/bewehrungstechnik.ch\/wp-content\/uploads\/2021\/03\/logo.svg\",\"width\":436,\"height\":436,\"caption\":\"Bewehrungstechnik\"},\"image\":{\"@id\":\"https:\/\/bewehrungstechnik.ch\/de-de\/#\/schema\/logo\/image\/\"}}]}<\/script>\n<!-- \/ Yoast SEO plugin. -->","yoast_head_json":{"title":"PYRABAR\u00ae Bewehrungsanschl\u00fcsse | Debrunner Acifer Bewehrungen","description":"Schraubbare Bewehrungsanschl\u00fcsse PYRABAR\u00ae f\u00fcr maximale Zugkraft und Querkraft\u00fcbertragung. Jetzt Bewehrungsanschl\u00fcsse entdecken!","robots":{"index":"index","follow":"follow","max-snippet":"max-snippet:-1","max-image-preview":"max-image-preview:large","max-video-preview":"max-video-preview:-1"},"canonical":"https:\/\/bewehrungstechnik.ch\/de-de\/product\/schraubbare-bewehrungsanschluesse-pyrabar\/","og_locale":"de_DE","og_type":"article","og_title":"PYRABAR\u00ae Bewehrungsanschl\u00fcsse | Debrunner Acifer Bewehrungen","og_description":"Schraubbare Bewehrungsanschl\u00fcsse PYRABAR\u00ae f\u00fcr maximale Zugkraft und Querkraft\u00fcbertragung. Jetzt Bewehrungsanschl\u00fcsse entdecken!","og_url":"https:\/\/bewehrungstechnik.ch\/de-de\/product\/schraubbare-bewehrungsanschluesse-pyrabar\/","og_site_name":"Bewehrungstechnik","article_modified_time":"2026-03-31T11:45:39+00:00","og_image":[{"width":2500,"height":1887,"url":"https:\/\/bewehrungstechnik.ch\/wp-content\/uploads\/2021\/05\/PYRABAR.jpg","type":"image\/jpeg"}],"twitter_card":"summary_large_image","schema":{"@context":"https:\/\/schema.org","@graph":[{"@type":"WebPage","@id":"https:\/\/bewehrungstechnik.ch\/de-de\/product\/schraubbare-bewehrungsanschluesse-pyrabar\/","url":"https:\/\/bewehrungstechnik.ch\/de-de\/product\/schraubbare-bewehrungsanschluesse-pyrabar\/","name":"PYRABAR\u00ae Bewehrungsanschl\u00fcsse | Debrunner Acifer Bewehrungen","isPartOf":{"@id":"https:\/\/bewehrungstechnik.ch\/de-de\/#website"},"primaryImageOfPage":{"@id":"https:\/\/bewehrungstechnik.ch\/de-de\/product\/schraubbare-bewehrungsanschluesse-pyrabar\/#primaryimage"},"image":{"@id":"https:\/\/bewehrungstechnik.ch\/de-de\/product\/schraubbare-bewehrungsanschluesse-pyrabar\/#primaryimage"},"thumbnailUrl":"https:\/\/bewehrungstechnik.ch\/wp-content\/uploads\/2021\/05\/PYRABAR.jpg","datePublished":"2021-05-05T14:05:40+00:00","dateModified":"2026-03-31T11:45:39+00:00","description":"Schraubbare Bewehrungsanschl\u00fcsse PYRABAR\u00ae f\u00fcr maximale Zugkraft und Querkraft\u00fcbertragung. Jetzt Bewehrungsanschl\u00fcsse entdecken!","breadcrumb":{"@id":"https:\/\/bewehrungstechnik.ch\/de-de\/product\/schraubbare-bewehrungsanschluesse-pyrabar\/#breadcrumb"},"inLanguage":"de","potentialAction":[{"@type":"ReadAction","target":["https:\/\/bewehrungstechnik.ch\/de-de\/product\/schraubbare-bewehrungsanschluesse-pyrabar\/"]}]},{"@type":"ImageObject","inLanguage":"de","@id":"https:\/\/bewehrungstechnik.ch\/de-de\/product\/schraubbare-bewehrungsanschluesse-pyrabar\/#primaryimage","url":"https:\/\/bewehrungstechnik.ch\/wp-content\/uploads\/2021\/05\/PYRABAR.jpg","contentUrl":"https:\/\/bewehrungstechnik.ch\/wp-content\/uploads\/2021\/05\/PYRABAR.jpg","width":2500,"height":1887,"caption":"Schraubbarer Bewehrungsanschluss PYRABAR"},{"@type":"BreadcrumbList","@id":"https:\/\/bewehrungstechnik.ch\/de-de\/product\/schraubbare-bewehrungsanschluesse-pyrabar\/#breadcrumb","itemListElement":[{"@type":"ListItem","position":1,"name":"Home","item":"https:\/\/bewehrungstechnik.ch\/de-de\/"},{"@type":"ListItem","position":2,"name":"Products","item":"https:\/\/bewehrungstechnik.ch\/de-de\/products\/"},{"@type":"ListItem","position":3,"name":"Schraubbare Bewehrungsanschl\u00fcsse PYRABAR\u00ae"}]},{"@type":"WebSite","@id":"https:\/\/bewehrungstechnik.ch\/de-de\/#website","url":"https:\/\/bewehrungstechnik.ch\/de-de\/","name":"Bewehrungstechnik","description":"Just another WordPress site","publisher":{"@id":"https:\/\/bewehrungstechnik.ch\/de-de\/#organization"},"potentialAction":[{"@type":"SearchAction","target":{"@type":"EntryPoint","urlTemplate":"https:\/\/bewehrungstechnik.ch\/de-de\/?s={search_term_string}"},"query-input":{"@type":"PropertyValueSpecification","valueRequired":true,"valueName":"search_term_string"}}],"inLanguage":"de"},{"@type":"Organization","@id":"https:\/\/bewehrungstechnik.ch\/de-de\/#organization","name":"Bewehrungstechnik","url":"https:\/\/bewehrungstechnik.ch\/de-de\/","logo":{"@type":"ImageObject","inLanguage":"de","@id":"https:\/\/bewehrungstechnik.ch\/de-de\/#\/schema\/logo\/image\/","url":"https:\/\/bewehrungstechnik.ch\/wp-content\/uploads\/2021\/03\/logo.svg","contentUrl":"https:\/\/bewehrungstechnik.ch\/wp-content\/uploads\/2021\/03\/logo.svg","width":436,"height":436,"caption":"Bewehrungstechnik"},"image":{"@id":"https:\/\/bewehrungstechnik.ch\/de-de\/#\/schema\/logo\/image\/"}}]}},"deac_custom_fields":{"product":{"brand":"PYRABAR\u00ae","name":"Schraubbare Bewehrungsanschl\u00fcsse"},"highlight_box":{"title":"F\u00fcr maximale Zugkraft und Querkraft\u00fcbertragung","subtitle":"Bewehrungsanschl\u00fcsse f\u00fcr hohe Querkraftaufnahme zusammen mit der bew\u00e4hrten BARTEC\u00ae-Schraubverbindungen","text":"<ul>\n<li>Patentierte, biaxiale PYRAX\u00ae-Querkraft\u00fcbertragung<\/li>\n<li>Er\u00fcbrigt ein Aufrauhen von Arbeitsfugen<\/li>\n<li>Bewehrungsst\u00e4be \u00d812 bis \u00d820 mm<\/li>\n<li>CH-Produktion<\/li>\n<\/ul>\n","media_type":"image","image":{"medium":"<img width=\"300\" height=\"226\" src=\"https:\/\/bewehrungstechnik.ch\/wp-content\/uploads\/2021\/05\/PYRABAR-300x226.jpg\" class=\"%s\" alt=\"Schraubbarer Bewehrungsanschluss PYRABAR\" decoding=\"async\" loading=\"lazy\" srcset=\"https:\/\/bewehrungstechnik.ch\/wp-content\/uploads\/2021\/05\/PYRABAR-300x226.jpg 300w, https:\/\/bewehrungstechnik.ch\/wp-content\/uploads\/2021\/05\/PYRABAR-1024x773.jpg 1024w, https:\/\/bewehrungstechnik.ch\/wp-content\/uploads\/2021\/05\/PYRABAR-768x580.jpg 768w, https:\/\/bewehrungstechnik.ch\/wp-content\/uploads\/2021\/05\/PYRABAR-1536x1159.jpg 1536w, https:\/\/bewehrungstechnik.ch\/wp-content\/uploads\/2021\/05\/PYRABAR-2048x1546.jpg 2048w, https:\/\/bewehrungstechnik.ch\/wp-content\/uploads\/2021\/05\/PYRABAR-436x329.jpg 436w, https:\/\/bewehrungstechnik.ch\/wp-content\/uploads\/2021\/05\/PYRABAR-550x415.jpg 550w\" sizes=\"auto, (max-width: 300px) 100vw, 300px\" \/>","medium_large":"<img width=\"768\" height=\"580\" src=\"https:\/\/bewehrungstechnik.ch\/wp-content\/uploads\/2021\/05\/PYRABAR-768x580.jpg\" class=\"%s\" alt=\"Schraubbarer Bewehrungsanschluss PYRABAR\" decoding=\"async\" loading=\"lazy\" srcset=\"https:\/\/bewehrungstechnik.ch\/wp-content\/uploads\/2021\/05\/PYRABAR-768x580.jpg 768w, https:\/\/bewehrungstechnik.ch\/wp-content\/uploads\/2021\/05\/PYRABAR-300x226.jpg 300w, https:\/\/bewehrungstechnik.ch\/wp-content\/uploads\/2021\/05\/PYRABAR-1024x773.jpg 1024w, https:\/\/bewehrungstechnik.ch\/wp-content\/uploads\/2021\/05\/PYRABAR-1536x1159.jpg 1536w, https:\/\/bewehrungstechnik.ch\/wp-content\/uploads\/2021\/05\/PYRABAR-2048x1546.jpg 2048w, https:\/\/bewehrungstechnik.ch\/wp-content\/uploads\/2021\/05\/PYRABAR-436x329.jpg 436w, https:\/\/bewehrungstechnik.ch\/wp-content\/uploads\/2021\/05\/PYRABAR-550x415.jpg 550w\" sizes=\"auto, (max-width: 768px) 100vw, 768px\" \/>","large":"<img width=\"1024\" height=\"773\" src=\"https:\/\/bewehrungstechnik.ch\/wp-content\/uploads\/2021\/05\/PYRABAR-1024x773.jpg\" class=\"%s\" alt=\"Schraubbarer Bewehrungsanschluss PYRABAR\" decoding=\"async\" loading=\"lazy\" srcset=\"https:\/\/bewehrungstechnik.ch\/wp-content\/uploads\/2021\/05\/PYRABAR-1024x773.jpg 1024w, https:\/\/bewehrungstechnik.ch\/wp-content\/uploads\/2021\/05\/PYRABAR-300x226.jpg 300w, https:\/\/bewehrungstechnik.ch\/wp-content\/uploads\/2021\/05\/PYRABAR-768x580.jpg 768w, https:\/\/bewehrungstechnik.ch\/wp-content\/uploads\/2021\/05\/PYRABAR-1536x1159.jpg 1536w, https:\/\/bewehrungstechnik.ch\/wp-content\/uploads\/2021\/05\/PYRABAR-2048x1546.jpg 2048w, https:\/\/bewehrungstechnik.ch\/wp-content\/uploads\/2021\/05\/PYRABAR-436x329.jpg 436w, https:\/\/bewehrungstechnik.ch\/wp-content\/uploads\/2021\/05\/PYRABAR-550x415.jpg 550w\" sizes=\"auto, (max-width: 1024px) 100vw, 1024px\" \/>","full":"<img width=\"2500\" height=\"1887\" src=\"https:\/\/bewehrungstechnik.ch\/wp-content\/uploads\/2021\/05\/PYRABAR.jpg\" class=\"%s\" alt=\"Schraubbarer Bewehrungsanschluss PYRABAR\" decoding=\"async\" loading=\"lazy\" srcset=\"https:\/\/bewehrungstechnik.ch\/wp-content\/uploads\/2021\/05\/PYRABAR.jpg 2500w, https:\/\/bewehrungstechnik.ch\/wp-content\/uploads\/2021\/05\/PYRABAR-300x226.jpg 300w, https:\/\/bewehrungstechnik.ch\/wp-content\/uploads\/2021\/05\/PYRABAR-1024x773.jpg 1024w, https:\/\/bewehrungstechnik.ch\/wp-content\/uploads\/2021\/05\/PYRABAR-768x580.jpg 768w, https:\/\/bewehrungstechnik.ch\/wp-content\/uploads\/2021\/05\/PYRABAR-1536x1159.jpg 1536w, https:\/\/bewehrungstechnik.ch\/wp-content\/uploads\/2021\/05\/PYRABAR-2048x1546.jpg 2048w, https:\/\/bewehrungstechnik.ch\/wp-content\/uploads\/2021\/05\/PYRABAR-436x329.jpg 436w, https:\/\/bewehrungstechnik.ch\/wp-content\/uploads\/2021\/05\/PYRABAR-550x415.jpg 550w\" sizes=\"auto, (max-width: 2500px) 100vw, 2500px\" \/>"},"video_list":false},"downloads":[10085,10103,2028,10119,4673,6112],"description":[{"title":"PYRABAR\u00ae f\u00fcr h\u00f6chste Zugkraft und Querkraft\u00fcbertragung","text":"<p>Gegen\u00fcber unseren PYRATOP\u00ae Bewehrungsanschl\u00fcssen mit biaxialer Querkraftaufnahme erm\u00f6glicht PYRABAR\u00ae gr\u00f6ssere Stabdurchmesser von bis zu \u00d820 mm. Hierdurch lassen sich Querkr\u00e4fte bis zu 1000 kN\/m \u00fcbertragen und auch Einspannungen realisieren.<\/p>\n"},{"title":"PYRAX\u00ae-Technologie","text":"<p>Die schachbrettartig angeordneten Pyramidenst\u00fcmpfe gew\u00e4hrleisten ein Maximum an richtungsunabh\u00e4ngiger Querkraft\u00fcbertragung in der Fuge.<br \/>\nDer Beton Schubfl\u00e4chenanteil am Blech\u00fcbergang liegt bei 85% der Gesamtfl\u00e4che des Bewehrungsanschlusses. Dieser Schubfl\u00e4chenanteil ver\u00e4ndert sich \u00fcber die Blechtiefe durch die patentierte Geometrie gleichm\u00e4ssig, wodurch die \u00dcbertragung der hohen Querkraft sicher gew\u00e4hrleistet wird.<br \/>\nDie Wirkung des hohen Schubfl\u00e4chenanteils des Betons am Blech\u00fcbergang wurde durch Versuche best\u00e4tigt.<br \/>\nDie Bemessung der PYRAX\u00ae Fuge erfolgt \u00fcber die Biege- und Querkraftnachweise der Norm SIA 262. PYRABAR\u00ae ist auch bei Erdbebenanwendungen einsetzbar.<\/p>\n"},{"title":"Bew\u00e4hrte BARTEC\u00ae-Schraubverbindungen","text":"<p>Alle Vorteile der bew\u00e4hrten BARTEC\u00ae-Schraubverbindungen sind bei PYRABAR\u00ae vorhanden. Das einschrauben von Hand, ohne Werkzeuge, erm\u00f6glicht eine sichere und einfache Montage in der 2. Etappe.<\/p>\n"},{"title":"Umfangreiches Sortiment","text":"<p>5 unterschiedliche Kastentypen in der 1. Etappe mit je 5 Kastenbreiten und 3 Standard-Kastenl\u00e4ngen bieten f\u00fcr jeden Einsatzfall die passende Anschlussl\u00f6sung.<br \/>\nF\u00fcr die 2. Etappe sind 4 Stabtypen vorhanden. Bei geraden St\u00e4be k\u00f6nnen L\u00e4ngen bis zu 14 m geliefert werden. Sonderanfertigungen sind nach Absprache m\u00f6glich.<\/p>\n"}]},"deac_featured_media":{"medium":"<img width=\"300\" height=\"226\" src=\"https:\/\/bewehrungstechnik.ch\/wp-content\/uploads\/2021\/05\/PYRABAR-300x226.jpg\" class=\"%s\" alt=\"Schraubbarer Bewehrungsanschluss PYRABAR\" decoding=\"async\" loading=\"lazy\" srcset=\"https:\/\/bewehrungstechnik.ch\/wp-content\/uploads\/2021\/05\/PYRABAR-300x226.jpg 300w, https:\/\/bewehrungstechnik.ch\/wp-content\/uploads\/2021\/05\/PYRABAR-1024x773.jpg 1024w, https:\/\/bewehrungstechnik.ch\/wp-content\/uploads\/2021\/05\/PYRABAR-768x580.jpg 768w, https:\/\/bewehrungstechnik.ch\/wp-content\/uploads\/2021\/05\/PYRABAR-1536x1159.jpg 1536w, https:\/\/bewehrungstechnik.ch\/wp-content\/uploads\/2021\/05\/PYRABAR-2048x1546.jpg 2048w, https:\/\/bewehrungstechnik.ch\/wp-content\/uploads\/2021\/05\/PYRABAR-436x329.jpg 436w, https:\/\/bewehrungstechnik.ch\/wp-content\/uploads\/2021\/05\/PYRABAR-550x415.jpg 550w\" sizes=\"auto, (max-width: 300px) 100vw, 300px\" \/>","medium_large":"<img width=\"768\" height=\"580\" src=\"https:\/\/bewehrungstechnik.ch\/wp-content\/uploads\/2021\/05\/PYRABAR-768x580.jpg\" class=\"%s\" alt=\"Schraubbarer Bewehrungsanschluss PYRABAR\" decoding=\"async\" loading=\"lazy\" srcset=\"https:\/\/bewehrungstechnik.ch\/wp-content\/uploads\/2021\/05\/PYRABAR-768x580.jpg 768w, https:\/\/bewehrungstechnik.ch\/wp-content\/uploads\/2021\/05\/PYRABAR-300x226.jpg 300w, https:\/\/bewehrungstechnik.ch\/wp-content\/uploads\/2021\/05\/PYRABAR-1024x773.jpg 1024w, https:\/\/bewehrungstechnik.ch\/wp-content\/uploads\/2021\/05\/PYRABAR-1536x1159.jpg 1536w, https:\/\/bewehrungstechnik.ch\/wp-content\/uploads\/2021\/05\/PYRABAR-2048x1546.jpg 2048w, https:\/\/bewehrungstechnik.ch\/wp-content\/uploads\/2021\/05\/PYRABAR-436x329.jpg 436w, https:\/\/bewehrungstechnik.ch\/wp-content\/uploads\/2021\/05\/PYRABAR-550x415.jpg 550w\" sizes=\"auto, (max-width: 768px) 100vw, 768px\" \/>","large":"<img width=\"1024\" height=\"773\" src=\"https:\/\/bewehrungstechnik.ch\/wp-content\/uploads\/2021\/05\/PYRABAR-1024x773.jpg\" class=\"%s\" alt=\"Schraubbarer Bewehrungsanschluss PYRABAR\" decoding=\"async\" loading=\"lazy\" srcset=\"https:\/\/bewehrungstechnik.ch\/wp-content\/uploads\/2021\/05\/PYRABAR-1024x773.jpg 1024w, https:\/\/bewehrungstechnik.ch\/wp-content\/uploads\/2021\/05\/PYRABAR-300x226.jpg 300w, https:\/\/bewehrungstechnik.ch\/wp-content\/uploads\/2021\/05\/PYRABAR-768x580.jpg 768w, https:\/\/bewehrungstechnik.ch\/wp-content\/uploads\/2021\/05\/PYRABAR-1536x1159.jpg 1536w, https:\/\/bewehrungstechnik.ch\/wp-content\/uploads\/2021\/05\/PYRABAR-2048x1546.jpg 2048w, https:\/\/bewehrungstechnik.ch\/wp-content\/uploads\/2021\/05\/PYRABAR-436x329.jpg 436w, https:\/\/bewehrungstechnik.ch\/wp-content\/uploads\/2021\/05\/PYRABAR-550x415.jpg 550w\" sizes=\"auto, (max-width: 1024px) 100vw, 1024px\" \/>","full":"<img width=\"2500\" height=\"1887\" src=\"https:\/\/bewehrungstechnik.ch\/wp-content\/uploads\/2021\/05\/PYRABAR.jpg\" class=\"%s\" alt=\"Schraubbarer Bewehrungsanschluss PYRABAR\" decoding=\"async\" loading=\"lazy\" srcset=\"https:\/\/bewehrungstechnik.ch\/wp-content\/uploads\/2021\/05\/PYRABAR.jpg 2500w, https:\/\/bewehrungstechnik.ch\/wp-content\/uploads\/2021\/05\/PYRABAR-300x226.jpg 300w, https:\/\/bewehrungstechnik.ch\/wp-content\/uploads\/2021\/05\/PYRABAR-1024x773.jpg 1024w, https:\/\/bewehrungstechnik.ch\/wp-content\/uploads\/2021\/05\/PYRABAR-768x580.jpg 768w, https:\/\/bewehrungstechnik.ch\/wp-content\/uploads\/2021\/05\/PYRABAR-1536x1159.jpg 1536w, https:\/\/bewehrungstechnik.ch\/wp-content\/uploads\/2021\/05\/PYRABAR-2048x1546.jpg 2048w, https:\/\/bewehrungstechnik.ch\/wp-content\/uploads\/2021\/05\/PYRABAR-436x329.jpg 436w, https:\/\/bewehrungstechnik.ch\/wp-content\/uploads\/2021\/05\/PYRABAR-550x415.jpg 550w\" sizes=\"auto, (max-width: 2500px) 100vw, 2500px\" \/>"},"_links":{"self":[{"href":"https:\/\/bewehrungstechnik.ch\/de-de\/wp-json\/wp\/v2\/product\/10702","targetHints":{"allow":["GET"]}}],"collection":[{"href":"https:\/\/bewehrungstechnik.ch\/de-de\/wp-json\/wp\/v2\/product"}],"about":[{"href":"https:\/\/bewehrungstechnik.ch\/de-de\/wp-json\/wp\/v2\/types\/product"}],"wp:featuredmedia":[{"embeddable":true,"href":"https:\/\/bewehrungstechnik.ch\/de-de\/wp-json\/wp\/v2\/media\/10704"}],"wp:attachment":[{"href":"https:\/\/bewehrungstechnik.ch\/de-de\/wp-json\/wp\/v2\/media?parent=10702"}],"wp:term":[{"taxonomy":"product_category","embeddable":true,"href":"https:\/\/bewehrungstechnik.ch\/de-de\/wp-json\/wp\/v2\/product_category?post=10702"}],"curies":[{"name":"wp","href":"https:\/\/api.w.org\/{rel}","templated":true}]}}