{"id":10721,"date":"2021-05-05T14:12:02","date_gmt":"2021-05-05T14:12:02","guid":{"rendered":"https:\/\/bewehrungstechnik.ch\/product\/bewehrungsanschluesse-pyratop\/"},"modified":"2026-03-31T11:47:47","modified_gmt":"2026-03-31T11:47:47","slug":"bewehrungsanschluesse-pyratop","status":"publish","type":"product","link":"https:\/\/bewehrungstechnik.ch\/de-de\/product\/bewehrungsanschluesse-pyratop\/","title":{"rendered":"Bewehrungsanschl\u00fcsse PYRATOP\u00ae"},"featured_media":10722,"menu_order":60,"template":"","product_category":[83],"class_list":["post-10721","product","type-product","status-publish","has-post-thumbnail","","product_category-bewehrungstechnik-de-de"],"acf":[],"yoast_head":"<!-- This site is optimized with the Yoast SEO plugin v27.4 - https:\/\/yoast.com\/product\/yoast-seo-wordpress\/ -->\n<title>PYRATOP\u00ae Bewehrungsanschl\u00fcsse | Debrunner Acifer Bewehrungen<\/title>\n<meta name=\"description\" content=\"R\u00fcckbiegeanschluss mit hoher Querkraftaufnahme f\u00fcr Arbeitsfugen ohne Bewehrungsdurchdringung. Bewehrungsanschl\u00fcsse PYRATOP\u00ae - jetzt entdecken!\" \/>\n<meta name=\"robots\" content=\"index, follow, max-snippet:-1, max-image-preview:large, max-video-preview:-1\" \/>\n<link rel=\"canonical\" href=\"https:\/\/bewehrungstechnik.ch\/de-de\/product\/bewehrungsanschluesse-pyratop\/\" \/>\n<meta property=\"og:locale\" content=\"de_DE\" \/>\n<meta property=\"og:type\" content=\"article\" \/>\n<meta property=\"og:title\" content=\"PYRATOP\u00ae Bewehrungsanschl\u00fcsse | Debrunner Acifer Bewehrungen\" \/>\n<meta property=\"og:description\" content=\"R\u00fcckbiegeanschluss mit hoher Querkraftaufnahme f\u00fcr Arbeitsfugen ohne Bewehrungsdurchdringung. Bewehrungsanschl\u00fcsse PYRATOP\u00ae - jetzt entdecken!\" \/>\n<meta property=\"og:url\" content=\"https:\/\/bewehrungstechnik.ch\/de-de\/product\/bewehrungsanschluesse-pyratop\/\" \/>\n<meta property=\"og:site_name\" content=\"Bewehrungstechnik\" \/>\n<meta property=\"article:modified_time\" content=\"2026-03-31T11:47:47+00:00\" \/>\n<meta property=\"og:image\" content=\"https:\/\/bewehrungstechnik.ch\/wp-content\/uploads\/2021\/05\/PYRATOP.jpg\" \/>\n\t<meta property=\"og:image:width\" content=\"1920\" \/>\n\t<meta property=\"og:image:height\" content=\"1306\" \/>\n\t<meta property=\"og:image:type\" content=\"image\/jpeg\" \/>\n<meta name=\"twitter:card\" content=\"summary_large_image\" \/>\n<script type=\"application\/ld+json\" class=\"yoast-schema-graph\">{\"@context\":\"https:\\\/\\\/schema.org\",\"@graph\":[{\"@type\":\"WebPage\",\"@id\":\"https:\\\/\\\/bewehrungstechnik.ch\\\/de-de\\\/product\\\/bewehrungsanschluesse-pyratop\\\/\",\"url\":\"https:\\\/\\\/bewehrungstechnik.ch\\\/de-de\\\/product\\\/bewehrungsanschluesse-pyratop\\\/\",\"name\":\"PYRATOP\u00ae Bewehrungsanschl\u00fcsse | Debrunner Acifer Bewehrungen\",\"isPartOf\":{\"@id\":\"https:\\\/\\\/bewehrungstechnik.ch\\\/de-de\\\/#website\"},\"primaryImageOfPage\":{\"@id\":\"https:\\\/\\\/bewehrungstechnik.ch\\\/de-de\\\/product\\\/bewehrungsanschluesse-pyratop\\\/#primaryimage\"},\"image\":{\"@id\":\"https:\\\/\\\/bewehrungstechnik.ch\\\/de-de\\\/product\\\/bewehrungsanschluesse-pyratop\\\/#primaryimage\"},\"thumbnailUrl\":\"https:\\\/\\\/bewehrungstechnik.ch\\\/wp-content\\\/uploads\\\/2021\\\/05\\\/PYRATOP.jpg\",\"datePublished\":\"2021-05-05T14:12:02+00:00\",\"dateModified\":\"2026-03-31T11:47:47+00:00\",\"description\":\"R\u00fcckbiegeanschluss mit hoher Querkraftaufnahme f\u00fcr Arbeitsfugen ohne Bewehrungsdurchdringung. Bewehrungsanschl\u00fcsse PYRATOP\u00ae - jetzt entdecken!\",\"breadcrumb\":{\"@id\":\"https:\\\/\\\/bewehrungstechnik.ch\\\/de-de\\\/product\\\/bewehrungsanschluesse-pyratop\\\/#breadcrumb\"},\"inLanguage\":\"de\",\"potentialAction\":[{\"@type\":\"ReadAction\",\"target\":[\"https:\\\/\\\/bewehrungstechnik.ch\\\/de-de\\\/product\\\/bewehrungsanschluesse-pyratop\\\/\"]}]},{\"@type\":\"ImageObject\",\"inLanguage\":\"de\",\"@id\":\"https:\\\/\\\/bewehrungstechnik.ch\\\/de-de\\\/product\\\/bewehrungsanschluesse-pyratop\\\/#primaryimage\",\"url\":\"https:\\\/\\\/bewehrungstechnik.ch\\\/wp-content\\\/uploads\\\/2021\\\/05\\\/PYRATOP.jpg\",\"contentUrl\":\"https:\\\/\\\/bewehrungstechnik.ch\\\/wp-content\\\/uploads\\\/2021\\\/05\\\/PYRATOP.jpg\",\"width\":1920,\"height\":1306,\"caption\":\"pyratop\"},{\"@type\":\"BreadcrumbList\",\"@id\":\"https:\\\/\\\/bewehrungstechnik.ch\\\/de-de\\\/product\\\/bewehrungsanschluesse-pyratop\\\/#breadcrumb\",\"itemListElement\":[{\"@type\":\"ListItem\",\"position\":1,\"name\":\"Home\",\"item\":\"https:\\\/\\\/bewehrungstechnik.ch\\\/de-de\\\/\"},{\"@type\":\"ListItem\",\"position\":2,\"name\":\"Products\",\"item\":\"https:\\\/\\\/bewehrungstechnik.ch\\\/de-de\\\/products\\\/\"},{\"@type\":\"ListItem\",\"position\":3,\"name\":\"Bewehrungsanschl\u00fcsse PYRATOP\u00ae\"}]},{\"@type\":\"WebSite\",\"@id\":\"https:\\\/\\\/bewehrungstechnik.ch\\\/de-de\\\/#website\",\"url\":\"https:\\\/\\\/bewehrungstechnik.ch\\\/de-de\\\/\",\"name\":\"Bewehrungstechnik\",\"description\":\"Just another WordPress site\",\"publisher\":{\"@id\":\"https:\\\/\\\/bewehrungstechnik.ch\\\/de-de\\\/#organization\"},\"potentialAction\":[{\"@type\":\"SearchAction\",\"target\":{\"@type\":\"EntryPoint\",\"urlTemplate\":\"https:\\\/\\\/bewehrungstechnik.ch\\\/de-de\\\/?s={search_term_string}\"},\"query-input\":{\"@type\":\"PropertyValueSpecification\",\"valueRequired\":true,\"valueName\":\"search_term_string\"}}],\"inLanguage\":\"de\"},{\"@type\":\"Organization\",\"@id\":\"https:\\\/\\\/bewehrungstechnik.ch\\\/de-de\\\/#organization\",\"name\":\"Bewehrungstechnik\",\"url\":\"https:\\\/\\\/bewehrungstechnik.ch\\\/de-de\\\/\",\"logo\":{\"@type\":\"ImageObject\",\"inLanguage\":\"de\",\"@id\":\"https:\\\/\\\/bewehrungstechnik.ch\\\/de-de\\\/#\\\/schema\\\/logo\\\/image\\\/\",\"url\":\"https:\\\/\\\/bewehrungstechnik.ch\\\/wp-content\\\/uploads\\\/2021\\\/03\\\/logo.svg\",\"contentUrl\":\"https:\\\/\\\/bewehrungstechnik.ch\\\/wp-content\\\/uploads\\\/2021\\\/03\\\/logo.svg\",\"width\":436,\"height\":436,\"caption\":\"Bewehrungstechnik\"},\"image\":{\"@id\":\"https:\\\/\\\/bewehrungstechnik.ch\\\/de-de\\\/#\\\/schema\\\/logo\\\/image\\\/\"}}]}<\/script>\n<!-- \/ Yoast SEO plugin. -->","yoast_head_json":{"title":"PYRATOP\u00ae Bewehrungsanschl\u00fcsse | Debrunner Acifer Bewehrungen","description":"R\u00fcckbiegeanschluss mit hoher Querkraftaufnahme f\u00fcr Arbeitsfugen ohne Bewehrungsdurchdringung. Bewehrungsanschl\u00fcsse PYRATOP\u00ae - jetzt entdecken!","robots":{"index":"index","follow":"follow","max-snippet":"max-snippet:-1","max-image-preview":"max-image-preview:large","max-video-preview":"max-video-preview:-1"},"canonical":"https:\/\/bewehrungstechnik.ch\/de-de\/product\/bewehrungsanschluesse-pyratop\/","og_locale":"de_DE","og_type":"article","og_title":"PYRATOP\u00ae Bewehrungsanschl\u00fcsse | Debrunner Acifer Bewehrungen","og_description":"R\u00fcckbiegeanschluss mit hoher Querkraftaufnahme f\u00fcr Arbeitsfugen ohne Bewehrungsdurchdringung. Bewehrungsanschl\u00fcsse PYRATOP\u00ae - jetzt entdecken!","og_url":"https:\/\/bewehrungstechnik.ch\/de-de\/product\/bewehrungsanschluesse-pyratop\/","og_site_name":"Bewehrungstechnik","article_modified_time":"2026-03-31T11:47:47+00:00","og_image":[{"width":1920,"height":1306,"url":"https:\/\/bewehrungstechnik.ch\/wp-content\/uploads\/2021\/05\/PYRATOP.jpg","type":"image\/jpeg"}],"twitter_card":"summary_large_image","schema":{"@context":"https:\/\/schema.org","@graph":[{"@type":"WebPage","@id":"https:\/\/bewehrungstechnik.ch\/de-de\/product\/bewehrungsanschluesse-pyratop\/","url":"https:\/\/bewehrungstechnik.ch\/de-de\/product\/bewehrungsanschluesse-pyratop\/","name":"PYRATOP\u00ae Bewehrungsanschl\u00fcsse | Debrunner Acifer Bewehrungen","isPartOf":{"@id":"https:\/\/bewehrungstechnik.ch\/de-de\/#website"},"primaryImageOfPage":{"@id":"https:\/\/bewehrungstechnik.ch\/de-de\/product\/bewehrungsanschluesse-pyratop\/#primaryimage"},"image":{"@id":"https:\/\/bewehrungstechnik.ch\/de-de\/product\/bewehrungsanschluesse-pyratop\/#primaryimage"},"thumbnailUrl":"https:\/\/bewehrungstechnik.ch\/wp-content\/uploads\/2021\/05\/PYRATOP.jpg","datePublished":"2021-05-05T14:12:02+00:00","dateModified":"2026-03-31T11:47:47+00:00","description":"R\u00fcckbiegeanschluss mit hoher Querkraftaufnahme f\u00fcr Arbeitsfugen ohne Bewehrungsdurchdringung. Bewehrungsanschl\u00fcsse PYRATOP\u00ae - jetzt entdecken!","breadcrumb":{"@id":"https:\/\/bewehrungstechnik.ch\/de-de\/product\/bewehrungsanschluesse-pyratop\/#breadcrumb"},"inLanguage":"de","potentialAction":[{"@type":"ReadAction","target":["https:\/\/bewehrungstechnik.ch\/de-de\/product\/bewehrungsanschluesse-pyratop\/"]}]},{"@type":"ImageObject","inLanguage":"de","@id":"https:\/\/bewehrungstechnik.ch\/de-de\/product\/bewehrungsanschluesse-pyratop\/#primaryimage","url":"https:\/\/bewehrungstechnik.ch\/wp-content\/uploads\/2021\/05\/PYRATOP.jpg","contentUrl":"https:\/\/bewehrungstechnik.ch\/wp-content\/uploads\/2021\/05\/PYRATOP.jpg","width":1920,"height":1306,"caption":"pyratop"},{"@type":"BreadcrumbList","@id":"https:\/\/bewehrungstechnik.ch\/de-de\/product\/bewehrungsanschluesse-pyratop\/#breadcrumb","itemListElement":[{"@type":"ListItem","position":1,"name":"Home","item":"https:\/\/bewehrungstechnik.ch\/de-de\/"},{"@type":"ListItem","position":2,"name":"Products","item":"https:\/\/bewehrungstechnik.ch\/de-de\/products\/"},{"@type":"ListItem","position":3,"name":"Bewehrungsanschl\u00fcsse PYRATOP\u00ae"}]},{"@type":"WebSite","@id":"https:\/\/bewehrungstechnik.ch\/de-de\/#website","url":"https:\/\/bewehrungstechnik.ch\/de-de\/","name":"Bewehrungstechnik","description":"Just another WordPress site","publisher":{"@id":"https:\/\/bewehrungstechnik.ch\/de-de\/#organization"},"potentialAction":[{"@type":"SearchAction","target":{"@type":"EntryPoint","urlTemplate":"https:\/\/bewehrungstechnik.ch\/de-de\/?s={search_term_string}"},"query-input":{"@type":"PropertyValueSpecification","valueRequired":true,"valueName":"search_term_string"}}],"inLanguage":"de"},{"@type":"Organization","@id":"https:\/\/bewehrungstechnik.ch\/de-de\/#organization","name":"Bewehrungstechnik","url":"https:\/\/bewehrungstechnik.ch\/de-de\/","logo":{"@type":"ImageObject","inLanguage":"de","@id":"https:\/\/bewehrungstechnik.ch\/de-de\/#\/schema\/logo\/image\/","url":"https:\/\/bewehrungstechnik.ch\/wp-content\/uploads\/2021\/03\/logo.svg","contentUrl":"https:\/\/bewehrungstechnik.ch\/wp-content\/uploads\/2021\/03\/logo.svg","width":436,"height":436,"caption":"Bewehrungstechnik"},"image":{"@id":"https:\/\/bewehrungstechnik.ch\/de-de\/#\/schema\/logo\/image\/"}}]}},"deac_custom_fields":{"product":{"brand":"PYRATOP\u00ae","name":"Bewehrungsanschl\u00fcsse"},"highlight_box":{"title":"H\u00f6chste Querkraft\u00fcbertragung dank verzahnter Arbeitsfugen","subtitle":"R\u00fcckbiegeanschluss mit hoher Querkraftaufnahme f\u00fcr Arbeitsfugen ohne Bewehrungsdurchdringung","text":"<ul>\n<li>Patentierte, biaxiale PYRAX\u00ae-Querkraft\u00fcbertragung<\/li>\n<li>Er\u00fcbrigt das Aufrauen von Arbeitsfugen<\/li>\n<li>F\u00fcr Wand- und Deckenanschluss ab Bauteilst\u00e4rke 14 cm<\/li>\n<\/ul>\n","media_type":"video","image":{"medium":"<img width=\"300\" height=\"204\" src=\"https:\/\/bewehrungstechnik.ch\/wp-content\/uploads\/2021\/05\/PYRATOP-300x204.jpg\" class=\"%s\" alt=\"Bewehrungsanschluss PYRATOP\" decoding=\"async\" loading=\"lazy\" srcset=\"https:\/\/bewehrungstechnik.ch\/wp-content\/uploads\/2021\/05\/PYRATOP-300x204.jpg 300w, https:\/\/bewehrungstechnik.ch\/wp-content\/uploads\/2021\/05\/PYRATOP-1024x697.jpg 1024w, https:\/\/bewehrungstechnik.ch\/wp-content\/uploads\/2021\/05\/PYRATOP-768x522.jpg 768w, https:\/\/bewehrungstechnik.ch\/wp-content\/uploads\/2021\/05\/PYRATOP-1536x1045.jpg 1536w, https:\/\/bewehrungstechnik.ch\/wp-content\/uploads\/2021\/05\/PYRATOP-436x297.jpg 436w, https:\/\/bewehrungstechnik.ch\/wp-content\/uploads\/2021\/05\/PYRATOP-550x374.jpg 550w, https:\/\/bewehrungstechnik.ch\/wp-content\/uploads\/2021\/05\/PYRATOP.jpg 1920w\" sizes=\"auto, (max-width: 300px) 100vw, 300px\" \/>","medium_large":"<img width=\"768\" height=\"522\" src=\"https:\/\/bewehrungstechnik.ch\/wp-content\/uploads\/2021\/05\/PYRATOP-768x522.jpg\" class=\"%s\" alt=\"Bewehrungsanschluss PYRATOP\" decoding=\"async\" loading=\"lazy\" srcset=\"https:\/\/bewehrungstechnik.ch\/wp-content\/uploads\/2021\/05\/PYRATOP-768x522.jpg 768w, https:\/\/bewehrungstechnik.ch\/wp-content\/uploads\/2021\/05\/PYRATOP-300x204.jpg 300w, https:\/\/bewehrungstechnik.ch\/wp-content\/uploads\/2021\/05\/PYRATOP-1024x697.jpg 1024w, https:\/\/bewehrungstechnik.ch\/wp-content\/uploads\/2021\/05\/PYRATOP-1536x1045.jpg 1536w, https:\/\/bewehrungstechnik.ch\/wp-content\/uploads\/2021\/05\/PYRATOP-436x297.jpg 436w, https:\/\/bewehrungstechnik.ch\/wp-content\/uploads\/2021\/05\/PYRATOP-550x374.jpg 550w, https:\/\/bewehrungstechnik.ch\/wp-content\/uploads\/2021\/05\/PYRATOP.jpg 1920w\" sizes=\"auto, (max-width: 768px) 100vw, 768px\" \/>","large":"<img width=\"1024\" height=\"697\" src=\"https:\/\/bewehrungstechnik.ch\/wp-content\/uploads\/2021\/05\/PYRATOP-1024x697.jpg\" class=\"%s\" alt=\"Bewehrungsanschluss PYRATOP\" decoding=\"async\" loading=\"lazy\" srcset=\"https:\/\/bewehrungstechnik.ch\/wp-content\/uploads\/2021\/05\/PYRATOP-1024x697.jpg 1024w, https:\/\/bewehrungstechnik.ch\/wp-content\/uploads\/2021\/05\/PYRATOP-300x204.jpg 300w, https:\/\/bewehrungstechnik.ch\/wp-content\/uploads\/2021\/05\/PYRATOP-768x522.jpg 768w, https:\/\/bewehrungstechnik.ch\/wp-content\/uploads\/2021\/05\/PYRATOP-1536x1045.jpg 1536w, https:\/\/bewehrungstechnik.ch\/wp-content\/uploads\/2021\/05\/PYRATOP-436x297.jpg 436w, https:\/\/bewehrungstechnik.ch\/wp-content\/uploads\/2021\/05\/PYRATOP-550x374.jpg 550w, https:\/\/bewehrungstechnik.ch\/wp-content\/uploads\/2021\/05\/PYRATOP.jpg 1920w\" sizes=\"auto, (max-width: 1024px) 100vw, 1024px\" \/>","full":"<img width=\"1920\" height=\"1306\" src=\"https:\/\/bewehrungstechnik.ch\/wp-content\/uploads\/2021\/05\/PYRATOP.jpg\" class=\"%s\" alt=\"Bewehrungsanschluss PYRATOP\" decoding=\"async\" loading=\"lazy\" srcset=\"https:\/\/bewehrungstechnik.ch\/wp-content\/uploads\/2021\/05\/PYRATOP.jpg 1920w, https:\/\/bewehrungstechnik.ch\/wp-content\/uploads\/2021\/05\/PYRATOP-300x204.jpg 300w, https:\/\/bewehrungstechnik.ch\/wp-content\/uploads\/2021\/05\/PYRATOP-1024x697.jpg 1024w, https:\/\/bewehrungstechnik.ch\/wp-content\/uploads\/2021\/05\/PYRATOP-768x522.jpg 768w, https:\/\/bewehrungstechnik.ch\/wp-content\/uploads\/2021\/05\/PYRATOP-1536x1045.jpg 1536w, https:\/\/bewehrungstechnik.ch\/wp-content\/uploads\/2021\/05\/PYRATOP-436x297.jpg 436w, https:\/\/bewehrungstechnik.ch\/wp-content\/uploads\/2021\/05\/PYRATOP-550x374.jpg 550w\" sizes=\"auto, (max-width: 1920px) 100vw, 1920px\" \/>"},"video_list":[{"video_poster":10917,"youtube_link":"https:\/\/www.youtube.com\/watch?v=RMORjGRbCqQ","_video_poster_meta":["https:\/\/bewehrungstechnik.ch\/wp-content\/uploads\/2022\/01\/Pyratop-Kasten-edited.jpg",1162,868,false]}]},"downloads":[10087,10105,2894,1624],"page_color_variation":"default","description":[{"title":"PYRATOP\u00ae-Bewehrungsanschluss","text":"<p>PYRATOP\u00ae-Bewehrungsanschl\u00fcsse sind eigens f\u00fcr den Einsatz von querkraftbeanspruchten Arbeitsfugen ohne Bewehrungsdurchdringung an W\u00e4nden oder Decken entwickelt worden.<br \/>\nDas patentierte PYRAX\u00ae-Blech garantiert eine formschl\u00fcssig verzahnte Fugenausbildung zur Querkraft\u00fcbertragung und er\u00fcbrigt eine Nachbearbeitung, z.B. Aufrauhen der Arbeitsfuge.<\/p>\n"},{"title":"PYRAX\u00ae-Technologie","text":"<p>Die schachbrettartig angeordneten Pyramidenst\u00fcmpfe gew\u00e4hrleisten ein Maximum an richtungsunabh\u00e4ngiger Querkraft\u00fcbertragung in der Fuge.<br \/>\nDer Beton Schubfl\u00e4chenanteil am Blech\u00fcbergang liegt bei 85% der Gesamtfl\u00e4che des Bewehrungsanschlusses. Dieser Schubfl\u00e4chenanteil ver\u00e4ndert sich \u00fcber die Blechtiefe durch die patentierte Geometrie gleichm\u00e4ssig, wodurch die \u00dcbertragung der hohen Querkraft sicher gew\u00e4hrleistet wird.<br \/>\nDie Wirkung des hohen Schubfl\u00e4chenanteils des Betons am Blech\u00fcbergang wurde durch Versuche best\u00e4tigt.<\/p>\n"},{"title":"Biaxiale Querkraft\u00fcbertragung","text":"<p>Zus\u00e4tzlich zur Haupttragrichtung k\u00f6nnen Kr\u00e4fte in sekund\u00e4rer Richtung, zum Beispiel aus Erdbeben, Wind oder Erddruck, sicher \u00fcbertragen werden.<br \/>\nDadurch werden unterschiedliche Kastenformen zur Querkraft\u00fcbertragung quer und l\u00e4ngs zur Fuge hinf\u00e4llig und reduzieren Ihren Lagerbestand und vor allem die Verwechslungsgefahr auf der Baustelle.<\/p>\n"},{"title":"Breite Einsatzm\u00f6glichkeit","text":"<p>Das breit gef\u00e4cherte Standardsortiment erm\u00f6glicht L\u00f6sungen f\u00fcr fast jede Anschlusssituation bei hoher Verf\u00fcgbarkeit ab unserem Lager.<br \/>\nSondertypen mit objektspezifischen Abmessungen sind bei Bedarf ab dem Produktionsstandort Regensdorf schnell verf\u00fcgbar.<\/p>\n"},{"title":"Schnell, einfach, sicher","text":"<p>Der PYRATOP\u00ae-Bewehrungsanschluss l\u00e4sst sich analog den \u00fcblichen <a href=\"https:\/\/bewehrungstechnik.ch\/product\/bewehrungsanschluesse-acitop\/\">R\u00fcckbiegeanschl\u00fcssen<\/a> einbauen. Als Elementl\u00e4nge stehen L=1.20m und L=0.83 zur Auswahl.<br \/>\nDer Kunststoff-Kastendeckel auf der R\u00fcckseite verhindert zuverl\u00e4ssig das Eindringen von Zementschl\u00e4mme in den Kasten und l\u00e4sst sich einfach und schnell entfernen.<\/p>\n"},{"title":"Neu auch als gerader Stabtyp erh\u00e4ltlich","text":"<p>F\u00fcr die Etappierung von Decken und W\u00e4nden in der Linie ohne aufwendige Abschalung mit Bewehrungsdurchdringung.<\/p>\n<ul>\n<li>Gerade Stabtypen einschnittig \u2013 Typenreihe PN1<\/li>\n<li>Gerade Stabtypen zweischnittig \u2013 Typenreihe PN2<\/li>\n<\/ul>\n"}]},"deac_featured_media":{"medium":"<img width=\"300\" height=\"204\" src=\"https:\/\/bewehrungstechnik.ch\/wp-content\/uploads\/2021\/05\/PYRATOP-300x204.jpg\" class=\"%s\" alt=\"Bewehrungsanschluss PYRATOP\" decoding=\"async\" loading=\"lazy\" srcset=\"https:\/\/bewehrungstechnik.ch\/wp-content\/uploads\/2021\/05\/PYRATOP-300x204.jpg 300w, https:\/\/bewehrungstechnik.ch\/wp-content\/uploads\/2021\/05\/PYRATOP-1024x697.jpg 1024w, https:\/\/bewehrungstechnik.ch\/wp-content\/uploads\/2021\/05\/PYRATOP-768x522.jpg 768w, https:\/\/bewehrungstechnik.ch\/wp-content\/uploads\/2021\/05\/PYRATOP-1536x1045.jpg 1536w, https:\/\/bewehrungstechnik.ch\/wp-content\/uploads\/2021\/05\/PYRATOP-436x297.jpg 436w, https:\/\/bewehrungstechnik.ch\/wp-content\/uploads\/2021\/05\/PYRATOP-550x374.jpg 550w, https:\/\/bewehrungstechnik.ch\/wp-content\/uploads\/2021\/05\/PYRATOP.jpg 1920w\" sizes=\"auto, (max-width: 300px) 100vw, 300px\" \/>","medium_large":"<img width=\"768\" height=\"522\" src=\"https:\/\/bewehrungstechnik.ch\/wp-content\/uploads\/2021\/05\/PYRATOP-768x522.jpg\" class=\"%s\" alt=\"Bewehrungsanschluss PYRATOP\" decoding=\"async\" loading=\"lazy\" srcset=\"https:\/\/bewehrungstechnik.ch\/wp-content\/uploads\/2021\/05\/PYRATOP-768x522.jpg 768w, https:\/\/bewehrungstechnik.ch\/wp-content\/uploads\/2021\/05\/PYRATOP-300x204.jpg 300w, https:\/\/bewehrungstechnik.ch\/wp-content\/uploads\/2021\/05\/PYRATOP-1024x697.jpg 1024w, https:\/\/bewehrungstechnik.ch\/wp-content\/uploads\/2021\/05\/PYRATOP-1536x1045.jpg 1536w, https:\/\/bewehrungstechnik.ch\/wp-content\/uploads\/2021\/05\/PYRATOP-436x297.jpg 436w, https:\/\/bewehrungstechnik.ch\/wp-content\/uploads\/2021\/05\/PYRATOP-550x374.jpg 550w, https:\/\/bewehrungstechnik.ch\/wp-content\/uploads\/2021\/05\/PYRATOP.jpg 1920w\" sizes=\"auto, (max-width: 768px) 100vw, 768px\" \/>","large":"<img width=\"1024\" height=\"697\" src=\"https:\/\/bewehrungstechnik.ch\/wp-content\/uploads\/2021\/05\/PYRATOP-1024x697.jpg\" class=\"%s\" alt=\"Bewehrungsanschluss PYRATOP\" decoding=\"async\" loading=\"lazy\" srcset=\"https:\/\/bewehrungstechnik.ch\/wp-content\/uploads\/2021\/05\/PYRATOP-1024x697.jpg 1024w, https:\/\/bewehrungstechnik.ch\/wp-content\/uploads\/2021\/05\/PYRATOP-300x204.jpg 300w, https:\/\/bewehrungstechnik.ch\/wp-content\/uploads\/2021\/05\/PYRATOP-768x522.jpg 768w, https:\/\/bewehrungstechnik.ch\/wp-content\/uploads\/2021\/05\/PYRATOP-1536x1045.jpg 1536w, https:\/\/bewehrungstechnik.ch\/wp-content\/uploads\/2021\/05\/PYRATOP-436x297.jpg 436w, https:\/\/bewehrungstechnik.ch\/wp-content\/uploads\/2021\/05\/PYRATOP-550x374.jpg 550w, https:\/\/bewehrungstechnik.ch\/wp-content\/uploads\/2021\/05\/PYRATOP.jpg 1920w\" sizes=\"auto, (max-width: 1024px) 100vw, 1024px\" \/>","full":"<img width=\"1920\" height=\"1306\" src=\"https:\/\/bewehrungstechnik.ch\/wp-content\/uploads\/2021\/05\/PYRATOP.jpg\" class=\"%s\" alt=\"Bewehrungsanschluss PYRATOP\" decoding=\"async\" loading=\"lazy\" srcset=\"https:\/\/bewehrungstechnik.ch\/wp-content\/uploads\/2021\/05\/PYRATOP.jpg 1920w, https:\/\/bewehrungstechnik.ch\/wp-content\/uploads\/2021\/05\/PYRATOP-300x204.jpg 300w, https:\/\/bewehrungstechnik.ch\/wp-content\/uploads\/2021\/05\/PYRATOP-1024x697.jpg 1024w, https:\/\/bewehrungstechnik.ch\/wp-content\/uploads\/2021\/05\/PYRATOP-768x522.jpg 768w, https:\/\/bewehrungstechnik.ch\/wp-content\/uploads\/2021\/05\/PYRATOP-1536x1045.jpg 1536w, https:\/\/bewehrungstechnik.ch\/wp-content\/uploads\/2021\/05\/PYRATOP-436x297.jpg 436w, https:\/\/bewehrungstechnik.ch\/wp-content\/uploads\/2021\/05\/PYRATOP-550x374.jpg 550w\" sizes=\"auto, (max-width: 1920px) 100vw, 1920px\" \/>"},"_links":{"self":[{"href":"https:\/\/bewehrungstechnik.ch\/de-de\/wp-json\/wp\/v2\/product\/10721","targetHints":{"allow":["GET"]}}],"collection":[{"href":"https:\/\/bewehrungstechnik.ch\/de-de\/wp-json\/wp\/v2\/product"}],"about":[{"href":"https:\/\/bewehrungstechnik.ch\/de-de\/wp-json\/wp\/v2\/types\/product"}],"wp:featuredmedia":[{"embeddable":true,"href":"https:\/\/bewehrungstechnik.ch\/de-de\/wp-json\/wp\/v2\/media\/10722"}],"wp:attachment":[{"href":"https:\/\/bewehrungstechnik.ch\/de-de\/wp-json\/wp\/v2\/media?parent=10721"}],"wp:term":[{"taxonomy":"product_category","embeddable":true,"href":"https:\/\/bewehrungstechnik.ch\/de-de\/wp-json\/wp\/v2\/product_category?post=10721"}],"curies":[{"name":"wp","href":"https:\/\/api.w.org\/{rel}","templated":true}]}}