{"id":10723,"date":"2021-05-05T14:16:28","date_gmt":"2021-05-05T14:16:28","guid":{"rendered":"https:\/\/bewehrungstechnik.ch\/product\/abschalbleche-pyraflex\/"},"modified":"2026-03-31T11:43:00","modified_gmt":"2026-03-31T11:43:00","slug":"abschalbleche-pyraflex","status":"publish","type":"product","link":"https:\/\/bewehrungstechnik.ch\/de-de\/product\/abschalbleche-pyraflex\/","title":{"rendered":"Abschalbleche PYRAFLEX\u00ae"},"featured_media":10724,"menu_order":70,"template":"","product_category":[83],"class_list":["post-10723","product","type-product","status-publish","has-post-thumbnail","","product_category-bewehrungstechnik-de-de"],"acf":[],"yoast_head":"<!-- This site is optimized with the Yoast SEO plugin v27.4 - https:\/\/yoast.com\/product\/yoast-seo-wordpress\/ -->\n<title>PYRAFLEX\u00ae Abschalbleche | Debrunner Acifer Bewehrungen<\/title>\n<meta name=\"description\" content=\"PYRAFLEX\u00ae - das Abschalblech mit Querkraft\u00fcbertragung. Flexibel f\u00fcr Arbeitsfugen mit Bewehrungsdurchdringung. Jetzt mehr erfahren!\" \/>\n<meta name=\"robots\" content=\"index, follow, max-snippet:-1, max-image-preview:large, max-video-preview:-1\" \/>\n<link rel=\"canonical\" href=\"https:\/\/bewehrungstechnik.ch\/de-de\/product\/abschalbleche-pyraflex\/\" \/>\n<meta property=\"og:locale\" content=\"de_DE\" \/>\n<meta property=\"og:type\" content=\"article\" \/>\n<meta property=\"og:title\" content=\"PYRAFLEX\u00ae Abschalbleche | Debrunner Acifer Bewehrungen\" \/>\n<meta property=\"og:description\" content=\"PYRAFLEX\u00ae - das Abschalblech mit Querkraft\u00fcbertragung. Flexibel f\u00fcr Arbeitsfugen mit Bewehrungsdurchdringung. Jetzt mehr erfahren!\" \/>\n<meta property=\"og:url\" content=\"https:\/\/bewehrungstechnik.ch\/de-de\/product\/abschalbleche-pyraflex\/\" \/>\n<meta property=\"og:site_name\" content=\"Bewehrungstechnik\" \/>\n<meta property=\"article:modified_time\" content=\"2026-03-31T11:43:00+00:00\" \/>\n<meta property=\"og:image\" content=\"https:\/\/bewehrungstechnik.ch\/wp-content\/uploads\/2021\/05\/PYRAFLEX.jpg\" \/>\n\t<meta property=\"og:image:width\" content=\"500\" \/>\n\t<meta property=\"og:image:height\" content=\"689\" \/>\n\t<meta property=\"og:image:type\" content=\"image\/jpeg\" \/>\n<meta name=\"twitter:card\" content=\"summary_large_image\" \/>\n<script type=\"application\/ld+json\" class=\"yoast-schema-graph\">{\"@context\":\"https:\\\/\\\/schema.org\",\"@graph\":[{\"@type\":\"WebPage\",\"@id\":\"https:\\\/\\\/bewehrungstechnik.ch\\\/de-de\\\/product\\\/abschalbleche-pyraflex\\\/\",\"url\":\"https:\\\/\\\/bewehrungstechnik.ch\\\/de-de\\\/product\\\/abschalbleche-pyraflex\\\/\",\"name\":\"PYRAFLEX\u00ae Abschalbleche | Debrunner Acifer Bewehrungen\",\"isPartOf\":{\"@id\":\"https:\\\/\\\/bewehrungstechnik.ch\\\/de-de\\\/#website\"},\"primaryImageOfPage\":{\"@id\":\"https:\\\/\\\/bewehrungstechnik.ch\\\/de-de\\\/product\\\/abschalbleche-pyraflex\\\/#primaryimage\"},\"image\":{\"@id\":\"https:\\\/\\\/bewehrungstechnik.ch\\\/de-de\\\/product\\\/abschalbleche-pyraflex\\\/#primaryimage\"},\"thumbnailUrl\":\"https:\\\/\\\/bewehrungstechnik.ch\\\/wp-content\\\/uploads\\\/2021\\\/05\\\/PYRAFLEX.jpg\",\"datePublished\":\"2021-05-05T14:16:28+00:00\",\"dateModified\":\"2026-03-31T11:43:00+00:00\",\"description\":\"PYRAFLEX\u00ae - das Abschalblech mit Querkraft\u00fcbertragung. Flexibel f\u00fcr Arbeitsfugen mit Bewehrungsdurchdringung. Jetzt mehr erfahren!\",\"breadcrumb\":{\"@id\":\"https:\\\/\\\/bewehrungstechnik.ch\\\/de-de\\\/product\\\/abschalbleche-pyraflex\\\/#breadcrumb\"},\"inLanguage\":\"de\",\"potentialAction\":[{\"@type\":\"ReadAction\",\"target\":[\"https:\\\/\\\/bewehrungstechnik.ch\\\/de-de\\\/product\\\/abschalbleche-pyraflex\\\/\"]}]},{\"@type\":\"ImageObject\",\"inLanguage\":\"de\",\"@id\":\"https:\\\/\\\/bewehrungstechnik.ch\\\/de-de\\\/product\\\/abschalbleche-pyraflex\\\/#primaryimage\",\"url\":\"https:\\\/\\\/bewehrungstechnik.ch\\\/wp-content\\\/uploads\\\/2021\\\/05\\\/PYRAFLEX.jpg\",\"contentUrl\":\"https:\\\/\\\/bewehrungstechnik.ch\\\/wp-content\\\/uploads\\\/2021\\\/05\\\/PYRAFLEX.jpg\",\"width\":500,\"height\":689,\"caption\":\"Abschalblech PYRAFLEX\"},{\"@type\":\"BreadcrumbList\",\"@id\":\"https:\\\/\\\/bewehrungstechnik.ch\\\/de-de\\\/product\\\/abschalbleche-pyraflex\\\/#breadcrumb\",\"itemListElement\":[{\"@type\":\"ListItem\",\"position\":1,\"name\":\"Home\",\"item\":\"https:\\\/\\\/bewehrungstechnik.ch\\\/de-de\\\/\"},{\"@type\":\"ListItem\",\"position\":2,\"name\":\"Products\",\"item\":\"https:\\\/\\\/bewehrungstechnik.ch\\\/de-de\\\/products\\\/\"},{\"@type\":\"ListItem\",\"position\":3,\"name\":\"Abschalbleche PYRAFLEX\u00ae\"}]},{\"@type\":\"WebSite\",\"@id\":\"https:\\\/\\\/bewehrungstechnik.ch\\\/de-de\\\/#website\",\"url\":\"https:\\\/\\\/bewehrungstechnik.ch\\\/de-de\\\/\",\"name\":\"Bewehrungstechnik\",\"description\":\"Just another WordPress site\",\"publisher\":{\"@id\":\"https:\\\/\\\/bewehrungstechnik.ch\\\/de-de\\\/#organization\"},\"potentialAction\":[{\"@type\":\"SearchAction\",\"target\":{\"@type\":\"EntryPoint\",\"urlTemplate\":\"https:\\\/\\\/bewehrungstechnik.ch\\\/de-de\\\/?s={search_term_string}\"},\"query-input\":{\"@type\":\"PropertyValueSpecification\",\"valueRequired\":true,\"valueName\":\"search_term_string\"}}],\"inLanguage\":\"de\"},{\"@type\":\"Organization\",\"@id\":\"https:\\\/\\\/bewehrungstechnik.ch\\\/de-de\\\/#organization\",\"name\":\"Bewehrungstechnik\",\"url\":\"https:\\\/\\\/bewehrungstechnik.ch\\\/de-de\\\/\",\"logo\":{\"@type\":\"ImageObject\",\"inLanguage\":\"de\",\"@id\":\"https:\\\/\\\/bewehrungstechnik.ch\\\/de-de\\\/#\\\/schema\\\/logo\\\/image\\\/\",\"url\":\"https:\\\/\\\/bewehrungstechnik.ch\\\/wp-content\\\/uploads\\\/2021\\\/03\\\/logo.svg\",\"contentUrl\":\"https:\\\/\\\/bewehrungstechnik.ch\\\/wp-content\\\/uploads\\\/2021\\\/03\\\/logo.svg\",\"width\":436,\"height\":436,\"caption\":\"Bewehrungstechnik\"},\"image\":{\"@id\":\"https:\\\/\\\/bewehrungstechnik.ch\\\/de-de\\\/#\\\/schema\\\/logo\\\/image\\\/\"}}]}<\/script>\n<!-- \/ Yoast SEO plugin. -->","yoast_head_json":{"title":"PYRAFLEX\u00ae Abschalbleche | Debrunner Acifer Bewehrungen","description":"PYRAFLEX\u00ae - das Abschalblech mit Querkraft\u00fcbertragung. Flexibel f\u00fcr Arbeitsfugen mit Bewehrungsdurchdringung. Jetzt mehr erfahren!","robots":{"index":"index","follow":"follow","max-snippet":"max-snippet:-1","max-image-preview":"max-image-preview:large","max-video-preview":"max-video-preview:-1"},"canonical":"https:\/\/bewehrungstechnik.ch\/de-de\/product\/abschalbleche-pyraflex\/","og_locale":"de_DE","og_type":"article","og_title":"PYRAFLEX\u00ae Abschalbleche | Debrunner Acifer Bewehrungen","og_description":"PYRAFLEX\u00ae - das Abschalblech mit Querkraft\u00fcbertragung. Flexibel f\u00fcr Arbeitsfugen mit Bewehrungsdurchdringung. Jetzt mehr erfahren!","og_url":"https:\/\/bewehrungstechnik.ch\/de-de\/product\/abschalbleche-pyraflex\/","og_site_name":"Bewehrungstechnik","article_modified_time":"2026-03-31T11:43:00+00:00","og_image":[{"width":500,"height":689,"url":"https:\/\/bewehrungstechnik.ch\/wp-content\/uploads\/2021\/05\/PYRAFLEX.jpg","type":"image\/jpeg"}],"twitter_card":"summary_large_image","schema":{"@context":"https:\/\/schema.org","@graph":[{"@type":"WebPage","@id":"https:\/\/bewehrungstechnik.ch\/de-de\/product\/abschalbleche-pyraflex\/","url":"https:\/\/bewehrungstechnik.ch\/de-de\/product\/abschalbleche-pyraflex\/","name":"PYRAFLEX\u00ae Abschalbleche | Debrunner Acifer Bewehrungen","isPartOf":{"@id":"https:\/\/bewehrungstechnik.ch\/de-de\/#website"},"primaryImageOfPage":{"@id":"https:\/\/bewehrungstechnik.ch\/de-de\/product\/abschalbleche-pyraflex\/#primaryimage"},"image":{"@id":"https:\/\/bewehrungstechnik.ch\/de-de\/product\/abschalbleche-pyraflex\/#primaryimage"},"thumbnailUrl":"https:\/\/bewehrungstechnik.ch\/wp-content\/uploads\/2021\/05\/PYRAFLEX.jpg","datePublished":"2021-05-05T14:16:28+00:00","dateModified":"2026-03-31T11:43:00+00:00","description":"PYRAFLEX\u00ae - das Abschalblech mit Querkraft\u00fcbertragung. Flexibel f\u00fcr Arbeitsfugen mit Bewehrungsdurchdringung. Jetzt mehr erfahren!","breadcrumb":{"@id":"https:\/\/bewehrungstechnik.ch\/de-de\/product\/abschalbleche-pyraflex\/#breadcrumb"},"inLanguage":"de","potentialAction":[{"@type":"ReadAction","target":["https:\/\/bewehrungstechnik.ch\/de-de\/product\/abschalbleche-pyraflex\/"]}]},{"@type":"ImageObject","inLanguage":"de","@id":"https:\/\/bewehrungstechnik.ch\/de-de\/product\/abschalbleche-pyraflex\/#primaryimage","url":"https:\/\/bewehrungstechnik.ch\/wp-content\/uploads\/2021\/05\/PYRAFLEX.jpg","contentUrl":"https:\/\/bewehrungstechnik.ch\/wp-content\/uploads\/2021\/05\/PYRAFLEX.jpg","width":500,"height":689,"caption":"Abschalblech PYRAFLEX"},{"@type":"BreadcrumbList","@id":"https:\/\/bewehrungstechnik.ch\/de-de\/product\/abschalbleche-pyraflex\/#breadcrumb","itemListElement":[{"@type":"ListItem","position":1,"name":"Home","item":"https:\/\/bewehrungstechnik.ch\/de-de\/"},{"@type":"ListItem","position":2,"name":"Products","item":"https:\/\/bewehrungstechnik.ch\/de-de\/products\/"},{"@type":"ListItem","position":3,"name":"Abschalbleche PYRAFLEX\u00ae"}]},{"@type":"WebSite","@id":"https:\/\/bewehrungstechnik.ch\/de-de\/#website","url":"https:\/\/bewehrungstechnik.ch\/de-de\/","name":"Bewehrungstechnik","description":"Just another WordPress site","publisher":{"@id":"https:\/\/bewehrungstechnik.ch\/de-de\/#organization"},"potentialAction":[{"@type":"SearchAction","target":{"@type":"EntryPoint","urlTemplate":"https:\/\/bewehrungstechnik.ch\/de-de\/?s={search_term_string}"},"query-input":{"@type":"PropertyValueSpecification","valueRequired":true,"valueName":"search_term_string"}}],"inLanguage":"de"},{"@type":"Organization","@id":"https:\/\/bewehrungstechnik.ch\/de-de\/#organization","name":"Bewehrungstechnik","url":"https:\/\/bewehrungstechnik.ch\/de-de\/","logo":{"@type":"ImageObject","inLanguage":"de","@id":"https:\/\/bewehrungstechnik.ch\/de-de\/#\/schema\/logo\/image\/","url":"https:\/\/bewehrungstechnik.ch\/wp-content\/uploads\/2021\/03\/logo.svg","contentUrl":"https:\/\/bewehrungstechnik.ch\/wp-content\/uploads\/2021\/03\/logo.svg","width":436,"height":436,"caption":"Bewehrungstechnik"},"image":{"@id":"https:\/\/bewehrungstechnik.ch\/de-de\/#\/schema\/logo\/image\/"}}]}},"deac_custom_fields":{"product":{"brand":"PYRAFLEX\u00ae","name":"Abschalbleche"},"highlight_box":{"title":"Abschalblech mit Querkraft\u00fcbertragung","subtitle":"Flexibles Abschalblech f\u00fcr Arbeitsfugen mit Bewehrungsdurchdringung","text":"<ul>\n<li>Patentierte, biaxiale PYRAX\u00ae-Querkraft\u00fcbertragung<\/li>\n<li>Er\u00fcbrigt ein Aufrauhen von Arbeitsfugen<\/li>\n<li>Variabel f\u00fcr Bodenplatten und Decken von 25 bis 30 cm<\/li>\n<li>Optional mit Fugenblech f\u00fcr wasserdichte Arbeitsfuge<\/li>\n<li>CH-Produktion<\/li>\n<\/ul>\n","media_type":"image","image":{"medium":"<img width=\"218\" height=\"300\" src=\"https:\/\/bewehrungstechnik.ch\/wp-content\/uploads\/2021\/05\/PYRAFLEX-218x300.jpg\" class=\"%s\" alt=\"Abschalblech PYRAFLEX\" decoding=\"async\" loading=\"lazy\" srcset=\"https:\/\/bewehrungstechnik.ch\/wp-content\/uploads\/2021\/05\/PYRAFLEX-218x300.jpg 218w, https:\/\/bewehrungstechnik.ch\/wp-content\/uploads\/2021\/05\/PYRAFLEX-436x601.jpg 436w, https:\/\/bewehrungstechnik.ch\/wp-content\/uploads\/2021\/05\/PYRAFLEX.jpg 500w\" sizes=\"auto, (max-width: 218px) 100vw, 218px\" \/>","medium_large":"<img width=\"500\" height=\"689\" src=\"https:\/\/bewehrungstechnik.ch\/wp-content\/uploads\/2021\/05\/PYRAFLEX.jpg\" class=\"%s\" alt=\"Abschalblech PYRAFLEX\" decoding=\"async\" loading=\"lazy\" srcset=\"https:\/\/bewehrungstechnik.ch\/wp-content\/uploads\/2021\/05\/PYRAFLEX.jpg 500w, https:\/\/bewehrungstechnik.ch\/wp-content\/uploads\/2021\/05\/PYRAFLEX-218x300.jpg 218w, https:\/\/bewehrungstechnik.ch\/wp-content\/uploads\/2021\/05\/PYRAFLEX-436x601.jpg 436w\" sizes=\"auto, (max-width: 500px) 100vw, 500px\" \/>","large":"<img width=\"500\" height=\"689\" src=\"https:\/\/bewehrungstechnik.ch\/wp-content\/uploads\/2021\/05\/PYRAFLEX.jpg\" class=\"%s\" alt=\"Abschalblech PYRAFLEX\" decoding=\"async\" loading=\"lazy\" srcset=\"https:\/\/bewehrungstechnik.ch\/wp-content\/uploads\/2021\/05\/PYRAFLEX.jpg 500w, https:\/\/bewehrungstechnik.ch\/wp-content\/uploads\/2021\/05\/PYRAFLEX-218x300.jpg 218w, https:\/\/bewehrungstechnik.ch\/wp-content\/uploads\/2021\/05\/PYRAFLEX-436x601.jpg 436w\" sizes=\"auto, (max-width: 500px) 100vw, 500px\" \/>","full":"<img width=\"500\" height=\"689\" src=\"https:\/\/bewehrungstechnik.ch\/wp-content\/uploads\/2021\/05\/PYRAFLEX.jpg\" class=\"%s\" alt=\"Abschalblech PYRAFLEX\" decoding=\"async\" loading=\"lazy\" srcset=\"https:\/\/bewehrungstechnik.ch\/wp-content\/uploads\/2021\/05\/PYRAFLEX.jpg 500w, https:\/\/bewehrungstechnik.ch\/wp-content\/uploads\/2021\/05\/PYRAFLEX-218x300.jpg 218w, https:\/\/bewehrungstechnik.ch\/wp-content\/uploads\/2021\/05\/PYRAFLEX-436x601.jpg 436w\" sizes=\"auto, (max-width: 500px) 100vw, 500px\" \/>"},"video_list":false},"downloads":[10089,10107,1923,5984,4673,6112],"page_color_variation":"default","description":[{"title":"PYRAFLEX\u00ae-Abschalblech","text":"<p>Das PYRAFLEX\u00ae-Abschalblech wurden f\u00fcr die Abschalung von Arbeitsfugen mit Bewehrungsdurchdringung in Bodenplatten und Decken entwickelt.<br \/>\nDie patentierte PYRAX\u00ae-Struktur garantiert eine formschl\u00fcssig verzahnte Fugenausbildung zur Querkraft\u00fcbertragung.<br \/>\nDas PYRAFLEX\u00ae-Blech l\u00e4sst sich variabel zwischen den Bewehrungslagen einpassen und erfordert keine zus\u00e4tzliche Abst\u00fctzung.<\/p>\n"},{"title":"PYRAX\u00ae-Technologie","text":"<p>Die schachbrettartig angeordneten Pyramidenst\u00fcmpfe gew\u00e4hrleisten ein Maximum an richtungsunabh\u00e4ngiger Querkraft\u00fcbertragung in der Fuge.<br \/>\nDer Beton Schubfl\u00e4chenanteil am Blech\u00fcbergang liegt bei 85% der Gesamtfl\u00e4che des Bewehrungsanschlusses. Dieser Schubfl\u00e4chenanteil ver\u00e4ndert sich \u00fcber die Blechtiefe durch die patentierte Geometrie gleichm\u00e4ssig, wodurch die \u00dcbertragung der hohen Querkraft sicher gew\u00e4hrleistet wird.<br \/>\nDie Wirkung des hohen Schubfl\u00e4chenanteils des Betons am Blech\u00fcbergang wurde durch Versuche best\u00e4tigt.<\/p>\n"},{"title":"Wasserdicht durch Kombination mit Cemflex-VB-Dichtbleche","text":"<p>Das PYRAFLEX\u00ae Abschalblech kann optional mit einem CEMflex VB-Fugendichtblech erg\u00e4nzt werden. Die Spezialbeschichtung versintert aktiv im Beton und erm\u00f6glicht das Ausf\u00fchren von wasserdichten Arbeitsfugen.<\/p>\n"},{"title":"CEMflex VB - Aktive Abdichtung f\u00fcr wasserdichte Arbeitsfugen","text":"<p><span style=\"font-weight: 400;\">Beim Einbetonieren aktiviert die alkalische Umgebung des Betons die patentierte Beschichtung. Sie reagiert mit dem Zementleim und bildet durch Mineralisation und Tiefenkristallisation eine dichte Verbindung zwischen Stahlblech und Beton.<\/span><\/p>\n<p><span style=\"font-weight: 400;\">So entsteht eine dauerhaft aktive Fugenabdichtung, die w\u00e4hrend der gesamten Lebensdauer des Bauwerks wirksam bleibt.<\/span><\/p>\n"},{"title":"Distanzleiste mit integriertem Auslaufschutz","text":"<p><span style=\"font-weight: 400;\">Das CEMflex VB-Fugendichtblech ist ein verzinktes Stahlblech mit einer aktiven Spezialbeschichtung, die bei Kontakt mit dem Beton alkalisch reagiert und eine dauerhafte, wasserdichte Abdichtung der Arbeitsfuge bildet.<\/span><\/p>\n<p><span style=\"font-weight: 400;\">Diese innovative Technologie sorgt f\u00fcr eine doppelte Schutzwirkung &#8211; als physikalische Barriere und als chemisch aktive Abdichtung, die Risse und Mikroporen selbstst\u00e4ndig versiegelt.<\/span><\/p>\n"},{"title":"Funktionsweise der CEMflex VB-Technologie","text":"<p><span style=\"font-weight: 400;\">Beim Einbetonieren aktiviert die alkalische Umgebung des Betons die patentierte Beschichtung. Sie reagiert mit dem Zementleim und bildet durch Mineralisation und Tiefenkristallisation eine dichte Verbindung zwischen Stahlblech und Beton.<\/span><\/p>\n<p><span style=\"font-weight: 400;\">So entsteht eine dauerhaft aktive Fugenabdichtung, die w\u00e4hrend der gesamten Lebensdauer des Bauwerks wirksam bleibt.<\/span><\/p>\n"},{"title":"Distanzleiste mit integriertem Auslaufschutz","text":"<p>Der ferrofix-Kamm \u2013 eine Distanzleiste mit integriertem Auslaufschutz, wurde eigens daf\u00fcr entwickelt, um bei Abschalungen mit Bewehrungsdurchdringung, das Auslaufen des Betons auf die zweite Betonierseite zu verhindern.<br \/>\nF\u00fcr den Einsatz in Kombination mit PYRAFLEX\u00ae kann der ferrofix-Kamm als Zubeh\u00f6r mitbestellt werden.<\/p>\n"}]},"deac_featured_media":{"medium":"<img width=\"218\" height=\"300\" src=\"https:\/\/bewehrungstechnik.ch\/wp-content\/uploads\/2021\/05\/PYRAFLEX-218x300.jpg\" class=\"%s\" alt=\"Abschalblech PYRAFLEX\" decoding=\"async\" loading=\"lazy\" srcset=\"https:\/\/bewehrungstechnik.ch\/wp-content\/uploads\/2021\/05\/PYRAFLEX-218x300.jpg 218w, https:\/\/bewehrungstechnik.ch\/wp-content\/uploads\/2021\/05\/PYRAFLEX-436x601.jpg 436w, https:\/\/bewehrungstechnik.ch\/wp-content\/uploads\/2021\/05\/PYRAFLEX.jpg 500w\" sizes=\"auto, (max-width: 218px) 100vw, 218px\" \/>","medium_large":"<img width=\"500\" height=\"689\" src=\"https:\/\/bewehrungstechnik.ch\/wp-content\/uploads\/2021\/05\/PYRAFLEX.jpg\" class=\"%s\" alt=\"Abschalblech PYRAFLEX\" decoding=\"async\" loading=\"lazy\" srcset=\"https:\/\/bewehrungstechnik.ch\/wp-content\/uploads\/2021\/05\/PYRAFLEX.jpg 500w, https:\/\/bewehrungstechnik.ch\/wp-content\/uploads\/2021\/05\/PYRAFLEX-218x300.jpg 218w, https:\/\/bewehrungstechnik.ch\/wp-content\/uploads\/2021\/05\/PYRAFLEX-436x601.jpg 436w\" sizes=\"auto, (max-width: 500px) 100vw, 500px\" \/>","large":"<img width=\"500\" height=\"689\" src=\"https:\/\/bewehrungstechnik.ch\/wp-content\/uploads\/2021\/05\/PYRAFLEX.jpg\" class=\"%s\" alt=\"Abschalblech PYRAFLEX\" decoding=\"async\" loading=\"lazy\" srcset=\"https:\/\/bewehrungstechnik.ch\/wp-content\/uploads\/2021\/05\/PYRAFLEX.jpg 500w, https:\/\/bewehrungstechnik.ch\/wp-content\/uploads\/2021\/05\/PYRAFLEX-218x300.jpg 218w, https:\/\/bewehrungstechnik.ch\/wp-content\/uploads\/2021\/05\/PYRAFLEX-436x601.jpg 436w\" sizes=\"auto, (max-width: 500px) 100vw, 500px\" \/>","full":"<img width=\"500\" height=\"689\" src=\"https:\/\/bewehrungstechnik.ch\/wp-content\/uploads\/2021\/05\/PYRAFLEX.jpg\" class=\"%s\" alt=\"Abschalblech PYRAFLEX\" decoding=\"async\" loading=\"lazy\" srcset=\"https:\/\/bewehrungstechnik.ch\/wp-content\/uploads\/2021\/05\/PYRAFLEX.jpg 500w, https:\/\/bewehrungstechnik.ch\/wp-content\/uploads\/2021\/05\/PYRAFLEX-218x300.jpg 218w, https:\/\/bewehrungstechnik.ch\/wp-content\/uploads\/2021\/05\/PYRAFLEX-436x601.jpg 436w\" sizes=\"auto, (max-width: 500px) 100vw, 500px\" \/>"},"_links":{"self":[{"href":"https:\/\/bewehrungstechnik.ch\/de-de\/wp-json\/wp\/v2\/product\/10723","targetHints":{"allow":["GET"]}}],"collection":[{"href":"https:\/\/bewehrungstechnik.ch\/de-de\/wp-json\/wp\/v2\/product"}],"about":[{"href":"https:\/\/bewehrungstechnik.ch\/de-de\/wp-json\/wp\/v2\/types\/product"}],"wp:featuredmedia":[{"embeddable":true,"href":"https:\/\/bewehrungstechnik.ch\/de-de\/wp-json\/wp\/v2\/media\/10724"}],"wp:attachment":[{"href":"https:\/\/bewehrungstechnik.ch\/de-de\/wp-json\/wp\/v2\/media?parent=10723"}],"wp:term":[{"taxonomy":"product_category","embeddable":true,"href":"https:\/\/bewehrungstechnik.ch\/de-de\/wp-json\/wp\/v2\/product_category?post=10723"}],"curies":[{"name":"wp","href":"https:\/\/api.w.org\/{rel}","templated":true}]}}