{"id":10727,"date":"2021-05-05T14:51:33","date_gmt":"2021-05-05T14:51:33","guid":{"rendered":"https:\/\/bewehrungstechnik.ch\/product\/nichtrostender-bewehrungsstahl-top12\/"},"modified":"2026-03-31T09:37:11","modified_gmt":"2026-03-31T09:37:11","slug":"nichtrostender-bewehrungsstahl-top12","status":"publish","type":"product","link":"https:\/\/bewehrungstechnik.ch\/de-de\/product\/nichtrostender-bewehrungsstahl-top12\/","title":{"rendered":"Nichtrostender Bewehrungsstahl Top12"},"featured_media":10729,"menu_order":110,"template":"","product_category":[105],"class_list":["post-10727","product","type-product","status-publish","has-post-thumbnail","","product_category-bewehrungsstaehle-de-de"],"acf":[],"yoast_head":"<!-- This site is optimized with the Yoast SEO plugin v27.2 - https:\/\/yoast.com\/product\/yoast-seo-wordpress\/ -->\n<title>Top12 Bewehrungsstahl | Debrunner Acifer Bewehrungen<\/title>\n<meta name=\"description\" content=\"Chloridbest\u00e4ndig und ideal f\u00fcr den Einsatz in karbonatisiertem Beton: nichtrostender Bewehrungsstahl Top12. Mehr Details hier erfahren!\" \/>\n<meta name=\"robots\" content=\"index, follow, max-snippet:-1, max-image-preview:large, max-video-preview:-1\" \/>\n<link rel=\"canonical\" href=\"https:\/\/bewehrungstechnik.ch\/de-de\/product\/nichtrostender-bewehrungsstahl-top12\/\" \/>\n<meta property=\"og:locale\" content=\"de_DE\" \/>\n<meta property=\"og:type\" content=\"article\" \/>\n<meta property=\"og:title\" content=\"Top12 Bewehrungsstahl | Debrunner Acifer Bewehrungen\" \/>\n<meta property=\"og:description\" content=\"Chloridbest\u00e4ndig und ideal f\u00fcr den Einsatz in karbonatisiertem Beton: nichtrostender Bewehrungsstahl Top12. Mehr Details hier erfahren!\" \/>\n<meta property=\"og:url\" content=\"https:\/\/bewehrungstechnik.ch\/de-de\/product\/nichtrostender-bewehrungsstahl-top12\/\" \/>\n<meta property=\"og:site_name\" content=\"Bewehrungstechnik\" \/>\n<meta property=\"article:modified_time\" content=\"2026-03-31T09:37:11+00:00\" \/>\n<meta property=\"og:image\" content=\"https:\/\/bewehrungstechnik.ch\/wp-content\/uploads\/2021\/05\/Top12-Stab-e1623836982512.jpg\" \/>\n\t<meta property=\"og:image:width\" content=\"591\" \/>\n\t<meta property=\"og:image:height\" content=\"356\" \/>\n\t<meta property=\"og:image:type\" content=\"image\/jpeg\" \/>\n<meta name=\"twitter:card\" content=\"summary_large_image\" \/>\n<script type=\"application\/ld+json\" class=\"yoast-schema-graph\">{\"@context\":\"https:\/\/schema.org\",\"@graph\":[{\"@type\":\"WebPage\",\"@id\":\"https:\/\/bewehrungstechnik.ch\/de-de\/product\/nichtrostender-bewehrungsstahl-top12\/\",\"url\":\"https:\/\/bewehrungstechnik.ch\/de-de\/product\/nichtrostender-bewehrungsstahl-top12\/\",\"name\":\"Top12 Bewehrungsstahl | Debrunner Acifer Bewehrungen\",\"isPartOf\":{\"@id\":\"https:\/\/bewehrungstechnik.ch\/de-de\/#website\"},\"primaryImageOfPage\":{\"@id\":\"https:\/\/bewehrungstechnik.ch\/de-de\/product\/nichtrostender-bewehrungsstahl-top12\/#primaryimage\"},\"image\":{\"@id\":\"https:\/\/bewehrungstechnik.ch\/de-de\/product\/nichtrostender-bewehrungsstahl-top12\/#primaryimage\"},\"thumbnailUrl\":\"https:\/\/bewehrungstechnik.ch\/wp-content\/uploads\/2021\/05\/Top12-Stab-e1623836982512.jpg\",\"datePublished\":\"2021-05-05T14:51:33+00:00\",\"dateModified\":\"2026-03-31T09:37:11+00:00\",\"description\":\"Chloridbest\u00e4ndig und ideal f\u00fcr den Einsatz in karbonatisiertem Beton: nichtrostender Bewehrungsstahl Top12. Mehr Details hier erfahren!\",\"breadcrumb\":{\"@id\":\"https:\/\/bewehrungstechnik.ch\/de-de\/product\/nichtrostender-bewehrungsstahl-top12\/#breadcrumb\"},\"inLanguage\":\"de\",\"potentialAction\":[{\"@type\":\"ReadAction\",\"target\":[\"https:\/\/bewehrungstechnik.ch\/de-de\/product\/nichtrostender-bewehrungsstahl-top12\/\"]}]},{\"@type\":\"ImageObject\",\"inLanguage\":\"de\",\"@id\":\"https:\/\/bewehrungstechnik.ch\/de-de\/product\/nichtrostender-bewehrungsstahl-top12\/#primaryimage\",\"url\":\"https:\/\/bewehrungstechnik.ch\/wp-content\/uploads\/2021\/05\/Top12-Stab-e1623836982512.jpg\",\"contentUrl\":\"https:\/\/bewehrungstechnik.ch\/wp-content\/uploads\/2021\/05\/Top12-Stab-e1623836982512.jpg\",\"width\":591,\"height\":356,\"caption\":\"Nichtrostender Stahl Top12\"},{\"@type\":\"BreadcrumbList\",\"@id\":\"https:\/\/bewehrungstechnik.ch\/de-de\/product\/nichtrostender-bewehrungsstahl-top12\/#breadcrumb\",\"itemListElement\":[{\"@type\":\"ListItem\",\"position\":1,\"name\":\"Home\",\"item\":\"https:\/\/bewehrungstechnik.ch\/de-de\/\"},{\"@type\":\"ListItem\",\"position\":2,\"name\":\"Products\",\"item\":\"https:\/\/bewehrungstechnik.ch\/de-de\/products\/\"},{\"@type\":\"ListItem\",\"position\":3,\"name\":\"Nichtrostender Bewehrungsstahl Top12\"}]},{\"@type\":\"WebSite\",\"@id\":\"https:\/\/bewehrungstechnik.ch\/de-de\/#website\",\"url\":\"https:\/\/bewehrungstechnik.ch\/de-de\/\",\"name\":\"Bewehrungstechnik\",\"description\":\"Just another WordPress site\",\"publisher\":{\"@id\":\"https:\/\/bewehrungstechnik.ch\/de-de\/#organization\"},\"potentialAction\":[{\"@type\":\"SearchAction\",\"target\":{\"@type\":\"EntryPoint\",\"urlTemplate\":\"https:\/\/bewehrungstechnik.ch\/de-de\/?s={search_term_string}\"},\"query-input\":{\"@type\":\"PropertyValueSpecification\",\"valueRequired\":true,\"valueName\":\"search_term_string\"}}],\"inLanguage\":\"de\"},{\"@type\":\"Organization\",\"@id\":\"https:\/\/bewehrungstechnik.ch\/de-de\/#organization\",\"name\":\"Bewehrungstechnik\",\"url\":\"https:\/\/bewehrungstechnik.ch\/de-de\/\",\"logo\":{\"@type\":\"ImageObject\",\"inLanguage\":\"de\",\"@id\":\"https:\/\/bewehrungstechnik.ch\/de-de\/#\/schema\/logo\/image\/\",\"url\":\"https:\/\/bewehrungstechnik.ch\/wp-content\/uploads\/2021\/03\/logo.svg\",\"contentUrl\":\"https:\/\/bewehrungstechnik.ch\/wp-content\/uploads\/2021\/03\/logo.svg\",\"width\":436,\"height\":436,\"caption\":\"Bewehrungstechnik\"},\"image\":{\"@id\":\"https:\/\/bewehrungstechnik.ch\/de-de\/#\/schema\/logo\/image\/\"}}]}<\/script>\n<!-- \/ Yoast SEO plugin. -->","yoast_head_json":{"title":"Top12 Bewehrungsstahl | Debrunner Acifer Bewehrungen","description":"Chloridbest\u00e4ndig und ideal f\u00fcr den Einsatz in karbonatisiertem Beton: nichtrostender Bewehrungsstahl Top12. Mehr Details hier erfahren!","robots":{"index":"index","follow":"follow","max-snippet":"max-snippet:-1","max-image-preview":"max-image-preview:large","max-video-preview":"max-video-preview:-1"},"canonical":"https:\/\/bewehrungstechnik.ch\/de-de\/product\/nichtrostender-bewehrungsstahl-top12\/","og_locale":"de_DE","og_type":"article","og_title":"Top12 Bewehrungsstahl | Debrunner Acifer Bewehrungen","og_description":"Chloridbest\u00e4ndig und ideal f\u00fcr den Einsatz in karbonatisiertem Beton: nichtrostender Bewehrungsstahl Top12. Mehr Details hier erfahren!","og_url":"https:\/\/bewehrungstechnik.ch\/de-de\/product\/nichtrostender-bewehrungsstahl-top12\/","og_site_name":"Bewehrungstechnik","article_modified_time":"2026-03-31T09:37:11+00:00","og_image":[{"width":591,"height":356,"url":"https:\/\/bewehrungstechnik.ch\/wp-content\/uploads\/2021\/05\/Top12-Stab-e1623836982512.jpg","type":"image\/jpeg"}],"twitter_card":"summary_large_image","schema":{"@context":"https:\/\/schema.org","@graph":[{"@type":"WebPage","@id":"https:\/\/bewehrungstechnik.ch\/de-de\/product\/nichtrostender-bewehrungsstahl-top12\/","url":"https:\/\/bewehrungstechnik.ch\/de-de\/product\/nichtrostender-bewehrungsstahl-top12\/","name":"Top12 Bewehrungsstahl | Debrunner Acifer Bewehrungen","isPartOf":{"@id":"https:\/\/bewehrungstechnik.ch\/de-de\/#website"},"primaryImageOfPage":{"@id":"https:\/\/bewehrungstechnik.ch\/de-de\/product\/nichtrostender-bewehrungsstahl-top12\/#primaryimage"},"image":{"@id":"https:\/\/bewehrungstechnik.ch\/de-de\/product\/nichtrostender-bewehrungsstahl-top12\/#primaryimage"},"thumbnailUrl":"https:\/\/bewehrungstechnik.ch\/wp-content\/uploads\/2021\/05\/Top12-Stab-e1623836982512.jpg","datePublished":"2021-05-05T14:51:33+00:00","dateModified":"2026-03-31T09:37:11+00:00","description":"Chloridbest\u00e4ndig und ideal f\u00fcr den Einsatz in karbonatisiertem Beton: nichtrostender Bewehrungsstahl Top12. Mehr Details hier erfahren!","breadcrumb":{"@id":"https:\/\/bewehrungstechnik.ch\/de-de\/product\/nichtrostender-bewehrungsstahl-top12\/#breadcrumb"},"inLanguage":"de","potentialAction":[{"@type":"ReadAction","target":["https:\/\/bewehrungstechnik.ch\/de-de\/product\/nichtrostender-bewehrungsstahl-top12\/"]}]},{"@type":"ImageObject","inLanguage":"de","@id":"https:\/\/bewehrungstechnik.ch\/de-de\/product\/nichtrostender-bewehrungsstahl-top12\/#primaryimage","url":"https:\/\/bewehrungstechnik.ch\/wp-content\/uploads\/2021\/05\/Top12-Stab-e1623836982512.jpg","contentUrl":"https:\/\/bewehrungstechnik.ch\/wp-content\/uploads\/2021\/05\/Top12-Stab-e1623836982512.jpg","width":591,"height":356,"caption":"Nichtrostender Stahl Top12"},{"@type":"BreadcrumbList","@id":"https:\/\/bewehrungstechnik.ch\/de-de\/product\/nichtrostender-bewehrungsstahl-top12\/#breadcrumb","itemListElement":[{"@type":"ListItem","position":1,"name":"Home","item":"https:\/\/bewehrungstechnik.ch\/de-de\/"},{"@type":"ListItem","position":2,"name":"Products","item":"https:\/\/bewehrungstechnik.ch\/de-de\/products\/"},{"@type":"ListItem","position":3,"name":"Nichtrostender Bewehrungsstahl Top12"}]},{"@type":"WebSite","@id":"https:\/\/bewehrungstechnik.ch\/de-de\/#website","url":"https:\/\/bewehrungstechnik.ch\/de-de\/","name":"Bewehrungstechnik","description":"Just another WordPress site","publisher":{"@id":"https:\/\/bewehrungstechnik.ch\/de-de\/#organization"},"potentialAction":[{"@type":"SearchAction","target":{"@type":"EntryPoint","urlTemplate":"https:\/\/bewehrungstechnik.ch\/de-de\/?s={search_term_string}"},"query-input":{"@type":"PropertyValueSpecification","valueRequired":true,"valueName":"search_term_string"}}],"inLanguage":"de"},{"@type":"Organization","@id":"https:\/\/bewehrungstechnik.ch\/de-de\/#organization","name":"Bewehrungstechnik","url":"https:\/\/bewehrungstechnik.ch\/de-de\/","logo":{"@type":"ImageObject","inLanguage":"de","@id":"https:\/\/bewehrungstechnik.ch\/de-de\/#\/schema\/logo\/image\/","url":"https:\/\/bewehrungstechnik.ch\/wp-content\/uploads\/2021\/03\/logo.svg","contentUrl":"https:\/\/bewehrungstechnik.ch\/wp-content\/uploads\/2021\/03\/logo.svg","width":436,"height":436,"caption":"Bewehrungstechnik"},"image":{"@id":"https:\/\/bewehrungstechnik.ch\/de-de\/#\/schema\/logo\/image\/"}}]}},"deac_custom_fields":{"product":{"brand":"Top12","name":"Nichtrostender Bewehrungsstahl"},"highlight_box":{"title":"Geringste Lebenszykluskosten in korrosiven Betonumgebungen","subtitle":"Chloridbest\u00e4ndig und ideal f\u00fcr den Einsatz in karbonatisiertem Beton","text":"<ul>\n<li style=\"list-style-type: none;\">\n<ul>\n<li>Hochlegierter Werkstoff der G\u00fcte 1.4003<\/li>\n<li>Best\u00e4ndig gegen Chlorid<\/li>\n<li>Geeignet f\u00fcr den Einsatz in karbonatisiertem Beton<\/li>\n<li>Erfordert kein besonderes Handling und kann konventionell verarbeitet werden<\/li>\n<\/ul>\n<\/li>\n<\/ul>\n<p>\u00a0<\/p>\n","media_type":"image","image":{"medium":"<img width=\"300\" height=\"200\" src=\"https:\/\/bewehrungstechnik.ch\/wp-content\/uploads\/2021\/05\/Top12-auf-Coil-300x200.jpg\" class=\"%s\" alt=\"Nichtrostender Bewehrungsstahlk Top12\" decoding=\"async\" loading=\"lazy\" srcset=\"https:\/\/bewehrungstechnik.ch\/wp-content\/uploads\/2021\/05\/Top12-auf-Coil-300x200.jpg 300w, https:\/\/bewehrungstechnik.ch\/wp-content\/uploads\/2021\/05\/Top12-auf-Coil-1024x682.jpg 1024w, https:\/\/bewehrungstechnik.ch\/wp-content\/uploads\/2021\/05\/Top12-auf-Coil-768x512.jpg 768w, https:\/\/bewehrungstechnik.ch\/wp-content\/uploads\/2021\/05\/Top12-auf-Coil-436x291.jpg 436w, https:\/\/bewehrungstechnik.ch\/wp-content\/uploads\/2021\/05\/Top12-auf-Coil-550x367.jpg 550w, https:\/\/bewehrungstechnik.ch\/wp-content\/uploads\/2021\/05\/Top12-auf-Coil.jpg 1250w\" sizes=\"auto, (max-width: 300px) 100vw, 300px\" \/>","medium_large":"<img width=\"768\" height=\"512\" src=\"https:\/\/bewehrungstechnik.ch\/wp-content\/uploads\/2021\/05\/Top12-auf-Coil-768x512.jpg\" class=\"%s\" alt=\"Nichtrostender Bewehrungsstahlk Top12\" decoding=\"async\" loading=\"lazy\" srcset=\"https:\/\/bewehrungstechnik.ch\/wp-content\/uploads\/2021\/05\/Top12-auf-Coil-768x512.jpg 768w, https:\/\/bewehrungstechnik.ch\/wp-content\/uploads\/2021\/05\/Top12-auf-Coil-300x200.jpg 300w, https:\/\/bewehrungstechnik.ch\/wp-content\/uploads\/2021\/05\/Top12-auf-Coil-1024x682.jpg 1024w, https:\/\/bewehrungstechnik.ch\/wp-content\/uploads\/2021\/05\/Top12-auf-Coil-436x291.jpg 436w, https:\/\/bewehrungstechnik.ch\/wp-content\/uploads\/2021\/05\/Top12-auf-Coil-550x367.jpg 550w, https:\/\/bewehrungstechnik.ch\/wp-content\/uploads\/2021\/05\/Top12-auf-Coil.jpg 1250w\" sizes=\"auto, (max-width: 768px) 100vw, 768px\" \/>","large":"<img width=\"1024\" height=\"682\" src=\"https:\/\/bewehrungstechnik.ch\/wp-content\/uploads\/2021\/05\/Top12-auf-Coil-1024x682.jpg\" class=\"%s\" alt=\"Nichtrostender Bewehrungsstahlk Top12\" decoding=\"async\" loading=\"lazy\" srcset=\"https:\/\/bewehrungstechnik.ch\/wp-content\/uploads\/2021\/05\/Top12-auf-Coil-1024x682.jpg 1024w, https:\/\/bewehrungstechnik.ch\/wp-content\/uploads\/2021\/05\/Top12-auf-Coil-300x200.jpg 300w, https:\/\/bewehrungstechnik.ch\/wp-content\/uploads\/2021\/05\/Top12-auf-Coil-768x512.jpg 768w, https:\/\/bewehrungstechnik.ch\/wp-content\/uploads\/2021\/05\/Top12-auf-Coil-436x291.jpg 436w, https:\/\/bewehrungstechnik.ch\/wp-content\/uploads\/2021\/05\/Top12-auf-Coil-550x367.jpg 550w, https:\/\/bewehrungstechnik.ch\/wp-content\/uploads\/2021\/05\/Top12-auf-Coil.jpg 1250w\" sizes=\"auto, (max-width: 1024px) 100vw, 1024px\" \/>","full":"<img width=\"1250\" height=\"833\" src=\"https:\/\/bewehrungstechnik.ch\/wp-content\/uploads\/2021\/05\/Top12-auf-Coil.jpg\" class=\"%s\" alt=\"Nichtrostender Bewehrungsstahlk Top12\" decoding=\"async\" loading=\"lazy\" srcset=\"https:\/\/bewehrungstechnik.ch\/wp-content\/uploads\/2021\/05\/Top12-auf-Coil.jpg 1250w, https:\/\/bewehrungstechnik.ch\/wp-content\/uploads\/2021\/05\/Top12-auf-Coil-300x200.jpg 300w, https:\/\/bewehrungstechnik.ch\/wp-content\/uploads\/2021\/05\/Top12-auf-Coil-1024x682.jpg 1024w, https:\/\/bewehrungstechnik.ch\/wp-content\/uploads\/2021\/05\/Top12-auf-Coil-768x512.jpg 768w, https:\/\/bewehrungstechnik.ch\/wp-content\/uploads\/2021\/05\/Top12-auf-Coil-436x291.jpg 436w, https:\/\/bewehrungstechnik.ch\/wp-content\/uploads\/2021\/05\/Top12-auf-Coil-550x367.jpg 550w\" sizes=\"auto, (max-width: 1250px) 100vw, 1250px\" \/>"},"video_list":false},"downloads":[3003,2048,1732,2067,1487,1483,1465,3158,3150,3076,1491,4093,6109,1744,1864,10941,10939,10937,10935],"page_color_variation":"default","description":[{"title":"Einsatz im Tiefbau","text":"<p>Der Top12 Bewehrungsstahl mit erh\u00f6htem Korrosionswiderstand bew\u00e4hrt sich bereits seit vielen Jahren. Der Top12 weist eine hohe Best\u00e4ndigkeit gegen Chlorid auf. Deshalb kommt er im Tiefbau vor allem im Stand- und im Spritzwasserbereich von Strassen zum Einsatz. Dort sorgt er daf\u00fcr, dass Bauteile eine Lebensdauer von 80 bis 100 Jahren aufweisen.<\/p>\n"},{"title":"Einsatz im Hochbau","text":"<p>Gleichzeitig eignet sich Top12 Bewehrungstahl f\u00fcr die Verwendung in karbonatisiertem Beton, weshalb er immer h\u00e4ufiger auch ich Hochbau eingesetzt wird \u2013 etwa bei schlanken Bauteilen, bei denen die normgem\u00e4sse \u00dcberdeckung nicht eingehalten werden kann, oder bei Projekten mit besonderen \u00e4sthetischen Anforderungen an eine Sichtbetonoberfl\u00e4che. Weitere Einsatzm\u00f6glichkeiten bieten sich bei Parkgaragen, im Abwasserbereich, bei Sanierungen oder por\u00f6sen Betonen wie Leichtbeton.<\/p>\n"},{"title":"Hohe Festigkeitswerte und sehr gute Duktilit\u00e4tseigenschaften","text":"<p>Die hohen Festigkeitswerte kombiniert mit sehr guten Duktilit\u00e4tseigenschaften zeichnen den Top12 aus.<\/p>\n"}]},"deac_featured_media":{"medium":"<img width=\"300\" height=\"181\" src=\"https:\/\/bewehrungstechnik.ch\/wp-content\/uploads\/2021\/05\/Top12-Stab-e1623836982512-300x181.jpg\" class=\"%s\" alt=\"Nichtrostender Stahl Top12\" decoding=\"async\" loading=\"lazy\" srcset=\"https:\/\/bewehrungstechnik.ch\/wp-content\/uploads\/2021\/05\/Top12-Stab-e1623836982512-300x181.jpg 300w, https:\/\/bewehrungstechnik.ch\/wp-content\/uploads\/2021\/05\/Top12-Stab-e1623836982512-436x263.jpg 436w, https:\/\/bewehrungstechnik.ch\/wp-content\/uploads\/2021\/05\/Top12-Stab-e1623836982512-550x331.jpg 550w, https:\/\/bewehrungstechnik.ch\/wp-content\/uploads\/2021\/05\/Top12-Stab-e1623836982512.jpg 591w\" sizes=\"auto, (max-width: 300px) 100vw, 300px\" \/>","medium_large":"<img width=\"591\" height=\"356\" src=\"https:\/\/bewehrungstechnik.ch\/wp-content\/uploads\/2021\/05\/Top12-Stab-e1623836982512.jpg\" class=\"%s\" alt=\"Nichtrostender Stahl Top12\" decoding=\"async\" loading=\"lazy\" srcset=\"https:\/\/bewehrungstechnik.ch\/wp-content\/uploads\/2021\/05\/Top12-Stab-e1623836982512.jpg 591w, https:\/\/bewehrungstechnik.ch\/wp-content\/uploads\/2021\/05\/Top12-Stab-e1623836982512-300x181.jpg 300w, https:\/\/bewehrungstechnik.ch\/wp-content\/uploads\/2021\/05\/Top12-Stab-e1623836982512-436x263.jpg 436w, https:\/\/bewehrungstechnik.ch\/wp-content\/uploads\/2021\/05\/Top12-Stab-e1623836982512-550x331.jpg 550w\" sizes=\"auto, (max-width: 591px) 100vw, 591px\" \/>","large":"<img width=\"591\" height=\"356\" src=\"https:\/\/bewehrungstechnik.ch\/wp-content\/uploads\/2021\/05\/Top12-Stab-e1623836982512.jpg\" class=\"%s\" alt=\"Nichtrostender Stahl Top12\" decoding=\"async\" loading=\"lazy\" srcset=\"https:\/\/bewehrungstechnik.ch\/wp-content\/uploads\/2021\/05\/Top12-Stab-e1623836982512.jpg 591w, https:\/\/bewehrungstechnik.ch\/wp-content\/uploads\/2021\/05\/Top12-Stab-e1623836982512-300x181.jpg 300w, https:\/\/bewehrungstechnik.ch\/wp-content\/uploads\/2021\/05\/Top12-Stab-e1623836982512-436x263.jpg 436w, https:\/\/bewehrungstechnik.ch\/wp-content\/uploads\/2021\/05\/Top12-Stab-e1623836982512-550x331.jpg 550w\" sizes=\"auto, (max-width: 591px) 100vw, 591px\" \/>","full":"<img width=\"591\" height=\"356\" src=\"https:\/\/bewehrungstechnik.ch\/wp-content\/uploads\/2021\/05\/Top12-Stab-e1623836982512.jpg\" class=\"%s\" alt=\"Nichtrostender Stahl Top12\" decoding=\"async\" loading=\"lazy\" srcset=\"https:\/\/bewehrungstechnik.ch\/wp-content\/uploads\/2021\/05\/Top12-Stab-e1623836982512.jpg 591w, https:\/\/bewehrungstechnik.ch\/wp-content\/uploads\/2021\/05\/Top12-Stab-e1623836982512-300x181.jpg 300w, https:\/\/bewehrungstechnik.ch\/wp-content\/uploads\/2021\/05\/Top12-Stab-e1623836982512-436x263.jpg 436w, https:\/\/bewehrungstechnik.ch\/wp-content\/uploads\/2021\/05\/Top12-Stab-e1623836982512-550x331.jpg 550w\" sizes=\"auto, (max-width: 591px) 100vw, 591px\" \/>"},"_links":{"self":[{"href":"https:\/\/bewehrungstechnik.ch\/de-de\/wp-json\/wp\/v2\/product\/10727","targetHints":{"allow":["GET"]}}],"collection":[{"href":"https:\/\/bewehrungstechnik.ch\/de-de\/wp-json\/wp\/v2\/product"}],"about":[{"href":"https:\/\/bewehrungstechnik.ch\/de-de\/wp-json\/wp\/v2\/types\/product"}],"wp:featuredmedia":[{"embeddable":true,"href":"https:\/\/bewehrungstechnik.ch\/de-de\/wp-json\/wp\/v2\/media\/10729"}],"wp:attachment":[{"href":"https:\/\/bewehrungstechnik.ch\/de-de\/wp-json\/wp\/v2\/media?parent=10727"}],"wp:term":[{"taxonomy":"product_category","embeddable":true,"href":"https:\/\/bewehrungstechnik.ch\/de-de\/wp-json\/wp\/v2\/product_category?post=10727"}],"curies":[{"name":"wp","href":"https:\/\/api.w.org\/{rel}","templated":true}]}}