{"id":10730,"date":"2021-05-05T14:54:51","date_gmt":"2021-05-05T14:54:51","guid":{"rendered":"https:\/\/bewehrungstechnik.ch\/product\/nichtrostende-bewehrungsstaehle-acigrip-362-acigrip-462\/"},"modified":"2026-03-31T09:47:28","modified_gmt":"2026-03-31T09:47:28","slug":"nichtrostende-bewehrungsstaehle-acigrip-362-acigrip-462","status":"publish","type":"product","link":"https:\/\/bewehrungstechnik.ch\/de-de\/product\/nichtrostende-bewehrungsstaehle-acigrip-362-acigrip-462\/","title":{"rendered":"Nichtrostende Bewehrungsst\u00e4hle ACIGRIP\u00ae 362 \/ ACIGRIP\u00ae 462"},"featured_media":10731,"menu_order":120,"template":"","product_category":[105],"class_list":["post-10730","product","type-product","status-publish","has-post-thumbnail","","product_category-bewehrungsstaehle-de-de"],"acf":[],"yoast_head":"<!-- This site is optimized with the Yoast SEO plugin v27.2 - https:\/\/yoast.com\/product\/yoast-seo-wordpress\/ -->\n<title>ACIGRIP\u00ae Bewehrungsstahl | Debrunner Acifer Bewehrungen<\/title>\n<meta name=\"description\" content=\"Korrosionsbest\u00e4ndige Bewehrungsst\u00e4hle garantieren eine lange Nutzungsdauer der Bauwerke - jetzt nichtrostende Bewehrungsst\u00e4hle ACIGRIP\u00ae 362 \/ ACIGRIP\u00ae 462 entdecken!\" \/>\n<meta name=\"robots\" content=\"index, follow, max-snippet:-1, max-image-preview:large, max-video-preview:-1\" \/>\n<link rel=\"canonical\" href=\"https:\/\/bewehrungstechnik.ch\/de-de\/product\/nichtrostende-bewehrungsstaehle-acigrip-362-acigrip-462\/\" \/>\n<meta property=\"og:locale\" content=\"de_DE\" \/>\n<meta property=\"og:type\" content=\"article\" \/>\n<meta property=\"og:title\" content=\"ACIGRIP\u00ae Bewehrungsstahl | Debrunner Acifer Bewehrungen\" \/>\n<meta property=\"og:description\" content=\"Korrosionsbest\u00e4ndige Bewehrungsst\u00e4hle garantieren eine lange Nutzungsdauer der Bauwerke - jetzt nichtrostende Bewehrungsst\u00e4hle ACIGRIP\u00ae 362 \/ ACIGRIP\u00ae 462 entdecken!\" \/>\n<meta property=\"og:url\" content=\"https:\/\/bewehrungstechnik.ch\/de-de\/product\/nichtrostende-bewehrungsstaehle-acigrip-362-acigrip-462\/\" \/>\n<meta property=\"og:site_name\" content=\"Bewehrungstechnik\" \/>\n<meta property=\"article:modified_time\" content=\"2026-03-31T09:47:28+00:00\" \/>\n<meta property=\"og:image\" content=\"https:\/\/bewehrungstechnik.ch\/wp-content\/uploads\/2021\/05\/NIRO-1.jpg\" \/>\n\t<meta property=\"og:image:width\" content=\"554\" \/>\n\t<meta property=\"og:image:height\" content=\"349\" \/>\n\t<meta property=\"og:image:type\" content=\"image\/jpeg\" \/>\n<meta name=\"twitter:card\" content=\"summary_large_image\" \/>\n<script type=\"application\/ld+json\" class=\"yoast-schema-graph\">{\"@context\":\"https:\/\/schema.org\",\"@graph\":[{\"@type\":\"WebPage\",\"@id\":\"https:\/\/bewehrungstechnik.ch\/de-de\/product\/nichtrostende-bewehrungsstaehle-acigrip-362-acigrip-462\/\",\"url\":\"https:\/\/bewehrungstechnik.ch\/de-de\/product\/nichtrostende-bewehrungsstaehle-acigrip-362-acigrip-462\/\",\"name\":\"ACIGRIP\u00ae Bewehrungsstahl | Debrunner Acifer Bewehrungen\",\"isPartOf\":{\"@id\":\"https:\/\/bewehrungstechnik.ch\/de-de\/#website\"},\"primaryImageOfPage\":{\"@id\":\"https:\/\/bewehrungstechnik.ch\/de-de\/product\/nichtrostende-bewehrungsstaehle-acigrip-362-acigrip-462\/#primaryimage\"},\"image\":{\"@id\":\"https:\/\/bewehrungstechnik.ch\/de-de\/product\/nichtrostende-bewehrungsstaehle-acigrip-362-acigrip-462\/#primaryimage\"},\"thumbnailUrl\":\"https:\/\/bewehrungstechnik.ch\/wp-content\/uploads\/2021\/05\/NIRO-1.jpg\",\"datePublished\":\"2021-05-05T14:54:51+00:00\",\"dateModified\":\"2026-03-31T09:47:28+00:00\",\"description\":\"Korrosionsbest\u00e4ndige Bewehrungsst\u00e4hle garantieren eine lange Nutzungsdauer der Bauwerke - jetzt nichtrostende Bewehrungsst\u00e4hle ACIGRIP\u00ae 362 \/ ACIGRIP\u00ae 462 entdecken!\",\"breadcrumb\":{\"@id\":\"https:\/\/bewehrungstechnik.ch\/de-de\/product\/nichtrostende-bewehrungsstaehle-acigrip-362-acigrip-462\/#breadcrumb\"},\"inLanguage\":\"de\",\"potentialAction\":[{\"@type\":\"ReadAction\",\"target\":[\"https:\/\/bewehrungstechnik.ch\/de-de\/product\/nichtrostende-bewehrungsstaehle-acigrip-362-acigrip-462\/\"]}]},{\"@type\":\"ImageObject\",\"inLanguage\":\"de\",\"@id\":\"https:\/\/bewehrungstechnik.ch\/de-de\/product\/nichtrostende-bewehrungsstaehle-acigrip-362-acigrip-462\/#primaryimage\",\"url\":\"https:\/\/bewehrungstechnik.ch\/wp-content\/uploads\/2021\/05\/NIRO-1.jpg\",\"contentUrl\":\"https:\/\/bewehrungstechnik.ch\/wp-content\/uploads\/2021\/05\/NIRO-1.jpg\",\"width\":554,\"height\":349,\"caption\":\"Nichtrostende Bewehrungsst\u00f6hle\"},{\"@type\":\"BreadcrumbList\",\"@id\":\"https:\/\/bewehrungstechnik.ch\/de-de\/product\/nichtrostende-bewehrungsstaehle-acigrip-362-acigrip-462\/#breadcrumb\",\"itemListElement\":[{\"@type\":\"ListItem\",\"position\":1,\"name\":\"Home\",\"item\":\"https:\/\/bewehrungstechnik.ch\/de-de\/\"},{\"@type\":\"ListItem\",\"position\":2,\"name\":\"Products\",\"item\":\"https:\/\/bewehrungstechnik.ch\/de-de\/products\/\"},{\"@type\":\"ListItem\",\"position\":3,\"name\":\"Nichtrostende Bewehrungsst\u00e4hle ACIGRIP\u00ae 362 \/ ACIGRIP\u00ae 462\"}]},{\"@type\":\"WebSite\",\"@id\":\"https:\/\/bewehrungstechnik.ch\/de-de\/#website\",\"url\":\"https:\/\/bewehrungstechnik.ch\/de-de\/\",\"name\":\"Bewehrungstechnik\",\"description\":\"Just another WordPress site\",\"publisher\":{\"@id\":\"https:\/\/bewehrungstechnik.ch\/de-de\/#organization\"},\"potentialAction\":[{\"@type\":\"SearchAction\",\"target\":{\"@type\":\"EntryPoint\",\"urlTemplate\":\"https:\/\/bewehrungstechnik.ch\/de-de\/?s={search_term_string}\"},\"query-input\":{\"@type\":\"PropertyValueSpecification\",\"valueRequired\":true,\"valueName\":\"search_term_string\"}}],\"inLanguage\":\"de\"},{\"@type\":\"Organization\",\"@id\":\"https:\/\/bewehrungstechnik.ch\/de-de\/#organization\",\"name\":\"Bewehrungstechnik\",\"url\":\"https:\/\/bewehrungstechnik.ch\/de-de\/\",\"logo\":{\"@type\":\"ImageObject\",\"inLanguage\":\"de\",\"@id\":\"https:\/\/bewehrungstechnik.ch\/de-de\/#\/schema\/logo\/image\/\",\"url\":\"https:\/\/bewehrungstechnik.ch\/wp-content\/uploads\/2021\/03\/logo.svg\",\"contentUrl\":\"https:\/\/bewehrungstechnik.ch\/wp-content\/uploads\/2021\/03\/logo.svg\",\"width\":436,\"height\":436,\"caption\":\"Bewehrungstechnik\"},\"image\":{\"@id\":\"https:\/\/bewehrungstechnik.ch\/de-de\/#\/schema\/logo\/image\/\"}}]}<\/script>\n<!-- \/ Yoast SEO plugin. -->","yoast_head_json":{"title":"ACIGRIP\u00ae Bewehrungsstahl | Debrunner Acifer Bewehrungen","description":"Korrosionsbest\u00e4ndige Bewehrungsst\u00e4hle garantieren eine lange Nutzungsdauer der Bauwerke - jetzt nichtrostende Bewehrungsst\u00e4hle ACIGRIP\u00ae 362 \/ ACIGRIP\u00ae 462 entdecken!","robots":{"index":"index","follow":"follow","max-snippet":"max-snippet:-1","max-image-preview":"max-image-preview:large","max-video-preview":"max-video-preview:-1"},"canonical":"https:\/\/bewehrungstechnik.ch\/de-de\/product\/nichtrostende-bewehrungsstaehle-acigrip-362-acigrip-462\/","og_locale":"de_DE","og_type":"article","og_title":"ACIGRIP\u00ae Bewehrungsstahl | Debrunner Acifer Bewehrungen","og_description":"Korrosionsbest\u00e4ndige Bewehrungsst\u00e4hle garantieren eine lange Nutzungsdauer der Bauwerke - jetzt nichtrostende Bewehrungsst\u00e4hle ACIGRIP\u00ae 362 \/ ACIGRIP\u00ae 462 entdecken!","og_url":"https:\/\/bewehrungstechnik.ch\/de-de\/product\/nichtrostende-bewehrungsstaehle-acigrip-362-acigrip-462\/","og_site_name":"Bewehrungstechnik","article_modified_time":"2026-03-31T09:47:28+00:00","og_image":[{"width":554,"height":349,"url":"https:\/\/bewehrungstechnik.ch\/wp-content\/uploads\/2021\/05\/NIRO-1.jpg","type":"image\/jpeg"}],"twitter_card":"summary_large_image","schema":{"@context":"https:\/\/schema.org","@graph":[{"@type":"WebPage","@id":"https:\/\/bewehrungstechnik.ch\/de-de\/product\/nichtrostende-bewehrungsstaehle-acigrip-362-acigrip-462\/","url":"https:\/\/bewehrungstechnik.ch\/de-de\/product\/nichtrostende-bewehrungsstaehle-acigrip-362-acigrip-462\/","name":"ACIGRIP\u00ae Bewehrungsstahl | Debrunner Acifer Bewehrungen","isPartOf":{"@id":"https:\/\/bewehrungstechnik.ch\/de-de\/#website"},"primaryImageOfPage":{"@id":"https:\/\/bewehrungstechnik.ch\/de-de\/product\/nichtrostende-bewehrungsstaehle-acigrip-362-acigrip-462\/#primaryimage"},"image":{"@id":"https:\/\/bewehrungstechnik.ch\/de-de\/product\/nichtrostende-bewehrungsstaehle-acigrip-362-acigrip-462\/#primaryimage"},"thumbnailUrl":"https:\/\/bewehrungstechnik.ch\/wp-content\/uploads\/2021\/05\/NIRO-1.jpg","datePublished":"2021-05-05T14:54:51+00:00","dateModified":"2026-03-31T09:47:28+00:00","description":"Korrosionsbest\u00e4ndige Bewehrungsst\u00e4hle garantieren eine lange Nutzungsdauer der Bauwerke - jetzt nichtrostende Bewehrungsst\u00e4hle ACIGRIP\u00ae 362 \/ ACIGRIP\u00ae 462 entdecken!","breadcrumb":{"@id":"https:\/\/bewehrungstechnik.ch\/de-de\/product\/nichtrostende-bewehrungsstaehle-acigrip-362-acigrip-462\/#breadcrumb"},"inLanguage":"de","potentialAction":[{"@type":"ReadAction","target":["https:\/\/bewehrungstechnik.ch\/de-de\/product\/nichtrostende-bewehrungsstaehle-acigrip-362-acigrip-462\/"]}]},{"@type":"ImageObject","inLanguage":"de","@id":"https:\/\/bewehrungstechnik.ch\/de-de\/product\/nichtrostende-bewehrungsstaehle-acigrip-362-acigrip-462\/#primaryimage","url":"https:\/\/bewehrungstechnik.ch\/wp-content\/uploads\/2021\/05\/NIRO-1.jpg","contentUrl":"https:\/\/bewehrungstechnik.ch\/wp-content\/uploads\/2021\/05\/NIRO-1.jpg","width":554,"height":349,"caption":"Nichtrostende Bewehrungsst\u00f6hle"},{"@type":"BreadcrumbList","@id":"https:\/\/bewehrungstechnik.ch\/de-de\/product\/nichtrostende-bewehrungsstaehle-acigrip-362-acigrip-462\/#breadcrumb","itemListElement":[{"@type":"ListItem","position":1,"name":"Home","item":"https:\/\/bewehrungstechnik.ch\/de-de\/"},{"@type":"ListItem","position":2,"name":"Products","item":"https:\/\/bewehrungstechnik.ch\/de-de\/products\/"},{"@type":"ListItem","position":3,"name":"Nichtrostende Bewehrungsst\u00e4hle ACIGRIP\u00ae 362 \/ ACIGRIP\u00ae 462"}]},{"@type":"WebSite","@id":"https:\/\/bewehrungstechnik.ch\/de-de\/#website","url":"https:\/\/bewehrungstechnik.ch\/de-de\/","name":"Bewehrungstechnik","description":"Just another WordPress site","publisher":{"@id":"https:\/\/bewehrungstechnik.ch\/de-de\/#organization"},"potentialAction":[{"@type":"SearchAction","target":{"@type":"EntryPoint","urlTemplate":"https:\/\/bewehrungstechnik.ch\/de-de\/?s={search_term_string}"},"query-input":{"@type":"PropertyValueSpecification","valueRequired":true,"valueName":"search_term_string"}}],"inLanguage":"de"},{"@type":"Organization","@id":"https:\/\/bewehrungstechnik.ch\/de-de\/#organization","name":"Bewehrungstechnik","url":"https:\/\/bewehrungstechnik.ch\/de-de\/","logo":{"@type":"ImageObject","inLanguage":"de","@id":"https:\/\/bewehrungstechnik.ch\/de-de\/#\/schema\/logo\/image\/","url":"https:\/\/bewehrungstechnik.ch\/wp-content\/uploads\/2021\/03\/logo.svg","contentUrl":"https:\/\/bewehrungstechnik.ch\/wp-content\/uploads\/2021\/03\/logo.svg","width":436,"height":436,"caption":"Bewehrungstechnik"},"image":{"@id":"https:\/\/bewehrungstechnik.ch\/de-de\/#\/schema\/logo\/image\/"}}]}},"deac_custom_fields":{"product":{"brand":"ACIGRIP\u00ae 362 \/ ACIGRIP\u00ae 462","name":"Nichtrostende Bewehrungsst\u00e4hle"},"highlight_box":{"title":"Dauerhafter Korrosionsschutz \u2013 auch ausserhalb des Betons","subtitle":"Korrosionsbest\u00e4ndige Bewehrungsst\u00e4hle garantieren eine lange Nutzungsdauer der Bauwerke","text":"<ul>\n<li>Zuverl\u00e4ssiger und dauerhafter Schutz vor Korrosion in stark korrosiver Umgebung<\/li>\n<li>Anwendung auch bei geringer Bewehrungs\u00fcberdeckung m\u00f6glich<\/li>\n<li>Kann auch ausserhalb des Betons eingesetzt werden<\/li>\n<li>f\u00fcr Kragplattenanschl\u00fcsse und Zuganker geeignet<\/li>\n<\/ul>\n","media_type":"video","image":{"medium":"<img width=\"300\" height=\"189\" src=\"https:\/\/bewehrungstechnik.ch\/wp-content\/uploads\/2021\/05\/NIRO-1-300x189.jpg\" class=\"%s\" alt=\"Nichtrostende Bewehrungsst\u00f6hle\" decoding=\"async\" loading=\"lazy\" srcset=\"https:\/\/bewehrungstechnik.ch\/wp-content\/uploads\/2021\/05\/NIRO-1-300x189.jpg 300w, https:\/\/bewehrungstechnik.ch\/wp-content\/uploads\/2021\/05\/NIRO-1-436x275.jpg 436w, https:\/\/bewehrungstechnik.ch\/wp-content\/uploads\/2021\/05\/NIRO-1-550x346.jpg 550w, https:\/\/bewehrungstechnik.ch\/wp-content\/uploads\/2021\/05\/NIRO-1.jpg 554w\" sizes=\"auto, (max-width: 300px) 100vw, 300px\" \/>","medium_large":"<img width=\"554\" height=\"349\" src=\"https:\/\/bewehrungstechnik.ch\/wp-content\/uploads\/2021\/05\/NIRO-1.jpg\" class=\"%s\" alt=\"Nichtrostende Bewehrungsst\u00f6hle\" decoding=\"async\" loading=\"lazy\" srcset=\"https:\/\/bewehrungstechnik.ch\/wp-content\/uploads\/2021\/05\/NIRO-1.jpg 554w, https:\/\/bewehrungstechnik.ch\/wp-content\/uploads\/2021\/05\/NIRO-1-300x189.jpg 300w, https:\/\/bewehrungstechnik.ch\/wp-content\/uploads\/2021\/05\/NIRO-1-436x275.jpg 436w, https:\/\/bewehrungstechnik.ch\/wp-content\/uploads\/2021\/05\/NIRO-1-550x346.jpg 550w\" sizes=\"auto, (max-width: 554px) 100vw, 554px\" \/>","large":"<img width=\"554\" height=\"349\" src=\"https:\/\/bewehrungstechnik.ch\/wp-content\/uploads\/2021\/05\/NIRO-1.jpg\" class=\"%s\" alt=\"Nichtrostende Bewehrungsst\u00f6hle\" decoding=\"async\" loading=\"lazy\" srcset=\"https:\/\/bewehrungstechnik.ch\/wp-content\/uploads\/2021\/05\/NIRO-1.jpg 554w, https:\/\/bewehrungstechnik.ch\/wp-content\/uploads\/2021\/05\/NIRO-1-300x189.jpg 300w, https:\/\/bewehrungstechnik.ch\/wp-content\/uploads\/2021\/05\/NIRO-1-436x275.jpg 436w, https:\/\/bewehrungstechnik.ch\/wp-content\/uploads\/2021\/05\/NIRO-1-550x346.jpg 550w\" sizes=\"auto, (max-width: 554px) 100vw, 554px\" \/>","full":"<img width=\"554\" height=\"349\" src=\"https:\/\/bewehrungstechnik.ch\/wp-content\/uploads\/2021\/05\/NIRO-1.jpg\" class=\"%s\" alt=\"Nichtrostende Bewehrungsst\u00f6hle\" decoding=\"async\" loading=\"lazy\" srcset=\"https:\/\/bewehrungstechnik.ch\/wp-content\/uploads\/2021\/05\/NIRO-1.jpg 554w, https:\/\/bewehrungstechnik.ch\/wp-content\/uploads\/2021\/05\/NIRO-1-300x189.jpg 300w, https:\/\/bewehrungstechnik.ch\/wp-content\/uploads\/2021\/05\/NIRO-1-436x275.jpg 436w, https:\/\/bewehrungstechnik.ch\/wp-content\/uploads\/2021\/05\/NIRO-1-550x346.jpg 550w\" sizes=\"auto, (max-width: 554px) 100vw, 554px\" \/>"},"video_list":[{"video_poster":10731,"youtube_link":"https:\/\/www.youtube.com\/watch?v=XQLTW2NJOYA","_video_poster_meta":["https:\/\/bewehrungstechnik.ch\/wp-content\/uploads\/2021\/05\/NIRO-1.jpg",554,349,false]}]},"downloads":[10093,10113,2067,3025,10137,1980,3158,3680,3070,3073,4093,6109,1744],"description":[{"title":"Korrosionsschutz bei karbonatisierten und chlordibelasteten Beton","text":"<p>Die Bewehrungskorrosion ist heute eine der h\u00e4ufigsten Ursachen f\u00fcr Sch\u00e4den im Beton. Beg\u00fcnstigt wird sie durch die Karbonatisierung des Betons und den Chlorideintrag. Beides tritt insbesondere bei harten Umgebungsbedingungen auf. Um wirksam und dauerhafte gegen die Korrosion an Bewehrungen vorzugehen, braucht es Bewehrungselemente, die nicht rosten.<\/p>\n"},{"title":"Anwendungen mit geringer Bewehrungs\u00fcberdeckung","text":"<p>Mit den nichtrostenden Bewehrungsst\u00e4hlen ACIGRIP 362 (W.Nr. 1.4362 &#8211; KWK 3) und ACIGRIP 462 (W.Nr. 1.4462 &#8211; KWK 4) f\u00fchren wir Produkte im Sortiment, mit dem Sie solche Sch\u00e4den entgegenwirken und f\u00fcr einen dauerhaften Korrosionsschutz sorgen. So lassen sich mit dem nichtrostenden Bewehrungsst\u00e4hlen auch Anwendungen mit geringer Bewehrungs\u00fcberdeckung in stark exponierten Bauteilen umsetzen.<\/p>\n"},{"title":"Auch f\u00fcr Kragplattenanschl\u00fcsse und Zuganker geeignet","text":"<p>Die ACIGRIP St\u00e4hle 362 und 462 k\u00f6nnen auch ausserhalb des Betons eingesetzt werden \u2013 m\u00f6gliche Anwendungsbereiche sind unter anderem Kragplattenanschl\u00fcsse oder Zuganker. Gerade in diesem Bereich ist ein hoher Korrosionswiderstand erforderlich. Ist der Stahl dauerhaft durch den Beton gesch\u00fctzt und herrscht keine Kombination aus Chloridbelastung und geringer Bewehrungs\u00fcberdeckung, bietet Top12 Bewehrungsstahl eine preiswerte und qualitativ ausreichende Alternative.<\/p>\n"},{"title":"INOX-Center Regensdorf als SIA-Register gef\u00fchrter NIRO-Bearbeiter","text":"<p>Als erster zertifizierter und im SIA-Register eingetragener Weiterverarbeiter von nichtrostendem Bewehrungsstahl erf\u00fcllt die Debrunner Acifer Bewehrungen AG s\u00e4mtliche Anforderungen der Norm SIA 262:2013. In unserem NIRO-Bearbeitungszentrum in Regensdorf verarbeiten wir nichtrostende Bewehrungen in h\u00f6chster Qualit\u00e4t.<\/p>\n"}]},"deac_featured_media":{"medium":"<img width=\"300\" height=\"189\" src=\"https:\/\/bewehrungstechnik.ch\/wp-content\/uploads\/2021\/05\/NIRO-1-300x189.jpg\" class=\"%s\" alt=\"Nichtrostende Bewehrungsst\u00f6hle\" decoding=\"async\" loading=\"lazy\" srcset=\"https:\/\/bewehrungstechnik.ch\/wp-content\/uploads\/2021\/05\/NIRO-1-300x189.jpg 300w, https:\/\/bewehrungstechnik.ch\/wp-content\/uploads\/2021\/05\/NIRO-1-436x275.jpg 436w, https:\/\/bewehrungstechnik.ch\/wp-content\/uploads\/2021\/05\/NIRO-1-550x346.jpg 550w, https:\/\/bewehrungstechnik.ch\/wp-content\/uploads\/2021\/05\/NIRO-1.jpg 554w\" sizes=\"auto, (max-width: 300px) 100vw, 300px\" \/>","medium_large":"<img width=\"554\" height=\"349\" src=\"https:\/\/bewehrungstechnik.ch\/wp-content\/uploads\/2021\/05\/NIRO-1.jpg\" class=\"%s\" alt=\"Nichtrostende Bewehrungsst\u00f6hle\" decoding=\"async\" loading=\"lazy\" srcset=\"https:\/\/bewehrungstechnik.ch\/wp-content\/uploads\/2021\/05\/NIRO-1.jpg 554w, https:\/\/bewehrungstechnik.ch\/wp-content\/uploads\/2021\/05\/NIRO-1-300x189.jpg 300w, https:\/\/bewehrungstechnik.ch\/wp-content\/uploads\/2021\/05\/NIRO-1-436x275.jpg 436w, https:\/\/bewehrungstechnik.ch\/wp-content\/uploads\/2021\/05\/NIRO-1-550x346.jpg 550w\" sizes=\"auto, (max-width: 554px) 100vw, 554px\" \/>","large":"<img width=\"554\" height=\"349\" src=\"https:\/\/bewehrungstechnik.ch\/wp-content\/uploads\/2021\/05\/NIRO-1.jpg\" class=\"%s\" alt=\"Nichtrostende Bewehrungsst\u00f6hle\" decoding=\"async\" loading=\"lazy\" srcset=\"https:\/\/bewehrungstechnik.ch\/wp-content\/uploads\/2021\/05\/NIRO-1.jpg 554w, https:\/\/bewehrungstechnik.ch\/wp-content\/uploads\/2021\/05\/NIRO-1-300x189.jpg 300w, https:\/\/bewehrungstechnik.ch\/wp-content\/uploads\/2021\/05\/NIRO-1-436x275.jpg 436w, https:\/\/bewehrungstechnik.ch\/wp-content\/uploads\/2021\/05\/NIRO-1-550x346.jpg 550w\" sizes=\"auto, (max-width: 554px) 100vw, 554px\" \/>","full":"<img width=\"554\" height=\"349\" src=\"https:\/\/bewehrungstechnik.ch\/wp-content\/uploads\/2021\/05\/NIRO-1.jpg\" class=\"%s\" alt=\"Nichtrostende Bewehrungsst\u00f6hle\" decoding=\"async\" loading=\"lazy\" srcset=\"https:\/\/bewehrungstechnik.ch\/wp-content\/uploads\/2021\/05\/NIRO-1.jpg 554w, https:\/\/bewehrungstechnik.ch\/wp-content\/uploads\/2021\/05\/NIRO-1-300x189.jpg 300w, https:\/\/bewehrungstechnik.ch\/wp-content\/uploads\/2021\/05\/NIRO-1-436x275.jpg 436w, https:\/\/bewehrungstechnik.ch\/wp-content\/uploads\/2021\/05\/NIRO-1-550x346.jpg 550w\" sizes=\"auto, (max-width: 554px) 100vw, 554px\" \/>"},"_links":{"self":[{"href":"https:\/\/bewehrungstechnik.ch\/de-de\/wp-json\/wp\/v2\/product\/10730","targetHints":{"allow":["GET"]}}],"collection":[{"href":"https:\/\/bewehrungstechnik.ch\/de-de\/wp-json\/wp\/v2\/product"}],"about":[{"href":"https:\/\/bewehrungstechnik.ch\/de-de\/wp-json\/wp\/v2\/types\/product"}],"wp:featuredmedia":[{"embeddable":true,"href":"https:\/\/bewehrungstechnik.ch\/de-de\/wp-json\/wp\/v2\/media\/10731"}],"wp:attachment":[{"href":"https:\/\/bewehrungstechnik.ch\/de-de\/wp-json\/wp\/v2\/media?parent=10730"}],"wp:term":[{"taxonomy":"product_category","embeddable":true,"href":"https:\/\/bewehrungstechnik.ch\/de-de\/wp-json\/wp\/v2\/product_category?post=10730"}],"curies":[{"name":"wp","href":"https:\/\/api.w.org\/{rel}","templated":true}]}}