{"id":10732,"date":"2021-05-05T14:58:05","date_gmt":"2021-05-05T14:58:05","guid":{"rendered":"https:\/\/bewehrungstechnik.ch\/product\/verzinkter-bewehrungsstahl-prezinc-500\/"},"modified":"2026-03-31T09:44:07","modified_gmt":"2026-03-31T09:44:07","slug":"verzinkter-bewehrungsstahl-prezinc-500","status":"publish","type":"product","link":"https:\/\/bewehrungstechnik.ch\/de-de\/product\/verzinkter-bewehrungsstahl-prezinc-500\/","title":{"rendered":"Verzinkter Bewehrungsstahl PREZINC 500\u00ae"},"featured_media":10734,"menu_order":130,"template":"","product_category":[105],"class_list":["post-10732","product","type-product","status-publish","has-post-thumbnail","","product_category-bewehrungsstaehle-de-de"],"acf":[],"yoast_head":"<!-- This site is optimized with the Yoast SEO plugin v27.4 - https:\/\/yoast.com\/product\/yoast-seo-wordpress\/ -->\n<title>Verzinkter Bewehrungsstahl PREZINC500\u00ae | Debrunner Acifer Bewehrungen<\/title>\n<meta name=\"description\" content=\"Verzinkter Bewehrungsstahl PREZINC 500\u00ae. Das spezielle Delot-Verfahren verhindert das Abplatzen der Zinkschicht. Jetzt Sortiment an verzinktem Bewehrungsstahl entdecken!\" \/>\n<meta name=\"robots\" content=\"index, follow, max-snippet:-1, max-image-preview:large, max-video-preview:-1\" \/>\n<link rel=\"canonical\" href=\"https:\/\/bewehrungstechnik.ch\/de-de\/product\/verzinkter-bewehrungsstahl-prezinc-500\/\" \/>\n<meta property=\"og:locale\" content=\"de_DE\" \/>\n<meta property=\"og:type\" content=\"article\" \/>\n<meta property=\"og:title\" content=\"Verzinkter Bewehrungsstahl PREZINC500\u00ae | Debrunner Acifer Bewehrungen\" \/>\n<meta property=\"og:description\" content=\"Verzinkter Bewehrungsstahl PREZINC 500\u00ae. Das spezielle Delot-Verfahren verhindert das Abplatzen der Zinkschicht. Jetzt Sortiment an verzinktem Bewehrungsstahl entdecken!\" \/>\n<meta property=\"og:url\" content=\"https:\/\/bewehrungstechnik.ch\/de-de\/product\/verzinkter-bewehrungsstahl-prezinc-500\/\" \/>\n<meta property=\"og:site_name\" content=\"Bewehrungstechnik\" \/>\n<meta property=\"article:modified_time\" content=\"2026-03-31T09:44:07+00:00\" \/>\n<meta property=\"og:image\" content=\"https:\/\/bewehrungstechnik.ch\/wp-content\/uploads\/2021\/05\/PREZINC500.jpg\" \/>\n\t<meta property=\"og:image:width\" content=\"1920\" \/>\n\t<meta property=\"og:image:height\" content=\"1551\" \/>\n\t<meta property=\"og:image:type\" content=\"image\/jpeg\" \/>\n<meta name=\"twitter:card\" content=\"summary_large_image\" \/>\n<script type=\"application\/ld+json\" class=\"yoast-schema-graph\">{\"@context\":\"https:\\\/\\\/schema.org\",\"@graph\":[{\"@type\":\"WebPage\",\"@id\":\"https:\\\/\\\/bewehrungstechnik.ch\\\/de-de\\\/product\\\/verzinkter-bewehrungsstahl-prezinc-500\\\/\",\"url\":\"https:\\\/\\\/bewehrungstechnik.ch\\\/de-de\\\/product\\\/verzinkter-bewehrungsstahl-prezinc-500\\\/\",\"name\":\"Verzinkter Bewehrungsstahl PREZINC500\u00ae | Debrunner Acifer Bewehrungen\",\"isPartOf\":{\"@id\":\"https:\\\/\\\/bewehrungstechnik.ch\\\/de-de\\\/#website\"},\"primaryImageOfPage\":{\"@id\":\"https:\\\/\\\/bewehrungstechnik.ch\\\/de-de\\\/product\\\/verzinkter-bewehrungsstahl-prezinc-500\\\/#primaryimage\"},\"image\":{\"@id\":\"https:\\\/\\\/bewehrungstechnik.ch\\\/de-de\\\/product\\\/verzinkter-bewehrungsstahl-prezinc-500\\\/#primaryimage\"},\"thumbnailUrl\":\"https:\\\/\\\/bewehrungstechnik.ch\\\/wp-content\\\/uploads\\\/2021\\\/05\\\/PREZINC500.jpg\",\"datePublished\":\"2021-05-05T14:58:05+00:00\",\"dateModified\":\"2026-03-31T09:44:07+00:00\",\"description\":\"Verzinkter Bewehrungsstahl PREZINC 500\u00ae. Das spezielle Delot-Verfahren verhindert das Abplatzen der Zinkschicht. Jetzt Sortiment an verzinktem Bewehrungsstahl entdecken!\",\"breadcrumb\":{\"@id\":\"https:\\\/\\\/bewehrungstechnik.ch\\\/de-de\\\/product\\\/verzinkter-bewehrungsstahl-prezinc-500\\\/#breadcrumb\"},\"inLanguage\":\"de\",\"potentialAction\":[{\"@type\":\"ReadAction\",\"target\":[\"https:\\\/\\\/bewehrungstechnik.ch\\\/de-de\\\/product\\\/verzinkter-bewehrungsstahl-prezinc-500\\\/\"]}]},{\"@type\":\"ImageObject\",\"inLanguage\":\"de\",\"@id\":\"https:\\\/\\\/bewehrungstechnik.ch\\\/de-de\\\/product\\\/verzinkter-bewehrungsstahl-prezinc-500\\\/#primaryimage\",\"url\":\"https:\\\/\\\/bewehrungstechnik.ch\\\/wp-content\\\/uploads\\\/2021\\\/05\\\/PREZINC500.jpg\",\"contentUrl\":\"https:\\\/\\\/bewehrungstechnik.ch\\\/wp-content\\\/uploads\\\/2021\\\/05\\\/PREZINC500.jpg\",\"width\":1920,\"height\":1551,\"caption\":\"Imacon Color Scanner\"},{\"@type\":\"BreadcrumbList\",\"@id\":\"https:\\\/\\\/bewehrungstechnik.ch\\\/de-de\\\/product\\\/verzinkter-bewehrungsstahl-prezinc-500\\\/#breadcrumb\",\"itemListElement\":[{\"@type\":\"ListItem\",\"position\":1,\"name\":\"Home\",\"item\":\"https:\\\/\\\/bewehrungstechnik.ch\\\/de-de\\\/\"},{\"@type\":\"ListItem\",\"position\":2,\"name\":\"Products\",\"item\":\"https:\\\/\\\/bewehrungstechnik.ch\\\/de-de\\\/products\\\/\"},{\"@type\":\"ListItem\",\"position\":3,\"name\":\"Verzinkter Bewehrungsstahl PREZINC 500\u00ae\"}]},{\"@type\":\"WebSite\",\"@id\":\"https:\\\/\\\/bewehrungstechnik.ch\\\/de-de\\\/#website\",\"url\":\"https:\\\/\\\/bewehrungstechnik.ch\\\/de-de\\\/\",\"name\":\"Bewehrungstechnik\",\"description\":\"Just another WordPress site\",\"publisher\":{\"@id\":\"https:\\\/\\\/bewehrungstechnik.ch\\\/de-de\\\/#organization\"},\"potentialAction\":[{\"@type\":\"SearchAction\",\"target\":{\"@type\":\"EntryPoint\",\"urlTemplate\":\"https:\\\/\\\/bewehrungstechnik.ch\\\/de-de\\\/?s={search_term_string}\"},\"query-input\":{\"@type\":\"PropertyValueSpecification\",\"valueRequired\":true,\"valueName\":\"search_term_string\"}}],\"inLanguage\":\"de\"},{\"@type\":\"Organization\",\"@id\":\"https:\\\/\\\/bewehrungstechnik.ch\\\/de-de\\\/#organization\",\"name\":\"Bewehrungstechnik\",\"url\":\"https:\\\/\\\/bewehrungstechnik.ch\\\/de-de\\\/\",\"logo\":{\"@type\":\"ImageObject\",\"inLanguage\":\"de\",\"@id\":\"https:\\\/\\\/bewehrungstechnik.ch\\\/de-de\\\/#\\\/schema\\\/logo\\\/image\\\/\",\"url\":\"https:\\\/\\\/bewehrungstechnik.ch\\\/wp-content\\\/uploads\\\/2021\\\/03\\\/logo.svg\",\"contentUrl\":\"https:\\\/\\\/bewehrungstechnik.ch\\\/wp-content\\\/uploads\\\/2021\\\/03\\\/logo.svg\",\"width\":436,\"height\":436,\"caption\":\"Bewehrungstechnik\"},\"image\":{\"@id\":\"https:\\\/\\\/bewehrungstechnik.ch\\\/de-de\\\/#\\\/schema\\\/logo\\\/image\\\/\"}}]}<\/script>\n<!-- \/ Yoast SEO plugin. -->","yoast_head_json":{"title":"Verzinkter Bewehrungsstahl PREZINC500\u00ae | Debrunner Acifer Bewehrungen","description":"Verzinkter Bewehrungsstahl PREZINC 500\u00ae. Das spezielle Delot-Verfahren verhindert das Abplatzen der Zinkschicht. Jetzt Sortiment an verzinktem Bewehrungsstahl entdecken!","robots":{"index":"index","follow":"follow","max-snippet":"max-snippet:-1","max-image-preview":"max-image-preview:large","max-video-preview":"max-video-preview:-1"},"canonical":"https:\/\/bewehrungstechnik.ch\/de-de\/product\/verzinkter-bewehrungsstahl-prezinc-500\/","og_locale":"de_DE","og_type":"article","og_title":"Verzinkter Bewehrungsstahl PREZINC500\u00ae | Debrunner Acifer Bewehrungen","og_description":"Verzinkter Bewehrungsstahl PREZINC 500\u00ae. Das spezielle Delot-Verfahren verhindert das Abplatzen der Zinkschicht. Jetzt Sortiment an verzinktem Bewehrungsstahl entdecken!","og_url":"https:\/\/bewehrungstechnik.ch\/de-de\/product\/verzinkter-bewehrungsstahl-prezinc-500\/","og_site_name":"Bewehrungstechnik","article_modified_time":"2026-03-31T09:44:07+00:00","og_image":[{"width":1920,"height":1551,"url":"https:\/\/bewehrungstechnik.ch\/wp-content\/uploads\/2021\/05\/PREZINC500.jpg","type":"image\/jpeg"}],"twitter_card":"summary_large_image","schema":{"@context":"https:\/\/schema.org","@graph":[{"@type":"WebPage","@id":"https:\/\/bewehrungstechnik.ch\/de-de\/product\/verzinkter-bewehrungsstahl-prezinc-500\/","url":"https:\/\/bewehrungstechnik.ch\/de-de\/product\/verzinkter-bewehrungsstahl-prezinc-500\/","name":"Verzinkter Bewehrungsstahl PREZINC500\u00ae | Debrunner Acifer Bewehrungen","isPartOf":{"@id":"https:\/\/bewehrungstechnik.ch\/de-de\/#website"},"primaryImageOfPage":{"@id":"https:\/\/bewehrungstechnik.ch\/de-de\/product\/verzinkter-bewehrungsstahl-prezinc-500\/#primaryimage"},"image":{"@id":"https:\/\/bewehrungstechnik.ch\/de-de\/product\/verzinkter-bewehrungsstahl-prezinc-500\/#primaryimage"},"thumbnailUrl":"https:\/\/bewehrungstechnik.ch\/wp-content\/uploads\/2021\/05\/PREZINC500.jpg","datePublished":"2021-05-05T14:58:05+00:00","dateModified":"2026-03-31T09:44:07+00:00","description":"Verzinkter Bewehrungsstahl PREZINC 500\u00ae. Das spezielle Delot-Verfahren verhindert das Abplatzen der Zinkschicht. Jetzt Sortiment an verzinktem Bewehrungsstahl entdecken!","breadcrumb":{"@id":"https:\/\/bewehrungstechnik.ch\/de-de\/product\/verzinkter-bewehrungsstahl-prezinc-500\/#breadcrumb"},"inLanguage":"de","potentialAction":[{"@type":"ReadAction","target":["https:\/\/bewehrungstechnik.ch\/de-de\/product\/verzinkter-bewehrungsstahl-prezinc-500\/"]}]},{"@type":"ImageObject","inLanguage":"de","@id":"https:\/\/bewehrungstechnik.ch\/de-de\/product\/verzinkter-bewehrungsstahl-prezinc-500\/#primaryimage","url":"https:\/\/bewehrungstechnik.ch\/wp-content\/uploads\/2021\/05\/PREZINC500.jpg","contentUrl":"https:\/\/bewehrungstechnik.ch\/wp-content\/uploads\/2021\/05\/PREZINC500.jpg","width":1920,"height":1551,"caption":"Imacon Color Scanner"},{"@type":"BreadcrumbList","@id":"https:\/\/bewehrungstechnik.ch\/de-de\/product\/verzinkter-bewehrungsstahl-prezinc-500\/#breadcrumb","itemListElement":[{"@type":"ListItem","position":1,"name":"Home","item":"https:\/\/bewehrungstechnik.ch\/de-de\/"},{"@type":"ListItem","position":2,"name":"Products","item":"https:\/\/bewehrungstechnik.ch\/de-de\/products\/"},{"@type":"ListItem","position":3,"name":"Verzinkter Bewehrungsstahl PREZINC 500\u00ae"}]},{"@type":"WebSite","@id":"https:\/\/bewehrungstechnik.ch\/de-de\/#website","url":"https:\/\/bewehrungstechnik.ch\/de-de\/","name":"Bewehrungstechnik","description":"Just another WordPress site","publisher":{"@id":"https:\/\/bewehrungstechnik.ch\/de-de\/#organization"},"potentialAction":[{"@type":"SearchAction","target":{"@type":"EntryPoint","urlTemplate":"https:\/\/bewehrungstechnik.ch\/de-de\/?s={search_term_string}"},"query-input":{"@type":"PropertyValueSpecification","valueRequired":true,"valueName":"search_term_string"}}],"inLanguage":"de"},{"@type":"Organization","@id":"https:\/\/bewehrungstechnik.ch\/de-de\/#organization","name":"Bewehrungstechnik","url":"https:\/\/bewehrungstechnik.ch\/de-de\/","logo":{"@type":"ImageObject","inLanguage":"de","@id":"https:\/\/bewehrungstechnik.ch\/de-de\/#\/schema\/logo\/image\/","url":"https:\/\/bewehrungstechnik.ch\/wp-content\/uploads\/2021\/03\/logo.svg","contentUrl":"https:\/\/bewehrungstechnik.ch\/wp-content\/uploads\/2021\/03\/logo.svg","width":436,"height":436,"caption":"Bewehrungstechnik"},"image":{"@id":"https:\/\/bewehrungstechnik.ch\/de-de\/#\/schema\/logo\/image\/"}}]}},"deac_custom_fields":{"product":{"brand":"PREZINC 500\u00ae","name":"Verzinkter Bewehrungsstahl"},"highlight_box":{"title":"Kosteng\u00fcnstiger Korrosionsschutz","subtitle":"Das spezielle Delot-Verfahren verhindert das Abplatzen der Zinkschicht","text":"<ul>\n<li>Guter Schutz vor Korrosion<\/li>\n<li>Kosteng\u00fcnstiges System<\/li>\n<li>Sicheres Arbeiten, keine Gefahr von Abplatzungen<\/li>\n<li>Geeignet f\u00fcr schlanke Bauteile<\/li>\n<li>Geeignet in karbonatisiertem Beton<\/li>\n<\/ul>\n","media_type":"image","image":{"medium":"<img width=\"300\" height=\"242\" src=\"https:\/\/bewehrungstechnik.ch\/wp-content\/uploads\/2021\/05\/PREZINC500-300x242.jpg\" class=\"%s\" alt=\"Verzinkter Bewehrungsstahl PREZINC500\" decoding=\"async\" loading=\"lazy\" srcset=\"https:\/\/bewehrungstechnik.ch\/wp-content\/uploads\/2021\/05\/PREZINC500-300x242.jpg 300w, https:\/\/bewehrungstechnik.ch\/wp-content\/uploads\/2021\/05\/PREZINC500-1024x827.jpg 1024w, https:\/\/bewehrungstechnik.ch\/wp-content\/uploads\/2021\/05\/PREZINC500-768x620.jpg 768w, https:\/\/bewehrungstechnik.ch\/wp-content\/uploads\/2021\/05\/PREZINC500-1536x1241.jpg 1536w, https:\/\/bewehrungstechnik.ch\/wp-content\/uploads\/2021\/05\/PREZINC500-436x352.jpg 436w, https:\/\/bewehrungstechnik.ch\/wp-content\/uploads\/2021\/05\/PREZINC500-550x444.jpg 550w, https:\/\/bewehrungstechnik.ch\/wp-content\/uploads\/2021\/05\/PREZINC500.jpg 1920w\" sizes=\"auto, (max-width: 300px) 100vw, 300px\" \/>","medium_large":"<img width=\"768\" height=\"620\" src=\"https:\/\/bewehrungstechnik.ch\/wp-content\/uploads\/2021\/05\/PREZINC500-768x620.jpg\" class=\"%s\" alt=\"Verzinkter Bewehrungsstahl PREZINC500\" decoding=\"async\" loading=\"lazy\" srcset=\"https:\/\/bewehrungstechnik.ch\/wp-content\/uploads\/2021\/05\/PREZINC500-768x620.jpg 768w, https:\/\/bewehrungstechnik.ch\/wp-content\/uploads\/2021\/05\/PREZINC500-300x242.jpg 300w, https:\/\/bewehrungstechnik.ch\/wp-content\/uploads\/2021\/05\/PREZINC500-1024x827.jpg 1024w, https:\/\/bewehrungstechnik.ch\/wp-content\/uploads\/2021\/05\/PREZINC500-1536x1241.jpg 1536w, https:\/\/bewehrungstechnik.ch\/wp-content\/uploads\/2021\/05\/PREZINC500-436x352.jpg 436w, https:\/\/bewehrungstechnik.ch\/wp-content\/uploads\/2021\/05\/PREZINC500-550x444.jpg 550w, https:\/\/bewehrungstechnik.ch\/wp-content\/uploads\/2021\/05\/PREZINC500.jpg 1920w\" sizes=\"auto, (max-width: 768px) 100vw, 768px\" \/>","large":"<img width=\"1024\" height=\"827\" src=\"https:\/\/bewehrungstechnik.ch\/wp-content\/uploads\/2021\/05\/PREZINC500-1024x827.jpg\" class=\"%s\" alt=\"Verzinkter Bewehrungsstahl PREZINC500\" decoding=\"async\" loading=\"lazy\" srcset=\"https:\/\/bewehrungstechnik.ch\/wp-content\/uploads\/2021\/05\/PREZINC500-1024x827.jpg 1024w, https:\/\/bewehrungstechnik.ch\/wp-content\/uploads\/2021\/05\/PREZINC500-300x242.jpg 300w, https:\/\/bewehrungstechnik.ch\/wp-content\/uploads\/2021\/05\/PREZINC500-768x620.jpg 768w, https:\/\/bewehrungstechnik.ch\/wp-content\/uploads\/2021\/05\/PREZINC500-1536x1241.jpg 1536w, https:\/\/bewehrungstechnik.ch\/wp-content\/uploads\/2021\/05\/PREZINC500-436x352.jpg 436w, https:\/\/bewehrungstechnik.ch\/wp-content\/uploads\/2021\/05\/PREZINC500-550x444.jpg 550w, https:\/\/bewehrungstechnik.ch\/wp-content\/uploads\/2021\/05\/PREZINC500.jpg 1920w\" sizes=\"auto, (max-width: 1024px) 100vw, 1024px\" \/>","full":"<img width=\"1920\" height=\"1551\" src=\"https:\/\/bewehrungstechnik.ch\/wp-content\/uploads\/2021\/05\/PREZINC500.jpg\" class=\"%s\" alt=\"Verzinkter Bewehrungsstahl PREZINC500\" decoding=\"async\" loading=\"lazy\" srcset=\"https:\/\/bewehrungstechnik.ch\/wp-content\/uploads\/2021\/05\/PREZINC500.jpg 1920w, https:\/\/bewehrungstechnik.ch\/wp-content\/uploads\/2021\/05\/PREZINC500-300x242.jpg 300w, https:\/\/bewehrungstechnik.ch\/wp-content\/uploads\/2021\/05\/PREZINC500-1024x827.jpg 1024w, https:\/\/bewehrungstechnik.ch\/wp-content\/uploads\/2021\/05\/PREZINC500-768x620.jpg 768w, https:\/\/bewehrungstechnik.ch\/wp-content\/uploads\/2021\/05\/PREZINC500-1536x1241.jpg 1536w, https:\/\/bewehrungstechnik.ch\/wp-content\/uploads\/2021\/05\/PREZINC500-436x352.jpg 436w, https:\/\/bewehrungstechnik.ch\/wp-content\/uploads\/2021\/05\/PREZINC500-550x444.jpg 550w\" sizes=\"auto, (max-width: 1920px) 100vw, 1920px\" \/>"},"video_list":false},"downloads":[1376,1395,1736,2067,3079,4093,6109,1744,10946,10944],"page_color_variation":"default","description":[{"title":"Kosteng\u00fcnstiger Korrosionsschutz","text":"<p>Ein hoher Korrosionsschutz, einfach in der Anwendung und kosteng\u00fcnstig. Der PREZINC 500\u00ae verzinkte Bewehrungsstahl B500 weist zahlreiche Vorteile auf. Er wird in einem besonderen Verzinkverfahren hergestellt. Dabei entsteht eine sehr d\u00fcnne, robuste Eisen-Zink-Legierungsschicht. Dank dieser l\u00e4sst sich PREZINC 500\u00ae gut verarbeiten und man braucht kein spezielles Handling auf der Baustelle.<\/p>\n"},{"title":"Einfaches Handling","text":"<p>Die Arbeit mit dem verzinkten Bewehrungsstahl ist zudem sicher. Es besteht keine Gefahr, dass die Zinkschicht abplatzt &#8211; weder beim Bearbeiten auf den Biegereimaschinen noch beim Verlegen auf der Baustelle.<\/p>\n"},{"title":"Ideal f\u00fcr schlanke Bauteile","text":"<p>Der PREZINC 500\u00ae eignet sich besonders f\u00fcr schlanke Bauteile wie Br\u00fcstungen oder f\u00fcr Teile mit geringen Bewehrungs\u00fcberdeckungen im Hochbau. Das Produkt bietet auch w\u00e4hrend der Bauphasen Korrosionsschutz.<\/p>\n"},{"title":"Kathodischer Schutz f\u00fcr Bewehrungsstahl","text":"<p>Der verzinkte Bewehrungsstahl PREZINC 500\u00ae erh\u00e4lt seinen Korrosionsschutz durch die Zinkschicht. Sie macht ihn doppelt widerstandsf\u00e4hig. Einerseits verhindert sie den direkten Kontakt zwischen dem Bewehrungsstahl und aggressiven Medien. Andererseits wird der unter Verzinkung liegende Stahl kathodisch gesch\u00fctzt, da das Korrosionspotential von Zink negativer ist als jenes den normalen Stahls. Der Einsatz von PREZINC 500\u00ae verzinkter Bewehrungsstahl B500 bietet so einen kosteng\u00fcnstigen Korrosionsschutz f\u00fcr alle Stahlbeton-Bauteile.<\/p>\n"}]},"deac_featured_media":{"medium":"<img width=\"300\" height=\"242\" src=\"https:\/\/bewehrungstechnik.ch\/wp-content\/uploads\/2021\/05\/PREZINC500-300x242.jpg\" class=\"%s\" alt=\"Verzinkter Bewehrungsstahl PREZINC500\" decoding=\"async\" loading=\"lazy\" srcset=\"https:\/\/bewehrungstechnik.ch\/wp-content\/uploads\/2021\/05\/PREZINC500-300x242.jpg 300w, https:\/\/bewehrungstechnik.ch\/wp-content\/uploads\/2021\/05\/PREZINC500-1024x827.jpg 1024w, https:\/\/bewehrungstechnik.ch\/wp-content\/uploads\/2021\/05\/PREZINC500-768x620.jpg 768w, https:\/\/bewehrungstechnik.ch\/wp-content\/uploads\/2021\/05\/PREZINC500-1536x1241.jpg 1536w, https:\/\/bewehrungstechnik.ch\/wp-content\/uploads\/2021\/05\/PREZINC500-436x352.jpg 436w, https:\/\/bewehrungstechnik.ch\/wp-content\/uploads\/2021\/05\/PREZINC500-550x444.jpg 550w, https:\/\/bewehrungstechnik.ch\/wp-content\/uploads\/2021\/05\/PREZINC500.jpg 1920w\" sizes=\"auto, (max-width: 300px) 100vw, 300px\" \/>","medium_large":"<img width=\"768\" height=\"620\" src=\"https:\/\/bewehrungstechnik.ch\/wp-content\/uploads\/2021\/05\/PREZINC500-768x620.jpg\" class=\"%s\" alt=\"Verzinkter Bewehrungsstahl PREZINC500\" decoding=\"async\" loading=\"lazy\" srcset=\"https:\/\/bewehrungstechnik.ch\/wp-content\/uploads\/2021\/05\/PREZINC500-768x620.jpg 768w, https:\/\/bewehrungstechnik.ch\/wp-content\/uploads\/2021\/05\/PREZINC500-300x242.jpg 300w, https:\/\/bewehrungstechnik.ch\/wp-content\/uploads\/2021\/05\/PREZINC500-1024x827.jpg 1024w, https:\/\/bewehrungstechnik.ch\/wp-content\/uploads\/2021\/05\/PREZINC500-1536x1241.jpg 1536w, https:\/\/bewehrungstechnik.ch\/wp-content\/uploads\/2021\/05\/PREZINC500-436x352.jpg 436w, https:\/\/bewehrungstechnik.ch\/wp-content\/uploads\/2021\/05\/PREZINC500-550x444.jpg 550w, https:\/\/bewehrungstechnik.ch\/wp-content\/uploads\/2021\/05\/PREZINC500.jpg 1920w\" sizes=\"auto, (max-width: 768px) 100vw, 768px\" \/>","large":"<img width=\"1024\" height=\"827\" src=\"https:\/\/bewehrungstechnik.ch\/wp-content\/uploads\/2021\/05\/PREZINC500-1024x827.jpg\" class=\"%s\" alt=\"Verzinkter Bewehrungsstahl PREZINC500\" decoding=\"async\" loading=\"lazy\" srcset=\"https:\/\/bewehrungstechnik.ch\/wp-content\/uploads\/2021\/05\/PREZINC500-1024x827.jpg 1024w, https:\/\/bewehrungstechnik.ch\/wp-content\/uploads\/2021\/05\/PREZINC500-300x242.jpg 300w, https:\/\/bewehrungstechnik.ch\/wp-content\/uploads\/2021\/05\/PREZINC500-768x620.jpg 768w, https:\/\/bewehrungstechnik.ch\/wp-content\/uploads\/2021\/05\/PREZINC500-1536x1241.jpg 1536w, https:\/\/bewehrungstechnik.ch\/wp-content\/uploads\/2021\/05\/PREZINC500-436x352.jpg 436w, https:\/\/bewehrungstechnik.ch\/wp-content\/uploads\/2021\/05\/PREZINC500-550x444.jpg 550w, https:\/\/bewehrungstechnik.ch\/wp-content\/uploads\/2021\/05\/PREZINC500.jpg 1920w\" sizes=\"auto, (max-width: 1024px) 100vw, 1024px\" \/>","full":"<img width=\"1920\" height=\"1551\" src=\"https:\/\/bewehrungstechnik.ch\/wp-content\/uploads\/2021\/05\/PREZINC500.jpg\" class=\"%s\" alt=\"Verzinkter Bewehrungsstahl PREZINC500\" decoding=\"async\" loading=\"lazy\" srcset=\"https:\/\/bewehrungstechnik.ch\/wp-content\/uploads\/2021\/05\/PREZINC500.jpg 1920w, https:\/\/bewehrungstechnik.ch\/wp-content\/uploads\/2021\/05\/PREZINC500-300x242.jpg 300w, https:\/\/bewehrungstechnik.ch\/wp-content\/uploads\/2021\/05\/PREZINC500-1024x827.jpg 1024w, https:\/\/bewehrungstechnik.ch\/wp-content\/uploads\/2021\/05\/PREZINC500-768x620.jpg 768w, https:\/\/bewehrungstechnik.ch\/wp-content\/uploads\/2021\/05\/PREZINC500-1536x1241.jpg 1536w, https:\/\/bewehrungstechnik.ch\/wp-content\/uploads\/2021\/05\/PREZINC500-436x352.jpg 436w, https:\/\/bewehrungstechnik.ch\/wp-content\/uploads\/2021\/05\/PREZINC500-550x444.jpg 550w\" sizes=\"auto, (max-width: 1920px) 100vw, 1920px\" \/>"},"_links":{"self":[{"href":"https:\/\/bewehrungstechnik.ch\/de-de\/wp-json\/wp\/v2\/product\/10732","targetHints":{"allow":["GET"]}}],"collection":[{"href":"https:\/\/bewehrungstechnik.ch\/de-de\/wp-json\/wp\/v2\/product"}],"about":[{"href":"https:\/\/bewehrungstechnik.ch\/de-de\/wp-json\/wp\/v2\/types\/product"}],"wp:featuredmedia":[{"embeddable":true,"href":"https:\/\/bewehrungstechnik.ch\/de-de\/wp-json\/wp\/v2\/media\/10734"}],"wp:attachment":[{"href":"https:\/\/bewehrungstechnik.ch\/de-de\/wp-json\/wp\/v2\/media?parent=10732"}],"wp:term":[{"taxonomy":"product_category","embeddable":true,"href":"https:\/\/bewehrungstechnik.ch\/de-de\/wp-json\/wp\/v2\/product_category?post=10732"}],"curies":[{"name":"wp","href":"https:\/\/api.w.org\/{rel}","templated":true}]}}