{"id":10735,"date":"2021-05-05T15:01:23","date_gmt":"2021-05-05T15:01:23","guid":{"rendered":"https:\/\/bewehrungstechnik.ch\/product\/entmagnetisierter-bewehrungsstahl-magex\/"},"modified":"2026-03-31T09:42:59","modified_gmt":"2026-03-31T09:42:59","slug":"entmagnetisierter-bewehrungsstahl-magex","status":"publish","type":"product","link":"https:\/\/bewehrungstechnik.ch\/de-de\/product\/entmagnetisierter-bewehrungsstahl-magex\/","title":{"rendered":"Entmagnetisierter Bewehrungsstahl MAGEX\u00ae"},"featured_media":10737,"menu_order":140,"template":"","product_category":[105],"class_list":["post-10735","product","type-product","status-publish","has-post-thumbnail","","product_category-bewehrungsstaehle-de-de"],"acf":[],"yoast_head":"<!-- This site is optimized with the Yoast SEO plugin v27.3 - https:\/\/yoast.com\/product\/yoast-seo-wordpress\/ -->\n<title>MAGEX\u00ae Bewehrungsstahl | Debrunner Acifer Bewehrungen<\/title>\n<meta name=\"description\" content=\"Entmagnetisierter Bewehrungsstahl MAGEX\u00ae. Patentiertes Entmagnetisierungsverfahren f\u00fcr Bewehrungsstahl und Bewehrungstechnik. Jetzt entdecken!\" \/>\n<meta name=\"robots\" content=\"index, follow, max-snippet:-1, max-image-preview:large, max-video-preview:-1\" \/>\n<link rel=\"canonical\" href=\"https:\/\/bewehrungstechnik.ch\/de-de\/product\/entmagnetisierter-bewehrungsstahl-magex\/\" \/>\n<meta property=\"og:locale\" content=\"de_DE\" \/>\n<meta property=\"og:type\" content=\"article\" \/>\n<meta property=\"og:title\" content=\"MAGEX\u00ae Bewehrungsstahl | Debrunner Acifer Bewehrungen\" \/>\n<meta property=\"og:description\" content=\"Entmagnetisierter Bewehrungsstahl MAGEX\u00ae. Patentiertes Entmagnetisierungsverfahren f\u00fcr Bewehrungsstahl und Bewehrungstechnik. Jetzt entdecken!\" \/>\n<meta property=\"og:url\" content=\"https:\/\/bewehrungstechnik.ch\/de-de\/product\/entmagnetisierter-bewehrungsstahl-magex\/\" \/>\n<meta property=\"og:site_name\" content=\"Bewehrungstechnik\" \/>\n<meta property=\"article:modified_time\" content=\"2026-03-31T09:42:59+00:00\" \/>\n<meta property=\"og:image\" content=\"https:\/\/bewehrungstechnik.ch\/wp-content\/uploads\/2021\/05\/MAGEX-Etikette.jpg\" \/>\n\t<meta property=\"og:image:width\" content=\"1234\" \/>\n\t<meta property=\"og:image:height\" content=\"823\" \/>\n\t<meta property=\"og:image:type\" content=\"image\/jpeg\" \/>\n<meta name=\"twitter:card\" content=\"summary_large_image\" \/>\n<script type=\"application\/ld+json\" class=\"yoast-schema-graph\">{\"@context\":\"https:\\\/\\\/schema.org\",\"@graph\":[{\"@type\":\"WebPage\",\"@id\":\"https:\\\/\\\/bewehrungstechnik.ch\\\/de-de\\\/product\\\/entmagnetisierter-bewehrungsstahl-magex\\\/\",\"url\":\"https:\\\/\\\/bewehrungstechnik.ch\\\/de-de\\\/product\\\/entmagnetisierter-bewehrungsstahl-magex\\\/\",\"name\":\"MAGEX\u00ae Bewehrungsstahl | Debrunner Acifer Bewehrungen\",\"isPartOf\":{\"@id\":\"https:\\\/\\\/bewehrungstechnik.ch\\\/de-de\\\/#website\"},\"primaryImageOfPage\":{\"@id\":\"https:\\\/\\\/bewehrungstechnik.ch\\\/de-de\\\/product\\\/entmagnetisierter-bewehrungsstahl-magex\\\/#primaryimage\"},\"image\":{\"@id\":\"https:\\\/\\\/bewehrungstechnik.ch\\\/de-de\\\/product\\\/entmagnetisierter-bewehrungsstahl-magex\\\/#primaryimage\"},\"thumbnailUrl\":\"https:\\\/\\\/bewehrungstechnik.ch\\\/wp-content\\\/uploads\\\/2021\\\/05\\\/MAGEX-Etikette.jpg\",\"datePublished\":\"2021-05-05T15:01:23+00:00\",\"dateModified\":\"2026-03-31T09:42:59+00:00\",\"description\":\"Entmagnetisierter Bewehrungsstahl MAGEX\u00ae. Patentiertes Entmagnetisierungsverfahren f\u00fcr Bewehrungsstahl und Bewehrungstechnik. Jetzt entdecken!\",\"breadcrumb\":{\"@id\":\"https:\\\/\\\/bewehrungstechnik.ch\\\/de-de\\\/product\\\/entmagnetisierter-bewehrungsstahl-magex\\\/#breadcrumb\"},\"inLanguage\":\"de\",\"potentialAction\":[{\"@type\":\"ReadAction\",\"target\":[\"https:\\\/\\\/bewehrungstechnik.ch\\\/de-de\\\/product\\\/entmagnetisierter-bewehrungsstahl-magex\\\/\"]}]},{\"@type\":\"ImageObject\",\"inLanguage\":\"de\",\"@id\":\"https:\\\/\\\/bewehrungstechnik.ch\\\/de-de\\\/product\\\/entmagnetisierter-bewehrungsstahl-magex\\\/#primaryimage\",\"url\":\"https:\\\/\\\/bewehrungstechnik.ch\\\/wp-content\\\/uploads\\\/2021\\\/05\\\/MAGEX-Etikette.jpg\",\"contentUrl\":\"https:\\\/\\\/bewehrungstechnik.ch\\\/wp-content\\\/uploads\\\/2021\\\/05\\\/MAGEX-Etikette.jpg\",\"width\":1234,\"height\":823},{\"@type\":\"BreadcrumbList\",\"@id\":\"https:\\\/\\\/bewehrungstechnik.ch\\\/de-de\\\/product\\\/entmagnetisierter-bewehrungsstahl-magex\\\/#breadcrumb\",\"itemListElement\":[{\"@type\":\"ListItem\",\"position\":1,\"name\":\"Home\",\"item\":\"https:\\\/\\\/bewehrungstechnik.ch\\\/de-de\\\/\"},{\"@type\":\"ListItem\",\"position\":2,\"name\":\"Products\",\"item\":\"https:\\\/\\\/bewehrungstechnik.ch\\\/de-de\\\/products\\\/\"},{\"@type\":\"ListItem\",\"position\":3,\"name\":\"Entmagnetisierter Bewehrungsstahl MAGEX\u00ae\"}]},{\"@type\":\"WebSite\",\"@id\":\"https:\\\/\\\/bewehrungstechnik.ch\\\/de-de\\\/#website\",\"url\":\"https:\\\/\\\/bewehrungstechnik.ch\\\/de-de\\\/\",\"name\":\"Bewehrungstechnik\",\"description\":\"Just another WordPress site\",\"publisher\":{\"@id\":\"https:\\\/\\\/bewehrungstechnik.ch\\\/de-de\\\/#organization\"},\"potentialAction\":[{\"@type\":\"SearchAction\",\"target\":{\"@type\":\"EntryPoint\",\"urlTemplate\":\"https:\\\/\\\/bewehrungstechnik.ch\\\/de-de\\\/?s={search_term_string}\"},\"query-input\":{\"@type\":\"PropertyValueSpecification\",\"valueRequired\":true,\"valueName\":\"search_term_string\"}}],\"inLanguage\":\"de\"},{\"@type\":\"Organization\",\"@id\":\"https:\\\/\\\/bewehrungstechnik.ch\\\/de-de\\\/#organization\",\"name\":\"Bewehrungstechnik\",\"url\":\"https:\\\/\\\/bewehrungstechnik.ch\\\/de-de\\\/\",\"logo\":{\"@type\":\"ImageObject\",\"inLanguage\":\"de\",\"@id\":\"https:\\\/\\\/bewehrungstechnik.ch\\\/de-de\\\/#\\\/schema\\\/logo\\\/image\\\/\",\"url\":\"https:\\\/\\\/bewehrungstechnik.ch\\\/wp-content\\\/uploads\\\/2021\\\/03\\\/logo.svg\",\"contentUrl\":\"https:\\\/\\\/bewehrungstechnik.ch\\\/wp-content\\\/uploads\\\/2021\\\/03\\\/logo.svg\",\"width\":436,\"height\":436,\"caption\":\"Bewehrungstechnik\"},\"image\":{\"@id\":\"https:\\\/\\\/bewehrungstechnik.ch\\\/de-de\\\/#\\\/schema\\\/logo\\\/image\\\/\"}}]}<\/script>\n<!-- \/ Yoast SEO plugin. -->","yoast_head_json":{"title":"MAGEX\u00ae Bewehrungsstahl | Debrunner Acifer Bewehrungen","description":"Entmagnetisierter Bewehrungsstahl MAGEX\u00ae. Patentiertes Entmagnetisierungsverfahren f\u00fcr Bewehrungsstahl und Bewehrungstechnik. Jetzt entdecken!","robots":{"index":"index","follow":"follow","max-snippet":"max-snippet:-1","max-image-preview":"max-image-preview:large","max-video-preview":"max-video-preview:-1"},"canonical":"https:\/\/bewehrungstechnik.ch\/de-de\/product\/entmagnetisierter-bewehrungsstahl-magex\/","og_locale":"de_DE","og_type":"article","og_title":"MAGEX\u00ae Bewehrungsstahl | Debrunner Acifer Bewehrungen","og_description":"Entmagnetisierter Bewehrungsstahl MAGEX\u00ae. Patentiertes Entmagnetisierungsverfahren f\u00fcr Bewehrungsstahl und Bewehrungstechnik. Jetzt entdecken!","og_url":"https:\/\/bewehrungstechnik.ch\/de-de\/product\/entmagnetisierter-bewehrungsstahl-magex\/","og_site_name":"Bewehrungstechnik","article_modified_time":"2026-03-31T09:42:59+00:00","og_image":[{"width":1234,"height":823,"url":"https:\/\/bewehrungstechnik.ch\/wp-content\/uploads\/2021\/05\/MAGEX-Etikette.jpg","type":"image\/jpeg"}],"twitter_card":"summary_large_image","schema":{"@context":"https:\/\/schema.org","@graph":[{"@type":"WebPage","@id":"https:\/\/bewehrungstechnik.ch\/de-de\/product\/entmagnetisierter-bewehrungsstahl-magex\/","url":"https:\/\/bewehrungstechnik.ch\/de-de\/product\/entmagnetisierter-bewehrungsstahl-magex\/","name":"MAGEX\u00ae Bewehrungsstahl | Debrunner Acifer Bewehrungen","isPartOf":{"@id":"https:\/\/bewehrungstechnik.ch\/de-de\/#website"},"primaryImageOfPage":{"@id":"https:\/\/bewehrungstechnik.ch\/de-de\/product\/entmagnetisierter-bewehrungsstahl-magex\/#primaryimage"},"image":{"@id":"https:\/\/bewehrungstechnik.ch\/de-de\/product\/entmagnetisierter-bewehrungsstahl-magex\/#primaryimage"},"thumbnailUrl":"https:\/\/bewehrungstechnik.ch\/wp-content\/uploads\/2021\/05\/MAGEX-Etikette.jpg","datePublished":"2021-05-05T15:01:23+00:00","dateModified":"2026-03-31T09:42:59+00:00","description":"Entmagnetisierter Bewehrungsstahl MAGEX\u00ae. Patentiertes Entmagnetisierungsverfahren f\u00fcr Bewehrungsstahl und Bewehrungstechnik. Jetzt entdecken!","breadcrumb":{"@id":"https:\/\/bewehrungstechnik.ch\/de-de\/product\/entmagnetisierter-bewehrungsstahl-magex\/#breadcrumb"},"inLanguage":"de","potentialAction":[{"@type":"ReadAction","target":["https:\/\/bewehrungstechnik.ch\/de-de\/product\/entmagnetisierter-bewehrungsstahl-magex\/"]}]},{"@type":"ImageObject","inLanguage":"de","@id":"https:\/\/bewehrungstechnik.ch\/de-de\/product\/entmagnetisierter-bewehrungsstahl-magex\/#primaryimage","url":"https:\/\/bewehrungstechnik.ch\/wp-content\/uploads\/2021\/05\/MAGEX-Etikette.jpg","contentUrl":"https:\/\/bewehrungstechnik.ch\/wp-content\/uploads\/2021\/05\/MAGEX-Etikette.jpg","width":1234,"height":823},{"@type":"BreadcrumbList","@id":"https:\/\/bewehrungstechnik.ch\/de-de\/product\/entmagnetisierter-bewehrungsstahl-magex\/#breadcrumb","itemListElement":[{"@type":"ListItem","position":1,"name":"Home","item":"https:\/\/bewehrungstechnik.ch\/de-de\/"},{"@type":"ListItem","position":2,"name":"Products","item":"https:\/\/bewehrungstechnik.ch\/de-de\/products\/"},{"@type":"ListItem","position":3,"name":"Entmagnetisierter Bewehrungsstahl MAGEX\u00ae"}]},{"@type":"WebSite","@id":"https:\/\/bewehrungstechnik.ch\/de-de\/#website","url":"https:\/\/bewehrungstechnik.ch\/de-de\/","name":"Bewehrungstechnik","description":"Just another WordPress site","publisher":{"@id":"https:\/\/bewehrungstechnik.ch\/de-de\/#organization"},"potentialAction":[{"@type":"SearchAction","target":{"@type":"EntryPoint","urlTemplate":"https:\/\/bewehrungstechnik.ch\/de-de\/?s={search_term_string}"},"query-input":{"@type":"PropertyValueSpecification","valueRequired":true,"valueName":"search_term_string"}}],"inLanguage":"de"},{"@type":"Organization","@id":"https:\/\/bewehrungstechnik.ch\/de-de\/#organization","name":"Bewehrungstechnik","url":"https:\/\/bewehrungstechnik.ch\/de-de\/","logo":{"@type":"ImageObject","inLanguage":"de","@id":"https:\/\/bewehrungstechnik.ch\/de-de\/#\/schema\/logo\/image\/","url":"https:\/\/bewehrungstechnik.ch\/wp-content\/uploads\/2021\/03\/logo.svg","contentUrl":"https:\/\/bewehrungstechnik.ch\/wp-content\/uploads\/2021\/03\/logo.svg","width":436,"height":436,"caption":"Bewehrungstechnik"},"image":{"@id":"https:\/\/bewehrungstechnik.ch\/de-de\/#\/schema\/logo\/image\/"}}]}},"deac_custom_fields":{"product":{"brand":"MAGEX\u00ae","name":"Entmagnetisierte Bewehrungen"},"highlight_box":{"title":"Patentiertes Entmagnetisierungsverfahren f\u00fcr Bewehrungsstahl und Bewehrungstechnik","subtitle":"F\u00fcr wohngesundes Bauen","text":"<ul>\n<li>garantiert ein stabiles Erdmagnetfeld<\/li>\n<li>Wertsch\u00f6pfung \u00fcber Generationen<\/li>\n<li>Qualit\u00e4tssicherung durch Messungen<\/li>\n<li>Zertifikat f\u00fcr die Bauherrschaft<\/li>\n<li>kosteng\u00fcnstige Alternative zu austenitischen St\u00e4hlen oder Glasfaserbewehrungen<\/li>\n<\/ul>\n","media_type":"image","image":{"medium":"<img width=\"300\" height=\"224\" src=\"https:\/\/bewehrungstechnik.ch\/wp-content\/uploads\/2021\/05\/MAGEX-300x224.jpg\" class=\"%s\" alt=\"MAGEX Entmagnetisierter Bewehrungssthal\" decoding=\"async\" loading=\"lazy\" srcset=\"https:\/\/bewehrungstechnik.ch\/wp-content\/uploads\/2021\/05\/MAGEX-300x224.jpg 300w, https:\/\/bewehrungstechnik.ch\/wp-content\/uploads\/2021\/05\/MAGEX-1024x765.jpg 1024w, https:\/\/bewehrungstechnik.ch\/wp-content\/uploads\/2021\/05\/MAGEX-768x574.jpg 768w, https:\/\/bewehrungstechnik.ch\/wp-content\/uploads\/2021\/05\/MAGEX-1536x1147.jpg 1536w, https:\/\/bewehrungstechnik.ch\/wp-content\/uploads\/2021\/05\/MAGEX-436x326.jpg 436w, https:\/\/bewehrungstechnik.ch\/wp-content\/uploads\/2021\/05\/MAGEX-550x411.jpg 550w, https:\/\/bewehrungstechnik.ch\/wp-content\/uploads\/2021\/05\/MAGEX.jpg 1920w\" sizes=\"auto, (max-width: 300px) 100vw, 300px\" \/>","medium_large":"<img width=\"768\" height=\"574\" src=\"https:\/\/bewehrungstechnik.ch\/wp-content\/uploads\/2021\/05\/MAGEX-768x574.jpg\" class=\"%s\" alt=\"MAGEX Entmagnetisierter Bewehrungssthal\" decoding=\"async\" loading=\"lazy\" srcset=\"https:\/\/bewehrungstechnik.ch\/wp-content\/uploads\/2021\/05\/MAGEX-768x574.jpg 768w, https:\/\/bewehrungstechnik.ch\/wp-content\/uploads\/2021\/05\/MAGEX-300x224.jpg 300w, https:\/\/bewehrungstechnik.ch\/wp-content\/uploads\/2021\/05\/MAGEX-1024x765.jpg 1024w, https:\/\/bewehrungstechnik.ch\/wp-content\/uploads\/2021\/05\/MAGEX-1536x1147.jpg 1536w, https:\/\/bewehrungstechnik.ch\/wp-content\/uploads\/2021\/05\/MAGEX-436x326.jpg 436w, https:\/\/bewehrungstechnik.ch\/wp-content\/uploads\/2021\/05\/MAGEX-550x411.jpg 550w, https:\/\/bewehrungstechnik.ch\/wp-content\/uploads\/2021\/05\/MAGEX.jpg 1920w\" sizes=\"auto, (max-width: 768px) 100vw, 768px\" \/>","large":"<img width=\"1024\" height=\"765\" src=\"https:\/\/bewehrungstechnik.ch\/wp-content\/uploads\/2021\/05\/MAGEX-1024x765.jpg\" class=\"%s\" alt=\"MAGEX Entmagnetisierter Bewehrungssthal\" decoding=\"async\" loading=\"lazy\" srcset=\"https:\/\/bewehrungstechnik.ch\/wp-content\/uploads\/2021\/05\/MAGEX-1024x765.jpg 1024w, https:\/\/bewehrungstechnik.ch\/wp-content\/uploads\/2021\/05\/MAGEX-300x224.jpg 300w, https:\/\/bewehrungstechnik.ch\/wp-content\/uploads\/2021\/05\/MAGEX-768x574.jpg 768w, https:\/\/bewehrungstechnik.ch\/wp-content\/uploads\/2021\/05\/MAGEX-1536x1147.jpg 1536w, https:\/\/bewehrungstechnik.ch\/wp-content\/uploads\/2021\/05\/MAGEX-436x326.jpg 436w, https:\/\/bewehrungstechnik.ch\/wp-content\/uploads\/2021\/05\/MAGEX-550x411.jpg 550w, https:\/\/bewehrungstechnik.ch\/wp-content\/uploads\/2021\/05\/MAGEX.jpg 1920w\" sizes=\"auto, (max-width: 1024px) 100vw, 1024px\" \/>","full":"<img width=\"1920\" height=\"1434\" src=\"https:\/\/bewehrungstechnik.ch\/wp-content\/uploads\/2021\/05\/MAGEX.jpg\" class=\"%s\" alt=\"MAGEX Entmagnetisierter Bewehrungssthal\" decoding=\"async\" loading=\"lazy\" srcset=\"https:\/\/bewehrungstechnik.ch\/wp-content\/uploads\/2021\/05\/MAGEX.jpg 1920w, https:\/\/bewehrungstechnik.ch\/wp-content\/uploads\/2021\/05\/MAGEX-300x224.jpg 300w, https:\/\/bewehrungstechnik.ch\/wp-content\/uploads\/2021\/05\/MAGEX-1024x765.jpg 1024w, https:\/\/bewehrungstechnik.ch\/wp-content\/uploads\/2021\/05\/MAGEX-768x574.jpg 768w, https:\/\/bewehrungstechnik.ch\/wp-content\/uploads\/2021\/05\/MAGEX-1536x1147.jpg 1536w, https:\/\/bewehrungstechnik.ch\/wp-content\/uploads\/2021\/05\/MAGEX-436x326.jpg 436w, https:\/\/bewehrungstechnik.ch\/wp-content\/uploads\/2021\/05\/MAGEX-550x411.jpg 550w\" sizes=\"auto, (max-width: 1920px) 100vw, 1920px\" \/>"},"video_list":false},"downloads":[10095,10115,1868,1876,10143,10145,10097],"description":[{"title":"Entmagnetisierter Stahl direkt am Werk","text":"<p>Durch ein revolution\u00e4res Verfahren k\u00f6nnen Architekten, Ingenieure, Bauherren und Entscheidungstr\u00e4ger entmagnetisierten Bewehrungsstahl und Bewehrungstechnik direkt ab unserem Werk bestellen.<\/p>\n"},{"title":"Strahlenfreies Umfeld","text":"<p>Bereiche in welchen sich Personen h\u00e4ufig aufhalten, z.B. Wohn- und Schlafr\u00e4ume, aber auch Labore oder Spit\u00e4ler mit empfindlichen Messger\u00e4ten, sollten ein ungest\u00f6rtes Erdmagnetfeld aufweisen.<br \/>\nBauteile die an diese Bereiche angrenzen, sollten mit MAGEX\u00ae Bewehrung ausgef\u00fchrt werden.<\/p>\n"},{"title":"Einsatzgebiete","text":"<p>F\u00fcr folgende Anwendungsgebiete eignet sich MAGEX\u00ae besonders:<\/p>\n<ul>\n<li>Private Wohnbauten<\/li>\n<li>Mehrfamilienh\u00e4user<\/li>\n<li>Gesch\u00e4ftsliegenschaften<\/li>\n<li>Spit\u00e4ler<\/li>\n<li>Labors<\/li>\n<li>Schulen<\/li>\n<li>Fluganlagen (Tower, Hangar)<\/li>\n<li>Rechenzentren<\/li>\n<\/ul>\n"}]},"deac_featured_media":{"medium":"<img width=\"300\" height=\"200\" src=\"https:\/\/bewehrungstechnik.ch\/wp-content\/uploads\/2021\/05\/MAGEX-Etikette-300x200.jpg\" class=\"%s\" alt=\"\" decoding=\"async\" loading=\"lazy\" srcset=\"https:\/\/bewehrungstechnik.ch\/wp-content\/uploads\/2021\/05\/MAGEX-Etikette-300x200.jpg 300w, https:\/\/bewehrungstechnik.ch\/wp-content\/uploads\/2021\/05\/MAGEX-Etikette-1024x683.jpg 1024w, https:\/\/bewehrungstechnik.ch\/wp-content\/uploads\/2021\/05\/MAGEX-Etikette-768x512.jpg 768w, https:\/\/bewehrungstechnik.ch\/wp-content\/uploads\/2021\/05\/MAGEX-Etikette-436x291.jpg 436w, https:\/\/bewehrungstechnik.ch\/wp-content\/uploads\/2021\/05\/MAGEX-Etikette-550x367.jpg 550w, https:\/\/bewehrungstechnik.ch\/wp-content\/uploads\/2021\/05\/MAGEX-Etikette.jpg 1234w\" sizes=\"auto, (max-width: 300px) 100vw, 300px\" \/>","medium_large":"<img width=\"768\" height=\"512\" src=\"https:\/\/bewehrungstechnik.ch\/wp-content\/uploads\/2021\/05\/MAGEX-Etikette-768x512.jpg\" class=\"%s\" alt=\"\" decoding=\"async\" loading=\"lazy\" srcset=\"https:\/\/bewehrungstechnik.ch\/wp-content\/uploads\/2021\/05\/MAGEX-Etikette-768x512.jpg 768w, https:\/\/bewehrungstechnik.ch\/wp-content\/uploads\/2021\/05\/MAGEX-Etikette-300x200.jpg 300w, https:\/\/bewehrungstechnik.ch\/wp-content\/uploads\/2021\/05\/MAGEX-Etikette-1024x683.jpg 1024w, https:\/\/bewehrungstechnik.ch\/wp-content\/uploads\/2021\/05\/MAGEX-Etikette-436x291.jpg 436w, https:\/\/bewehrungstechnik.ch\/wp-content\/uploads\/2021\/05\/MAGEX-Etikette-550x367.jpg 550w, https:\/\/bewehrungstechnik.ch\/wp-content\/uploads\/2021\/05\/MAGEX-Etikette.jpg 1234w\" sizes=\"auto, (max-width: 768px) 100vw, 768px\" \/>","large":"<img width=\"1024\" height=\"683\" src=\"https:\/\/bewehrungstechnik.ch\/wp-content\/uploads\/2021\/05\/MAGEX-Etikette-1024x683.jpg\" class=\"%s\" alt=\"\" decoding=\"async\" loading=\"lazy\" srcset=\"https:\/\/bewehrungstechnik.ch\/wp-content\/uploads\/2021\/05\/MAGEX-Etikette-1024x683.jpg 1024w, https:\/\/bewehrungstechnik.ch\/wp-content\/uploads\/2021\/05\/MAGEX-Etikette-300x200.jpg 300w, https:\/\/bewehrungstechnik.ch\/wp-content\/uploads\/2021\/05\/MAGEX-Etikette-768x512.jpg 768w, https:\/\/bewehrungstechnik.ch\/wp-content\/uploads\/2021\/05\/MAGEX-Etikette-436x291.jpg 436w, https:\/\/bewehrungstechnik.ch\/wp-content\/uploads\/2021\/05\/MAGEX-Etikette-550x367.jpg 550w, https:\/\/bewehrungstechnik.ch\/wp-content\/uploads\/2021\/05\/MAGEX-Etikette.jpg 1234w\" sizes=\"auto, (max-width: 1024px) 100vw, 1024px\" \/>","full":"<img width=\"1234\" height=\"823\" src=\"https:\/\/bewehrungstechnik.ch\/wp-content\/uploads\/2021\/05\/MAGEX-Etikette.jpg\" class=\"%s\" alt=\"\" decoding=\"async\" loading=\"lazy\" srcset=\"https:\/\/bewehrungstechnik.ch\/wp-content\/uploads\/2021\/05\/MAGEX-Etikette.jpg 1234w, https:\/\/bewehrungstechnik.ch\/wp-content\/uploads\/2021\/05\/MAGEX-Etikette-300x200.jpg 300w, https:\/\/bewehrungstechnik.ch\/wp-content\/uploads\/2021\/05\/MAGEX-Etikette-1024x683.jpg 1024w, https:\/\/bewehrungstechnik.ch\/wp-content\/uploads\/2021\/05\/MAGEX-Etikette-768x512.jpg 768w, https:\/\/bewehrungstechnik.ch\/wp-content\/uploads\/2021\/05\/MAGEX-Etikette-436x291.jpg 436w, https:\/\/bewehrungstechnik.ch\/wp-content\/uploads\/2021\/05\/MAGEX-Etikette-550x367.jpg 550w\" sizes=\"auto, (max-width: 1234px) 100vw, 1234px\" \/>"},"_links":{"self":[{"href":"https:\/\/bewehrungstechnik.ch\/de-de\/wp-json\/wp\/v2\/product\/10735","targetHints":{"allow":["GET"]}}],"collection":[{"href":"https:\/\/bewehrungstechnik.ch\/de-de\/wp-json\/wp\/v2\/product"}],"about":[{"href":"https:\/\/bewehrungstechnik.ch\/de-de\/wp-json\/wp\/v2\/types\/product"}],"wp:featuredmedia":[{"embeddable":true,"href":"https:\/\/bewehrungstechnik.ch\/de-de\/wp-json\/wp\/v2\/media\/10737"}],"wp:attachment":[{"href":"https:\/\/bewehrungstechnik.ch\/de-de\/wp-json\/wp\/v2\/media?parent=10735"}],"wp:term":[{"taxonomy":"product_category","embeddable":true,"href":"https:\/\/bewehrungstechnik.ch\/de-de\/wp-json\/wp\/v2\/product_category?post=10735"}],"curies":[{"name":"wp","href":"https:\/\/api.w.org\/{rel}","templated":true}]}}