{"id":9849,"date":"2025-10-17T07:45:50","date_gmt":"2025-10-17T07:45:50","guid":{"rendered":"https:\/\/bewehrungstechnik.ch\/?post_type=product&#038;p=9849"},"modified":"2025-10-17T07:45:50","modified_gmt":"2025-10-17T07:45:50","slug":"abschalbleche-pyraflex-2","status":"publish","type":"product","link":"https:\/\/bewehrungstechnik.ch\/de-de\/product\/abschalbleche-pyraflex-2\/","title":{"rendered":"Abschalbleche PYRAFLEX\u00ae"},"featured_media":0,"menu_order":0,"template":"","product_category":[],"class_list":["post-9849","product","type-product","status-publish",""],"acf":[],"yoast_head":"<!-- This site is optimized with the Yoast SEO plugin v27.3 - https:\/\/yoast.com\/product\/yoast-seo-wordpress\/ -->\n<title>Abschalbleche PYRAFLEX\u00ae - Bewehrungstechnik<\/title>\n<meta name=\"robots\" content=\"index, follow, max-snippet:-1, max-image-preview:large, max-video-preview:-1\" \/>\n<link rel=\"canonical\" href=\"https:\/\/bewehrungstechnik.ch\/de-de\/product\/abschalbleche-pyraflex-2\/\" \/>\n<meta property=\"og:locale\" content=\"de_DE\" \/>\n<meta property=\"og:type\" content=\"article\" \/>\n<meta property=\"og:title\" content=\"Abschalbleche PYRAFLEX\u00ae - Bewehrungstechnik\" \/>\n<meta property=\"og:url\" content=\"https:\/\/bewehrungstechnik.ch\/de-de\/product\/abschalbleche-pyraflex-2\/\" \/>\n<meta property=\"og:site_name\" content=\"Bewehrungstechnik\" \/>\n<meta name=\"twitter:card\" content=\"summary_large_image\" \/>\n<script type=\"application\/ld+json\" class=\"yoast-schema-graph\">{\"@context\":\"https:\\\/\\\/schema.org\",\"@graph\":[{\"@type\":\"WebPage\",\"@id\":\"https:\\\/\\\/bewehrungstechnik.ch\\\/de-de\\\/product\\\/abschalbleche-pyraflex-2\\\/\",\"url\":\"https:\\\/\\\/bewehrungstechnik.ch\\\/de-de\\\/product\\\/abschalbleche-pyraflex-2\\\/\",\"name\":\"Abschalbleche PYRAFLEX\u00ae - Bewehrungstechnik\",\"isPartOf\":{\"@id\":\"https:\\\/\\\/bewehrungstechnik.ch\\\/de-de\\\/#website\"},\"datePublished\":\"2025-10-17T07:45:50+00:00\",\"breadcrumb\":{\"@id\":\"https:\\\/\\\/bewehrungstechnik.ch\\\/de-de\\\/product\\\/abschalbleche-pyraflex-2\\\/#breadcrumb\"},\"inLanguage\":\"de\",\"potentialAction\":[{\"@type\":\"ReadAction\",\"target\":[\"https:\\\/\\\/bewehrungstechnik.ch\\\/de-de\\\/product\\\/abschalbleche-pyraflex-2\\\/\"]}]},{\"@type\":\"BreadcrumbList\",\"@id\":\"https:\\\/\\\/bewehrungstechnik.ch\\\/de-de\\\/product\\\/abschalbleche-pyraflex-2\\\/#breadcrumb\",\"itemListElement\":[{\"@type\":\"ListItem\",\"position\":1,\"name\":\"Home\",\"item\":\"https:\\\/\\\/bewehrungstechnik.ch\\\/de-de\\\/\"},{\"@type\":\"ListItem\",\"position\":2,\"name\":\"Products\",\"item\":\"https:\\\/\\\/bewehrungstechnik.ch\\\/de-de\\\/products\\\/\"},{\"@type\":\"ListItem\",\"position\":3,\"name\":\"Abschalbleche PYRAFLEX\u00ae\"}]},{\"@type\":\"WebSite\",\"@id\":\"https:\\\/\\\/bewehrungstechnik.ch\\\/de-de\\\/#website\",\"url\":\"https:\\\/\\\/bewehrungstechnik.ch\\\/de-de\\\/\",\"name\":\"Bewehrungstechnik\",\"description\":\"Just another WordPress site\",\"publisher\":{\"@id\":\"https:\\\/\\\/bewehrungstechnik.ch\\\/de-de\\\/#organization\"},\"potentialAction\":[{\"@type\":\"SearchAction\",\"target\":{\"@type\":\"EntryPoint\",\"urlTemplate\":\"https:\\\/\\\/bewehrungstechnik.ch\\\/de-de\\\/?s={search_term_string}\"},\"query-input\":{\"@type\":\"PropertyValueSpecification\",\"valueRequired\":true,\"valueName\":\"search_term_string\"}}],\"inLanguage\":\"de\"},{\"@type\":\"Organization\",\"@id\":\"https:\\\/\\\/bewehrungstechnik.ch\\\/de-de\\\/#organization\",\"name\":\"Bewehrungstechnik\",\"url\":\"https:\\\/\\\/bewehrungstechnik.ch\\\/de-de\\\/\",\"logo\":{\"@type\":\"ImageObject\",\"inLanguage\":\"de\",\"@id\":\"https:\\\/\\\/bewehrungstechnik.ch\\\/de-de\\\/#\\\/schema\\\/logo\\\/image\\\/\",\"url\":\"https:\\\/\\\/bewehrungstechnik.ch\\\/wp-content\\\/uploads\\\/2021\\\/03\\\/logo.svg\",\"contentUrl\":\"https:\\\/\\\/bewehrungstechnik.ch\\\/wp-content\\\/uploads\\\/2021\\\/03\\\/logo.svg\",\"width\":436,\"height\":436,\"caption\":\"Bewehrungstechnik\"},\"image\":{\"@id\":\"https:\\\/\\\/bewehrungstechnik.ch\\\/de-de\\\/#\\\/schema\\\/logo\\\/image\\\/\"}}]}<\/script>\n<!-- \/ Yoast SEO plugin. -->","yoast_head_json":{"title":"Abschalbleche PYRAFLEX\u00ae - Bewehrungstechnik","robots":{"index":"index","follow":"follow","max-snippet":"max-snippet:-1","max-image-preview":"max-image-preview:large","max-video-preview":"max-video-preview:-1"},"canonical":"https:\/\/bewehrungstechnik.ch\/de-de\/product\/abschalbleche-pyraflex-2\/","og_locale":"de_DE","og_type":"article","og_title":"Abschalbleche PYRAFLEX\u00ae - Bewehrungstechnik","og_url":"https:\/\/bewehrungstechnik.ch\/de-de\/product\/abschalbleche-pyraflex-2\/","og_site_name":"Bewehrungstechnik","twitter_card":"summary_large_image","schema":{"@context":"https:\/\/schema.org","@graph":[{"@type":"WebPage","@id":"https:\/\/bewehrungstechnik.ch\/de-de\/product\/abschalbleche-pyraflex-2\/","url":"https:\/\/bewehrungstechnik.ch\/de-de\/product\/abschalbleche-pyraflex-2\/","name":"Abschalbleche PYRAFLEX\u00ae - Bewehrungstechnik","isPartOf":{"@id":"https:\/\/bewehrungstechnik.ch\/de-de\/#website"},"datePublished":"2025-10-17T07:45:50+00:00","breadcrumb":{"@id":"https:\/\/bewehrungstechnik.ch\/de-de\/product\/abschalbleche-pyraflex-2\/#breadcrumb"},"inLanguage":"de","potentialAction":[{"@type":"ReadAction","target":["https:\/\/bewehrungstechnik.ch\/de-de\/product\/abschalbleche-pyraflex-2\/"]}]},{"@type":"BreadcrumbList","@id":"https:\/\/bewehrungstechnik.ch\/de-de\/product\/abschalbleche-pyraflex-2\/#breadcrumb","itemListElement":[{"@type":"ListItem","position":1,"name":"Home","item":"https:\/\/bewehrungstechnik.ch\/de-de\/"},{"@type":"ListItem","position":2,"name":"Products","item":"https:\/\/bewehrungstechnik.ch\/de-de\/products\/"},{"@type":"ListItem","position":3,"name":"Abschalbleche PYRAFLEX\u00ae"}]},{"@type":"WebSite","@id":"https:\/\/bewehrungstechnik.ch\/de-de\/#website","url":"https:\/\/bewehrungstechnik.ch\/de-de\/","name":"Bewehrungstechnik","description":"Just another WordPress site","publisher":{"@id":"https:\/\/bewehrungstechnik.ch\/de-de\/#organization"},"potentialAction":[{"@type":"SearchAction","target":{"@type":"EntryPoint","urlTemplate":"https:\/\/bewehrungstechnik.ch\/de-de\/?s={search_term_string}"},"query-input":{"@type":"PropertyValueSpecification","valueRequired":true,"valueName":"search_term_string"}}],"inLanguage":"de"},{"@type":"Organization","@id":"https:\/\/bewehrungstechnik.ch\/de-de\/#organization","name":"Bewehrungstechnik","url":"https:\/\/bewehrungstechnik.ch\/de-de\/","logo":{"@type":"ImageObject","inLanguage":"de","@id":"https:\/\/bewehrungstechnik.ch\/de-de\/#\/schema\/logo\/image\/","url":"https:\/\/bewehrungstechnik.ch\/wp-content\/uploads\/2021\/03\/logo.svg","contentUrl":"https:\/\/bewehrungstechnik.ch\/wp-content\/uploads\/2021\/03\/logo.svg","width":436,"height":436,"caption":"Bewehrungstechnik"},"image":{"@id":"https:\/\/bewehrungstechnik.ch\/de-de\/#\/schema\/logo\/image\/"}}]}},"deac_custom_fields":{"product":{"brand":"PYRAFLEX\u00ae","name":"Abschalbleche"},"highlight_box":{"title":"Abschalblech mit Querkraft\u00fcbertragung","subtitle":"Flexibles Abschalblech f\u00fcr Arbeitsfugen mit Bewehrungsdurchdringung","text":"<ul>\n<li>Patentierte, biaxiale PYRAX\u00ae-Querkraft\u00fcbertragung<\/li>\n<li>Er\u00fcbrigt ein Aufrauhen von Arbeitsfugen<\/li>\n<li>Variabel f\u00fcr Bodenplatten und Decken von 25 bis 30 cm<\/li>\n<li>Optional mit Fugenblech f\u00fcr wasserdichte Arbeitsfuge<\/li>\n<li>CH-Produktion<\/li>\n<\/ul>\n","media_type":"image","image":{"medium":"<img width=\"218\" height=\"300\" src=\"https:\/\/bewehrungstechnik.ch\/wp-content\/uploads\/PYROFLEX_0083_HF-218x300.jpg\" class=\"%s\" alt=\"\" decoding=\"async\" loading=\"lazy\" srcset=\"https:\/\/bewehrungstechnik.ch\/wp-content\/uploads\/PYROFLEX_0083_HF-218x300.jpg 218w, https:\/\/bewehrungstechnik.ch\/wp-content\/uploads\/PYROFLEX_0083_HF-743x1024.jpg 743w, https:\/\/bewehrungstechnik.ch\/wp-content\/uploads\/PYROFLEX_0083_HF-768x1059.jpg 768w, https:\/\/bewehrungstechnik.ch\/wp-content\/uploads\/PYROFLEX_0083_HF-1114x1536.jpg 1114w, https:\/\/bewehrungstechnik.ch\/wp-content\/uploads\/PYROFLEX_0083_HF-1485x2048.jpg 1485w, https:\/\/bewehrungstechnik.ch\/wp-content\/uploads\/PYROFLEX_0083_HF-436x601.jpg 436w, https:\/\/bewehrungstechnik.ch\/wp-content\/uploads\/PYROFLEX_0083_HF-550x758.jpg 550w, https:\/\/bewehrungstechnik.ch\/wp-content\/uploads\/PYROFLEX_0083_HF.jpg 1813w\" sizes=\"auto, (max-width: 218px) 100vw, 218px\" \/>","medium_large":"<img width=\"768\" height=\"1059\" src=\"https:\/\/bewehrungstechnik.ch\/wp-content\/uploads\/PYROFLEX_0083_HF-768x1059.jpg\" class=\"%s\" alt=\"\" decoding=\"async\" loading=\"lazy\" srcset=\"https:\/\/bewehrungstechnik.ch\/wp-content\/uploads\/PYROFLEX_0083_HF-768x1059.jpg 768w, https:\/\/bewehrungstechnik.ch\/wp-content\/uploads\/PYROFLEX_0083_HF-218x300.jpg 218w, https:\/\/bewehrungstechnik.ch\/wp-content\/uploads\/PYROFLEX_0083_HF-743x1024.jpg 743w, https:\/\/bewehrungstechnik.ch\/wp-content\/uploads\/PYROFLEX_0083_HF-1114x1536.jpg 1114w, https:\/\/bewehrungstechnik.ch\/wp-content\/uploads\/PYROFLEX_0083_HF-1485x2048.jpg 1485w, https:\/\/bewehrungstechnik.ch\/wp-content\/uploads\/PYROFLEX_0083_HF-436x601.jpg 436w, https:\/\/bewehrungstechnik.ch\/wp-content\/uploads\/PYROFLEX_0083_HF-550x758.jpg 550w, https:\/\/bewehrungstechnik.ch\/wp-content\/uploads\/PYROFLEX_0083_HF.jpg 1813w\" sizes=\"auto, (max-width: 768px) 100vw, 768px\" \/>","large":"<img width=\"743\" height=\"1024\" src=\"https:\/\/bewehrungstechnik.ch\/wp-content\/uploads\/PYROFLEX_0083_HF-743x1024.jpg\" class=\"%s\" alt=\"\" decoding=\"async\" loading=\"lazy\" srcset=\"https:\/\/bewehrungstechnik.ch\/wp-content\/uploads\/PYROFLEX_0083_HF-743x1024.jpg 743w, https:\/\/bewehrungstechnik.ch\/wp-content\/uploads\/PYROFLEX_0083_HF-218x300.jpg 218w, https:\/\/bewehrungstechnik.ch\/wp-content\/uploads\/PYROFLEX_0083_HF-768x1059.jpg 768w, https:\/\/bewehrungstechnik.ch\/wp-content\/uploads\/PYROFLEX_0083_HF-1114x1536.jpg 1114w, https:\/\/bewehrungstechnik.ch\/wp-content\/uploads\/PYROFLEX_0083_HF-1485x2048.jpg 1485w, https:\/\/bewehrungstechnik.ch\/wp-content\/uploads\/PYROFLEX_0083_HF-436x601.jpg 436w, https:\/\/bewehrungstechnik.ch\/wp-content\/uploads\/PYROFLEX_0083_HF-550x758.jpg 550w, https:\/\/bewehrungstechnik.ch\/wp-content\/uploads\/PYROFLEX_0083_HF.jpg 1813w\" sizes=\"auto, (max-width: 743px) 100vw, 743px\" \/>","full":"<img width=\"1813\" height=\"2500\" src=\"https:\/\/bewehrungstechnik.ch\/wp-content\/uploads\/PYROFLEX_0083_HF.jpg\" class=\"%s\" alt=\"\" decoding=\"async\" loading=\"lazy\" srcset=\"https:\/\/bewehrungstechnik.ch\/wp-content\/uploads\/PYROFLEX_0083_HF.jpg 1813w, https:\/\/bewehrungstechnik.ch\/wp-content\/uploads\/PYROFLEX_0083_HF-218x300.jpg 218w, https:\/\/bewehrungstechnik.ch\/wp-content\/uploads\/PYROFLEX_0083_HF-743x1024.jpg 743w, https:\/\/bewehrungstechnik.ch\/wp-content\/uploads\/PYROFLEX_0083_HF-768x1059.jpg 768w, https:\/\/bewehrungstechnik.ch\/wp-content\/uploads\/PYROFLEX_0083_HF-1114x1536.jpg 1114w, https:\/\/bewehrungstechnik.ch\/wp-content\/uploads\/PYROFLEX_0083_HF-1485x2048.jpg 1485w, https:\/\/bewehrungstechnik.ch\/wp-content\/uploads\/PYROFLEX_0083_HF-436x601.jpg 436w, https:\/\/bewehrungstechnik.ch\/wp-content\/uploads\/PYROFLEX_0083_HF-550x758.jpg 550w\" sizes=\"auto, (max-width: 1813px) 100vw, 1813px\" \/>"},"video_list":false},"description":[{"title":"PYRAFLEX\u00ae-Abschalblech","text":"<p>Das PYRAFLEX\u00ae-Abschalblech wurde speziell f\u00fcr die Abschalung von Arbeitsfugen mit Bewehrungsdurchdringung in Bodenplatten und Decken entwickelt. Die innovative, patentierte PYRAX\u00ae-Struktur sorgt f\u00fcr eine formschl\u00fcssige Verzahnung der Fugen, die eine effektive Querkraft\u00fcbertragung erm\u00f6glicht.<\/p>\n<p>Das PYRAFLEX\u00ae-Blech l\u00e4sst sich flexibel zwischen den Bewehrungslagen einpassen und ben\u00f6tigt keine zus\u00e4tzliche Abst\u00fctzung, was die Handhabung auf der Baustelle erheblich vereinfacht.<\/p>\n"},{"title":"PYRAX\u00ae-Technologie","text":"<p>Die schachbrettartig angeordneten Pyramidenst\u00fcmpfe gew\u00e4hrleisten eine maximale, richtungsunabh\u00e4ngige Querkraft\u00fcbertragung in der Fuge. Der Schubfl\u00e4chenanteil des Betons am Blech\u00fcbergang betr\u00e4gt beeindruckende 85% der Gesamtfl\u00e4che des Bewehrungsanschlusses. Dank der patentierten Geometrie ver\u00e4ndert sich dieser Schubfl\u00e4chenanteil gleichm\u00e4\u00dfig \u00fcber die Blechtiefe, was eine sichere \u00dcbertragung hoher Querkraft garantiert. Die Wirksamkeit des hohen Schubfl\u00e4chenanteils wurde durch umfangreiche Tests best\u00e4tigt.<\/p>\n"},{"title":"Wasserdicht durch Kombination mit Cemflex-VB-Dichtbleche","text":"<p>Zus\u00e4tzlich bieten wir die M\u00f6glichkeit, das PYRAFLEX\u00ae-Abschalblech mit Cemflex-VB-Dichtblechen zu kombinieren, um eine wasserdichte L\u00f6sung zu gew\u00e4hrleisten.<\/p>\n"},{"title":"Distanzleiste mit integriertem Auslaufschutz","text":"<p>Der ferrofix-Kamm, eine Distanzleiste mit integriertem Auslaufschutz, wurde entwickelt, um bei Abschalungen mit Bewehrungsdurchdringung das Auslaufen des Betons auf die zweite Betonierseite zu verhindern. Der ferrofix-Kamm kann als Zubeh\u00f6r in Kombination mit PYRAFLEX\u00ae bestellt werden.<\/p>\n"},{"title":"Flexibel, schnell und einfach","text":"<p>Das PYRAFLEX\u00ae-Abschalblech kann zwischen der 1. und 4. Lage oder der 2. und 3. Lage eingesetzt werden. Dank der flexiblen oberen Blechleiste k\u00f6nnen Betonst\u00e4rken von 25 bis 30 cm variabel abgedeckt werden. Die Elementl\u00e4nge betr\u00e4gt 2,00 m und kann vor Ort einfach angepasst werden.<\/p>\n"}],"page_color_variation":"default"},"deac_featured_media":null,"_links":{"self":[{"href":"https:\/\/bewehrungstechnik.ch\/de-de\/wp-json\/wp\/v2\/product\/9849","targetHints":{"allow":["GET"]}}],"collection":[{"href":"https:\/\/bewehrungstechnik.ch\/de-de\/wp-json\/wp\/v2\/product"}],"about":[{"href":"https:\/\/bewehrungstechnik.ch\/de-de\/wp-json\/wp\/v2\/types\/product"}],"wp:attachment":[{"href":"https:\/\/bewehrungstechnik.ch\/de-de\/wp-json\/wp\/v2\/media?parent=9849"}],"wp:term":[{"taxonomy":"product_category","embeddable":true,"href":"https:\/\/bewehrungstechnik.ch\/de-de\/wp-json\/wp\/v2\/product_category?post=9849"}],"curies":[{"name":"wp","href":"https:\/\/api.w.org\/{rel}","templated":true}]}}