{"id":9858,"date":"2025-10-17T07:45:34","date_gmt":"2025-10-17T07:45:34","guid":{"rendered":"https:\/\/bewehrungstechnik.ch\/?post_type=product&#038;p=9858"},"modified":"2025-10-17T07:45:34","modified_gmt":"2025-10-17T07:45:34","slug":"schraubbare-bewehrungsanschluesse-pyrabar-2","status":"publish","type":"product","link":"https:\/\/bewehrungstechnik.ch\/de-de\/product\/schraubbare-bewehrungsanschluesse-pyrabar-2\/","title":{"rendered":"Schraubbare Bewehrungsanschl\u00fcsse PYRABAR\u00ae"},"featured_media":0,"menu_order":0,"template":"","product_category":[],"class_list":["post-9858","product","type-product","status-publish",""],"acf":[],"yoast_head":"<!-- This site is optimized with the Yoast SEO plugin v27.5 - https:\/\/yoast.com\/product\/yoast-seo-wordpress\/ -->\n<title>Schraubbare Bewehrungsanschl\u00fcsse PYRABAR\u00ae - Bewehrungstechnik<\/title>\n<meta name=\"robots\" content=\"index, follow, max-snippet:-1, max-image-preview:large, max-video-preview:-1\" \/>\n<link rel=\"canonical\" href=\"https:\/\/bewehrungstechnik.ch\/de-de\/product\/schraubbare-bewehrungsanschluesse-pyrabar-2\/\" \/>\n<meta property=\"og:locale\" content=\"de_DE\" \/>\n<meta property=\"og:type\" content=\"article\" \/>\n<meta property=\"og:title\" content=\"Schraubbare Bewehrungsanschl\u00fcsse PYRABAR\u00ae - Bewehrungstechnik\" \/>\n<meta property=\"og:url\" content=\"https:\/\/bewehrungstechnik.ch\/de-de\/product\/schraubbare-bewehrungsanschluesse-pyrabar-2\/\" \/>\n<meta property=\"og:site_name\" content=\"Bewehrungstechnik\" \/>\n<meta name=\"twitter:card\" content=\"summary_large_image\" \/>\n<script type=\"application\/ld+json\" class=\"yoast-schema-graph\">{\"@context\":\"https:\\\/\\\/schema.org\",\"@graph\":[{\"@type\":\"WebPage\",\"@id\":\"https:\\\/\\\/bewehrungstechnik.ch\\\/de-de\\\/product\\\/schraubbare-bewehrungsanschluesse-pyrabar-2\\\/\",\"url\":\"https:\\\/\\\/bewehrungstechnik.ch\\\/de-de\\\/product\\\/schraubbare-bewehrungsanschluesse-pyrabar-2\\\/\",\"name\":\"Schraubbare Bewehrungsanschl\u00fcsse PYRABAR\u00ae - Bewehrungstechnik\",\"isPartOf\":{\"@id\":\"https:\\\/\\\/bewehrungstechnik.ch\\\/de-de\\\/#website\"},\"datePublished\":\"2025-10-17T07:45:34+00:00\",\"breadcrumb\":{\"@id\":\"https:\\\/\\\/bewehrungstechnik.ch\\\/de-de\\\/product\\\/schraubbare-bewehrungsanschluesse-pyrabar-2\\\/#breadcrumb\"},\"inLanguage\":\"de\",\"potentialAction\":[{\"@type\":\"ReadAction\",\"target\":[\"https:\\\/\\\/bewehrungstechnik.ch\\\/de-de\\\/product\\\/schraubbare-bewehrungsanschluesse-pyrabar-2\\\/\"]}]},{\"@type\":\"BreadcrumbList\",\"@id\":\"https:\\\/\\\/bewehrungstechnik.ch\\\/de-de\\\/product\\\/schraubbare-bewehrungsanschluesse-pyrabar-2\\\/#breadcrumb\",\"itemListElement\":[{\"@type\":\"ListItem\",\"position\":1,\"name\":\"Home\",\"item\":\"https:\\\/\\\/bewehrungstechnik.ch\\\/de-de\\\/\"},{\"@type\":\"ListItem\",\"position\":2,\"name\":\"Products\",\"item\":\"https:\\\/\\\/bewehrungstechnik.ch\\\/de-de\\\/products\\\/\"},{\"@type\":\"ListItem\",\"position\":3,\"name\":\"Schraubbare Bewehrungsanschl\u00fcsse PYRABAR\u00ae\"}]},{\"@type\":\"WebSite\",\"@id\":\"https:\\\/\\\/bewehrungstechnik.ch\\\/de-de\\\/#website\",\"url\":\"https:\\\/\\\/bewehrungstechnik.ch\\\/de-de\\\/\",\"name\":\"Bewehrungstechnik\",\"description\":\"Just another WordPress site\",\"publisher\":{\"@id\":\"https:\\\/\\\/bewehrungstechnik.ch\\\/de-de\\\/#organization\"},\"potentialAction\":[{\"@type\":\"SearchAction\",\"target\":{\"@type\":\"EntryPoint\",\"urlTemplate\":\"https:\\\/\\\/bewehrungstechnik.ch\\\/de-de\\\/?s={search_term_string}\"},\"query-input\":{\"@type\":\"PropertyValueSpecification\",\"valueRequired\":true,\"valueName\":\"search_term_string\"}}],\"inLanguage\":\"de\"},{\"@type\":\"Organization\",\"@id\":\"https:\\\/\\\/bewehrungstechnik.ch\\\/de-de\\\/#organization\",\"name\":\"Bewehrungstechnik\",\"url\":\"https:\\\/\\\/bewehrungstechnik.ch\\\/de-de\\\/\",\"logo\":{\"@type\":\"ImageObject\",\"inLanguage\":\"de\",\"@id\":\"https:\\\/\\\/bewehrungstechnik.ch\\\/de-de\\\/#\\\/schema\\\/logo\\\/image\\\/\",\"url\":\"https:\\\/\\\/bewehrungstechnik.ch\\\/wp-content\\\/uploads\\\/2021\\\/03\\\/logo.svg\",\"contentUrl\":\"https:\\\/\\\/bewehrungstechnik.ch\\\/wp-content\\\/uploads\\\/2021\\\/03\\\/logo.svg\",\"width\":436,\"height\":436,\"caption\":\"Bewehrungstechnik\"},\"image\":{\"@id\":\"https:\\\/\\\/bewehrungstechnik.ch\\\/de-de\\\/#\\\/schema\\\/logo\\\/image\\\/\"}}]}<\/script>\n<!-- \/ Yoast SEO plugin. -->","yoast_head_json":{"title":"Schraubbare Bewehrungsanschl\u00fcsse PYRABAR\u00ae - Bewehrungstechnik","robots":{"index":"index","follow":"follow","max-snippet":"max-snippet:-1","max-image-preview":"max-image-preview:large","max-video-preview":"max-video-preview:-1"},"canonical":"https:\/\/bewehrungstechnik.ch\/de-de\/product\/schraubbare-bewehrungsanschluesse-pyrabar-2\/","og_locale":"de_DE","og_type":"article","og_title":"Schraubbare Bewehrungsanschl\u00fcsse PYRABAR\u00ae - Bewehrungstechnik","og_url":"https:\/\/bewehrungstechnik.ch\/de-de\/product\/schraubbare-bewehrungsanschluesse-pyrabar-2\/","og_site_name":"Bewehrungstechnik","twitter_card":"summary_large_image","schema":{"@context":"https:\/\/schema.org","@graph":[{"@type":"WebPage","@id":"https:\/\/bewehrungstechnik.ch\/de-de\/product\/schraubbare-bewehrungsanschluesse-pyrabar-2\/","url":"https:\/\/bewehrungstechnik.ch\/de-de\/product\/schraubbare-bewehrungsanschluesse-pyrabar-2\/","name":"Schraubbare Bewehrungsanschl\u00fcsse PYRABAR\u00ae - Bewehrungstechnik","isPartOf":{"@id":"https:\/\/bewehrungstechnik.ch\/de-de\/#website"},"datePublished":"2025-10-17T07:45:34+00:00","breadcrumb":{"@id":"https:\/\/bewehrungstechnik.ch\/de-de\/product\/schraubbare-bewehrungsanschluesse-pyrabar-2\/#breadcrumb"},"inLanguage":"de","potentialAction":[{"@type":"ReadAction","target":["https:\/\/bewehrungstechnik.ch\/de-de\/product\/schraubbare-bewehrungsanschluesse-pyrabar-2\/"]}]},{"@type":"BreadcrumbList","@id":"https:\/\/bewehrungstechnik.ch\/de-de\/product\/schraubbare-bewehrungsanschluesse-pyrabar-2\/#breadcrumb","itemListElement":[{"@type":"ListItem","position":1,"name":"Home","item":"https:\/\/bewehrungstechnik.ch\/de-de\/"},{"@type":"ListItem","position":2,"name":"Products","item":"https:\/\/bewehrungstechnik.ch\/de-de\/products\/"},{"@type":"ListItem","position":3,"name":"Schraubbare Bewehrungsanschl\u00fcsse PYRABAR\u00ae"}]},{"@type":"WebSite","@id":"https:\/\/bewehrungstechnik.ch\/de-de\/#website","url":"https:\/\/bewehrungstechnik.ch\/de-de\/","name":"Bewehrungstechnik","description":"Just another WordPress site","publisher":{"@id":"https:\/\/bewehrungstechnik.ch\/de-de\/#organization"},"potentialAction":[{"@type":"SearchAction","target":{"@type":"EntryPoint","urlTemplate":"https:\/\/bewehrungstechnik.ch\/de-de\/?s={search_term_string}"},"query-input":{"@type":"PropertyValueSpecification","valueRequired":true,"valueName":"search_term_string"}}],"inLanguage":"de"},{"@type":"Organization","@id":"https:\/\/bewehrungstechnik.ch\/de-de\/#organization","name":"Bewehrungstechnik","url":"https:\/\/bewehrungstechnik.ch\/de-de\/","logo":{"@type":"ImageObject","inLanguage":"de","@id":"https:\/\/bewehrungstechnik.ch\/de-de\/#\/schema\/logo\/image\/","url":"https:\/\/bewehrungstechnik.ch\/wp-content\/uploads\/2021\/03\/logo.svg","contentUrl":"https:\/\/bewehrungstechnik.ch\/wp-content\/uploads\/2021\/03\/logo.svg","width":436,"height":436,"caption":"Bewehrungstechnik"},"image":{"@id":"https:\/\/bewehrungstechnik.ch\/de-de\/#\/schema\/logo\/image\/"}}]}},"deac_custom_fields":{"product":{"brand":"PYRABAR\u00ae","name":"Schraubbare Bewehrungsanschl\u00fcsse"},"highlight_box":{"title":"F\u00fcr maximale Zugkraft und Querkraft\u00fcbertragung","subtitle":"Bewehrungsanschl\u00fcsse f\u00fcr hohe Querkraftaufnahme zusammen mit der bew\u00e4hrten BARTEC\u00ae-Schraubverbindungen","text":"<ul>\n<li>Patentierte, biaxiale PYRAX\u00ae-Querkraft\u00fcbertragung<\/li>\n<li>Er\u00fcbrigt ein Aufrauhen von Arbeitsfugen<\/li>\n<li>Bewehrungsst\u00e4be \u00d812 bis \u00d820 mm<\/li>\n<li>CH-Produktion<\/li>\n<\/ul>\n","media_type":"image","image":{"medium":"<img width=\"222\" height=\"300\" src=\"https:\/\/bewehrungstechnik.ch\/wp-content\/uploads\/PYRABAR_HF_0871x-222x300.jpg\" class=\"%s\" alt=\"\" decoding=\"async\" loading=\"lazy\" srcset=\"https:\/\/bewehrungstechnik.ch\/wp-content\/uploads\/PYRABAR_HF_0871x-222x300.jpg 222w, https:\/\/bewehrungstechnik.ch\/wp-content\/uploads\/PYRABAR_HF_0871x-758x1024.jpg 758w, https:\/\/bewehrungstechnik.ch\/wp-content\/uploads\/PYRABAR_HF_0871x-768x1037.jpg 768w, https:\/\/bewehrungstechnik.ch\/wp-content\/uploads\/PYRABAR_HF_0871x-1137x1536.jpg 1137w, https:\/\/bewehrungstechnik.ch\/wp-content\/uploads\/PYRABAR_HF_0871x-1516x2048.jpg 1516w, https:\/\/bewehrungstechnik.ch\/wp-content\/uploads\/PYRABAR_HF_0871x-436x589.jpg 436w, https:\/\/bewehrungstechnik.ch\/wp-content\/uploads\/PYRABAR_HF_0871x-550x743.jpg 550w, https:\/\/bewehrungstechnik.ch\/wp-content\/uploads\/PYRABAR_HF_0871x.jpg 1851w\" sizes=\"auto, (max-width: 222px) 100vw, 222px\" \/>","medium_large":"<img width=\"768\" height=\"1037\" src=\"https:\/\/bewehrungstechnik.ch\/wp-content\/uploads\/PYRABAR_HF_0871x-768x1037.jpg\" class=\"%s\" alt=\"\" decoding=\"async\" loading=\"lazy\" srcset=\"https:\/\/bewehrungstechnik.ch\/wp-content\/uploads\/PYRABAR_HF_0871x-768x1037.jpg 768w, https:\/\/bewehrungstechnik.ch\/wp-content\/uploads\/PYRABAR_HF_0871x-222x300.jpg 222w, https:\/\/bewehrungstechnik.ch\/wp-content\/uploads\/PYRABAR_HF_0871x-758x1024.jpg 758w, https:\/\/bewehrungstechnik.ch\/wp-content\/uploads\/PYRABAR_HF_0871x-1137x1536.jpg 1137w, https:\/\/bewehrungstechnik.ch\/wp-content\/uploads\/PYRABAR_HF_0871x-1516x2048.jpg 1516w, https:\/\/bewehrungstechnik.ch\/wp-content\/uploads\/PYRABAR_HF_0871x-436x589.jpg 436w, https:\/\/bewehrungstechnik.ch\/wp-content\/uploads\/PYRABAR_HF_0871x-550x743.jpg 550w, https:\/\/bewehrungstechnik.ch\/wp-content\/uploads\/PYRABAR_HF_0871x.jpg 1851w\" sizes=\"auto, (max-width: 768px) 100vw, 768px\" \/>","large":"<img width=\"758\" height=\"1024\" src=\"https:\/\/bewehrungstechnik.ch\/wp-content\/uploads\/PYRABAR_HF_0871x-758x1024.jpg\" class=\"%s\" alt=\"\" decoding=\"async\" loading=\"lazy\" srcset=\"https:\/\/bewehrungstechnik.ch\/wp-content\/uploads\/PYRABAR_HF_0871x-758x1024.jpg 758w, https:\/\/bewehrungstechnik.ch\/wp-content\/uploads\/PYRABAR_HF_0871x-222x300.jpg 222w, https:\/\/bewehrungstechnik.ch\/wp-content\/uploads\/PYRABAR_HF_0871x-768x1037.jpg 768w, https:\/\/bewehrungstechnik.ch\/wp-content\/uploads\/PYRABAR_HF_0871x-1137x1536.jpg 1137w, https:\/\/bewehrungstechnik.ch\/wp-content\/uploads\/PYRABAR_HF_0871x-1516x2048.jpg 1516w, https:\/\/bewehrungstechnik.ch\/wp-content\/uploads\/PYRABAR_HF_0871x-436x589.jpg 436w, https:\/\/bewehrungstechnik.ch\/wp-content\/uploads\/PYRABAR_HF_0871x-550x743.jpg 550w, https:\/\/bewehrungstechnik.ch\/wp-content\/uploads\/PYRABAR_HF_0871x.jpg 1851w\" sizes=\"auto, (max-width: 758px) 100vw, 758px\" \/>","full":"<img width=\"1851\" height=\"2500\" src=\"https:\/\/bewehrungstechnik.ch\/wp-content\/uploads\/PYRABAR_HF_0871x.jpg\" class=\"%s\" alt=\"\" decoding=\"async\" loading=\"lazy\" srcset=\"https:\/\/bewehrungstechnik.ch\/wp-content\/uploads\/PYRABAR_HF_0871x.jpg 1851w, https:\/\/bewehrungstechnik.ch\/wp-content\/uploads\/PYRABAR_HF_0871x-222x300.jpg 222w, https:\/\/bewehrungstechnik.ch\/wp-content\/uploads\/PYRABAR_HF_0871x-758x1024.jpg 758w, https:\/\/bewehrungstechnik.ch\/wp-content\/uploads\/PYRABAR_HF_0871x-768x1037.jpg 768w, https:\/\/bewehrungstechnik.ch\/wp-content\/uploads\/PYRABAR_HF_0871x-1137x1536.jpg 1137w, https:\/\/bewehrungstechnik.ch\/wp-content\/uploads\/PYRABAR_HF_0871x-1516x2048.jpg 1516w, https:\/\/bewehrungstechnik.ch\/wp-content\/uploads\/PYRABAR_HF_0871x-436x589.jpg 436w, https:\/\/bewehrungstechnik.ch\/wp-content\/uploads\/PYRABAR_HF_0871x-550x743.jpg 550w\" sizes=\"auto, (max-width: 1851px) 100vw, 1851px\" \/>"},"video_list":false},"description":[{"title":"PYRABAR\u00ae f\u00fcr h\u00f6chste Zugkraft und Querkraft\u00fcbertragung","text":"<p>Im Vergleich zu unseren PYRATOP\u00ae Bewehrungsanschl\u00fcssen, die eine biaxiale Querkraftaufnahme erm\u00f6glichen, bietet PYRABAR\u00ae gr\u00f6\u00dfere Stabdurchmesser von bis zu \u00d820 mm. Dadurch k\u00f6nnen Querkr\u00e4fte von bis zu 1000 kN\/m \u00fcbertragen und auch Einspannungen realisiert werden.<\/p>\n"},{"title":"PYRAX\u00ae-Technologie","text":"<p>Die schachbrettartig angeordneten Pyramidenst\u00fcmpfe gew\u00e4hrleisten eine maximale, richtungsunabh\u00e4ngige Querkraft\u00fcbertragung in der Fuge. Der Beton-Schubfl\u00e4chenanteil am Blech\u00fcbergang betr\u00e4gt 85% der Gesamtfl\u00e4che des Bewehrungsanschlusses. Diese Schubfl\u00e4chenanteil ver\u00e4ndert sich gleichm\u00e4\u00dfig \u00fcber die Blechtiefe durch die patentierte Geometrie, was eine sichere \u00dcbertragung der hohen Querkraft garantiert. Die Wirksamkeit des hohen Schubfl\u00e4chenanteils des Betons am Blech\u00fcbergang wurde durch umfangreiche Versuche best\u00e4tigt.<\/p>\n"},{"title":"Bew\u00e4hrte BARTEC\u00ae-Schraubverbindungen","text":"<p>Alle Vorteile der bew\u00e4hrten BARTEC\u00ae-Schraubverbindungen sind auch bei PYRABAR\u00ae vorhanden. Das Einschrauben erfolgt manuell, ohne Werkzeuge, was eine sichere und einfache Montage in der zweiten Etappe erm\u00f6glicht.<\/p>\n"},{"title":"Umfangreiches Sortiment","text":"<p>Wir bieten f\u00fcnf unterschiedliche Kastentypen in der ersten Etappe, jeweils mit f\u00fcnf Kastenbreiten und drei Standard-Kastenl\u00e4ngen, um f\u00fcr jeden Einsatzfall die passende Anschlussl\u00f6sung zu gew\u00e4hrleisten. In der zweiten Etappe stehen vier Stabtypen zur Verf\u00fcgung. Bei geraden St\u00e4ben k\u00f6nnen L\u00e4ngen von bis zu 14 m geliefert werden. Sonderanfertigungen sind nach Absprache ebenfalls m\u00f6glich.<\/p>\n"}],"page_color_variation":"default"},"deac_featured_media":null,"_links":{"self":[{"href":"https:\/\/bewehrungstechnik.ch\/de-de\/wp-json\/wp\/v2\/product\/9858","targetHints":{"allow":["GET"]}}],"collection":[{"href":"https:\/\/bewehrungstechnik.ch\/de-de\/wp-json\/wp\/v2\/product"}],"about":[{"href":"https:\/\/bewehrungstechnik.ch\/de-de\/wp-json\/wp\/v2\/types\/product"}],"wp:attachment":[{"href":"https:\/\/bewehrungstechnik.ch\/de-de\/wp-json\/wp\/v2\/media?parent=9858"}],"wp:term":[{"taxonomy":"product_category","embeddable":true,"href":"https:\/\/bewehrungstechnik.ch\/de-de\/wp-json\/wp\/v2\/product_category?post=9858"}],"curies":[{"name":"wp","href":"https:\/\/api.w.org\/{rel}","templated":true}]}}