{"id":9862,"date":"2025-10-17T07:45:13","date_gmt":"2025-10-17T07:45:13","guid":{"rendered":"https:\/\/bewehrungstechnik.ch\/?post_type=product&#038;p=9862"},"modified":"2025-10-17T07:45:13","modified_gmt":"2025-10-17T07:45:13","slug":"bewehrungsanschluesse-pyratop-2","status":"publish","type":"product","link":"https:\/\/bewehrungstechnik.ch\/de-de\/product\/bewehrungsanschluesse-pyratop-2\/","title":{"rendered":"Bewehrungsanschl\u00fcsse PYRATOP\u00ae"},"featured_media":0,"menu_order":0,"template":"","product_category":[],"class_list":["post-9862","product","type-product","status-publish",""],"acf":[],"yoast_head":"<!-- This site is optimized with the Yoast SEO plugin v27.5 - https:\/\/yoast.com\/product\/yoast-seo-wordpress\/ -->\n<title>Bewehrungsanschl\u00fcsse PYRATOP\u00ae - Bewehrungstechnik<\/title>\n<meta name=\"robots\" content=\"index, follow, max-snippet:-1, max-image-preview:large, max-video-preview:-1\" \/>\n<link rel=\"canonical\" href=\"https:\/\/bewehrungstechnik.ch\/de-de\/product\/bewehrungsanschluesse-pyratop-2\/\" \/>\n<meta property=\"og:locale\" content=\"de_DE\" \/>\n<meta property=\"og:type\" content=\"article\" \/>\n<meta property=\"og:title\" content=\"Bewehrungsanschl\u00fcsse PYRATOP\u00ae - Bewehrungstechnik\" \/>\n<meta property=\"og:url\" content=\"https:\/\/bewehrungstechnik.ch\/de-de\/product\/bewehrungsanschluesse-pyratop-2\/\" \/>\n<meta property=\"og:site_name\" content=\"Bewehrungstechnik\" \/>\n<meta name=\"twitter:card\" content=\"summary_large_image\" \/>\n<script type=\"application\/ld+json\" class=\"yoast-schema-graph\">{\"@context\":\"https:\\\/\\\/schema.org\",\"@graph\":[{\"@type\":\"WebPage\",\"@id\":\"https:\\\/\\\/bewehrungstechnik.ch\\\/de-de\\\/product\\\/bewehrungsanschluesse-pyratop-2\\\/\",\"url\":\"https:\\\/\\\/bewehrungstechnik.ch\\\/de-de\\\/product\\\/bewehrungsanschluesse-pyratop-2\\\/\",\"name\":\"Bewehrungsanschl\u00fcsse PYRATOP\u00ae - Bewehrungstechnik\",\"isPartOf\":{\"@id\":\"https:\\\/\\\/bewehrungstechnik.ch\\\/de-de\\\/#website\"},\"datePublished\":\"2025-10-17T07:45:13+00:00\",\"breadcrumb\":{\"@id\":\"https:\\\/\\\/bewehrungstechnik.ch\\\/de-de\\\/product\\\/bewehrungsanschluesse-pyratop-2\\\/#breadcrumb\"},\"inLanguage\":\"de\",\"potentialAction\":[{\"@type\":\"ReadAction\",\"target\":[\"https:\\\/\\\/bewehrungstechnik.ch\\\/de-de\\\/product\\\/bewehrungsanschluesse-pyratop-2\\\/\"]}]},{\"@type\":\"BreadcrumbList\",\"@id\":\"https:\\\/\\\/bewehrungstechnik.ch\\\/de-de\\\/product\\\/bewehrungsanschluesse-pyratop-2\\\/#breadcrumb\",\"itemListElement\":[{\"@type\":\"ListItem\",\"position\":1,\"name\":\"Home\",\"item\":\"https:\\\/\\\/bewehrungstechnik.ch\\\/de-de\\\/\"},{\"@type\":\"ListItem\",\"position\":2,\"name\":\"Products\",\"item\":\"https:\\\/\\\/bewehrungstechnik.ch\\\/de-de\\\/products\\\/\"},{\"@type\":\"ListItem\",\"position\":3,\"name\":\"Bewehrungsanschl\u00fcsse PYRATOP\u00ae\"}]},{\"@type\":\"WebSite\",\"@id\":\"https:\\\/\\\/bewehrungstechnik.ch\\\/de-de\\\/#website\",\"url\":\"https:\\\/\\\/bewehrungstechnik.ch\\\/de-de\\\/\",\"name\":\"Bewehrungstechnik\",\"description\":\"Just another WordPress site\",\"publisher\":{\"@id\":\"https:\\\/\\\/bewehrungstechnik.ch\\\/de-de\\\/#organization\"},\"potentialAction\":[{\"@type\":\"SearchAction\",\"target\":{\"@type\":\"EntryPoint\",\"urlTemplate\":\"https:\\\/\\\/bewehrungstechnik.ch\\\/de-de\\\/?s={search_term_string}\"},\"query-input\":{\"@type\":\"PropertyValueSpecification\",\"valueRequired\":true,\"valueName\":\"search_term_string\"}}],\"inLanguage\":\"de\"},{\"@type\":\"Organization\",\"@id\":\"https:\\\/\\\/bewehrungstechnik.ch\\\/de-de\\\/#organization\",\"name\":\"Bewehrungstechnik\",\"url\":\"https:\\\/\\\/bewehrungstechnik.ch\\\/de-de\\\/\",\"logo\":{\"@type\":\"ImageObject\",\"inLanguage\":\"de\",\"@id\":\"https:\\\/\\\/bewehrungstechnik.ch\\\/de-de\\\/#\\\/schema\\\/logo\\\/image\\\/\",\"url\":\"https:\\\/\\\/bewehrungstechnik.ch\\\/wp-content\\\/uploads\\\/2021\\\/03\\\/logo.svg\",\"contentUrl\":\"https:\\\/\\\/bewehrungstechnik.ch\\\/wp-content\\\/uploads\\\/2021\\\/03\\\/logo.svg\",\"width\":436,\"height\":436,\"caption\":\"Bewehrungstechnik\"},\"image\":{\"@id\":\"https:\\\/\\\/bewehrungstechnik.ch\\\/de-de\\\/#\\\/schema\\\/logo\\\/image\\\/\"}}]}<\/script>\n<!-- \/ Yoast SEO plugin. -->","yoast_head_json":{"title":"Bewehrungsanschl\u00fcsse PYRATOP\u00ae - Bewehrungstechnik","robots":{"index":"index","follow":"follow","max-snippet":"max-snippet:-1","max-image-preview":"max-image-preview:large","max-video-preview":"max-video-preview:-1"},"canonical":"https:\/\/bewehrungstechnik.ch\/de-de\/product\/bewehrungsanschluesse-pyratop-2\/","og_locale":"de_DE","og_type":"article","og_title":"Bewehrungsanschl\u00fcsse PYRATOP\u00ae - Bewehrungstechnik","og_url":"https:\/\/bewehrungstechnik.ch\/de-de\/product\/bewehrungsanschluesse-pyratop-2\/","og_site_name":"Bewehrungstechnik","twitter_card":"summary_large_image","schema":{"@context":"https:\/\/schema.org","@graph":[{"@type":"WebPage","@id":"https:\/\/bewehrungstechnik.ch\/de-de\/product\/bewehrungsanschluesse-pyratop-2\/","url":"https:\/\/bewehrungstechnik.ch\/de-de\/product\/bewehrungsanschluesse-pyratop-2\/","name":"Bewehrungsanschl\u00fcsse PYRATOP\u00ae - Bewehrungstechnik","isPartOf":{"@id":"https:\/\/bewehrungstechnik.ch\/de-de\/#website"},"datePublished":"2025-10-17T07:45:13+00:00","breadcrumb":{"@id":"https:\/\/bewehrungstechnik.ch\/de-de\/product\/bewehrungsanschluesse-pyratop-2\/#breadcrumb"},"inLanguage":"de","potentialAction":[{"@type":"ReadAction","target":["https:\/\/bewehrungstechnik.ch\/de-de\/product\/bewehrungsanschluesse-pyratop-2\/"]}]},{"@type":"BreadcrumbList","@id":"https:\/\/bewehrungstechnik.ch\/de-de\/product\/bewehrungsanschluesse-pyratop-2\/#breadcrumb","itemListElement":[{"@type":"ListItem","position":1,"name":"Home","item":"https:\/\/bewehrungstechnik.ch\/de-de\/"},{"@type":"ListItem","position":2,"name":"Products","item":"https:\/\/bewehrungstechnik.ch\/de-de\/products\/"},{"@type":"ListItem","position":3,"name":"Bewehrungsanschl\u00fcsse PYRATOP\u00ae"}]},{"@type":"WebSite","@id":"https:\/\/bewehrungstechnik.ch\/de-de\/#website","url":"https:\/\/bewehrungstechnik.ch\/de-de\/","name":"Bewehrungstechnik","description":"Just another WordPress site","publisher":{"@id":"https:\/\/bewehrungstechnik.ch\/de-de\/#organization"},"potentialAction":[{"@type":"SearchAction","target":{"@type":"EntryPoint","urlTemplate":"https:\/\/bewehrungstechnik.ch\/de-de\/?s={search_term_string}"},"query-input":{"@type":"PropertyValueSpecification","valueRequired":true,"valueName":"search_term_string"}}],"inLanguage":"de"},{"@type":"Organization","@id":"https:\/\/bewehrungstechnik.ch\/de-de\/#organization","name":"Bewehrungstechnik","url":"https:\/\/bewehrungstechnik.ch\/de-de\/","logo":{"@type":"ImageObject","inLanguage":"de","@id":"https:\/\/bewehrungstechnik.ch\/de-de\/#\/schema\/logo\/image\/","url":"https:\/\/bewehrungstechnik.ch\/wp-content\/uploads\/2021\/03\/logo.svg","contentUrl":"https:\/\/bewehrungstechnik.ch\/wp-content\/uploads\/2021\/03\/logo.svg","width":436,"height":436,"caption":"Bewehrungstechnik"},"image":{"@id":"https:\/\/bewehrungstechnik.ch\/de-de\/#\/schema\/logo\/image\/"}}]}},"deac_custom_fields":{"product":{"brand":"PYRATOP\u00ae","name":"Bewehrungsanschl\u00fcsse"},"highlight_box":{"title":"H\u00f6chste Querkraft\u00fcbertragung dank verzahnter Arbeitsfugen","subtitle":"R\u00fcckbiegeanschluss mit hoher Querkraftaufnahme f\u00fcr Arbeitsfugen ohne Bewehrungsdurchdringung","text":"<ul>\n<li>Patentierte, biaxiale PYRAX\u00ae-Querkraft\u00fcbertragung<\/li>\n<li>Er\u00fcbrigt das Aufrauen von Arbeitsfugen<\/li>\n<li>F\u00fcr Wand- und Deckenanschluss ab Bauteilst\u00e4rke 14 cm<\/li>\n<\/ul>\n","media_type":"video","image":false,"video_list":[{"video_poster":9863,"youtube_link":"https:\/\/www.youtube.com\/watch?v=RMORjGRbCqQ","_video_poster_meta":["https:\/\/bewehrungstechnik.ch\/wp-content\/uploads\/PYRATOP_Q_005142xxx.jpg",2000,1360,false]}]},"description":[{"title":"PYRATOP\u00ae-Bewehrungsanschluss","text":"<p>Die PYRATOP\u00ae-Bewehrungsanschl\u00fcsse sind f\u00fcr querkraftbeanspruchte Arbeitsfugen an W\u00e4nden und Decken ohne Bewehrungsdurchdringung konzipiert. Das patentierte PYRAX\u00ae-Blech erm\u00f6glicht eine formschl\u00fcssige Fugenausbildung zur Querkraft\u00fcbertragung und erfordert keine Nachbearbeitung.<\/p>\n"},{"title":"PYRAX\u00ae-Technologie","text":"<p>Die schachbrettartig angeordneten Pyramidenst\u00fcmpfe gew\u00e4hrleisten eine maximale, richtungsunabh\u00e4ngige Querkraft\u00fcbertragung. Der Schubfl\u00e4chenanteil des Betons am Blech\u00fcbergang betr\u00e4gt 85% und sichert die \u00dcbertragung hoher Querkraft.<\/p>\n"},{"title":"Biaxiale Querkraft\u00fcbertragung","text":"<p>Zus\u00e4tzlich zur Haupttragrichtung k\u00f6nnen auch Kr\u00e4fte aus Erdbeben, Wind oder Erddruck \u00fcbertragen werden, was die Anzahl ben\u00f6tigter Kastenformen reduziert.<\/p>\n"},{"title":"Breite Einsatzm\u00f6glichkeiten","text":"<p>Unser umfangreiches Standardsortiment ist sofort ab Lager verf\u00fcgbar. Sondertypen sind schnell ab Regensdorf lieferbar.<\/p>\n"},{"title":"Einfache Installation","text":"<p>Der PYRATOP\u00ae-Bewehrungsanschluss l\u00e4sst sich wie herk\u00f6mmliche R\u00fcckbiegeanschl\u00fcsse installieren und ist in den L\u00e4ngen 1,20 m und 0,83 m erh\u00e4ltlich. Ein Kunststoff-Kastendeckel verhindert das Eindringen von Zementschl\u00e4mme.<\/p>\n"},{"title":"Neu: Gerade Stabtypen","text":"<p>F\u00fcr die Etappierung ohne aufwendige Abschalung sind gerade Stabtypen (einschnittig PN1 und zweischnittig PN2) verf\u00fcgbar.<\/p>\n"}],"page_color_variation":"default"},"deac_featured_media":null,"_links":{"self":[{"href":"https:\/\/bewehrungstechnik.ch\/de-de\/wp-json\/wp\/v2\/product\/9862","targetHints":{"allow":["GET"]}}],"collection":[{"href":"https:\/\/bewehrungstechnik.ch\/de-de\/wp-json\/wp\/v2\/product"}],"about":[{"href":"https:\/\/bewehrungstechnik.ch\/de-de\/wp-json\/wp\/v2\/types\/product"}],"wp:attachment":[{"href":"https:\/\/bewehrungstechnik.ch\/de-de\/wp-json\/wp\/v2\/media?parent=9862"}],"wp:term":[{"taxonomy":"product_category","embeddable":true,"href":"https:\/\/bewehrungstechnik.ch\/de-de\/wp-json\/wp\/v2\/product_category?post=9862"}],"curies":[{"name":"wp","href":"https:\/\/api.w.org\/{rel}","templated":true}]}}