{"id":10573,"date":"2024-12-17T12:14:54","date_gmt":"2024-12-17T12:14:54","guid":{"rendered":"https:\/\/bewehrungstechnik.ch\/tools\/"},"modified":"2025-10-30T16:25:26","modified_gmt":"2025-10-30T16:25:26","slug":"tools","status":"publish","type":"page","link":"https:\/\/bewehrungstechnik.ch\/fr\/tools\/","title":{"rendered":"Tools"},"content":{"rendered":"\n      <div id=\"block_291535c2c880a0ffc66df7001d2c07da\" class=\"deac-block-simple-teasers pb-20  alignfull l-block\"  >\n  \n  \n<div class=\"bg-white w-full shadow-dropdown\">\n\t<div class=\"l-wrap l-wrap--wide \">\n\t\t<div class=\"grid grid-cols-12 gap-6 pt-6 pb-5\">\n\t\t\t\t\t\t\t\t\t\t\t<div class=\"col-span-12 sm:col-span-6 md:col-span-3 \">\n\t\t\t\t<a href=\"https:\/\/bewehrungstechnik.ch\/tools\/acinoxplus-hoehenversatz-konfigurator\/\" class=\"group h-full block p-4 border border-gray border-l-primary border-l-[8px] no-underline text-gray-dark transition-all hover:no-underline hover:text-white hover:bg-primary hover:border-primary\" >\n\t\t\t\t\t<div class=\"\">\n\t\t\t\t\t\t<img loading=\"lazy\" decoding=\"async\" width=\"1417\" height=\"499\" src=\"https:\/\/bewehrungstechnik.ch\/wp-content\/uploads\/Kragplatten_KV.jpg\" class=\"aspect-[301\/114] object-cover\" alt=\"\" srcset=\"https:\/\/bewehrungstechnik.ch\/wp-content\/uploads\/Kragplatten_KV.jpg 1417w, https:\/\/bewehrungstechnik.ch\/wp-content\/uploads\/Kragplatten_KV-300x106.jpg 300w, https:\/\/bewehrungstechnik.ch\/wp-content\/uploads\/Kragplatten_KV-1024x361.jpg 1024w, https:\/\/bewehrungstechnik.ch\/wp-content\/uploads\/Kragplatten_KV-768x270.jpg 768w, https:\/\/bewehrungstechnik.ch\/wp-content\/uploads\/Kragplatten_KV-436x154.jpg 436w, https:\/\/bewehrungstechnik.ch\/wp-content\/uploads\/Kragplatten_KV-550x194.jpg 550w\" sizes=\"auto, (max-width: 1417px) 100vw, 1417px\" \/>\t\t\t\t\t<\/div>\n\t\t\t\t\t<p class=\"headline headline--small mt-2 mb-0 transition-all group-hover:text-white\">ACINOXplus\u00ae &#8211; configurateur pour hauteur d\u00e9cal\u00e9e<\/p>\n\t\t\t\t\t<p class=\"mt-2 leading-1.3 mb-0\">Configurer les consoles isolantes \u00e0 hauteur d\u00e9cal\u00e9e<\/p>\n\t\t\t\t<\/a>\n\t\t\t<\/div>\t\n\t\t\t\t\t\t\t\t\t\t\t\t\t\t<div class=\"col-span-12 sm:col-span-6 md:col-span-3 \">\n\t\t\t\t<a href=\"https:\/\/bewehrungstechnik.ch\/tools\/ocima-lebensdauerbemessung-stahlbetonbauwerke\/\" class=\"group h-full block p-4 border border-gray border-l-primary border-l-[8px] no-underline text-gray-dark transition-all hover:no-underline hover:text-white hover:bg-primary hover:border-primary\" >\n\t\t\t\t\t<div class=\"\">\n\t\t\t\t\t\t<img loading=\"lazy\" decoding=\"async\" width=\"1280\" height=\"567\" src=\"https:\/\/bewehrungstechnik.ch\/wp-content\/uploads\/Swiss-Steel-Online-tool-bild_2.jpg\" class=\"aspect-[301\/114] object-cover\" alt=\"\" srcset=\"https:\/\/bewehrungstechnik.ch\/wp-content\/uploads\/Swiss-Steel-Online-tool-bild_2.jpg 1280w, https:\/\/bewehrungstechnik.ch\/wp-content\/uploads\/Swiss-Steel-Online-tool-bild_2-300x133.jpg 300w, https:\/\/bewehrungstechnik.ch\/wp-content\/uploads\/Swiss-Steel-Online-tool-bild_2-1024x454.jpg 1024w, https:\/\/bewehrungstechnik.ch\/wp-content\/uploads\/Swiss-Steel-Online-tool-bild_2-768x340.jpg 768w, https:\/\/bewehrungstechnik.ch\/wp-content\/uploads\/Swiss-Steel-Online-tool-bild_2-436x193.jpg 436w, https:\/\/bewehrungstechnik.ch\/wp-content\/uploads\/Swiss-Steel-Online-tool-bild_2-550x244.jpg 550w\" sizes=\"auto, (max-width: 1280px) 100vw, 1280px\" \/>\t\t\t\t\t<\/div>\n\t\t\t\t\t<p class=\"headline headline--small mt-2 mb-0 transition-all group-hover:text-white\">OCIMA \u2013 calcul de la dur\u00e9e de vie<\/p>\n\t\t\t\t\t<p class=\"mt-2 leading-1.3 mb-0\">V\u00e9rifier la dur\u00e9e de vie cible des ouvrages en b\u00e9ton arm\u00e9 lors de la phase d\u2019\u00e9tude<\/p>\n\t\t\t\t<\/a>\n\t\t\t<\/div>\t\n\t\t\t\t\t\t\t\t\t\t\t\t\t\t<div class=\"col-span-12 sm:col-span-6 md:col-span-3 \">\n\t\t\t\t<a href=\"https:\/\/acilist.bewehrungstechnik.ch\" class=\"group h-full block p-4 border border-gray border-l-primary border-l-[8px] no-underline text-gray-dark transition-all hover:no-underline hover:text-white hover:bg-primary hover:border-primary\" target=\"_blank\">\n\t\t\t\t\t<div class=\"\">\n\t\t\t\t\t\t<img loading=\"lazy\" decoding=\"async\" width=\"1280\" height=\"567\" src=\"https:\/\/bewehrungstechnik.ch\/wp-content\/uploads\/ACILIST-Bild.jpg\" class=\"aspect-[301\/114] object-cover\" alt=\"\" srcset=\"https:\/\/bewehrungstechnik.ch\/wp-content\/uploads\/ACILIST-Bild.jpg 1280w, https:\/\/bewehrungstechnik.ch\/wp-content\/uploads\/ACILIST-Bild-300x133.jpg 300w, https:\/\/bewehrungstechnik.ch\/wp-content\/uploads\/ACILIST-Bild-1024x454.jpg 1024w, https:\/\/bewehrungstechnik.ch\/wp-content\/uploads\/ACILIST-Bild-768x340.jpg 768w, https:\/\/bewehrungstechnik.ch\/wp-content\/uploads\/ACILIST-Bild-436x193.jpg 436w, https:\/\/bewehrungstechnik.ch\/wp-content\/uploads\/ACILIST-Bild-550x244.jpg 550w\" sizes=\"auto, (max-width: 1280px) 100vw, 1280px\" \/>\t\t\t\t\t<\/div>\n\t\t\t\t\t<p class=\"headline headline--small mt-2 mb-0 transition-all group-hover:text-white\">ACILIST<\/p>\n\t\t\t\t\t<p class=\"mt-2 leading-1.3 mb-0\">Etablir de mani\u00e8re simple et rapide des listes de commande de Technique d\u2019armature<\/p>\n\t\t\t\t<\/a>\n\t\t\t<\/div>\t\n\t\t\t\t\t\t\t\t\t\t\t\t\t\t<div class=\"col-span-12 sm:col-span-6 md:col-span-3 \">\n\t\t\t\t<a href=\"https:\/\/bewehrungstechnik.ch\/fr\/tools\/tabelle-coulissante-de-faconnage\/\" class=\"group h-full block p-4 border border-gray border-l-primary border-l-[8px] no-underline text-gray-dark transition-all hover:no-underline hover:text-white hover:bg-primary hover:border-primary\" >\n\t\t\t\t\t<div class=\"\">\n\t\t\t\t\t\t<img loading=\"lazy\" decoding=\"async\" width=\"2560\" height=\"1020\" src=\"https:\/\/bewehrungstechnik.ch\/wp-content\/uploads\/Datenschieber_Header_1607x640px-scaled-1.webp\" class=\"aspect-[301\/114] object-cover\" alt=\"\" srcset=\"https:\/\/bewehrungstechnik.ch\/wp-content\/uploads\/Datenschieber_Header_1607x640px-scaled-1.webp 2560w, https:\/\/bewehrungstechnik.ch\/wp-content\/uploads\/Datenschieber_Header_1607x640px-scaled-1-300x120.webp 300w, https:\/\/bewehrungstechnik.ch\/wp-content\/uploads\/Datenschieber_Header_1607x640px-scaled-1-1024x408.webp 1024w, https:\/\/bewehrungstechnik.ch\/wp-content\/uploads\/Datenschieber_Header_1607x640px-scaled-1-768x306.webp 768w, https:\/\/bewehrungstechnik.ch\/wp-content\/uploads\/Datenschieber_Header_1607x640px-scaled-1-1536x612.webp 1536w, https:\/\/bewehrungstechnik.ch\/wp-content\/uploads\/Datenschieber_Header_1607x640px-scaled-1-2048x816.webp 2048w, https:\/\/bewehrungstechnik.ch\/wp-content\/uploads\/Datenschieber_Header_1607x640px-scaled-1-436x174.webp 436w, https:\/\/bewehrungstechnik.ch\/wp-content\/uploads\/Datenschieber_Header_1607x640px-scaled-1-550x219.webp 550w\" sizes=\"auto, (max-width: 2560px) 100vw, 2560px\" \/>\t\t\t\t\t<\/div>\n\t\t\t\t\t<p class=\"headline headline--small mt-2 mb-0 transition-all group-hover:text-white\">Tabelle num\u00e9rique de fa\u00e7onnage<\/p>\n\t\t\t\t\t<p class=\"mt-2 leading-1.3 mb-0\">Longueurs de recouvrement et d\u2019ancrage, ainsi que dimensions minimales des formes de pliage \u2013 calcul\u00e9es num\u00e9riquement selon la nouvelle norme SIA 262 (2025)<\/p>\n\t\t\t\t<\/a>\n\t\t\t<\/div>\t\n\t\t\t\t\t\t\t<\/div>\n\t<\/div>\n<\/div>\n\n<\/div>","protected":false},"excerpt":{"rendered":"","protected":false},"author":9,"featured_media":0,"parent":0,"menu_order":0,"comment_status":"closed","ping_status":"closed","template":"","meta":{"_acf_changed":false,"footnotes":""},"class_list":["post-10573","page","type-page","status-publish",""],"acf":[],"yoast_head":"<!-- This site is optimized with the Yoast SEO plugin v27.3 - https:\/\/yoast.com\/product\/yoast-seo-wordpress\/ -->\n<title>Tools - Bewehrungstechnik<\/title>\n<meta name=\"robots\" content=\"index, follow, max-snippet:-1, max-image-preview:large, max-video-preview:-1\" \/>\n<link rel=\"canonical\" href=\"https:\/\/bewehrungstechnik.ch\/fr\/tools\/\" \/>\n<meta property=\"og:locale\" content=\"fr_FR\" \/>\n<meta property=\"og:type\" content=\"article\" \/>\n<meta property=\"og:title\" content=\"Tools - Bewehrungstechnik\" \/>\n<meta property=\"og:url\" content=\"https:\/\/bewehrungstechnik.ch\/fr\/tools\/\" \/>\n<meta property=\"og:site_name\" content=\"Bewehrungstechnik\" \/>\n<meta property=\"article:modified_time\" content=\"2025-10-30T16:25:26+00:00\" \/>\n<meta name=\"twitter:card\" content=\"summary_large_image\" \/>\n<script type=\"application\/ld+json\" class=\"yoast-schema-graph\">{\"@context\":\"https:\\\/\\\/schema.org\",\"@graph\":[{\"@type\":\"WebPage\",\"@id\":\"https:\\\/\\\/bewehrungstechnik.ch\\\/fr\\\/tools\\\/\",\"url\":\"https:\\\/\\\/bewehrungstechnik.ch\\\/fr\\\/tools\\\/\",\"name\":\"Tools - Bewehrungstechnik\",\"isPartOf\":{\"@id\":\"https:\\\/\\\/bewehrungstechnik.ch\\\/fr\\\/#website\"},\"datePublished\":\"2024-12-17T12:14:54+00:00\",\"dateModified\":\"2025-10-30T16:25:26+00:00\",\"breadcrumb\":{\"@id\":\"https:\\\/\\\/bewehrungstechnik.ch\\\/fr\\\/tools\\\/#breadcrumb\"},\"inLanguage\":\"fr-FR\",\"potentialAction\":[{\"@type\":\"ReadAction\",\"target\":[\"https:\\\/\\\/bewehrungstechnik.ch\\\/fr\\\/tools\\\/\"]}]},{\"@type\":\"BreadcrumbList\",\"@id\":\"https:\\\/\\\/bewehrungstechnik.ch\\\/fr\\\/tools\\\/#breadcrumb\",\"itemListElement\":[{\"@type\":\"ListItem\",\"position\":1,\"name\":\"Home\",\"item\":\"https:\\\/\\\/bewehrungstechnik.ch\\\/fr\\\/\"},{\"@type\":\"ListItem\",\"position\":2,\"name\":\"Tools\"}]},{\"@type\":\"WebSite\",\"@id\":\"https:\\\/\\\/bewehrungstechnik.ch\\\/fr\\\/#website\",\"url\":\"https:\\\/\\\/bewehrungstechnik.ch\\\/fr\\\/\",\"name\":\"Bewehrungstechnik\",\"description\":\"Just another WordPress site\",\"publisher\":{\"@id\":\"https:\\\/\\\/bewehrungstechnik.ch\\\/fr\\\/#organization\"},\"potentialAction\":[{\"@type\":\"SearchAction\",\"target\":{\"@type\":\"EntryPoint\",\"urlTemplate\":\"https:\\\/\\\/bewehrungstechnik.ch\\\/fr\\\/?s={search_term_string}\"},\"query-input\":{\"@type\":\"PropertyValueSpecification\",\"valueRequired\":true,\"valueName\":\"search_term_string\"}}],\"inLanguage\":\"fr-FR\"},{\"@type\":\"Organization\",\"@id\":\"https:\\\/\\\/bewehrungstechnik.ch\\\/fr\\\/#organization\",\"name\":\"Bewehrungstechnik\",\"url\":\"https:\\\/\\\/bewehrungstechnik.ch\\\/fr\\\/\",\"logo\":{\"@type\":\"ImageObject\",\"inLanguage\":\"fr-FR\",\"@id\":\"https:\\\/\\\/bewehrungstechnik.ch\\\/fr\\\/#\\\/schema\\\/logo\\\/image\\\/\",\"url\":\"https:\\\/\\\/bewehrungstechnik.ch\\\/wp-content\\\/uploads\\\/2021\\\/03\\\/logo.svg\",\"contentUrl\":\"https:\\\/\\\/bewehrungstechnik.ch\\\/wp-content\\\/uploads\\\/2021\\\/03\\\/logo.svg\",\"width\":436,\"height\":436,\"caption\":\"Bewehrungstechnik\"},\"image\":{\"@id\":\"https:\\\/\\\/bewehrungstechnik.ch\\\/fr\\\/#\\\/schema\\\/logo\\\/image\\\/\"}}]}<\/script>\n<!-- \/ Yoast SEO plugin. -->","yoast_head_json":{"title":"Tools - Bewehrungstechnik","robots":{"index":"index","follow":"follow","max-snippet":"max-snippet:-1","max-image-preview":"max-image-preview:large","max-video-preview":"max-video-preview:-1"},"canonical":"https:\/\/bewehrungstechnik.ch\/fr\/tools\/","og_locale":"fr_FR","og_type":"article","og_title":"Tools - Bewehrungstechnik","og_url":"https:\/\/bewehrungstechnik.ch\/fr\/tools\/","og_site_name":"Bewehrungstechnik","article_modified_time":"2025-10-30T16:25:26+00:00","twitter_card":"summary_large_image","schema":{"@context":"https:\/\/schema.org","@graph":[{"@type":"WebPage","@id":"https:\/\/bewehrungstechnik.ch\/fr\/tools\/","url":"https:\/\/bewehrungstechnik.ch\/fr\/tools\/","name":"Tools - Bewehrungstechnik","isPartOf":{"@id":"https:\/\/bewehrungstechnik.ch\/fr\/#website"},"datePublished":"2024-12-17T12:14:54+00:00","dateModified":"2025-10-30T16:25:26+00:00","breadcrumb":{"@id":"https:\/\/bewehrungstechnik.ch\/fr\/tools\/#breadcrumb"},"inLanguage":"fr-FR","potentialAction":[{"@type":"ReadAction","target":["https:\/\/bewehrungstechnik.ch\/fr\/tools\/"]}]},{"@type":"BreadcrumbList","@id":"https:\/\/bewehrungstechnik.ch\/fr\/tools\/#breadcrumb","itemListElement":[{"@type":"ListItem","position":1,"name":"Home","item":"https:\/\/bewehrungstechnik.ch\/fr\/"},{"@type":"ListItem","position":2,"name":"Tools"}]},{"@type":"WebSite","@id":"https:\/\/bewehrungstechnik.ch\/fr\/#website","url":"https:\/\/bewehrungstechnik.ch\/fr\/","name":"Bewehrungstechnik","description":"Just another WordPress site","publisher":{"@id":"https:\/\/bewehrungstechnik.ch\/fr\/#organization"},"potentialAction":[{"@type":"SearchAction","target":{"@type":"EntryPoint","urlTemplate":"https:\/\/bewehrungstechnik.ch\/fr\/?s={search_term_string}"},"query-input":{"@type":"PropertyValueSpecification","valueRequired":true,"valueName":"search_term_string"}}],"inLanguage":"fr-FR"},{"@type":"Organization","@id":"https:\/\/bewehrungstechnik.ch\/fr\/#organization","name":"Bewehrungstechnik","url":"https:\/\/bewehrungstechnik.ch\/fr\/","logo":{"@type":"ImageObject","inLanguage":"fr-FR","@id":"https:\/\/bewehrungstechnik.ch\/fr\/#\/schema\/logo\/image\/","url":"https:\/\/bewehrungstechnik.ch\/wp-content\/uploads\/2021\/03\/logo.svg","contentUrl":"https:\/\/bewehrungstechnik.ch\/wp-content\/uploads\/2021\/03\/logo.svg","width":436,"height":436,"caption":"Bewehrungstechnik"},"image":{"@id":"https:\/\/bewehrungstechnik.ch\/fr\/#\/schema\/logo\/image\/"}}]}},"_links":{"self":[{"href":"https:\/\/bewehrungstechnik.ch\/fr\/wp-json\/wp\/v2\/pages\/10573","targetHints":{"allow":["GET"]}}],"collection":[{"href":"https:\/\/bewehrungstechnik.ch\/fr\/wp-json\/wp\/v2\/pages"}],"about":[{"href":"https:\/\/bewehrungstechnik.ch\/fr\/wp-json\/wp\/v2\/types\/page"}],"author":[{"embeddable":true,"href":"https:\/\/bewehrungstechnik.ch\/fr\/wp-json\/wp\/v2\/users\/9"}],"replies":[{"embeddable":true,"href":"https:\/\/bewehrungstechnik.ch\/fr\/wp-json\/wp\/v2\/comments?post=10573"}],"version-history":[{"count":1,"href":"https:\/\/bewehrungstechnik.ch\/fr\/wp-json\/wp\/v2\/pages\/10573\/revisions"}],"predecessor-version":[{"id":11230,"href":"https:\/\/bewehrungstechnik.ch\/fr\/wp-json\/wp\/v2\/pages\/10573\/revisions\/11230"}],"wp:attachment":[{"href":"https:\/\/bewehrungstechnik.ch\/fr\/wp-json\/wp\/v2\/media?parent=10573"}],"curies":[{"name":"wp","href":"https:\/\/api.w.org\/{rel}","templated":true}]}}