{"id":11333,"date":"2025-11-07T10:24:18","date_gmt":"2025-11-07T10:24:18","guid":{"rendered":"https:\/\/bewehrungstechnik.ch\/demande-de-tabelles-et-de-formation-sur-la-nouvelle-norme-sia\/"},"modified":"2025-11-13T13:30:43","modified_gmt":"2025-11-13T13:30:43","slug":"demande-de-tabelles-et-de-formation-sur-la-nouvelle-norme-sia","status":"publish","type":"page","link":"https:\/\/bewehrungstechnik.ch\/fr\/demande-de-tabelles-et-de-formation-sur-la-nouvelle-norme-sia\/","title":{"rendered":"Demande de tabelles et de formation sur la nouvelle norme SIA"},"content":{"rendered":"\n<figure class=\"wp-block-image size-large is-style-default\"><img loading=\"lazy\" decoding=\"async\" width=\"1024\" height=\"408\" src=\"https:\/\/bewehrungstechnik.ch\/wp-content\/uploads\/Bild_Schieber-3-1024x408.jpg\" alt=\"\" class=\"wp-image-10664\" srcset=\"https:\/\/bewehrungstechnik.ch\/wp-content\/uploads\/Bild_Schieber-3-1024x408.jpg 1024w, https:\/\/bewehrungstechnik.ch\/wp-content\/uploads\/Bild_Schieber-3-300x119.jpg 300w, https:\/\/bewehrungstechnik.ch\/wp-content\/uploads\/Bild_Schieber-3-768x306.jpg 768w, https:\/\/bewehrungstechnik.ch\/wp-content\/uploads\/Bild_Schieber-3-1536x612.jpg 1536w, https:\/\/bewehrungstechnik.ch\/wp-content\/uploads\/Bild_Schieber-3-2048x816.jpg 2048w, https:\/\/bewehrungstechnik.ch\/wp-content\/uploads\/Bild_Schieber-3-436x174.jpg 436w, https:\/\/bewehrungstechnik.ch\/wp-content\/uploads\/Bild_Schieber-3-550x219.jpg 550w\" sizes=\"auto, (max-width: 1024px) 100vw, 1024px\" \/><\/figure>\n\n\n\n      <p id=\"block_8dd975bead48ccf2176bfaf416168601\" class=\"c-title mt-0 mb-6 lg:mb-17 alignwidetext-left l-block\"  >\n  \n  Demande \u2013 Tabelles et formation<\/p>\n\n\n<p><p class=\"x_x_MsoNormal\"><span data-olk-copy-source=\"MessageBody\">La\u00a0<b>norme SIA 262<\/b>\u00a0r\u00e9vis\u00e9e pour l&rsquo;acier d&rsquo;armature est entr\u00e9e en vigueur le 1er novembre 2025. Les principales nouveaut\u00e9s concernent les rayons de pliage ainsi que les longueurs de recouvrement et d&rsquo;ancrage, qui ont \u00e9t\u00e9 partiellement allong\u00e9es afin de garantir un transfert de force s\u00fbr. En outre, les sp\u00e9cifications relatives aux formes et aux pliages ont \u00e9t\u00e9 clarifi\u00e9es.<\/span><\/p><br\/><p class=\"x_x_MsoNormal\">Ces adaptations am\u00e9liorent les pratiques d&rsquo;ex\u00e9cution et renforcent la s\u00e9curit\u00e9 ainsi que la conformit\u00e9 aux normes europ\u00e9ennes.<\/p><br\/><p class=\"x_x_MsoNormal\">Ces nouveaut\u00e9s ont un impact direct sur la projection, l&rsquo;ex\u00e9cution et l&rsquo;assurance qualit\u00e9. Une formation permet d&rsquo;\u00e9viter les incertitudes et d&rsquo;appliquer la norme SIA r\u00e9vis\u00e9e de mani\u00e8re s\u00fbre et pratique.<\/p><br\/><p class=\"x_x_MsoNormal\">Nous nous ferons un plaisir de venir vous former personnellement dans vos locaux.<\/p><br\/><p class=\"x_x_MsoNormal\">Inscrivez-vous d\u00e8s maintenant afin d&rsquo;\u00eatre pr\u00eat \u00e0 temps et de mettre en \u0153uvre vos projets conform\u00e9ment \u00e0 la norme actuelle.<\/p><\/p>\n\n\n<!-- HTML Forms v1.6.4 - https:\/\/wordpress.org\/plugins\/html-forms\/ -->\n<form method=\"post\"  class=\"hf-form hf-form-10527 \" data-id=\"10527\" data-title=\"Anfrage - Schieber und Schulung SIA-Norm - FRANZ\" data-slug=\"anfrage-schieber-und-schulung-sia-norm-franz-2\" data-message-success=\"Merci beaucoup ! Nous vous contacterons sous peu.\" data-message-invalid-email=\"D\u00e9sol\u00e9, mais l\u2019adresse e-mail semble invalide.\" data-message-required-field-missing=\"Veuillez remplir les champs obligatoires.\" data-message-error=\"Oups. Une erreur s\u2019est produite.\" data-message-recaptcha-failed=\"reCAPTCHA verification failed. Please try again.\" data-message-recaptcha-low-score=\"Your submission appears to be spam. Please try again.\"><input type=\"hidden\" name=\"_hf_form_id\" value=\"10527\" \/><div style=\"display: none;\"><input type=\"text\" name=\"_hf_h10527\" value=\"\" \/><\/div><div class=\"hf-fields-wrap\"><div class=\"js-collapse md:grid md:grid-cols-10 md:gap-x-10 mb-8 md:mb-0\" data-collapse-parameters='{\"toggleClass\":\"text-black text-primary\",\"toggleIconClass\":\"c-icon--minus-square c-icon--plus-square\",\"targetClass\":\"hidden block\"}'>\r\n\t<div class=\"js-collapse__toggle md:col-span-3 md:pointer-events-none flex items-center md:block text-18 font-bold leading-snug transition-colors md:transition-none cursor-pointer md:cursor-auto cursor-pointer text-black md:text-black\">\r\n\t\t<div class=\"md:hidden mr-5 text-0 self-start\">\r\n\t\t\t<i class=\"js-collapse__toggle-icon c-icon c-icon--plus-square text-28\"><\/i>\r\n\t\t<\/div>\r\n\t\tDonn\u00e9es personnelles\r\n\t<\/div>\r\n\t<div class=\"js-collapse__target col-span-7 hidden md:block\">\r\n\t\t<div class=\"border-l md:border-0 border-primary pl-4 md:pl-0 mt-4 md:mt-0 sm:grid grid-cols-12 sm:gap-x-4 md:gap-x-8 sm:gap-y-4 md:gap-y-10 space-y-4 sm:space-y-0\">\r\n\t\t\t<div class=\"col-span-6 lg:col-span-4 xl:col-span-2\">\r\n\t\t\t\t<label class=\"c-form-label\" for=\"contact-form-salutation\">Civilit\u00e9<\/label>\r\n\t\t\t\t<select class=\"c-form-select\" name=\"salutation\" id=\"contact-form-salutation\">\r\n\t\t\t\t\t<option value=\"Frau\">Madame<\/option>\r\n\t\t\t\t\t<option value=\"Herr\">Monsieur<\/option>\r\n\t\t\t\t<\/select>\r\n\t\t\t<\/div>\r\n\t\t\t<div class=\"col-span-6 lg:col-span-4 xl:col-span-5\">\r\n\t\t\t\t<label class=\"c-form-label\" for=\"contact-form-first-name\">Pr\u00e9nom *<\/label>\r\n\t\t\t\t<input class=\"c-form-input\" type=\"text\" name=\"first_name\" placeholder=\"Saisir le pr\u00e9nom\" id=\"contact-form-first-name\" required \/>\r\n\t\t\t<\/div>\r\n\t\t\t<div class=\"col-span-6 lg:col-span-4 xl:col-span-5\">\r\n\t\t\t\t<label class=\"c-form-label\" for=\"contact-form-last-name\">Nom *<\/label>\r\n\t\t\t\t<input class=\"c-form-input\" type=\"text\" name=\"last_name\" placeholder=\"Saisir le nom\" id=\"contact-form-last-name\" required \/>\r\n\t\t\t<\/div>\r\n\t\t\t<div class=\"col-span-6 lg:col-span-4\">\r\n\t\t\t\t<label class=\"c-form-label\" for=\"contact-form-company_name\">Entreprise *<\/label>\r\n\t\t\t\t<input class=\"c-form-input\" type=\"text\" name=\"company_name\" placeholder=\"Saisir l\u2019entreprise\" id=\"contact-form-company_name\" required \/>\r\n\t\t\t<\/div>\r\n\t\t\t<div class=\"col-span-6 lg:col-span-4\">\r\n\t\t\t\t<label class=\"c-form-label\" for=\"contact-form-function\">Fonction *<\/label>\r\n\t\t\t\t<input class=\"c-form-input\" type=\"text\" name=\"function\" placeholder=\"Saisir la fonction\" id=\"contact-form-function\" required \/>\r\n\t\t\t<\/div>\r\n\t\t\t<div class=\"col-span-6 lg:col-span-4\">\r\n\t\t\t\t<label class=\"c-form-label\" for=\"contact-form-position\">Poste<\/label>\r\n\t\t\t\t<input class=\"c-form-input\" type=\"text\" name=\"position\" placeholder=\"Saisir le poste\" id=\"contact-form-position\" \/>\r\n\t\t\t<\/div>\r\n\t\t<\/div>\r\n\t<\/div>\r\n<\/div>\r\n\r\n<div class=\"hidden md:block h-px bg-gray mt-18 mb-14\"><\/div>\r\n\r\n<div class=\"js-collapse md:grid md:grid-cols-10 md:gap-x-10 mb-8 md:mb-0\" data-collapse-parameters='{\"toggleClass\":\"text-black text-primary\",\"toggleIconClass\":\"c-icon--minus-square c-icon--plus-square\",\"targetClass\":\"hidden block\"}'>\r\n\t<div class=\"js-collapse__toggle md:col-span-3 md:pointer-events-none flex items-center md:block text-18 font-bold leading-snug transition-colors md:transition-none cursor-pointer md:cursor-auto cursor-pointer text-black md:text-black\">\r\n\t\t<div class=\"md:hidden mr-5 text-0 self-start\">\r\n\t\t\t<i class=\"js-collapse__toggle-icon c-icon c-icon--plus-square text-28\"><\/i>\r\n\t\t<\/div>\r\n\t\tCoordonn\u00e9es\r\n\t<\/div>\r\n\t<div class=\"js-collapse__target col-span-7 hidden md:block\">\r\n\t\t<div class=\"border-l md:border-0 border-primary pl-4 md:pl-0 mt-4 md:mt-0 sm:grid grid-cols-12 sm:gap-x-4 md:gap-x-8 sm:gap-y-4 md:gap-y-10 space-y-4 sm:space-y-0\">\r\n\t\t\t<div class=\"col-span-6\">\r\n\t\t\t\t<label class=\"c-form-label\" for=\"contact-form-phone-number\">Num\u00e9ro de t\u00e9l\u00e9phone<\/label>\r\n\t\t\t\t<input class=\"c-form-input\" type=\"text\" name=\"phone_number\" placeholder=\"Saisir le num\u00e9ro de t\u00e9l\u00e9phone\" id=\"contact-form-phone-number\" \/>\r\n\r\n\t\t\t<\/div>\r\n\t\t\t<div class=\"col-span-6\">\r\n\t\t\t\t<label class=\"c-form-label\" for=\"contact-form-email-address\">E-mail *<\/label>\r\n\t\t\t\t<input class=\"c-form-input\" type=\"email\" name=\"email_address\" placeholder=\"Saisir l\u2019e-mail\" id=\"contact-form-email-address\" required \/>\r\n\t\t\t<\/div>\r\n\t\t<\/div>\r\n\t<\/div>\r\n<\/div>\r\n\r\n<div class=\"hidden md:block h-px bg-gray mt-18 mb-14\"><\/div>\r\n\r\n<div class=\"js-collapse md:grid md:grid-cols-10 md:gap-x-10 mb-8 md:mb-0\" data-collapse-parameters='{\"toggleClass\":\"text-black text-primary\",\"toggleIconClass\":\"c-icon--minus-square c-icon--plus-square\",\"targetClass\":\"hidden block\"}'>\r\n\t<div class=\"js-collapse__toggle md:col-span-3 md:pointer-events-none flex items-center md:block text-18 font-bold leading-snug transition-colors md:transition-none cursor-pointer md:cursor-auto cursor-pointer text-black md:text-black\">\r\n\t\t<div class=\"md:hidden mr-5 text-0 self-start\">\r\n\t\t\t<i class=\"js-collapse__toggle-icon c-icon c-icon--plus-square text-28\"><\/i>\r\n\t\t<\/div>\r\n\t\tAdresse\r\n\t<\/div>\r\n\t<div class=\"js-collapse__target col-span-7 hidden md:block\">\r\n\t\t<div class=\"border-l md:border-0 border-primary pl-4 md:pl-0 mt-4 md:mt-0 sm:grid grid-cols-12 sm:gap-x-4 md:gap-x-8 sm:gap-y-4 md:gap-y-10 space-y-4 sm:space-y-0\">\r\n\t\t\t<div class=\"col-span-6 lg:col-span-8\">\r\n\t\t\t\t<label class=\"c-form-label\" for=\"contact-form-street-no\">Rue \/ N\u00b0<\/label>\r\n\t\t\t\t<input class=\"c-form-input\" type=\"text\" name=\"street_no\" placeholder=\"Saisir la rue \/ n\u00b0\" id=\"contact-form-street-no\" \/>\r\n\t\t\t<\/div>\r\n\t\t\t<div class=\"col-span-6 lg:col-span-4\">\r\n\t\t\t\t<label class=\"c-form-label\" for=\"contact-form-country\">Pays<\/label>\r\n\t\t\t\t<select class=\"c-form-select\" name=\"country\" id=\"contact-form-country\">\r\n\t\t\t\t\t<option value=\"\">S\u00e9lectionner un pays<\/option>\r\n\t\t\t\t\t<option value=\"Suisse\">Suisse<\/option>\r\n\t\t\t\t\t<option value=\"Liechtenstein\">Liechtenstein<\/option>\r\n\t\t\t\t\t<option value=\"Italie\">Italie<\/option>\r\n\t\t\t\t\t<option value=\"Allemagne\">Allemagne<\/option>\r\n\t\t\t\t\t<option value=\"France\">France<\/option>\r\n\t\t\t\t<\/select>\r\n\t\t\t<\/div>\r\n\t\t\t<div class=\"col-span-6 lg:col-span-8\">\r\n\t\t\t\t<label class=\"c-form-label\" for=\"contact-form-postal-code\">NPA *<\/label>\r\n\t\t\t\t<input class=\"c-form-input\" type=\"text\" name=\"postal_code\" placeholder=\"Saisir le code postal\" id=\"contact-form-postal-code\" required \/>\r\n\t\t\t<\/div>\r\n\t\t\t<div class=\"col-span-6 lg:col-span-4\">\r\n\t\t\t\t<label class=\"c-form-label\" for=\"contact-form-place\">Localit\u00e9 *<\/label>\r\n\t\t\t\t<input class=\"c-form-input\" type=\"text\" name=\"place\" placeholder=\"Saisir la localit\u00e9\" id=\"contact-form-place\" required \/>\r\n\t\t\t<\/div>\r\n\t\t<\/div>\r\n\t<\/div>\r\n<\/div>\r\n\r\n<div class=\"hidden md:block h-px bg-gray mt-18 mb-14\"><\/div>\r\n\r\n<!-- S\u00e9lection formation ou commande -->\r\n<div class=\"js-collapse md:grid md:grid-cols-10 md:gap-x-10 mb-8 md:mb-0\">\r\n\t<div class=\"js-collapse__toggle md:col-span-3 md:pointer-events-none flex items-center md:block text-18 font-bold leading-snug transition-colors md:transition-none cursor-pointer md:cursor-auto text-black\">\r\n\t\t<div class=\"md:hidden mr-5 text-0 self-start\">\r\n\t\t\t<i class=\"js-collapse__toggle-icon c-icon c-icon--plus-square text-28\"><\/i>\r\n\t\t<\/div>\r\n\t\tOption de participation\r\n\t<\/div>\r\n\t<div class=\"js-collapse__target col-span-7 hidden md:block\">\r\n\t\t<div class=\"border-l md:border-0 border-primary pl-4 md:pl-0 mt-4 md:mt-0 space-y-6\">\r\n\t\t\t<div>\r\n\t\t\t\t<label class=\"c-form-label\" for=\"teilnahme_art\">Je souhaite *<\/label>\r\n\t\t\t\t<select class=\"c-form-select\" name=\"teilnahme_art\" id=\"teilnahme_art\" onchange=\"toggleTeilnehmerzahl()\" required \/>\r\n\t\t\t\t\t<option value=\"\">Veuillez s\u00e9lectionner<\/option>\r\n\t\t\t\t\t<option value=\"schulung\">Tabelles de fa\u00e7onnage avec formation sur place<\/option>\r\n\t\t\t\t\t<option value=\"bestellung\">Commander uniquement des tabelles de fa\u00e7onnage<\/option>\r\n\t\t\t\t<\/select>\r\n\t\t\t<\/div>\r\n\r\n\t\t\t<div id=\"teilnehmerzahl_feld\" class=\"hidden\">\r\n\t\t\t\t<label class=\"c-form-label\" for=\"teilnehmeranzahl\">Nombre de participants (uniquement pour la formation)<\/label>\r\n\t\t\t\t<input class=\"c-form-input\" type=\"number\" name=\"teilnehmeranzahl\" min=\"1\" placeholder=\"Saisir le nombre\" id=\"teilnehmeranzahl\" \/>\r\n\t\t\t<\/div>\r\n\r\n\t\t\t<div>\r\n\t\t\t\t<label class=\"c-form-label\" for=\"bestellmenge\">Quantit\u00e9 command\u00e9e de guides d\u2019armature<\/label>\r\n\t\t\t\t<input class=\"c-form-input\" type=\"number\" name=\"bestellmenge\" min=\"0\" placeholder=\"Saisir la quantit\u00e9\" id=\"bestellmenge\" \/>\r\n\t\t\t<\/div>\r\n\t\t<\/div>\r\n\t<\/div>\r\n<\/div>\r\n\r\n<!-- Bouton d\u2019envoi -->\r\n<div class=\"mt-10\">\r\n\t<button class=\"c-btn c-btn--primary c-btn--icon w-full justify-center\" type=\"submit\">\r\n\t\tEnvoyer\r\n\t\t<i class=\"c-icon c-icon--arrow-right-solid text-10 ml-4\"><\/i>\r\n\t<\/button>\r\n<\/div>\r\n\r\n<script>\r\n\tfunction toggleTeilnehmerzahl() {\r\n\t\tconst auswahl = document.getElementById('teilnahme_art').value;\r\n\t\tconst feld = document.getElementById('teilnehmerzahl_feld');\r\n\t\tif (auswahl === 'schulung') {\r\n\t\t\tfeld.classList.remove('hidden');\r\n\t\t} else {\r\n\t\t\tfeld.classList.add('hidden');\r\n\t\t}\r\n\t}\r\n<\/script>\r\n<noscript>Please enable JavaScript for this form to work.<\/noscript><\/div><\/form><!-- \/ HTML Forms -->\n\n\n<p><\/p>\n","protected":false},"excerpt":{"rendered":"<p>La\u00a0norme SIA 262\u00a0r\u00e9vis\u00e9e pour l&rsquo;acier d&rsquo;armature est entr\u00e9e en vigueur le 1er novembre 2025. Les principales nouveaut\u00e9s concernent les rayons de pliage ainsi que les longueurs de recouvrement et d&rsquo;ancrage, qui ont \u00e9t\u00e9 partiellement allong\u00e9es afin de garantir un transfert de force s\u00fbr. En outre, les sp\u00e9cifications relatives aux formes et aux pliages ont \u00e9t\u00e9 [&hellip;]<\/p>\n","protected":false},"author":18,"featured_media":10660,"parent":0,"menu_order":0,"comment_status":"closed","ping_status":"closed","template":"","meta":{"_acf_changed":false,"footnotes":""},"class_list":["post-11333","page","type-page","status-publish","has-post-thumbnail",""],"acf":[],"yoast_head":"<!-- This site is optimized with the Yoast SEO plugin v27.3 - https:\/\/yoast.com\/product\/yoast-seo-wordpress\/ -->\n<title>Demande de tabelles et de formation sur la nouvelle norme SIA - Bewehrungstechnik<\/title>\n<meta name=\"robots\" content=\"index, follow, max-snippet:-1, max-image-preview:large, max-video-preview:-1\" \/>\n<link rel=\"canonical\" href=\"https:\/\/bewehrungstechnik.ch\/fr\/demande-de-tabelles-et-de-formation-sur-la-nouvelle-norme-sia\/\" \/>\n<meta property=\"og:locale\" content=\"fr_FR\" \/>\n<meta property=\"og:type\" content=\"article\" \/>\n<meta property=\"og:title\" content=\"Demande de tabelles et de formation sur la nouvelle norme SIA - Bewehrungstechnik\" \/>\n<meta property=\"og:description\" content=\"La\u00a0norme SIA 262\u00a0r\u00e9vis\u00e9e pour l&rsquo;acier d&rsquo;armature est entr\u00e9e en vigueur le 1er novembre 2025. Les principales nouveaut\u00e9s concernent les rayons de pliage ainsi que les longueurs de recouvrement et d&rsquo;ancrage, qui ont \u00e9t\u00e9 partiellement allong\u00e9es afin de garantir un transfert de force s\u00fbr. En outre, les sp\u00e9cifications relatives aux formes et aux pliages ont \u00e9t\u00e9 [&hellip;]\" \/>\n<meta property=\"og:url\" content=\"https:\/\/bewehrungstechnik.ch\/fr\/demande-de-tabelles-et-de-formation-sur-la-nouvelle-norme-sia\/\" \/>\n<meta property=\"og:site_name\" content=\"Bewehrungstechnik\" \/>\n<meta property=\"article:modified_time\" content=\"2025-11-13T13:30:43+00:00\" \/>\n<meta property=\"og:image\" content=\"https:\/\/bewehrungstechnik.ch\/wp-content\/uploads\/Bild_Schieber-2-scaled.jpg\" \/>\n\t<meta property=\"og:image:width\" content=\"2560\" \/>\n\t<meta property=\"og:image:height\" content=\"1020\" \/>\n\t<meta property=\"og:image:type\" content=\"image\/jpeg\" \/>\n<meta name=\"twitter:card\" content=\"summary_large_image\" \/>\n<script type=\"application\/ld+json\" class=\"yoast-schema-graph\">{\"@context\":\"https:\\\/\\\/schema.org\",\"@graph\":[{\"@type\":\"WebPage\",\"@id\":\"https:\\\/\\\/bewehrungstechnik.ch\\\/fr\\\/demande-de-tabelles-et-de-formation-sur-la-nouvelle-norme-sia\\\/\",\"url\":\"https:\\\/\\\/bewehrungstechnik.ch\\\/fr\\\/demande-de-tabelles-et-de-formation-sur-la-nouvelle-norme-sia\\\/\",\"name\":\"Demande de tabelles et de formation sur la nouvelle norme SIA - Bewehrungstechnik\",\"isPartOf\":{\"@id\":\"https:\\\/\\\/bewehrungstechnik.ch\\\/fr\\\/#website\"},\"primaryImageOfPage\":{\"@id\":\"https:\\\/\\\/bewehrungstechnik.ch\\\/fr\\\/demande-de-tabelles-et-de-formation-sur-la-nouvelle-norme-sia\\\/#primaryimage\"},\"image\":{\"@id\":\"https:\\\/\\\/bewehrungstechnik.ch\\\/fr\\\/demande-de-tabelles-et-de-formation-sur-la-nouvelle-norme-sia\\\/#primaryimage\"},\"thumbnailUrl\":\"https:\\\/\\\/bewehrungstechnik.ch\\\/wp-content\\\/uploads\\\/Bild_Schieber-2-scaled.jpg\",\"datePublished\":\"2025-11-07T10:24:18+00:00\",\"dateModified\":\"2025-11-13T13:30:43+00:00\",\"breadcrumb\":{\"@id\":\"https:\\\/\\\/bewehrungstechnik.ch\\\/fr\\\/demande-de-tabelles-et-de-formation-sur-la-nouvelle-norme-sia\\\/#breadcrumb\"},\"inLanguage\":\"fr-FR\",\"potentialAction\":[{\"@type\":\"ReadAction\",\"target\":[\"https:\\\/\\\/bewehrungstechnik.ch\\\/fr\\\/demande-de-tabelles-et-de-formation-sur-la-nouvelle-norme-sia\\\/\"]}]},{\"@type\":\"ImageObject\",\"inLanguage\":\"fr-FR\",\"@id\":\"https:\\\/\\\/bewehrungstechnik.ch\\\/fr\\\/demande-de-tabelles-et-de-formation-sur-la-nouvelle-norme-sia\\\/#primaryimage\",\"url\":\"https:\\\/\\\/bewehrungstechnik.ch\\\/wp-content\\\/uploads\\\/Bild_Schieber-2-scaled.jpg\",\"contentUrl\":\"https:\\\/\\\/bewehrungstechnik.ch\\\/wp-content\\\/uploads\\\/Bild_Schieber-2-scaled.jpg\",\"width\":2560,\"height\":1020},{\"@type\":\"BreadcrumbList\",\"@id\":\"https:\\\/\\\/bewehrungstechnik.ch\\\/fr\\\/demande-de-tabelles-et-de-formation-sur-la-nouvelle-norme-sia\\\/#breadcrumb\",\"itemListElement\":[{\"@type\":\"ListItem\",\"position\":1,\"name\":\"Home\",\"item\":\"https:\\\/\\\/bewehrungstechnik.ch\\\/fr\\\/\"},{\"@type\":\"ListItem\",\"position\":2,\"name\":\"Demande de tabelles et de formation sur la nouvelle norme SIA\"}]},{\"@type\":\"WebSite\",\"@id\":\"https:\\\/\\\/bewehrungstechnik.ch\\\/fr\\\/#website\",\"url\":\"https:\\\/\\\/bewehrungstechnik.ch\\\/fr\\\/\",\"name\":\"Bewehrungstechnik\",\"description\":\"Just another WordPress site\",\"publisher\":{\"@id\":\"https:\\\/\\\/bewehrungstechnik.ch\\\/fr\\\/#organization\"},\"potentialAction\":[{\"@type\":\"SearchAction\",\"target\":{\"@type\":\"EntryPoint\",\"urlTemplate\":\"https:\\\/\\\/bewehrungstechnik.ch\\\/fr\\\/?s={search_term_string}\"},\"query-input\":{\"@type\":\"PropertyValueSpecification\",\"valueRequired\":true,\"valueName\":\"search_term_string\"}}],\"inLanguage\":\"fr-FR\"},{\"@type\":\"Organization\",\"@id\":\"https:\\\/\\\/bewehrungstechnik.ch\\\/fr\\\/#organization\",\"name\":\"Bewehrungstechnik\",\"url\":\"https:\\\/\\\/bewehrungstechnik.ch\\\/fr\\\/\",\"logo\":{\"@type\":\"ImageObject\",\"inLanguage\":\"fr-FR\",\"@id\":\"https:\\\/\\\/bewehrungstechnik.ch\\\/fr\\\/#\\\/schema\\\/logo\\\/image\\\/\",\"url\":\"https:\\\/\\\/bewehrungstechnik.ch\\\/wp-content\\\/uploads\\\/2021\\\/03\\\/logo.svg\",\"contentUrl\":\"https:\\\/\\\/bewehrungstechnik.ch\\\/wp-content\\\/uploads\\\/2021\\\/03\\\/logo.svg\",\"width\":436,\"height\":436,\"caption\":\"Bewehrungstechnik\"},\"image\":{\"@id\":\"https:\\\/\\\/bewehrungstechnik.ch\\\/fr\\\/#\\\/schema\\\/logo\\\/image\\\/\"}}]}<\/script>\n<!-- \/ Yoast SEO plugin. -->","yoast_head_json":{"title":"Demande de tabelles et de formation sur la nouvelle norme SIA - Bewehrungstechnik","robots":{"index":"index","follow":"follow","max-snippet":"max-snippet:-1","max-image-preview":"max-image-preview:large","max-video-preview":"max-video-preview:-1"},"canonical":"https:\/\/bewehrungstechnik.ch\/fr\/demande-de-tabelles-et-de-formation-sur-la-nouvelle-norme-sia\/","og_locale":"fr_FR","og_type":"article","og_title":"Demande de tabelles et de formation sur la nouvelle norme SIA - Bewehrungstechnik","og_description":"La\u00a0norme SIA 262\u00a0r\u00e9vis\u00e9e pour l&rsquo;acier d&rsquo;armature est entr\u00e9e en vigueur le 1er novembre 2025. Les principales nouveaut\u00e9s concernent les rayons de pliage ainsi que les longueurs de recouvrement et d&rsquo;ancrage, qui ont \u00e9t\u00e9 partiellement allong\u00e9es afin de garantir un transfert de force s\u00fbr. En outre, les sp\u00e9cifications relatives aux formes et aux pliages ont \u00e9t\u00e9 [&hellip;]","og_url":"https:\/\/bewehrungstechnik.ch\/fr\/demande-de-tabelles-et-de-formation-sur-la-nouvelle-norme-sia\/","og_site_name":"Bewehrungstechnik","article_modified_time":"2025-11-13T13:30:43+00:00","og_image":[{"width":2560,"height":1020,"url":"https:\/\/bewehrungstechnik.ch\/wp-content\/uploads\/Bild_Schieber-2-scaled.jpg","type":"image\/jpeg"}],"twitter_card":"summary_large_image","schema":{"@context":"https:\/\/schema.org","@graph":[{"@type":"WebPage","@id":"https:\/\/bewehrungstechnik.ch\/fr\/demande-de-tabelles-et-de-formation-sur-la-nouvelle-norme-sia\/","url":"https:\/\/bewehrungstechnik.ch\/fr\/demande-de-tabelles-et-de-formation-sur-la-nouvelle-norme-sia\/","name":"Demande de tabelles et de formation sur la nouvelle norme SIA - Bewehrungstechnik","isPartOf":{"@id":"https:\/\/bewehrungstechnik.ch\/fr\/#website"},"primaryImageOfPage":{"@id":"https:\/\/bewehrungstechnik.ch\/fr\/demande-de-tabelles-et-de-formation-sur-la-nouvelle-norme-sia\/#primaryimage"},"image":{"@id":"https:\/\/bewehrungstechnik.ch\/fr\/demande-de-tabelles-et-de-formation-sur-la-nouvelle-norme-sia\/#primaryimage"},"thumbnailUrl":"https:\/\/bewehrungstechnik.ch\/wp-content\/uploads\/Bild_Schieber-2-scaled.jpg","datePublished":"2025-11-07T10:24:18+00:00","dateModified":"2025-11-13T13:30:43+00:00","breadcrumb":{"@id":"https:\/\/bewehrungstechnik.ch\/fr\/demande-de-tabelles-et-de-formation-sur-la-nouvelle-norme-sia\/#breadcrumb"},"inLanguage":"fr-FR","potentialAction":[{"@type":"ReadAction","target":["https:\/\/bewehrungstechnik.ch\/fr\/demande-de-tabelles-et-de-formation-sur-la-nouvelle-norme-sia\/"]}]},{"@type":"ImageObject","inLanguage":"fr-FR","@id":"https:\/\/bewehrungstechnik.ch\/fr\/demande-de-tabelles-et-de-formation-sur-la-nouvelle-norme-sia\/#primaryimage","url":"https:\/\/bewehrungstechnik.ch\/wp-content\/uploads\/Bild_Schieber-2-scaled.jpg","contentUrl":"https:\/\/bewehrungstechnik.ch\/wp-content\/uploads\/Bild_Schieber-2-scaled.jpg","width":2560,"height":1020},{"@type":"BreadcrumbList","@id":"https:\/\/bewehrungstechnik.ch\/fr\/demande-de-tabelles-et-de-formation-sur-la-nouvelle-norme-sia\/#breadcrumb","itemListElement":[{"@type":"ListItem","position":1,"name":"Home","item":"https:\/\/bewehrungstechnik.ch\/fr\/"},{"@type":"ListItem","position":2,"name":"Demande de tabelles et de formation sur la nouvelle norme SIA"}]},{"@type":"WebSite","@id":"https:\/\/bewehrungstechnik.ch\/fr\/#website","url":"https:\/\/bewehrungstechnik.ch\/fr\/","name":"Bewehrungstechnik","description":"Just another WordPress site","publisher":{"@id":"https:\/\/bewehrungstechnik.ch\/fr\/#organization"},"potentialAction":[{"@type":"SearchAction","target":{"@type":"EntryPoint","urlTemplate":"https:\/\/bewehrungstechnik.ch\/fr\/?s={search_term_string}"},"query-input":{"@type":"PropertyValueSpecification","valueRequired":true,"valueName":"search_term_string"}}],"inLanguage":"fr-FR"},{"@type":"Organization","@id":"https:\/\/bewehrungstechnik.ch\/fr\/#organization","name":"Bewehrungstechnik","url":"https:\/\/bewehrungstechnik.ch\/fr\/","logo":{"@type":"ImageObject","inLanguage":"fr-FR","@id":"https:\/\/bewehrungstechnik.ch\/fr\/#\/schema\/logo\/image\/","url":"https:\/\/bewehrungstechnik.ch\/wp-content\/uploads\/2021\/03\/logo.svg","contentUrl":"https:\/\/bewehrungstechnik.ch\/wp-content\/uploads\/2021\/03\/logo.svg","width":436,"height":436,"caption":"Bewehrungstechnik"},"image":{"@id":"https:\/\/bewehrungstechnik.ch\/fr\/#\/schema\/logo\/image\/"}}]}},"_links":{"self":[{"href":"https:\/\/bewehrungstechnik.ch\/fr\/wp-json\/wp\/v2\/pages\/11333","targetHints":{"allow":["GET"]}}],"collection":[{"href":"https:\/\/bewehrungstechnik.ch\/fr\/wp-json\/wp\/v2\/pages"}],"about":[{"href":"https:\/\/bewehrungstechnik.ch\/fr\/wp-json\/wp\/v2\/types\/page"}],"author":[{"embeddable":true,"href":"https:\/\/bewehrungstechnik.ch\/fr\/wp-json\/wp\/v2\/users\/18"}],"replies":[{"embeddable":true,"href":"https:\/\/bewehrungstechnik.ch\/fr\/wp-json\/wp\/v2\/comments?post=11333"}],"version-history":[{"count":9,"href":"https:\/\/bewehrungstechnik.ch\/fr\/wp-json\/wp\/v2\/pages\/11333\/revisions"}],"predecessor-version":[{"id":11576,"href":"https:\/\/bewehrungstechnik.ch\/fr\/wp-json\/wp\/v2\/pages\/11333\/revisions\/11576"}],"wp:featuredmedia":[{"embeddable":true,"href":"https:\/\/bewehrungstechnik.ch\/fr\/wp-json\/wp\/v2\/media\/10660"}],"wp:attachment":[{"href":"https:\/\/bewehrungstechnik.ch\/fr\/wp-json\/wp\/v2\/media?parent=11333"}],"curies":[{"name":"wp","href":"https:\/\/api.w.org\/{rel}","templated":true}]}}