{"id":12620,"date":"2026-02-23T08:11:58","date_gmt":"2026-02-23T08:11:58","guid":{"rendered":"https:\/\/bewehrungstechnik.ch\/engineers-day-2026\/"},"modified":"2026-02-23T09:01:27","modified_gmt":"2026-02-23T09:01:27","slug":"engineers-day-2026","status":"publish","type":"page","link":"https:\/\/bewehrungstechnik.ch\/fr\/engineers-day-2026\/","title":{"rendered":"Engineers\u2019 Day 2026"},"content":{"rendered":"\n      <p id=\"block_7c6509b56ebcab53dfd7bbb4007f7813\" class=\"c-title mt-0 mb-6 lg:mb-17 alignwidetext-left l-block\"  >\n  \n  Engineers\u2019 Day 2026<\/p>\n\n\n<div class=\"wp-block-columns is-layout-flex wp-container-core-columns-is-layout-9d6595d7 wp-block-columns-is-layout-flex\">\n<div class=\"wp-block-column is-layout-flow wp-block-column-is-layout-flow\">\n<h2 class=\"wp-block-heading\"><mark class=\"has-inline-color has-primary-color\" style=\"background-color: rgba(0, 0, 0, 0);\"><strong>Journ\u00e9e des ing\u00e9nieurs : reconnaissance des ing\u00e9nieurs par les ing\u00e9nieurs<\/strong><\/mark><\/h2>\n\n\n\n<p>Le 4 mars, nous c\u00e9l\u00e9brons la Journ\u00e9e des ing\u00e9nieurs et rendons ainsi hommage au travail des ing\u00e9nieurs civils qui, gr\u00e2ce \u00e0 leur expertise, accomplissent chaque jour des prouesses exceptionnelles. <\/p>\n\n\n\n<p>En tant qu&rsquo;entreprise qui travaille en \u00e9troite collaboration avec des bureaux d&rsquo;\u00e9tudes tout au long de l&rsquo;ann\u00e9e pour d\u00e9velopper ensemble des id\u00e9es et des solutions, nous souhaitons profiter de cette journ\u00e9e sp\u00e9ciale pour leur exprimer notre reconnaissance.<\/p>\n\n\n\n<p>Notre \u00e9quipe d&rsquo;ing\u00e9nieurs intervient tout au long de l&rsquo;ann\u00e9e dans des bureaux d&rsquo;\u00e9tudes en tant que conseillers techniques et d\u00e9veloppeurs de solutions. Lors de l&rsquo;Engineer&rsquo;s Day, ce ne sont toutefois pas les projets et la technique qui sont au centre de l&rsquo;attention, mais les personnes qui se cachent derri\u00e8re les solutions.<\/p>\n\n\n\n<p>Nous nous r\u00e9jouissons de trinquer ensemble \u00e0 l&rsquo;art de l&rsquo;ing\u00e9nierie !<\/p>\n<\/div>\n\n\n\n<div class=\"wp-block-column is-layout-flow wp-block-column-is-layout-flow\">\n<div class=\"wp-block-columns is-layout-flex wp-container-core-columns-is-layout-9d6595d7 wp-block-columns-is-layout-flex\">\n<div class=\"wp-block-column is-layout-flow wp-block-column-is-layout-flow\">\n<figure class=\"wp-block-image size-large\"><img loading=\"lazy\" decoding=\"async\" width=\"1024\" height=\"315\" src=\"https:\/\/bewehrungstechnik.ch\/wp-content\/uploads\/TagderIng_Bild4-1024x315.png\" alt=\"\" class=\"wp-image-7024\" srcset=\"https:\/\/bewehrungstechnik.ch\/wp-content\/uploads\/TagderIng_Bild4-1024x315.png 1024w, https:\/\/bewehrungstechnik.ch\/wp-content\/uploads\/TagderIng_Bild4-300x92.png 300w, https:\/\/bewehrungstechnik.ch\/wp-content\/uploads\/TagderIng_Bild4-768x236.png 768w, https:\/\/bewehrungstechnik.ch\/wp-content\/uploads\/TagderIng_Bild4-436x134.png 436w, https:\/\/bewehrungstechnik.ch\/wp-content\/uploads\/TagderIng_Bild4-550x169.png 550w, https:\/\/bewehrungstechnik.ch\/wp-content\/uploads\/TagderIng_Bild4.png 1237w\" sizes=\"auto, (max-width: 1024px) 100vw, 1024px\" \/><\/figure>\n\n\n\n<figure class=\"wp-block-image size-large\"><img loading=\"lazy\" decoding=\"async\" width=\"1024\" height=\"206\" src=\"https:\/\/bewehrungstechnik.ch\/wp-content\/uploads\/tag-der-ingenieure_dbt-1-1024x206.png\" alt=\"\" class=\"wp-image-7001\" srcset=\"https:\/\/bewehrungstechnik.ch\/wp-content\/uploads\/tag-der-ingenieure_dbt-1-1024x206.png 1024w, https:\/\/bewehrungstechnik.ch\/wp-content\/uploads\/tag-der-ingenieure_dbt-1-300x60.png 300w, https:\/\/bewehrungstechnik.ch\/wp-content\/uploads\/tag-der-ingenieure_dbt-1-768x155.png 768w, https:\/\/bewehrungstechnik.ch\/wp-content\/uploads\/tag-der-ingenieure_dbt-1-1536x309.png 1536w, https:\/\/bewehrungstechnik.ch\/wp-content\/uploads\/tag-der-ingenieure_dbt-1-436x88.png 436w, https:\/\/bewehrungstechnik.ch\/wp-content\/uploads\/tag-der-ingenieure_dbt-1-550x111.png 550w, https:\/\/bewehrungstechnik.ch\/wp-content\/uploads\/tag-der-ingenieure_dbt-1.png 1600w\" sizes=\"auto, (max-width: 1024px) 100vw, 1024px\" \/><\/figure>\n<\/div>\n<\/div>\n<\/div>\n<\/div>\n\n\n\n<figure class=\"wp-block-table\"><table class=\"has-fixed-layout\"><tbody><tr><td><strong><mark class=\"has-inline-color has-primary-color\" style=\"background-color: rgba(0, 0, 0, 0);\">Info\r\n<\/mark><\/strong><br>\ud83d\udcc5 <strong>Datum:<\/strong>&nbsp;4. mars 2026<br>\ud83d\udccd <strong>Lieu:<\/strong>&nbsp;dans toute la Suisse, dans les bureaux d&rsquo;ing\u00e9nieurs civils participants<br>\u265f\ufe0f <strong>Qui<\/strong>: c&rsquo;est le hasard qui d\u00e9cide, mais nous acceptons volontiers la candidature de votre \u00e9quipe \ud83d\ude09<\/td><td><strong><mark class=\"has-inline-color has-primary-color\" style=\"background-color: rgba(0, 0, 0, 0);\">\u00c0 quoi peux-tu t&rsquo;attendre ?\r\n<\/mark><\/strong><br>\u2714\ufe0f Une rencontre conviviale avec collation, d\u00e9jeuner ou go\u00fbter pour toi et ton \u00e9quipe dans ton bureau.<br>\u2714\ufe0f \u00c9changes entre pairs, d&rsquo;ing\u00e9nieur \u00e0 ing\u00e9nieur.<br>\u2714\ufe0f Occasion de discuter m\u00e9tier, de renforcer ton r\u00e9seau et de c\u00e9l\u00e9brer ta profession.<br>\u2714\ufe0f Sur demande, une formation sur la nouvelle norme SIA 262:2025 peut \u00e9galement \u00eatre propos\u00e9e.<\/td><\/tr><\/tbody><\/table><\/figure>\n\n\n\n<h3 class=\"wp-block-heading\"><strong><mark class=\"has-inline-color has-primary-color\" style=\"background-color: rgba(0, 0, 0, 0);\">Inscription<\/mark><\/strong><\/h3>\n\n\n\n<p>Inscris-toi \u00e0 l&rsquo;\u00abEngineers&rsquo; Day\u00bb \u00e0 l&rsquo;aide du formulaire suivant. <\/p>\n\n\n<!-- HTML Forms v1.6.4 - https:\/\/wordpress.org\/plugins\/html-forms\/ -->\n<form method=\"post\"  class=\"hf-form hf-form-12622 \" data-id=\"12622\" data-title=\"Engineers\u2019 Day 2026 - FR\" data-slug=\"engineers-day-2026-2\" data-message-success=\"Vielen Dank! Wir werden uns in K\u00fcrze melden.\" data-message-invalid-email=\"Entschuldige, aber die E-Mail Adresse scheint ung\u00fcltig zu sein.\" data-message-required-field-missing=\"Bitte f\u00fclle die erforderlichen Felder aus.\" data-message-error=\"Hoppla. Ein Fehler ist aufgetreten.\" data-message-recaptcha-failed=\"reCAPTCHA verification failed. Please try again.\" data-message-recaptcha-low-score=\"Your submission appears to be spam. Please try again.\"><input type=\"hidden\" name=\"_hf_form_id\" value=\"12622\" \/><div style=\"display: none;\"><input type=\"text\" name=\"_hf_h12622\" value=\"\" \/><\/div><div class=\"hf-fields-wrap\"><div class=\"js-collapse md:grid md:grid-cols-10 md:gap-x-10 mb-8 md:mb-0\" data-collapse-parameters='{\"toggleClass\":\"text-black text-primary\",\"toggleIconClass\":\"c-icon--minus-square c-icon--plus-square\",\"targetClass\":\"hidden block\"}'>\r\n\t<div class=\"js-collapse__toggle md:col-span-3 md:pointer-events-none flex items-center md:block text-18 font-bold leading-snug transition-colors md:transition-none cursor-pointer md:cursor-auto cursor-pointer text-black md:text-black\">\r\n\t\t<div class=\"md:hidden mr-5 text-0 self-start\">\r\n\t\t\t<i class=\"js-collapse__toggle-icon c-icon c-icon--plus-square text-28\"><\/i>\r\n\t\t<\/div>\r\n\t\tDonn\u00e9es personnelles\r\n\t<\/div>\r\n\t<div class=\"js-collapse__target col-span-7 hidden md:block\">\r\n\t\t<div class=\"border-l md:border-0 border-primary pl-4 md:pl-0 mt-4 md:mt-0 sm:grid grid-cols-12 sm:gap-x-4 md:gap-x-8 sm:gap-y-4 md:gap-y-10 space-y-4 sm:space-y-0\">\r\n\t\t\t<div class=\"col-span-6 lg:col-span-4 xl:col-span-2\">\r\n\t\t\t\t<label class=\"c-form-label\" for=\"contact-form-salutation\">Civilit\u00e9<\/label>\r\n\t\t\t\t<select class=\"c-form-select\" name=\"salutation\" id=\"contact-form-salutation\">\r\n\t\t\t\t\t<option value=\"Frau\">Madame<\/option>\r\n\t\t\t\t\t<option value=\"Herr\">Monsieur<\/option>\r\n\t\t\t\t<\/select>\r\n\t\t\t<\/div>\r\n\t\t\t<div class=\"col-span-6 lg:col-span-4 xl:col-span-5\">\r\n\t\t\t\t<label class=\"c-form-label\" for=\"contact-form-first-name\">Pr\u00e9nom *<\/label>\r\n\t\t\t\t<input class=\"c-form-input\" type=\"text\" name=\"first_name\" placeholder=\"Saisir le pr\u00e9nom\" id=\"contact-form-first-name\" required \/>\r\n\t\t\t<\/div>\r\n\t\t\t<div class=\"col-span-6 lg:col-span-4 xl:col-span-5\">\r\n\t\t\t\t<label class=\"c-form-label\" for=\"contact-form-last-name\">Nom *<\/label>\r\n\t\t\t\t<input class=\"c-form-input\" type=\"text\" name=\"last_name\" placeholder=\"Saisir le nom\" id=\"contact-form-last-name\" required \/>\r\n\t\t\t<\/div>\r\n\t\t\t<div class=\"col-span-6 lg:col-span-4\">\r\n\t\t\t\t<label class=\"c-form-label\" for=\"contact-form-company_name\">Entreprise *<\/label>\r\n\t\t\t\t<input class=\"c-form-input\" type=\"text\" name=\"company_name\" placeholder=\"Saisir l\u2019entreprise\" id=\"contact-form-company_name\" required \/>\r\n\t\t\t<\/div>\r\n\t\t\t<div class=\"col-span-6 lg:col-span-4\">\r\n\t\t\t\t<label class=\"c-form-label\" for=\"contact-form-function\">Fonction *<\/label>\r\n\t\t\t\t<input class=\"c-form-input\" type=\"text\" name=\"function\" placeholder=\"Saisir la fonction\" id=\"contact-form-function\" required \/>\r\n\t\t\t<\/div>\r\n\t\t\t<div class=\"col-span-6 lg:col-span-4\">\r\n\t\t\t\t<label class=\"c-form-label\" for=\"contact-form-position\">Poste<\/label>\r\n\t\t\t\t<input class=\"c-form-input\" type=\"text\" name=\"position\" placeholder=\"Saisir le poste\" id=\"contact-form-position\" \/>\r\n\t\t\t<\/div>\r\n\t\t<\/div>\r\n\t<\/div>\r\n<\/div>\r\n\r\n<div class=\"hidden md:block h-px bg-gray mt-18 mb-14\"><\/div>\r\n\r\n<div class=\"js-collapse md:grid md:grid-cols-10 md:gap-x-10 mb-8 md:mb-0\" data-collapse-parameters='{\"toggleClass\":\"text-black text-primary\",\"toggleIconClass\":\"c-icon--minus-square c-icon--plus-square\",\"targetClass\":\"hidden block\"}'>\r\n\t<div class=\"js-collapse__toggle md:col-span-3 md:pointer-events-none flex items-center md:block text-18 font-bold leading-snug transition-colors md:transition-none cursor-pointer md:cursor-auto cursor-pointer text-black md:text-black\">\r\n\t\t<div class=\"md:hidden mr-5 text-0 self-start\">\r\n\t\t\t<i class=\"js-collapse__toggle-icon c-icon c-icon--plus-square text-28\"><\/i>\r\n\t\t<\/div>\r\n\t\tCoordonn\u00e9es\r\n\t<\/div>\r\n\t<div class=\"js-collapse__target col-span-7 hidden md:block\">\r\n\t\t<div class=\"border-l md:border-0 border-primary pl-4 md:pl-0 mt-4 md:mt-0 sm:grid grid-cols-12 sm:gap-x-4 md:gap-x-8 sm:gap-y-4 md:gap-y-10 space-y-4 sm:space-y-0\">\r\n\t\t\t<div class=\"col-span-6\">\r\n\t\t\t\t<label class=\"c-form-label\" for=\"contact-form-phone-number\">Num\u00e9ro de t\u00e9l\u00e9phone *<\/label>\r\n\t\t\t\t<input class=\"c-form-input\" type=\"text\" name=\"phone_number\" placeholder=\"Saisir le num\u00e9ro de t\u00e9l\u00e9phone\" required id=\"contact-form-phone-number\" \/>\r\n\t\t\t<\/div>\r\n\t\t\t<div class=\"col-span-6\">\r\n\t\t\t\t<label class=\"c-form-label\" for=\"contact-form-email-address\">E-mail *<\/label>\r\n\t\t\t\t<input class=\"c-form-input\" type=\"email\" name=\"email_address\" placeholder=\"Saisir l\u2019e-mail\" id=\"contact-form-email-address\" required \/>\r\n\t\t\t<\/div>\r\n\t\t<\/div>\r\n\t<\/div>\r\n<\/div>\r\n\r\n<div class=\"hidden md:block h-px bg-gray mt-18 mb-14\"><\/div>\r\n\r\n<div class=\"js-collapse md:grid md:grid-cols-10 md:gap-x-10 mb-8 md:mb-0\" data-collapse-parameters='{\"toggleClass\":\"text-black text-primary\",\"toggleIconClass\":\"c-icon--minus-square c-icon--plus-square\",\"targetClass\":\"hidden block\"}'>\r\n\t<div class=\"js-collapse__toggle md:col-span-3 md:pointer-events-none flex items-center md:block text-18 font-bold leading-snug transition-colors md:transition-none cursor-pointer md:cursor-auto cursor-pointer text-black md:text-black\">\r\n\t\t<div class=\"md:hidden mr-5 text-0 self-start\">\r\n\t\t\t<i class=\"js-collapse__toggle-icon c-icon c-icon--plus-square text-28\"><\/i>\r\n\t\t<\/div>\r\n\t\tAdresse\r\n\t<\/div>\r\n\t<div class=\"js-collapse__target col-span-7 hidden md:block\">\r\n\t\t<div class=\"border-l md:border-0 border-primary pl-4 md:pl-0 mt-4 md:mt-0 sm:grid grid-cols-12 sm:gap-x-4 md:gap-x-8 sm:gap-y-4 md:gap-y-10 space-y-4 sm:space-y-0\">\r\n\t\t\t<div class=\"col-span-6 lg:col-span-8\">\r\n\t\t\t\t<label class=\"c-form-label\" for=\"contact-form-street-no\">Rue \/ N\u00b0<\/label>\r\n\t\t\t\t<input class=\"c-form-input\" type=\"text\" name=\"street_no\" placeholder=\"Saisir la rue \/ n\u00b0\" id=\"contact-form-street-no\" \/>\r\n\t\t\t<\/div>\r\n\t\t\t<div class=\"col-span-6 lg:col-span-4\">\r\n\t\t\t\t<label class=\"c-form-label\" for=\"contact-form-country\">Pays<\/label>\r\n\t\t\t\t<select class=\"c-form-select\" name=\"country\" id=\"contact-form-country\">\r\n\t\t\t\t\t<option value=\"\">S\u00e9lectionner le pays<\/option>\r\n\t\t\t\t\t<option value=\"Schweiz\">Suisse<\/option>\r\n\t\t\t\t\t<option value=\"Liechtenstein\">Liechtenstein<\/option>\r\n\t\t\t\t\t<option value=\"Italien\">Italie<\/option>\r\n\t\t\t\t\t<option value=\"Deutschland\">Allemagne<\/option>\r\n\t\t\t\t\t<option value=\"Frankreich\">France<\/option>\r\n\t\t\t\t<\/select>\r\n\t\t\t<\/div>\r\n\t\t\t<div class=\"col-span-6 lg:col-span-8\">\r\n\t\t\t\t<label class=\"c-form-label\" for=\"contact-form-postal-code\">NPA<\/label>\r\n\t\t\t\t<input class=\"c-form-input\" type=\"text\" name=\"postal_code\" placeholder=\"Saisir le NPA\" id=\"contact-form-postal-code\" \/>\r\n\t\t\t<\/div>\r\n\t\t\t<div class=\"col-span-6 lg:col-span-4\">\r\n\t\t\t\t<label class=\"c-form-label\" for=\"contact-form-place\">Localit\u00e9<\/label>\r\n\t\t\t\t<input class=\"c-form-input\" type=\"text\" name=\"place\" placeholder=\"Saisir la localit\u00e9\" id=\"contact-form-place\" \/>\r\n\t\t\t<\/div>\r\n\t\t<\/div>\r\n\t<\/div>\r\n<\/div>\r\n\r\n<div class=\"hidden md:block h-px bg-gray mt-18 mb-14\"><\/div>\r\n\r\n<!-- Pflicht Ja\/Nein f\u00fcr SIA 262:2025 -->\r\n<div class=\"sm:grid grid-cols-12 sm:gap-x-4 md:gap-x-8 sm:gap-y-4 md:gap-y-10 space-y-4 sm:space-y-0\">\r\n\t<div class=\"col-span-12\">\r\n\t\t<label class=\"c-form-label\">Souhaitez-vous la formation sur la nouvelle SIA 262:2025 ? *<\/label>\r\n\t\t<div class=\"flex gap-6 mt-2\">\r\n\t\t\t<label class=\"flex items-center gap-2 cursor-pointer\">\r\n\t\t\t\t<input type=\"radio\" name=\"sia_training\" value=\" Ja\" required onclick=\"document.getElementById('sia_participants').style.display='block'\">\r\n\t\t\t\tOui\r\n\t\t\t<\/label>\r\n\t\t\t<label class=\"flex items-center gap-2 cursor-pointer\">\r\n\t\t\t\t<input type=\"radio\" name=\"sia_training\" value=\" Nein\" required onclick=\"document.getElementById('sia_participants').style.display='none'\">\r\n\t\t\t\tNon\r\n\t\t\t<\/label>\r\n\t\t<\/div>\r\n\t<\/div>\r\n<\/div>\r\n\r\n<!-- Feld Anzahl Teilnehmer, standardm\u00e4\u00dfig versteckt -->\r\n<div class=\"sm:grid grid-cols-12 sm:gap-x-4 md:gap-x-8 sm:gap-y-4 md:gap-y-10 space-y-4 sm:space-y-0\" id=\"sia_participants\" style=\"display:none; margin-top:10px;\">\r\n\t<div class=\"col-span-12 lg:col-span-6\">\r\n\t\t<label class=\"c-form-label\" for=\"sia_participants_input\">Nombre de participants<\/label>\r\n\t\t<input class=\"c-form-input\" type=\"number\" name=\"sia_participants_input\" placeholder=\"Saisir le nombre de participants\" min=\"1\" id=\"sia_participants_input\">\r\n\t<\/div>\r\n<\/div>\r\n\r\n<div class=\"hidden md:block h-px bg-gray mt-18 mb-14\"><\/div>\r\n\r\n<button class=\"c-btn c-btn--primary c-btn--icon w-full justify-center\" type=\"submit\">\r\n\tS\u2019inscrire maintenant\r\n\t<i class=\"c-icon c-icon--arrow-right-solid text-10 ml-4\"><\/i>\r\n<\/button><noscript>Please enable JavaScript for this form to work.<\/noscript><\/div><\/form><!-- \/ HTML Forms -->","protected":false},"excerpt":{"rendered":"<p>Journ\u00e9e des ing\u00e9nieurs : reconnaissance des ing\u00e9nieurs par les ing\u00e9nieurs Le 4 mars, nous c\u00e9l\u00e9brons la Journ\u00e9e des ing\u00e9nieurs et rendons ainsi hommage au travail des ing\u00e9nieurs civils qui, gr\u00e2ce \u00e0 leur expertise, accomplissent chaque jour des prouesses exceptionnelles. En tant qu&rsquo;entreprise qui travaille en \u00e9troite collaboration avec des bureaux d&rsquo;\u00e9tudes tout au long de [&hellip;]<\/p>\n","protected":false},"author":12,"featured_media":0,"parent":0,"menu_order":0,"comment_status":"closed","ping_status":"closed","template":"","meta":{"_acf_changed":false,"footnotes":""},"class_list":["post-12620","page","type-page","status-publish",""],"acf":[],"yoast_head":"<!-- This site is optimized with the Yoast SEO plugin v27.5 - https:\/\/yoast.com\/product\/yoast-seo-wordpress\/ -->\n<title>Engineers\u2019 Day 2026 - Bewehrungstechnik<\/title>\n<meta name=\"robots\" content=\"index, follow, max-snippet:-1, max-image-preview:large, max-video-preview:-1\" \/>\n<link rel=\"canonical\" href=\"https:\/\/bewehrungstechnik.ch\/fr\/engineers-day-2026\/\" \/>\n<meta property=\"og:locale\" content=\"fr_FR\" \/>\n<meta property=\"og:type\" content=\"article\" \/>\n<meta property=\"og:title\" content=\"Engineers\u2019 Day 2026 - Bewehrungstechnik\" \/>\n<meta property=\"og:description\" content=\"Journ\u00e9e des ing\u00e9nieurs : reconnaissance des ing\u00e9nieurs par les ing\u00e9nieurs Le 4 mars, nous c\u00e9l\u00e9brons la Journ\u00e9e des ing\u00e9nieurs et rendons ainsi hommage au travail des ing\u00e9nieurs civils qui, gr\u00e2ce \u00e0 leur expertise, accomplissent chaque jour des prouesses exceptionnelles. En tant qu&rsquo;entreprise qui travaille en \u00e9troite collaboration avec des bureaux d&rsquo;\u00e9tudes tout au long de [&hellip;]\" \/>\n<meta property=\"og:url\" content=\"https:\/\/bewehrungstechnik.ch\/fr\/engineers-day-2026\/\" \/>\n<meta property=\"og:site_name\" content=\"Bewehrungstechnik\" \/>\n<meta property=\"article:modified_time\" content=\"2026-02-23T09:01:27+00:00\" \/>\n<meta property=\"og:image\" content=\"https:\/\/bewehrungstechnik.ch\/wp-content\/uploads\/TagderIng_Bild4.png\" \/>\n\t<meta property=\"og:image:width\" content=\"1237\" \/>\n\t<meta property=\"og:image:height\" content=\"380\" \/>\n\t<meta property=\"og:image:type\" content=\"image\/png\" \/>\n<meta name=\"twitter:card\" content=\"summary_large_image\" \/>\n<script type=\"application\/ld+json\" class=\"yoast-schema-graph\">{\"@context\":\"https:\\\/\\\/schema.org\",\"@graph\":[{\"@type\":\"WebPage\",\"@id\":\"https:\\\/\\\/bewehrungstechnik.ch\\\/fr\\\/engineers-day-2026\\\/\",\"url\":\"https:\\\/\\\/bewehrungstechnik.ch\\\/fr\\\/engineers-day-2026\\\/\",\"name\":\"Engineers\u2019 Day 2026 - Bewehrungstechnik\",\"isPartOf\":{\"@id\":\"https:\\\/\\\/bewehrungstechnik.ch\\\/fr\\\/#website\"},\"primaryImageOfPage\":{\"@id\":\"https:\\\/\\\/bewehrungstechnik.ch\\\/fr\\\/engineers-day-2026\\\/#primaryimage\"},\"image\":{\"@id\":\"https:\\\/\\\/bewehrungstechnik.ch\\\/fr\\\/engineers-day-2026\\\/#primaryimage\"},\"thumbnailUrl\":\"https:\\\/\\\/bewehrungstechnik.ch\\\/wp-content\\\/uploads\\\/TagderIng_Bild4-1024x315.png\",\"datePublished\":\"2026-02-23T08:11:58+00:00\",\"dateModified\":\"2026-02-23T09:01:27+00:00\",\"breadcrumb\":{\"@id\":\"https:\\\/\\\/bewehrungstechnik.ch\\\/fr\\\/engineers-day-2026\\\/#breadcrumb\"},\"inLanguage\":\"fr-FR\",\"potentialAction\":[{\"@type\":\"ReadAction\",\"target\":[\"https:\\\/\\\/bewehrungstechnik.ch\\\/fr\\\/engineers-day-2026\\\/\"]}]},{\"@type\":\"ImageObject\",\"inLanguage\":\"fr-FR\",\"@id\":\"https:\\\/\\\/bewehrungstechnik.ch\\\/fr\\\/engineers-day-2026\\\/#primaryimage\",\"url\":\"https:\\\/\\\/bewehrungstechnik.ch\\\/wp-content\\\/uploads\\\/TagderIng_Bild4-1024x315.png\",\"contentUrl\":\"https:\\\/\\\/bewehrungstechnik.ch\\\/wp-content\\\/uploads\\\/TagderIng_Bild4-1024x315.png\"},{\"@type\":\"BreadcrumbList\",\"@id\":\"https:\\\/\\\/bewehrungstechnik.ch\\\/fr\\\/engineers-day-2026\\\/#breadcrumb\",\"itemListElement\":[{\"@type\":\"ListItem\",\"position\":1,\"name\":\"Home\",\"item\":\"https:\\\/\\\/bewehrungstechnik.ch\\\/fr\\\/\"},{\"@type\":\"ListItem\",\"position\":2,\"name\":\"Engineers\u2019 Day 2026\"}]},{\"@type\":\"WebSite\",\"@id\":\"https:\\\/\\\/bewehrungstechnik.ch\\\/fr\\\/#website\",\"url\":\"https:\\\/\\\/bewehrungstechnik.ch\\\/fr\\\/\",\"name\":\"Bewehrungstechnik\",\"description\":\"Just another WordPress site\",\"publisher\":{\"@id\":\"https:\\\/\\\/bewehrungstechnik.ch\\\/fr\\\/#organization\"},\"potentialAction\":[{\"@type\":\"SearchAction\",\"target\":{\"@type\":\"EntryPoint\",\"urlTemplate\":\"https:\\\/\\\/bewehrungstechnik.ch\\\/fr\\\/?s={search_term_string}\"},\"query-input\":{\"@type\":\"PropertyValueSpecification\",\"valueRequired\":true,\"valueName\":\"search_term_string\"}}],\"inLanguage\":\"fr-FR\"},{\"@type\":\"Organization\",\"@id\":\"https:\\\/\\\/bewehrungstechnik.ch\\\/fr\\\/#organization\",\"name\":\"Bewehrungstechnik\",\"url\":\"https:\\\/\\\/bewehrungstechnik.ch\\\/fr\\\/\",\"logo\":{\"@type\":\"ImageObject\",\"inLanguage\":\"fr-FR\",\"@id\":\"https:\\\/\\\/bewehrungstechnik.ch\\\/fr\\\/#\\\/schema\\\/logo\\\/image\\\/\",\"url\":\"https:\\\/\\\/bewehrungstechnik.ch\\\/wp-content\\\/uploads\\\/2021\\\/03\\\/logo.svg\",\"contentUrl\":\"https:\\\/\\\/bewehrungstechnik.ch\\\/wp-content\\\/uploads\\\/2021\\\/03\\\/logo.svg\",\"width\":436,\"height\":436,\"caption\":\"Bewehrungstechnik\"},\"image\":{\"@id\":\"https:\\\/\\\/bewehrungstechnik.ch\\\/fr\\\/#\\\/schema\\\/logo\\\/image\\\/\"}}]}<\/script>\n<!-- \/ Yoast SEO plugin. -->","yoast_head_json":{"title":"Engineers\u2019 Day 2026 - Bewehrungstechnik","robots":{"index":"index","follow":"follow","max-snippet":"max-snippet:-1","max-image-preview":"max-image-preview:large","max-video-preview":"max-video-preview:-1"},"canonical":"https:\/\/bewehrungstechnik.ch\/fr\/engineers-day-2026\/","og_locale":"fr_FR","og_type":"article","og_title":"Engineers\u2019 Day 2026 - Bewehrungstechnik","og_description":"Journ\u00e9e des ing\u00e9nieurs : reconnaissance des ing\u00e9nieurs par les ing\u00e9nieurs Le 4 mars, nous c\u00e9l\u00e9brons la Journ\u00e9e des ing\u00e9nieurs et rendons ainsi hommage au travail des ing\u00e9nieurs civils qui, gr\u00e2ce \u00e0 leur expertise, accomplissent chaque jour des prouesses exceptionnelles. En tant qu&rsquo;entreprise qui travaille en \u00e9troite collaboration avec des bureaux d&rsquo;\u00e9tudes tout au long de [&hellip;]","og_url":"https:\/\/bewehrungstechnik.ch\/fr\/engineers-day-2026\/","og_site_name":"Bewehrungstechnik","article_modified_time":"2026-02-23T09:01:27+00:00","og_image":[{"width":1237,"height":380,"url":"https:\/\/bewehrungstechnik.ch\/wp-content\/uploads\/TagderIng_Bild4.png","type":"image\/png"}],"twitter_card":"summary_large_image","schema":{"@context":"https:\/\/schema.org","@graph":[{"@type":"WebPage","@id":"https:\/\/bewehrungstechnik.ch\/fr\/engineers-day-2026\/","url":"https:\/\/bewehrungstechnik.ch\/fr\/engineers-day-2026\/","name":"Engineers\u2019 Day 2026 - Bewehrungstechnik","isPartOf":{"@id":"https:\/\/bewehrungstechnik.ch\/fr\/#website"},"primaryImageOfPage":{"@id":"https:\/\/bewehrungstechnik.ch\/fr\/engineers-day-2026\/#primaryimage"},"image":{"@id":"https:\/\/bewehrungstechnik.ch\/fr\/engineers-day-2026\/#primaryimage"},"thumbnailUrl":"https:\/\/bewehrungstechnik.ch\/wp-content\/uploads\/TagderIng_Bild4-1024x315.png","datePublished":"2026-02-23T08:11:58+00:00","dateModified":"2026-02-23T09:01:27+00:00","breadcrumb":{"@id":"https:\/\/bewehrungstechnik.ch\/fr\/engineers-day-2026\/#breadcrumb"},"inLanguage":"fr-FR","potentialAction":[{"@type":"ReadAction","target":["https:\/\/bewehrungstechnik.ch\/fr\/engineers-day-2026\/"]}]},{"@type":"ImageObject","inLanguage":"fr-FR","@id":"https:\/\/bewehrungstechnik.ch\/fr\/engineers-day-2026\/#primaryimage","url":"https:\/\/bewehrungstechnik.ch\/wp-content\/uploads\/TagderIng_Bild4-1024x315.png","contentUrl":"https:\/\/bewehrungstechnik.ch\/wp-content\/uploads\/TagderIng_Bild4-1024x315.png"},{"@type":"BreadcrumbList","@id":"https:\/\/bewehrungstechnik.ch\/fr\/engineers-day-2026\/#breadcrumb","itemListElement":[{"@type":"ListItem","position":1,"name":"Home","item":"https:\/\/bewehrungstechnik.ch\/fr\/"},{"@type":"ListItem","position":2,"name":"Engineers\u2019 Day 2026"}]},{"@type":"WebSite","@id":"https:\/\/bewehrungstechnik.ch\/fr\/#website","url":"https:\/\/bewehrungstechnik.ch\/fr\/","name":"Bewehrungstechnik","description":"Just another WordPress site","publisher":{"@id":"https:\/\/bewehrungstechnik.ch\/fr\/#organization"},"potentialAction":[{"@type":"SearchAction","target":{"@type":"EntryPoint","urlTemplate":"https:\/\/bewehrungstechnik.ch\/fr\/?s={search_term_string}"},"query-input":{"@type":"PropertyValueSpecification","valueRequired":true,"valueName":"search_term_string"}}],"inLanguage":"fr-FR"},{"@type":"Organization","@id":"https:\/\/bewehrungstechnik.ch\/fr\/#organization","name":"Bewehrungstechnik","url":"https:\/\/bewehrungstechnik.ch\/fr\/","logo":{"@type":"ImageObject","inLanguage":"fr-FR","@id":"https:\/\/bewehrungstechnik.ch\/fr\/#\/schema\/logo\/image\/","url":"https:\/\/bewehrungstechnik.ch\/wp-content\/uploads\/2021\/03\/logo.svg","contentUrl":"https:\/\/bewehrungstechnik.ch\/wp-content\/uploads\/2021\/03\/logo.svg","width":436,"height":436,"caption":"Bewehrungstechnik"},"image":{"@id":"https:\/\/bewehrungstechnik.ch\/fr\/#\/schema\/logo\/image\/"}}]}},"_links":{"self":[{"href":"https:\/\/bewehrungstechnik.ch\/fr\/wp-json\/wp\/v2\/pages\/12620","targetHints":{"allow":["GET"]}}],"collection":[{"href":"https:\/\/bewehrungstechnik.ch\/fr\/wp-json\/wp\/v2\/pages"}],"about":[{"href":"https:\/\/bewehrungstechnik.ch\/fr\/wp-json\/wp\/v2\/types\/page"}],"author":[{"embeddable":true,"href":"https:\/\/bewehrungstechnik.ch\/fr\/wp-json\/wp\/v2\/users\/12"}],"replies":[{"embeddable":true,"href":"https:\/\/bewehrungstechnik.ch\/fr\/wp-json\/wp\/v2\/comments?post=12620"}],"version-history":[{"count":2,"href":"https:\/\/bewehrungstechnik.ch\/fr\/wp-json\/wp\/v2\/pages\/12620\/revisions"}],"predecessor-version":[{"id":12623,"href":"https:\/\/bewehrungstechnik.ch\/fr\/wp-json\/wp\/v2\/pages\/12620\/revisions\/12623"}],"wp:attachment":[{"href":"https:\/\/bewehrungstechnik.ch\/fr\/wp-json\/wp\/v2\/media?parent=12620"}],"curies":[{"name":"wp","href":"https:\/\/api.w.org\/{rel}","templated":true}]}}