{"id":2110,"date":"2021-05-14T09:30:09","date_gmt":"2021-05-14T09:30:09","guid":{"rendered":"https:\/\/bewehrungstechnik.ch\/?page_id=2110"},"modified":"2026-01-28T14:13:06","modified_gmt":"2026-01-28T14:13:06","slug":"engineering","status":"publish","type":"page","link":"https:\/\/bewehrungstechnik.ch\/fr\/engineering\/","title":{"rendered":"Engineering"},"content":{"rendered":"\n      <h1 id=\"block_1c7cec1b1ac192d9542058626416fc98\" class=\"c-title mt-0 mb-6 lg:mb-17 alignwidetext-left l-block\"  >\n  \n  Engineering<\/h1><style>@media (min-width: 768px) { #block_1c7cec1b1ac192d9542058626416fc98 { margin-bottom: 36px;  }} @media (min-width: 1024px) { #block_1c7cec1b1ac192d9542058626416fc98 { margin-bottom: 48px;  }} <\/style>\n\n\n      <div id=\"block_d1115c6a64d56c996ec35ab825de2a74\" class=\"deac-highlight-box mb-10 md:mb-19 lg:mb-28 alignwide l-block\"  >\n  \n  <div class=\"md:flow-root\">\n\t<div class=\"highlight-box-slider md:bg-faded-coils md:bg-cover md:mb-6 lg:mb-7 md:grid md:grid-cols-2 md:gap-6 lg:gap-16 xl:gap-24 md:min-h-136\">\n\t\t<div class=\"relative md:order-2 md:h-full  md:pr-6 lg:pr-9  md:py-10 lg:py-14 \">\n\t\t\t\t\t\t\t\t\t\t<div class=\"left-0 right-0 -mx-4 md:absolute  md:top-10 lg:top-14 md:h-full  border-b-6 md:border-0 border-primary h-72  sm:-mx-6 md:mx-0 overflow-hidden max-h-full\">\n\t\t\t\t\t<img loading=\"lazy\" decoding=\"async\" width=\"1024\" height=\"694\" src=\"https:\/\/bewehrungstechnik.ch\/wp-content\/uploads\/2021\/05\/D-A_20210407-094749-1-1-1024x694.jpg\" class=\"block w-full h-full object-cover md:absolute\" alt=\"AP-Produktion Laurent und Ilias\" srcset=\"https:\/\/bewehrungstechnik.ch\/wp-content\/uploads\/2021\/05\/D-A_20210407-094749-1-1-1024x694.jpg 1024w, https:\/\/bewehrungstechnik.ch\/wp-content\/uploads\/2021\/05\/D-A_20210407-094749-1-1-300x203.jpg 300w, https:\/\/bewehrungstechnik.ch\/wp-content\/uploads\/2021\/05\/D-A_20210407-094749-1-1-768x521.jpg 768w, https:\/\/bewehrungstechnik.ch\/wp-content\/uploads\/2021\/05\/D-A_20210407-094749-1-1-1536x1041.jpg 1536w, https:\/\/bewehrungstechnik.ch\/wp-content\/uploads\/2021\/05\/D-A_20210407-094749-1-1-2048x1389.jpg 2048w, https:\/\/bewehrungstechnik.ch\/wp-content\/uploads\/2021\/05\/D-A_20210407-094749-1-1-436x296.jpg 436w, https:\/\/bewehrungstechnik.ch\/wp-content\/uploads\/2021\/05\/D-A_20210407-094749-1-1-550x373.jpg 550w\" sizes=\"auto, (max-width: 1024px) 100vw, 1024px\" \/>\t\t\t\t\t\t\t\t\t<\/div>\n\t\t\t\t\t\t\t\t<\/div>\n\t\t<div class=\"relative py-6 bg-white md:order-1 md:bg-transparent sm:py-7 md:py-10 lg:py-14 md:px-6 lg:px-9\">\n\t\t\t<div class=\"absolute bottom-0 md:hidden -inset-x-4 sm:-inset-x-6 top-15 bg-gradient-to-b from-white to-gray-light\"><\/div>\n\t\t\t\t\t\t\t\t\t\t<div class=\"relative text-18 lg:text-32 leading-tight font-bold lg:font-semibold text-black mb-3.5 lg:mb-6\">\n\t\t\t\t\tPour toutes les questions concernant la Technique d\u2019armature\t\t\t\t<\/div>\n\t\t\t\t\t\t\t\t\t\t<div class=\"relative text-primary lg:text-18 font-bold leading-snug mb-4.5 lg:mb-6\">\n\t\t\t\t\tContactez maintenant nos ing\u00e9nieurs exp\u00e9riment\u00e9s\t\t\t\t<\/div>\n\t\t\t\t\t\t\t\t\t\t<div class=\"relative text-black\">\n\t\t\t\t\t<p class=\"lg:mb-8\">Nos ing\u00e9nieurs connaissent les besoins de la construction et vous proposent des solutions techniques et \u00e9conomiques sur mesure aussi bien pour les structures que pour le g\u00e9nie civil.<br \/>\nNos sp\u00e9cialistes vous pr\u00e9senteront aussi volontiers nos outils en ligne innovants, afin de vous permettre d\u2019\u00eatre encore plus efficace dans l\u2019\u00e9laboration de vos projets.<\/p>\n<ul class=\"font-bold\">\n<li class=\"leading-snug text-15 before:bottom-0\">Conseil technique<\/li>\n<li class=\"leading-snug text-15 before:bottom-0\">Outils num\u00e9riques (Tools)<\/li>\n<\/ul>\n\t\t\t\t<\/div>\n\t\t\t\t\t\t\t\t\t\t\t<\/div>\n\t<\/div>\n<\/div><\/div>\n\n\n      <div id=\"block_ade4748ae5dac5fb1fc696f6f94bdccb\" class=\"deac-topic-blocks mb-10 md:mb-19 lg:mb-28 alignwide l-block\"  >\n  \n  \t<div class=\"md:grid md:grid-cols-2 md:gap-6 lg:gap-16 xl:gap-24\">\n\t\t\t\t\t<div class=\"md:flex md:flex-col mb-6 last:mb-0 md:mb-0\">\n\t\t\t\t\t\t\t\t\t<div class=\"p-2 border border-gray mb-4 md:mb-6.5\">\n\t\t\t\t\t\t<img loading=\"lazy\" decoding=\"async\" width=\"2560\" height=\"1682\" src=\"https:\/\/bewehrungstechnik.ch\/wp-content\/uploads\/2021\/05\/D-A_20210407-153258-1-1-scaled.jpg\" class=\"block w-full h-75 object-cover\" alt=\"\" srcset=\"https:\/\/bewehrungstechnik.ch\/wp-content\/uploads\/2021\/05\/D-A_20210407-153258-1-1-scaled.jpg 2560w, https:\/\/bewehrungstechnik.ch\/wp-content\/uploads\/2021\/05\/D-A_20210407-153258-1-1-300x197.jpg 300w, https:\/\/bewehrungstechnik.ch\/wp-content\/uploads\/2021\/05\/D-A_20210407-153258-1-1-1024x673.jpg 1024w, https:\/\/bewehrungstechnik.ch\/wp-content\/uploads\/2021\/05\/D-A_20210407-153258-1-1-768x505.jpg 768w, https:\/\/bewehrungstechnik.ch\/wp-content\/uploads\/2021\/05\/D-A_20210407-153258-1-1-1536x1009.jpg 1536w, https:\/\/bewehrungstechnik.ch\/wp-content\/uploads\/2021\/05\/D-A_20210407-153258-1-1-2048x1346.jpg 2048w, https:\/\/bewehrungstechnik.ch\/wp-content\/uploads\/2021\/05\/D-A_20210407-153258-1-1-436x287.jpg 436w, https:\/\/bewehrungstechnik.ch\/wp-content\/uploads\/2021\/05\/D-A_20210407-153258-1-1-550x361.jpg 550w\" sizes=\"auto, (max-width: 2560px) 100vw, 2560px\" \/>\t\t\t\t\t<\/div>\n\t\t\t\t\t\t\t\t\t\t\t\t\t<div class=\"text-primary font-bold uppercase mb-3 md:mb-5\">Conseil technique<\/div>\n\t\t\t\t\t\t\t\t\t\t\t\t\t\t\t\t\t<div class=\"mb-6.5 md:mb-8\">\n\t\t\t\t\t\t<p>Contactez votre interlocuteur dans votre r\u00e9gion et profitez de notre conseil technique gratuit.<\/p>\n\t\t\t\t\t<\/div>\n\t\t\t\t\t\t\t\t<a href=\"https:\/\/bewehrungstechnik.ch\/fr\/engineering\/conseil-technique\/\" class=\"c-btn c-btn--outline-primary c-btn--icon w-full justify-center mt-auto\"  target=\"\" role=\"button\">Lire plus<i class=\"c-icon c-icon--chevron-right text-10 ml-4\"><\/i><\/a>\t\t\t<\/div>\n\t\t\t\t\t<div class=\"md:flex md:flex-col mb-6 last:mb-0 md:mb-0\">\n\t\t\t\t\t\t\t\t\t<div class=\"p-2 border border-gray mb-4 md:mb-6.5\">\n\t\t\t\t\t\t<img loading=\"lazy\" decoding=\"async\" width=\"746\" height=\"600\" src=\"https:\/\/bewehrungstechnik.ch\/wp-content\/uploads\/2021\/04\/allplan-bewehrungstechnik-image-lightbox.jpg\" class=\"block w-full h-75 object-cover\" alt=\"\" srcset=\"https:\/\/bewehrungstechnik.ch\/wp-content\/uploads\/2021\/04\/allplan-bewehrungstechnik-image-lightbox.jpg 746w, https:\/\/bewehrungstechnik.ch\/wp-content\/uploads\/2021\/04\/allplan-bewehrungstechnik-image-lightbox-300x241.jpg 300w, https:\/\/bewehrungstechnik.ch\/wp-content\/uploads\/2021\/04\/allplan-bewehrungstechnik-image-lightbox-436x351.jpg 436w, https:\/\/bewehrungstechnik.ch\/wp-content\/uploads\/2021\/04\/allplan-bewehrungstechnik-image-lightbox-550x442.jpg 550w\" sizes=\"auto, (max-width: 746px) 100vw, 746px\" \/>\t\t\t\t\t<\/div>\n\t\t\t\t\t\t\t\t\t\t\t\t\t<div class=\"text-primary font-bold uppercase mb-3 md:mb-5\">Outils num\u00e9riques<\/div>\n\t\t\t\t\t\t\t\t\t\t\t\t\t<h3 class=\"font-bold mt-0 mb-3 xl:mb-8 h4 uppercase\">ALLPLAN, Tekla, Revit, ACILIST\u00ae<\/h3>\n\t\t\t\t\t\t\t\t\t\t\t\t\t<div class=\"mb-6.5 md:mb-8\">\n\t\t\t\t\t\t<p>Nous proposons diff\u00e9rents outils pour les solutions CAD et BIM les plus courantes.<\/p>\n\t\t\t\t\t<\/div>\n\t\t\t\t\t\t\t\t<a href=\"https:\/\/bewehrungstechnik.ch\/fr\/engineering\/outils-numeriques-tools\/\" class=\"c-btn c-btn--outline-primary c-btn--icon w-full justify-center mt-auto\"  target=\"\" role=\"button\">Lire plus<i class=\"c-icon c-icon--chevron-right text-10 ml-4\"><\/i><\/a>\t\t\t<\/div>\n\t\t\t<\/div>\n<\/div>","protected":false},"excerpt":{"rendered":"","protected":false},"author":1,"featured_media":0,"parent":0,"menu_order":0,"comment_status":"closed","ping_status":"closed","template":"","meta":{"_acf_changed":false,"footnotes":""},"class_list":["post-2110","page","type-page","status-publish",""],"acf":[],"yoast_head":"<!-- This site is optimized with the Yoast SEO plugin v27.3 - https:\/\/yoast.com\/product\/yoast-seo-wordpress\/ -->\n<title>Bewehrungstechnik Engineering | Debrunner Acifer Bewehrungen<\/title>\n<meta name=\"description\" content=\"Ing\u00e9nierie - pour toutes les questions relatives \u00e0 la technique d&#039;armature. Contactez d\u00e8s maintenant nos ing\u00e9nieurs civils exp\u00e9riment\u00e9s.\" \/>\n<meta name=\"robots\" content=\"index, follow, max-snippet:-1, max-image-preview:large, max-video-preview:-1\" \/>\n<link rel=\"canonical\" href=\"https:\/\/bewehrungstechnik.ch\/fr\/engineering\/\" \/>\n<meta property=\"og:locale\" content=\"fr_FR\" \/>\n<meta property=\"og:type\" content=\"article\" \/>\n<meta property=\"og:title\" content=\"Bewehrungstechnik Engineering | Debrunner Acifer Bewehrungen\" \/>\n<meta property=\"og:description\" content=\"Ing\u00e9nierie - pour toutes les questions relatives \u00e0 la technique d&#039;armature. Contactez d\u00e8s maintenant nos ing\u00e9nieurs civils exp\u00e9riment\u00e9s.\" \/>\n<meta property=\"og:url\" content=\"https:\/\/bewehrungstechnik.ch\/fr\/engineering\/\" \/>\n<meta property=\"og:site_name\" content=\"Bewehrungstechnik\" \/>\n<meta property=\"article:modified_time\" content=\"2026-01-28T14:13:06+00:00\" \/>\n<meta name=\"twitter:card\" content=\"summary_large_image\" \/>\n<script type=\"application\/ld+json\" class=\"yoast-schema-graph\">{\"@context\":\"https:\\\/\\\/schema.org\",\"@graph\":[{\"@type\":\"WebPage\",\"@id\":\"https:\\\/\\\/bewehrungstechnik.ch\\\/fr\\\/engineering\\\/\",\"url\":\"https:\\\/\\\/bewehrungstechnik.ch\\\/fr\\\/engineering\\\/\",\"name\":\"Bewehrungstechnik Engineering | Debrunner Acifer Bewehrungen\",\"isPartOf\":{\"@id\":\"https:\\\/\\\/bewehrungstechnik.ch\\\/fr\\\/#website\"},\"datePublished\":\"2021-05-14T09:30:09+00:00\",\"dateModified\":\"2026-01-28T14:13:06+00:00\",\"description\":\"Ing\u00e9nierie - pour toutes les questions relatives \u00e0 la technique d'armature. Contactez d\u00e8s maintenant nos ing\u00e9nieurs civils exp\u00e9riment\u00e9s.\",\"breadcrumb\":{\"@id\":\"https:\\\/\\\/bewehrungstechnik.ch\\\/fr\\\/engineering\\\/#breadcrumb\"},\"inLanguage\":\"fr-FR\",\"potentialAction\":[{\"@type\":\"ReadAction\",\"target\":[\"https:\\\/\\\/bewehrungstechnik.ch\\\/fr\\\/engineering\\\/\"]}]},{\"@type\":\"BreadcrumbList\",\"@id\":\"https:\\\/\\\/bewehrungstechnik.ch\\\/fr\\\/engineering\\\/#breadcrumb\",\"itemListElement\":[{\"@type\":\"ListItem\",\"position\":1,\"name\":\"Home\",\"item\":\"https:\\\/\\\/bewehrungstechnik.ch\\\/fr\\\/\"},{\"@type\":\"ListItem\",\"position\":2,\"name\":\"Engineering\"}]},{\"@type\":\"WebSite\",\"@id\":\"https:\\\/\\\/bewehrungstechnik.ch\\\/fr\\\/#website\",\"url\":\"https:\\\/\\\/bewehrungstechnik.ch\\\/fr\\\/\",\"name\":\"Bewehrungstechnik\",\"description\":\"Just another WordPress site\",\"publisher\":{\"@id\":\"https:\\\/\\\/bewehrungstechnik.ch\\\/fr\\\/#organization\"},\"potentialAction\":[{\"@type\":\"SearchAction\",\"target\":{\"@type\":\"EntryPoint\",\"urlTemplate\":\"https:\\\/\\\/bewehrungstechnik.ch\\\/fr\\\/?s={search_term_string}\"},\"query-input\":{\"@type\":\"PropertyValueSpecification\",\"valueRequired\":true,\"valueName\":\"search_term_string\"}}],\"inLanguage\":\"fr-FR\"},{\"@type\":\"Organization\",\"@id\":\"https:\\\/\\\/bewehrungstechnik.ch\\\/fr\\\/#organization\",\"name\":\"Bewehrungstechnik\",\"url\":\"https:\\\/\\\/bewehrungstechnik.ch\\\/fr\\\/\",\"logo\":{\"@type\":\"ImageObject\",\"inLanguage\":\"fr-FR\",\"@id\":\"https:\\\/\\\/bewehrungstechnik.ch\\\/fr\\\/#\\\/schema\\\/logo\\\/image\\\/\",\"url\":\"https:\\\/\\\/bewehrungstechnik.ch\\\/wp-content\\\/uploads\\\/2021\\\/03\\\/logo.svg\",\"contentUrl\":\"https:\\\/\\\/bewehrungstechnik.ch\\\/wp-content\\\/uploads\\\/2021\\\/03\\\/logo.svg\",\"width\":436,\"height\":436,\"caption\":\"Bewehrungstechnik\"},\"image\":{\"@id\":\"https:\\\/\\\/bewehrungstechnik.ch\\\/fr\\\/#\\\/schema\\\/logo\\\/image\\\/\"}}]}<\/script>\n<!-- \/ Yoast SEO plugin. -->","yoast_head_json":{"title":"Bewehrungstechnik Engineering | Debrunner Acifer Bewehrungen","description":"Ing\u00e9nierie - pour toutes les questions relatives \u00e0 la technique d'armature. Contactez d\u00e8s maintenant nos ing\u00e9nieurs civils exp\u00e9riment\u00e9s.","robots":{"index":"index","follow":"follow","max-snippet":"max-snippet:-1","max-image-preview":"max-image-preview:large","max-video-preview":"max-video-preview:-1"},"canonical":"https:\/\/bewehrungstechnik.ch\/fr\/engineering\/","og_locale":"fr_FR","og_type":"article","og_title":"Bewehrungstechnik Engineering | Debrunner Acifer Bewehrungen","og_description":"Ing\u00e9nierie - pour toutes les questions relatives \u00e0 la technique d'armature. Contactez d\u00e8s maintenant nos ing\u00e9nieurs civils exp\u00e9riment\u00e9s.","og_url":"https:\/\/bewehrungstechnik.ch\/fr\/engineering\/","og_site_name":"Bewehrungstechnik","article_modified_time":"2026-01-28T14:13:06+00:00","twitter_card":"summary_large_image","schema":{"@context":"https:\/\/schema.org","@graph":[{"@type":"WebPage","@id":"https:\/\/bewehrungstechnik.ch\/fr\/engineering\/","url":"https:\/\/bewehrungstechnik.ch\/fr\/engineering\/","name":"Bewehrungstechnik Engineering | Debrunner Acifer Bewehrungen","isPartOf":{"@id":"https:\/\/bewehrungstechnik.ch\/fr\/#website"},"datePublished":"2021-05-14T09:30:09+00:00","dateModified":"2026-01-28T14:13:06+00:00","description":"Ing\u00e9nierie - pour toutes les questions relatives \u00e0 la technique d'armature. Contactez d\u00e8s maintenant nos ing\u00e9nieurs civils exp\u00e9riment\u00e9s.","breadcrumb":{"@id":"https:\/\/bewehrungstechnik.ch\/fr\/engineering\/#breadcrumb"},"inLanguage":"fr-FR","potentialAction":[{"@type":"ReadAction","target":["https:\/\/bewehrungstechnik.ch\/fr\/engineering\/"]}]},{"@type":"BreadcrumbList","@id":"https:\/\/bewehrungstechnik.ch\/fr\/engineering\/#breadcrumb","itemListElement":[{"@type":"ListItem","position":1,"name":"Home","item":"https:\/\/bewehrungstechnik.ch\/fr\/"},{"@type":"ListItem","position":2,"name":"Engineering"}]},{"@type":"WebSite","@id":"https:\/\/bewehrungstechnik.ch\/fr\/#website","url":"https:\/\/bewehrungstechnik.ch\/fr\/","name":"Bewehrungstechnik","description":"Just another WordPress site","publisher":{"@id":"https:\/\/bewehrungstechnik.ch\/fr\/#organization"},"potentialAction":[{"@type":"SearchAction","target":{"@type":"EntryPoint","urlTemplate":"https:\/\/bewehrungstechnik.ch\/fr\/?s={search_term_string}"},"query-input":{"@type":"PropertyValueSpecification","valueRequired":true,"valueName":"search_term_string"}}],"inLanguage":"fr-FR"},{"@type":"Organization","@id":"https:\/\/bewehrungstechnik.ch\/fr\/#organization","name":"Bewehrungstechnik","url":"https:\/\/bewehrungstechnik.ch\/fr\/","logo":{"@type":"ImageObject","inLanguage":"fr-FR","@id":"https:\/\/bewehrungstechnik.ch\/fr\/#\/schema\/logo\/image\/","url":"https:\/\/bewehrungstechnik.ch\/wp-content\/uploads\/2021\/03\/logo.svg","contentUrl":"https:\/\/bewehrungstechnik.ch\/wp-content\/uploads\/2021\/03\/logo.svg","width":436,"height":436,"caption":"Bewehrungstechnik"},"image":{"@id":"https:\/\/bewehrungstechnik.ch\/fr\/#\/schema\/logo\/image\/"}}]}},"_links":{"self":[{"href":"https:\/\/bewehrungstechnik.ch\/fr\/wp-json\/wp\/v2\/pages\/2110","targetHints":{"allow":["GET"]}}],"collection":[{"href":"https:\/\/bewehrungstechnik.ch\/fr\/wp-json\/wp\/v2\/pages"}],"about":[{"href":"https:\/\/bewehrungstechnik.ch\/fr\/wp-json\/wp\/v2\/types\/page"}],"author":[{"embeddable":true,"href":"https:\/\/bewehrungstechnik.ch\/fr\/wp-json\/wp\/v2\/users\/1"}],"replies":[{"embeddable":true,"href":"https:\/\/bewehrungstechnik.ch\/fr\/wp-json\/wp\/v2\/comments?post=2110"}],"version-history":[{"count":13,"href":"https:\/\/bewehrungstechnik.ch\/fr\/wp-json\/wp\/v2\/pages\/2110\/revisions"}],"predecessor-version":[{"id":7857,"href":"https:\/\/bewehrungstechnik.ch\/fr\/wp-json\/wp\/v2\/pages\/2110\/revisions\/7857"}],"wp:attachment":[{"href":"https:\/\/bewehrungstechnik.ch\/fr\/wp-json\/wp\/v2\/media?parent=2110"}],"curies":[{"name":"wp","href":"https:\/\/api.w.org\/{rel}","templated":true}]}}