{"id":2121,"date":"2021-05-14T11:10:04","date_gmt":"2021-05-14T11:10:04","guid":{"rendered":"https:\/\/bewehrungstechnik.ch\/?page_id=2121"},"modified":"2025-02-25T13:35:06","modified_gmt":"2025-02-25T13:35:06","slug":"outils-numeriques-tools","status":"publish","type":"page","link":"https:\/\/bewehrungstechnik.ch\/fr\/engineering\/outils-numeriques-tools\/","title":{"rendered":"Outils num\u00e9riques (Tools)"},"content":{"rendered":"\n      <div id=\"block_49a133809c5c0a18b7ed52c14d5196e7\" class=\"deac-highlight-box mb-10 md:mb-19 lg:mb-28 alignwide l-block\"  >\n  \n  <div class=\"md:flow-root\">\n\t<div class=\"highlight-box-slider md:bg-faded-coils md:bg-cover md:mb-6 lg:mb-7 md:grid md:grid-cols-2 md:gap-6 lg:gap-16 xl:gap-24 md:min-h-136\">\n\t\t<div class=\"relative md:order-2 md:h-full  md:pr-6 lg:pr-9  md:py-10 lg:py-14 \">\n\t\t\t\t\t\t\t\t\t\t<div class=\"left-0 right-0 -mx-4 md:absolute  md:top-10 lg:top-14 md:h-full  border-b-6 md:border-0 border-primary h-72  sm:-mx-6 md:mx-0 overflow-hidden max-h-full\">\n\t\t\t\t\t<img loading=\"lazy\" decoding=\"async\" width=\"1024\" height=\"683\" src=\"https:\/\/bewehrungstechnik.ch\/wp-content\/uploads\/2021\/06\/bim-felix-platter-spital_0-1024x683.jpg\" class=\"block w-full h-full object-cover md:absolute\" alt=\"\" srcset=\"https:\/\/bewehrungstechnik.ch\/wp-content\/uploads\/2021\/06\/bim-felix-platter-spital_0-1024x683.jpg 1024w, https:\/\/bewehrungstechnik.ch\/wp-content\/uploads\/2021\/06\/bim-felix-platter-spital_0-300x200.jpg 300w, https:\/\/bewehrungstechnik.ch\/wp-content\/uploads\/2021\/06\/bim-felix-platter-spital_0-768x512.jpg 768w, https:\/\/bewehrungstechnik.ch\/wp-content\/uploads\/2021\/06\/bim-felix-platter-spital_0-1536x1024.jpg 1536w, https:\/\/bewehrungstechnik.ch\/wp-content\/uploads\/2021\/06\/bim-felix-platter-spital_0-2048x1365.jpg 2048w, https:\/\/bewehrungstechnik.ch\/wp-content\/uploads\/2021\/06\/bim-felix-platter-spital_0-436x291.jpg 436w, https:\/\/bewehrungstechnik.ch\/wp-content\/uploads\/2021\/06\/bim-felix-platter-spital_0-550x367.jpg 550w\" sizes=\"auto, (max-width: 1024px) 100vw, 1024px\" \/>\t\t\t\t\t\t\t\t\t<\/div>\n\t\t\t\t\t\t\t\t<\/div>\n\t\t<div class=\"relative py-6 bg-white md:order-1 md:bg-transparent sm:py-7 md:py-10 lg:py-14 md:px-6 lg:px-9\">\n\t\t\t<div class=\"absolute bottom-0 md:hidden -inset-x-4 sm:-inset-x-6 top-15 bg-gradient-to-b from-white to-gray-light\"><\/div>\n\t\t\t\t\t\t\t\t\t\t<div class=\"relative text-18 lg:text-32 leading-tight font-bold lg:font-semibold text-black mb-3.5 lg:mb-6\">\n\t\t\t\t\tWorkflows num\u00e9riques efficaces\t\t\t\t<\/div>\n\t\t\t\t\t\t\t\t\t\t<div class=\"relative text-primary lg:text-18 font-bold leading-snug mb-4.5 lg:mb-6\">\n\t\t\t\t\tGr\u00e2ce \u00e0 nos vastes catalogues de composants 3D et \u00e0 l&#039;outil d\u2019\u00e9tablissement de listes de commande en ligne ACILIST\u00ae, nous vous facilitons l\u2019\u00e9laboration de vos projets avec nos produits.\t\t\t\t<\/div>\n\t\t\t\t\t\t\t\t\t\t<div class=\"relative text-black\">\n\t\t\t\t\t<ul class=\"font-bold\">\n<li class=\"leading-snug text-15 before:bottom-0\">Catalogue 3D ALLPLAN<\/li>\n<li class=\"leading-snug text-15 before:bottom-0\">Catalogue Tekla Warehouse<\/li>\n<li class=\"leading-snug text-15 before:bottom-0\">Biblioth\u00e8ques BIM pour Revit et d\u2019autres syst\u00e8mes CAD<\/li>\n<li class=\"leading-snug text-15 before:bottom-0\">Catalogue 3D REVIT<\/li>\n<li class=\"leading-snug text-15 before:bottom-0\">ACILIST\u00ae outil d\u2019\u00e9tablissement de listes de commande en ligne<\/li>\n<\/ul>\n\t\t\t\t<\/div>\n\t\t\t\t\t\t\t\t\t\t\t<\/div>\n\t<\/div>\n<\/div><\/div>\n\n\n      <div id=\"block_288fec23596889b3f992497fb1d9c902\" class=\"deac-topic-blocks mb-10 md:mb-19 lg:mb-28 alignwide l-block\"  >\n  \n  \t<div class=\"md:grid md:grid-cols-2 md:gap-6 lg:gap-16 xl:gap-24\">\n\t\t\t\t\t<div class=\"md:flex md:flex-col mb-6 last:mb-0 md:mb-0\">\n\t\t\t\t\t\t\t\t\t\t\t\t\t\t\t\t\t<h3 class=\"font-bold mt-0 mb-3 xl:mb-8 h4 uppercase\">Catalogue 3D ALLPLAN<\/h3>\n\t\t\t\t\t\t\t\t\t\t\t\t\t<div class=\"mb-6.5 md:mb-8\">\n\t\t\t\t\t\t<p>Profitez vous aussi d\u2019un confort maximal lors de l\u2019\u00e9laboration de vos projets avec nos produits de la Technique d\u2019armature gr\u00e2ce \u00e0 l\u2019int\u00e9gration dans la nouvelle Swiss Edition.<\/p>\n\t\t\t\t\t<\/div>\n\t\t\t\t\t\t\t\t<a href=\"https:\/\/bewehrungstechnik.ch\/fr\/engineering\/outils-numeriques-tools\/allplan-2\/\" class=\"c-btn c-btn--outline-primary c-btn--icon w-full justify-center mt-auto\"  target=\"\" role=\"button\">Lire plus<i class=\"c-icon c-icon--chevron-right text-10 ml-4\"><\/i><\/a>\t\t\t<\/div>\n\t\t\t\t\t<div class=\"md:flex md:flex-col mb-6 last:mb-0 md:mb-0\">\n\t\t\t\t\t\t\t\t\t\t\t\t\t\t\t\t\t<h3 class=\"font-bold mt-0 mb-3 xl:mb-8 h4 uppercase\">Catalogue TEKLA Warehouse<\/h3>\n\t\t\t\t\t\t\t\t\t\t\t\t\t<div class=\"mb-6.5 md:mb-8\">\n\t\t\t\t\t\t<p>Nous nous r\u00e9jouissons de vous pr\u00e9senter notre nouveau catalogue Warehouse pour Tekla Structures. Tous les aciers d\u2019armature sp\u00e9ciaux et le programme complet BARTEC\u00ae sont d\u00e9j\u00e0 disponibles.<\/p>\n\t\t\t\t\t<\/div>\n\t\t\t\t\t\t\t\t<a href=\"https:\/\/bewehrungstechnik.ch\/fr\/engineering\/outils-numeriques-tools\/tekla-catalogue-de-produits\/\" class=\"c-btn c-btn--outline-primary c-btn--icon w-full justify-center mt-auto\"  target=\"\" role=\"button\">Lire plus<i class=\"c-icon c-icon--chevron-right text-10 ml-4\"><\/i><\/a>\t\t\t<\/div>\n\t\t\t\t\t<div class=\"md:flex md:flex-col mb-6 last:mb-0 md:mb-0\">\n\t\t\t\t\t\t\t\t\t\t\t\t\t\t\t\t\t<h3 class=\"font-bold mt-0 mb-3 xl:mb-8 h4 uppercase\">Biblioth\u00e8ques BIM pour tous les syst\u00e8mes CAD<\/h3>\n\t\t\t\t\t\t\t\t\t\t\t\t\t<div class=\"mb-6.5 md:mb-8\">\n\t\t\t\t\t\t<p>En collaboration avec CADENAS GmbH, nous mettons \u00e0 disposition nos produits de la Technique d\u2019armature, en t\u00e9l\u00e9chargement gratuit sur la plateforme BIM ouverte pour tous les syst\u00e8mes CAD.<\/p>\n\t\t\t\t\t<\/div>\n\t\t\t\t\t\t\t\t<a href=\"https:\/\/bewehrungstechnik.ch\/fr\/engineering\/outils-numeriques-tools\/cadenas-partcommunity\/\" class=\"c-btn c-btn--outline-primary c-btn--icon w-full justify-center mt-auto\"  target=\"\" role=\"button\">Lire plus<i class=\"c-icon c-icon--chevron-right text-10 ml-4\"><\/i><\/a>\t\t\t<\/div>\n\t\t\t\t\t<div class=\"md:flex md:flex-col mb-6 last:mb-0 md:mb-0\">\n\t\t\t\t\t\t\t\t\t\t\t\t\t\t\t\t\t<h3 class=\"font-bold mt-0 mb-3 xl:mb-8 h4 uppercase\">Catalogue 3D REVIT<\/h3>\n\t\t\t\t\t\t\t\t\t\t\t\t\t<div class=\"mb-6.5 md:mb-8\">\n\t\t\t\t\t\t<p>D\u00e9couvrez le confort de planification facile et pratique avec Autodesk Revit. Le logiciel BIM permet la cr\u00e9ation de mod\u00e8les 3D pr\u00e9cis et fournit toutes les informations n\u00e9cessaires pour la construction et la gestion de notre technique d&rsquo;armature.<\/p>\n\t\t\t\t\t<\/div>\n\t\t\t\t\t\t\t\t<a href=\"https:\/\/bewehrungstechnik.ch\/fr\/revit-catalogue-de-composants-3d\/\" class=\"c-btn c-btn--outline-primary c-btn--icon w-full justify-center mt-auto\"  target=\"\" role=\"button\">Lire plus<i class=\"c-icon c-icon--chevron-right text-10 ml-4\"><\/i><\/a>\t\t\t<\/div>\n\t\t\t<\/div>\n<\/div>\n\n\n      <div id=\"block_33825c7052ae58b37b43d99ef388e59a\" class=\"deac-topic-blocks mb-10 md:mb-19 lg:mb-28 alignwide l-block\"  >\n  \n  \t<div class=\"md:grid md:grid-cols-2 md:gap-6 lg:gap-16 xl:gap-24\">\n\t\t\t\t\t<div class=\"md:flex md:flex-col mb-6 last:mb-0 md:mb-0\">\n\t\t\t\t\t\t\t\t\t\t\t\t\t\t\t\t\t<h3 class=\"font-bold mt-0 mb-3 xl:mb-8 h4 uppercase\">ACILIST\u00ae outil d\u2019\u00e9tablissement de listes de commande en ligne<\/h3>\n\t\t\t\t\t\t\t\t\t\t\t\t\t<div class=\"mb-6.5 md:mb-8\">\n\t\t\t\t\t\t<p>Les projeteurs acc\u00e8dent avec ACILIST\u00ae directement \u00e0 l\u2019assortiment de la Technique d\u2019armature de Debrunner Bewehrungstechnik et peuvent \u00e9tablir de mani\u00e8re tr\u00e8s simple des listes de commande de nos produits de la Technique d\u2019armature.<\/p>\n\t\t\t\t\t<\/div>\n\t\t\t\t\t\t\t\t<a href=\"https:\/\/bewehrungstechnik.ch\/fr\/engineering\/outils-numeriques-tools\/online-listen-tool-acilist\/\" class=\"c-btn c-btn--outline-primary c-btn--icon w-full justify-center mt-auto\"  target=\"\" role=\"button\">Lire plus<i class=\"c-icon c-icon--chevron-right text-10 ml-4\"><\/i><\/a>\t\t\t<\/div>\n\t\t\t<\/div>\n<\/div>\n\n\n      <div id=\"block_d81f1eb30b808ac9fca7cca4ff460560\" class=\"deac-block-global-banner my-10 md:my-19 lg:my-28 alignwide l-block\"  >\n  \n  \n\t<\/div>","protected":false},"excerpt":{"rendered":"","protected":false},"author":4,"featured_media":0,"parent":2110,"menu_order":0,"comment_status":"closed","ping_status":"closed","template":"","meta":{"_acf_changed":false,"footnotes":""},"class_list":["post-2121","page","type-page","status-publish",""],"acf":[],"yoast_head":"<!-- This site is optimized with the Yoast SEO plugin v27.3 - https:\/\/yoast.com\/product\/yoast-seo-wordpress\/ -->\n<title>Outils num\u00e9riques en technique d&#039;armature | Debrunner Bewehrungstechnik<\/title>\n<meta name=\"description\" content=\"Nous facilitons la planification de votre technique d&#039;armature ! D\u00e9couvrez notre catalogue d&#039;\u00e9l\u00e9ments de construction en 3D et l&#039;outil de liste en ligne ACILIST\u00ae.\" \/>\n<meta name=\"robots\" content=\"index, follow, max-snippet:-1, max-image-preview:large, max-video-preview:-1\" \/>\n<link rel=\"canonical\" href=\"https:\/\/bewehrungstechnik.ch\/fr\/engineering\/outils-numeriques-tools\/\" \/>\n<meta property=\"og:locale\" content=\"fr_FR\" \/>\n<meta property=\"og:type\" content=\"article\" \/>\n<meta property=\"og:title\" content=\"Outils num\u00e9riques en technique d&#039;armature | Debrunner Bewehrungstechnik\" \/>\n<meta property=\"og:description\" content=\"Nous facilitons la planification de votre technique d&#039;armature ! D\u00e9couvrez notre catalogue d&#039;\u00e9l\u00e9ments de construction en 3D et l&#039;outil de liste en ligne ACILIST\u00ae.\" \/>\n<meta property=\"og:url\" content=\"https:\/\/bewehrungstechnik.ch\/fr\/engineering\/outils-numeriques-tools\/\" \/>\n<meta property=\"og:site_name\" content=\"Bewehrungstechnik\" \/>\n<meta property=\"article:modified_time\" content=\"2025-02-25T13:35:06+00:00\" \/>\n<meta name=\"twitter:card\" content=\"summary_large_image\" \/>\n<script type=\"application\/ld+json\" class=\"yoast-schema-graph\">{\"@context\":\"https:\\\/\\\/schema.org\",\"@graph\":[{\"@type\":\"WebPage\",\"@id\":\"https:\\\/\\\/bewehrungstechnik.ch\\\/fr\\\/engineering\\\/outils-numeriques-tools\\\/\",\"url\":\"https:\\\/\\\/bewehrungstechnik.ch\\\/fr\\\/engineering\\\/outils-numeriques-tools\\\/\",\"name\":\"Outils num\u00e9riques en technique d'armature | Debrunner Bewehrungstechnik\",\"isPartOf\":{\"@id\":\"https:\\\/\\\/bewehrungstechnik.ch\\\/fr\\\/#website\"},\"datePublished\":\"2021-05-14T11:10:04+00:00\",\"dateModified\":\"2025-02-25T13:35:06+00:00\",\"description\":\"Nous facilitons la planification de votre technique d'armature ! D\u00e9couvrez notre catalogue d'\u00e9l\u00e9ments de construction en 3D et l'outil de liste en ligne ACILIST\u00ae.\",\"breadcrumb\":{\"@id\":\"https:\\\/\\\/bewehrungstechnik.ch\\\/fr\\\/engineering\\\/outils-numeriques-tools\\\/#breadcrumb\"},\"inLanguage\":\"fr-FR\",\"potentialAction\":[{\"@type\":\"ReadAction\",\"target\":[\"https:\\\/\\\/bewehrungstechnik.ch\\\/fr\\\/engineering\\\/outils-numeriques-tools\\\/\"]}]},{\"@type\":\"BreadcrumbList\",\"@id\":\"https:\\\/\\\/bewehrungstechnik.ch\\\/fr\\\/engineering\\\/outils-numeriques-tools\\\/#breadcrumb\",\"itemListElement\":[{\"@type\":\"ListItem\",\"position\":1,\"name\":\"Home\",\"item\":\"https:\\\/\\\/bewehrungstechnik.ch\\\/fr\\\/\"},{\"@type\":\"ListItem\",\"position\":2,\"name\":\"Engineering\",\"item\":\"https:\\\/\\\/bewehrungstechnik.ch\\\/fr\\\/engineering\\\/\"},{\"@type\":\"ListItem\",\"position\":3,\"name\":\"Outils num\u00e9riques (Tools)\"}]},{\"@type\":\"WebSite\",\"@id\":\"https:\\\/\\\/bewehrungstechnik.ch\\\/fr\\\/#website\",\"url\":\"https:\\\/\\\/bewehrungstechnik.ch\\\/fr\\\/\",\"name\":\"Bewehrungstechnik\",\"description\":\"Just another WordPress site\",\"publisher\":{\"@id\":\"https:\\\/\\\/bewehrungstechnik.ch\\\/fr\\\/#organization\"},\"potentialAction\":[{\"@type\":\"SearchAction\",\"target\":{\"@type\":\"EntryPoint\",\"urlTemplate\":\"https:\\\/\\\/bewehrungstechnik.ch\\\/fr\\\/?s={search_term_string}\"},\"query-input\":{\"@type\":\"PropertyValueSpecification\",\"valueRequired\":true,\"valueName\":\"search_term_string\"}}],\"inLanguage\":\"fr-FR\"},{\"@type\":\"Organization\",\"@id\":\"https:\\\/\\\/bewehrungstechnik.ch\\\/fr\\\/#organization\",\"name\":\"Bewehrungstechnik\",\"url\":\"https:\\\/\\\/bewehrungstechnik.ch\\\/fr\\\/\",\"logo\":{\"@type\":\"ImageObject\",\"inLanguage\":\"fr-FR\",\"@id\":\"https:\\\/\\\/bewehrungstechnik.ch\\\/fr\\\/#\\\/schema\\\/logo\\\/image\\\/\",\"url\":\"https:\\\/\\\/bewehrungstechnik.ch\\\/wp-content\\\/uploads\\\/2021\\\/03\\\/logo.svg\",\"contentUrl\":\"https:\\\/\\\/bewehrungstechnik.ch\\\/wp-content\\\/uploads\\\/2021\\\/03\\\/logo.svg\",\"width\":436,\"height\":436,\"caption\":\"Bewehrungstechnik\"},\"image\":{\"@id\":\"https:\\\/\\\/bewehrungstechnik.ch\\\/fr\\\/#\\\/schema\\\/logo\\\/image\\\/\"}}]}<\/script>\n<!-- \/ Yoast SEO plugin. -->","yoast_head_json":{"title":"Outils num\u00e9riques en technique d'armature | Debrunner Bewehrungstechnik","description":"Nous facilitons la planification de votre technique d'armature ! D\u00e9couvrez notre catalogue d'\u00e9l\u00e9ments de construction en 3D et l'outil de liste en ligne ACILIST\u00ae.","robots":{"index":"index","follow":"follow","max-snippet":"max-snippet:-1","max-image-preview":"max-image-preview:large","max-video-preview":"max-video-preview:-1"},"canonical":"https:\/\/bewehrungstechnik.ch\/fr\/engineering\/outils-numeriques-tools\/","og_locale":"fr_FR","og_type":"article","og_title":"Outils num\u00e9riques en technique d'armature | Debrunner Bewehrungstechnik","og_description":"Nous facilitons la planification de votre technique d'armature ! D\u00e9couvrez notre catalogue d'\u00e9l\u00e9ments de construction en 3D et l'outil de liste en ligne ACILIST\u00ae.","og_url":"https:\/\/bewehrungstechnik.ch\/fr\/engineering\/outils-numeriques-tools\/","og_site_name":"Bewehrungstechnik","article_modified_time":"2025-02-25T13:35:06+00:00","twitter_card":"summary_large_image","schema":{"@context":"https:\/\/schema.org","@graph":[{"@type":"WebPage","@id":"https:\/\/bewehrungstechnik.ch\/fr\/engineering\/outils-numeriques-tools\/","url":"https:\/\/bewehrungstechnik.ch\/fr\/engineering\/outils-numeriques-tools\/","name":"Outils num\u00e9riques en technique d'armature | Debrunner Bewehrungstechnik","isPartOf":{"@id":"https:\/\/bewehrungstechnik.ch\/fr\/#website"},"datePublished":"2021-05-14T11:10:04+00:00","dateModified":"2025-02-25T13:35:06+00:00","description":"Nous facilitons la planification de votre technique d'armature ! D\u00e9couvrez notre catalogue d'\u00e9l\u00e9ments de construction en 3D et l'outil de liste en ligne ACILIST\u00ae.","breadcrumb":{"@id":"https:\/\/bewehrungstechnik.ch\/fr\/engineering\/outils-numeriques-tools\/#breadcrumb"},"inLanguage":"fr-FR","potentialAction":[{"@type":"ReadAction","target":["https:\/\/bewehrungstechnik.ch\/fr\/engineering\/outils-numeriques-tools\/"]}]},{"@type":"BreadcrumbList","@id":"https:\/\/bewehrungstechnik.ch\/fr\/engineering\/outils-numeriques-tools\/#breadcrumb","itemListElement":[{"@type":"ListItem","position":1,"name":"Home","item":"https:\/\/bewehrungstechnik.ch\/fr\/"},{"@type":"ListItem","position":2,"name":"Engineering","item":"https:\/\/bewehrungstechnik.ch\/fr\/engineering\/"},{"@type":"ListItem","position":3,"name":"Outils num\u00e9riques (Tools)"}]},{"@type":"WebSite","@id":"https:\/\/bewehrungstechnik.ch\/fr\/#website","url":"https:\/\/bewehrungstechnik.ch\/fr\/","name":"Bewehrungstechnik","description":"Just another WordPress site","publisher":{"@id":"https:\/\/bewehrungstechnik.ch\/fr\/#organization"},"potentialAction":[{"@type":"SearchAction","target":{"@type":"EntryPoint","urlTemplate":"https:\/\/bewehrungstechnik.ch\/fr\/?s={search_term_string}"},"query-input":{"@type":"PropertyValueSpecification","valueRequired":true,"valueName":"search_term_string"}}],"inLanguage":"fr-FR"},{"@type":"Organization","@id":"https:\/\/bewehrungstechnik.ch\/fr\/#organization","name":"Bewehrungstechnik","url":"https:\/\/bewehrungstechnik.ch\/fr\/","logo":{"@type":"ImageObject","inLanguage":"fr-FR","@id":"https:\/\/bewehrungstechnik.ch\/fr\/#\/schema\/logo\/image\/","url":"https:\/\/bewehrungstechnik.ch\/wp-content\/uploads\/2021\/03\/logo.svg","contentUrl":"https:\/\/bewehrungstechnik.ch\/wp-content\/uploads\/2021\/03\/logo.svg","width":436,"height":436,"caption":"Bewehrungstechnik"},"image":{"@id":"https:\/\/bewehrungstechnik.ch\/fr\/#\/schema\/logo\/image\/"}}]}},"_links":{"self":[{"href":"https:\/\/bewehrungstechnik.ch\/fr\/wp-json\/wp\/v2\/pages\/2121","targetHints":{"allow":["GET"]}}],"collection":[{"href":"https:\/\/bewehrungstechnik.ch\/fr\/wp-json\/wp\/v2\/pages"}],"about":[{"href":"https:\/\/bewehrungstechnik.ch\/fr\/wp-json\/wp\/v2\/types\/page"}],"author":[{"embeddable":true,"href":"https:\/\/bewehrungstechnik.ch\/fr\/wp-json\/wp\/v2\/users\/4"}],"replies":[{"embeddable":true,"href":"https:\/\/bewehrungstechnik.ch\/fr\/wp-json\/wp\/v2\/comments?post=2121"}],"version-history":[{"count":14,"href":"https:\/\/bewehrungstechnik.ch\/fr\/wp-json\/wp\/v2\/pages\/2121\/revisions"}],"predecessor-version":[{"id":9366,"href":"https:\/\/bewehrungstechnik.ch\/fr\/wp-json\/wp\/v2\/pages\/2121\/revisions\/9366"}],"up":[{"embeddable":true,"href":"https:\/\/bewehrungstechnik.ch\/fr\/wp-json\/wp\/v2\/pages\/2110"}],"wp:attachment":[{"href":"https:\/\/bewehrungstechnik.ch\/fr\/wp-json\/wp\/v2\/media?parent=2121"}],"curies":[{"name":"wp","href":"https:\/\/api.w.org\/{rel}","templated":true}]}}