{"id":2133,"date":"2021-05-14T11:22:51","date_gmt":"2021-05-14T11:22:51","guid":{"rendered":"https:\/\/bewehrungstechnik.ch\/?page_id=2133"},"modified":"2023-07-19T09:02:53","modified_gmt":"2023-07-19T09:02:53","slug":"allplan-2","status":"publish","type":"page","link":"https:\/\/bewehrungstechnik.ch\/fr\/engineering\/outils-numeriques-tools\/allplan-2\/","title":{"rendered":"ALLPLAN"},"content":{"rendered":"\n      <h1 id=\"block_ed2fc668505ed23054ce26f8adbafdfe\" class=\"c-title mt-0 mb-6 lg:mb-17 alignwidetext-left l-block\"  >\n  \n  ALLPLAN<\/h1>\n\n\n      <div id=\"block_43733188b52c5b66ba412994f92d5eaf\" class=\"deac-highlight-box mb-10 md:mb-19 lg:mb-28 alignwide l-block\"  >\n  \n  <div class=\"md:flow-root\">\n\t<div class=\"highlight-box-slider md:bg-faded-coils md:bg-cover md:mb-6 lg:mb-7 md:grid md:grid-cols-2 md:gap-6 lg:gap-16 xl:gap-24 md:min-h-136\">\n\t\t<div class=\"relative md:order-2 md:h-full  md:pr-6 lg:pr-9  md:py-10 lg:py-14 \">\n\t\t\t\t\t\t\t\t\t\t<div class=\"left-0 right-0 -mx-4 md:absolute  md:top-10 lg:top-14 md:h-full  border-b-6 md:border-0 border-primary h-72  sm:-mx-6 md:mx-0 overflow-hidden max-h-full\">\n\t\t\t\t\t<img loading=\"lazy\" decoding=\"async\" width=\"722\" height=\"452\" src=\"https:\/\/bewehrungstechnik.ch\/wp-content\/uploads\/2021\/05\/Allplan-Ecke-mit-KP-und-Dorne.jpg\" class=\"block w-full h-full object-cover md:absolute\" alt=\"Allplan Kragplattenanschl\u00fcse ACINOXplus und Dorne ACIDORN\" srcset=\"https:\/\/bewehrungstechnik.ch\/wp-content\/uploads\/2021\/05\/Allplan-Ecke-mit-KP-und-Dorne.jpg 722w, https:\/\/bewehrungstechnik.ch\/wp-content\/uploads\/2021\/05\/Allplan-Ecke-mit-KP-und-Dorne-300x188.jpg 300w, https:\/\/bewehrungstechnik.ch\/wp-content\/uploads\/2021\/05\/Allplan-Ecke-mit-KP-und-Dorne-436x273.jpg 436w, https:\/\/bewehrungstechnik.ch\/wp-content\/uploads\/2021\/05\/Allplan-Ecke-mit-KP-und-Dorne-550x344.jpg 550w\" sizes=\"auto, (max-width: 722px) 100vw, 722px\" \/>\t\t\t\t\t\t\t\t\t<\/div>\n\t\t\t\t\t\t\t\t<\/div>\n\t\t<div class=\"relative py-6 bg-white md:order-1 md:bg-transparent sm:py-7 md:py-10 lg:py-14 md:px-6 lg:px-9\">\n\t\t\t<div class=\"absolute bottom-0 md:hidden -inset-x-4 sm:-inset-x-6 top-15 bg-gradient-to-b from-white to-gray-light\"><\/div>\n\t\t\t\t\t\t\t\t\t\t<div class=\"relative text-18 lg:text-32 leading-tight font-bold lg:font-semibold text-black mb-3.5 lg:mb-6\">\n\t\t\t\t\tInt\u00e9gration de tous les produits de la Technique d\u2019armature de Debrunner Acifer dans la Swiss Edition actuelle\t\t\t\t<\/div>\n\t\t\t\t\t\t\t\t\t\t<div class=\"relative text-primary lg:text-18 font-bold leading-snug mb-4.5 lg:mb-6\">\n\t\t\t\t\tEn votre qualit\u00e9 d\u2019utilisateur d\u2019ALLPLAN vous profitez d\u2019un confort maximal lors de la conception avec nos produits de la Technique d\u2019armature\t\t\t\t<\/div>\n\t\t\t\t\t\t\t\t\t\t<div class=\"relative text-black\">\n\t\t\t\t\t<p class=\"lg:mb-8\">Produits disponibles:<\/p>\n<ul class=\"font-bold\">\n<li class=\"leading-snug text-15 before:bottom-0\">ACINOXplus\u00ae &#8211; Consoles isolantes<\/li>\n<li class=\"leading-snug text-15 before:bottom-0\">BARTEC\u00ae &#8211; Liaisons d\u2019armature par filetage<\/li>\n<li class=\"leading-snug text-15 before:bottom-0\">PYRATOP\u00ae &#8211; Fers de reprise<\/li>\n<li class=\"leading-snug text-15 before:bottom-0\">ACITOP\u00ae &#8211; Fers de reprise<\/li>\n<li class=\"leading-snug text-15 before:bottom-0\"><\/li>\n<li class=\"leading-snug text-15 before:bottom-0\">ACIDORN\u00ae &#8211; Goujons<\/li>\n<\/ul>\n\t\t\t\t<\/div>\n\t\t\t\t\t\t\t\t\t\t\t<\/div>\n\t<\/div>\n<\/div><\/div>\n\n\n<h2 class=\"wp-block-heading\">D\u00e9tection pr\u00e9coce de conflits de collision<\/h2>\n\n\n\n<p>Gr\u00e2ce aux composants 3D d\u00e9taill\u00e9s, les collisions et les conflits dans la disposition des armatures peuvent \u00eatre d\u00e9tect\u00e9s et \u00e9vit\u00e9s \u00e0 temps.<\/p>\n\n\n\n<h2 class=\"wp-block-heading\">Algorithmes de pose intelligents<\/h2>\n\n\n\n<p>Les composants param\u00e9triques vous facilitent la conception. Les composants peuvent \u00eatre plac\u00e9s lin\u00e9airement le long d&rsquo;une ligne.<\/p>\n\n\n\n<h2 class=\"wp-block-heading\">Llistes de commande via Report<\/h2>\n\n\n\n<p>Les listes de Technique d\u2019armature sont \u00e9tablies avec peu de clics de souris &#8211; de mani\u00e8re similaire \u00e0 des listes de fer. Les quantit\u00e9s n\u00e9cessaires sont directement d\u00e9termin\u00e9es sure la base du plan.<\/p>\n\n\n\n<h2 class=\"wp-block-heading\">Toujours actuel avec la Swiss Edition<\/h2>\n\n\n\n<p>L\u2019installation gratuite de la Swiss Edition vous garantit en tout temps l\u2019acc\u00e8s \u00e0 l\u2019assortiment actuel de nos produits.<\/p>\n\n\n\n      <div id=\"block_efe8191bd8beb4d5d35e5d989dc45b14\" class=\"deac-block-global-banner my-10 md:my-19 lg:my-28 alignwide l-block\"  >\n  \n  \n\t<\/div>","protected":false},"excerpt":{"rendered":"<p>D\u00e9tection pr\u00e9coce de conflits de collision Gr\u00e2ce aux composants 3D d\u00e9taill\u00e9s, les collisions et les conflits dans la disposition des armatures peuvent \u00eatre d\u00e9tect\u00e9s et \u00e9vit\u00e9s \u00e0 temps. Algorithmes de pose intelligents Les composants param\u00e9triques vous facilitent la conception. Les composants peuvent \u00eatre plac\u00e9s lin\u00e9airement le long d&rsquo;une ligne. Llistes de commande via Report Les [&hellip;]<\/p>\n","protected":false},"author":4,"featured_media":0,"parent":2121,"menu_order":0,"comment_status":"closed","ping_status":"closed","template":"","meta":{"_acf_changed":false,"footnotes":""},"class_list":["post-2133","page","type-page","status-publish",""],"acf":[],"yoast_head":"<!-- This site is optimized with the Yoast SEO plugin v27.3 - https:\/\/yoast.com\/product\/yoast-seo-wordpress\/ -->\n<title>Technique d&#039;armature ALLPLAN | Debrunner Acifer Bewehrungen<\/title>\n<meta name=\"description\" content=\"En tant qu&#039;utilisateur ALLPLAN, vous profitez d&#039;un confort maximal lors de la planification avec notre technique d&#039;armature. T\u00e9l\u00e9chargez gratuitement les int\u00e9grations !\" \/>\n<meta name=\"robots\" content=\"index, follow, max-snippet:-1, max-image-preview:large, max-video-preview:-1\" \/>\n<link rel=\"canonical\" href=\"https:\/\/bewehrungstechnik.ch\/fr\/engineering\/outils-numeriques-tools\/allplan-2\/\" \/>\n<meta property=\"og:locale\" content=\"fr_FR\" \/>\n<meta property=\"og:type\" content=\"article\" \/>\n<meta property=\"og:title\" content=\"Technique d&#039;armature ALLPLAN | Debrunner Acifer Bewehrungen\" \/>\n<meta property=\"og:description\" content=\"En tant qu&#039;utilisateur ALLPLAN, vous profitez d&#039;un confort maximal lors de la planification avec notre technique d&#039;armature. T\u00e9l\u00e9chargez gratuitement les int\u00e9grations !\" \/>\n<meta property=\"og:url\" content=\"https:\/\/bewehrungstechnik.ch\/fr\/engineering\/outils-numeriques-tools\/allplan-2\/\" \/>\n<meta property=\"og:site_name\" content=\"Bewehrungstechnik\" \/>\n<meta property=\"article:modified_time\" content=\"2023-07-19T09:02:53+00:00\" \/>\n<meta name=\"twitter:card\" content=\"summary_large_image\" \/>\n<script type=\"application\/ld+json\" class=\"yoast-schema-graph\">{\"@context\":\"https:\\\/\\\/schema.org\",\"@graph\":[{\"@type\":\"WebPage\",\"@id\":\"https:\\\/\\\/bewehrungstechnik.ch\\\/fr\\\/engineering\\\/outils-numeriques-tools\\\/allplan-2\\\/\",\"url\":\"https:\\\/\\\/bewehrungstechnik.ch\\\/fr\\\/engineering\\\/outils-numeriques-tools\\\/allplan-2\\\/\",\"name\":\"Technique d'armature ALLPLAN | Debrunner Acifer Bewehrungen\",\"isPartOf\":{\"@id\":\"https:\\\/\\\/bewehrungstechnik.ch\\\/fr\\\/#website\"},\"datePublished\":\"2021-05-14T11:22:51+00:00\",\"dateModified\":\"2023-07-19T09:02:53+00:00\",\"description\":\"En tant qu'utilisateur ALLPLAN, vous profitez d'un confort maximal lors de la planification avec notre technique d'armature. T\u00e9l\u00e9chargez gratuitement les int\u00e9grations !\",\"breadcrumb\":{\"@id\":\"https:\\\/\\\/bewehrungstechnik.ch\\\/fr\\\/engineering\\\/outils-numeriques-tools\\\/allplan-2\\\/#breadcrumb\"},\"inLanguage\":\"fr-FR\",\"potentialAction\":[{\"@type\":\"ReadAction\",\"target\":[\"https:\\\/\\\/bewehrungstechnik.ch\\\/fr\\\/engineering\\\/outils-numeriques-tools\\\/allplan-2\\\/\"]}]},{\"@type\":\"BreadcrumbList\",\"@id\":\"https:\\\/\\\/bewehrungstechnik.ch\\\/fr\\\/engineering\\\/outils-numeriques-tools\\\/allplan-2\\\/#breadcrumb\",\"itemListElement\":[{\"@type\":\"ListItem\",\"position\":1,\"name\":\"Home\",\"item\":\"https:\\\/\\\/bewehrungstechnik.ch\\\/fr\\\/\"},{\"@type\":\"ListItem\",\"position\":2,\"name\":\"Engineering\",\"item\":\"https:\\\/\\\/bewehrungstechnik.ch\\\/fr\\\/engineering\\\/\"},{\"@type\":\"ListItem\",\"position\":3,\"name\":\"Outils num\u00e9riques (Tools)\",\"item\":\"https:\\\/\\\/bewehrungstechnik.ch\\\/fr\\\/engineering\\\/outils-numeriques-tools\\\/\"},{\"@type\":\"ListItem\",\"position\":4,\"name\":\"ALLPLAN\"}]},{\"@type\":\"WebSite\",\"@id\":\"https:\\\/\\\/bewehrungstechnik.ch\\\/fr\\\/#website\",\"url\":\"https:\\\/\\\/bewehrungstechnik.ch\\\/fr\\\/\",\"name\":\"Bewehrungstechnik\",\"description\":\"Just another WordPress site\",\"publisher\":{\"@id\":\"https:\\\/\\\/bewehrungstechnik.ch\\\/fr\\\/#organization\"},\"potentialAction\":[{\"@type\":\"SearchAction\",\"target\":{\"@type\":\"EntryPoint\",\"urlTemplate\":\"https:\\\/\\\/bewehrungstechnik.ch\\\/fr\\\/?s={search_term_string}\"},\"query-input\":{\"@type\":\"PropertyValueSpecification\",\"valueRequired\":true,\"valueName\":\"search_term_string\"}}],\"inLanguage\":\"fr-FR\"},{\"@type\":\"Organization\",\"@id\":\"https:\\\/\\\/bewehrungstechnik.ch\\\/fr\\\/#organization\",\"name\":\"Bewehrungstechnik\",\"url\":\"https:\\\/\\\/bewehrungstechnik.ch\\\/fr\\\/\",\"logo\":{\"@type\":\"ImageObject\",\"inLanguage\":\"fr-FR\",\"@id\":\"https:\\\/\\\/bewehrungstechnik.ch\\\/fr\\\/#\\\/schema\\\/logo\\\/image\\\/\",\"url\":\"https:\\\/\\\/bewehrungstechnik.ch\\\/wp-content\\\/uploads\\\/2021\\\/03\\\/logo.svg\",\"contentUrl\":\"https:\\\/\\\/bewehrungstechnik.ch\\\/wp-content\\\/uploads\\\/2021\\\/03\\\/logo.svg\",\"width\":436,\"height\":436,\"caption\":\"Bewehrungstechnik\"},\"image\":{\"@id\":\"https:\\\/\\\/bewehrungstechnik.ch\\\/fr\\\/#\\\/schema\\\/logo\\\/image\\\/\"}}]}<\/script>\n<!-- \/ Yoast SEO plugin. -->","yoast_head_json":{"title":"Technique d'armature ALLPLAN | Debrunner Acifer Bewehrungen","description":"En tant qu'utilisateur ALLPLAN, vous profitez d'un confort maximal lors de la planification avec notre technique d'armature. T\u00e9l\u00e9chargez gratuitement les int\u00e9grations !","robots":{"index":"index","follow":"follow","max-snippet":"max-snippet:-1","max-image-preview":"max-image-preview:large","max-video-preview":"max-video-preview:-1"},"canonical":"https:\/\/bewehrungstechnik.ch\/fr\/engineering\/outils-numeriques-tools\/allplan-2\/","og_locale":"fr_FR","og_type":"article","og_title":"Technique d'armature ALLPLAN | Debrunner Acifer Bewehrungen","og_description":"En tant qu'utilisateur ALLPLAN, vous profitez d'un confort maximal lors de la planification avec notre technique d'armature. T\u00e9l\u00e9chargez gratuitement les int\u00e9grations !","og_url":"https:\/\/bewehrungstechnik.ch\/fr\/engineering\/outils-numeriques-tools\/allplan-2\/","og_site_name":"Bewehrungstechnik","article_modified_time":"2023-07-19T09:02:53+00:00","twitter_card":"summary_large_image","schema":{"@context":"https:\/\/schema.org","@graph":[{"@type":"WebPage","@id":"https:\/\/bewehrungstechnik.ch\/fr\/engineering\/outils-numeriques-tools\/allplan-2\/","url":"https:\/\/bewehrungstechnik.ch\/fr\/engineering\/outils-numeriques-tools\/allplan-2\/","name":"Technique d'armature ALLPLAN | Debrunner Acifer Bewehrungen","isPartOf":{"@id":"https:\/\/bewehrungstechnik.ch\/fr\/#website"},"datePublished":"2021-05-14T11:22:51+00:00","dateModified":"2023-07-19T09:02:53+00:00","description":"En tant qu'utilisateur ALLPLAN, vous profitez d'un confort maximal lors de la planification avec notre technique d'armature. T\u00e9l\u00e9chargez gratuitement les int\u00e9grations !","breadcrumb":{"@id":"https:\/\/bewehrungstechnik.ch\/fr\/engineering\/outils-numeriques-tools\/allplan-2\/#breadcrumb"},"inLanguage":"fr-FR","potentialAction":[{"@type":"ReadAction","target":["https:\/\/bewehrungstechnik.ch\/fr\/engineering\/outils-numeriques-tools\/allplan-2\/"]}]},{"@type":"BreadcrumbList","@id":"https:\/\/bewehrungstechnik.ch\/fr\/engineering\/outils-numeriques-tools\/allplan-2\/#breadcrumb","itemListElement":[{"@type":"ListItem","position":1,"name":"Home","item":"https:\/\/bewehrungstechnik.ch\/fr\/"},{"@type":"ListItem","position":2,"name":"Engineering","item":"https:\/\/bewehrungstechnik.ch\/fr\/engineering\/"},{"@type":"ListItem","position":3,"name":"Outils num\u00e9riques (Tools)","item":"https:\/\/bewehrungstechnik.ch\/fr\/engineering\/outils-numeriques-tools\/"},{"@type":"ListItem","position":4,"name":"ALLPLAN"}]},{"@type":"WebSite","@id":"https:\/\/bewehrungstechnik.ch\/fr\/#website","url":"https:\/\/bewehrungstechnik.ch\/fr\/","name":"Bewehrungstechnik","description":"Just another WordPress site","publisher":{"@id":"https:\/\/bewehrungstechnik.ch\/fr\/#organization"},"potentialAction":[{"@type":"SearchAction","target":{"@type":"EntryPoint","urlTemplate":"https:\/\/bewehrungstechnik.ch\/fr\/?s={search_term_string}"},"query-input":{"@type":"PropertyValueSpecification","valueRequired":true,"valueName":"search_term_string"}}],"inLanguage":"fr-FR"},{"@type":"Organization","@id":"https:\/\/bewehrungstechnik.ch\/fr\/#organization","name":"Bewehrungstechnik","url":"https:\/\/bewehrungstechnik.ch\/fr\/","logo":{"@type":"ImageObject","inLanguage":"fr-FR","@id":"https:\/\/bewehrungstechnik.ch\/fr\/#\/schema\/logo\/image\/","url":"https:\/\/bewehrungstechnik.ch\/wp-content\/uploads\/2021\/03\/logo.svg","contentUrl":"https:\/\/bewehrungstechnik.ch\/wp-content\/uploads\/2021\/03\/logo.svg","width":436,"height":436,"caption":"Bewehrungstechnik"},"image":{"@id":"https:\/\/bewehrungstechnik.ch\/fr\/#\/schema\/logo\/image\/"}}]}},"_links":{"self":[{"href":"https:\/\/bewehrungstechnik.ch\/fr\/wp-json\/wp\/v2\/pages\/2133","targetHints":{"allow":["GET"]}}],"collection":[{"href":"https:\/\/bewehrungstechnik.ch\/fr\/wp-json\/wp\/v2\/pages"}],"about":[{"href":"https:\/\/bewehrungstechnik.ch\/fr\/wp-json\/wp\/v2\/types\/page"}],"author":[{"embeddable":true,"href":"https:\/\/bewehrungstechnik.ch\/fr\/wp-json\/wp\/v2\/users\/4"}],"replies":[{"embeddable":true,"href":"https:\/\/bewehrungstechnik.ch\/fr\/wp-json\/wp\/v2\/comments?post=2133"}],"version-history":[{"count":11,"href":"https:\/\/bewehrungstechnik.ch\/fr\/wp-json\/wp\/v2\/pages\/2133\/revisions"}],"predecessor-version":[{"id":7859,"href":"https:\/\/bewehrungstechnik.ch\/fr\/wp-json\/wp\/v2\/pages\/2133\/revisions\/7859"}],"up":[{"embeddable":true,"href":"https:\/\/bewehrungstechnik.ch\/fr\/wp-json\/wp\/v2\/pages\/2121"}],"wp:attachment":[{"href":"https:\/\/bewehrungstechnik.ch\/fr\/wp-json\/wp\/v2\/media?parent=2133"}],"curies":[{"name":"wp","href":"https:\/\/api.w.org\/{rel}","templated":true}]}}