{"id":2138,"date":"2021-05-14T11:28:50","date_gmt":"2021-05-14T11:28:50","guid":{"rendered":"https:\/\/bewehrungstechnik.ch\/?page_id=2138"},"modified":"2023-07-19T09:04:49","modified_gmt":"2023-07-19T09:04:49","slug":"cadenas-partcommunity","status":"publish","type":"page","link":"https:\/\/bewehrungstechnik.ch\/fr\/engineering\/outils-numeriques-tools\/cadenas-partcommunity\/","title":{"rendered":"CADENAS \/ Partcommunity"},"content":{"rendered":"\n      <h1 id=\"block_41a5ebd47169a654217817eb87c0fbb4\" class=\"c-title mt-0 mb-6 lg:mb-17 alignwidetext-left l-block\"  >\n  \n  CADENAS \/ Partcommunity<\/h1>\n\n\n      <div id=\"block_f3ad570981ec64bd72b0cde23443810c\" class=\"deac-highlight-box mb-10 md:mb-19 lg:mb-28 alignwide l-block\"  >\n  \n  <div class=\"md:flow-root\">\n\t<div class=\"highlight-box-slider md:bg-faded-coils md:bg-cover md:mb-6 lg:mb-7 md:grid md:grid-cols-2 md:gap-6 lg:gap-16 xl:gap-24 md:min-h-136\">\n\t\t<div class=\"relative md:order-2 md:h-full  md:pr-6 lg:pr-9  md:py-10 lg:py-14 \">\n\t\t\t\t\t\t\t\t\t\t<div class=\"left-0 right-0 -mx-4 md:absolute  md:top-10 lg:top-14 md:h-full  border-b-6 md:border-0 border-primary h-72  sm:-mx-6 md:mx-0 overflow-hidden max-h-full\">\n\t\t\t\t\t<img loading=\"lazy\" decoding=\"async\" width=\"526\" height=\"392\" src=\"https:\/\/bewehrungstechnik.ch\/wp-content\/uploads\/2021\/06\/bim-e1622556075171.jpg\" class=\"block w-full h-full object-cover md:absolute\" alt=\"\" srcset=\"https:\/\/bewehrungstechnik.ch\/wp-content\/uploads\/2021\/06\/bim-e1622556075171.jpg 526w, https:\/\/bewehrungstechnik.ch\/wp-content\/uploads\/2021\/06\/bim-e1622556075171-300x224.jpg 300w, https:\/\/bewehrungstechnik.ch\/wp-content\/uploads\/2021\/06\/bim-e1622556075171-436x325.jpg 436w\" sizes=\"auto, (max-width: 526px) 100vw, 526px\" \/>\t\t\t\t\t\t\t\t\t\t\t<a class=\"absolute inset-0 flex items-center justify-center transition-all duration-300 js-lightbox group hover:no-underline opacity-60 hover:opacity-100\" href=\"https:\/\/debrunner-bwt.partcommunity.com\/3d-cad-models\/\">\n\t\t\t\t\t\t\t<span class=\"flex items-center justify-center transition-colors w-21 lg:w-26 h-21 lg:h-26 bg-primary group-hover:bg-red-cardinal\">\n\t\t\t\t\t\t\t\t<i class=\"text-white c-icon c-icon--play text-35 lg:text-44\"><\/i>\n\t\t\t\t\t\t\t<\/span>\n\t\t\t\t\t\t<\/a>\n\t\t\t\t\t\t\t\t\t<\/div>\n\t\t\t\t\t\t\t\t<\/div>\n\t\t<div class=\"relative py-6 bg-white md:order-1 md:bg-transparent sm:py-7 md:py-10 lg:py-14 md:px-6 lg:px-9\">\n\t\t\t<div class=\"absolute bottom-0 md:hidden -inset-x-4 sm:-inset-x-6 top-15 bg-gradient-to-b from-white to-gray-light\"><\/div>\n\t\t\t\t\t\t\t\t\t\t<div class=\"relative text-18 lg:text-32 leading-tight font-bold lg:font-semibold text-black mb-3.5 lg:mb-6\">\n\t\t\t\t\tBiblioth\u00e8que BIM pour tous les syst\u00e8mes CAD\t\t\t\t<\/div>\n\t\t\t\t\t\t\t\t\t\t\t\t\t<div class=\"relative text-black\">\n\t\t\t\t\t<p class=\"lg:mb-8\">En collaboration avec CADENAS GmbH, nous mettons \u00e0 disposition nos produits de la Technique d\u2019armature, en t\u00e9l\u00e9chargement gratuit sur la plateforme BIM ouverte <a href=\"https:\/\/debrunner-bwt.partcommunity.com\/3d-cad-models\/debrunner-acifer-bewehrungstechnik?info=debrunner_bwt&amp;cwid=6683\">www.partcommunity.com<\/a><\/p>\n<p class=\"lg:mb-8\">Produits disponibles:<\/p>\n<ul class=\"font-bold\">\n<li class=\"leading-snug text-15 before:bottom-0\">ACINOXplus\u00ae &#8211; Consoles isolantes<\/li>\n<li class=\"leading-snug text-15 before:bottom-0\">BARTEC\u00ae &#8211; Liaisons d\u2019armature par filetage<\/li>\n<li class=\"leading-snug text-15 before:bottom-0\">PYRATOP\u00ae &#8211; Fers de reprise<\/li>\n<li class=\"leading-snug text-15 before:bottom-0\">PYRABAR\u00ae &#8211; Fers de reprise vissables<\/li>\n<li class=\"leading-snug text-15 before:bottom-0\">PYRAPAN\u00ae &#8211; Panier d\u2019arr\u00eat de b\u00e9tonnage<\/li>\n<\/ul>\n\t\t\t\t<\/div>\n\t\t\t\t\t\t\t\t\t\t\t<\/div>\n\t<\/div>\n<\/div><\/div>\n\n\n<h2 class=\"wp-block-heading\">Pour tous les syst\u00e8mes CAD<\/h2>\n\n\n\n<p>Gr\u00e2ce \u00e0 notre plateforme BIM ouverte, nous vous proposons des composants 3D pour tous les principaux syst\u00e8mes CAD. Diff\u00e9rents formats de t\u00e9l\u00e9chargement sont disponibles, \u00e9galement en 2D ou 3D.<\/p>\n\n\n\n<h2 class=\"wp-block-heading\">T\u00e9l\u00e9chargements gratuits<\/h2>\n\n\n\n<p>Apr\u00e8s vous \u00eatre enregistr\u00e9 une fois sur <a href=\"https:\/\/debrunner-bwt.partcommunity.com\/3d-cad-models\/debrunner-acifer-bewehrungstechnik?info=debrunner_bwt&amp;cwid=6683\">www.partcommunity.com<\/a> vous pouvez t\u00e9l\u00e9charger gratuitement nos produits de la Technique d\u2019armature ou les importer via Plugin.<\/p>\n\n\n\n<h2 class=\"wp-block-heading\">Parties d&rsquo;ouvrages librement configurables<\/h2>\n\n\n\n<p>Tous les param\u00e8tres sp\u00e9cifiques au produit, comme par exemple la g\u00e9om\u00e9trie et les mat\u00e9riaux peuvent \u00eatre simplement configur\u00e9s individuellement selon vos besoins, Ceci dans la limite de l\u2019assortiment disponible.<\/p>\n\n\n\n<h2 class=\"wp-block-heading\">Plugin et outil de listes de commande pour Revit<\/h2>\n\n\n\n<p>L\u2019outil confortable d\u2019\u00e9tablissement de listes de commande REVIT permet simplement et rapidement d\u2019\u00e9tablir des listes de commande ACINOXplus\u00ae.<br>Avec le lien suivant vous acc\u00e9derez au Plug-in gratuit et \u00e0 l\u2019outil d\u2019\u00e9tablissement de listes de commande : <a href=\"https:\/\/www.bimcatalogs.net\/fr\/cadapp\" target=\"_blank\" rel=\"noreferrer noopener\">https:\/\/www.bimcatalogs.net\/fr\/cadapp<\/a><\/p>\n\n\n\n      <div id=\"block_f4b329b61c7c9cdc1d2e9d3442bae05c\" class=\"deac-block-global-banner my-10 md:my-19 lg:my-28 alignwide l-block\"  >\n  \n  \n\t<\/div>","protected":false},"excerpt":{"rendered":"<p>Pour tous les syst\u00e8mes CAD Gr\u00e2ce \u00e0 notre plateforme BIM ouverte, nous vous proposons des composants 3D pour tous les principaux syst\u00e8mes CAD. Diff\u00e9rents formats de t\u00e9l\u00e9chargement sont disponibles, \u00e9galement en 2D ou 3D. T\u00e9l\u00e9chargements gratuits Apr\u00e8s vous \u00eatre enregistr\u00e9 une fois sur www.partcommunity.com vous pouvez t\u00e9l\u00e9charger gratuitement nos produits de la Technique d\u2019armature ou [&hellip;]<\/p>\n","protected":false},"author":4,"featured_media":0,"parent":2121,"menu_order":0,"comment_status":"closed","ping_status":"closed","template":"","meta":{"_acf_changed":false,"footnotes":""},"class_list":["post-2138","page","type-page","status-publish",""],"acf":[],"yoast_head":"<!-- This site is optimized with the Yoast SEO plugin v27.3 - https:\/\/yoast.com\/product\/yoast-seo-wordpress\/ -->\n<title>CADENAS Partcommunity | Biblioth\u00e8ques BIM | Debrunner Acifer Bewehrungen<\/title>\n<meta name=\"description\" content=\"CADENAS Partcommunity - Biblioth\u00e8ques BIM pour tous les syst\u00e8mes de CAO. Montrer maintenant les produits disponibles !\" \/>\n<meta name=\"robots\" content=\"index, follow, max-snippet:-1, max-image-preview:large, max-video-preview:-1\" \/>\n<link rel=\"canonical\" href=\"https:\/\/bewehrungstechnik.ch\/fr\/engineering\/outils-numeriques-tools\/cadenas-partcommunity\/\" \/>\n<meta property=\"og:locale\" content=\"fr_FR\" \/>\n<meta property=\"og:type\" content=\"article\" \/>\n<meta property=\"og:title\" content=\"CADENAS Partcommunity | Biblioth\u00e8ques BIM | Debrunner Acifer Bewehrungen\" \/>\n<meta property=\"og:description\" content=\"CADENAS Partcommunity - Biblioth\u00e8ques BIM pour tous les syst\u00e8mes de CAO. Montrer maintenant les produits disponibles !\" \/>\n<meta property=\"og:url\" content=\"https:\/\/bewehrungstechnik.ch\/fr\/engineering\/outils-numeriques-tools\/cadenas-partcommunity\/\" \/>\n<meta property=\"og:site_name\" content=\"Bewehrungstechnik\" \/>\n<meta property=\"article:modified_time\" content=\"2023-07-19T09:04:49+00:00\" \/>\n<meta name=\"twitter:card\" content=\"summary_large_image\" \/>\n<script type=\"application\/ld+json\" class=\"yoast-schema-graph\">{\"@context\":\"https:\\\/\\\/schema.org\",\"@graph\":[{\"@type\":\"WebPage\",\"@id\":\"https:\\\/\\\/bewehrungstechnik.ch\\\/fr\\\/engineering\\\/outils-numeriques-tools\\\/cadenas-partcommunity\\\/\",\"url\":\"https:\\\/\\\/bewehrungstechnik.ch\\\/fr\\\/engineering\\\/outils-numeriques-tools\\\/cadenas-partcommunity\\\/\",\"name\":\"CADENAS Partcommunity | Biblioth\u00e8ques BIM | Debrunner Acifer Bewehrungen\",\"isPartOf\":{\"@id\":\"https:\\\/\\\/bewehrungstechnik.ch\\\/fr\\\/#website\"},\"datePublished\":\"2021-05-14T11:28:50+00:00\",\"dateModified\":\"2023-07-19T09:04:49+00:00\",\"description\":\"CADENAS Partcommunity - Biblioth\u00e8ques BIM pour tous les syst\u00e8mes de CAO. Montrer maintenant les produits disponibles !\",\"breadcrumb\":{\"@id\":\"https:\\\/\\\/bewehrungstechnik.ch\\\/fr\\\/engineering\\\/outils-numeriques-tools\\\/cadenas-partcommunity\\\/#breadcrumb\"},\"inLanguage\":\"fr-FR\",\"potentialAction\":[{\"@type\":\"ReadAction\",\"target\":[\"https:\\\/\\\/bewehrungstechnik.ch\\\/fr\\\/engineering\\\/outils-numeriques-tools\\\/cadenas-partcommunity\\\/\"]}]},{\"@type\":\"BreadcrumbList\",\"@id\":\"https:\\\/\\\/bewehrungstechnik.ch\\\/fr\\\/engineering\\\/outils-numeriques-tools\\\/cadenas-partcommunity\\\/#breadcrumb\",\"itemListElement\":[{\"@type\":\"ListItem\",\"position\":1,\"name\":\"Home\",\"item\":\"https:\\\/\\\/bewehrungstechnik.ch\\\/fr\\\/\"},{\"@type\":\"ListItem\",\"position\":2,\"name\":\"Engineering\",\"item\":\"https:\\\/\\\/bewehrungstechnik.ch\\\/fr\\\/engineering\\\/\"},{\"@type\":\"ListItem\",\"position\":3,\"name\":\"Outils num\u00e9riques (Tools)\",\"item\":\"https:\\\/\\\/bewehrungstechnik.ch\\\/fr\\\/engineering\\\/outils-numeriques-tools\\\/\"},{\"@type\":\"ListItem\",\"position\":4,\"name\":\"CADENAS \\\/ Partcommunity\"}]},{\"@type\":\"WebSite\",\"@id\":\"https:\\\/\\\/bewehrungstechnik.ch\\\/fr\\\/#website\",\"url\":\"https:\\\/\\\/bewehrungstechnik.ch\\\/fr\\\/\",\"name\":\"Bewehrungstechnik\",\"description\":\"Just another WordPress site\",\"publisher\":{\"@id\":\"https:\\\/\\\/bewehrungstechnik.ch\\\/fr\\\/#organization\"},\"potentialAction\":[{\"@type\":\"SearchAction\",\"target\":{\"@type\":\"EntryPoint\",\"urlTemplate\":\"https:\\\/\\\/bewehrungstechnik.ch\\\/fr\\\/?s={search_term_string}\"},\"query-input\":{\"@type\":\"PropertyValueSpecification\",\"valueRequired\":true,\"valueName\":\"search_term_string\"}}],\"inLanguage\":\"fr-FR\"},{\"@type\":\"Organization\",\"@id\":\"https:\\\/\\\/bewehrungstechnik.ch\\\/fr\\\/#organization\",\"name\":\"Bewehrungstechnik\",\"url\":\"https:\\\/\\\/bewehrungstechnik.ch\\\/fr\\\/\",\"logo\":{\"@type\":\"ImageObject\",\"inLanguage\":\"fr-FR\",\"@id\":\"https:\\\/\\\/bewehrungstechnik.ch\\\/fr\\\/#\\\/schema\\\/logo\\\/image\\\/\",\"url\":\"https:\\\/\\\/bewehrungstechnik.ch\\\/wp-content\\\/uploads\\\/2021\\\/03\\\/logo.svg\",\"contentUrl\":\"https:\\\/\\\/bewehrungstechnik.ch\\\/wp-content\\\/uploads\\\/2021\\\/03\\\/logo.svg\",\"width\":436,\"height\":436,\"caption\":\"Bewehrungstechnik\"},\"image\":{\"@id\":\"https:\\\/\\\/bewehrungstechnik.ch\\\/fr\\\/#\\\/schema\\\/logo\\\/image\\\/\"}}]}<\/script>\n<!-- \/ Yoast SEO plugin. -->","yoast_head_json":{"title":"CADENAS Partcommunity | Biblioth\u00e8ques BIM | Debrunner Acifer Bewehrungen","description":"CADENAS Partcommunity - Biblioth\u00e8ques BIM pour tous les syst\u00e8mes de CAO. Montrer maintenant les produits disponibles !","robots":{"index":"index","follow":"follow","max-snippet":"max-snippet:-1","max-image-preview":"max-image-preview:large","max-video-preview":"max-video-preview:-1"},"canonical":"https:\/\/bewehrungstechnik.ch\/fr\/engineering\/outils-numeriques-tools\/cadenas-partcommunity\/","og_locale":"fr_FR","og_type":"article","og_title":"CADENAS Partcommunity | Biblioth\u00e8ques BIM | Debrunner Acifer Bewehrungen","og_description":"CADENAS Partcommunity - Biblioth\u00e8ques BIM pour tous les syst\u00e8mes de CAO. Montrer maintenant les produits disponibles !","og_url":"https:\/\/bewehrungstechnik.ch\/fr\/engineering\/outils-numeriques-tools\/cadenas-partcommunity\/","og_site_name":"Bewehrungstechnik","article_modified_time":"2023-07-19T09:04:49+00:00","twitter_card":"summary_large_image","schema":{"@context":"https:\/\/schema.org","@graph":[{"@type":"WebPage","@id":"https:\/\/bewehrungstechnik.ch\/fr\/engineering\/outils-numeriques-tools\/cadenas-partcommunity\/","url":"https:\/\/bewehrungstechnik.ch\/fr\/engineering\/outils-numeriques-tools\/cadenas-partcommunity\/","name":"CADENAS Partcommunity | Biblioth\u00e8ques BIM | Debrunner Acifer Bewehrungen","isPartOf":{"@id":"https:\/\/bewehrungstechnik.ch\/fr\/#website"},"datePublished":"2021-05-14T11:28:50+00:00","dateModified":"2023-07-19T09:04:49+00:00","description":"CADENAS Partcommunity - Biblioth\u00e8ques BIM pour tous les syst\u00e8mes de CAO. Montrer maintenant les produits disponibles !","breadcrumb":{"@id":"https:\/\/bewehrungstechnik.ch\/fr\/engineering\/outils-numeriques-tools\/cadenas-partcommunity\/#breadcrumb"},"inLanguage":"fr-FR","potentialAction":[{"@type":"ReadAction","target":["https:\/\/bewehrungstechnik.ch\/fr\/engineering\/outils-numeriques-tools\/cadenas-partcommunity\/"]}]},{"@type":"BreadcrumbList","@id":"https:\/\/bewehrungstechnik.ch\/fr\/engineering\/outils-numeriques-tools\/cadenas-partcommunity\/#breadcrumb","itemListElement":[{"@type":"ListItem","position":1,"name":"Home","item":"https:\/\/bewehrungstechnik.ch\/fr\/"},{"@type":"ListItem","position":2,"name":"Engineering","item":"https:\/\/bewehrungstechnik.ch\/fr\/engineering\/"},{"@type":"ListItem","position":3,"name":"Outils num\u00e9riques (Tools)","item":"https:\/\/bewehrungstechnik.ch\/fr\/engineering\/outils-numeriques-tools\/"},{"@type":"ListItem","position":4,"name":"CADENAS \/ Partcommunity"}]},{"@type":"WebSite","@id":"https:\/\/bewehrungstechnik.ch\/fr\/#website","url":"https:\/\/bewehrungstechnik.ch\/fr\/","name":"Bewehrungstechnik","description":"Just another WordPress site","publisher":{"@id":"https:\/\/bewehrungstechnik.ch\/fr\/#organization"},"potentialAction":[{"@type":"SearchAction","target":{"@type":"EntryPoint","urlTemplate":"https:\/\/bewehrungstechnik.ch\/fr\/?s={search_term_string}"},"query-input":{"@type":"PropertyValueSpecification","valueRequired":true,"valueName":"search_term_string"}}],"inLanguage":"fr-FR"},{"@type":"Organization","@id":"https:\/\/bewehrungstechnik.ch\/fr\/#organization","name":"Bewehrungstechnik","url":"https:\/\/bewehrungstechnik.ch\/fr\/","logo":{"@type":"ImageObject","inLanguage":"fr-FR","@id":"https:\/\/bewehrungstechnik.ch\/fr\/#\/schema\/logo\/image\/","url":"https:\/\/bewehrungstechnik.ch\/wp-content\/uploads\/2021\/03\/logo.svg","contentUrl":"https:\/\/bewehrungstechnik.ch\/wp-content\/uploads\/2021\/03\/logo.svg","width":436,"height":436,"caption":"Bewehrungstechnik"},"image":{"@id":"https:\/\/bewehrungstechnik.ch\/fr\/#\/schema\/logo\/image\/"}}]}},"_links":{"self":[{"href":"https:\/\/bewehrungstechnik.ch\/fr\/wp-json\/wp\/v2\/pages\/2138","targetHints":{"allow":["GET"]}}],"collection":[{"href":"https:\/\/bewehrungstechnik.ch\/fr\/wp-json\/wp\/v2\/pages"}],"about":[{"href":"https:\/\/bewehrungstechnik.ch\/fr\/wp-json\/wp\/v2\/types\/page"}],"author":[{"embeddable":true,"href":"https:\/\/bewehrungstechnik.ch\/fr\/wp-json\/wp\/v2\/users\/4"}],"replies":[{"embeddable":true,"href":"https:\/\/bewehrungstechnik.ch\/fr\/wp-json\/wp\/v2\/comments?post=2138"}],"version-history":[{"count":12,"href":"https:\/\/bewehrungstechnik.ch\/fr\/wp-json\/wp\/v2\/pages\/2138\/revisions"}],"predecessor-version":[{"id":7861,"href":"https:\/\/bewehrungstechnik.ch\/fr\/wp-json\/wp\/v2\/pages\/2138\/revisions\/7861"}],"up":[{"embeddable":true,"href":"https:\/\/bewehrungstechnik.ch\/fr\/wp-json\/wp\/v2\/pages\/2121"}],"wp:attachment":[{"href":"https:\/\/bewehrungstechnik.ch\/fr\/wp-json\/wp\/v2\/media?parent=2138"}],"curies":[{"name":"wp","href":"https:\/\/api.w.org\/{rel}","templated":true}]}}