{"id":2144,"date":"2021-05-14T11:36:11","date_gmt":"2021-05-14T11:36:11","guid":{"rendered":"https:\/\/bewehrungstechnik.ch\/?page_id=2144"},"modified":"2023-07-19T09:04:02","modified_gmt":"2023-07-19T09:04:02","slug":"tekla-catalogue-de-produits","status":"publish","type":"page","link":"https:\/\/bewehrungstechnik.ch\/fr\/engineering\/outils-numeriques-tools\/tekla-catalogue-de-produits\/","title":{"rendered":"Tekla &#8211; Catalogue de produits"},"content":{"rendered":"\n      <h1 id=\"block_c51fff42ea644a09a11d471003bb080f\" class=\"c-title mt-0 mb-6 lg:mb-17 alignwidetext-left l-block\"  >\n  \n  Tekla &#8211; Catalogue de produits<\/h1>\n\n\n      <div id=\"block_b426390d76a98bc86db88c4605078386\" class=\"deac-highlight-box mb-10 md:mb-19 lg:mb-28 alignwide l-block\"  >\n  \n  <div class=\"md:flow-root\">\n\t<div class=\"highlight-box-slider md:bg-faded-coils md:bg-cover md:mb-6 lg:mb-7 md:grid md:grid-cols-2 md:gap-6 lg:gap-16 xl:gap-24 md:min-h-136\">\n\t\t<div class=\"relative md:order-2 md:h-full  md:pr-6 lg:pr-9  md:py-10 lg:py-14 \">\n\t\t\t\t\t\t\t\t\t\t<div class=\"left-0 right-0 -mx-4 md:absolute  md:top-10 lg:top-14 md:h-full  border-b-6 md:border-0 border-primary h-72  sm:-mx-6 md:mx-0 overflow-hidden max-h-full\">\n\t\t\t\t\t<img loading=\"lazy\" decoding=\"async\" width=\"1024\" height=\"512\" src=\"https:\/\/bewehrungstechnik.ch\/wp-content\/uploads\/2021\/06\/2018-precast-fab-delivery-header-1024x512.jpg\" class=\"block w-full h-full object-cover md:absolute\" alt=\"\" srcset=\"https:\/\/bewehrungstechnik.ch\/wp-content\/uploads\/2021\/06\/2018-precast-fab-delivery-header-1024x512.jpg 1024w, https:\/\/bewehrungstechnik.ch\/wp-content\/uploads\/2021\/06\/2018-precast-fab-delivery-header-300x150.jpg 300w, https:\/\/bewehrungstechnik.ch\/wp-content\/uploads\/2021\/06\/2018-precast-fab-delivery-header-768x384.jpg 768w, https:\/\/bewehrungstechnik.ch\/wp-content\/uploads\/2021\/06\/2018-precast-fab-delivery-header-436x218.jpg 436w, https:\/\/bewehrungstechnik.ch\/wp-content\/uploads\/2021\/06\/2018-precast-fab-delivery-header-550x275.jpg 550w, https:\/\/bewehrungstechnik.ch\/wp-content\/uploads\/2021\/06\/2018-precast-fab-delivery-header.jpg 1190w\" sizes=\"auto, (max-width: 1024px) 100vw, 1024px\" \/>\t\t\t\t\t\t\t\t\t\t\t<a class=\"absolute inset-0 flex items-center justify-center transition-all duration-300 js-lightbox group hover:no-underline opacity-60 hover:opacity-100\" href=\"https:\/\/www.bimcatalogs.net\/de\/cadapp\">\n\t\t\t\t\t\t\t<span class=\"flex items-center justify-center transition-colors w-21 lg:w-26 h-21 lg:h-26 bg-primary group-hover:bg-red-cardinal\">\n\t\t\t\t\t\t\t\t<i class=\"text-white c-icon c-icon--play text-35 lg:text-44\"><\/i>\n\t\t\t\t\t\t\t<\/span>\n\t\t\t\t\t\t<\/a>\n\t\t\t\t\t\t\t\t\t<\/div>\n\t\t\t\t\t\t\t\t<\/div>\n\t\t<div class=\"relative py-6 bg-white md:order-1 md:bg-transparent sm:py-7 md:py-10 lg:py-14 md:px-6 lg:px-9\">\n\t\t\t<div class=\"absolute bottom-0 md:hidden -inset-x-4 sm:-inset-x-6 top-15 bg-gradient-to-b from-white to-gray-light\"><\/div>\n\t\t\t\t\t\t\t\t\t\t<div class=\"relative text-18 lg:text-32 leading-tight font-bold lg:font-semibold text-black mb-3.5 lg:mb-6\">\n\t\t\t\t\tComposants param\u00e9triques dans Tekla Structures\t\t\t\t<\/div>\n\t\t\t\t\t\t\t\t\t\t<div class=\"relative text-primary lg:text-18 font-bold leading-snug mb-4.5 lg:mb-6\">\n\t\t\t\t\tAfin de vous offrir un meilleur flux de travail lors de la conception avec nos composants, nous d\u00e9veloppons continuellement notre Technique d\u2019armature pour Tekla Structures.\t\t\t\t<\/div>\n\t\t\t\t\t\t\t\t\t\t<div class=\"relative text-black\">\n\t\t\t\t\t<p class=\"lg:mb-8\">Produits disponibles:<\/p>\n<ul class=\"font-bold\">\n<li class=\"leading-snug text-15 before:bottom-0\">ACIGRIP\u00ae, Top12, Top700, PREZINC\u00ae \u2013 Aciers d\u2019armature sp\u00e9ciaux<\/li>\n<li class=\"leading-snug text-15 before:bottom-0\">BARTEC\u00ae &#8211; Liaisons d\u2019armature par filetage<\/li>\n<li class=\"leading-snug text-15 before:bottom-0\">PYRABAR\u00ae &#8211; Fers de reprise vissables<\/li>\n<\/ul>\n\t\t\t\t<\/div>\n\t\t\t\t\t\t\t\t\t\t\t<\/div>\n\t<\/div>\n<\/div><\/div>\n\n\n<h2 class=\"wp-block-heading\">D\u00e9tection pr\u00e9coce de conflits de collision<\/h2>\n\n\n\n<p>Gr\u00e2ce aux composants 3D d\u00e9taill\u00e9s, les collisions et les conflits dans la disposition des armatures peuvent \u00eatre d\u00e9tect\u00e9s et \u00e9vit\u00e9s \u00e0 temps.<\/p>\n\n\n\n<h2 class=\"wp-block-heading\">Composants param\u00e9triques avec attributs BIM<\/h2>\n\n\n\n<p>Modification simple de tous les param\u00e8tres de g\u00e9om\u00e9trie et de mat\u00e9riaux.<br>Non seulement la repr\u00e9sentation 3D, mais aussi tous les attributs pertinents pour le BIM sont li\u00e9s \u00e0 nos composants.<\/p>\n\n\n\n<h2 class=\"wp-block-heading\">Etablissement rapide de listes<\/h2>\n\n\n\n<p>Les listes de Technique d\u2019armature sont cr\u00e9\u00e9es en quelques clics de souris &#8211; comme les listes de fer. Les quantit\u00e9s requises sont d\u00e9termin\u00e9es directement \u00e0 partir du plan.<\/p>\n\n\n\n<h2 class=\"wp-block-heading\">Toujours actuel \u2013 gr\u00e2ce \u00e0 la biblioth\u00e8que Structures<\/h2>\n\n\n\n<p>Vous pouvez t\u00e9l\u00e9charger gratuitement le catalogue de composants actuel par la Timble-Plattform Structures.<\/p>\n\n\n\n      <div id=\"block_5a6c3e67ac2c80dcc3a08325a624a9e0\" class=\"deac-block-global-banner my-10 md:my-19 lg:my-28 alignwide l-block\"  >\n  \n  \n\t<\/div>","protected":false},"excerpt":{"rendered":"<p>D\u00e9tection pr\u00e9coce de conflits de collision Gr\u00e2ce aux composants 3D d\u00e9taill\u00e9s, les collisions et les conflits dans la disposition des armatures peuvent \u00eatre d\u00e9tect\u00e9s et \u00e9vit\u00e9s \u00e0 temps. Composants param\u00e9triques avec attributs BIM Modification simple de tous les param\u00e8tres de g\u00e9om\u00e9trie et de mat\u00e9riaux.Non seulement la repr\u00e9sentation 3D, mais aussi tous les attributs pertinents pour [&hellip;]<\/p>\n","protected":false},"author":4,"featured_media":0,"parent":2121,"menu_order":0,"comment_status":"closed","ping_status":"closed","template":"","meta":{"_acf_changed":false,"footnotes":""},"class_list":["post-2144","page","type-page","status-publish",""],"acf":[],"yoast_head":"<!-- This site is optimized with the Yoast SEO plugin v27.4 - https:\/\/yoast.com\/product\/yoast-seo-wordpress\/ -->\n<title>Technique d&#039;armature TEKLA | Debrunner Acifer Bewehrungen<\/title>\n<meta name=\"description\" content=\"Nous d\u00e9veloppons en permanence nos techniques d&#039;armature pour les structures TEKLA. En savoir plus maintenant !\" \/>\n<meta name=\"robots\" content=\"index, follow, max-snippet:-1, max-image-preview:large, max-video-preview:-1\" \/>\n<link rel=\"canonical\" href=\"https:\/\/bewehrungstechnik.ch\/fr\/engineering\/outils-numeriques-tools\/tekla-catalogue-de-produits\/\" \/>\n<meta property=\"og:locale\" content=\"fr_FR\" \/>\n<meta property=\"og:type\" content=\"article\" \/>\n<meta property=\"og:title\" content=\"Technique d&#039;armature TEKLA | Debrunner Acifer Bewehrungen\" \/>\n<meta property=\"og:description\" content=\"Nous d\u00e9veloppons en permanence nos techniques d&#039;armature pour les structures TEKLA. En savoir plus maintenant !\" \/>\n<meta property=\"og:url\" content=\"https:\/\/bewehrungstechnik.ch\/fr\/engineering\/outils-numeriques-tools\/tekla-catalogue-de-produits\/\" \/>\n<meta property=\"og:site_name\" content=\"Bewehrungstechnik\" \/>\n<meta property=\"article:modified_time\" content=\"2023-07-19T09:04:02+00:00\" \/>\n<meta name=\"twitter:card\" content=\"summary_large_image\" \/>\n<script type=\"application\/ld+json\" class=\"yoast-schema-graph\">{\"@context\":\"https:\\\/\\\/schema.org\",\"@graph\":[{\"@type\":\"WebPage\",\"@id\":\"https:\\\/\\\/bewehrungstechnik.ch\\\/fr\\\/engineering\\\/outils-numeriques-tools\\\/tekla-catalogue-de-produits\\\/\",\"url\":\"https:\\\/\\\/bewehrungstechnik.ch\\\/fr\\\/engineering\\\/outils-numeriques-tools\\\/tekla-catalogue-de-produits\\\/\",\"name\":\"Technique d'armature TEKLA | Debrunner Acifer Bewehrungen\",\"isPartOf\":{\"@id\":\"https:\\\/\\\/bewehrungstechnik.ch\\\/fr\\\/#website\"},\"datePublished\":\"2021-05-14T11:36:11+00:00\",\"dateModified\":\"2023-07-19T09:04:02+00:00\",\"description\":\"Nous d\u00e9veloppons en permanence nos techniques d'armature pour les structures TEKLA. En savoir plus maintenant !\",\"breadcrumb\":{\"@id\":\"https:\\\/\\\/bewehrungstechnik.ch\\\/fr\\\/engineering\\\/outils-numeriques-tools\\\/tekla-catalogue-de-produits\\\/#breadcrumb\"},\"inLanguage\":\"fr-FR\",\"potentialAction\":[{\"@type\":\"ReadAction\",\"target\":[\"https:\\\/\\\/bewehrungstechnik.ch\\\/fr\\\/engineering\\\/outils-numeriques-tools\\\/tekla-catalogue-de-produits\\\/\"]}]},{\"@type\":\"BreadcrumbList\",\"@id\":\"https:\\\/\\\/bewehrungstechnik.ch\\\/fr\\\/engineering\\\/outils-numeriques-tools\\\/tekla-catalogue-de-produits\\\/#breadcrumb\",\"itemListElement\":[{\"@type\":\"ListItem\",\"position\":1,\"name\":\"Home\",\"item\":\"https:\\\/\\\/bewehrungstechnik.ch\\\/fr\\\/\"},{\"@type\":\"ListItem\",\"position\":2,\"name\":\"Engineering\",\"item\":\"https:\\\/\\\/bewehrungstechnik.ch\\\/fr\\\/engineering\\\/\"},{\"@type\":\"ListItem\",\"position\":3,\"name\":\"Outils num\u00e9riques (Tools)\",\"item\":\"https:\\\/\\\/bewehrungstechnik.ch\\\/fr\\\/engineering\\\/outils-numeriques-tools\\\/\"},{\"@type\":\"ListItem\",\"position\":4,\"name\":\"Tekla &#8211; Catalogue de produits\"}]},{\"@type\":\"WebSite\",\"@id\":\"https:\\\/\\\/bewehrungstechnik.ch\\\/fr\\\/#website\",\"url\":\"https:\\\/\\\/bewehrungstechnik.ch\\\/fr\\\/\",\"name\":\"Bewehrungstechnik\",\"description\":\"Just another WordPress site\",\"publisher\":{\"@id\":\"https:\\\/\\\/bewehrungstechnik.ch\\\/fr\\\/#organization\"},\"potentialAction\":[{\"@type\":\"SearchAction\",\"target\":{\"@type\":\"EntryPoint\",\"urlTemplate\":\"https:\\\/\\\/bewehrungstechnik.ch\\\/fr\\\/?s={search_term_string}\"},\"query-input\":{\"@type\":\"PropertyValueSpecification\",\"valueRequired\":true,\"valueName\":\"search_term_string\"}}],\"inLanguage\":\"fr-FR\"},{\"@type\":\"Organization\",\"@id\":\"https:\\\/\\\/bewehrungstechnik.ch\\\/fr\\\/#organization\",\"name\":\"Bewehrungstechnik\",\"url\":\"https:\\\/\\\/bewehrungstechnik.ch\\\/fr\\\/\",\"logo\":{\"@type\":\"ImageObject\",\"inLanguage\":\"fr-FR\",\"@id\":\"https:\\\/\\\/bewehrungstechnik.ch\\\/fr\\\/#\\\/schema\\\/logo\\\/image\\\/\",\"url\":\"https:\\\/\\\/bewehrungstechnik.ch\\\/wp-content\\\/uploads\\\/2021\\\/03\\\/logo.svg\",\"contentUrl\":\"https:\\\/\\\/bewehrungstechnik.ch\\\/wp-content\\\/uploads\\\/2021\\\/03\\\/logo.svg\",\"width\":436,\"height\":436,\"caption\":\"Bewehrungstechnik\"},\"image\":{\"@id\":\"https:\\\/\\\/bewehrungstechnik.ch\\\/fr\\\/#\\\/schema\\\/logo\\\/image\\\/\"}}]}<\/script>\n<!-- \/ Yoast SEO plugin. -->","yoast_head_json":{"title":"Technique d'armature TEKLA | Debrunner Acifer Bewehrungen","description":"Nous d\u00e9veloppons en permanence nos techniques d'armature pour les structures TEKLA. En savoir plus maintenant !","robots":{"index":"index","follow":"follow","max-snippet":"max-snippet:-1","max-image-preview":"max-image-preview:large","max-video-preview":"max-video-preview:-1"},"canonical":"https:\/\/bewehrungstechnik.ch\/fr\/engineering\/outils-numeriques-tools\/tekla-catalogue-de-produits\/","og_locale":"fr_FR","og_type":"article","og_title":"Technique d'armature TEKLA | Debrunner Acifer Bewehrungen","og_description":"Nous d\u00e9veloppons en permanence nos techniques d'armature pour les structures TEKLA. En savoir plus maintenant !","og_url":"https:\/\/bewehrungstechnik.ch\/fr\/engineering\/outils-numeriques-tools\/tekla-catalogue-de-produits\/","og_site_name":"Bewehrungstechnik","article_modified_time":"2023-07-19T09:04:02+00:00","twitter_card":"summary_large_image","schema":{"@context":"https:\/\/schema.org","@graph":[{"@type":"WebPage","@id":"https:\/\/bewehrungstechnik.ch\/fr\/engineering\/outils-numeriques-tools\/tekla-catalogue-de-produits\/","url":"https:\/\/bewehrungstechnik.ch\/fr\/engineering\/outils-numeriques-tools\/tekla-catalogue-de-produits\/","name":"Technique d'armature TEKLA | Debrunner Acifer Bewehrungen","isPartOf":{"@id":"https:\/\/bewehrungstechnik.ch\/fr\/#website"},"datePublished":"2021-05-14T11:36:11+00:00","dateModified":"2023-07-19T09:04:02+00:00","description":"Nous d\u00e9veloppons en permanence nos techniques d'armature pour les structures TEKLA. En savoir plus maintenant !","breadcrumb":{"@id":"https:\/\/bewehrungstechnik.ch\/fr\/engineering\/outils-numeriques-tools\/tekla-catalogue-de-produits\/#breadcrumb"},"inLanguage":"fr-FR","potentialAction":[{"@type":"ReadAction","target":["https:\/\/bewehrungstechnik.ch\/fr\/engineering\/outils-numeriques-tools\/tekla-catalogue-de-produits\/"]}]},{"@type":"BreadcrumbList","@id":"https:\/\/bewehrungstechnik.ch\/fr\/engineering\/outils-numeriques-tools\/tekla-catalogue-de-produits\/#breadcrumb","itemListElement":[{"@type":"ListItem","position":1,"name":"Home","item":"https:\/\/bewehrungstechnik.ch\/fr\/"},{"@type":"ListItem","position":2,"name":"Engineering","item":"https:\/\/bewehrungstechnik.ch\/fr\/engineering\/"},{"@type":"ListItem","position":3,"name":"Outils num\u00e9riques (Tools)","item":"https:\/\/bewehrungstechnik.ch\/fr\/engineering\/outils-numeriques-tools\/"},{"@type":"ListItem","position":4,"name":"Tekla &#8211; Catalogue de produits"}]},{"@type":"WebSite","@id":"https:\/\/bewehrungstechnik.ch\/fr\/#website","url":"https:\/\/bewehrungstechnik.ch\/fr\/","name":"Bewehrungstechnik","description":"Just another WordPress site","publisher":{"@id":"https:\/\/bewehrungstechnik.ch\/fr\/#organization"},"potentialAction":[{"@type":"SearchAction","target":{"@type":"EntryPoint","urlTemplate":"https:\/\/bewehrungstechnik.ch\/fr\/?s={search_term_string}"},"query-input":{"@type":"PropertyValueSpecification","valueRequired":true,"valueName":"search_term_string"}}],"inLanguage":"fr-FR"},{"@type":"Organization","@id":"https:\/\/bewehrungstechnik.ch\/fr\/#organization","name":"Bewehrungstechnik","url":"https:\/\/bewehrungstechnik.ch\/fr\/","logo":{"@type":"ImageObject","inLanguage":"fr-FR","@id":"https:\/\/bewehrungstechnik.ch\/fr\/#\/schema\/logo\/image\/","url":"https:\/\/bewehrungstechnik.ch\/wp-content\/uploads\/2021\/03\/logo.svg","contentUrl":"https:\/\/bewehrungstechnik.ch\/wp-content\/uploads\/2021\/03\/logo.svg","width":436,"height":436,"caption":"Bewehrungstechnik"},"image":{"@id":"https:\/\/bewehrungstechnik.ch\/fr\/#\/schema\/logo\/image\/"}}]}},"_links":{"self":[{"href":"https:\/\/bewehrungstechnik.ch\/fr\/wp-json\/wp\/v2\/pages\/2144","targetHints":{"allow":["GET"]}}],"collection":[{"href":"https:\/\/bewehrungstechnik.ch\/fr\/wp-json\/wp\/v2\/pages"}],"about":[{"href":"https:\/\/bewehrungstechnik.ch\/fr\/wp-json\/wp\/v2\/types\/page"}],"author":[{"embeddable":true,"href":"https:\/\/bewehrungstechnik.ch\/fr\/wp-json\/wp\/v2\/users\/4"}],"replies":[{"embeddable":true,"href":"https:\/\/bewehrungstechnik.ch\/fr\/wp-json\/wp\/v2\/comments?post=2144"}],"version-history":[{"count":9,"href":"https:\/\/bewehrungstechnik.ch\/fr\/wp-json\/wp\/v2\/pages\/2144\/revisions"}],"predecessor-version":[{"id":7860,"href":"https:\/\/bewehrungstechnik.ch\/fr\/wp-json\/wp\/v2\/pages\/2144\/revisions\/7860"}],"up":[{"embeddable":true,"href":"https:\/\/bewehrungstechnik.ch\/fr\/wp-json\/wp\/v2\/pages\/2121"}],"wp:attachment":[{"href":"https:\/\/bewehrungstechnik.ch\/fr\/wp-json\/wp\/v2\/media?parent=2144"}],"curies":[{"name":"wp","href":"https:\/\/api.w.org\/{rel}","templated":true}]}}