{"id":2149,"date":"2021-05-14T11:39:36","date_gmt":"2021-05-14T11:39:36","guid":{"rendered":"https:\/\/bewehrungstechnik.ch\/?page_id=2149"},"modified":"2023-07-25T13:34:54","modified_gmt":"2023-07-25T13:34:54","slug":"online-listen-tool-acilist","status":"publish","type":"page","link":"https:\/\/bewehrungstechnik.ch\/fr\/engineering\/outils-numeriques-tools\/online-listen-tool-acilist\/","title":{"rendered":"Online-Listen-Tool ACILIST\u00ae"},"content":{"rendered":"\n      <h1 id=\"block_a6360561d50da4663d298f2f65c3872a\" class=\"c-title mt-0 mb-6 lg:mb-17 alignwidetext-left l-block\"  >\n  \n  Outil d&rsquo;\u00e9tablissement de listes de commande en ligne ACILIST\u00ae<\/h1>\n\n\n      <div id=\"block_a785c3f42bd3ecb7777837e0c8cd809a\" class=\"deac-highlight-box mb-10 md:mb-19 lg:mb-28 alignwide l-block\"  >\n  \n  <div class=\"md:flow-root\">\n\t<div class=\"highlight-box-slider md:bg-faded-coils md:bg-cover md:mb-6 lg:mb-7 md:grid md:grid-cols-2 md:gap-6 lg:gap-16 xl:gap-24 md:min-h-136\">\n\t\t<div class=\"relative md:order-2 md:h-full  md:pr-6 lg:pr-9  md:py-10 lg:py-14 \">\n\t\t\t\t\t\t\t\t\t\t<div class=\"left-0 right-0 -mx-4 md:absolute  md:top-10 lg:top-14 md:h-full  border-b-6 md:border-0 border-primary h-72  sm:-mx-6 md:mx-0 overflow-hidden max-h-full\">\n\t\t\t\t\t<img loading=\"lazy\" decoding=\"async\" width=\"800\" height=\"400\" src=\"https:\/\/bewehrungstechnik.ch\/wp-content\/uploads\/2021\/04\/acilist-grey.jpg\" class=\"block w-full h-full object-cover md:absolute\" alt=\"\" srcset=\"https:\/\/bewehrungstechnik.ch\/wp-content\/uploads\/2021\/04\/acilist-grey.jpg 800w, https:\/\/bewehrungstechnik.ch\/wp-content\/uploads\/2021\/04\/acilist-grey-300x150.jpg 300w, https:\/\/bewehrungstechnik.ch\/wp-content\/uploads\/2021\/04\/acilist-grey-768x384.jpg 768w, https:\/\/bewehrungstechnik.ch\/wp-content\/uploads\/2021\/04\/acilist-grey-436x218.jpg 436w, https:\/\/bewehrungstechnik.ch\/wp-content\/uploads\/2021\/04\/acilist-grey-550x275.jpg 550w\" sizes=\"auto, (max-width: 800px) 100vw, 800px\" \/>\t\t\t\t\t\t\t\t\t<\/div>\n\t\t\t\t\t\t\t\t<\/div>\n\t\t<div class=\"relative py-6 bg-white md:order-1 md:bg-transparent sm:py-7 md:py-10 lg:py-14 md:px-6 lg:px-9\">\n\t\t\t<div class=\"absolute bottom-0 md:hidden -inset-x-4 sm:-inset-x-6 top-15 bg-gradient-to-b from-white to-gray-light\"><\/div>\n\t\t\t\t\t\t\t\t\t\t<div class=\"relative text-18 lg:text-32 leading-tight font-bold lg:font-semibold text-black mb-3.5 lg:mb-6\">\n\t\t\t\t\tEtablir des listes de commande simplement et rapidement\t\t\t\t<\/div>\n\t\t\t\t\t\t\t\t\t\t<div class=\"relative text-primary lg:text-18 font-bold leading-snug mb-4.5 lg:mb-6\">\n\t\t\t\t\tAvec ACILIST\u00ae, les projeteurs peuvent acc\u00e9der directement \u00e0 l\u2019assortiment des produits de la Technique d&#039;armature de Debrunner Acifer et cr\u00e9er facilement et efficacement les listes d&#039;armatures souhait\u00e9es.\t\t\t\t<\/div>\n\t\t\t\t\t\t\t\t\t\t<div class=\"relative text-black\">\n\t\t\t\t\t<ul class=\"font-bold\">\n<li class=\"leading-snug text-15 before:bottom-0\">Portail en ligne sans frais<\/li>\n<li class=\"leading-snug text-15 before:bottom-0\">Gestion int\u00e9gr\u00e9e des objets et des parties d&rsquo;ouvrages<\/li>\n<li class=\"leading-snug text-15 before:bottom-0\">Contr\u00f4le automatique de la g\u00e9om\u00e9trie et des listes<\/li>\n<li class=\"leading-snug text-15 before:bottom-0\">Avec configurateur de composants<\/li>\n<li class=\"leading-snug text-15 before:bottom-0\">Service de support<\/li>\n<\/ul>\n\t\t\t\t<\/div>\n\t\t\t\t\t\t\t\t\t\t\t<\/div>\n\t<\/div>\n<\/div><\/div>\n\n\n      <div id=\"block_ded7f87b71d93db7550987768ddcf3c9\" class=\"deac-block-images-text mb-10 md:mb-19 lg:mb-28 alignwide l-block\"  >\n  \n  <div class=\"md:grid md:grid-cols-2 md:gap-6 lg:gap-16 xl:gap-24\">\n\t<div class=\"mb-6 md:mb-0  order-2\">\n\t\t\n\n<h2 class=\"wp-block-heading has-heading-4-font-size\">ACILIST\u00ae- Outil online<\/h2>\n\n\n\n<p>ACILIST\u00ae fonctionne en ligne et directement sur notre site web et permet au projeteur d&rsquo;y remplir ses listes directement.<br>Gr\u00e2ce au contr\u00f4le int\u00e9gr\u00e9 de la g\u00e9om\u00e9trie et des listes, les donn\u00e9es de la commande sont toujours compar\u00e9es \u00e0 l&rsquo;assortiment actuel. Les listes de commandes p\u00e9rim\u00e9es et incorrectes sont ainsi exclues, ce qui augmente la qualit\u00e9 et votre efficacit\u00e9.<br>ACILIST\u00ae &#8211; pour tous ceux qui ne veulent pas cr\u00e9er leurs listes de commandes directement \u00e0 partir de leur outil CAD, mais qui ne veulent pas se priver des avantages d&rsquo;une solution num\u00e9rique.<\/p>\n\n\n\n<h2 class=\"wp-block-heading has-heading-4-font-size\">Gestion int\u00e9gr\u00e9e des objets et des parties d&rsquo;ouvrages<\/h2>\n\n\n\n<p>Gr\u00e2ce \u00e0 la gestion int\u00e9gr\u00e9e des objets et des composants, vous et vos coll\u00e8gues avez toujours une vue d&rsquo;ensemble. Si un objet est ouvert dans la gestion des objets, les informations d&rsquo;en-t\u00eate de liste pour chaque composant et chaque liste de commande sont transf\u00e9r\u00e9es. Les modifications ou la duplication des listes se font en quelques clics.<\/p>\n\n\n\n<h2 class=\"wp-block-heading has-heading-4-font-size\">Configurateur de composants<\/h2>\n\n\n\n<p>Pour les situations avec d\u00e9calage vertical pour les consoles isolantes ainsi que pour la g\u00e9n\u00e9ration de liaisons d\u2019armature par filetage de l&rsquo;acier d&rsquo;armature, le configurateur ACILIST\u00ae vous aide \u00e0 trouver la solution. Le configurateur est ind\u00e9pendant du syst\u00e8me et vous permet de configurer et de v\u00e9rifier les composants techniques en ligne et de les convertir directement en listes de commande.<\/p>\n\n\n\n<h2 class=\"wp-block-heading has-heading-4-font-size\">Service de Support<\/h2>\n\n\n\n<p>Vous avez besoin d&rsquo;aide pour trouver une solution pour un produit de la Technique d\u2019armature ? Avec ACILIST\u00ae, vous pouvez facilement partager vos listes de commandes avec votre conseiller technique &#8211; et vice versa : si n\u00e9cessaire, votre conseiller technique peut simplement vous envoyer la liste appropri\u00e9e \u00e0 votre concept via ACILIST\u00ae, directement dans votre gestion des objets.<\/p>\n\n\t<\/div>\n\t\t\t<div>\n\t\t\t<div class=\" md:sticky md:top-6\">\n\t\t\t\t\t\t\t\t\t<div class=\"mb-5 md:mb-8 lg:mb-13 last:mb-0\">\n\t\t\t\t\t\t<img loading=\"lazy\" decoding=\"async\" width=\"732\" height=\"560\" src=\"https:\/\/bewehrungstechnik.ch\/wp-content\/uploads\/2021\/04\/acilist-bartec-schraubverbindungen.jpg\" class=\"\" alt=\"\" srcset=\"https:\/\/bewehrungstechnik.ch\/wp-content\/uploads\/2021\/04\/acilist-bartec-schraubverbindungen.jpg 732w, https:\/\/bewehrungstechnik.ch\/wp-content\/uploads\/2021\/04\/acilist-bartec-schraubverbindungen-300x230.jpg 300w, https:\/\/bewehrungstechnik.ch\/wp-content\/uploads\/2021\/04\/acilist-bartec-schraubverbindungen-436x334.jpg 436w, https:\/\/bewehrungstechnik.ch\/wp-content\/uploads\/2021\/04\/acilist-bartec-schraubverbindungen-550x421.jpg 550w\" sizes=\"auto, (max-width: 732px) 100vw, 732px\" \/>\t\t\t\t\t\t\t\t\t\t\t\t\t<div class=\"text-15 mt-4.5\">\n\t\t\t\t\t\t\t\t<p><em><strong class=\"text-black\">Configurateur BARTEC\u00ae :\u00a0 <\/strong>toutes les figures courantes peuvent \u00eatre d\u00e9finies.<\/em><\/p>\n\t\t\t\t\t\t\t<\/div>\n\t\t\t\t\t\t\t\t\t\t\t<\/div>\n\t\t\t\t\t\t\t\t\t<div class=\"mb-5 md:mb-8 lg:mb-13 last:mb-0\">\n\t\t\t\t\t\t<img loading=\"lazy\" decoding=\"async\" width=\"732\" height=\"589\" src=\"https:\/\/bewehrungstechnik.ch\/wp-content\/uploads\/2021\/04\/objektu\u0308bersicht.jpg\" class=\"\" alt=\"\" srcset=\"https:\/\/bewehrungstechnik.ch\/wp-content\/uploads\/2021\/04\/objektu\u0308bersicht.jpg 732w, https:\/\/bewehrungstechnik.ch\/wp-content\/uploads\/2021\/04\/objektu\u0308bersicht-300x241.jpg 300w, https:\/\/bewehrungstechnik.ch\/wp-content\/uploads\/2021\/04\/objektu\u0308bersicht-436x351.jpg 436w, https:\/\/bewehrungstechnik.ch\/wp-content\/uploads\/2021\/04\/objektu\u0308bersicht-550x443.jpg 550w\" sizes=\"auto, (max-width: 732px) 100vw, 732px\" \/>\t\t\t\t\t\t\t\t\t\t\t\t\t<div class=\"text-15 mt-4.5\">\n\t\t\t\t\t\t\t\t<p><em><strong class=\"text-black\">Gestion ais\u00e9e :\u00a0 <\/strong>les param\u00e8tres d&rsquo;objets ne doivent \u00eatre saisis qu&rsquo;une seule fois.<\/em><\/p>\n\t\t\t\t\t\t\t<\/div>\n\t\t\t\t\t\t\t\t\t\t\t<\/div>\n\t\t\t\t\t\t\t<\/div>\n\t\t<\/div>\n\t<\/div>\n<\/div>\n\n\n      <div id=\"block_e96e5d6c5fe8fb11feac3e59a4c559d3\" class=\"deac-block-images-text mb-10 md:mb-19 lg:mb-28 alignwide l-block\"  >\n  \n  <div class=\"md:grid md:grid-cols-2 md:gap-6 lg:gap-16 xl:gap-24\">\n\t<div class=\"mb-6 md:mb-0 \">\n\t\t\n\n<p class=\"mb-2 has-black-color has-text-color has-heading-4-font-size\"><strong>Liste par export pdf<\/strong><\/p>\n\n\n\n<p>La liste de commande compl\u00e9t\u00e9e reste dans votre base de donn\u00e9es d&rsquo;objets et peut \u00e9galement \u00eatre consult\u00e9e et modifi\u00e9e par vos coll\u00e8gues ayant un acc\u00e8s \u00e0 ACILIST. Pour l&rsquo;exp\u00e9dition, vous pouvez g\u00e9n\u00e9rer vos listes de commandes au format PDF, les envoyer \u00e0 l\u2019entrepreneur et, si n\u00e9cessaire, les stocker \u00e9galement dans vos donn\u00e9es d&rsquo;objet locales.<br><\/p>\n\n\n\n<p class=\"mb-2 has-black-color has-text-color has-heading-4-font-size\"><strong>Portail en ligne sans frais<\/strong><\/p>\n\n\n\n<p>Profitez d&rsquo;ACILIST\u00ae et demandez votre acc\u00e8s personnel. Votre conseiller technique se fera un plaisir de r\u00e9pondre \u00e0 toutes vos questions et pr\u00e9occupations.<\/p>\n\n\t<\/div>\n\t\t\t<div>\n\t\t\t<div class=\" md:sticky md:top-6\">\n\t\t\t\t\t\t\t\t\t<div class=\"mb-5 md:mb-8 lg:mb-13 last:mb-0\">\n\t\t\t\t\t\t<img loading=\"lazy\" decoding=\"async\" width=\"682\" height=\"589\" src=\"https:\/\/bewehrungstechnik.ch\/wp-content\/uploads\/2021\/04\/artikelauswahl.jpg\" class=\"\" alt=\"\" srcset=\"https:\/\/bewehrungstechnik.ch\/wp-content\/uploads\/2021\/04\/artikelauswahl.jpg 682w, https:\/\/bewehrungstechnik.ch\/wp-content\/uploads\/2021\/04\/artikelauswahl-300x259.jpg 300w, https:\/\/bewehrungstechnik.ch\/wp-content\/uploads\/2021\/04\/artikelauswahl-436x377.jpg 436w, https:\/\/bewehrungstechnik.ch\/wp-content\/uploads\/2021\/04\/artikelauswahl-550x475.jpg 550w\" sizes=\"auto, (max-width: 682px) 100vw, 682px\" \/>\t\t\t\t\t\t\t\t\t\t\t\t\t<div class=\"text-15 mt-4.5\">\n\t\t\t\t\t\t\t\t<p><strong class=\"text-black\">Les articles peuvent \u00eatre clairement s\u00e9lectionn\u00e9s.<\/strong><\/p>\n\t\t\t\t\t\t\t<\/div>\n\t\t\t\t\t\t\t\t\t\t\t<\/div>\n\t\t\t\t\t\t\t<\/div>\n\t\t<\/div>\n\t<\/div>\n<\/div>\n\n\n      <div id=\"block_f861b76b8f5ac751c3e0c07767348198\" class=\"deac-block-global-banner my-10 md:my-19 lg:my-28 alignwide l-block\"  >\n  \n  \n\t<\/div>","protected":false},"excerpt":{"rendered":"","protected":false},"author":4,"featured_media":0,"parent":2121,"menu_order":0,"comment_status":"closed","ping_status":"closed","template":"","meta":{"_acf_changed":false,"footnotes":""},"class_list":["post-2149","page","type-page","status-publish",""],"acf":[],"yoast_head":"<!-- This site is optimized with the Yoast SEO plugin v27.3 - https:\/\/yoast.com\/product\/yoast-seo-wordpress\/ -->\n<title>ACILIST\u00ae Listes techniques d&#039;armature | Debrunner Acifer Bewehrungen<\/title>\n<meta name=\"description\" content=\"Outil de cr\u00e9ation de listes en ligne ACILIST\u00ae. Avec ACILIST\u00ae, cr\u00e9er des listes de technique d&#039;armature est simple et rapide !\" \/>\n<meta name=\"robots\" content=\"index, follow, max-snippet:-1, max-image-preview:large, max-video-preview:-1\" \/>\n<link rel=\"canonical\" href=\"https:\/\/bewehrungstechnik.ch\/fr\/engineering\/outils-numeriques-tools\/online-listen-tool-acilist\/\" \/>\n<meta property=\"og:locale\" content=\"fr_FR\" \/>\n<meta property=\"og:type\" content=\"article\" \/>\n<meta property=\"og:title\" content=\"ACILIST\u00ae Listes techniques d&#039;armature | Debrunner Acifer Bewehrungen\" \/>\n<meta property=\"og:description\" content=\"Outil de cr\u00e9ation de listes en ligne ACILIST\u00ae. Avec ACILIST\u00ae, cr\u00e9er des listes de technique d&#039;armature est simple et rapide !\" \/>\n<meta property=\"og:url\" content=\"https:\/\/bewehrungstechnik.ch\/fr\/engineering\/outils-numeriques-tools\/online-listen-tool-acilist\/\" \/>\n<meta property=\"og:site_name\" content=\"Bewehrungstechnik\" \/>\n<meta property=\"article:modified_time\" content=\"2023-07-25T13:34:54+00:00\" \/>\n<meta name=\"twitter:card\" content=\"summary_large_image\" \/>\n<script type=\"application\/ld+json\" class=\"yoast-schema-graph\">{\"@context\":\"https:\\\/\\\/schema.org\",\"@graph\":[{\"@type\":\"WebPage\",\"@id\":\"https:\\\/\\\/bewehrungstechnik.ch\\\/fr\\\/engineering\\\/outils-numeriques-tools\\\/online-listen-tool-acilist\\\/\",\"url\":\"https:\\\/\\\/bewehrungstechnik.ch\\\/fr\\\/engineering\\\/outils-numeriques-tools\\\/online-listen-tool-acilist\\\/\",\"name\":\"ACILIST\u00ae Listes techniques d'armature | Debrunner Acifer Bewehrungen\",\"isPartOf\":{\"@id\":\"https:\\\/\\\/bewehrungstechnik.ch\\\/fr\\\/#website\"},\"datePublished\":\"2021-05-14T11:39:36+00:00\",\"dateModified\":\"2023-07-25T13:34:54+00:00\",\"description\":\"Outil de cr\u00e9ation de listes en ligne ACILIST\u00ae. Avec ACILIST\u00ae, cr\u00e9er des listes de technique d'armature est simple et rapide !\",\"breadcrumb\":{\"@id\":\"https:\\\/\\\/bewehrungstechnik.ch\\\/fr\\\/engineering\\\/outils-numeriques-tools\\\/online-listen-tool-acilist\\\/#breadcrumb\"},\"inLanguage\":\"fr-FR\",\"potentialAction\":[{\"@type\":\"ReadAction\",\"target\":[\"https:\\\/\\\/bewehrungstechnik.ch\\\/fr\\\/engineering\\\/outils-numeriques-tools\\\/online-listen-tool-acilist\\\/\"]}]},{\"@type\":\"BreadcrumbList\",\"@id\":\"https:\\\/\\\/bewehrungstechnik.ch\\\/fr\\\/engineering\\\/outils-numeriques-tools\\\/online-listen-tool-acilist\\\/#breadcrumb\",\"itemListElement\":[{\"@type\":\"ListItem\",\"position\":1,\"name\":\"Home\",\"item\":\"https:\\\/\\\/bewehrungstechnik.ch\\\/fr\\\/\"},{\"@type\":\"ListItem\",\"position\":2,\"name\":\"Engineering\",\"item\":\"https:\\\/\\\/bewehrungstechnik.ch\\\/fr\\\/engineering\\\/\"},{\"@type\":\"ListItem\",\"position\":3,\"name\":\"Outils num\u00e9riques (Tools)\",\"item\":\"https:\\\/\\\/bewehrungstechnik.ch\\\/fr\\\/engineering\\\/outils-numeriques-tools\\\/\"},{\"@type\":\"ListItem\",\"position\":4,\"name\":\"Online-Listen-Tool ACILIST\u00ae\"}]},{\"@type\":\"WebSite\",\"@id\":\"https:\\\/\\\/bewehrungstechnik.ch\\\/fr\\\/#website\",\"url\":\"https:\\\/\\\/bewehrungstechnik.ch\\\/fr\\\/\",\"name\":\"Bewehrungstechnik\",\"description\":\"Just another WordPress site\",\"publisher\":{\"@id\":\"https:\\\/\\\/bewehrungstechnik.ch\\\/fr\\\/#organization\"},\"potentialAction\":[{\"@type\":\"SearchAction\",\"target\":{\"@type\":\"EntryPoint\",\"urlTemplate\":\"https:\\\/\\\/bewehrungstechnik.ch\\\/fr\\\/?s={search_term_string}\"},\"query-input\":{\"@type\":\"PropertyValueSpecification\",\"valueRequired\":true,\"valueName\":\"search_term_string\"}}],\"inLanguage\":\"fr-FR\"},{\"@type\":\"Organization\",\"@id\":\"https:\\\/\\\/bewehrungstechnik.ch\\\/fr\\\/#organization\",\"name\":\"Bewehrungstechnik\",\"url\":\"https:\\\/\\\/bewehrungstechnik.ch\\\/fr\\\/\",\"logo\":{\"@type\":\"ImageObject\",\"inLanguage\":\"fr-FR\",\"@id\":\"https:\\\/\\\/bewehrungstechnik.ch\\\/fr\\\/#\\\/schema\\\/logo\\\/image\\\/\",\"url\":\"https:\\\/\\\/bewehrungstechnik.ch\\\/wp-content\\\/uploads\\\/2021\\\/03\\\/logo.svg\",\"contentUrl\":\"https:\\\/\\\/bewehrungstechnik.ch\\\/wp-content\\\/uploads\\\/2021\\\/03\\\/logo.svg\",\"width\":436,\"height\":436,\"caption\":\"Bewehrungstechnik\"},\"image\":{\"@id\":\"https:\\\/\\\/bewehrungstechnik.ch\\\/fr\\\/#\\\/schema\\\/logo\\\/image\\\/\"}}]}<\/script>\n<!-- \/ Yoast SEO plugin. -->","yoast_head_json":{"title":"ACILIST\u00ae Listes techniques d'armature | Debrunner Acifer Bewehrungen","description":"Outil de cr\u00e9ation de listes en ligne ACILIST\u00ae. Avec ACILIST\u00ae, cr\u00e9er des listes de technique d'armature est simple et rapide !","robots":{"index":"index","follow":"follow","max-snippet":"max-snippet:-1","max-image-preview":"max-image-preview:large","max-video-preview":"max-video-preview:-1"},"canonical":"https:\/\/bewehrungstechnik.ch\/fr\/engineering\/outils-numeriques-tools\/online-listen-tool-acilist\/","og_locale":"fr_FR","og_type":"article","og_title":"ACILIST\u00ae Listes techniques d'armature | Debrunner Acifer Bewehrungen","og_description":"Outil de cr\u00e9ation de listes en ligne ACILIST\u00ae. Avec ACILIST\u00ae, cr\u00e9er des listes de technique d'armature est simple et rapide !","og_url":"https:\/\/bewehrungstechnik.ch\/fr\/engineering\/outils-numeriques-tools\/online-listen-tool-acilist\/","og_site_name":"Bewehrungstechnik","article_modified_time":"2023-07-25T13:34:54+00:00","twitter_card":"summary_large_image","schema":{"@context":"https:\/\/schema.org","@graph":[{"@type":"WebPage","@id":"https:\/\/bewehrungstechnik.ch\/fr\/engineering\/outils-numeriques-tools\/online-listen-tool-acilist\/","url":"https:\/\/bewehrungstechnik.ch\/fr\/engineering\/outils-numeriques-tools\/online-listen-tool-acilist\/","name":"ACILIST\u00ae Listes techniques d'armature | Debrunner Acifer Bewehrungen","isPartOf":{"@id":"https:\/\/bewehrungstechnik.ch\/fr\/#website"},"datePublished":"2021-05-14T11:39:36+00:00","dateModified":"2023-07-25T13:34:54+00:00","description":"Outil de cr\u00e9ation de listes en ligne ACILIST\u00ae. Avec ACILIST\u00ae, cr\u00e9er des listes de technique d'armature est simple et rapide !","breadcrumb":{"@id":"https:\/\/bewehrungstechnik.ch\/fr\/engineering\/outils-numeriques-tools\/online-listen-tool-acilist\/#breadcrumb"},"inLanguage":"fr-FR","potentialAction":[{"@type":"ReadAction","target":["https:\/\/bewehrungstechnik.ch\/fr\/engineering\/outils-numeriques-tools\/online-listen-tool-acilist\/"]}]},{"@type":"BreadcrumbList","@id":"https:\/\/bewehrungstechnik.ch\/fr\/engineering\/outils-numeriques-tools\/online-listen-tool-acilist\/#breadcrumb","itemListElement":[{"@type":"ListItem","position":1,"name":"Home","item":"https:\/\/bewehrungstechnik.ch\/fr\/"},{"@type":"ListItem","position":2,"name":"Engineering","item":"https:\/\/bewehrungstechnik.ch\/fr\/engineering\/"},{"@type":"ListItem","position":3,"name":"Outils num\u00e9riques (Tools)","item":"https:\/\/bewehrungstechnik.ch\/fr\/engineering\/outils-numeriques-tools\/"},{"@type":"ListItem","position":4,"name":"Online-Listen-Tool ACILIST\u00ae"}]},{"@type":"WebSite","@id":"https:\/\/bewehrungstechnik.ch\/fr\/#website","url":"https:\/\/bewehrungstechnik.ch\/fr\/","name":"Bewehrungstechnik","description":"Just another WordPress site","publisher":{"@id":"https:\/\/bewehrungstechnik.ch\/fr\/#organization"},"potentialAction":[{"@type":"SearchAction","target":{"@type":"EntryPoint","urlTemplate":"https:\/\/bewehrungstechnik.ch\/fr\/?s={search_term_string}"},"query-input":{"@type":"PropertyValueSpecification","valueRequired":true,"valueName":"search_term_string"}}],"inLanguage":"fr-FR"},{"@type":"Organization","@id":"https:\/\/bewehrungstechnik.ch\/fr\/#organization","name":"Bewehrungstechnik","url":"https:\/\/bewehrungstechnik.ch\/fr\/","logo":{"@type":"ImageObject","inLanguage":"fr-FR","@id":"https:\/\/bewehrungstechnik.ch\/fr\/#\/schema\/logo\/image\/","url":"https:\/\/bewehrungstechnik.ch\/wp-content\/uploads\/2021\/03\/logo.svg","contentUrl":"https:\/\/bewehrungstechnik.ch\/wp-content\/uploads\/2021\/03\/logo.svg","width":436,"height":436,"caption":"Bewehrungstechnik"},"image":{"@id":"https:\/\/bewehrungstechnik.ch\/fr\/#\/schema\/logo\/image\/"}}]}},"_links":{"self":[{"href":"https:\/\/bewehrungstechnik.ch\/fr\/wp-json\/wp\/v2\/pages\/2149","targetHints":{"allow":["GET"]}}],"collection":[{"href":"https:\/\/bewehrungstechnik.ch\/fr\/wp-json\/wp\/v2\/pages"}],"about":[{"href":"https:\/\/bewehrungstechnik.ch\/fr\/wp-json\/wp\/v2\/types\/page"}],"author":[{"embeddable":true,"href":"https:\/\/bewehrungstechnik.ch\/fr\/wp-json\/wp\/v2\/users\/4"}],"replies":[{"embeddable":true,"href":"https:\/\/bewehrungstechnik.ch\/fr\/wp-json\/wp\/v2\/comments?post=2149"}],"version-history":[{"count":25,"href":"https:\/\/bewehrungstechnik.ch\/fr\/wp-json\/wp\/v2\/pages\/2149\/revisions"}],"predecessor-version":[{"id":7881,"href":"https:\/\/bewehrungstechnik.ch\/fr\/wp-json\/wp\/v2\/pages\/2149\/revisions\/7881"}],"up":[{"embeddable":true,"href":"https:\/\/bewehrungstechnik.ch\/fr\/wp-json\/wp\/v2\/pages\/2121"}],"wp:attachment":[{"href":"https:\/\/bewehrungstechnik.ch\/fr\/wp-json\/wp\/v2\/media?parent=2149"}],"curies":[{"name":"wp","href":"https:\/\/api.w.org\/{rel}","templated":true}]}}