{"id":7972,"date":"2023-10-17T08:01:16","date_gmt":"2023-10-17T08:01:16","guid":{"rendered":"https:\/\/bewehrungstechnik.ch\/?page_id=7972"},"modified":"2023-12-08T16:25:11","modified_gmt":"2023-12-08T16:25:11","slug":"solutions-de-protection-contre-la-corrosion","status":"publish","type":"page","link":"https:\/\/bewehrungstechnik.ch\/fr\/solutions-de-protection-contre-la-corrosion\/","title":{"rendered":"Solutions de protection contre la corrosion"},"content":{"rendered":"\n      <p id=\"block_40bfefa2725554cf20df012b7ce1290b\" class=\"c-title mt-0 mb-6 lg:mb-17 alignwidetext-left l-block\"  >\n  \n  Chaleur de No\u00ebl et durabilit\u00e9<\/p>\n\n\n<p>Dans l&rsquo;histoire de No\u00ebl, les Rois Mages, Caspar, Melchior et Balthazar offrent de l&rsquo;encens, de la myrrhe et de l&rsquo;or. Notre \u00ab\u00a0or\u00a0\u00bb ce sont nos barres d&rsquo;acier inoxydable &#8211; de grande valeur et durables ! Tout comme cette bouteille isotherme en acier inoxydable. Mais tous les aciers inoxydables ne se valent pas, et r\u00e9sistant \u00e0 la corrosion ne signifie pas n\u00e9cessairement sans rouille ! D\u00e9couvrez quels aciers sont les mieux adapt\u00e9s \u00e0 quelles applications.<\/p>\n\n\n\n<div class=\"wp-block-columns is-layout-flex wp-container-core-columns-is-layout-9d6595d7 wp-block-columns-is-layout-flex\">\n<div class=\"wp-block-column is-layout-flow wp-block-column-is-layout-flow\">\n<h1 class=\"wp-block-heading has-text-align-center\"><strong><mark style=\"background-color:rgba(0, 0, 0, 0)\" class=\"has-inline-color has-primary-color\">Top12<\/mark><\/strong><\/h1>\n\n\n\n<p><mark style=\"background-color:rgba(0, 0, 0, 0)\" class=\"has-inline-color has-primary-color\">La solution inoxydable la plus \u00e9conomique<\/mark><\/p>\n\n\n\n<p><strong><mark style=\"background-color:rgba(0, 0, 0, 0)\" class=\"has-inline-color has-primary-color\">&#8211;<\/mark><\/strong> Hautement alli\u00e9 1.4003 (KWK 1)<br><strong><mark style=\"background-color:rgba(0, 0, 0, 0)\" class=\"has-inline-color has-primary-color\">&#8211;<\/mark><\/strong> R\u00e9sistant au chlorure<br><strong><mark style=\"background-color:rgba(0, 0, 0, 0)\" class=\"has-inline-color has-primary-color\">&#8211;<\/mark><\/strong> Adapt\u00e9 au b\u00e9ton carbonat\u00e9<br><strong><mark style=\"background-color:rgba(0, 0, 0, 0)\" class=\"has-inline-color has-primary-color\">&#8211;<\/mark><\/strong> Ne n\u00e9cessite pas de manipulation particuli\u00e8re<br><strong><mark style=\"background-color:rgba(0, 0, 0, 0)\" class=\"has-inline-color has-primary-color\">&#8211;<\/mark><\/strong> Enregistr\u00e9 au registre SIA<\/p>\n\n\n\n<figure class=\"wp-block-image size-full\"><a href=\"https:\/\/bewehrungstechnik.ch\/fr\/product\/acier-darmature-inoxydable-top12\/\"><img loading=\"lazy\" decoding=\"async\" width=\"940\" height=\"720\" src=\"https:\/\/bewehrungstechnik.ch\/wp-content\/uploads\/Top12-verlinkungs-Bild.png\" alt=\"\" class=\"wp-image-8262\" srcset=\"https:\/\/bewehrungstechnik.ch\/wp-content\/uploads\/Top12-verlinkungs-Bild.png 940w, https:\/\/bewehrungstechnik.ch\/wp-content\/uploads\/Top12-verlinkungs-Bild-300x230.png 300w, https:\/\/bewehrungstechnik.ch\/wp-content\/uploads\/Top12-verlinkungs-Bild-768x588.png 768w, https:\/\/bewehrungstechnik.ch\/wp-content\/uploads\/Top12-verlinkungs-Bild-436x334.png 436w, https:\/\/bewehrungstechnik.ch\/wp-content\/uploads\/Top12-verlinkungs-Bild-550x421.png 550w\" sizes=\"auto, (max-width: 940px) 100vw, 940px\" \/><\/a><\/figure>\n<\/div>\n\n\n\n<div class=\"wp-block-column is-layout-flow wp-block-column-is-layout-flow\">\n<h1 class=\"wp-block-heading has-text-align-center\"><strong><mark style=\"background-color:rgba(0, 0, 0, 0)\" class=\"has-inline-color has-primary-color\"><mark style=\"background-color:rgba(0, 0, 0, 0)\" class=\"has-inline-color has-primary-color\">ACIGRIP<sup>\u00ae<\/sup> 362<\/mark><\/mark> <mark style=\"background-color:rgba(0, 0, 0, 0)\" class=\"has-inline-color has-primary-color\">\/ 462<\/mark><\/strong><\/h1>\n\n\n\n<p><mark style=\"background-color:rgba(0, 0, 0, 0)\" class=\"has-inline-color has-primary-color\">Une protection contre la corrosion durable<\/mark><\/p>\n\n\n\n<p><strong><mark style=\"background-color:rgba(0, 0, 0, 0)\" class=\"has-inline-color has-primary-color\">&#8211;<\/mark><\/strong> Hautement alli\u00e9s 1.4362 (KWK 3) &amp; 1.4462 (KWK 4) <br><strong><mark style=\"background-color:rgba(0, 0, 0, 0)\" class=\"has-inline-color has-primary-color\">&#8211;<\/mark><\/strong> Protection durable contre la corrosion<br><strong><mark style=\"background-color:rgba(0, 0, 0, 0)\" class=\"has-inline-color has-primary-color\">&#8211;<\/mark><\/strong> Utilisables \u00e0 l&rsquo;ext\u00e9rieur du b\u00e9ton<br><strong><mark style=\"background-color:rgba(0, 0, 0, 0)\" class=\"has-inline-color has-primary-color\">&#8211;<\/mark><\/strong> Ne n\u00e9cessitent pas de manipulation particuli\u00e8re<\/p>\n\n\n\n<figure class=\"wp-block-image size-full\"><a href=\"https:\/\/bewehrungstechnik.ch\/fr\/product\/aciers-darmature-inoxydables-acigrip-362-acigrip-462\/\"><img loading=\"lazy\" decoding=\"async\" width=\"940\" height=\"720\" src=\"https:\/\/bewehrungstechnik.ch\/wp-content\/uploads\/ACIGRIP-verlinkungs-Bild.png\" alt=\"\" class=\"wp-image-8266\" srcset=\"https:\/\/bewehrungstechnik.ch\/wp-content\/uploads\/ACIGRIP-verlinkungs-Bild.png 940w, https:\/\/bewehrungstechnik.ch\/wp-content\/uploads\/ACIGRIP-verlinkungs-Bild-300x230.png 300w, https:\/\/bewehrungstechnik.ch\/wp-content\/uploads\/ACIGRIP-verlinkungs-Bild-768x588.png 768w, https:\/\/bewehrungstechnik.ch\/wp-content\/uploads\/ACIGRIP-verlinkungs-Bild-436x334.png 436w, https:\/\/bewehrungstechnik.ch\/wp-content\/uploads\/ACIGRIP-verlinkungs-Bild-550x421.png 550w\" sizes=\"auto, (max-width: 940px) 100vw, 940px\" \/><\/a><\/figure>\n<\/div>\n<\/div>\n\n\n\n<p>Les Rois Mages auraient certainement appr\u00e9ci\u00e9 un bon coup chaud de notre bouteille isotherme lors de leur voyage ! Envoyez-nous une photo et racontez-nous dans un e-mail votre histoire (de No\u00ebl), comment et o\u00f9 la bouteille a \u00e9t\u00e9 utilis\u00e9e ! Pour les histoires les plus belles, nous offrons 1 r\u00e9el gramme d&rsquo;or ! \ud83c\udf81<\/p>\n\n\n\n<p>Envoyez votre histoire (de No\u00ebl) avec une photo \u00e0 l&rsquo;adresse e-mail suivante :<br><a href=\"mailto:info@bewehrungstechnik.ch\">info@bewehrungstechnik.ch<\/a><\/p>\n\n\n\n<p>Nous vous remercions de votre collaboration et vous souhaitons un joyeux No\u00ebl ainsi que des vacances paisibles, accompagn\u00e9es de chaleur, de joie et de moments agr\u00e9ables !<\/p>\n\n\n\n<p>Votre :<\/p>\n\n\n\n<figure class=\"wp-block-image size-large\"><img loading=\"lazy\" decoding=\"async\" width=\"1024\" height=\"162\" src=\"https:\/\/bewehrungstechnik.ch\/wp-content\/uploads\/FR_DebrunnerAciferBewehrungen_RGB-1024x162.jpg\" alt=\"\" class=\"wp-image-8327\" srcset=\"https:\/\/bewehrungstechnik.ch\/wp-content\/uploads\/FR_DebrunnerAciferBewehrungen_RGB-1024x162.jpg 1024w, https:\/\/bewehrungstechnik.ch\/wp-content\/uploads\/FR_DebrunnerAciferBewehrungen_RGB-300x48.jpg 300w, https:\/\/bewehrungstechnik.ch\/wp-content\/uploads\/FR_DebrunnerAciferBewehrungen_RGB-768x122.jpg 768w, https:\/\/bewehrungstechnik.ch\/wp-content\/uploads\/FR_DebrunnerAciferBewehrungen_RGB-1536x243.jpg 1536w, https:\/\/bewehrungstechnik.ch\/wp-content\/uploads\/FR_DebrunnerAciferBewehrungen_RGB-2048x325.jpg 2048w, https:\/\/bewehrungstechnik.ch\/wp-content\/uploads\/FR_DebrunnerAciferBewehrungen_RGB-436x69.jpg 436w, https:\/\/bewehrungstechnik.ch\/wp-content\/uploads\/FR_DebrunnerAciferBewehrungen_RGB-550x87.jpg 550w\" sizes=\"auto, (max-width: 1024px) 100vw, 1024px\" \/><\/figure>\n","protected":false},"excerpt":{"rendered":"<p>Dans l&rsquo;histoire de No\u00ebl, les Rois Mages, Caspar, Melchior et Balthazar offrent de l&rsquo;encens, de la myrrhe et de l&rsquo;or. Notre \u00ab\u00a0or\u00a0\u00bb ce sont nos barres d&rsquo;acier inoxydable &#8211; de grande valeur et durables ! Tout comme cette bouteille isotherme en acier inoxydable. Mais tous les aciers inoxydables ne se valent pas, et r\u00e9sistant \u00e0 [&hellip;]<\/p>\n","protected":false},"author":12,"featured_media":0,"parent":0,"menu_order":0,"comment_status":"closed","ping_status":"closed","template":"","meta":{"_acf_changed":false,"footnotes":""},"class_list":["post-7972","page","type-page","status-publish",""],"acf":[],"yoast_head":"<!-- This site is optimized with the Yoast SEO plugin v27.5 - https:\/\/yoast.com\/product\/yoast-seo-wordpress\/ -->\n<title>Solutions de protection contre la corrosion - Bewehrungstechnik<\/title>\n<meta name=\"robots\" content=\"index, follow, max-snippet:-1, max-image-preview:large, max-video-preview:-1\" \/>\n<link rel=\"canonical\" href=\"https:\/\/bewehrungstechnik.ch\/fr\/solutions-de-protection-contre-la-corrosion\/\" \/>\n<meta property=\"og:locale\" content=\"fr_FR\" \/>\n<meta property=\"og:type\" content=\"article\" \/>\n<meta property=\"og:title\" content=\"Solutions de protection contre la corrosion - Bewehrungstechnik\" \/>\n<meta property=\"og:description\" content=\"Dans l&rsquo;histoire de No\u00ebl, les Rois Mages, Caspar, Melchior et Balthazar offrent de l&rsquo;encens, de la myrrhe et de l&rsquo;or. Notre \u00ab\u00a0or\u00a0\u00bb ce sont nos barres d&rsquo;acier inoxydable &#8211; de grande valeur et durables ! Tout comme cette bouteille isotherme en acier inoxydable. Mais tous les aciers inoxydables ne se valent pas, et r\u00e9sistant \u00e0 [&hellip;]\" \/>\n<meta property=\"og:url\" content=\"https:\/\/bewehrungstechnik.ch\/fr\/solutions-de-protection-contre-la-corrosion\/\" \/>\n<meta property=\"og:site_name\" content=\"Bewehrungstechnik\" \/>\n<meta property=\"article:modified_time\" content=\"2023-12-08T16:25:11+00:00\" \/>\n<meta property=\"og:image\" content=\"https:\/\/bewehrungstechnik.ch\/wp-content\/uploads\/Top12-verlinkungs-Bild.png\" \/>\n<meta name=\"twitter:card\" content=\"summary_large_image\" \/>\n<script type=\"application\/ld+json\" class=\"yoast-schema-graph\">{\"@context\":\"https:\\\/\\\/schema.org\",\"@graph\":[{\"@type\":\"WebPage\",\"@id\":\"https:\\\/\\\/bewehrungstechnik.ch\\\/fr\\\/solutions-de-protection-contre-la-corrosion\\\/\",\"url\":\"https:\\\/\\\/bewehrungstechnik.ch\\\/fr\\\/solutions-de-protection-contre-la-corrosion\\\/\",\"name\":\"Solutions de protection contre la corrosion - Bewehrungstechnik\",\"isPartOf\":{\"@id\":\"https:\\\/\\\/bewehrungstechnik.ch\\\/fr\\\/#website\"},\"primaryImageOfPage\":{\"@id\":\"https:\\\/\\\/bewehrungstechnik.ch\\\/fr\\\/solutions-de-protection-contre-la-corrosion\\\/#primaryimage\"},\"image\":{\"@id\":\"https:\\\/\\\/bewehrungstechnik.ch\\\/fr\\\/solutions-de-protection-contre-la-corrosion\\\/#primaryimage\"},\"thumbnailUrl\":\"https:\\\/\\\/bewehrungstechnik.ch\\\/wp-content\\\/uploads\\\/Top12-verlinkungs-Bild.png\",\"datePublished\":\"2023-10-17T08:01:16+00:00\",\"dateModified\":\"2023-12-08T16:25:11+00:00\",\"breadcrumb\":{\"@id\":\"https:\\\/\\\/bewehrungstechnik.ch\\\/fr\\\/solutions-de-protection-contre-la-corrosion\\\/#breadcrumb\"},\"inLanguage\":\"fr-FR\",\"potentialAction\":[{\"@type\":\"ReadAction\",\"target\":[\"https:\\\/\\\/bewehrungstechnik.ch\\\/fr\\\/solutions-de-protection-contre-la-corrosion\\\/\"]}]},{\"@type\":\"ImageObject\",\"inLanguage\":\"fr-FR\",\"@id\":\"https:\\\/\\\/bewehrungstechnik.ch\\\/fr\\\/solutions-de-protection-contre-la-corrosion\\\/#primaryimage\",\"url\":\"https:\\\/\\\/bewehrungstechnik.ch\\\/wp-content\\\/uploads\\\/Top12-verlinkungs-Bild.png\",\"contentUrl\":\"https:\\\/\\\/bewehrungstechnik.ch\\\/wp-content\\\/uploads\\\/Top12-verlinkungs-Bild.png\"},{\"@type\":\"BreadcrumbList\",\"@id\":\"https:\\\/\\\/bewehrungstechnik.ch\\\/fr\\\/solutions-de-protection-contre-la-corrosion\\\/#breadcrumb\",\"itemListElement\":[{\"@type\":\"ListItem\",\"position\":1,\"name\":\"Home\",\"item\":\"https:\\\/\\\/bewehrungstechnik.ch\\\/fr\\\/\"},{\"@type\":\"ListItem\",\"position\":2,\"name\":\"Solutions de protection contre la corrosion\"}]},{\"@type\":\"WebSite\",\"@id\":\"https:\\\/\\\/bewehrungstechnik.ch\\\/fr\\\/#website\",\"url\":\"https:\\\/\\\/bewehrungstechnik.ch\\\/fr\\\/\",\"name\":\"Bewehrungstechnik\",\"description\":\"Just another WordPress site\",\"publisher\":{\"@id\":\"https:\\\/\\\/bewehrungstechnik.ch\\\/fr\\\/#organization\"},\"potentialAction\":[{\"@type\":\"SearchAction\",\"target\":{\"@type\":\"EntryPoint\",\"urlTemplate\":\"https:\\\/\\\/bewehrungstechnik.ch\\\/fr\\\/?s={search_term_string}\"},\"query-input\":{\"@type\":\"PropertyValueSpecification\",\"valueRequired\":true,\"valueName\":\"search_term_string\"}}],\"inLanguage\":\"fr-FR\"},{\"@type\":\"Organization\",\"@id\":\"https:\\\/\\\/bewehrungstechnik.ch\\\/fr\\\/#organization\",\"name\":\"Bewehrungstechnik\",\"url\":\"https:\\\/\\\/bewehrungstechnik.ch\\\/fr\\\/\",\"logo\":{\"@type\":\"ImageObject\",\"inLanguage\":\"fr-FR\",\"@id\":\"https:\\\/\\\/bewehrungstechnik.ch\\\/fr\\\/#\\\/schema\\\/logo\\\/image\\\/\",\"url\":\"https:\\\/\\\/bewehrungstechnik.ch\\\/wp-content\\\/uploads\\\/2021\\\/03\\\/logo.svg\",\"contentUrl\":\"https:\\\/\\\/bewehrungstechnik.ch\\\/wp-content\\\/uploads\\\/2021\\\/03\\\/logo.svg\",\"width\":436,\"height\":436,\"caption\":\"Bewehrungstechnik\"},\"image\":{\"@id\":\"https:\\\/\\\/bewehrungstechnik.ch\\\/fr\\\/#\\\/schema\\\/logo\\\/image\\\/\"}}]}<\/script>\n<!-- \/ Yoast SEO plugin. -->","yoast_head_json":{"title":"Solutions de protection contre la corrosion - Bewehrungstechnik","robots":{"index":"index","follow":"follow","max-snippet":"max-snippet:-1","max-image-preview":"max-image-preview:large","max-video-preview":"max-video-preview:-1"},"canonical":"https:\/\/bewehrungstechnik.ch\/fr\/solutions-de-protection-contre-la-corrosion\/","og_locale":"fr_FR","og_type":"article","og_title":"Solutions de protection contre la corrosion - Bewehrungstechnik","og_description":"Dans l&rsquo;histoire de No\u00ebl, les Rois Mages, Caspar, Melchior et Balthazar offrent de l&rsquo;encens, de la myrrhe et de l&rsquo;or. Notre \u00ab\u00a0or\u00a0\u00bb ce sont nos barres d&rsquo;acier inoxydable &#8211; de grande valeur et durables ! Tout comme cette bouteille isotherme en acier inoxydable. Mais tous les aciers inoxydables ne se valent pas, et r\u00e9sistant \u00e0 [&hellip;]","og_url":"https:\/\/bewehrungstechnik.ch\/fr\/solutions-de-protection-contre-la-corrosion\/","og_site_name":"Bewehrungstechnik","article_modified_time":"2023-12-08T16:25:11+00:00","og_image":[{"url":"https:\/\/bewehrungstechnik.ch\/wp-content\/uploads\/Top12-verlinkungs-Bild.png","type":"","width":"","height":""}],"twitter_card":"summary_large_image","schema":{"@context":"https:\/\/schema.org","@graph":[{"@type":"WebPage","@id":"https:\/\/bewehrungstechnik.ch\/fr\/solutions-de-protection-contre-la-corrosion\/","url":"https:\/\/bewehrungstechnik.ch\/fr\/solutions-de-protection-contre-la-corrosion\/","name":"Solutions de protection contre la corrosion - Bewehrungstechnik","isPartOf":{"@id":"https:\/\/bewehrungstechnik.ch\/fr\/#website"},"primaryImageOfPage":{"@id":"https:\/\/bewehrungstechnik.ch\/fr\/solutions-de-protection-contre-la-corrosion\/#primaryimage"},"image":{"@id":"https:\/\/bewehrungstechnik.ch\/fr\/solutions-de-protection-contre-la-corrosion\/#primaryimage"},"thumbnailUrl":"https:\/\/bewehrungstechnik.ch\/wp-content\/uploads\/Top12-verlinkungs-Bild.png","datePublished":"2023-10-17T08:01:16+00:00","dateModified":"2023-12-08T16:25:11+00:00","breadcrumb":{"@id":"https:\/\/bewehrungstechnik.ch\/fr\/solutions-de-protection-contre-la-corrosion\/#breadcrumb"},"inLanguage":"fr-FR","potentialAction":[{"@type":"ReadAction","target":["https:\/\/bewehrungstechnik.ch\/fr\/solutions-de-protection-contre-la-corrosion\/"]}]},{"@type":"ImageObject","inLanguage":"fr-FR","@id":"https:\/\/bewehrungstechnik.ch\/fr\/solutions-de-protection-contre-la-corrosion\/#primaryimage","url":"https:\/\/bewehrungstechnik.ch\/wp-content\/uploads\/Top12-verlinkungs-Bild.png","contentUrl":"https:\/\/bewehrungstechnik.ch\/wp-content\/uploads\/Top12-verlinkungs-Bild.png"},{"@type":"BreadcrumbList","@id":"https:\/\/bewehrungstechnik.ch\/fr\/solutions-de-protection-contre-la-corrosion\/#breadcrumb","itemListElement":[{"@type":"ListItem","position":1,"name":"Home","item":"https:\/\/bewehrungstechnik.ch\/fr\/"},{"@type":"ListItem","position":2,"name":"Solutions de protection contre la corrosion"}]},{"@type":"WebSite","@id":"https:\/\/bewehrungstechnik.ch\/fr\/#website","url":"https:\/\/bewehrungstechnik.ch\/fr\/","name":"Bewehrungstechnik","description":"Just another WordPress site","publisher":{"@id":"https:\/\/bewehrungstechnik.ch\/fr\/#organization"},"potentialAction":[{"@type":"SearchAction","target":{"@type":"EntryPoint","urlTemplate":"https:\/\/bewehrungstechnik.ch\/fr\/?s={search_term_string}"},"query-input":{"@type":"PropertyValueSpecification","valueRequired":true,"valueName":"search_term_string"}}],"inLanguage":"fr-FR"},{"@type":"Organization","@id":"https:\/\/bewehrungstechnik.ch\/fr\/#organization","name":"Bewehrungstechnik","url":"https:\/\/bewehrungstechnik.ch\/fr\/","logo":{"@type":"ImageObject","inLanguage":"fr-FR","@id":"https:\/\/bewehrungstechnik.ch\/fr\/#\/schema\/logo\/image\/","url":"https:\/\/bewehrungstechnik.ch\/wp-content\/uploads\/2021\/03\/logo.svg","contentUrl":"https:\/\/bewehrungstechnik.ch\/wp-content\/uploads\/2021\/03\/logo.svg","width":436,"height":436,"caption":"Bewehrungstechnik"},"image":{"@id":"https:\/\/bewehrungstechnik.ch\/fr\/#\/schema\/logo\/image\/"}}]}},"_links":{"self":[{"href":"https:\/\/bewehrungstechnik.ch\/fr\/wp-json\/wp\/v2\/pages\/7972","targetHints":{"allow":["GET"]}}],"collection":[{"href":"https:\/\/bewehrungstechnik.ch\/fr\/wp-json\/wp\/v2\/pages"}],"about":[{"href":"https:\/\/bewehrungstechnik.ch\/fr\/wp-json\/wp\/v2\/types\/page"}],"author":[{"embeddable":true,"href":"https:\/\/bewehrungstechnik.ch\/fr\/wp-json\/wp\/v2\/users\/12"}],"replies":[{"embeddable":true,"href":"https:\/\/bewehrungstechnik.ch\/fr\/wp-json\/wp\/v2\/comments?post=7972"}],"version-history":[{"count":10,"href":"https:\/\/bewehrungstechnik.ch\/fr\/wp-json\/wp\/v2\/pages\/7972\/revisions"}],"predecessor-version":[{"id":8364,"href":"https:\/\/bewehrungstechnik.ch\/fr\/wp-json\/wp\/v2\/pages\/7972\/revisions\/8364"}],"wp:attachment":[{"href":"https:\/\/bewehrungstechnik.ch\/fr\/wp-json\/wp\/v2\/media?parent=7972"}],"curies":[{"name":"wp","href":"https:\/\/api.w.org\/{rel}","templated":true}]}}