{"id":8159,"date":"2023-11-22T10:54:52","date_gmt":"2023-11-22T10:54:52","guid":{"rendered":"https:\/\/bewehrungstechnik.ch\/?page_id=8159"},"modified":"2023-11-23T07:14:23","modified_gmt":"2023-11-23T07:14:23","slug":"categorisation-du-co2-pour-lacier-a-beton","status":"publish","type":"page","link":"https:\/\/bewehrungstechnik.ch\/fr\/categorisation-du-co2-pour-lacier-a-beton\/","title":{"rendered":"Cat\u00e9gorisation du CO2 pour l&rsquo;acier \u00e0 b\u00e9ton"},"content":{"rendered":"\n<div class=\"wp-block-columns is-layout-flex wp-container-core-columns-is-layout-9d6595d7 wp-block-columns-is-layout-flex\">\n<div class=\"wp-block-column is-layout-flow wp-block-column-is-layout-flow\">\n<h3 class=\"wp-block-heading\"><strong><mark style=\"background-color:rgba(0, 0, 0, 0)\" class=\"has-inline-color has-primary-color\">Comparaisons du c\u00f4t\u00e9 des consommateurs jusqu&rsquo;\u00e0 pr\u00e9sent impossibles<\/mark><\/strong><\/h3>\n\n\n\n<p>Des termes tels que \u00ab acier vert \u00bb ou \u00ab Green Steel \u00bb sont largement r\u00e9pandus dans notre industrie depuis un certain temps. Cependant, jusqu&rsquo;\u00e0 pr\u00e9sent, aucune d\u00e9finition universellement accept\u00e9e n&rsquo;a exist\u00e9. De m\u00eame, les certifications et les \u00e9tiquetages ont \u00e9t\u00e9 tout aussi opaques. Les fabricants ont commenc\u00e9 \u00e0 \u00e9tiqueter leur acier d&rsquo;un sceau vert ou pr\u00e9tendent m\u00eame produire de l&rsquo;acier neutre en CO<sub>2<\/sub>. L&rsquo;absence de d\u00e9finition universellement accept\u00e9e et d&rsquo;une certification standardis\u00e9e rend difficile pour les consommateurs les comparaisons.<\/p>\n\n\n\n<h3 class=\"wp-block-heading\"><mark style=\"background-color:rgba(0, 0, 0, 0)\" class=\"has-inline-color has-primary-color\">Nous \u00e9tablissons une terminologie normalis\u00e9e<\/mark><\/h3>\n\n\n\n<p>Notre maison-m\u00e8re a r\u00e9solu ce probl\u00e8me en d\u00e9veloppant une cat\u00e9gorisation mondialement accept\u00e9e. Elle est bas\u00e9e sur la demande des clients, la perspective des producteurs d&rsquo;acier, les technologies dans la production d&rsquo;acier et le Protocole GHG* comme standard le plus largement utilis\u00e9 pour la comptabilisation des \u00e9missions de gaz \u00e0 effet de serre.<\/p>\n\n\n\n<p>*Le Protocole GHG (Greenhouse Gas Protocol) est une s\u00e9rie de normes transnationales priv\u00e9es pour la comptabilisation des \u00e9missions de gaz \u00e0 effet de serre.<\/p>\n<\/div>\n\n\n\n<div class=\"wp-block-column is-layout-flow wp-block-column-is-layout-flow\">\n<figure class=\"wp-block-image size-full\"><img loading=\"lazy\" decoding=\"async\" width=\"784\" height=\"523\" src=\"https:\/\/bewehrungstechnik.ch\/wp-content\/uploads\/Nexigen_Coil_CO2-edited-3.png\" alt=\"\" class=\"wp-image-8142\" srcset=\"https:\/\/bewehrungstechnik.ch\/wp-content\/uploads\/Nexigen_Coil_CO2-edited-3.png 784w, https:\/\/bewehrungstechnik.ch\/wp-content\/uploads\/Nexigen_Coil_CO2-edited-3-300x200.png 300w, https:\/\/bewehrungstechnik.ch\/wp-content\/uploads\/Nexigen_Coil_CO2-edited-3-768x512.png 768w, https:\/\/bewehrungstechnik.ch\/wp-content\/uploads\/Nexigen_Coil_CO2-edited-3-436x291.png 436w, https:\/\/bewehrungstechnik.ch\/wp-content\/uploads\/Nexigen_Coil_CO2-edited-3-550x367.png 550w\" sizes=\"auto, (max-width: 784px) 100vw, 784px\" \/><\/figure>\n<\/div>\n<\/div>\n\n\n\n      <p id=\"block_367d1d7405534abf8bcf4e633fb0f388\" class=\"c-title mt-0 mb-6 lg:mb-17 alignwidetext-left l-block\"  >\n  \n  Cat\u00e9gorisation du CO2 pour l&rsquo;acier \u00e0 b\u00e9ton<\/p>\n\n\n<div class=\"wp-block-columns is-layout-flex wp-container-core-columns-is-layout-9d6595d7 wp-block-columns-is-layout-flex\">\n<div class=\"wp-block-column is-layout-flow wp-block-column-is-layout-flow\">\n<h3 class=\"wp-block-heading\"><mark style=\"background-color:rgba(0, 0, 0, 0)\" class=\"has-inline-color has-primary-color\">Nous assurons la transparence<\/mark><\/h3>\n\n\n\n<p>nous prenons actuellement en compte dans la cat\u00e9gorisation, toutes les \u00e9missions de nos produits Nexigen<sup>\u00ae<\/sup> dans le Scope 3 Downstream (pr\u00e9production). Cela signifie que nous consid\u00e9rons la fabrication des mat\u00e9riaux comme la principale source d&rsquo;\u00e9missions de CO<sub>2<\/sub> dans le secteur de l&rsquo;acier \u00e0 b\u00e9ton. Nos propres \u00e9missions issues du traitement ult\u00e9rieur ne sont pas encore incluses dans la cat\u00e9gorisation actuelle<\/p>\n<\/div>\n\n\n\n<div class=\"wp-block-column is-layout-flow wp-block-column-is-layout-flow\">\n<h3 class=\"wp-block-heading\"><mark style=\"background-color:rgba(0, 0, 0, 0)\" class=\"has-inline-color has-primary-color\">Nous permettons la comparaison des empreintes<\/mark><\/h3>\n\n\n\n<p>Outre l&rsquo;\u00e9limination compl\u00e8te des \u00e9missions de CO<sub>2<\/sub>, leur r\u00e9duction substantielle elle-m\u00eame ajoute d\u00e9j\u00e0 une plus-value pour la transformation verte &#8211; nous croyons fermement en cela. Ainsi, la cat\u00e9gorisation que nous avons d\u00e9finie comprend plusieurs \u00e9tapes de r\u00e9duction du CO<sub>2<\/sub>. Ces cat\u00e9gories facilitent la comparaison entre diff\u00e9rents produits ou permettent la d\u00e9monstration sp\u00e9cifique de la r\u00e9duction du CO<sub>2<\/sub> attribuable \u00e0 Nexigen<sup>\u00ae<\/sup> B500B. Par cons\u00e9quent, cela vous permet d&rsquo;am\u00e9liorer le bilan CO<sub>2<\/sub> de vos constructions.<\/p>\n<\/div>\n<\/div>\n\n\n<div class=\"wp-block-image\">\n<figure class=\"aligncenter size-full is-resized\"><img loading=\"lazy\" decoding=\"async\" width=\"1280\" height=\"342\" src=\"https:\/\/bewehrungstechnik.ch\/wp-content\/uploads\/Nexigen-categorisation-de-le-acier-1.png\" alt=\"\" class=\"wp-image-8187\" style=\"width:1353px;height:auto\" srcset=\"https:\/\/bewehrungstechnik.ch\/wp-content\/uploads\/Nexigen-categorisation-de-le-acier-1.png 1280w, https:\/\/bewehrungstechnik.ch\/wp-content\/uploads\/Nexigen-categorisation-de-le-acier-1-300x80.png 300w, https:\/\/bewehrungstechnik.ch\/wp-content\/uploads\/Nexigen-categorisation-de-le-acier-1-1024x274.png 1024w, https:\/\/bewehrungstechnik.ch\/wp-content\/uploads\/Nexigen-categorisation-de-le-acier-1-768x205.png 768w, https:\/\/bewehrungstechnik.ch\/wp-content\/uploads\/Nexigen-categorisation-de-le-acier-1-436x116.png 436w, https:\/\/bewehrungstechnik.ch\/wp-content\/uploads\/Nexigen-categorisation-de-le-acier-1-550x147.png 550w\" sizes=\"auto, (max-width: 1280px) 100vw, 1280px\" \/><\/figure>\n<\/div>\n\n\n<div class=\"wp-block-columns is-layout-flex wp-container-core-columns-is-layout-9d6595d7 wp-block-columns-is-layout-flex\">\n<div class=\"wp-block-column is-layout-flow wp-block-column-is-layout-flow\">\n<h3 class=\"wp-block-heading\"><mark style=\"background-color:rgba(0, 0, 0, 0)\" class=\"has-inline-color has-primary-color\">Nous ne pratiquons pas le greenwashing<\/mark><\/h3>\n\n\n\n<p>Nos cat\u00e9gories tiennent compte de l&#8217;empreinte physique r\u00e9elle &#8211; des mati\u00e8res premi\u00e8res \u00e0 la production d&rsquo;acier. Cela nous distingue du greenwashing des produits. Au lieu de cela, nous fournissons des donn\u00e9es d&rsquo;\u00e9missions significatives de nos produits.<\/p>\n<\/div>\n\n\n\n<div class=\"wp-block-column is-layout-flow wp-block-column-is-layout-flow\"><div class=\"wp-block-image\">\n<figure class=\"alignright size-full is-resized\"><img loading=\"lazy\" decoding=\"async\" width=\"1083\" height=\"721\" src=\"https:\/\/bewehrungstechnik.ch\/wp-content\/uploads\/NEXIGEN-B500B-Coil.png\" alt=\"\" class=\"wp-image-8087\" style=\"width:616px;height:auto\" srcset=\"https:\/\/bewehrungstechnik.ch\/wp-content\/uploads\/NEXIGEN-B500B-Coil.png 1083w, https:\/\/bewehrungstechnik.ch\/wp-content\/uploads\/NEXIGEN-B500B-Coil-300x200.png 300w, https:\/\/bewehrungstechnik.ch\/wp-content\/uploads\/NEXIGEN-B500B-Coil-1024x682.png 1024w, https:\/\/bewehrungstechnik.ch\/wp-content\/uploads\/NEXIGEN-B500B-Coil-768x511.png 768w, https:\/\/bewehrungstechnik.ch\/wp-content\/uploads\/NEXIGEN-B500B-Coil-436x290.png 436w, https:\/\/bewehrungstechnik.ch\/wp-content\/uploads\/NEXIGEN-B500B-Coil-550x366.png 550w\" sizes=\"auto, (max-width: 1083px) 100vw, 1083px\" \/><\/figure>\n<\/div><\/div>\n<\/div>\n\n\n\n<hr class=\"wp-block-separator has-alpha-channel-opacity\"\/>\n\n\n\n<div class=\"wp-block-columns is-layout-flex wp-container-core-columns-is-layout-9d6595d7 wp-block-columns-is-layout-flex\">\n<div class=\"wp-block-column is-layout-flow wp-block-column-is-layout-flow\">\n<h2 class=\"wp-block-heading has-text-align-center\"><strong><mark style=\"background-color:rgba(0, 0, 0, 0)\" class=\"has-inline-color has-primary-color\">Notre engagement environnemental<\/mark><\/strong><\/h2>\n\n\n\n<p>Notre priorit\u00e9 r\u00e9side dans la pr\u00e9vention du gaspillage dans tous les domaines. Nous mettons l&rsquo;accent sur une utilisation efficace des mat\u00e9riaux, de l&rsquo;\u00e9nergie et des ressources naturelles. Gr\u00e2ce \u00e0 un suivi continu de notre utilisation des ressources et de nos \u00e9missions de CO<sub>2<\/sub>, nous visons des am\u00e9liorations constantes chaque fois que cela est r\u00e9alisable. Notre objectif est de r\u00e9pondre aux demandes croissantes en mati\u00e8re d&rsquo;efficacit\u00e9 des ressources. Pour en savoir plus :<\/p>\n\n\n\n<p><\/p>\n\n\n<div class=\"wp-block-image\">\n<figure class=\"aligncenter size-full is-resized\"><a href=\"https:\/\/www.dkg.ch\/dkg\/a-propos-de-nous\/durabilite\/environnement\/\"><img loading=\"lazy\" decoding=\"async\" width=\"940\" height=\"720\" src=\"https:\/\/bewehrungstechnik.ch\/wp-content\/uploads\/Nexigen_Verlinkung_Umwelt.png\" alt=\"\" class=\"wp-image-8095\" style=\"width:572px;height:auto\" srcset=\"https:\/\/bewehrungstechnik.ch\/wp-content\/uploads\/Nexigen_Verlinkung_Umwelt.png 940w, https:\/\/bewehrungstechnik.ch\/wp-content\/uploads\/Nexigen_Verlinkung_Umwelt-300x230.png 300w, https:\/\/bewehrungstechnik.ch\/wp-content\/uploads\/Nexigen_Verlinkung_Umwelt-768x588.png 768w, https:\/\/bewehrungstechnik.ch\/wp-content\/uploads\/Nexigen_Verlinkung_Umwelt-436x334.png 436w, https:\/\/bewehrungstechnik.ch\/wp-content\/uploads\/Nexigen_Verlinkung_Umwelt-550x421.png 550w\" sizes=\"auto, (max-width: 940px) 100vw, 940px\" \/><\/a><\/figure>\n<\/div><\/div>\n\n\n\n<div class=\"wp-block-column is-layout-flow wp-block-column-is-layout-flow\">\n<h2 class=\"wp-block-heading has-text-align-center\"><mark style=\"background-color:rgba(0, 0, 0, 0)\" class=\"has-inline-color has-primary-color\"><strong>Nexigen\u00ae B500B<\/strong><\/mark><\/h2>\n\n\n\n<p>Nexigen<sup>\u00ae <\/sup>promeut des solutions durables pour la r\u00e9duction des \u00e9missions de CO<sub>2<\/sub> et le soutien \u00e0 des cha\u00eenes d&rsquo;approvisionnement respectueuses de l&rsquo;environnement. Avec des renforcements transparents \u00e0 faible teneur en CO<sub>2<\/sub>, nous visons \u00e0 am\u00e9liorer le bilan CO<sub>2<\/sub> des structures. Notre production utilise exclusivement de l&rsquo;hydro\u00e9lectricit\u00e9 et de la ferraille, affichant ainsi la plus faible empreinte carbone dans le secteur de l&rsquo;acier \u00e0 b\u00e9ton. Pour plus d&rsquo;informations :<\/p>\n\n\n\n<p><\/p>\n\n\n<div class=\"wp-block-image\">\n<figure class=\"aligncenter size-full is-resized\"><a href=\"https:\/\/bewehrungstechnik.ch\/fr\/product\/nexigen-b500b\/\"><img loading=\"lazy\" decoding=\"async\" width=\"940\" height=\"720\" src=\"https:\/\/bewehrungstechnik.ch\/wp-content\/uploads\/Nexigen_Coil.png\" alt=\"\" class=\"wp-image-8144\" style=\"width:591px;height:auto\" srcset=\"https:\/\/bewehrungstechnik.ch\/wp-content\/uploads\/Nexigen_Coil.png 940w, https:\/\/bewehrungstechnik.ch\/wp-content\/uploads\/Nexigen_Coil-300x230.png 300w, https:\/\/bewehrungstechnik.ch\/wp-content\/uploads\/Nexigen_Coil-768x588.png 768w, https:\/\/bewehrungstechnik.ch\/wp-content\/uploads\/Nexigen_Coil-436x334.png 436w, https:\/\/bewehrungstechnik.ch\/wp-content\/uploads\/Nexigen_Coil-550x421.png 550w\" sizes=\"auto, (max-width: 940px) 100vw, 940px\" \/><\/a><\/figure>\n<\/div><\/div>\n<\/div>\n","protected":false},"excerpt":{"rendered":"<p>Comparaisons du c\u00f4t\u00e9 des consommateurs jusqu&rsquo;\u00e0 pr\u00e9sent impossibles Des termes tels que \u00ab acier vert \u00bb ou \u00ab Green Steel \u00bb sont largement r\u00e9pandus dans notre industrie depuis un certain temps. Cependant, jusqu&rsquo;\u00e0 pr\u00e9sent, aucune d\u00e9finition universellement accept\u00e9e n&rsquo;a exist\u00e9. De m\u00eame, les certifications et les \u00e9tiquetages ont \u00e9t\u00e9 tout aussi opaques. Les fabricants ont [&hellip;]<\/p>\n","protected":false},"author":12,"featured_media":0,"parent":0,"menu_order":0,"comment_status":"closed","ping_status":"closed","template":"","meta":{"_acf_changed":false,"footnotes":""},"class_list":["post-8159","page","type-page","status-publish",""],"acf":[],"yoast_head":"<!-- This site is optimized with the Yoast SEO plugin v27.4 - https:\/\/yoast.com\/product\/yoast-seo-wordpress\/ -->\n<title>Cat\u00e9gorisation du CO2 pour l&#039;acier \u00e0 b\u00e9ton - Bewehrungstechnik<\/title>\n<meta name=\"robots\" content=\"index, follow, max-snippet:-1, max-image-preview:large, max-video-preview:-1\" \/>\n<link rel=\"canonical\" href=\"https:\/\/bewehrungstechnik.ch\/fr\/categorisation-du-co2-pour-lacier-a-beton\/\" \/>\n<meta property=\"og:locale\" content=\"fr_FR\" \/>\n<meta property=\"og:type\" content=\"article\" \/>\n<meta property=\"og:title\" content=\"Cat\u00e9gorisation du CO2 pour l&#039;acier \u00e0 b\u00e9ton - Bewehrungstechnik\" \/>\n<meta property=\"og:description\" content=\"Comparaisons du c\u00f4t\u00e9 des consommateurs jusqu&rsquo;\u00e0 pr\u00e9sent impossibles Des termes tels que \u00ab acier vert \u00bb ou \u00ab Green Steel \u00bb sont largement r\u00e9pandus dans notre industrie depuis un certain temps. Cependant, jusqu&rsquo;\u00e0 pr\u00e9sent, aucune d\u00e9finition universellement accept\u00e9e n&rsquo;a exist\u00e9. De m\u00eame, les certifications et les \u00e9tiquetages ont \u00e9t\u00e9 tout aussi opaques. Les fabricants ont [&hellip;]\" \/>\n<meta property=\"og:url\" content=\"https:\/\/bewehrungstechnik.ch\/fr\/categorisation-du-co2-pour-lacier-a-beton\/\" \/>\n<meta property=\"og:site_name\" content=\"Bewehrungstechnik\" \/>\n<meta property=\"article:modified_time\" content=\"2023-11-23T07:14:23+00:00\" \/>\n<meta property=\"og:image\" content=\"https:\/\/bewehrungstechnik.ch\/wp-content\/uploads\/Nexigen_Coil_CO2-edited-3.png\" \/>\n<meta name=\"twitter:card\" content=\"summary_large_image\" \/>\n<script type=\"application\/ld+json\" class=\"yoast-schema-graph\">{\"@context\":\"https:\\\/\\\/schema.org\",\"@graph\":[{\"@type\":\"WebPage\",\"@id\":\"https:\\\/\\\/bewehrungstechnik.ch\\\/fr\\\/categorisation-du-co2-pour-lacier-a-beton\\\/\",\"url\":\"https:\\\/\\\/bewehrungstechnik.ch\\\/fr\\\/categorisation-du-co2-pour-lacier-a-beton\\\/\",\"name\":\"Cat\u00e9gorisation du CO2 pour l'acier \u00e0 b\u00e9ton - Bewehrungstechnik\",\"isPartOf\":{\"@id\":\"https:\\\/\\\/bewehrungstechnik.ch\\\/fr\\\/#website\"},\"primaryImageOfPage\":{\"@id\":\"https:\\\/\\\/bewehrungstechnik.ch\\\/fr\\\/categorisation-du-co2-pour-lacier-a-beton\\\/#primaryimage\"},\"image\":{\"@id\":\"https:\\\/\\\/bewehrungstechnik.ch\\\/fr\\\/categorisation-du-co2-pour-lacier-a-beton\\\/#primaryimage\"},\"thumbnailUrl\":\"https:\\\/\\\/bewehrungstechnik.ch\\\/wp-content\\\/uploads\\\/Nexigen_Coil_CO2-edited-3.png\",\"datePublished\":\"2023-11-22T10:54:52+00:00\",\"dateModified\":\"2023-11-23T07:14:23+00:00\",\"breadcrumb\":{\"@id\":\"https:\\\/\\\/bewehrungstechnik.ch\\\/fr\\\/categorisation-du-co2-pour-lacier-a-beton\\\/#breadcrumb\"},\"inLanguage\":\"fr-FR\",\"potentialAction\":[{\"@type\":\"ReadAction\",\"target\":[\"https:\\\/\\\/bewehrungstechnik.ch\\\/fr\\\/categorisation-du-co2-pour-lacier-a-beton\\\/\"]}]},{\"@type\":\"ImageObject\",\"inLanguage\":\"fr-FR\",\"@id\":\"https:\\\/\\\/bewehrungstechnik.ch\\\/fr\\\/categorisation-du-co2-pour-lacier-a-beton\\\/#primaryimage\",\"url\":\"https:\\\/\\\/bewehrungstechnik.ch\\\/wp-content\\\/uploads\\\/Nexigen_Coil_CO2-edited-3.png\",\"contentUrl\":\"https:\\\/\\\/bewehrungstechnik.ch\\\/wp-content\\\/uploads\\\/Nexigen_Coil_CO2-edited-3.png\"},{\"@type\":\"BreadcrumbList\",\"@id\":\"https:\\\/\\\/bewehrungstechnik.ch\\\/fr\\\/categorisation-du-co2-pour-lacier-a-beton\\\/#breadcrumb\",\"itemListElement\":[{\"@type\":\"ListItem\",\"position\":1,\"name\":\"Home\",\"item\":\"https:\\\/\\\/bewehrungstechnik.ch\\\/fr\\\/\"},{\"@type\":\"ListItem\",\"position\":2,\"name\":\"Cat\u00e9gorisation du CO2 pour l&#8217;acier \u00e0 b\u00e9ton\"}]},{\"@type\":\"WebSite\",\"@id\":\"https:\\\/\\\/bewehrungstechnik.ch\\\/fr\\\/#website\",\"url\":\"https:\\\/\\\/bewehrungstechnik.ch\\\/fr\\\/\",\"name\":\"Bewehrungstechnik\",\"description\":\"Just another WordPress site\",\"publisher\":{\"@id\":\"https:\\\/\\\/bewehrungstechnik.ch\\\/fr\\\/#organization\"},\"potentialAction\":[{\"@type\":\"SearchAction\",\"target\":{\"@type\":\"EntryPoint\",\"urlTemplate\":\"https:\\\/\\\/bewehrungstechnik.ch\\\/fr\\\/?s={search_term_string}\"},\"query-input\":{\"@type\":\"PropertyValueSpecification\",\"valueRequired\":true,\"valueName\":\"search_term_string\"}}],\"inLanguage\":\"fr-FR\"},{\"@type\":\"Organization\",\"@id\":\"https:\\\/\\\/bewehrungstechnik.ch\\\/fr\\\/#organization\",\"name\":\"Bewehrungstechnik\",\"url\":\"https:\\\/\\\/bewehrungstechnik.ch\\\/fr\\\/\",\"logo\":{\"@type\":\"ImageObject\",\"inLanguage\":\"fr-FR\",\"@id\":\"https:\\\/\\\/bewehrungstechnik.ch\\\/fr\\\/#\\\/schema\\\/logo\\\/image\\\/\",\"url\":\"https:\\\/\\\/bewehrungstechnik.ch\\\/wp-content\\\/uploads\\\/2021\\\/03\\\/logo.svg\",\"contentUrl\":\"https:\\\/\\\/bewehrungstechnik.ch\\\/wp-content\\\/uploads\\\/2021\\\/03\\\/logo.svg\",\"width\":436,\"height\":436,\"caption\":\"Bewehrungstechnik\"},\"image\":{\"@id\":\"https:\\\/\\\/bewehrungstechnik.ch\\\/fr\\\/#\\\/schema\\\/logo\\\/image\\\/\"}}]}<\/script>\n<!-- \/ Yoast SEO plugin. -->","yoast_head_json":{"title":"Cat\u00e9gorisation du CO2 pour l'acier \u00e0 b\u00e9ton - Bewehrungstechnik","robots":{"index":"index","follow":"follow","max-snippet":"max-snippet:-1","max-image-preview":"max-image-preview:large","max-video-preview":"max-video-preview:-1"},"canonical":"https:\/\/bewehrungstechnik.ch\/fr\/categorisation-du-co2-pour-lacier-a-beton\/","og_locale":"fr_FR","og_type":"article","og_title":"Cat\u00e9gorisation du CO2 pour l'acier \u00e0 b\u00e9ton - Bewehrungstechnik","og_description":"Comparaisons du c\u00f4t\u00e9 des consommateurs jusqu&rsquo;\u00e0 pr\u00e9sent impossibles Des termes tels que \u00ab acier vert \u00bb ou \u00ab Green Steel \u00bb sont largement r\u00e9pandus dans notre industrie depuis un certain temps. Cependant, jusqu&rsquo;\u00e0 pr\u00e9sent, aucune d\u00e9finition universellement accept\u00e9e n&rsquo;a exist\u00e9. De m\u00eame, les certifications et les \u00e9tiquetages ont \u00e9t\u00e9 tout aussi opaques. Les fabricants ont [&hellip;]","og_url":"https:\/\/bewehrungstechnik.ch\/fr\/categorisation-du-co2-pour-lacier-a-beton\/","og_site_name":"Bewehrungstechnik","article_modified_time":"2023-11-23T07:14:23+00:00","og_image":[{"url":"https:\/\/bewehrungstechnik.ch\/wp-content\/uploads\/Nexigen_Coil_CO2-edited-3.png","type":"","width":"","height":""}],"twitter_card":"summary_large_image","schema":{"@context":"https:\/\/schema.org","@graph":[{"@type":"WebPage","@id":"https:\/\/bewehrungstechnik.ch\/fr\/categorisation-du-co2-pour-lacier-a-beton\/","url":"https:\/\/bewehrungstechnik.ch\/fr\/categorisation-du-co2-pour-lacier-a-beton\/","name":"Cat\u00e9gorisation du CO2 pour l'acier \u00e0 b\u00e9ton - Bewehrungstechnik","isPartOf":{"@id":"https:\/\/bewehrungstechnik.ch\/fr\/#website"},"primaryImageOfPage":{"@id":"https:\/\/bewehrungstechnik.ch\/fr\/categorisation-du-co2-pour-lacier-a-beton\/#primaryimage"},"image":{"@id":"https:\/\/bewehrungstechnik.ch\/fr\/categorisation-du-co2-pour-lacier-a-beton\/#primaryimage"},"thumbnailUrl":"https:\/\/bewehrungstechnik.ch\/wp-content\/uploads\/Nexigen_Coil_CO2-edited-3.png","datePublished":"2023-11-22T10:54:52+00:00","dateModified":"2023-11-23T07:14:23+00:00","breadcrumb":{"@id":"https:\/\/bewehrungstechnik.ch\/fr\/categorisation-du-co2-pour-lacier-a-beton\/#breadcrumb"},"inLanguage":"fr-FR","potentialAction":[{"@type":"ReadAction","target":["https:\/\/bewehrungstechnik.ch\/fr\/categorisation-du-co2-pour-lacier-a-beton\/"]}]},{"@type":"ImageObject","inLanguage":"fr-FR","@id":"https:\/\/bewehrungstechnik.ch\/fr\/categorisation-du-co2-pour-lacier-a-beton\/#primaryimage","url":"https:\/\/bewehrungstechnik.ch\/wp-content\/uploads\/Nexigen_Coil_CO2-edited-3.png","contentUrl":"https:\/\/bewehrungstechnik.ch\/wp-content\/uploads\/Nexigen_Coil_CO2-edited-3.png"},{"@type":"BreadcrumbList","@id":"https:\/\/bewehrungstechnik.ch\/fr\/categorisation-du-co2-pour-lacier-a-beton\/#breadcrumb","itemListElement":[{"@type":"ListItem","position":1,"name":"Home","item":"https:\/\/bewehrungstechnik.ch\/fr\/"},{"@type":"ListItem","position":2,"name":"Cat\u00e9gorisation du CO2 pour l&#8217;acier \u00e0 b\u00e9ton"}]},{"@type":"WebSite","@id":"https:\/\/bewehrungstechnik.ch\/fr\/#website","url":"https:\/\/bewehrungstechnik.ch\/fr\/","name":"Bewehrungstechnik","description":"Just another WordPress site","publisher":{"@id":"https:\/\/bewehrungstechnik.ch\/fr\/#organization"},"potentialAction":[{"@type":"SearchAction","target":{"@type":"EntryPoint","urlTemplate":"https:\/\/bewehrungstechnik.ch\/fr\/?s={search_term_string}"},"query-input":{"@type":"PropertyValueSpecification","valueRequired":true,"valueName":"search_term_string"}}],"inLanguage":"fr-FR"},{"@type":"Organization","@id":"https:\/\/bewehrungstechnik.ch\/fr\/#organization","name":"Bewehrungstechnik","url":"https:\/\/bewehrungstechnik.ch\/fr\/","logo":{"@type":"ImageObject","inLanguage":"fr-FR","@id":"https:\/\/bewehrungstechnik.ch\/fr\/#\/schema\/logo\/image\/","url":"https:\/\/bewehrungstechnik.ch\/wp-content\/uploads\/2021\/03\/logo.svg","contentUrl":"https:\/\/bewehrungstechnik.ch\/wp-content\/uploads\/2021\/03\/logo.svg","width":436,"height":436,"caption":"Bewehrungstechnik"},"image":{"@id":"https:\/\/bewehrungstechnik.ch\/fr\/#\/schema\/logo\/image\/"}}]}},"_links":{"self":[{"href":"https:\/\/bewehrungstechnik.ch\/fr\/wp-json\/wp\/v2\/pages\/8159","targetHints":{"allow":["GET"]}}],"collection":[{"href":"https:\/\/bewehrungstechnik.ch\/fr\/wp-json\/wp\/v2\/pages"}],"about":[{"href":"https:\/\/bewehrungstechnik.ch\/fr\/wp-json\/wp\/v2\/types\/page"}],"author":[{"embeddable":true,"href":"https:\/\/bewehrungstechnik.ch\/fr\/wp-json\/wp\/v2\/users\/12"}],"replies":[{"embeddable":true,"href":"https:\/\/bewehrungstechnik.ch\/fr\/wp-json\/wp\/v2\/comments?post=8159"}],"version-history":[{"count":14,"href":"https:\/\/bewehrungstechnik.ch\/fr\/wp-json\/wp\/v2\/pages\/8159\/revisions"}],"predecessor-version":[{"id":8189,"href":"https:\/\/bewehrungstechnik.ch\/fr\/wp-json\/wp\/v2\/pages\/8159\/revisions\/8189"}],"wp:attachment":[{"href":"https:\/\/bewehrungstechnik.ch\/fr\/wp-json\/wp\/v2\/media?parent=8159"}],"curies":[{"name":"wp","href":"https:\/\/api.w.org\/{rel}","templated":true}]}}