{"id":12763,"date":"2026-03-31T12:05:17","date_gmt":"2026-03-31T12:05:17","guid":{"rendered":"https:\/\/bewehrungstechnik.ch\/product\/technologie-darmature-bamtec\/"},"modified":"2026-03-31T12:05:17","modified_gmt":"2026-03-31T12:05:17","slug":"technologie-darmature-bamtec","status":"publish","type":"product","link":"https:\/\/bewehrungstechnik.ch\/fr\/product\/technologie-darmature-bamtec\/","title":{"rendered":"Technologie d&rsquo;armature BAMTEC\u00ae"},"featured_media":8832,"menu_order":0,"template":"","product_category":[50],"class_list":["post-12763","product","type-product","status-publish","has-post-thumbnail","","product_category-aciers-darmature"],"acf":[],"yoast_head":"<!-- This site is optimized with the Yoast SEO plugin v27.4 - https:\/\/yoast.com\/product\/yoast-seo-wordpress\/ -->\n<title>Technologie d&#039;armature BAMTEC\u00ae - Bewehrungstechnik<\/title>\n<meta name=\"description\" content=\"R\u00e9duisez la dur\u00e9e des travaux et les co\u00fbts gr\u00e2ce \u00e0 des armatures pr\u00e9fabriqu\u00e9es.\" \/>\n<meta name=\"robots\" content=\"index, follow, max-snippet:-1, max-image-preview:large, max-video-preview:-1\" \/>\n<link rel=\"canonical\" href=\"https:\/\/bewehrungstechnik.ch\/fr\/product\/technologie-darmature-bamtec\/\" \/>\n<meta property=\"og:locale\" content=\"fr_FR\" \/>\n<meta property=\"og:type\" content=\"article\" \/>\n<meta property=\"og:title\" content=\"Technologie d&#039;armature BAMTEC\u00ae - Bewehrungstechnik\" \/>\n<meta property=\"og:description\" content=\"R\u00e9duisez la dur\u00e9e des travaux et les co\u00fbts gr\u00e2ce \u00e0 des armatures pr\u00e9fabriqu\u00e9es.\" \/>\n<meta property=\"og:url\" content=\"https:\/\/bewehrungstechnik.ch\/fr\/product\/technologie-darmature-bamtec\/\" \/>\n<meta property=\"og:site_name\" content=\"Bewehrungstechnik\" \/>\n<meta property=\"og:image\" content=\"https:\/\/bewehrungstechnik.ch\/wp-content\/uploads\/bamtec-ausrollen_18-1024x870.jpg\" \/>\n\t<meta property=\"og:image:width\" content=\"1024\" \/>\n\t<meta property=\"og:image:height\" content=\"870\" \/>\n\t<meta property=\"og:image:type\" content=\"image\/jpeg\" \/>\n<meta name=\"twitter:card\" content=\"summary_large_image\" \/>\n<script type=\"application\/ld+json\" class=\"yoast-schema-graph\">{\"@context\":\"https:\\\/\\\/schema.org\",\"@graph\":[{\"@type\":\"WebPage\",\"@id\":\"https:\\\/\\\/bewehrungstechnik.ch\\\/fr\\\/product\\\/technologie-darmature-bamtec\\\/\",\"url\":\"https:\\\/\\\/bewehrungstechnik.ch\\\/fr\\\/product\\\/technologie-darmature-bamtec\\\/\",\"name\":\"Technologie d'armature BAMTEC\u00ae - Bewehrungstechnik\",\"isPartOf\":{\"@id\":\"https:\\\/\\\/bewehrungstechnik.ch\\\/fr\\\/#website\"},\"primaryImageOfPage\":{\"@id\":\"https:\\\/\\\/bewehrungstechnik.ch\\\/fr\\\/product\\\/technologie-darmature-bamtec\\\/#primaryimage\"},\"image\":{\"@id\":\"https:\\\/\\\/bewehrungstechnik.ch\\\/fr\\\/product\\\/technologie-darmature-bamtec\\\/#primaryimage\"},\"thumbnailUrl\":\"https:\\\/\\\/bewehrungstechnik.ch\\\/wp-content\\\/uploads\\\/bamtec-ausrollen_18.jpg\",\"datePublished\":\"2026-03-31T12:05:17+00:00\",\"description\":\"R\u00e9duisez la dur\u00e9e des travaux et les co\u00fbts gr\u00e2ce \u00e0 des armatures pr\u00e9fabriqu\u00e9es.\",\"breadcrumb\":{\"@id\":\"https:\\\/\\\/bewehrungstechnik.ch\\\/fr\\\/product\\\/technologie-darmature-bamtec\\\/#breadcrumb\"},\"inLanguage\":\"fr-FR\",\"potentialAction\":[{\"@type\":\"ReadAction\",\"target\":[\"https:\\\/\\\/bewehrungstechnik.ch\\\/fr\\\/product\\\/technologie-darmature-bamtec\\\/\"]}]},{\"@type\":\"ImageObject\",\"inLanguage\":\"fr-FR\",\"@id\":\"https:\\\/\\\/bewehrungstechnik.ch\\\/fr\\\/product\\\/technologie-darmature-bamtec\\\/#primaryimage\",\"url\":\"https:\\\/\\\/bewehrungstechnik.ch\\\/wp-content\\\/uploads\\\/bamtec-ausrollen_18.jpg\",\"contentUrl\":\"https:\\\/\\\/bewehrungstechnik.ch\\\/wp-content\\\/uploads\\\/bamtec-ausrollen_18.jpg\",\"width\":2514,\"height\":2136},{\"@type\":\"BreadcrumbList\",\"@id\":\"https:\\\/\\\/bewehrungstechnik.ch\\\/fr\\\/product\\\/technologie-darmature-bamtec\\\/#breadcrumb\",\"itemListElement\":[{\"@type\":\"ListItem\",\"position\":1,\"name\":\"Home\",\"item\":\"https:\\\/\\\/bewehrungstechnik.ch\\\/fr\\\/\"},{\"@type\":\"ListItem\",\"position\":2,\"name\":\"Products\",\"item\":\"https:\\\/\\\/bewehrungstechnik.ch\\\/fr\\\/products\\\/\"},{\"@type\":\"ListItem\",\"position\":3,\"name\":\"Technologie d&rsquo;armature BAMTEC\u00ae\"}]},{\"@type\":\"WebSite\",\"@id\":\"https:\\\/\\\/bewehrungstechnik.ch\\\/fr\\\/#website\",\"url\":\"https:\\\/\\\/bewehrungstechnik.ch\\\/fr\\\/\",\"name\":\"Bewehrungstechnik\",\"description\":\"Just another WordPress site\",\"publisher\":{\"@id\":\"https:\\\/\\\/bewehrungstechnik.ch\\\/fr\\\/#organization\"},\"potentialAction\":[{\"@type\":\"SearchAction\",\"target\":{\"@type\":\"EntryPoint\",\"urlTemplate\":\"https:\\\/\\\/bewehrungstechnik.ch\\\/fr\\\/?s={search_term_string}\"},\"query-input\":{\"@type\":\"PropertyValueSpecification\",\"valueRequired\":true,\"valueName\":\"search_term_string\"}}],\"inLanguage\":\"fr-FR\"},{\"@type\":\"Organization\",\"@id\":\"https:\\\/\\\/bewehrungstechnik.ch\\\/fr\\\/#organization\",\"name\":\"Bewehrungstechnik\",\"url\":\"https:\\\/\\\/bewehrungstechnik.ch\\\/fr\\\/\",\"logo\":{\"@type\":\"ImageObject\",\"inLanguage\":\"fr-FR\",\"@id\":\"https:\\\/\\\/bewehrungstechnik.ch\\\/fr\\\/#\\\/schema\\\/logo\\\/image\\\/\",\"url\":\"https:\\\/\\\/bewehrungstechnik.ch\\\/wp-content\\\/uploads\\\/2021\\\/03\\\/logo.svg\",\"contentUrl\":\"https:\\\/\\\/bewehrungstechnik.ch\\\/wp-content\\\/uploads\\\/2021\\\/03\\\/logo.svg\",\"width\":436,\"height\":436,\"caption\":\"Bewehrungstechnik\"},\"image\":{\"@id\":\"https:\\\/\\\/bewehrungstechnik.ch\\\/fr\\\/#\\\/schema\\\/logo\\\/image\\\/\"}}]}<\/script>\n<!-- \/ Yoast SEO plugin. -->","yoast_head_json":{"title":"Technologie d'armature BAMTEC\u00ae - Bewehrungstechnik","description":"R\u00e9duisez la dur\u00e9e des travaux et les co\u00fbts gr\u00e2ce \u00e0 des armatures pr\u00e9fabriqu\u00e9es.","robots":{"index":"index","follow":"follow","max-snippet":"max-snippet:-1","max-image-preview":"max-image-preview:large","max-video-preview":"max-video-preview:-1"},"canonical":"https:\/\/bewehrungstechnik.ch\/fr\/product\/technologie-darmature-bamtec\/","og_locale":"fr_FR","og_type":"article","og_title":"Technologie d'armature BAMTEC\u00ae - Bewehrungstechnik","og_description":"R\u00e9duisez la dur\u00e9e des travaux et les co\u00fbts gr\u00e2ce \u00e0 des armatures pr\u00e9fabriqu\u00e9es.","og_url":"https:\/\/bewehrungstechnik.ch\/fr\/product\/technologie-darmature-bamtec\/","og_site_name":"Bewehrungstechnik","og_image":[{"width":1024,"height":870,"url":"https:\/\/bewehrungstechnik.ch\/wp-content\/uploads\/bamtec-ausrollen_18-1024x870.jpg","type":"image\/jpeg"}],"twitter_card":"summary_large_image","schema":{"@context":"https:\/\/schema.org","@graph":[{"@type":"WebPage","@id":"https:\/\/bewehrungstechnik.ch\/fr\/product\/technologie-darmature-bamtec\/","url":"https:\/\/bewehrungstechnik.ch\/fr\/product\/technologie-darmature-bamtec\/","name":"Technologie d'armature BAMTEC\u00ae - Bewehrungstechnik","isPartOf":{"@id":"https:\/\/bewehrungstechnik.ch\/fr\/#website"},"primaryImageOfPage":{"@id":"https:\/\/bewehrungstechnik.ch\/fr\/product\/technologie-darmature-bamtec\/#primaryimage"},"image":{"@id":"https:\/\/bewehrungstechnik.ch\/fr\/product\/technologie-darmature-bamtec\/#primaryimage"},"thumbnailUrl":"https:\/\/bewehrungstechnik.ch\/wp-content\/uploads\/bamtec-ausrollen_18.jpg","datePublished":"2026-03-31T12:05:17+00:00","description":"R\u00e9duisez la dur\u00e9e des travaux et les co\u00fbts gr\u00e2ce \u00e0 des armatures pr\u00e9fabriqu\u00e9es.","breadcrumb":{"@id":"https:\/\/bewehrungstechnik.ch\/fr\/product\/technologie-darmature-bamtec\/#breadcrumb"},"inLanguage":"fr-FR","potentialAction":[{"@type":"ReadAction","target":["https:\/\/bewehrungstechnik.ch\/fr\/product\/technologie-darmature-bamtec\/"]}]},{"@type":"ImageObject","inLanguage":"fr-FR","@id":"https:\/\/bewehrungstechnik.ch\/fr\/product\/technologie-darmature-bamtec\/#primaryimage","url":"https:\/\/bewehrungstechnik.ch\/wp-content\/uploads\/bamtec-ausrollen_18.jpg","contentUrl":"https:\/\/bewehrungstechnik.ch\/wp-content\/uploads\/bamtec-ausrollen_18.jpg","width":2514,"height":2136},{"@type":"BreadcrumbList","@id":"https:\/\/bewehrungstechnik.ch\/fr\/product\/technologie-darmature-bamtec\/#breadcrumb","itemListElement":[{"@type":"ListItem","position":1,"name":"Home","item":"https:\/\/bewehrungstechnik.ch\/fr\/"},{"@type":"ListItem","position":2,"name":"Products","item":"https:\/\/bewehrungstechnik.ch\/fr\/products\/"},{"@type":"ListItem","position":3,"name":"Technologie d&rsquo;armature BAMTEC\u00ae"}]},{"@type":"WebSite","@id":"https:\/\/bewehrungstechnik.ch\/fr\/#website","url":"https:\/\/bewehrungstechnik.ch\/fr\/","name":"Bewehrungstechnik","description":"Just another WordPress site","publisher":{"@id":"https:\/\/bewehrungstechnik.ch\/fr\/#organization"},"potentialAction":[{"@type":"SearchAction","target":{"@type":"EntryPoint","urlTemplate":"https:\/\/bewehrungstechnik.ch\/fr\/?s={search_term_string}"},"query-input":{"@type":"PropertyValueSpecification","valueRequired":true,"valueName":"search_term_string"}}],"inLanguage":"fr-FR"},{"@type":"Organization","@id":"https:\/\/bewehrungstechnik.ch\/fr\/#organization","name":"Bewehrungstechnik","url":"https:\/\/bewehrungstechnik.ch\/fr\/","logo":{"@type":"ImageObject","inLanguage":"fr-FR","@id":"https:\/\/bewehrungstechnik.ch\/fr\/#\/schema\/logo\/image\/","url":"https:\/\/bewehrungstechnik.ch\/wp-content\/uploads\/2021\/03\/logo.svg","contentUrl":"https:\/\/bewehrungstechnik.ch\/wp-content\/uploads\/2021\/03\/logo.svg","width":436,"height":436,"caption":"Bewehrungstechnik"},"image":{"@id":"https:\/\/bewehrungstechnik.ch\/fr\/#\/schema\/logo\/image\/"}}]}},"deac_custom_fields":{"page_color_variation":"default","description":[{"title":"rentabilit\u00e9","text":"<p>Le syst\u00e8me BAMTEC\u00ae permet une pose de l&rsquo;armature m\u00e9tallique jusqu&rsquo;\u00e0 70 % plus rapide, r\u00e9duit la dur\u00e9e des travaux de gros \u0153uvre et diminue les co\u00fbts de pose. Il n\u00e9cessite moins de main-d&rsquo;\u0153uvre et am\u00e9liore la s\u00e9curit\u00e9 au travail.<\/p>\n"},{"title":"Processus","text":"<p>En fonction de l&rsquo;avancement du projet, nous r\u00e9alisons une \u00e9tude de faisabilit\u00e9 et \u00e9tablissons les documents d&rsquo;ex\u00e9cution BAMTEC n\u00e9cessaires \u00e0 partir des plans de coffrage et des croquis ou plans d&rsquo;armature. Pour une conception ou une modification de conception BAMTEC, veuillez contacter votre bureau d&rsquo;\u00e9tudes technique r\u00e9f\u00e9rent ou votre conseiller commercial.<\/p>\n<p>Une commande BAMTEC peut ensuite \u00eatre pass\u00e9e comme d&rsquo;habitude par e-mail \u00e0 l&rsquo;adresse sales@bewehrungen.ch.<\/p>\n"},{"title":"Passage \u00e0 BAMTEC\u00ae","text":"<p>Le passage d&rsquo;un armature classique \u00e0 BAMTEC\u00ae est simple et offre des avantages en termes de temps et de co\u00fbts. Les projets peuvent \u00eatre adapt\u00e9s rapidement, sans qu&rsquo;il soit n\u00e9cessaire d&rsquo;optimiser l&rsquo;armature. Des \u00e9conomies d&rsquo;acier pouvant atteindre 15 % par rapport aux treillis sont courantes. Nous nous ferons un plaisir de vous conseiller pour une mise en \u0153uvre optimale.<\/p>\n<p>\u00a0<\/p>\n<p>\u00a0<\/p>\n"},{"title":"Transport","text":"<p>Le transport des \u00e9l\u00e9ments vers le chantier s&rsquo;effectue \u00e0 l&rsquo;aide de camions conventionnels \u00e0 pleine capacit\u00e9 de chargement. Le d\u00e9chargement est effectu\u00e9 sur place \u00e0 l&rsquo;aide d&rsquo;un appareil de levage d&rsquo;une capacit\u00e9 d&rsquo;environ 2,5 tonnes. Une livraison par camion-grue est possible en option, mais n\u00e9cessite une planification pr\u00e9alable par BAMTEC avec des rouleaux courts d&rsquo;une longueur maximale d&rsquo;environ 6 m. Les \u00e9lingues fournies restent sur le chantier ou sont partiellement rembours\u00e9es lors de leur restitution.<\/p>\n<p>La livraison est possible dans les 10 jours ouvrables \u00e0 compter de la date d&rsquo;appel, apr\u00e8s planification par BAMTEC (le d\u00e9lai de planification est de 4 semaines).<\/p>\n"},{"title":"Avantages","text":"<ul>\n<li><strong>Rapide<\/strong><br \/>\nLe d\u00e9roulement, qui remplace le tressage, permet de r\u00e9duire le temps de pose jusqu\u2019\u00e0 70 % par \u00e9l\u00e9ment, avec seulement la moiti\u00e9 de la main-d\u2019\u0153uvre.<\/li>\n<li><strong>Flexible<\/strong><br \/>\nBAMTEC\u00ae permet une disposition personnalis\u00e9e des barres d\u2019un diam\u00e8tre compris entre 8 et 20 mm et d\u2019une longueur comprise entre 1,7 m et 15 m. Les espacements entre les barres sont librement s\u00e9lectionnables, ce qui permet de r\u00e9aliser pratiquement tous les plans. Particuli\u00e8rement avantageux pour les grandes port\u00e9es et les plans complexes.<\/li>\n<li><strong>\u00c9conomique<\/strong><br \/>\nLa r\u00e9duction du temps de gros \u0153uvre et les \u00e9conomies de mat\u00e9riaux permettent de diminuer les co\u00fbts de construction, ce qui renforce la comp\u00e9titivit\u00e9 et facilite le recrutement de personnel.<\/li>\n<\/ul>\n"},{"title":"Avantages","text":"<ul>\n<li><strong>Innovant<\/strong><br \/>\nBAMTEC\u00ae est particuli\u00e8rement innovant pour les grandes surfaces, les murs de grande hauteur, les chantiers en service et les constructions hybrides. Il permet une conception et une mise en \u0153uvre efficaces, r\u00e9duit les d\u00e9lais de construction tout en renfor\u00e7ant la s\u00e9curit\u00e9 au travail.<\/li>\n<li><strong>\u00c9prouv\u00e9<\/strong><br \/>\nBAMTEC\u00ae est utilis\u00e9 avec succ\u00e8s depuis des ann\u00e9es dans le monde entier. Le dimensionnement statique s&rsquo;effectue de mani\u00e8re standard selon la norme B500B sans mesures suppl\u00e9mentaires. Une planification et un placement pr\u00e9cis de la section d&rsquo;armature garantissent une qualit\u00e9 d&rsquo;ex\u00e9cution et de pose \u00e9lev\u00e9e.<\/li>\n<li><strong>Durable<\/strong><br \/>\nUne planification optimis\u00e9e assure des sections d&rsquo;armature pr\u00e9cises et r\u00e9duit la quantit\u00e9 de mat\u00e9riaux n\u00e9cessaire. Le d\u00e9roulement r\u00e9duit le travail physique p\u00e9nible et m\u00e9nage les employ\u00e9s. De plus, la r\u00e9duction des besoins en personnel minimise le risque de travaux de pose de mauvaise qualit\u00e9.<\/li>\n<\/ul>\n"}],"product":{"brand":"BAMTEC\u00ae","name":"Technologie des armatures"},"highlight_box":{"title":"Gain de temps lors de la pose","subtitle":"Une progression rapide des travaux gr\u00e2ce \u00e0 une pose optimis\u00e9e \u2013 un gain de temps pouvant atteindre 70 % par \u00e9l\u00e9ment, avec une main-d'\u0153uvre r\u00e9duite de moiti\u00e9. ","text":"<ul>\n<li><strong>Gain de temps<\/strong> lors de la pose gr\u00e2ce \u00e0 des processus optimis\u00e9s<\/li>\n<li><strong>Grande flexibilit\u00e9<\/strong> dans la planification et la r\u00e9alisation<\/li>\n<li><strong>Rentabilit\u00e9<\/strong> gr\u00e2ce \u00e0 des \u00e9conomies de mat\u00e9riaux, des d\u00e9lais de construction plus courts et des co\u00fbts r\u00e9duits<\/li>\n<li><strong>S\u00e9curit\u00e9<\/strong> au travail renforc\u00e9e gr\u00e2ce \u00e0 une pose simple<\/li>\n<li><strong>Durabilit\u00e9<\/strong> gr\u00e2ce \u00e0 la pr\u00e9servation des ressources et \u00e0 la r\u00e9duction des \u00e9missions de CO\u2082<\/li>\n<\/ul>\n","media_type":"video","image":{"medium":"<img width=\"300\" height=\"255\" src=\"https:\/\/bewehrungstechnik.ch\/wp-content\/uploads\/bamtec-ausrollen_18-300x255.jpg\" class=\"%s\" alt=\"\" decoding=\"async\" loading=\"lazy\" srcset=\"https:\/\/bewehrungstechnik.ch\/wp-content\/uploads\/bamtec-ausrollen_18-300x255.jpg 300w, https:\/\/bewehrungstechnik.ch\/wp-content\/uploads\/bamtec-ausrollen_18-1024x870.jpg 1024w, https:\/\/bewehrungstechnik.ch\/wp-content\/uploads\/bamtec-ausrollen_18-768x653.jpg 768w, https:\/\/bewehrungstechnik.ch\/wp-content\/uploads\/bamtec-ausrollen_18-1536x1305.jpg 1536w, https:\/\/bewehrungstechnik.ch\/wp-content\/uploads\/bamtec-ausrollen_18-2048x1740.jpg 2048w, https:\/\/bewehrungstechnik.ch\/wp-content\/uploads\/bamtec-ausrollen_18-436x370.jpg 436w, https:\/\/bewehrungstechnik.ch\/wp-content\/uploads\/bamtec-ausrollen_18-550x467.jpg 550w\" sizes=\"auto, (max-width: 300px) 100vw, 300px\" \/>","medium_large":"<img width=\"768\" height=\"653\" src=\"https:\/\/bewehrungstechnik.ch\/wp-content\/uploads\/bamtec-ausrollen_18-768x653.jpg\" class=\"%s\" alt=\"\" decoding=\"async\" loading=\"lazy\" srcset=\"https:\/\/bewehrungstechnik.ch\/wp-content\/uploads\/bamtec-ausrollen_18-768x653.jpg 768w, https:\/\/bewehrungstechnik.ch\/wp-content\/uploads\/bamtec-ausrollen_18-300x255.jpg 300w, https:\/\/bewehrungstechnik.ch\/wp-content\/uploads\/bamtec-ausrollen_18-1024x870.jpg 1024w, https:\/\/bewehrungstechnik.ch\/wp-content\/uploads\/bamtec-ausrollen_18-1536x1305.jpg 1536w, https:\/\/bewehrungstechnik.ch\/wp-content\/uploads\/bamtec-ausrollen_18-2048x1740.jpg 2048w, https:\/\/bewehrungstechnik.ch\/wp-content\/uploads\/bamtec-ausrollen_18-436x370.jpg 436w, https:\/\/bewehrungstechnik.ch\/wp-content\/uploads\/bamtec-ausrollen_18-550x467.jpg 550w\" sizes=\"auto, (max-width: 768px) 100vw, 768px\" \/>","large":"<img width=\"1024\" height=\"870\" src=\"https:\/\/bewehrungstechnik.ch\/wp-content\/uploads\/bamtec-ausrollen_18-1024x870.jpg\" class=\"%s\" alt=\"\" decoding=\"async\" loading=\"lazy\" srcset=\"https:\/\/bewehrungstechnik.ch\/wp-content\/uploads\/bamtec-ausrollen_18-1024x870.jpg 1024w, https:\/\/bewehrungstechnik.ch\/wp-content\/uploads\/bamtec-ausrollen_18-300x255.jpg 300w, https:\/\/bewehrungstechnik.ch\/wp-content\/uploads\/bamtec-ausrollen_18-768x653.jpg 768w, https:\/\/bewehrungstechnik.ch\/wp-content\/uploads\/bamtec-ausrollen_18-1536x1305.jpg 1536w, https:\/\/bewehrungstechnik.ch\/wp-content\/uploads\/bamtec-ausrollen_18-2048x1740.jpg 2048w, https:\/\/bewehrungstechnik.ch\/wp-content\/uploads\/bamtec-ausrollen_18-436x370.jpg 436w, https:\/\/bewehrungstechnik.ch\/wp-content\/uploads\/bamtec-ausrollen_18-550x467.jpg 550w\" sizes=\"auto, (max-width: 1024px) 100vw, 1024px\" \/>","full":"<img width=\"2514\" height=\"2136\" src=\"https:\/\/bewehrungstechnik.ch\/wp-content\/uploads\/bamtec-ausrollen_18.jpg\" class=\"%s\" alt=\"\" decoding=\"async\" loading=\"lazy\" srcset=\"https:\/\/bewehrungstechnik.ch\/wp-content\/uploads\/bamtec-ausrollen_18.jpg 2514w, https:\/\/bewehrungstechnik.ch\/wp-content\/uploads\/bamtec-ausrollen_18-300x255.jpg 300w, https:\/\/bewehrungstechnik.ch\/wp-content\/uploads\/bamtec-ausrollen_18-1024x870.jpg 1024w, https:\/\/bewehrungstechnik.ch\/wp-content\/uploads\/bamtec-ausrollen_18-768x653.jpg 768w, https:\/\/bewehrungstechnik.ch\/wp-content\/uploads\/bamtec-ausrollen_18-1536x1305.jpg 1536w, https:\/\/bewehrungstechnik.ch\/wp-content\/uploads\/bamtec-ausrollen_18-2048x1740.jpg 2048w, https:\/\/bewehrungstechnik.ch\/wp-content\/uploads\/bamtec-ausrollen_18-436x370.jpg 436w, https:\/\/bewehrungstechnik.ch\/wp-content\/uploads\/bamtec-ausrollen_18-550x467.jpg 550w\" sizes=\"auto, (max-width: 2514px) 100vw, 2514px\" \/>"},"video_list":[{"video_poster":8832,"youtube_link":"https:\/\/www.youtube.com\/watch?v=G7HRz4z7pKg","_video_poster_meta":["https:\/\/bewehrungstechnik.ch\/wp-content\/uploads\/bamtec-ausrollen_18.jpg",2514,2136,false]}]},"downloads":[12463]},"deac_featured_media":{"medium":"<img width=\"300\" height=\"255\" src=\"https:\/\/bewehrungstechnik.ch\/wp-content\/uploads\/bamtec-ausrollen_18-300x255.jpg\" class=\"%s\" alt=\"\" decoding=\"async\" loading=\"lazy\" srcset=\"https:\/\/bewehrungstechnik.ch\/wp-content\/uploads\/bamtec-ausrollen_18-300x255.jpg 300w, https:\/\/bewehrungstechnik.ch\/wp-content\/uploads\/bamtec-ausrollen_18-1024x870.jpg 1024w, https:\/\/bewehrungstechnik.ch\/wp-content\/uploads\/bamtec-ausrollen_18-768x653.jpg 768w, https:\/\/bewehrungstechnik.ch\/wp-content\/uploads\/bamtec-ausrollen_18-1536x1305.jpg 1536w, https:\/\/bewehrungstechnik.ch\/wp-content\/uploads\/bamtec-ausrollen_18-2048x1740.jpg 2048w, https:\/\/bewehrungstechnik.ch\/wp-content\/uploads\/bamtec-ausrollen_18-436x370.jpg 436w, https:\/\/bewehrungstechnik.ch\/wp-content\/uploads\/bamtec-ausrollen_18-550x467.jpg 550w\" sizes=\"auto, (max-width: 300px) 100vw, 300px\" \/>","medium_large":"<img width=\"768\" height=\"653\" src=\"https:\/\/bewehrungstechnik.ch\/wp-content\/uploads\/bamtec-ausrollen_18-768x653.jpg\" class=\"%s\" alt=\"\" decoding=\"async\" loading=\"lazy\" srcset=\"https:\/\/bewehrungstechnik.ch\/wp-content\/uploads\/bamtec-ausrollen_18-768x653.jpg 768w, https:\/\/bewehrungstechnik.ch\/wp-content\/uploads\/bamtec-ausrollen_18-300x255.jpg 300w, https:\/\/bewehrungstechnik.ch\/wp-content\/uploads\/bamtec-ausrollen_18-1024x870.jpg 1024w, https:\/\/bewehrungstechnik.ch\/wp-content\/uploads\/bamtec-ausrollen_18-1536x1305.jpg 1536w, https:\/\/bewehrungstechnik.ch\/wp-content\/uploads\/bamtec-ausrollen_18-2048x1740.jpg 2048w, https:\/\/bewehrungstechnik.ch\/wp-content\/uploads\/bamtec-ausrollen_18-436x370.jpg 436w, https:\/\/bewehrungstechnik.ch\/wp-content\/uploads\/bamtec-ausrollen_18-550x467.jpg 550w\" sizes=\"auto, (max-width: 768px) 100vw, 768px\" \/>","large":"<img width=\"1024\" height=\"870\" src=\"https:\/\/bewehrungstechnik.ch\/wp-content\/uploads\/bamtec-ausrollen_18-1024x870.jpg\" class=\"%s\" alt=\"\" decoding=\"async\" loading=\"lazy\" srcset=\"https:\/\/bewehrungstechnik.ch\/wp-content\/uploads\/bamtec-ausrollen_18-1024x870.jpg 1024w, https:\/\/bewehrungstechnik.ch\/wp-content\/uploads\/bamtec-ausrollen_18-300x255.jpg 300w, https:\/\/bewehrungstechnik.ch\/wp-content\/uploads\/bamtec-ausrollen_18-768x653.jpg 768w, https:\/\/bewehrungstechnik.ch\/wp-content\/uploads\/bamtec-ausrollen_18-1536x1305.jpg 1536w, https:\/\/bewehrungstechnik.ch\/wp-content\/uploads\/bamtec-ausrollen_18-2048x1740.jpg 2048w, https:\/\/bewehrungstechnik.ch\/wp-content\/uploads\/bamtec-ausrollen_18-436x370.jpg 436w, https:\/\/bewehrungstechnik.ch\/wp-content\/uploads\/bamtec-ausrollen_18-550x467.jpg 550w\" sizes=\"auto, (max-width: 1024px) 100vw, 1024px\" \/>","full":"<img width=\"2514\" height=\"2136\" src=\"https:\/\/bewehrungstechnik.ch\/wp-content\/uploads\/bamtec-ausrollen_18.jpg\" class=\"%s\" alt=\"\" decoding=\"async\" loading=\"lazy\" srcset=\"https:\/\/bewehrungstechnik.ch\/wp-content\/uploads\/bamtec-ausrollen_18.jpg 2514w, https:\/\/bewehrungstechnik.ch\/wp-content\/uploads\/bamtec-ausrollen_18-300x255.jpg 300w, https:\/\/bewehrungstechnik.ch\/wp-content\/uploads\/bamtec-ausrollen_18-1024x870.jpg 1024w, https:\/\/bewehrungstechnik.ch\/wp-content\/uploads\/bamtec-ausrollen_18-768x653.jpg 768w, https:\/\/bewehrungstechnik.ch\/wp-content\/uploads\/bamtec-ausrollen_18-1536x1305.jpg 1536w, https:\/\/bewehrungstechnik.ch\/wp-content\/uploads\/bamtec-ausrollen_18-2048x1740.jpg 2048w, https:\/\/bewehrungstechnik.ch\/wp-content\/uploads\/bamtec-ausrollen_18-436x370.jpg 436w, https:\/\/bewehrungstechnik.ch\/wp-content\/uploads\/bamtec-ausrollen_18-550x467.jpg 550w\" sizes=\"auto, (max-width: 2514px) 100vw, 2514px\" \/>"},"_links":{"self":[{"href":"https:\/\/bewehrungstechnik.ch\/fr\/wp-json\/wp\/v2\/product\/12763","targetHints":{"allow":["GET"]}}],"collection":[{"href":"https:\/\/bewehrungstechnik.ch\/fr\/wp-json\/wp\/v2\/product"}],"about":[{"href":"https:\/\/bewehrungstechnik.ch\/fr\/wp-json\/wp\/v2\/types\/product"}],"wp:featuredmedia":[{"embeddable":true,"href":"https:\/\/bewehrungstechnik.ch\/fr\/wp-json\/wp\/v2\/media\/8832"}],"wp:attachment":[{"href":"https:\/\/bewehrungstechnik.ch\/fr\/wp-json\/wp\/v2\/media?parent=12763"}],"wp:term":[{"taxonomy":"product_category","embeddable":true,"href":"https:\/\/bewehrungstechnik.ch\/fr\/wp-json\/wp\/v2\/product_category?post=12763"}],"curies":[{"name":"wp","href":"https:\/\/api.w.org\/{rel}","templated":true}]}}