{"id":2089,"date":"2021-05-14T07:32:13","date_gmt":"2021-05-14T07:32:13","guid":{"rendered":"https:\/\/bewehrungstechnik.ch\/?post_type=product&#038;p=2089"},"modified":"2026-03-31T11:55:39","modified_gmt":"2026-03-31T11:55:39","slug":"goujons-de-reprise-de-charges-transversales-acidorn","status":"publish","type":"product","link":"https:\/\/bewehrungstechnik.ch\/fr\/product\/goujons-de-reprise-de-charges-transversales-acidorn\/","title":{"rendered":"Goujons de reprise de charges transversales ACIDORN\u00ae"},"featured_media":1437,"menu_order":40,"template":"","product_category":[51],"class_list":["post-2089","product","type-product","status-publish","has-post-thumbnail","","product_category-technique-darmature"],"acf":[],"yoast_head":"<!-- This site is optimized with the Yoast SEO plugin v27.3 - https:\/\/yoast.com\/product\/yoast-seo-wordpress\/ -->\n<title>Goujons de cisaillement ACIDORN\u00ae | Debrunner Acifer Bewehrungen<\/title>\n<meta name=\"description\" content=\"Goujons ACIDORN\u00ae pour une transmission s\u00fbre des efforts tranchants : syst\u00e8mes Acidorn adapt\u00e9s \u00e0 tous les niveaux de charge, \u00e9conomiques, test\u00e9s et homologu\u00e9s dans toute l&#039;Europe pour les joints de b\u00e9ton\" \/>\n<meta name=\"robots\" content=\"index, follow, max-snippet:-1, max-image-preview:large, max-video-preview:-1\" \/>\n<link rel=\"canonical\" href=\"https:\/\/bewehrungstechnik.ch\/fr\/product\/goujons-de-reprise-de-charges-transversales-acidorn\/\" \/>\n<meta property=\"og:locale\" content=\"fr_FR\" \/>\n<meta property=\"og:type\" content=\"article\" \/>\n<meta property=\"og:title\" content=\"Goujons de cisaillement ACIDORN\u00ae | Debrunner Acifer Bewehrungen\" \/>\n<meta property=\"og:description\" content=\"Goujons ACIDORN\u00ae pour une transmission s\u00fbre des efforts tranchants : syst\u00e8mes Acidorn adapt\u00e9s \u00e0 tous les niveaux de charge, \u00e9conomiques, test\u00e9s et homologu\u00e9s dans toute l&#039;Europe pour les joints de b\u00e9ton\" \/>\n<meta property=\"og:url\" content=\"https:\/\/bewehrungstechnik.ch\/fr\/product\/goujons-de-reprise-de-charges-transversales-acidorn\/\" \/>\n<meta property=\"og:site_name\" content=\"Bewehrungstechnik\" \/>\n<meta property=\"article:modified_time\" content=\"2026-03-31T11:55:39+00:00\" \/>\n<meta property=\"og:image\" content=\"https:\/\/bewehrungstechnik.ch\/wp-content\/uploads\/2021\/05\/ACIDORN.jpg\" \/>\n\t<meta property=\"og:image:width\" content=\"554\" \/>\n\t<meta property=\"og:image:height\" content=\"349\" \/>\n\t<meta property=\"og:image:type\" content=\"image\/jpeg\" \/>\n<meta name=\"twitter:card\" content=\"summary_large_image\" \/>\n<script type=\"application\/ld+json\" class=\"yoast-schema-graph\">{\"@context\":\"https:\\\/\\\/schema.org\",\"@graph\":[{\"@type\":\"WebPage\",\"@id\":\"https:\\\/\\\/bewehrungstechnik.ch\\\/fr\\\/product\\\/goujons-de-reprise-de-charges-transversales-acidorn\\\/\",\"url\":\"https:\\\/\\\/bewehrungstechnik.ch\\\/fr\\\/product\\\/goujons-de-reprise-de-charges-transversales-acidorn\\\/\",\"name\":\"Goujons de cisaillement ACIDORN\u00ae | Debrunner Acifer Bewehrungen\",\"isPartOf\":{\"@id\":\"https:\\\/\\\/bewehrungstechnik.ch\\\/fr\\\/#website\"},\"primaryImageOfPage\":{\"@id\":\"https:\\\/\\\/bewehrungstechnik.ch\\\/fr\\\/product\\\/goujons-de-reprise-de-charges-transversales-acidorn\\\/#primaryimage\"},\"image\":{\"@id\":\"https:\\\/\\\/bewehrungstechnik.ch\\\/fr\\\/product\\\/goujons-de-reprise-de-charges-transversales-acidorn\\\/#primaryimage\"},\"thumbnailUrl\":\"https:\\\/\\\/bewehrungstechnik.ch\\\/wp-content\\\/uploads\\\/2021\\\/05\\\/ACIDORN.jpg\",\"datePublished\":\"2021-05-14T07:32:13+00:00\",\"dateModified\":\"2026-03-31T11:55:39+00:00\",\"description\":\"Goujons ACIDORN\u00ae pour une transmission s\u00fbre des efforts tranchants : syst\u00e8mes Acidorn adapt\u00e9s \u00e0 tous les niveaux de charge, \u00e9conomiques, test\u00e9s et homologu\u00e9s dans toute l'Europe pour les joints de b\u00e9ton\",\"breadcrumb\":{\"@id\":\"https:\\\/\\\/bewehrungstechnik.ch\\\/fr\\\/product\\\/goujons-de-reprise-de-charges-transversales-acidorn\\\/#breadcrumb\"},\"inLanguage\":\"fr-FR\",\"potentialAction\":[{\"@type\":\"ReadAction\",\"target\":[\"https:\\\/\\\/bewehrungstechnik.ch\\\/fr\\\/product\\\/goujons-de-reprise-de-charges-transversales-acidorn\\\/\"]}]},{\"@type\":\"ImageObject\",\"inLanguage\":\"fr-FR\",\"@id\":\"https:\\\/\\\/bewehrungstechnik.ch\\\/fr\\\/product\\\/goujons-de-reprise-de-charges-transversales-acidorn\\\/#primaryimage\",\"url\":\"https:\\\/\\\/bewehrungstechnik.ch\\\/wp-content\\\/uploads\\\/2021\\\/05\\\/ACIDORN.jpg\",\"contentUrl\":\"https:\\\/\\\/bewehrungstechnik.ch\\\/wp-content\\\/uploads\\\/2021\\\/05\\\/ACIDORN.jpg\",\"width\":554,\"height\":349,\"caption\":\"acidorn\"},{\"@type\":\"BreadcrumbList\",\"@id\":\"https:\\\/\\\/bewehrungstechnik.ch\\\/fr\\\/product\\\/goujons-de-reprise-de-charges-transversales-acidorn\\\/#breadcrumb\",\"itemListElement\":[{\"@type\":\"ListItem\",\"position\":1,\"name\":\"Home\",\"item\":\"https:\\\/\\\/bewehrungstechnik.ch\\\/fr\\\/\"},{\"@type\":\"ListItem\",\"position\":2,\"name\":\"Products\",\"item\":\"https:\\\/\\\/bewehrungstechnik.ch\\\/fr\\\/products\\\/\"},{\"@type\":\"ListItem\",\"position\":3,\"name\":\"Goujons de reprise de charges transversales ACIDORN\u00ae\"}]},{\"@type\":\"WebSite\",\"@id\":\"https:\\\/\\\/bewehrungstechnik.ch\\\/fr\\\/#website\",\"url\":\"https:\\\/\\\/bewehrungstechnik.ch\\\/fr\\\/\",\"name\":\"Bewehrungstechnik\",\"description\":\"Just another WordPress site\",\"publisher\":{\"@id\":\"https:\\\/\\\/bewehrungstechnik.ch\\\/fr\\\/#organization\"},\"potentialAction\":[{\"@type\":\"SearchAction\",\"target\":{\"@type\":\"EntryPoint\",\"urlTemplate\":\"https:\\\/\\\/bewehrungstechnik.ch\\\/fr\\\/?s={search_term_string}\"},\"query-input\":{\"@type\":\"PropertyValueSpecification\",\"valueRequired\":true,\"valueName\":\"search_term_string\"}}],\"inLanguage\":\"fr-FR\"},{\"@type\":\"Organization\",\"@id\":\"https:\\\/\\\/bewehrungstechnik.ch\\\/fr\\\/#organization\",\"name\":\"Bewehrungstechnik\",\"url\":\"https:\\\/\\\/bewehrungstechnik.ch\\\/fr\\\/\",\"logo\":{\"@type\":\"ImageObject\",\"inLanguage\":\"fr-FR\",\"@id\":\"https:\\\/\\\/bewehrungstechnik.ch\\\/fr\\\/#\\\/schema\\\/logo\\\/image\\\/\",\"url\":\"https:\\\/\\\/bewehrungstechnik.ch\\\/wp-content\\\/uploads\\\/2021\\\/03\\\/logo.svg\",\"contentUrl\":\"https:\\\/\\\/bewehrungstechnik.ch\\\/wp-content\\\/uploads\\\/2021\\\/03\\\/logo.svg\",\"width\":436,\"height\":436,\"caption\":\"Bewehrungstechnik\"},\"image\":{\"@id\":\"https:\\\/\\\/bewehrungstechnik.ch\\\/fr\\\/#\\\/schema\\\/logo\\\/image\\\/\"}}]}<\/script>\n<!-- \/ Yoast SEO plugin. -->","yoast_head_json":{"title":"Goujons de cisaillement ACIDORN\u00ae | Debrunner Acifer Bewehrungen","description":"Goujons ACIDORN\u00ae pour une transmission s\u00fbre des efforts tranchants : syst\u00e8mes Acidorn adapt\u00e9s \u00e0 tous les niveaux de charge, \u00e9conomiques, test\u00e9s et homologu\u00e9s dans toute l'Europe pour les joints de b\u00e9ton","robots":{"index":"index","follow":"follow","max-snippet":"max-snippet:-1","max-image-preview":"max-image-preview:large","max-video-preview":"max-video-preview:-1"},"canonical":"https:\/\/bewehrungstechnik.ch\/fr\/product\/goujons-de-reprise-de-charges-transversales-acidorn\/","og_locale":"fr_FR","og_type":"article","og_title":"Goujons de cisaillement ACIDORN\u00ae | Debrunner Acifer Bewehrungen","og_description":"Goujons ACIDORN\u00ae pour une transmission s\u00fbre des efforts tranchants : syst\u00e8mes Acidorn adapt\u00e9s \u00e0 tous les niveaux de charge, \u00e9conomiques, test\u00e9s et homologu\u00e9s dans toute l'Europe pour les joints de b\u00e9ton","og_url":"https:\/\/bewehrungstechnik.ch\/fr\/product\/goujons-de-reprise-de-charges-transversales-acidorn\/","og_site_name":"Bewehrungstechnik","article_modified_time":"2026-03-31T11:55:39+00:00","og_image":[{"width":554,"height":349,"url":"https:\/\/bewehrungstechnik.ch\/wp-content\/uploads\/2021\/05\/ACIDORN.jpg","type":"image\/jpeg"}],"twitter_card":"summary_large_image","schema":{"@context":"https:\/\/schema.org","@graph":[{"@type":"WebPage","@id":"https:\/\/bewehrungstechnik.ch\/fr\/product\/goujons-de-reprise-de-charges-transversales-acidorn\/","url":"https:\/\/bewehrungstechnik.ch\/fr\/product\/goujons-de-reprise-de-charges-transversales-acidorn\/","name":"Goujons de cisaillement ACIDORN\u00ae | Debrunner Acifer Bewehrungen","isPartOf":{"@id":"https:\/\/bewehrungstechnik.ch\/fr\/#website"},"primaryImageOfPage":{"@id":"https:\/\/bewehrungstechnik.ch\/fr\/product\/goujons-de-reprise-de-charges-transversales-acidorn\/#primaryimage"},"image":{"@id":"https:\/\/bewehrungstechnik.ch\/fr\/product\/goujons-de-reprise-de-charges-transversales-acidorn\/#primaryimage"},"thumbnailUrl":"https:\/\/bewehrungstechnik.ch\/wp-content\/uploads\/2021\/05\/ACIDORN.jpg","datePublished":"2021-05-14T07:32:13+00:00","dateModified":"2026-03-31T11:55:39+00:00","description":"Goujons ACIDORN\u00ae pour une transmission s\u00fbre des efforts tranchants : syst\u00e8mes Acidorn adapt\u00e9s \u00e0 tous les niveaux de charge, \u00e9conomiques, test\u00e9s et homologu\u00e9s dans toute l'Europe pour les joints de b\u00e9ton","breadcrumb":{"@id":"https:\/\/bewehrungstechnik.ch\/fr\/product\/goujons-de-reprise-de-charges-transversales-acidorn\/#breadcrumb"},"inLanguage":"fr-FR","potentialAction":[{"@type":"ReadAction","target":["https:\/\/bewehrungstechnik.ch\/fr\/product\/goujons-de-reprise-de-charges-transversales-acidorn\/"]}]},{"@type":"ImageObject","inLanguage":"fr-FR","@id":"https:\/\/bewehrungstechnik.ch\/fr\/product\/goujons-de-reprise-de-charges-transversales-acidorn\/#primaryimage","url":"https:\/\/bewehrungstechnik.ch\/wp-content\/uploads\/2021\/05\/ACIDORN.jpg","contentUrl":"https:\/\/bewehrungstechnik.ch\/wp-content\/uploads\/2021\/05\/ACIDORN.jpg","width":554,"height":349,"caption":"acidorn"},{"@type":"BreadcrumbList","@id":"https:\/\/bewehrungstechnik.ch\/fr\/product\/goujons-de-reprise-de-charges-transversales-acidorn\/#breadcrumb","itemListElement":[{"@type":"ListItem","position":1,"name":"Home","item":"https:\/\/bewehrungstechnik.ch\/fr\/"},{"@type":"ListItem","position":2,"name":"Products","item":"https:\/\/bewehrungstechnik.ch\/fr\/products\/"},{"@type":"ListItem","position":3,"name":"Goujons de reprise de charges transversales ACIDORN\u00ae"}]},{"@type":"WebSite","@id":"https:\/\/bewehrungstechnik.ch\/fr\/#website","url":"https:\/\/bewehrungstechnik.ch\/fr\/","name":"Bewehrungstechnik","description":"Just another WordPress site","publisher":{"@id":"https:\/\/bewehrungstechnik.ch\/fr\/#organization"},"potentialAction":[{"@type":"SearchAction","target":{"@type":"EntryPoint","urlTemplate":"https:\/\/bewehrungstechnik.ch\/fr\/?s={search_term_string}"},"query-input":{"@type":"PropertyValueSpecification","valueRequired":true,"valueName":"search_term_string"}}],"inLanguage":"fr-FR"},{"@type":"Organization","@id":"https:\/\/bewehrungstechnik.ch\/fr\/#organization","name":"Bewehrungstechnik","url":"https:\/\/bewehrungstechnik.ch\/fr\/","logo":{"@type":"ImageObject","inLanguage":"fr-FR","@id":"https:\/\/bewehrungstechnik.ch\/fr\/#\/schema\/logo\/image\/","url":"https:\/\/bewehrungstechnik.ch\/wp-content\/uploads\/2021\/03\/logo.svg","contentUrl":"https:\/\/bewehrungstechnik.ch\/wp-content\/uploads\/2021\/03\/logo.svg","width":436,"height":436,"caption":"Bewehrungstechnik"},"image":{"@id":"https:\/\/bewehrungstechnik.ch\/fr\/#\/schema\/logo\/image\/"}}]}},"deac_custom_fields":{"product":{"brand":"ACIDORN\u00ae","name":"Goujons de reprise de charges transversales"},"highlight_box":{"title":"Reprise efficace de charges transversales pour tous les niveaux de charge","subtitle":"Une gamme compl\u00e8te pour un large \u00e9ventail de situations","text":"<ul>\n<li>S\u00e9curit\u00e9 : valeurs de r\u00e9sistance aux efforts tranchants confirm\u00e9es par de nombreux essais<\/li>\n<li>Simplicit\u00e9 : dimensionnement facilit\u00e9 par des diagrammes et tableaux clairs<\/li>\n<li>Rentabilit\u00e9 : r\u00e9alisation \u00e0 peu de frais des constructions avec joints de dilatation simples et durables<\/li>\n<\/ul>\n","media_type":"image","image":{"medium":"<img width=\"300\" height=\"189\" src=\"https:\/\/bewehrungstechnik.ch\/wp-content\/uploads\/2021\/05\/ACIDORN-300x189.jpg\" class=\"%s\" alt=\"Querkraftdorne ACIDORN\" decoding=\"async\" loading=\"lazy\" srcset=\"https:\/\/bewehrungstechnik.ch\/wp-content\/uploads\/2021\/05\/ACIDORN-300x189.jpg 300w, https:\/\/bewehrungstechnik.ch\/wp-content\/uploads\/2021\/05\/ACIDORN-436x275.jpg 436w, https:\/\/bewehrungstechnik.ch\/wp-content\/uploads\/2021\/05\/ACIDORN-550x346.jpg 550w, https:\/\/bewehrungstechnik.ch\/wp-content\/uploads\/2021\/05\/ACIDORN.jpg 554w\" sizes=\"auto, (max-width: 300px) 100vw, 300px\" \/>","medium_large":"<img width=\"554\" height=\"349\" src=\"https:\/\/bewehrungstechnik.ch\/wp-content\/uploads\/2021\/05\/ACIDORN.jpg\" class=\"%s\" alt=\"Querkraftdorne ACIDORN\" decoding=\"async\" loading=\"lazy\" srcset=\"https:\/\/bewehrungstechnik.ch\/wp-content\/uploads\/2021\/05\/ACIDORN.jpg 554w, https:\/\/bewehrungstechnik.ch\/wp-content\/uploads\/2021\/05\/ACIDORN-300x189.jpg 300w, https:\/\/bewehrungstechnik.ch\/wp-content\/uploads\/2021\/05\/ACIDORN-436x275.jpg 436w, https:\/\/bewehrungstechnik.ch\/wp-content\/uploads\/2021\/05\/ACIDORN-550x346.jpg 550w\" sizes=\"auto, (max-width: 554px) 100vw, 554px\" \/>","large":"<img width=\"554\" height=\"349\" src=\"https:\/\/bewehrungstechnik.ch\/wp-content\/uploads\/2021\/05\/ACIDORN.jpg\" class=\"%s\" alt=\"Querkraftdorne ACIDORN\" decoding=\"async\" loading=\"lazy\" srcset=\"https:\/\/bewehrungstechnik.ch\/wp-content\/uploads\/2021\/05\/ACIDORN.jpg 554w, https:\/\/bewehrungstechnik.ch\/wp-content\/uploads\/2021\/05\/ACIDORN-300x189.jpg 300w, https:\/\/bewehrungstechnik.ch\/wp-content\/uploads\/2021\/05\/ACIDORN-436x275.jpg 436w, https:\/\/bewehrungstechnik.ch\/wp-content\/uploads\/2021\/05\/ACIDORN-550x346.jpg 550w\" sizes=\"auto, (max-width: 554px) 100vw, 554px\" \/>","full":"<img width=\"554\" height=\"349\" src=\"https:\/\/bewehrungstechnik.ch\/wp-content\/uploads\/2021\/05\/ACIDORN.jpg\" class=\"%s\" alt=\"Querkraftdorne ACIDORN\" decoding=\"async\" loading=\"lazy\" srcset=\"https:\/\/bewehrungstechnik.ch\/wp-content\/uploads\/2021\/05\/ACIDORN.jpg 554w, https:\/\/bewehrungstechnik.ch\/wp-content\/uploads\/2021\/05\/ACIDORN-300x189.jpg 300w, https:\/\/bewehrungstechnik.ch\/wp-content\/uploads\/2021\/05\/ACIDORN-436x275.jpg 436w, https:\/\/bewehrungstechnik.ch\/wp-content\/uploads\/2021\/05\/ACIDORN-550x346.jpg 550w\" sizes=\"auto, (max-width: 554px) 100vw, 554px\" \/>"},"video_list":false},"downloads":[2354,2357,2592,2458,2441,2540],"page_color_variation":"default","description":[{"title":"ACIDORN\u00ae- Goujons de reprise de charges transversales","text":"<p>Les goujons permettent de transmettre des efforts tranchants au travers d&rsquo;un joint de dilatation. Les \u00e9l\u00e9ments de construction sont reli\u00e9s de mani\u00e8re simple et sans contraintes. Quelles que soient la grandeur et la direction de d\u00e9formation, un goujon appropri\u00e9 et une gaine correspondante sont disponibles.<br \/>\nNos syst\u00e8mes de reprise de charges transversales disposent d\u2019homologations dans toute l\u2019Europe.<\/p>\n"},{"title":"Assortiment","text":"<p>Les goujons de reprise de charges transversales ACIDORN\u00ae sont disponibles comme goujons simples ADE, pour de faibles charges et des largeurs de joints r\u00e9duites. Pour des charges \u00e9lev\u00e9es et des ouvertures plus importantes sont disponibles les gammes de goujons pour charges lourdes ADH, les goujons doubles DSD et pour les ouvertures de joints plus importantes les goujons DSDS.<br \/>\nL\u2019utilisation de mat\u00e9riaux de haute qualit\u00e9 (acier duplex &#8211; 1.4362\/1.4462) et une fabrication soign\u00e9e garantissent une grande durabilit\u00e9.<br \/>\nLe goujon ACIDORN\u00ae Strada a \u00e9t\u00e9 d\u00e9velopp\u00e9 sp\u00e9cifiquement pour les joints dans la construction de routes en b\u00e9ton.<\/p>\n"},{"title":"Gaines","text":"<p>Il existe, pour chaque goujon, diff\u00e9rentes gaines de glissement. En plus des gaines de glissement axiales, sont disponibles aussi des gaines avec jeu lat\u00e9ral pour les goujons devant reprendre des mouvements dans 2 directions.<br \/>\nGr\u00e2ce au large choix de mat\u00e9riaux, vous pouvez choisir la solution optimale pour la durabilit\u00e9 requise.<\/p>\n"}]},"deac_featured_media":{"medium":"<img width=\"300\" height=\"189\" src=\"https:\/\/bewehrungstechnik.ch\/wp-content\/uploads\/2021\/05\/ACIDORN-300x189.jpg\" class=\"%s\" alt=\"Querkraftdorne ACIDORN\" decoding=\"async\" loading=\"lazy\" srcset=\"https:\/\/bewehrungstechnik.ch\/wp-content\/uploads\/2021\/05\/ACIDORN-300x189.jpg 300w, https:\/\/bewehrungstechnik.ch\/wp-content\/uploads\/2021\/05\/ACIDORN-436x275.jpg 436w, https:\/\/bewehrungstechnik.ch\/wp-content\/uploads\/2021\/05\/ACIDORN-550x346.jpg 550w, https:\/\/bewehrungstechnik.ch\/wp-content\/uploads\/2021\/05\/ACIDORN.jpg 554w\" sizes=\"auto, (max-width: 300px) 100vw, 300px\" \/>","medium_large":"<img width=\"554\" height=\"349\" src=\"https:\/\/bewehrungstechnik.ch\/wp-content\/uploads\/2021\/05\/ACIDORN.jpg\" class=\"%s\" alt=\"Querkraftdorne ACIDORN\" decoding=\"async\" loading=\"lazy\" srcset=\"https:\/\/bewehrungstechnik.ch\/wp-content\/uploads\/2021\/05\/ACIDORN.jpg 554w, https:\/\/bewehrungstechnik.ch\/wp-content\/uploads\/2021\/05\/ACIDORN-300x189.jpg 300w, https:\/\/bewehrungstechnik.ch\/wp-content\/uploads\/2021\/05\/ACIDORN-436x275.jpg 436w, https:\/\/bewehrungstechnik.ch\/wp-content\/uploads\/2021\/05\/ACIDORN-550x346.jpg 550w\" sizes=\"auto, (max-width: 554px) 100vw, 554px\" \/>","large":"<img width=\"554\" height=\"349\" src=\"https:\/\/bewehrungstechnik.ch\/wp-content\/uploads\/2021\/05\/ACIDORN.jpg\" class=\"%s\" alt=\"Querkraftdorne ACIDORN\" decoding=\"async\" loading=\"lazy\" srcset=\"https:\/\/bewehrungstechnik.ch\/wp-content\/uploads\/2021\/05\/ACIDORN.jpg 554w, https:\/\/bewehrungstechnik.ch\/wp-content\/uploads\/2021\/05\/ACIDORN-300x189.jpg 300w, https:\/\/bewehrungstechnik.ch\/wp-content\/uploads\/2021\/05\/ACIDORN-436x275.jpg 436w, https:\/\/bewehrungstechnik.ch\/wp-content\/uploads\/2021\/05\/ACIDORN-550x346.jpg 550w\" sizes=\"auto, (max-width: 554px) 100vw, 554px\" \/>","full":"<img width=\"554\" height=\"349\" src=\"https:\/\/bewehrungstechnik.ch\/wp-content\/uploads\/2021\/05\/ACIDORN.jpg\" class=\"%s\" alt=\"Querkraftdorne ACIDORN\" decoding=\"async\" loading=\"lazy\" srcset=\"https:\/\/bewehrungstechnik.ch\/wp-content\/uploads\/2021\/05\/ACIDORN.jpg 554w, https:\/\/bewehrungstechnik.ch\/wp-content\/uploads\/2021\/05\/ACIDORN-300x189.jpg 300w, https:\/\/bewehrungstechnik.ch\/wp-content\/uploads\/2021\/05\/ACIDORN-436x275.jpg 436w, https:\/\/bewehrungstechnik.ch\/wp-content\/uploads\/2021\/05\/ACIDORN-550x346.jpg 550w\" sizes=\"auto, (max-width: 554px) 100vw, 554px\" \/>"},"_links":{"self":[{"href":"https:\/\/bewehrungstechnik.ch\/fr\/wp-json\/wp\/v2\/product\/2089","targetHints":{"allow":["GET"]}}],"collection":[{"href":"https:\/\/bewehrungstechnik.ch\/fr\/wp-json\/wp\/v2\/product"}],"about":[{"href":"https:\/\/bewehrungstechnik.ch\/fr\/wp-json\/wp\/v2\/types\/product"}],"wp:featuredmedia":[{"embeddable":true,"href":"https:\/\/bewehrungstechnik.ch\/fr\/wp-json\/wp\/v2\/media\/1437"}],"wp:attachment":[{"href":"https:\/\/bewehrungstechnik.ch\/fr\/wp-json\/wp\/v2\/media?parent=2089"}],"wp:term":[{"taxonomy":"product_category","embeddable":true,"href":"https:\/\/bewehrungstechnik.ch\/fr\/wp-json\/wp\/v2\/product_category?post=2089"}],"curies":[{"name":"wp","href":"https:\/\/api.w.org\/{rel}","templated":true}]}}