{"id":2094,"date":"2021-05-14T07:54:39","date_gmt":"2021-05-14T07:54:39","guid":{"rendered":"https:\/\/bewehrungstechnik.ch\/?post_type=product&#038;p=2094"},"modified":"2026-03-31T11:52:03","modified_gmt":"2026-03-31T11:52:03","slug":"fers-de-reprise-acitop","status":"publish","type":"product","link":"https:\/\/bewehrungstechnik.ch\/fr\/product\/fers-de-reprise-acitop\/","title":{"rendered":"Fers de reprise ACITOP\u00ae"},"featured_media":1429,"menu_order":30,"template":"","product_category":[51],"class_list":["post-2094","product","type-product","status-publish","has-post-thumbnail","","product_category-technique-darmature"],"acf":[],"yoast_head":"<!-- This site is optimized with the Yoast SEO plugin v27.3 - https:\/\/yoast.com\/product\/yoast-seo-wordpress\/ -->\n<title>Raccords d&#039;armature ACITOP\u00ae | Armatures Debrunner Acifer<\/title>\n<meta name=\"description\" content=\"Raccord de flexion pour joints de construction sans travers\u00e9e d&#039;armature. Polyvalent et rapide \u00e0 mettre en \u0153uvre. Raccords d&#039;armature ACITOP\u00ae - en savoir plus !\" \/>\n<meta name=\"robots\" content=\"index, follow, max-snippet:-1, max-image-preview:large, max-video-preview:-1\" \/>\n<link rel=\"canonical\" href=\"https:\/\/bewehrungstechnik.ch\/fr\/product\/fers-de-reprise-acitop\/\" \/>\n<meta property=\"og:locale\" content=\"fr_FR\" \/>\n<meta property=\"og:type\" content=\"article\" \/>\n<meta property=\"og:title\" content=\"Raccords d&#039;armature ACITOP\u00ae | Armatures Debrunner Acifer\" \/>\n<meta property=\"og:description\" content=\"Raccord de flexion pour joints de construction sans travers\u00e9e d&#039;armature. Polyvalent et rapide \u00e0 mettre en \u0153uvre. Raccords d&#039;armature ACITOP\u00ae - en savoir plus !\" \/>\n<meta property=\"og:url\" content=\"https:\/\/bewehrungstechnik.ch\/fr\/product\/fers-de-reprise-acitop\/\" \/>\n<meta property=\"og:site_name\" content=\"Bewehrungstechnik\" \/>\n<meta property=\"article:modified_time\" content=\"2026-03-31T11:52:03+00:00\" \/>\n<meta property=\"og:image\" content=\"https:\/\/bewehrungstechnik.ch\/wp-content\/uploads\/2021\/05\/ACITOP-1024x777.jpg\" \/>\n\t<meta property=\"og:image:width\" content=\"1024\" \/>\n\t<meta property=\"og:image:height\" content=\"777\" \/>\n\t<meta property=\"og:image:type\" content=\"image\/jpeg\" \/>\n<meta name=\"twitter:card\" content=\"summary_large_image\" \/>\n<script type=\"application\/ld+json\" class=\"yoast-schema-graph\">{\"@context\":\"https:\\\/\\\/schema.org\",\"@graph\":[{\"@type\":\"WebPage\",\"@id\":\"https:\\\/\\\/bewehrungstechnik.ch\\\/fr\\\/product\\\/fers-de-reprise-acitop\\\/\",\"url\":\"https:\\\/\\\/bewehrungstechnik.ch\\\/fr\\\/product\\\/fers-de-reprise-acitop\\\/\",\"name\":\"Raccords d'armature ACITOP\u00ae | Armatures Debrunner Acifer\",\"isPartOf\":{\"@id\":\"https:\\\/\\\/bewehrungstechnik.ch\\\/fr\\\/#website\"},\"primaryImageOfPage\":{\"@id\":\"https:\\\/\\\/bewehrungstechnik.ch\\\/fr\\\/product\\\/fers-de-reprise-acitop\\\/#primaryimage\"},\"image\":{\"@id\":\"https:\\\/\\\/bewehrungstechnik.ch\\\/fr\\\/product\\\/fers-de-reprise-acitop\\\/#primaryimage\"},\"thumbnailUrl\":\"https:\\\/\\\/bewehrungstechnik.ch\\\/wp-content\\\/uploads\\\/2021\\\/05\\\/ACITOP.jpg\",\"datePublished\":\"2021-05-14T07:54:39+00:00\",\"dateModified\":\"2026-03-31T11:52:03+00:00\",\"description\":\"Raccord de flexion pour joints de construction sans travers\u00e9e d'armature. Polyvalent et rapide \u00e0 mettre en \u0153uvre. Raccords d'armature ACITOP\u00ae - en savoir plus !\",\"breadcrumb\":{\"@id\":\"https:\\\/\\\/bewehrungstechnik.ch\\\/fr\\\/product\\\/fers-de-reprise-acitop\\\/#breadcrumb\"},\"inLanguage\":\"fr-FR\",\"potentialAction\":[{\"@type\":\"ReadAction\",\"target\":[\"https:\\\/\\\/bewehrungstechnik.ch\\\/fr\\\/product\\\/fers-de-reprise-acitop\\\/\"]}]},{\"@type\":\"ImageObject\",\"inLanguage\":\"fr-FR\",\"@id\":\"https:\\\/\\\/bewehrungstechnik.ch\\\/fr\\\/product\\\/fers-de-reprise-acitop\\\/#primaryimage\",\"url\":\"https:\\\/\\\/bewehrungstechnik.ch\\\/wp-content\\\/uploads\\\/2021\\\/05\\\/ACITOP.jpg\",\"contentUrl\":\"https:\\\/\\\/bewehrungstechnik.ch\\\/wp-content\\\/uploads\\\/2021\\\/05\\\/ACITOP.jpg\",\"width\":1920,\"height\":1457,\"caption\":\"acitop\"},{\"@type\":\"BreadcrumbList\",\"@id\":\"https:\\\/\\\/bewehrungstechnik.ch\\\/fr\\\/product\\\/fers-de-reprise-acitop\\\/#breadcrumb\",\"itemListElement\":[{\"@type\":\"ListItem\",\"position\":1,\"name\":\"Home\",\"item\":\"https:\\\/\\\/bewehrungstechnik.ch\\\/fr\\\/\"},{\"@type\":\"ListItem\",\"position\":2,\"name\":\"Products\",\"item\":\"https:\\\/\\\/bewehrungstechnik.ch\\\/fr\\\/products\\\/\"},{\"@type\":\"ListItem\",\"position\":3,\"name\":\"Fers de reprise ACITOP\u00ae\"}]},{\"@type\":\"WebSite\",\"@id\":\"https:\\\/\\\/bewehrungstechnik.ch\\\/fr\\\/#website\",\"url\":\"https:\\\/\\\/bewehrungstechnik.ch\\\/fr\\\/\",\"name\":\"Bewehrungstechnik\",\"description\":\"Just another WordPress site\",\"publisher\":{\"@id\":\"https:\\\/\\\/bewehrungstechnik.ch\\\/fr\\\/#organization\"},\"potentialAction\":[{\"@type\":\"SearchAction\",\"target\":{\"@type\":\"EntryPoint\",\"urlTemplate\":\"https:\\\/\\\/bewehrungstechnik.ch\\\/fr\\\/?s={search_term_string}\"},\"query-input\":{\"@type\":\"PropertyValueSpecification\",\"valueRequired\":true,\"valueName\":\"search_term_string\"}}],\"inLanguage\":\"fr-FR\"},{\"@type\":\"Organization\",\"@id\":\"https:\\\/\\\/bewehrungstechnik.ch\\\/fr\\\/#organization\",\"name\":\"Bewehrungstechnik\",\"url\":\"https:\\\/\\\/bewehrungstechnik.ch\\\/fr\\\/\",\"logo\":{\"@type\":\"ImageObject\",\"inLanguage\":\"fr-FR\",\"@id\":\"https:\\\/\\\/bewehrungstechnik.ch\\\/fr\\\/#\\\/schema\\\/logo\\\/image\\\/\",\"url\":\"https:\\\/\\\/bewehrungstechnik.ch\\\/wp-content\\\/uploads\\\/2021\\\/03\\\/logo.svg\",\"contentUrl\":\"https:\\\/\\\/bewehrungstechnik.ch\\\/wp-content\\\/uploads\\\/2021\\\/03\\\/logo.svg\",\"width\":436,\"height\":436,\"caption\":\"Bewehrungstechnik\"},\"image\":{\"@id\":\"https:\\\/\\\/bewehrungstechnik.ch\\\/fr\\\/#\\\/schema\\\/logo\\\/image\\\/\"}}]}<\/script>\n<!-- \/ Yoast SEO plugin. -->","yoast_head_json":{"title":"Raccords d'armature ACITOP\u00ae | Armatures Debrunner Acifer","description":"Raccord de flexion pour joints de construction sans travers\u00e9e d'armature. Polyvalent et rapide \u00e0 mettre en \u0153uvre. Raccords d'armature ACITOP\u00ae - en savoir plus !","robots":{"index":"index","follow":"follow","max-snippet":"max-snippet:-1","max-image-preview":"max-image-preview:large","max-video-preview":"max-video-preview:-1"},"canonical":"https:\/\/bewehrungstechnik.ch\/fr\/product\/fers-de-reprise-acitop\/","og_locale":"fr_FR","og_type":"article","og_title":"Raccords d'armature ACITOP\u00ae | Armatures Debrunner Acifer","og_description":"Raccord de flexion pour joints de construction sans travers\u00e9e d'armature. Polyvalent et rapide \u00e0 mettre en \u0153uvre. Raccords d'armature ACITOP\u00ae - en savoir plus !","og_url":"https:\/\/bewehrungstechnik.ch\/fr\/product\/fers-de-reprise-acitop\/","og_site_name":"Bewehrungstechnik","article_modified_time":"2026-03-31T11:52:03+00:00","og_image":[{"width":1024,"height":777,"url":"https:\/\/bewehrungstechnik.ch\/wp-content\/uploads\/2021\/05\/ACITOP-1024x777.jpg","type":"image\/jpeg"}],"twitter_card":"summary_large_image","schema":{"@context":"https:\/\/schema.org","@graph":[{"@type":"WebPage","@id":"https:\/\/bewehrungstechnik.ch\/fr\/product\/fers-de-reprise-acitop\/","url":"https:\/\/bewehrungstechnik.ch\/fr\/product\/fers-de-reprise-acitop\/","name":"Raccords d'armature ACITOP\u00ae | Armatures Debrunner Acifer","isPartOf":{"@id":"https:\/\/bewehrungstechnik.ch\/fr\/#website"},"primaryImageOfPage":{"@id":"https:\/\/bewehrungstechnik.ch\/fr\/product\/fers-de-reprise-acitop\/#primaryimage"},"image":{"@id":"https:\/\/bewehrungstechnik.ch\/fr\/product\/fers-de-reprise-acitop\/#primaryimage"},"thumbnailUrl":"https:\/\/bewehrungstechnik.ch\/wp-content\/uploads\/2021\/05\/ACITOP.jpg","datePublished":"2021-05-14T07:54:39+00:00","dateModified":"2026-03-31T11:52:03+00:00","description":"Raccord de flexion pour joints de construction sans travers\u00e9e d'armature. Polyvalent et rapide \u00e0 mettre en \u0153uvre. Raccords d'armature ACITOP\u00ae - en savoir plus !","breadcrumb":{"@id":"https:\/\/bewehrungstechnik.ch\/fr\/product\/fers-de-reprise-acitop\/#breadcrumb"},"inLanguage":"fr-FR","potentialAction":[{"@type":"ReadAction","target":["https:\/\/bewehrungstechnik.ch\/fr\/product\/fers-de-reprise-acitop\/"]}]},{"@type":"ImageObject","inLanguage":"fr-FR","@id":"https:\/\/bewehrungstechnik.ch\/fr\/product\/fers-de-reprise-acitop\/#primaryimage","url":"https:\/\/bewehrungstechnik.ch\/wp-content\/uploads\/2021\/05\/ACITOP.jpg","contentUrl":"https:\/\/bewehrungstechnik.ch\/wp-content\/uploads\/2021\/05\/ACITOP.jpg","width":1920,"height":1457,"caption":"acitop"},{"@type":"BreadcrumbList","@id":"https:\/\/bewehrungstechnik.ch\/fr\/product\/fers-de-reprise-acitop\/#breadcrumb","itemListElement":[{"@type":"ListItem","position":1,"name":"Home","item":"https:\/\/bewehrungstechnik.ch\/fr\/"},{"@type":"ListItem","position":2,"name":"Products","item":"https:\/\/bewehrungstechnik.ch\/fr\/products\/"},{"@type":"ListItem","position":3,"name":"Fers de reprise ACITOP\u00ae"}]},{"@type":"WebSite","@id":"https:\/\/bewehrungstechnik.ch\/fr\/#website","url":"https:\/\/bewehrungstechnik.ch\/fr\/","name":"Bewehrungstechnik","description":"Just another WordPress site","publisher":{"@id":"https:\/\/bewehrungstechnik.ch\/fr\/#organization"},"potentialAction":[{"@type":"SearchAction","target":{"@type":"EntryPoint","urlTemplate":"https:\/\/bewehrungstechnik.ch\/fr\/?s={search_term_string}"},"query-input":{"@type":"PropertyValueSpecification","valueRequired":true,"valueName":"search_term_string"}}],"inLanguage":"fr-FR"},{"@type":"Organization","@id":"https:\/\/bewehrungstechnik.ch\/fr\/#organization","name":"Bewehrungstechnik","url":"https:\/\/bewehrungstechnik.ch\/fr\/","logo":{"@type":"ImageObject","inLanguage":"fr-FR","@id":"https:\/\/bewehrungstechnik.ch\/fr\/#\/schema\/logo\/image\/","url":"https:\/\/bewehrungstechnik.ch\/wp-content\/uploads\/2021\/03\/logo.svg","contentUrl":"https:\/\/bewehrungstechnik.ch\/wp-content\/uploads\/2021\/03\/logo.svg","width":436,"height":436,"caption":"Bewehrungstechnik"},"image":{"@id":"https:\/\/bewehrungstechnik.ch\/fr\/#\/schema\/logo\/image\/"}}]}},"deac_custom_fields":{"product":{"brand":"ACITOP\u00ae","name":"Fers de reprise"},"highlight_box":{"title":"Fers de reprise pour joints de reprise sans travers\u00e9e de coffrages","subtitle":"Polyvalents et utilisables \u00e0 court terme","text":"<ul>\n<li>Haute efficacit\u00e9 et s\u00e9curit\u00e9 dans la r\u00e9alisation de joints de reprise<\/li>\n<li>Pour liaisons de murs et dalles<\/li>\n<li>Disponibilit\u00e9 \u00e0 court terme de stock<\/li>\n<li>Ex\u00e9cutions sp\u00e9ciales possibles sur demande<\/li>\n<\/ul>\n","media_type":"video","image":{"medium":"<img width=\"300\" height=\"228\" src=\"https:\/\/bewehrungstechnik.ch\/wp-content\/uploads\/2021\/05\/ACITOP-300x228.jpg\" class=\"%s\" alt=\"Bewehrungsanschluss ACITOP\" decoding=\"async\" loading=\"lazy\" srcset=\"https:\/\/bewehrungstechnik.ch\/wp-content\/uploads\/2021\/05\/ACITOP-300x228.jpg 300w, https:\/\/bewehrungstechnik.ch\/wp-content\/uploads\/2021\/05\/ACITOP-1024x777.jpg 1024w, https:\/\/bewehrungstechnik.ch\/wp-content\/uploads\/2021\/05\/ACITOP-768x583.jpg 768w, https:\/\/bewehrungstechnik.ch\/wp-content\/uploads\/2021\/05\/ACITOP-1536x1166.jpg 1536w, https:\/\/bewehrungstechnik.ch\/wp-content\/uploads\/2021\/05\/ACITOP-436x331.jpg 436w, https:\/\/bewehrungstechnik.ch\/wp-content\/uploads\/2021\/05\/ACITOP-550x417.jpg 550w, https:\/\/bewehrungstechnik.ch\/wp-content\/uploads\/2021\/05\/ACITOP.jpg 1920w\" sizes=\"auto, (max-width: 300px) 100vw, 300px\" \/>","medium_large":"<img width=\"768\" height=\"583\" src=\"https:\/\/bewehrungstechnik.ch\/wp-content\/uploads\/2021\/05\/ACITOP-768x583.jpg\" class=\"%s\" alt=\"Bewehrungsanschluss ACITOP\" decoding=\"async\" loading=\"lazy\" srcset=\"https:\/\/bewehrungstechnik.ch\/wp-content\/uploads\/2021\/05\/ACITOP-768x583.jpg 768w, https:\/\/bewehrungstechnik.ch\/wp-content\/uploads\/2021\/05\/ACITOP-300x228.jpg 300w, https:\/\/bewehrungstechnik.ch\/wp-content\/uploads\/2021\/05\/ACITOP-1024x777.jpg 1024w, https:\/\/bewehrungstechnik.ch\/wp-content\/uploads\/2021\/05\/ACITOP-1536x1166.jpg 1536w, https:\/\/bewehrungstechnik.ch\/wp-content\/uploads\/2021\/05\/ACITOP-436x331.jpg 436w, https:\/\/bewehrungstechnik.ch\/wp-content\/uploads\/2021\/05\/ACITOP-550x417.jpg 550w, https:\/\/bewehrungstechnik.ch\/wp-content\/uploads\/2021\/05\/ACITOP.jpg 1920w\" sizes=\"auto, (max-width: 768px) 100vw, 768px\" \/>","large":"<img width=\"1024\" height=\"777\" src=\"https:\/\/bewehrungstechnik.ch\/wp-content\/uploads\/2021\/05\/ACITOP-1024x777.jpg\" class=\"%s\" alt=\"Bewehrungsanschluss ACITOP\" decoding=\"async\" loading=\"lazy\" srcset=\"https:\/\/bewehrungstechnik.ch\/wp-content\/uploads\/2021\/05\/ACITOP-1024x777.jpg 1024w, https:\/\/bewehrungstechnik.ch\/wp-content\/uploads\/2021\/05\/ACITOP-300x228.jpg 300w, https:\/\/bewehrungstechnik.ch\/wp-content\/uploads\/2021\/05\/ACITOP-768x583.jpg 768w, https:\/\/bewehrungstechnik.ch\/wp-content\/uploads\/2021\/05\/ACITOP-1536x1166.jpg 1536w, https:\/\/bewehrungstechnik.ch\/wp-content\/uploads\/2021\/05\/ACITOP-436x331.jpg 436w, https:\/\/bewehrungstechnik.ch\/wp-content\/uploads\/2021\/05\/ACITOP-550x417.jpg 550w, https:\/\/bewehrungstechnik.ch\/wp-content\/uploads\/2021\/05\/ACITOP.jpg 1920w\" sizes=\"auto, (max-width: 1024px) 100vw, 1024px\" \/>","full":"<img width=\"1920\" height=\"1457\" src=\"https:\/\/bewehrungstechnik.ch\/wp-content\/uploads\/2021\/05\/ACITOP.jpg\" class=\"%s\" alt=\"Bewehrungsanschluss ACITOP\" decoding=\"async\" loading=\"lazy\" srcset=\"https:\/\/bewehrungstechnik.ch\/wp-content\/uploads\/2021\/05\/ACITOP.jpg 1920w, https:\/\/bewehrungstechnik.ch\/wp-content\/uploads\/2021\/05\/ACITOP-300x228.jpg 300w, https:\/\/bewehrungstechnik.ch\/wp-content\/uploads\/2021\/05\/ACITOP-1024x777.jpg 1024w, https:\/\/bewehrungstechnik.ch\/wp-content\/uploads\/2021\/05\/ACITOP-768x583.jpg 768w, https:\/\/bewehrungstechnik.ch\/wp-content\/uploads\/2021\/05\/ACITOP-1536x1166.jpg 1536w, https:\/\/bewehrungstechnik.ch\/wp-content\/uploads\/2021\/05\/ACITOP-436x331.jpg 436w, https:\/\/bewehrungstechnik.ch\/wp-content\/uploads\/2021\/05\/ACITOP-550x417.jpg 550w\" sizes=\"auto, (max-width: 1920px) 100vw, 1920px\" \/>"},"video_list":[{"video_poster":1429,"youtube_link":"https:\/\/www.youtube.com\/watch?v=5mxTLUX0H0c","_video_poster_meta":["https:\/\/bewehrungstechnik.ch\/wp-content\/uploads\/2021\/05\/ACITOP.jpg",1920,1457,false]}]},"downloads":[2499,2604,2908,2903,6124],"page_color_variation":"default","description":[{"title":"ACITOP\u00ae- Fers de reprise","text":"<p>Les fers de reprise ACITOP\u00ae ont \u00e9t\u00e9 d\u00e9velopp\u00e9s pour la r\u00e9alisation de joints de reprise, sans travers\u00e9es des coffrages, de murs ou de dalles.<\/p>\n"},{"title":"Haute s\u00e9curit\u00e9 et qualit\u00e9","text":"<p>Les aciers d\u2019armature utilis\u00e9s correspondent \u00e0 la qualit\u00e9 B500B, qui sont inscrits au registre des aciers d\u2019armature conformes aux normes. Les longueurs d&rsquo;ancrage et les longueurs de recouvrements sont d\u00e9finies pour r\u00e9pondre aux exigences de la norme SIA 262.<br \/>\nLa transmission du cisaillement au joint est d\u00e9finie dans SIA 262 &#8211; 4.3.4.3 (2013). Les fers de reprise classiques tels que ACITOP y sont assimil\u00e9s \u00e0 des joints lisses.<\/p>\n"},{"title":"Rapide, simple, s\u00fbr","text":"<p>Le fer de reprise ACITOP\u00ae est mis en place de mani\u00e8re identique aux fers de reprise usuels. La longueur des \u00e9l\u00e9ments standards est de 1.25 m et 0.83 m.<br \/>\nFacile \u00e0 enlever, le couvercle en plastique \u00e9quipant le dos de la bo\u00eete emp\u00eache efficacement la p\u00e9n\u00e9tration de b\u00e9ton dans celle-ci lors du b\u00e9tonnage.<\/p>\n"},{"title":"Large champ d\u2019application","text":"<p>La vaste gamme standard permet de trouver des solutions \u00e0 presque toutes les situations de connexion, avec une grande disponibilit\u00e9 de stock.<br \/>\nSi n\u00e9cessaire, des types sp\u00e9ciaux aux dimensions sp\u00e9cifiques \u00e0 l&rsquo;objet sont rapidement disponibles de notre site de production de Regensdorf.<\/p>\n"}]},"deac_featured_media":{"medium":"<img width=\"300\" height=\"228\" src=\"https:\/\/bewehrungstechnik.ch\/wp-content\/uploads\/2021\/05\/ACITOP-300x228.jpg\" class=\"%s\" alt=\"Bewehrungsanschluss ACITOP\" decoding=\"async\" loading=\"lazy\" srcset=\"https:\/\/bewehrungstechnik.ch\/wp-content\/uploads\/2021\/05\/ACITOP-300x228.jpg 300w, https:\/\/bewehrungstechnik.ch\/wp-content\/uploads\/2021\/05\/ACITOP-1024x777.jpg 1024w, https:\/\/bewehrungstechnik.ch\/wp-content\/uploads\/2021\/05\/ACITOP-768x583.jpg 768w, https:\/\/bewehrungstechnik.ch\/wp-content\/uploads\/2021\/05\/ACITOP-1536x1166.jpg 1536w, https:\/\/bewehrungstechnik.ch\/wp-content\/uploads\/2021\/05\/ACITOP-436x331.jpg 436w, https:\/\/bewehrungstechnik.ch\/wp-content\/uploads\/2021\/05\/ACITOP-550x417.jpg 550w, https:\/\/bewehrungstechnik.ch\/wp-content\/uploads\/2021\/05\/ACITOP.jpg 1920w\" sizes=\"auto, (max-width: 300px) 100vw, 300px\" \/>","medium_large":"<img width=\"768\" height=\"583\" src=\"https:\/\/bewehrungstechnik.ch\/wp-content\/uploads\/2021\/05\/ACITOP-768x583.jpg\" class=\"%s\" alt=\"Bewehrungsanschluss ACITOP\" decoding=\"async\" loading=\"lazy\" srcset=\"https:\/\/bewehrungstechnik.ch\/wp-content\/uploads\/2021\/05\/ACITOP-768x583.jpg 768w, https:\/\/bewehrungstechnik.ch\/wp-content\/uploads\/2021\/05\/ACITOP-300x228.jpg 300w, https:\/\/bewehrungstechnik.ch\/wp-content\/uploads\/2021\/05\/ACITOP-1024x777.jpg 1024w, https:\/\/bewehrungstechnik.ch\/wp-content\/uploads\/2021\/05\/ACITOP-1536x1166.jpg 1536w, https:\/\/bewehrungstechnik.ch\/wp-content\/uploads\/2021\/05\/ACITOP-436x331.jpg 436w, https:\/\/bewehrungstechnik.ch\/wp-content\/uploads\/2021\/05\/ACITOP-550x417.jpg 550w, https:\/\/bewehrungstechnik.ch\/wp-content\/uploads\/2021\/05\/ACITOP.jpg 1920w\" sizes=\"auto, (max-width: 768px) 100vw, 768px\" \/>","large":"<img width=\"1024\" height=\"777\" src=\"https:\/\/bewehrungstechnik.ch\/wp-content\/uploads\/2021\/05\/ACITOP-1024x777.jpg\" class=\"%s\" alt=\"Bewehrungsanschluss ACITOP\" decoding=\"async\" loading=\"lazy\" srcset=\"https:\/\/bewehrungstechnik.ch\/wp-content\/uploads\/2021\/05\/ACITOP-1024x777.jpg 1024w, https:\/\/bewehrungstechnik.ch\/wp-content\/uploads\/2021\/05\/ACITOP-300x228.jpg 300w, https:\/\/bewehrungstechnik.ch\/wp-content\/uploads\/2021\/05\/ACITOP-768x583.jpg 768w, https:\/\/bewehrungstechnik.ch\/wp-content\/uploads\/2021\/05\/ACITOP-1536x1166.jpg 1536w, https:\/\/bewehrungstechnik.ch\/wp-content\/uploads\/2021\/05\/ACITOP-436x331.jpg 436w, https:\/\/bewehrungstechnik.ch\/wp-content\/uploads\/2021\/05\/ACITOP-550x417.jpg 550w, https:\/\/bewehrungstechnik.ch\/wp-content\/uploads\/2021\/05\/ACITOP.jpg 1920w\" sizes=\"auto, (max-width: 1024px) 100vw, 1024px\" \/>","full":"<img width=\"1920\" height=\"1457\" src=\"https:\/\/bewehrungstechnik.ch\/wp-content\/uploads\/2021\/05\/ACITOP.jpg\" class=\"%s\" alt=\"Bewehrungsanschluss ACITOP\" decoding=\"async\" loading=\"lazy\" srcset=\"https:\/\/bewehrungstechnik.ch\/wp-content\/uploads\/2021\/05\/ACITOP.jpg 1920w, https:\/\/bewehrungstechnik.ch\/wp-content\/uploads\/2021\/05\/ACITOP-300x228.jpg 300w, https:\/\/bewehrungstechnik.ch\/wp-content\/uploads\/2021\/05\/ACITOP-1024x777.jpg 1024w, https:\/\/bewehrungstechnik.ch\/wp-content\/uploads\/2021\/05\/ACITOP-768x583.jpg 768w, https:\/\/bewehrungstechnik.ch\/wp-content\/uploads\/2021\/05\/ACITOP-1536x1166.jpg 1536w, https:\/\/bewehrungstechnik.ch\/wp-content\/uploads\/2021\/05\/ACITOP-436x331.jpg 436w, https:\/\/bewehrungstechnik.ch\/wp-content\/uploads\/2021\/05\/ACITOP-550x417.jpg 550w\" sizes=\"auto, (max-width: 1920px) 100vw, 1920px\" \/>"},"_links":{"self":[{"href":"https:\/\/bewehrungstechnik.ch\/fr\/wp-json\/wp\/v2\/product\/2094","targetHints":{"allow":["GET"]}}],"collection":[{"href":"https:\/\/bewehrungstechnik.ch\/fr\/wp-json\/wp\/v2\/product"}],"about":[{"href":"https:\/\/bewehrungstechnik.ch\/fr\/wp-json\/wp\/v2\/types\/product"}],"wp:featuredmedia":[{"embeddable":true,"href":"https:\/\/bewehrungstechnik.ch\/fr\/wp-json\/wp\/v2\/media\/1429"}],"wp:attachment":[{"href":"https:\/\/bewehrungstechnik.ch\/fr\/wp-json\/wp\/v2\/media?parent=2094"}],"wp:term":[{"taxonomy":"product_category","embeddable":true,"href":"https:\/\/bewehrungstechnik.ch\/fr\/wp-json\/wp\/v2\/product_category?post=2094"}],"curies":[{"name":"wp","href":"https:\/\/api.w.org\/{rel}","templated":true}]}}