{"id":2096,"date":"2021-05-14T08:03:08","date_gmt":"2021-05-14T08:03:08","guid":{"rendered":"https:\/\/bewehrungstechnik.ch\/?post_type=product&#038;p=2096"},"modified":"2026-03-31T11:50:00","modified_gmt":"2026-03-31T11:50:00","slug":"fers-de-reprise-vissables-pyrabar","status":"publish","type":"product","link":"https:\/\/bewehrungstechnik.ch\/fr\/product\/fers-de-reprise-vissables-pyrabar\/","title":{"rendered":"Fers de reprise vissables PYRABAR\u00ae"},"featured_media":2270,"menu_order":50,"template":"","product_category":[51],"class_list":["post-2096","product","type-product","status-publish","has-post-thumbnail","","product_category-technique-darmature"],"acf":[],"yoast_head":"<!-- This site is optimized with the Yoast SEO plugin v27.3 - https:\/\/yoast.com\/product\/yoast-seo-wordpress\/ -->\n<title>Raccords d&#039;armature PYRABAR\u00ae | Debrunner Acifer Armatures<\/title>\n<meta name=\"description\" content=\"Raccords d&#039;armature vissables PYRABAR\u00ae pour une transmission maximale des forces de traction et des efforts tranchants. D\u00e9couvrez d\u00e8s maintenant nos raccords d&#039;armature !\" \/>\n<meta name=\"robots\" content=\"index, follow, max-snippet:-1, max-image-preview:large, max-video-preview:-1\" \/>\n<link rel=\"canonical\" href=\"https:\/\/bewehrungstechnik.ch\/fr\/product\/fers-de-reprise-vissables-pyrabar\/\" \/>\n<meta property=\"og:locale\" content=\"fr_FR\" \/>\n<meta property=\"og:type\" content=\"article\" \/>\n<meta property=\"og:title\" content=\"Raccords d&#039;armature PYRABAR\u00ae | Debrunner Acifer Armatures\" \/>\n<meta property=\"og:description\" content=\"Raccords d&#039;armature vissables PYRABAR\u00ae pour une transmission maximale des forces de traction et des efforts tranchants. D\u00e9couvrez d\u00e8s maintenant nos raccords d&#039;armature !\" \/>\n<meta property=\"og:url\" content=\"https:\/\/bewehrungstechnik.ch\/fr\/product\/fers-de-reprise-vissables-pyrabar\/\" \/>\n<meta property=\"og:site_name\" content=\"Bewehrungstechnik\" \/>\n<meta property=\"article:modified_time\" content=\"2026-03-31T11:50:00+00:00\" \/>\n<meta property=\"og:image\" content=\"https:\/\/bewehrungstechnik.ch\/wp-content\/uploads\/2021\/05\/PYRABAR.jpg\" \/>\n\t<meta property=\"og:image:width\" content=\"2500\" \/>\n\t<meta property=\"og:image:height\" content=\"1887\" \/>\n\t<meta property=\"og:image:type\" content=\"image\/jpeg\" \/>\n<meta name=\"twitter:card\" content=\"summary_large_image\" \/>\n<script type=\"application\/ld+json\" class=\"yoast-schema-graph\">{\"@context\":\"https:\\\/\\\/schema.org\",\"@graph\":[{\"@type\":\"WebPage\",\"@id\":\"https:\\\/\\\/bewehrungstechnik.ch\\\/fr\\\/product\\\/fers-de-reprise-vissables-pyrabar\\\/\",\"url\":\"https:\\\/\\\/bewehrungstechnik.ch\\\/fr\\\/product\\\/fers-de-reprise-vissables-pyrabar\\\/\",\"name\":\"Raccords d'armature PYRABAR\u00ae | Debrunner Acifer Armatures\",\"isPartOf\":{\"@id\":\"https:\\\/\\\/bewehrungstechnik.ch\\\/fr\\\/#website\"},\"primaryImageOfPage\":{\"@id\":\"https:\\\/\\\/bewehrungstechnik.ch\\\/fr\\\/product\\\/fers-de-reprise-vissables-pyrabar\\\/#primaryimage\"},\"image\":{\"@id\":\"https:\\\/\\\/bewehrungstechnik.ch\\\/fr\\\/product\\\/fers-de-reprise-vissables-pyrabar\\\/#primaryimage\"},\"thumbnailUrl\":\"https:\\\/\\\/bewehrungstechnik.ch\\\/wp-content\\\/uploads\\\/2021\\\/05\\\/PYRABAR.jpg\",\"datePublished\":\"2021-05-14T08:03:08+00:00\",\"dateModified\":\"2026-03-31T11:50:00+00:00\",\"description\":\"Raccords d'armature vissables PYRABAR\u00ae pour une transmission maximale des forces de traction et des efforts tranchants. D\u00e9couvrez d\u00e8s maintenant nos raccords d'armature !\",\"breadcrumb\":{\"@id\":\"https:\\\/\\\/bewehrungstechnik.ch\\\/fr\\\/product\\\/fers-de-reprise-vissables-pyrabar\\\/#breadcrumb\"},\"inLanguage\":\"fr-FR\",\"potentialAction\":[{\"@type\":\"ReadAction\",\"target\":[\"https:\\\/\\\/bewehrungstechnik.ch\\\/fr\\\/product\\\/fers-de-reprise-vissables-pyrabar\\\/\"]}]},{\"@type\":\"ImageObject\",\"inLanguage\":\"fr-FR\",\"@id\":\"https:\\\/\\\/bewehrungstechnik.ch\\\/fr\\\/product\\\/fers-de-reprise-vissables-pyrabar\\\/#primaryimage\",\"url\":\"https:\\\/\\\/bewehrungstechnik.ch\\\/wp-content\\\/uploads\\\/2021\\\/05\\\/PYRABAR.jpg\",\"contentUrl\":\"https:\\\/\\\/bewehrungstechnik.ch\\\/wp-content\\\/uploads\\\/2021\\\/05\\\/PYRABAR.jpg\",\"width\":2500,\"height\":1887,\"caption\":\"Schraubbarer Bewehrungsanschluss PYRABAR\"},{\"@type\":\"BreadcrumbList\",\"@id\":\"https:\\\/\\\/bewehrungstechnik.ch\\\/fr\\\/product\\\/fers-de-reprise-vissables-pyrabar\\\/#breadcrumb\",\"itemListElement\":[{\"@type\":\"ListItem\",\"position\":1,\"name\":\"Home\",\"item\":\"https:\\\/\\\/bewehrungstechnik.ch\\\/fr\\\/\"},{\"@type\":\"ListItem\",\"position\":2,\"name\":\"Products\",\"item\":\"https:\\\/\\\/bewehrungstechnik.ch\\\/fr\\\/products\\\/\"},{\"@type\":\"ListItem\",\"position\":3,\"name\":\"Fers de reprise vissables PYRABAR\u00ae\"}]},{\"@type\":\"WebSite\",\"@id\":\"https:\\\/\\\/bewehrungstechnik.ch\\\/fr\\\/#website\",\"url\":\"https:\\\/\\\/bewehrungstechnik.ch\\\/fr\\\/\",\"name\":\"Bewehrungstechnik\",\"description\":\"Just another WordPress site\",\"publisher\":{\"@id\":\"https:\\\/\\\/bewehrungstechnik.ch\\\/fr\\\/#organization\"},\"potentialAction\":[{\"@type\":\"SearchAction\",\"target\":{\"@type\":\"EntryPoint\",\"urlTemplate\":\"https:\\\/\\\/bewehrungstechnik.ch\\\/fr\\\/?s={search_term_string}\"},\"query-input\":{\"@type\":\"PropertyValueSpecification\",\"valueRequired\":true,\"valueName\":\"search_term_string\"}}],\"inLanguage\":\"fr-FR\"},{\"@type\":\"Organization\",\"@id\":\"https:\\\/\\\/bewehrungstechnik.ch\\\/fr\\\/#organization\",\"name\":\"Bewehrungstechnik\",\"url\":\"https:\\\/\\\/bewehrungstechnik.ch\\\/fr\\\/\",\"logo\":{\"@type\":\"ImageObject\",\"inLanguage\":\"fr-FR\",\"@id\":\"https:\\\/\\\/bewehrungstechnik.ch\\\/fr\\\/#\\\/schema\\\/logo\\\/image\\\/\",\"url\":\"https:\\\/\\\/bewehrungstechnik.ch\\\/wp-content\\\/uploads\\\/2021\\\/03\\\/logo.svg\",\"contentUrl\":\"https:\\\/\\\/bewehrungstechnik.ch\\\/wp-content\\\/uploads\\\/2021\\\/03\\\/logo.svg\",\"width\":436,\"height\":436,\"caption\":\"Bewehrungstechnik\"},\"image\":{\"@id\":\"https:\\\/\\\/bewehrungstechnik.ch\\\/fr\\\/#\\\/schema\\\/logo\\\/image\\\/\"}}]}<\/script>\n<!-- \/ Yoast SEO plugin. -->","yoast_head_json":{"title":"Raccords d'armature PYRABAR\u00ae | Debrunner Acifer Armatures","description":"Raccords d'armature vissables PYRABAR\u00ae pour une transmission maximale des forces de traction et des efforts tranchants. D\u00e9couvrez d\u00e8s maintenant nos raccords d'armature !","robots":{"index":"index","follow":"follow","max-snippet":"max-snippet:-1","max-image-preview":"max-image-preview:large","max-video-preview":"max-video-preview:-1"},"canonical":"https:\/\/bewehrungstechnik.ch\/fr\/product\/fers-de-reprise-vissables-pyrabar\/","og_locale":"fr_FR","og_type":"article","og_title":"Raccords d'armature PYRABAR\u00ae | Debrunner Acifer Armatures","og_description":"Raccords d'armature vissables PYRABAR\u00ae pour une transmission maximale des forces de traction et des efforts tranchants. D\u00e9couvrez d\u00e8s maintenant nos raccords d'armature !","og_url":"https:\/\/bewehrungstechnik.ch\/fr\/product\/fers-de-reprise-vissables-pyrabar\/","og_site_name":"Bewehrungstechnik","article_modified_time":"2026-03-31T11:50:00+00:00","og_image":[{"width":2500,"height":1887,"url":"https:\/\/bewehrungstechnik.ch\/wp-content\/uploads\/2021\/05\/PYRABAR.jpg","type":"image\/jpeg"}],"twitter_card":"summary_large_image","schema":{"@context":"https:\/\/schema.org","@graph":[{"@type":"WebPage","@id":"https:\/\/bewehrungstechnik.ch\/fr\/product\/fers-de-reprise-vissables-pyrabar\/","url":"https:\/\/bewehrungstechnik.ch\/fr\/product\/fers-de-reprise-vissables-pyrabar\/","name":"Raccords d'armature PYRABAR\u00ae | Debrunner Acifer Armatures","isPartOf":{"@id":"https:\/\/bewehrungstechnik.ch\/fr\/#website"},"primaryImageOfPage":{"@id":"https:\/\/bewehrungstechnik.ch\/fr\/product\/fers-de-reprise-vissables-pyrabar\/#primaryimage"},"image":{"@id":"https:\/\/bewehrungstechnik.ch\/fr\/product\/fers-de-reprise-vissables-pyrabar\/#primaryimage"},"thumbnailUrl":"https:\/\/bewehrungstechnik.ch\/wp-content\/uploads\/2021\/05\/PYRABAR.jpg","datePublished":"2021-05-14T08:03:08+00:00","dateModified":"2026-03-31T11:50:00+00:00","description":"Raccords d'armature vissables PYRABAR\u00ae pour une transmission maximale des forces de traction et des efforts tranchants. D\u00e9couvrez d\u00e8s maintenant nos raccords d'armature !","breadcrumb":{"@id":"https:\/\/bewehrungstechnik.ch\/fr\/product\/fers-de-reprise-vissables-pyrabar\/#breadcrumb"},"inLanguage":"fr-FR","potentialAction":[{"@type":"ReadAction","target":["https:\/\/bewehrungstechnik.ch\/fr\/product\/fers-de-reprise-vissables-pyrabar\/"]}]},{"@type":"ImageObject","inLanguage":"fr-FR","@id":"https:\/\/bewehrungstechnik.ch\/fr\/product\/fers-de-reprise-vissables-pyrabar\/#primaryimage","url":"https:\/\/bewehrungstechnik.ch\/wp-content\/uploads\/2021\/05\/PYRABAR.jpg","contentUrl":"https:\/\/bewehrungstechnik.ch\/wp-content\/uploads\/2021\/05\/PYRABAR.jpg","width":2500,"height":1887,"caption":"Schraubbarer Bewehrungsanschluss PYRABAR"},{"@type":"BreadcrumbList","@id":"https:\/\/bewehrungstechnik.ch\/fr\/product\/fers-de-reprise-vissables-pyrabar\/#breadcrumb","itemListElement":[{"@type":"ListItem","position":1,"name":"Home","item":"https:\/\/bewehrungstechnik.ch\/fr\/"},{"@type":"ListItem","position":2,"name":"Products","item":"https:\/\/bewehrungstechnik.ch\/fr\/products\/"},{"@type":"ListItem","position":3,"name":"Fers de reprise vissables PYRABAR\u00ae"}]},{"@type":"WebSite","@id":"https:\/\/bewehrungstechnik.ch\/fr\/#website","url":"https:\/\/bewehrungstechnik.ch\/fr\/","name":"Bewehrungstechnik","description":"Just another WordPress site","publisher":{"@id":"https:\/\/bewehrungstechnik.ch\/fr\/#organization"},"potentialAction":[{"@type":"SearchAction","target":{"@type":"EntryPoint","urlTemplate":"https:\/\/bewehrungstechnik.ch\/fr\/?s={search_term_string}"},"query-input":{"@type":"PropertyValueSpecification","valueRequired":true,"valueName":"search_term_string"}}],"inLanguage":"fr-FR"},{"@type":"Organization","@id":"https:\/\/bewehrungstechnik.ch\/fr\/#organization","name":"Bewehrungstechnik","url":"https:\/\/bewehrungstechnik.ch\/fr\/","logo":{"@type":"ImageObject","inLanguage":"fr-FR","@id":"https:\/\/bewehrungstechnik.ch\/fr\/#\/schema\/logo\/image\/","url":"https:\/\/bewehrungstechnik.ch\/wp-content\/uploads\/2021\/03\/logo.svg","contentUrl":"https:\/\/bewehrungstechnik.ch\/wp-content\/uploads\/2021\/03\/logo.svg","width":436,"height":436,"caption":"Bewehrungstechnik"},"image":{"@id":"https:\/\/bewehrungstechnik.ch\/fr\/#\/schema\/logo\/image\/"}}]}},"deac_custom_fields":{"product":{"brand":"PYRABAR\u00ae","name":"Fers de reprise vissables"},"highlight_box":{"title":"Pour une transmission maximale de la traction et du cisaillement","subtitle":"Fers de reprise pour une haute reprise du cisaillement avec liaisons d\u2019armature \u00e9prouv\u00e9es BARTEC\u00ae","text":"<ul>\n<li>Transmission biaxiale du cisaillement brevet\u00e9e PYRAX\u00ae<\/li>\n<li>Ne n\u00e9cessite pas de rendre la surface du joint rugueuse<\/li>\n<li>Transmission du cisaillement selon SIA 262<\/li>\n<li>Barres d\u2019armature de \u00d812 \u00e0 \u00d820 mm<\/li>\n<li>Production suisse<\/li>\n<\/ul>\n","media_type":"image","image":{"medium":"<img width=\"300\" height=\"226\" src=\"https:\/\/bewehrungstechnik.ch\/wp-content\/uploads\/2021\/05\/PYRABAR-300x226.jpg\" class=\"%s\" alt=\"Schraubbarer Bewehrungsanschluss PYRABAR\" decoding=\"async\" loading=\"lazy\" srcset=\"https:\/\/bewehrungstechnik.ch\/wp-content\/uploads\/2021\/05\/PYRABAR-300x226.jpg 300w, https:\/\/bewehrungstechnik.ch\/wp-content\/uploads\/2021\/05\/PYRABAR-1024x773.jpg 1024w, https:\/\/bewehrungstechnik.ch\/wp-content\/uploads\/2021\/05\/PYRABAR-768x580.jpg 768w, https:\/\/bewehrungstechnik.ch\/wp-content\/uploads\/2021\/05\/PYRABAR-1536x1159.jpg 1536w, https:\/\/bewehrungstechnik.ch\/wp-content\/uploads\/2021\/05\/PYRABAR-2048x1546.jpg 2048w, https:\/\/bewehrungstechnik.ch\/wp-content\/uploads\/2021\/05\/PYRABAR-436x329.jpg 436w, https:\/\/bewehrungstechnik.ch\/wp-content\/uploads\/2021\/05\/PYRABAR-550x415.jpg 550w\" sizes=\"auto, (max-width: 300px) 100vw, 300px\" \/>","medium_large":"<img width=\"768\" height=\"580\" src=\"https:\/\/bewehrungstechnik.ch\/wp-content\/uploads\/2021\/05\/PYRABAR-768x580.jpg\" class=\"%s\" alt=\"Schraubbarer Bewehrungsanschluss PYRABAR\" decoding=\"async\" loading=\"lazy\" srcset=\"https:\/\/bewehrungstechnik.ch\/wp-content\/uploads\/2021\/05\/PYRABAR-768x580.jpg 768w, https:\/\/bewehrungstechnik.ch\/wp-content\/uploads\/2021\/05\/PYRABAR-300x226.jpg 300w, https:\/\/bewehrungstechnik.ch\/wp-content\/uploads\/2021\/05\/PYRABAR-1024x773.jpg 1024w, https:\/\/bewehrungstechnik.ch\/wp-content\/uploads\/2021\/05\/PYRABAR-1536x1159.jpg 1536w, https:\/\/bewehrungstechnik.ch\/wp-content\/uploads\/2021\/05\/PYRABAR-2048x1546.jpg 2048w, https:\/\/bewehrungstechnik.ch\/wp-content\/uploads\/2021\/05\/PYRABAR-436x329.jpg 436w, https:\/\/bewehrungstechnik.ch\/wp-content\/uploads\/2021\/05\/PYRABAR-550x415.jpg 550w\" sizes=\"auto, (max-width: 768px) 100vw, 768px\" \/>","large":"<img width=\"1024\" height=\"773\" src=\"https:\/\/bewehrungstechnik.ch\/wp-content\/uploads\/2021\/05\/PYRABAR-1024x773.jpg\" class=\"%s\" alt=\"Schraubbarer Bewehrungsanschluss PYRABAR\" decoding=\"async\" loading=\"lazy\" srcset=\"https:\/\/bewehrungstechnik.ch\/wp-content\/uploads\/2021\/05\/PYRABAR-1024x773.jpg 1024w, https:\/\/bewehrungstechnik.ch\/wp-content\/uploads\/2021\/05\/PYRABAR-300x226.jpg 300w, https:\/\/bewehrungstechnik.ch\/wp-content\/uploads\/2021\/05\/PYRABAR-768x580.jpg 768w, https:\/\/bewehrungstechnik.ch\/wp-content\/uploads\/2021\/05\/PYRABAR-1536x1159.jpg 1536w, https:\/\/bewehrungstechnik.ch\/wp-content\/uploads\/2021\/05\/PYRABAR-2048x1546.jpg 2048w, https:\/\/bewehrungstechnik.ch\/wp-content\/uploads\/2021\/05\/PYRABAR-436x329.jpg 436w, https:\/\/bewehrungstechnik.ch\/wp-content\/uploads\/2021\/05\/PYRABAR-550x415.jpg 550w\" sizes=\"auto, (max-width: 1024px) 100vw, 1024px\" \/>","full":"<img width=\"2500\" height=\"1887\" src=\"https:\/\/bewehrungstechnik.ch\/wp-content\/uploads\/2021\/05\/PYRABAR.jpg\" class=\"%s\" alt=\"Schraubbarer Bewehrungsanschluss PYRABAR\" decoding=\"async\" loading=\"lazy\" srcset=\"https:\/\/bewehrungstechnik.ch\/wp-content\/uploads\/2021\/05\/PYRABAR.jpg 2500w, https:\/\/bewehrungstechnik.ch\/wp-content\/uploads\/2021\/05\/PYRABAR-300x226.jpg 300w, https:\/\/bewehrungstechnik.ch\/wp-content\/uploads\/2021\/05\/PYRABAR-1024x773.jpg 1024w, https:\/\/bewehrungstechnik.ch\/wp-content\/uploads\/2021\/05\/PYRABAR-768x580.jpg 768w, https:\/\/bewehrungstechnik.ch\/wp-content\/uploads\/2021\/05\/PYRABAR-1536x1159.jpg 1536w, https:\/\/bewehrungstechnik.ch\/wp-content\/uploads\/2021\/05\/PYRABAR-2048x1546.jpg 2048w, https:\/\/bewehrungstechnik.ch\/wp-content\/uploads\/2021\/05\/PYRABAR-436x329.jpg 436w, https:\/\/bewehrungstechnik.ch\/wp-content\/uploads\/2021\/05\/PYRABAR-550x415.jpg 550w\" sizes=\"auto, (max-width: 2500px) 100vw, 2500px\" \/>"},"video_list":false},"downloads":[2586,2621,2610,3632,4683],"description":[{"title":"PYRABAR\u00ae pour une transmission maximale de la traction et du cisaillement","text":"<p>Par rapport \u00e0 nos fers de reprise pour reprise biaxiale du cisaillement PYRATOP\u00ae, les fers de reprise vissables PYRABAR\u00ae vous permettent l\u2019utilisation de plus grands diam\u00e8tres de barres, jusqu\u2019\u00e0 20 mm. De ce fait des efforts de cisaillement jusqu\u2019\u00e0 1000 kN\/m peuvent \u00eatre transmis et des ancrages peuvent \u00eatre r\u00e9alis\u00e9s.<\/p>\n"},{"title":"Technologie PYRAX\u00ae","text":"<p>La structure pyramidale en damier permet une reprise maximale des forces de cisaillement dans toutes les directions.<br \/>\nLa surface de b\u00e9ton d\u00e9di\u00e9e \u00e0 la reprise du cisaillement atteint 85 % de la surface totale de la zone du raccordement. Avec des volumes concaves et convexes r\u00e9partis r\u00e9guli\u00e8rement de part et d&rsquo;autre, la g\u00e9om\u00e9trie sp\u00e9ciale de la t\u00f4le assure la reprise d\u2019efforts de cisaillement cons\u00e9quents.<br \/>\nL&rsquo;efficacit\u00e9 du haut pourcentage de surface de joint de reprise contribuant \u00e0 la reprise des forces de cisaillement a \u00e9t\u00e9 confirm\u00e9e par des essais.<br \/>\nLe dimensionnement du joint PYRAX\u00ae s\u2019effectue selon les sp\u00e9cifications de la norme SIA 262 (2013) art. 4.3.2 et 4.3.3 sur la base des valeurs de flexion et de cisaillement.<\/p>\n"},{"title":"Liaison d\u2019armature par filetage \u00e9prouv\u00e9e BARTEC\u00ae","text":"<p>Tous les avantages des liaisons d\u2019armature par filetage \u00e9prouv\u00e9es BARTEC\u00ae se retrouvent dans PYRABAR\u00ae. Le vissage \u00e0 la main, sans outil, permet un montage s\u00fbr et simple dans la deuxi\u00e8me \u00e9tape.<\/p>\n"},{"title":"Vaste assortiment","text":"<p>5 types de bo\u00eetes diff\u00e9rentes en 1\u00e8re phase, chacune avec 5 largeurs de bo\u00eete et 3 longueurs de bo\u00eete standard, offrent la bonne solution de connexion pour chaque application.<br \/>\nPour la 2\u00e8me \u00e9tape, 4 types de barres sont disponibles. Pour les barres droites, des longueurs allant jusqu&rsquo;\u00e0 14 m peuvent \u00eatre fournies.<br \/>\nDes ex\u00e9cutions sp\u00e9ciales sont possibles sur demande.<\/p>\n"}]},"deac_featured_media":{"medium":"<img width=\"300\" height=\"226\" src=\"https:\/\/bewehrungstechnik.ch\/wp-content\/uploads\/2021\/05\/PYRABAR-300x226.jpg\" class=\"%s\" alt=\"Schraubbarer Bewehrungsanschluss PYRABAR\" decoding=\"async\" loading=\"lazy\" srcset=\"https:\/\/bewehrungstechnik.ch\/wp-content\/uploads\/2021\/05\/PYRABAR-300x226.jpg 300w, https:\/\/bewehrungstechnik.ch\/wp-content\/uploads\/2021\/05\/PYRABAR-1024x773.jpg 1024w, https:\/\/bewehrungstechnik.ch\/wp-content\/uploads\/2021\/05\/PYRABAR-768x580.jpg 768w, https:\/\/bewehrungstechnik.ch\/wp-content\/uploads\/2021\/05\/PYRABAR-1536x1159.jpg 1536w, https:\/\/bewehrungstechnik.ch\/wp-content\/uploads\/2021\/05\/PYRABAR-2048x1546.jpg 2048w, https:\/\/bewehrungstechnik.ch\/wp-content\/uploads\/2021\/05\/PYRABAR-436x329.jpg 436w, https:\/\/bewehrungstechnik.ch\/wp-content\/uploads\/2021\/05\/PYRABAR-550x415.jpg 550w\" sizes=\"auto, (max-width: 300px) 100vw, 300px\" \/>","medium_large":"<img width=\"768\" height=\"580\" src=\"https:\/\/bewehrungstechnik.ch\/wp-content\/uploads\/2021\/05\/PYRABAR-768x580.jpg\" class=\"%s\" alt=\"Schraubbarer Bewehrungsanschluss PYRABAR\" decoding=\"async\" loading=\"lazy\" srcset=\"https:\/\/bewehrungstechnik.ch\/wp-content\/uploads\/2021\/05\/PYRABAR-768x580.jpg 768w, https:\/\/bewehrungstechnik.ch\/wp-content\/uploads\/2021\/05\/PYRABAR-300x226.jpg 300w, https:\/\/bewehrungstechnik.ch\/wp-content\/uploads\/2021\/05\/PYRABAR-1024x773.jpg 1024w, https:\/\/bewehrungstechnik.ch\/wp-content\/uploads\/2021\/05\/PYRABAR-1536x1159.jpg 1536w, https:\/\/bewehrungstechnik.ch\/wp-content\/uploads\/2021\/05\/PYRABAR-2048x1546.jpg 2048w, https:\/\/bewehrungstechnik.ch\/wp-content\/uploads\/2021\/05\/PYRABAR-436x329.jpg 436w, https:\/\/bewehrungstechnik.ch\/wp-content\/uploads\/2021\/05\/PYRABAR-550x415.jpg 550w\" sizes=\"auto, (max-width: 768px) 100vw, 768px\" \/>","large":"<img width=\"1024\" height=\"773\" src=\"https:\/\/bewehrungstechnik.ch\/wp-content\/uploads\/2021\/05\/PYRABAR-1024x773.jpg\" class=\"%s\" alt=\"Schraubbarer Bewehrungsanschluss PYRABAR\" decoding=\"async\" loading=\"lazy\" srcset=\"https:\/\/bewehrungstechnik.ch\/wp-content\/uploads\/2021\/05\/PYRABAR-1024x773.jpg 1024w, https:\/\/bewehrungstechnik.ch\/wp-content\/uploads\/2021\/05\/PYRABAR-300x226.jpg 300w, https:\/\/bewehrungstechnik.ch\/wp-content\/uploads\/2021\/05\/PYRABAR-768x580.jpg 768w, https:\/\/bewehrungstechnik.ch\/wp-content\/uploads\/2021\/05\/PYRABAR-1536x1159.jpg 1536w, https:\/\/bewehrungstechnik.ch\/wp-content\/uploads\/2021\/05\/PYRABAR-2048x1546.jpg 2048w, https:\/\/bewehrungstechnik.ch\/wp-content\/uploads\/2021\/05\/PYRABAR-436x329.jpg 436w, https:\/\/bewehrungstechnik.ch\/wp-content\/uploads\/2021\/05\/PYRABAR-550x415.jpg 550w\" sizes=\"auto, (max-width: 1024px) 100vw, 1024px\" \/>","full":"<img width=\"2500\" height=\"1887\" src=\"https:\/\/bewehrungstechnik.ch\/wp-content\/uploads\/2021\/05\/PYRABAR.jpg\" class=\"%s\" alt=\"Schraubbarer Bewehrungsanschluss PYRABAR\" decoding=\"async\" loading=\"lazy\" srcset=\"https:\/\/bewehrungstechnik.ch\/wp-content\/uploads\/2021\/05\/PYRABAR.jpg 2500w, https:\/\/bewehrungstechnik.ch\/wp-content\/uploads\/2021\/05\/PYRABAR-300x226.jpg 300w, https:\/\/bewehrungstechnik.ch\/wp-content\/uploads\/2021\/05\/PYRABAR-1024x773.jpg 1024w, https:\/\/bewehrungstechnik.ch\/wp-content\/uploads\/2021\/05\/PYRABAR-768x580.jpg 768w, https:\/\/bewehrungstechnik.ch\/wp-content\/uploads\/2021\/05\/PYRABAR-1536x1159.jpg 1536w, https:\/\/bewehrungstechnik.ch\/wp-content\/uploads\/2021\/05\/PYRABAR-2048x1546.jpg 2048w, https:\/\/bewehrungstechnik.ch\/wp-content\/uploads\/2021\/05\/PYRABAR-436x329.jpg 436w, https:\/\/bewehrungstechnik.ch\/wp-content\/uploads\/2021\/05\/PYRABAR-550x415.jpg 550w\" sizes=\"auto, (max-width: 2500px) 100vw, 2500px\" \/>"},"_links":{"self":[{"href":"https:\/\/bewehrungstechnik.ch\/fr\/wp-json\/wp\/v2\/product\/2096","targetHints":{"allow":["GET"]}}],"collection":[{"href":"https:\/\/bewehrungstechnik.ch\/fr\/wp-json\/wp\/v2\/product"}],"about":[{"href":"https:\/\/bewehrungstechnik.ch\/fr\/wp-json\/wp\/v2\/types\/product"}],"wp:featuredmedia":[{"embeddable":true,"href":"https:\/\/bewehrungstechnik.ch\/fr\/wp-json\/wp\/v2\/media\/2270"}],"wp:attachment":[{"href":"https:\/\/bewehrungstechnik.ch\/fr\/wp-json\/wp\/v2\/media?parent=2096"}],"wp:term":[{"taxonomy":"product_category","embeddable":true,"href":"https:\/\/bewehrungstechnik.ch\/fr\/wp-json\/wp\/v2\/product_category?post=2096"}],"curies":[{"name":"wp","href":"https:\/\/api.w.org\/{rel}","templated":true}]}}