{"id":2098,"date":"2021-05-14T08:09:28","date_gmt":"2021-05-14T08:09:28","guid":{"rendered":"https:\/\/bewehrungstechnik.ch\/?post_type=product&#038;p=2098"},"modified":"2026-03-31T11:45:06","modified_gmt":"2026-03-31T11:45:06","slug":"tole-darret-de-betonnage-pyraflex","status":"publish","type":"product","link":"https:\/\/bewehrungstechnik.ch\/fr\/product\/tole-darret-de-betonnage-pyraflex\/","title":{"rendered":"T\u00f4le d\u2019arr\u00eat de b\u00e9tonnage PYRAFLEX\u00ae"},"featured_media":1805,"menu_order":70,"template":"","product_category":[51],"class_list":["post-2098","product","type-product","status-publish","has-post-thumbnail","","product_category-technique-darmature"],"acf":[],"yoast_head":"<!-- This site is optimized with the Yoast SEO plugin v27.3 - https:\/\/yoast.com\/product\/yoast-seo-wordpress\/ -->\n<title>T\u00f4les de coffrage PYRAFLEX\u00ae | Debrunner Acifer Armatures<\/title>\n<meta name=\"description\" content=\"T\u00f4le de coffrage PYRAFLEX\u00ae avec t\u00f4le d&#039;\u00e9tanch\u00e9it\u00e9 CEMflex VB en option \u2013 pour des joints de construction \u00e9tanches avec passage d&#039;armatures et une transmission s\u00fbre des efforts tranchants.\" \/>\n<meta name=\"robots\" content=\"index, follow, max-snippet:-1, max-image-preview:large, max-video-preview:-1\" \/>\n<link rel=\"canonical\" href=\"https:\/\/bewehrungstechnik.ch\/fr\/product\/tole-darret-de-betonnage-pyraflex\/\" \/>\n<meta property=\"og:locale\" content=\"fr_FR\" \/>\n<meta property=\"og:type\" content=\"article\" \/>\n<meta property=\"og:title\" content=\"T\u00f4les de coffrage PYRAFLEX\u00ae | Debrunner Acifer Armatures\" \/>\n<meta property=\"og:description\" content=\"T\u00f4le de coffrage PYRAFLEX\u00ae avec t\u00f4le d&#039;\u00e9tanch\u00e9it\u00e9 CEMflex VB en option \u2013 pour des joints de construction \u00e9tanches avec passage d&#039;armatures et une transmission s\u00fbre des efforts tranchants.\" \/>\n<meta property=\"og:url\" content=\"https:\/\/bewehrungstechnik.ch\/fr\/product\/tole-darret-de-betonnage-pyraflex\/\" \/>\n<meta property=\"og:site_name\" content=\"Bewehrungstechnik\" \/>\n<meta property=\"article:modified_time\" content=\"2026-03-31T11:45:06+00:00\" \/>\n<meta property=\"og:image\" content=\"https:\/\/bewehrungstechnik.ch\/wp-content\/uploads\/2021\/05\/PYRAFLEX.jpg\" \/>\n\t<meta property=\"og:image:width\" content=\"500\" \/>\n\t<meta property=\"og:image:height\" content=\"689\" \/>\n\t<meta property=\"og:image:type\" content=\"image\/jpeg\" \/>\n<meta name=\"twitter:card\" content=\"summary_large_image\" \/>\n<script type=\"application\/ld+json\" class=\"yoast-schema-graph\">{\"@context\":\"https:\\\/\\\/schema.org\",\"@graph\":[{\"@type\":\"WebPage\",\"@id\":\"https:\\\/\\\/bewehrungstechnik.ch\\\/fr\\\/product\\\/tole-darret-de-betonnage-pyraflex\\\/\",\"url\":\"https:\\\/\\\/bewehrungstechnik.ch\\\/fr\\\/product\\\/tole-darret-de-betonnage-pyraflex\\\/\",\"name\":\"T\u00f4les de coffrage PYRAFLEX\u00ae | Debrunner Acifer Armatures\",\"isPartOf\":{\"@id\":\"https:\\\/\\\/bewehrungstechnik.ch\\\/fr\\\/#website\"},\"primaryImageOfPage\":{\"@id\":\"https:\\\/\\\/bewehrungstechnik.ch\\\/fr\\\/product\\\/tole-darret-de-betonnage-pyraflex\\\/#primaryimage\"},\"image\":{\"@id\":\"https:\\\/\\\/bewehrungstechnik.ch\\\/fr\\\/product\\\/tole-darret-de-betonnage-pyraflex\\\/#primaryimage\"},\"thumbnailUrl\":\"https:\\\/\\\/bewehrungstechnik.ch\\\/wp-content\\\/uploads\\\/2021\\\/05\\\/PYRAFLEX.jpg\",\"datePublished\":\"2021-05-14T08:09:28+00:00\",\"dateModified\":\"2026-03-31T11:45:06+00:00\",\"description\":\"T\u00f4le de coffrage PYRAFLEX\u00ae avec t\u00f4le d'\u00e9tanch\u00e9it\u00e9 CEMflex VB en option \u2013 pour des joints de construction \u00e9tanches avec passage d'armatures et une transmission s\u00fbre des efforts tranchants.\",\"breadcrumb\":{\"@id\":\"https:\\\/\\\/bewehrungstechnik.ch\\\/fr\\\/product\\\/tole-darret-de-betonnage-pyraflex\\\/#breadcrumb\"},\"inLanguage\":\"fr-FR\",\"potentialAction\":[{\"@type\":\"ReadAction\",\"target\":[\"https:\\\/\\\/bewehrungstechnik.ch\\\/fr\\\/product\\\/tole-darret-de-betonnage-pyraflex\\\/\"]}]},{\"@type\":\"ImageObject\",\"inLanguage\":\"fr-FR\",\"@id\":\"https:\\\/\\\/bewehrungstechnik.ch\\\/fr\\\/product\\\/tole-darret-de-betonnage-pyraflex\\\/#primaryimage\",\"url\":\"https:\\\/\\\/bewehrungstechnik.ch\\\/wp-content\\\/uploads\\\/2021\\\/05\\\/PYRAFLEX.jpg\",\"contentUrl\":\"https:\\\/\\\/bewehrungstechnik.ch\\\/wp-content\\\/uploads\\\/2021\\\/05\\\/PYRAFLEX.jpg\",\"width\":500,\"height\":689,\"caption\":\"Abschalblech PYRAFLEX\"},{\"@type\":\"BreadcrumbList\",\"@id\":\"https:\\\/\\\/bewehrungstechnik.ch\\\/fr\\\/product\\\/tole-darret-de-betonnage-pyraflex\\\/#breadcrumb\",\"itemListElement\":[{\"@type\":\"ListItem\",\"position\":1,\"name\":\"Home\",\"item\":\"https:\\\/\\\/bewehrungstechnik.ch\\\/fr\\\/\"},{\"@type\":\"ListItem\",\"position\":2,\"name\":\"Products\",\"item\":\"https:\\\/\\\/bewehrungstechnik.ch\\\/fr\\\/products\\\/\"},{\"@type\":\"ListItem\",\"position\":3,\"name\":\"T\u00f4le d\u2019arr\u00eat de b\u00e9tonnage PYRAFLEX\u00ae\"}]},{\"@type\":\"WebSite\",\"@id\":\"https:\\\/\\\/bewehrungstechnik.ch\\\/fr\\\/#website\",\"url\":\"https:\\\/\\\/bewehrungstechnik.ch\\\/fr\\\/\",\"name\":\"Bewehrungstechnik\",\"description\":\"Just another WordPress site\",\"publisher\":{\"@id\":\"https:\\\/\\\/bewehrungstechnik.ch\\\/fr\\\/#organization\"},\"potentialAction\":[{\"@type\":\"SearchAction\",\"target\":{\"@type\":\"EntryPoint\",\"urlTemplate\":\"https:\\\/\\\/bewehrungstechnik.ch\\\/fr\\\/?s={search_term_string}\"},\"query-input\":{\"@type\":\"PropertyValueSpecification\",\"valueRequired\":true,\"valueName\":\"search_term_string\"}}],\"inLanguage\":\"fr-FR\"},{\"@type\":\"Organization\",\"@id\":\"https:\\\/\\\/bewehrungstechnik.ch\\\/fr\\\/#organization\",\"name\":\"Bewehrungstechnik\",\"url\":\"https:\\\/\\\/bewehrungstechnik.ch\\\/fr\\\/\",\"logo\":{\"@type\":\"ImageObject\",\"inLanguage\":\"fr-FR\",\"@id\":\"https:\\\/\\\/bewehrungstechnik.ch\\\/fr\\\/#\\\/schema\\\/logo\\\/image\\\/\",\"url\":\"https:\\\/\\\/bewehrungstechnik.ch\\\/wp-content\\\/uploads\\\/2021\\\/03\\\/logo.svg\",\"contentUrl\":\"https:\\\/\\\/bewehrungstechnik.ch\\\/wp-content\\\/uploads\\\/2021\\\/03\\\/logo.svg\",\"width\":436,\"height\":436,\"caption\":\"Bewehrungstechnik\"},\"image\":{\"@id\":\"https:\\\/\\\/bewehrungstechnik.ch\\\/fr\\\/#\\\/schema\\\/logo\\\/image\\\/\"}}]}<\/script>\n<!-- \/ Yoast SEO plugin. -->","yoast_head_json":{"title":"T\u00f4les de coffrage PYRAFLEX\u00ae | Debrunner Acifer Armatures","description":"T\u00f4le de coffrage PYRAFLEX\u00ae avec t\u00f4le d'\u00e9tanch\u00e9it\u00e9 CEMflex VB en option \u2013 pour des joints de construction \u00e9tanches avec passage d'armatures et une transmission s\u00fbre des efforts tranchants.","robots":{"index":"index","follow":"follow","max-snippet":"max-snippet:-1","max-image-preview":"max-image-preview:large","max-video-preview":"max-video-preview:-1"},"canonical":"https:\/\/bewehrungstechnik.ch\/fr\/product\/tole-darret-de-betonnage-pyraflex\/","og_locale":"fr_FR","og_type":"article","og_title":"T\u00f4les de coffrage PYRAFLEX\u00ae | Debrunner Acifer Armatures","og_description":"T\u00f4le de coffrage PYRAFLEX\u00ae avec t\u00f4le d'\u00e9tanch\u00e9it\u00e9 CEMflex VB en option \u2013 pour des joints de construction \u00e9tanches avec passage d'armatures et une transmission s\u00fbre des efforts tranchants.","og_url":"https:\/\/bewehrungstechnik.ch\/fr\/product\/tole-darret-de-betonnage-pyraflex\/","og_site_name":"Bewehrungstechnik","article_modified_time":"2026-03-31T11:45:06+00:00","og_image":[{"width":500,"height":689,"url":"https:\/\/bewehrungstechnik.ch\/wp-content\/uploads\/2021\/05\/PYRAFLEX.jpg","type":"image\/jpeg"}],"twitter_card":"summary_large_image","schema":{"@context":"https:\/\/schema.org","@graph":[{"@type":"WebPage","@id":"https:\/\/bewehrungstechnik.ch\/fr\/product\/tole-darret-de-betonnage-pyraflex\/","url":"https:\/\/bewehrungstechnik.ch\/fr\/product\/tole-darret-de-betonnage-pyraflex\/","name":"T\u00f4les de coffrage PYRAFLEX\u00ae | Debrunner Acifer Armatures","isPartOf":{"@id":"https:\/\/bewehrungstechnik.ch\/fr\/#website"},"primaryImageOfPage":{"@id":"https:\/\/bewehrungstechnik.ch\/fr\/product\/tole-darret-de-betonnage-pyraflex\/#primaryimage"},"image":{"@id":"https:\/\/bewehrungstechnik.ch\/fr\/product\/tole-darret-de-betonnage-pyraflex\/#primaryimage"},"thumbnailUrl":"https:\/\/bewehrungstechnik.ch\/wp-content\/uploads\/2021\/05\/PYRAFLEX.jpg","datePublished":"2021-05-14T08:09:28+00:00","dateModified":"2026-03-31T11:45:06+00:00","description":"T\u00f4le de coffrage PYRAFLEX\u00ae avec t\u00f4le d'\u00e9tanch\u00e9it\u00e9 CEMflex VB en option \u2013 pour des joints de construction \u00e9tanches avec passage d'armatures et une transmission s\u00fbre des efforts tranchants.","breadcrumb":{"@id":"https:\/\/bewehrungstechnik.ch\/fr\/product\/tole-darret-de-betonnage-pyraflex\/#breadcrumb"},"inLanguage":"fr-FR","potentialAction":[{"@type":"ReadAction","target":["https:\/\/bewehrungstechnik.ch\/fr\/product\/tole-darret-de-betonnage-pyraflex\/"]}]},{"@type":"ImageObject","inLanguage":"fr-FR","@id":"https:\/\/bewehrungstechnik.ch\/fr\/product\/tole-darret-de-betonnage-pyraflex\/#primaryimage","url":"https:\/\/bewehrungstechnik.ch\/wp-content\/uploads\/2021\/05\/PYRAFLEX.jpg","contentUrl":"https:\/\/bewehrungstechnik.ch\/wp-content\/uploads\/2021\/05\/PYRAFLEX.jpg","width":500,"height":689,"caption":"Abschalblech PYRAFLEX"},{"@type":"BreadcrumbList","@id":"https:\/\/bewehrungstechnik.ch\/fr\/product\/tole-darret-de-betonnage-pyraflex\/#breadcrumb","itemListElement":[{"@type":"ListItem","position":1,"name":"Home","item":"https:\/\/bewehrungstechnik.ch\/fr\/"},{"@type":"ListItem","position":2,"name":"Products","item":"https:\/\/bewehrungstechnik.ch\/fr\/products\/"},{"@type":"ListItem","position":3,"name":"T\u00f4le d\u2019arr\u00eat de b\u00e9tonnage PYRAFLEX\u00ae"}]},{"@type":"WebSite","@id":"https:\/\/bewehrungstechnik.ch\/fr\/#website","url":"https:\/\/bewehrungstechnik.ch\/fr\/","name":"Bewehrungstechnik","description":"Just another WordPress site","publisher":{"@id":"https:\/\/bewehrungstechnik.ch\/fr\/#organization"},"potentialAction":[{"@type":"SearchAction","target":{"@type":"EntryPoint","urlTemplate":"https:\/\/bewehrungstechnik.ch\/fr\/?s={search_term_string}"},"query-input":{"@type":"PropertyValueSpecification","valueRequired":true,"valueName":"search_term_string"}}],"inLanguage":"fr-FR"},{"@type":"Organization","@id":"https:\/\/bewehrungstechnik.ch\/fr\/#organization","name":"Bewehrungstechnik","url":"https:\/\/bewehrungstechnik.ch\/fr\/","logo":{"@type":"ImageObject","inLanguage":"fr-FR","@id":"https:\/\/bewehrungstechnik.ch\/fr\/#\/schema\/logo\/image\/","url":"https:\/\/bewehrungstechnik.ch\/wp-content\/uploads\/2021\/03\/logo.svg","contentUrl":"https:\/\/bewehrungstechnik.ch\/wp-content\/uploads\/2021\/03\/logo.svg","width":436,"height":436,"caption":"Bewehrungstechnik"},"image":{"@id":"https:\/\/bewehrungstechnik.ch\/fr\/#\/schema\/logo\/image\/"}}]}},"deac_custom_fields":{"product":{"brand":"PYRAFLEX\u00ae","name":"T\u00f4le d\u2019arr\u00eat de b\u00e9tonnage"},"highlight_box":{"title":"T\u00f4le d\u2019arr\u00eat de b\u00e9tonnage avec reprise du cisaillement","subtitle":"Pour des joints de reprise flexibles avec travers\u00e9e des armatures","text":"<ul>\n<li>Transmission biaxiale du cisaillement brevet\u00e9e PYRAX\u00ae<\/li>\n<li>Ne n\u00e9cessite pas de rendre la surface du joint rugueuse<\/li>\n<li>Pour radiers et dalles de 25 \u00e0 30 cm<\/li>\n<li>Peut \u00eatre combin\u00e9e avec la t\u00f4le d\u2019\u00e9tanch\u00e9it\u00e9 CEMflex VB\u00ae<\/li>\n<li>Production suisse<\/li>\n<\/ul>\n","media_type":"image","image":{"medium":"<img width=\"218\" height=\"300\" src=\"https:\/\/bewehrungstechnik.ch\/wp-content\/uploads\/2021\/05\/PYRAFLEX-218x300.jpg\" class=\"%s\" alt=\"Abschalblech PYRAFLEX\" decoding=\"async\" loading=\"lazy\" srcset=\"https:\/\/bewehrungstechnik.ch\/wp-content\/uploads\/2021\/05\/PYRAFLEX-218x300.jpg 218w, https:\/\/bewehrungstechnik.ch\/wp-content\/uploads\/2021\/05\/PYRAFLEX-436x601.jpg 436w, https:\/\/bewehrungstechnik.ch\/wp-content\/uploads\/2021\/05\/PYRAFLEX.jpg 500w\" sizes=\"auto, (max-width: 218px) 100vw, 218px\" \/>","medium_large":"<img width=\"500\" height=\"689\" src=\"https:\/\/bewehrungstechnik.ch\/wp-content\/uploads\/2021\/05\/PYRAFLEX.jpg\" class=\"%s\" alt=\"Abschalblech PYRAFLEX\" decoding=\"async\" loading=\"lazy\" srcset=\"https:\/\/bewehrungstechnik.ch\/wp-content\/uploads\/2021\/05\/PYRAFLEX.jpg 500w, https:\/\/bewehrungstechnik.ch\/wp-content\/uploads\/2021\/05\/PYRAFLEX-218x300.jpg 218w, https:\/\/bewehrungstechnik.ch\/wp-content\/uploads\/2021\/05\/PYRAFLEX-436x601.jpg 436w\" sizes=\"auto, (max-width: 500px) 100vw, 500px\" \/>","large":"<img width=\"500\" height=\"689\" src=\"https:\/\/bewehrungstechnik.ch\/wp-content\/uploads\/2021\/05\/PYRAFLEX.jpg\" class=\"%s\" alt=\"Abschalblech PYRAFLEX\" decoding=\"async\" loading=\"lazy\" srcset=\"https:\/\/bewehrungstechnik.ch\/wp-content\/uploads\/2021\/05\/PYRAFLEX.jpg 500w, https:\/\/bewehrungstechnik.ch\/wp-content\/uploads\/2021\/05\/PYRAFLEX-218x300.jpg 218w, https:\/\/bewehrungstechnik.ch\/wp-content\/uploads\/2021\/05\/PYRAFLEX-436x601.jpg 436w\" sizes=\"auto, (max-width: 500px) 100vw, 500px\" \/>","full":"<img width=\"500\" height=\"689\" src=\"https:\/\/bewehrungstechnik.ch\/wp-content\/uploads\/2021\/05\/PYRAFLEX.jpg\" class=\"%s\" alt=\"Abschalblech PYRAFLEX\" decoding=\"async\" loading=\"lazy\" srcset=\"https:\/\/bewehrungstechnik.ch\/wp-content\/uploads\/2021\/05\/PYRAFLEX.jpg 500w, https:\/\/bewehrungstechnik.ch\/wp-content\/uploads\/2021\/05\/PYRAFLEX-218x300.jpg 218w, https:\/\/bewehrungstechnik.ch\/wp-content\/uploads\/2021\/05\/PYRAFLEX-436x601.jpg 436w\" sizes=\"auto, (max-width: 500px) 100vw, 500px\" \/>"},"video_list":false},"downloads":[2531,2613,2558,6121,6129],"page_color_variation":"default","description":[{"title":"T\u00f4le d\u2019arr\u00eat de b\u00e9tonnage PYRAFLEX\u00ae","text":"<p>La t\u00f4le d\u2019arr\u00eat de b\u00e9tonnage PYRAFLEX\u00ae a \u00e9t\u00e9 d\u00e9velopp\u00e9e pour le coffrage de joints de b\u00e9tonnage avec travers\u00e9e des armatures pour des radiers et des dalles.<br \/>\nLa structure brevet\u00e9e PYRAX\u00ae garantit une parfaite imbrication des deux parties du joint pour une transmission optimale du cisaillement.<br \/>\nLa T\u00f4le PYRAFLEX\u00ae peut \u00eatre ajust\u00e9e de mani\u00e8re variable entre les lits d\u2019armature et ne n\u00e9cessite aucun \u00e9tayage suppl\u00e9mentaire.<\/p>\n"},{"title":"Technologie PYRAX\u00ae","text":"<p>La structure pyramidale en damier permet une reprise maximale des forces de cisaillement dans toutes les directions.<br \/>\nLa surface de b\u00e9ton d\u00e9di\u00e9e \u00e0 la reprise du cisaillement atteint 85 % de la surface totale de la zone du raccordement. Avec des volumes concaves et convexes r\u00e9partis r\u00e9guli\u00e8rement de part et d&rsquo;autre, la g\u00e9om\u00e9trie sp\u00e9ciale de la t\u00f4le assure la reprise d\u2019efforts de cisaillement cons\u00e9quents.<br \/>\nL&rsquo;efficacit\u00e9 du haut pourcentage de surface de joint de reprise contribuant \u00e0 la reprise des forces de cisaillement a \u00e9t\u00e9 confirm\u00e9e par des essais.<br \/>\nLe dimensionnement du joint PYRAX\u00ae s\u2019effectue selon les sp\u00e9cifications de la norme SIA 262 (2013) art. 4.3.2 et 4.3.3 sur la base des valeurs de flexion et de cisaillement.<\/p>\n"},{"title":"Etanche \u00e0 l\u2019eau en combinaison avec la t\u00f4le d\u2019\u00e9tanch\u00e9it\u00e9 Cemflex-VB","text":"<p>La t\u00f4le d\u2019arr\u00eat de b\u00e9tonnage PYRAFLEX\u00ae peut \u00eatre compl\u00e9t\u00e9e en option avec la t\u00f4le d\u2019\u00e9tanch\u00e9it\u00e9 CEMflex VB. Le rev\u00eatement sp\u00e9cial cristallise activement dans le b\u00e9ton et permet la r\u00e9alisation de joints \u00e9tanches \u00e0 l\u2019eau.<\/p>\n"},{"title":"Distanceur d\u2019armature avec protection int\u00e9gr\u00e9e contre les fuites de b\u00e9ton","text":"<p>Ferrofix-peigne \u2013 un distanceur d\u2019armature avec protection int\u00e9gr\u00e9e contre les fuites de b\u00e9ton, il a \u00e9t\u00e9 sp\u00e9cialement d\u00e9velopp\u00e9 pour les joints avec travers\u00e9e des armatures afin d\u2019\u00e9viter les fuites de b\u00e9ton sur la 2\u00e8me \u00e9tape de b\u00e9tonnage.<br \/>\nPour l\u2019utilisation combin\u00e9e avec PYRAFLEX\u00ae, ferrofix-peigne peut \u00eatre command\u00e9 comme accessoire.<\/p>\n"},{"title":"Flexible, rapide et simple","text":"<p>La t\u00f4le d\u2019arr\u00eat de b\u00e9tonnage PYRAFLEX\u00ae se place entre les 1er et 4\u00e8me ou entre les 2\u00e8me et 3\u00e8me lits. Gr\u00e2ce \u00e0 la partie sup\u00e9rieure flexible, elle convient pour des \u00e9paisseurs d\u2019\u00e9l\u00e9ments de 25 \u00e0 30 cm. La longueur des \u00e9l\u00e9ments est de 2.00 m et peut \u00eatre simplement adapt\u00e9e sur le chantier.<\/p>\n"},{"title":"Entretoise avec protection anti-d\u00e9bordement int\u00e9gr\u00e9e","text":"<p>La cr\u00eate ferrofix \u2013 une baguette d&rsquo;\u00e9cartement avec protection anti-d\u00e9bordement int\u00e9gr\u00e9e \u2013 a \u00e9t\u00e9 sp\u00e9cialement con\u00e7ue pour emp\u00eacher le b\u00e9ton de d\u00e9border sur le deuxi\u00e8me c\u00f4t\u00e9 du coffrage lorsque celui-ci comporte des armatures.<br \/>\nPour une utilisation en combinaison avec la t\u00f4le de coffrage PYRAFLEX\u00ae, la cr\u00eate ferrofix peut \u00eatre command\u00e9e en tant qu&rsquo;accessoire.<\/p>\n"},{"title":"Flexible, rapide et simple","text":"<p>La t\u00f4le de coffrage PYRAFLEX\u00ae est plac\u00e9e en quinconce entre la 1re et la 4e couche ou entre la 2e et la 3e couche. Gr\u00e2ce \u00e0 la bande de t\u00f4le sup\u00e9rieure flexible, elle permet de couvrir de mani\u00e8re variable des \u00e9paisseurs de b\u00e9ton comprises entre 25 et 30 cm. La longueur de l&rsquo;\u00e9l\u00e9ment est de L = 2,00 m et peut \u00eatre facilement ajust\u00e9e sur le chantier.<\/p>\n"}]},"deac_featured_media":{"medium":"<img width=\"218\" height=\"300\" src=\"https:\/\/bewehrungstechnik.ch\/wp-content\/uploads\/2021\/05\/PYRAFLEX-218x300.jpg\" class=\"%s\" alt=\"Abschalblech PYRAFLEX\" decoding=\"async\" loading=\"lazy\" srcset=\"https:\/\/bewehrungstechnik.ch\/wp-content\/uploads\/2021\/05\/PYRAFLEX-218x300.jpg 218w, https:\/\/bewehrungstechnik.ch\/wp-content\/uploads\/2021\/05\/PYRAFLEX-436x601.jpg 436w, https:\/\/bewehrungstechnik.ch\/wp-content\/uploads\/2021\/05\/PYRAFLEX.jpg 500w\" sizes=\"auto, (max-width: 218px) 100vw, 218px\" \/>","medium_large":"<img width=\"500\" height=\"689\" src=\"https:\/\/bewehrungstechnik.ch\/wp-content\/uploads\/2021\/05\/PYRAFLEX.jpg\" class=\"%s\" alt=\"Abschalblech PYRAFLEX\" decoding=\"async\" loading=\"lazy\" srcset=\"https:\/\/bewehrungstechnik.ch\/wp-content\/uploads\/2021\/05\/PYRAFLEX.jpg 500w, https:\/\/bewehrungstechnik.ch\/wp-content\/uploads\/2021\/05\/PYRAFLEX-218x300.jpg 218w, https:\/\/bewehrungstechnik.ch\/wp-content\/uploads\/2021\/05\/PYRAFLEX-436x601.jpg 436w\" sizes=\"auto, (max-width: 500px) 100vw, 500px\" \/>","large":"<img width=\"500\" height=\"689\" src=\"https:\/\/bewehrungstechnik.ch\/wp-content\/uploads\/2021\/05\/PYRAFLEX.jpg\" class=\"%s\" alt=\"Abschalblech PYRAFLEX\" decoding=\"async\" loading=\"lazy\" srcset=\"https:\/\/bewehrungstechnik.ch\/wp-content\/uploads\/2021\/05\/PYRAFLEX.jpg 500w, https:\/\/bewehrungstechnik.ch\/wp-content\/uploads\/2021\/05\/PYRAFLEX-218x300.jpg 218w, https:\/\/bewehrungstechnik.ch\/wp-content\/uploads\/2021\/05\/PYRAFLEX-436x601.jpg 436w\" sizes=\"auto, (max-width: 500px) 100vw, 500px\" \/>","full":"<img width=\"500\" height=\"689\" src=\"https:\/\/bewehrungstechnik.ch\/wp-content\/uploads\/2021\/05\/PYRAFLEX.jpg\" class=\"%s\" alt=\"Abschalblech PYRAFLEX\" decoding=\"async\" loading=\"lazy\" srcset=\"https:\/\/bewehrungstechnik.ch\/wp-content\/uploads\/2021\/05\/PYRAFLEX.jpg 500w, https:\/\/bewehrungstechnik.ch\/wp-content\/uploads\/2021\/05\/PYRAFLEX-218x300.jpg 218w, https:\/\/bewehrungstechnik.ch\/wp-content\/uploads\/2021\/05\/PYRAFLEX-436x601.jpg 436w\" sizes=\"auto, (max-width: 500px) 100vw, 500px\" \/>"},"_links":{"self":[{"href":"https:\/\/bewehrungstechnik.ch\/fr\/wp-json\/wp\/v2\/product\/2098","targetHints":{"allow":["GET"]}}],"collection":[{"href":"https:\/\/bewehrungstechnik.ch\/fr\/wp-json\/wp\/v2\/product"}],"about":[{"href":"https:\/\/bewehrungstechnik.ch\/fr\/wp-json\/wp\/v2\/types\/product"}],"wp:featuredmedia":[{"embeddable":true,"href":"https:\/\/bewehrungstechnik.ch\/fr\/wp-json\/wp\/v2\/media\/1805"}],"wp:attachment":[{"href":"https:\/\/bewehrungstechnik.ch\/fr\/wp-json\/wp\/v2\/media?parent=2098"}],"wp:term":[{"taxonomy":"product_category","embeddable":true,"href":"https:\/\/bewehrungstechnik.ch\/fr\/wp-json\/wp\/v2\/product_category?post=2098"}],"curies":[{"name":"wp","href":"https:\/\/api.w.org\/{rel}","templated":true}]}}