{"id":2101,"date":"2021-05-14T08:29:17","date_gmt":"2021-05-14T08:29:17","guid":{"rendered":"https:\/\/bewehrungstechnik.ch\/?post_type=product&#038;p=2101"},"modified":"2026-03-31T09:51:41","modified_gmt":"2026-03-31T09:51:41","slug":"acier-darmature-a-resistance-accrue-top700","status":"publish","type":"product","link":"https:\/\/bewehrungstechnik.ch\/fr\/product\/acier-darmature-a-resistance-accrue-top700\/","title":{"rendered":"Acier d\u2019armature \u00e0 r\u00e9sistance accrue Top700"},"featured_media":3000,"menu_order":100,"template":"","product_category":[50],"class_list":["post-2101","product","type-product","status-publish","has-post-thumbnail","","product_category-aciers-darmature"],"acf":[],"yoast_head":"<!-- This site is optimized with the Yoast SEO plugin v27.3 - https:\/\/yoast.com\/product\/yoast-seo-wordpress\/ -->\n<title>Top 700 des aciers d&#039;armature | Debrunner Acifer Armatures<\/title>\n<meta name=\"description\" content=\"Acier d&#039;armature \u00e0 haute r\u00e9sistance Top700 de classe de ductilit\u00e9 B. Convient aux exigences particuli\u00e8res. Une plus grande flexibilit\u00e9 gr\u00e2ce \u00e0 une r\u00e9sistance accrue.\" \/>\n<meta name=\"robots\" content=\"index, follow, max-snippet:-1, max-image-preview:large, max-video-preview:-1\" \/>\n<link rel=\"canonical\" href=\"https:\/\/bewehrungstechnik.ch\/fr\/product\/acier-darmature-a-resistance-accrue-top700\/\" \/>\n<meta property=\"og:locale\" content=\"fr_FR\" \/>\n<meta property=\"og:type\" content=\"article\" \/>\n<meta property=\"og:title\" content=\"Top 700 des aciers d&#039;armature | Debrunner Acifer Armatures\" \/>\n<meta property=\"og:description\" content=\"Acier d&#039;armature \u00e0 haute r\u00e9sistance Top700 de classe de ductilit\u00e9 B. Convient aux exigences particuli\u00e8res. Une plus grande flexibilit\u00e9 gr\u00e2ce \u00e0 une r\u00e9sistance accrue.\" \/>\n<meta property=\"og:url\" content=\"https:\/\/bewehrungstechnik.ch\/fr\/product\/acier-darmature-a-resistance-accrue-top700\/\" \/>\n<meta property=\"og:site_name\" content=\"Bewehrungstechnik\" \/>\n<meta property=\"article:modified_time\" content=\"2026-03-31T09:51:41+00:00\" \/>\n<meta property=\"og:image\" content=\"https:\/\/bewehrungstechnik.ch\/wp-content\/uploads\/2021\/05\/Top700-Foto-Stab.jpg\" \/>\n\t<meta property=\"og:image:width\" content=\"988\" \/>\n\t<meta property=\"og:image:height\" content=\"805\" \/>\n\t<meta property=\"og:image:type\" content=\"image\/jpeg\" \/>\n<meta name=\"twitter:card\" content=\"summary_large_image\" \/>\n<script type=\"application\/ld+json\" class=\"yoast-schema-graph\">{\"@context\":\"https:\\\/\\\/schema.org\",\"@graph\":[{\"@type\":\"WebPage\",\"@id\":\"https:\\\/\\\/bewehrungstechnik.ch\\\/fr\\\/product\\\/acier-darmature-a-resistance-accrue-top700\\\/\",\"url\":\"https:\\\/\\\/bewehrungstechnik.ch\\\/fr\\\/product\\\/acier-darmature-a-resistance-accrue-top700\\\/\",\"name\":\"Top 700 des aciers d'armature | Debrunner Acifer Armatures\",\"isPartOf\":{\"@id\":\"https:\\\/\\\/bewehrungstechnik.ch\\\/fr\\\/#website\"},\"primaryImageOfPage\":{\"@id\":\"https:\\\/\\\/bewehrungstechnik.ch\\\/fr\\\/product\\\/acier-darmature-a-resistance-accrue-top700\\\/#primaryimage\"},\"image\":{\"@id\":\"https:\\\/\\\/bewehrungstechnik.ch\\\/fr\\\/product\\\/acier-darmature-a-resistance-accrue-top700\\\/#primaryimage\"},\"thumbnailUrl\":\"https:\\\/\\\/bewehrungstechnik.ch\\\/wp-content\\\/uploads\\\/2021\\\/05\\\/Top700-Foto-Stab.jpg\",\"datePublished\":\"2021-05-14T08:29:17+00:00\",\"dateModified\":\"2026-03-31T09:51:41+00:00\",\"description\":\"Acier d'armature \u00e0 haute r\u00e9sistance Top700 de classe de ductilit\u00e9 B. Convient aux exigences particuli\u00e8res. Une plus grande flexibilit\u00e9 gr\u00e2ce \u00e0 une r\u00e9sistance accrue.\",\"breadcrumb\":{\"@id\":\"https:\\\/\\\/bewehrungstechnik.ch\\\/fr\\\/product\\\/acier-darmature-a-resistance-accrue-top700\\\/#breadcrumb\"},\"inLanguage\":\"fr-FR\",\"potentialAction\":[{\"@type\":\"ReadAction\",\"target\":[\"https:\\\/\\\/bewehrungstechnik.ch\\\/fr\\\/product\\\/acier-darmature-a-resistance-accrue-top700\\\/\"]}]},{\"@type\":\"ImageObject\",\"inLanguage\":\"fr-FR\",\"@id\":\"https:\\\/\\\/bewehrungstechnik.ch\\\/fr\\\/product\\\/acier-darmature-a-resistance-accrue-top700\\\/#primaryimage\",\"url\":\"https:\\\/\\\/bewehrungstechnik.ch\\\/wp-content\\\/uploads\\\/2021\\\/05\\\/Top700-Foto-Stab.jpg\",\"contentUrl\":\"https:\\\/\\\/bewehrungstechnik.ch\\\/wp-content\\\/uploads\\\/2021\\\/05\\\/Top700-Foto-Stab.jpg\",\"width\":988,\"height\":805},{\"@type\":\"BreadcrumbList\",\"@id\":\"https:\\\/\\\/bewehrungstechnik.ch\\\/fr\\\/product\\\/acier-darmature-a-resistance-accrue-top700\\\/#breadcrumb\",\"itemListElement\":[{\"@type\":\"ListItem\",\"position\":1,\"name\":\"Home\",\"item\":\"https:\\\/\\\/bewehrungstechnik.ch\\\/fr\\\/\"},{\"@type\":\"ListItem\",\"position\":2,\"name\":\"Products\",\"item\":\"https:\\\/\\\/bewehrungstechnik.ch\\\/fr\\\/products\\\/\"},{\"@type\":\"ListItem\",\"position\":3,\"name\":\"Acier d\u2019armature \u00e0 r\u00e9sistance accrue Top700\"}]},{\"@type\":\"WebSite\",\"@id\":\"https:\\\/\\\/bewehrungstechnik.ch\\\/fr\\\/#website\",\"url\":\"https:\\\/\\\/bewehrungstechnik.ch\\\/fr\\\/\",\"name\":\"Bewehrungstechnik\",\"description\":\"Just another WordPress site\",\"publisher\":{\"@id\":\"https:\\\/\\\/bewehrungstechnik.ch\\\/fr\\\/#organization\"},\"potentialAction\":[{\"@type\":\"SearchAction\",\"target\":{\"@type\":\"EntryPoint\",\"urlTemplate\":\"https:\\\/\\\/bewehrungstechnik.ch\\\/fr\\\/?s={search_term_string}\"},\"query-input\":{\"@type\":\"PropertyValueSpecification\",\"valueRequired\":true,\"valueName\":\"search_term_string\"}}],\"inLanguage\":\"fr-FR\"},{\"@type\":\"Organization\",\"@id\":\"https:\\\/\\\/bewehrungstechnik.ch\\\/fr\\\/#organization\",\"name\":\"Bewehrungstechnik\",\"url\":\"https:\\\/\\\/bewehrungstechnik.ch\\\/fr\\\/\",\"logo\":{\"@type\":\"ImageObject\",\"inLanguage\":\"fr-FR\",\"@id\":\"https:\\\/\\\/bewehrungstechnik.ch\\\/fr\\\/#\\\/schema\\\/logo\\\/image\\\/\",\"url\":\"https:\\\/\\\/bewehrungstechnik.ch\\\/wp-content\\\/uploads\\\/2021\\\/03\\\/logo.svg\",\"contentUrl\":\"https:\\\/\\\/bewehrungstechnik.ch\\\/wp-content\\\/uploads\\\/2021\\\/03\\\/logo.svg\",\"width\":436,\"height\":436,\"caption\":\"Bewehrungstechnik\"},\"image\":{\"@id\":\"https:\\\/\\\/bewehrungstechnik.ch\\\/fr\\\/#\\\/schema\\\/logo\\\/image\\\/\"}}]}<\/script>\n<!-- \/ Yoast SEO plugin. -->","yoast_head_json":{"title":"Top 700 des aciers d'armature | Debrunner Acifer Armatures","description":"Acier d'armature \u00e0 haute r\u00e9sistance Top700 de classe de ductilit\u00e9 B. Convient aux exigences particuli\u00e8res. Une plus grande flexibilit\u00e9 gr\u00e2ce \u00e0 une r\u00e9sistance accrue.","robots":{"index":"index","follow":"follow","max-snippet":"max-snippet:-1","max-image-preview":"max-image-preview:large","max-video-preview":"max-video-preview:-1"},"canonical":"https:\/\/bewehrungstechnik.ch\/fr\/product\/acier-darmature-a-resistance-accrue-top700\/","og_locale":"fr_FR","og_type":"article","og_title":"Top 700 des aciers d'armature | Debrunner Acifer Armatures","og_description":"Acier d'armature \u00e0 haute r\u00e9sistance Top700 de classe de ductilit\u00e9 B. Convient aux exigences particuli\u00e8res. Une plus grande flexibilit\u00e9 gr\u00e2ce \u00e0 une r\u00e9sistance accrue.","og_url":"https:\/\/bewehrungstechnik.ch\/fr\/product\/acier-darmature-a-resistance-accrue-top700\/","og_site_name":"Bewehrungstechnik","article_modified_time":"2026-03-31T09:51:41+00:00","og_image":[{"width":988,"height":805,"url":"https:\/\/bewehrungstechnik.ch\/wp-content\/uploads\/2021\/05\/Top700-Foto-Stab.jpg","type":"image\/jpeg"}],"twitter_card":"summary_large_image","schema":{"@context":"https:\/\/schema.org","@graph":[{"@type":"WebPage","@id":"https:\/\/bewehrungstechnik.ch\/fr\/product\/acier-darmature-a-resistance-accrue-top700\/","url":"https:\/\/bewehrungstechnik.ch\/fr\/product\/acier-darmature-a-resistance-accrue-top700\/","name":"Top 700 des aciers d'armature | Debrunner Acifer Armatures","isPartOf":{"@id":"https:\/\/bewehrungstechnik.ch\/fr\/#website"},"primaryImageOfPage":{"@id":"https:\/\/bewehrungstechnik.ch\/fr\/product\/acier-darmature-a-resistance-accrue-top700\/#primaryimage"},"image":{"@id":"https:\/\/bewehrungstechnik.ch\/fr\/product\/acier-darmature-a-resistance-accrue-top700\/#primaryimage"},"thumbnailUrl":"https:\/\/bewehrungstechnik.ch\/wp-content\/uploads\/2021\/05\/Top700-Foto-Stab.jpg","datePublished":"2021-05-14T08:29:17+00:00","dateModified":"2026-03-31T09:51:41+00:00","description":"Acier d'armature \u00e0 haute r\u00e9sistance Top700 de classe de ductilit\u00e9 B. Convient aux exigences particuli\u00e8res. Une plus grande flexibilit\u00e9 gr\u00e2ce \u00e0 une r\u00e9sistance accrue.","breadcrumb":{"@id":"https:\/\/bewehrungstechnik.ch\/fr\/product\/acier-darmature-a-resistance-accrue-top700\/#breadcrumb"},"inLanguage":"fr-FR","potentialAction":[{"@type":"ReadAction","target":["https:\/\/bewehrungstechnik.ch\/fr\/product\/acier-darmature-a-resistance-accrue-top700\/"]}]},{"@type":"ImageObject","inLanguage":"fr-FR","@id":"https:\/\/bewehrungstechnik.ch\/fr\/product\/acier-darmature-a-resistance-accrue-top700\/#primaryimage","url":"https:\/\/bewehrungstechnik.ch\/wp-content\/uploads\/2021\/05\/Top700-Foto-Stab.jpg","contentUrl":"https:\/\/bewehrungstechnik.ch\/wp-content\/uploads\/2021\/05\/Top700-Foto-Stab.jpg","width":988,"height":805},{"@type":"BreadcrumbList","@id":"https:\/\/bewehrungstechnik.ch\/fr\/product\/acier-darmature-a-resistance-accrue-top700\/#breadcrumb","itemListElement":[{"@type":"ListItem","position":1,"name":"Home","item":"https:\/\/bewehrungstechnik.ch\/fr\/"},{"@type":"ListItem","position":2,"name":"Products","item":"https:\/\/bewehrungstechnik.ch\/fr\/products\/"},{"@type":"ListItem","position":3,"name":"Acier d\u2019armature \u00e0 r\u00e9sistance accrue Top700"}]},{"@type":"WebSite","@id":"https:\/\/bewehrungstechnik.ch\/fr\/#website","url":"https:\/\/bewehrungstechnik.ch\/fr\/","name":"Bewehrungstechnik","description":"Just another WordPress site","publisher":{"@id":"https:\/\/bewehrungstechnik.ch\/fr\/#organization"},"potentialAction":[{"@type":"SearchAction","target":{"@type":"EntryPoint","urlTemplate":"https:\/\/bewehrungstechnik.ch\/fr\/?s={search_term_string}"},"query-input":{"@type":"PropertyValueSpecification","valueRequired":true,"valueName":"search_term_string"}}],"inLanguage":"fr-FR"},{"@type":"Organization","@id":"https:\/\/bewehrungstechnik.ch\/fr\/#organization","name":"Bewehrungstechnik","url":"https:\/\/bewehrungstechnik.ch\/fr\/","logo":{"@type":"ImageObject","inLanguage":"fr-FR","@id":"https:\/\/bewehrungstechnik.ch\/fr\/#\/schema\/logo\/image\/","url":"https:\/\/bewehrungstechnik.ch\/wp-content\/uploads\/2021\/03\/logo.svg","contentUrl":"https:\/\/bewehrungstechnik.ch\/wp-content\/uploads\/2021\/03\/logo.svg","width":436,"height":436,"caption":"Bewehrungstechnik"},"image":{"@id":"https:\/\/bewehrungstechnik.ch\/fr\/#\/schema\/logo\/image\/"}}]}},"deac_custom_fields":{"product":{"brand":"Top700","name":"Acier d\u2019armature \u00e0 r\u00e9sistance accrue"},"highlight_box":{"title":"Pour des exigences particuli\u00e8res","subtitle":"Plus de flexibilit\u00e9 gr\u00e2ce \u00e0 une plus haute r\u00e9sistance de l\u2019acier","text":"<ul>\n<li>Acier d\u2019armature \u00e0 r\u00e9sistance accrue de la classe de ductilit\u00e9 B<\/li>\n<li>Limite d\u2019\u00e9coulement fsk = 700 N\/mm2<\/li>\n<li>Pour des parties d\u2019ouvrage \u00e0 haute teneur en armature<\/li>\n<li>Permet des constructions plus \u00e9lanc\u00e9es et de ce fait plus d\u2019espace utile<\/li>\n<li>R\u00e9duit la quantit\u00e9 de travail et le temps requis sur le chantier ou dans la pr\u00e9fabrication<\/li>\n<\/ul>\n","media_type":"image","image":{"medium":"<img width=\"300\" height=\"244\" src=\"https:\/\/bewehrungstechnik.ch\/wp-content\/uploads\/2021\/05\/Top700-Foto-Stab-300x244.jpg\" class=\"%s\" alt=\"\" decoding=\"async\" loading=\"lazy\" srcset=\"https:\/\/bewehrungstechnik.ch\/wp-content\/uploads\/2021\/05\/Top700-Foto-Stab-300x244.jpg 300w, https:\/\/bewehrungstechnik.ch\/wp-content\/uploads\/2021\/05\/Top700-Foto-Stab-768x626.jpg 768w, https:\/\/bewehrungstechnik.ch\/wp-content\/uploads\/2021\/05\/Top700-Foto-Stab-436x355.jpg 436w, https:\/\/bewehrungstechnik.ch\/wp-content\/uploads\/2021\/05\/Top700-Foto-Stab-550x448.jpg 550w, https:\/\/bewehrungstechnik.ch\/wp-content\/uploads\/2021\/05\/Top700-Foto-Stab.jpg 988w\" sizes=\"auto, (max-width: 300px) 100vw, 300px\" \/>","medium_large":"<img width=\"768\" height=\"626\" src=\"https:\/\/bewehrungstechnik.ch\/wp-content\/uploads\/2021\/05\/Top700-Foto-Stab-768x626.jpg\" class=\"%s\" alt=\"\" decoding=\"async\" loading=\"lazy\" srcset=\"https:\/\/bewehrungstechnik.ch\/wp-content\/uploads\/2021\/05\/Top700-Foto-Stab-768x626.jpg 768w, https:\/\/bewehrungstechnik.ch\/wp-content\/uploads\/2021\/05\/Top700-Foto-Stab-300x244.jpg 300w, https:\/\/bewehrungstechnik.ch\/wp-content\/uploads\/2021\/05\/Top700-Foto-Stab-436x355.jpg 436w, https:\/\/bewehrungstechnik.ch\/wp-content\/uploads\/2021\/05\/Top700-Foto-Stab-550x448.jpg 550w, https:\/\/bewehrungstechnik.ch\/wp-content\/uploads\/2021\/05\/Top700-Foto-Stab.jpg 988w\" sizes=\"auto, (max-width: 768px) 100vw, 768px\" \/>","large":"<img width=\"988\" height=\"805\" src=\"https:\/\/bewehrungstechnik.ch\/wp-content\/uploads\/2021\/05\/Top700-Foto-Stab.jpg\" class=\"%s\" alt=\"\" decoding=\"async\" loading=\"lazy\" srcset=\"https:\/\/bewehrungstechnik.ch\/wp-content\/uploads\/2021\/05\/Top700-Foto-Stab.jpg 988w, https:\/\/bewehrungstechnik.ch\/wp-content\/uploads\/2021\/05\/Top700-Foto-Stab-300x244.jpg 300w, https:\/\/bewehrungstechnik.ch\/wp-content\/uploads\/2021\/05\/Top700-Foto-Stab-768x626.jpg 768w, https:\/\/bewehrungstechnik.ch\/wp-content\/uploads\/2021\/05\/Top700-Foto-Stab-436x355.jpg 436w, https:\/\/bewehrungstechnik.ch\/wp-content\/uploads\/2021\/05\/Top700-Foto-Stab-550x448.jpg 550w\" sizes=\"auto, (max-width: 988px) 100vw, 988px\" \/>","full":"<img width=\"988\" height=\"805\" src=\"https:\/\/bewehrungstechnik.ch\/wp-content\/uploads\/2021\/05\/Top700-Foto-Stab.jpg\" class=\"%s\" alt=\"\" decoding=\"async\" loading=\"lazy\" srcset=\"https:\/\/bewehrungstechnik.ch\/wp-content\/uploads\/2021\/05\/Top700-Foto-Stab.jpg 988w, https:\/\/bewehrungstechnik.ch\/wp-content\/uploads\/2021\/05\/Top700-Foto-Stab-300x244.jpg 300w, https:\/\/bewehrungstechnik.ch\/wp-content\/uploads\/2021\/05\/Top700-Foto-Stab-768x626.jpg 768w, https:\/\/bewehrungstechnik.ch\/wp-content\/uploads\/2021\/05\/Top700-Foto-Stab-436x355.jpg 436w, https:\/\/bewehrungstechnik.ch\/wp-content\/uploads\/2021\/05\/Top700-Foto-Stab-550x448.jpg 550w\" sizes=\"auto, (max-width: 988px) 100vw, 988px\" \/>"},"video_list":false},"downloads":[2649,2297,2546,2598,3041,2321,3063,3149,3157,4111,6123,2493],"description":[{"title":"Ouvrages arm\u00e9s et fortement sollicit\u00e9s avec haute teneur en acier d\u2019armature","text":"<p>L\u2019acier d\u2019armature Top700 est un acier \u00e0 haute r\u00e9sistance avec une limite d\u2019\u00e9coulement fsk d\u2019au moins 700 N\/mm2. Comparativement \u00e0 un acier d\u2019armature traditionnel B500B, lors de dimensionnement avec l\u2019acier Top700, avec les m\u00eames caract\u00e9ristiques de ductilit\u00e9, il peut \u00eatre tenu compte d\u2019une limite d\u2019\u00e9coulement plus \u00e9lev\u00e9e de 40%. La section d\u2019acier n\u00e9cessaire, et ainsi la quantit\u00e9 d\u2019acier, peuvent \u00eatre r\u00e9duits, les parties d\u2019ouvrages sont d\u00e9finissables plus minces et sur les chantiers, la mise en place et le vibrage du b\u00e9ton sont simplifi\u00e9s<\/p>\n"},{"title":"Utilisations","text":"<p>L&#8217;emploi d\u2019acier Top700 est recommand\u00e9 dans les cas suivants :<\/p>\n<ul>\n<li>ouvrages arm\u00e9s et fortement sollicit\u00e9s avec une haute teneur en acier d\u2019armature (colonnes, m\u00e2ts, poutres, tirants, pieux)<\/li>\n<li>parties d\u2019ouvrages o\u00f9 la teneur en acier d\u2019armature doit \u00eatre r\u00e9duite<\/li>\n<li>parties d\u2019ouvrages esth\u00e9tiques, minces, qui seraient fortement sollicit\u00e9es<\/li>\n<li>comme armature compl\u00e9mentaire lors de pr\u00e9contrainte partielle afin d\u2019\u00e9viter des probl\u00e8mes de place<\/li>\n<li>avec l\u2019utilisation de moins d\u2019acier mais \u00e0 plus haute r\u00e9sistance, le rapport de place pour le vibrage du b\u00e9ton est am\u00e9lior\u00e9<\/li>\n<\/ul>\n"},{"title":"Norme","text":"<p>L\u2019acier d\u2019armature Top700 est inscrit au registre des aciers d\u2019armature conforme selon SIA 262: 2013.<\/p>\n"},{"title":"BARTEC\u00ae TOP","text":"<p>Les liaisons d\u2019armature par filetage BARTEC\u00ae peuvent aussi \u00eatre livr\u00e9s avec l\u2019acier \u00e0 r\u00e9sistance accrue Top700. Toutes les liaisons ont \u00e9t\u00e9 test\u00e9es avec succ\u00e8s \u00e0 l\u2019EMPA et sont certifi\u00e9es.<\/p>\n"}]},"deac_featured_media":{"medium":"<img width=\"300\" height=\"244\" src=\"https:\/\/bewehrungstechnik.ch\/wp-content\/uploads\/2021\/05\/Top700-Foto-Stab-300x244.jpg\" class=\"%s\" alt=\"\" decoding=\"async\" loading=\"lazy\" srcset=\"https:\/\/bewehrungstechnik.ch\/wp-content\/uploads\/2021\/05\/Top700-Foto-Stab-300x244.jpg 300w, https:\/\/bewehrungstechnik.ch\/wp-content\/uploads\/2021\/05\/Top700-Foto-Stab-768x626.jpg 768w, https:\/\/bewehrungstechnik.ch\/wp-content\/uploads\/2021\/05\/Top700-Foto-Stab-436x355.jpg 436w, https:\/\/bewehrungstechnik.ch\/wp-content\/uploads\/2021\/05\/Top700-Foto-Stab-550x448.jpg 550w, https:\/\/bewehrungstechnik.ch\/wp-content\/uploads\/2021\/05\/Top700-Foto-Stab.jpg 988w\" sizes=\"auto, (max-width: 300px) 100vw, 300px\" \/>","medium_large":"<img width=\"768\" height=\"626\" src=\"https:\/\/bewehrungstechnik.ch\/wp-content\/uploads\/2021\/05\/Top700-Foto-Stab-768x626.jpg\" class=\"%s\" alt=\"\" decoding=\"async\" loading=\"lazy\" srcset=\"https:\/\/bewehrungstechnik.ch\/wp-content\/uploads\/2021\/05\/Top700-Foto-Stab-768x626.jpg 768w, https:\/\/bewehrungstechnik.ch\/wp-content\/uploads\/2021\/05\/Top700-Foto-Stab-300x244.jpg 300w, https:\/\/bewehrungstechnik.ch\/wp-content\/uploads\/2021\/05\/Top700-Foto-Stab-436x355.jpg 436w, https:\/\/bewehrungstechnik.ch\/wp-content\/uploads\/2021\/05\/Top700-Foto-Stab-550x448.jpg 550w, https:\/\/bewehrungstechnik.ch\/wp-content\/uploads\/2021\/05\/Top700-Foto-Stab.jpg 988w\" sizes=\"auto, (max-width: 768px) 100vw, 768px\" \/>","large":"<img width=\"988\" height=\"805\" src=\"https:\/\/bewehrungstechnik.ch\/wp-content\/uploads\/2021\/05\/Top700-Foto-Stab.jpg\" class=\"%s\" alt=\"\" decoding=\"async\" loading=\"lazy\" srcset=\"https:\/\/bewehrungstechnik.ch\/wp-content\/uploads\/2021\/05\/Top700-Foto-Stab.jpg 988w, https:\/\/bewehrungstechnik.ch\/wp-content\/uploads\/2021\/05\/Top700-Foto-Stab-300x244.jpg 300w, https:\/\/bewehrungstechnik.ch\/wp-content\/uploads\/2021\/05\/Top700-Foto-Stab-768x626.jpg 768w, https:\/\/bewehrungstechnik.ch\/wp-content\/uploads\/2021\/05\/Top700-Foto-Stab-436x355.jpg 436w, https:\/\/bewehrungstechnik.ch\/wp-content\/uploads\/2021\/05\/Top700-Foto-Stab-550x448.jpg 550w\" sizes=\"auto, (max-width: 988px) 100vw, 988px\" \/>","full":"<img width=\"988\" height=\"805\" src=\"https:\/\/bewehrungstechnik.ch\/wp-content\/uploads\/2021\/05\/Top700-Foto-Stab.jpg\" class=\"%s\" alt=\"\" decoding=\"async\" loading=\"lazy\" srcset=\"https:\/\/bewehrungstechnik.ch\/wp-content\/uploads\/2021\/05\/Top700-Foto-Stab.jpg 988w, https:\/\/bewehrungstechnik.ch\/wp-content\/uploads\/2021\/05\/Top700-Foto-Stab-300x244.jpg 300w, https:\/\/bewehrungstechnik.ch\/wp-content\/uploads\/2021\/05\/Top700-Foto-Stab-768x626.jpg 768w, https:\/\/bewehrungstechnik.ch\/wp-content\/uploads\/2021\/05\/Top700-Foto-Stab-436x355.jpg 436w, https:\/\/bewehrungstechnik.ch\/wp-content\/uploads\/2021\/05\/Top700-Foto-Stab-550x448.jpg 550w\" sizes=\"auto, (max-width: 988px) 100vw, 988px\" \/>"},"_links":{"self":[{"href":"https:\/\/bewehrungstechnik.ch\/fr\/wp-json\/wp\/v2\/product\/2101","targetHints":{"allow":["GET"]}}],"collection":[{"href":"https:\/\/bewehrungstechnik.ch\/fr\/wp-json\/wp\/v2\/product"}],"about":[{"href":"https:\/\/bewehrungstechnik.ch\/fr\/wp-json\/wp\/v2\/types\/product"}],"wp:featuredmedia":[{"embeddable":true,"href":"https:\/\/bewehrungstechnik.ch\/fr\/wp-json\/wp\/v2\/media\/3000"}],"wp:attachment":[{"href":"https:\/\/bewehrungstechnik.ch\/fr\/wp-json\/wp\/v2\/media?parent=2101"}],"wp:term":[{"taxonomy":"product_category","embeddable":true,"href":"https:\/\/bewehrungstechnik.ch\/fr\/wp-json\/wp\/v2\/product_category?post=2101"}],"curies":[{"name":"wp","href":"https:\/\/api.w.org\/{rel}","templated":true}]}}